{"id":3913,"date":"2004-05-21T09:10:57","date_gmt":"2004-05-21T08:10:57","guid":{"rendered":"http:\/\/vhrc.fr\/?page_id=3913"},"modified":"2025-07-08T09:22:52","modified_gmt":"2025-07-08T08:22:52","slug":"2004-m5-le-luc","status":"publish","type":"page","link":"https:\/\/vhrc.fr\/en\/historique\/vhrc-lhistorique\/2004-vhr\/2004-m5-le-luc\/","title":{"rendered":"2004 M5 Le Luc"},"content":{"rendered":"<h1>Article du <a href=\"http:\/\/www.comptetours.com\/archives2004\/html\/le_luc_2004.html\">site de Patrick Aubort<\/a><\/h1>\n<h1><a href=\"http:\/\/vhrc.fr\/wp-content\/uploads\/2013\/05\/Le_Luc_2004_004.jpg\"><img loading=\"lazy\" decoding=\"async\" class=\"alignnone size-full wp-image-3907\" src=\"http:\/\/vhrc.fr\/wp-content\/uploads\/2013\/05\/Le_Luc_2004_004.jpg\" alt=\"Le_Luc_2004_004\" width=\"640\" height=\"480\" srcset=\"https:\/\/vhrc.fr\/wp-content\/uploads\/2013\/05\/Le_Luc_2004_004.jpg 640w, https:\/\/vhrc.fr\/wp-content\/uploads\/2013\/05\/Le_Luc_2004_004-500x375.jpg 500w\" sizes=\"auto, (max-width: 640px) 100vw, 640px\" \/><\/a> <a href=\"http:\/\/vhrc.fr\/wp-content\/uploads\/2013\/05\/Le_Luc_2004_005.jpg\"><img loading=\"lazy\" decoding=\"async\" class=\"alignnone size-full wp-image-3908\" src=\"http:\/\/vhrc.fr\/wp-content\/uploads\/2013\/05\/Le_Luc_2004_005.jpg\" alt=\"Le_Luc_2004_005\" width=\"640\" height=\"480\" srcset=\"https:\/\/vhrc.fr\/wp-content\/uploads\/2013\/05\/Le_Luc_2004_005.jpg 640w, https:\/\/vhrc.fr\/wp-content\/uploads\/2013\/05\/Le_Luc_2004_005-500x375.jpg 500w\" sizes=\"auto, (max-width: 640px) 100vw, 640px\" \/><\/a> <a href=\"http:\/\/vhrc.fr\/wp-content\/uploads\/2013\/05\/Le_Luc_2004_006.jpg\"><img loading=\"lazy\" decoding=\"async\" class=\"alignnone size-full wp-image-3909\" src=\"http:\/\/vhrc.fr\/wp-content\/uploads\/2013\/05\/Le_Luc_2004_006.jpg\" alt=\"Le_Luc_2004_006\" width=\"640\" height=\"480\" srcset=\"https:\/\/vhrc.fr\/wp-content\/uploads\/2013\/05\/Le_Luc_2004_006.jpg 640w, https:\/\/vhrc.fr\/wp-content\/uploads\/2013\/05\/Le_Luc_2004_006-500x375.jpg 500w\" sizes=\"auto, (max-width: 640px) 100vw, 640px\" \/><\/a> <a href=\"http:\/\/vhrc.fr\/wp-content\/uploads\/2013\/05\/Le_Luc_2004_007.jpg\"><img loading=\"lazy\" decoding=\"async\" class=\"alignnone size-full wp-image-3910\" src=\"http:\/\/vhrc.fr\/wp-content\/uploads\/2013\/05\/Le_Luc_2004_007.jpg\" alt=\"Le_Luc_2004_007\" width=\"640\" height=\"480\" srcset=\"https:\/\/vhrc.fr\/wp-content\/uploads\/2013\/05\/Le_Luc_2004_007.jpg 640w, https:\/\/vhrc.fr\/wp-content\/uploads\/2013\/05\/Le_Luc_2004_007-500x375.jpg 500w\" sizes=\"auto, (max-width: 640px) 100vw, 640px\" \/><\/a> <a href=\"http:\/\/vhrc.fr\/wp-content\/uploads\/2013\/05\/vhr_Le_Luc_2004_001.jpg\"><img loading=\"lazy\" decoding=\"async\" class=\"alignnone size-full wp-image-3911\" src=\"http:\/\/vhrc.fr\/wp-content\/uploads\/2013\/05\/vhr_Le_Luc_2004_001.jpg\" alt=\"vhr_Le_Luc_2004_001\" width=\"640\" height=\"480\" srcset=\"https:\/\/vhrc.fr\/wp-content\/uploads\/2013\/05\/vhr_Le_Luc_2004_001.jpg 640w, https:\/\/vhrc.fr\/wp-content\/uploads\/2013\/05\/vhr_Le_Luc_2004_001-500x375.jpg 500w\" sizes=\"auto, (max-width: 640px) 100vw, 640px\" \/><\/a><\/h1>\n<h2>5 \u00e8me manche du V H R : le Luc<\/h2>\n<h2>Compte rendu pour Compte-Tours Fred Vassas<\/h2>\n<p>&nbsp;<\/p>\n<h3>Paddock:<\/h3>\n<p>notre ami Patrick, toujours \u00e0 la pointe de l\u2019innovation, nous arrive avec une nouvelle auto, surmont\u00e9e d\u2019une magnifique carrosserie de vertigo jaune et noire du plus belle effet.<\/p>\n<p>&nbsp;<\/p>\n<h3>Qualifs:<\/h3>\n<p>Les qualifs se sont av\u00e9r\u00e9es laborieuses pour tous le monde, \u00e0 la recherche de l\u2019accroche, il faut dire qu\u2019avec le vent la piste est pleine de sable et de poussi\u00e8re que nous ramasserons dans nos dans nos m\u00e9caniques au fur et \u00e0 mesure des passages.<\/p>\n<p>Le grip viendra un peu avec la chaleur et la piste ainsi nettoy\u00e9 par le passage de tout le monde.Patrick aura \u00e9norm\u00e9ment de mal \u00e0 trouver de l\u2019accroche , il faut dire qu\u2019il passe plus de temps \u00e0 filmer et \u00e0 blaguer qu\u2019\u00e0 r\u00e9gler son auto.<\/p>\n<p>P\u00f4le position pour Hadrien 2 \u00e8me place pour Alexis, 3 \u00e8me Christophe Delabasse 4\u00e8me Luc.<\/p>\n<p>5 \u00e8me Fred 6 \u00e8me Giaramitta 7 \u00e8me Wilfrid Lhermite 8 \u00e8me Denis Barrat 9 \u00e8me Patrick<\/p>\n<p>&nbsp;<\/p>\n<h3>Finales:<\/h3>\n<h4>Premi\u00e8re finale<\/h4>\n<p>d\u00e9part un peu chaotique semble t\u2019il car j\u2019\u00e9tais 5\u00e8me sur la grille et apr\u00e8s le premier virage je me trouve second derri\u00e8re un pilote du Luc, quelques tours comme \u00e7a, dans l\u2019\u00e9chappement du premier pr\u00eat \u00e0 le d\u00e9border \u00e0 la premi\u00e8re occasion derri\u00e8re je sens que cela remonte et il me tarde de passer devant et au moment ou je pensais avoir l\u2019occasion un pilote du Luc (j\u2019ignore lequel et peu importe)prend un virage un peu large et me percute de face, r\u00e9sultats accus d\u00e9branch\u00e9, je repars d\u00e9pass\u00e9 par tout le monde Patrick abandonnera rapidement, son moteur ne fait que caler.En t\u00eate \u00e7a bagarre dur Je ne connais pas le classement \u00e0 l\u2019issu de cette premi\u00e8re finale.Fin de la premi\u00e8re finale.<\/p>\n<h4>Deuxi\u00e8me finale<\/h4>\n<p>Tout le monde reste en grille refait le plein, contr\u00f4le et se pr\u00e9pare au deuxi\u00e8me d\u00e9part ayant d\u00e9raill\u00e9 avant la fin de la premi\u00e8re finale je me remet en grille mais manque de bol encore, l\u2019embrayage colle je demande au comptage de partir avec les roues arri\u00e8res maintenues en l\u2019air par Patrick, c\u2019est ok, deuxi\u00e8me d\u00e9part, pas de probl\u00e8me, la bagarre continue entre Hadrien et Alexis. Luc se trouvant derri\u00e8re pas trop loin \u00e0 deux tours. Malgr\u00e9 mon embrayage coll\u00e9 je r\u00e9ussi \u00e0 maintenir la venturi et m\u00eame \u00e0 remonter sur Luc, malheureusement un incident de course m\u2019immobilisera m\u2019emp\u00eachant de continuer ma remont\u00e9e. La course continue avec des fortunes divers surtout pour les pilotes du Luc qui auront du mal \u00e0 finir, au final Hadrien 1 er avec quelques poign\u00e9es de seconde devant Alexis et \u00e0 trois tours de Luc.<\/p>\n<h3>En conclusion<\/h3>\n<p>belle journ\u00e9e, propice aux coups de soleil, avec des sensations des bagarres, de la casse. et tout le monde rentre \u00e0 la maison avec ses souvenirs<\/p>","protected":false},"excerpt":{"rendered":"<p>Article du site de Patrick Aubort 5 \u00e8me manche du V H R : le Luc Compte rendu pour Compte-Tours<\/p>","protected":false},"author":5,"featured_media":3908,"parent":3914,"menu_order":0,"comment_status":"closed","ping_status":"closed","template":"","meta":{"colormag_page_container_layout":"default_layout","colormag_page_sidebar_layout":"default_layout","footnotes":""},"class_list":["post-3913","page","type-page","status-publish","has-post-thumbnail","hentry"],"_links":{"self":[{"href":"https:\/\/vhrc.fr\/en\/wp-json\/wp\/v2\/pages\/3913","targetHints":{"allow":["GET"]}}],"collection":[{"href":"https:\/\/vhrc.fr\/en\/wp-json\/wp\/v2\/pages"}],"about":[{"href":"https:\/\/vhrc.fr\/en\/wp-json\/wp\/v2\/types\/page"}],"author":[{"embeddable":true,"href":"https:\/\/vhrc.fr\/en\/wp-json\/wp\/v2\/users\/5"}],"replies":[{"embeddable":true,"href":"https:\/\/vhrc.fr\/en\/wp-json\/wp\/v2\/comments?post=3913"}],"version-history":[{"count":4,"href":"https:\/\/vhrc.fr\/en\/wp-json\/wp\/v2\/pages\/3913\/revisions"}],"predecessor-version":[{"id":8367,"href":"https:\/\/vhrc.fr\/en\/wp-json\/wp\/v2\/pages\/3913\/revisions\/8367"}],"up":[{"embeddable":true,"href":"https:\/\/vhrc.fr\/en\/wp-json\/wp\/v2\/pages\/3914"}],"wp:featuredmedia":[{"embeddable":true,"href":"https:\/\/vhrc.fr\/en\/wp-json\/wp\/v2\/media\/3908"}],"wp:attachment":[{"href":"https:\/\/vhrc.fr\/en\/wp-json\/wp\/v2\/media?parent=3913"}],"curies":[{"name":"wp","href":"https:\/\/api.w.org\/{rel}","templated":true}]}}