{"id":3928,"date":"2013-05-21T09:31:00","date_gmt":"2013-05-21T08:31:00","guid":{"rendered":"http:\/\/vhrc.fr\/?page_id=3928"},"modified":"2025-07-08T09:22:17","modified_gmt":"2025-07-08T08:22:17","slug":"2003-villeneuve-les-avignon","status":"publish","type":"page","link":"https:\/\/vhrc.fr\/en\/historique\/vhrc-lhistorique\/2003-vhr\/2003-villeneuve-les-avignon\/","title":{"rendered":"2003 M5 Villeneuve les Avignon"},"content":{"rendered":"<h1>Compte rendu 5\u00e8me manche du challenge du V.H.R 1\/4<\/h1>\n<figure id=\"attachment_5705\" aria-describedby=\"caption-attachment-5705\" style=\"width: 269px\" class=\"wp-caption alignnone\"><img loading=\"lazy\" decoding=\"async\" class=\"size-full wp-image-5705\" src=\"http:\/\/vhrc.fr\/wp-content\/uploads\/2013\/05\/a_DSCN1661.jpg\" alt=\"pilotes villeneuve 2003\" width=\"269\" height=\"198\" \/><figcaption id=\"caption-attachment-5705\" class=\"wp-caption-text\">pilotes villeneuve 2003<\/figcaption><\/figure>\n<p>Le 25 mai 2003 pour son 14\u00e8me grand prix le club Villeneuv\u2019Models accueillait la 5\u00e8me manche du V.H.R. Quelques pilotes du V.H.R ainsi que des pilotes 1\/5 se sont retrouv\u00e9s d\u00e8s le samedi apr\u00e8s midi pour prendre le ton de la piste et effectuer les premiers r\u00e9glages. Quelques difficult\u00e9s sont alors apparus \u00e0 cause de la mauvaise tenu du rev\u00eatement utilis\u00e9 pour rafistoler la piste&#8230;Mais bon c\u2019est pareil pour tout le monde et l\u2019organisation minimisera le ph\u00e9nom\u00e8ne en aspirant le sable puis en soufflant la piste, cela n\u2019\u00e9tais pas parfait mais c\u2019\u00e9tait roulable.<br \/>\nLe soir quelques pilotes accompagn\u00e9s de leurs \u00e9pouses, enfants, chien&#8230; partag\u00e8rent un repas pizzas sur la place du March\u00e9 avec notre amis Suisse Patrick qui d\u00e9cidera de rester coucher dans la caravane de comptage.<\/p>\n<figure id=\"attachment_5708\" aria-describedby=\"caption-attachment-5708\" style=\"width: 448px\" class=\"wp-caption alignnone\"><img loading=\"lazy\" decoding=\"async\" class=\"size-full wp-image-5708\" src=\"http:\/\/vhrc.fr\/wp-content\/uploads\/2013\/05\/Photo_002.jpg\" alt=\"patrick aubort 2003\" width=\"448\" height=\"336\" \/><figcaption id=\"caption-attachment-5708\" class=\"wp-caption-text\">patrick aubort 2003<\/figcaption><\/figure>\n<h2>Le dimanche matin,<\/h2>\n<h2>vid\u00e9o<\/h2>\n<p><iframe loading=\"lazy\" src=\"https:\/\/www.dailymotion.com\/embed\/video\/x9016y\" width=\"480\" height=\"270\" frameborder=\"0\" allowfullscreen=\"allowfullscreen\"><\/iframe><br \/>\n<a href=\"https:\/\/dai.ly\/x9016y\">dailymotion<\/a><\/p>\n<p>trois qualifs de 10 min et une de 5 min, \u00e0 l\u2019issu de ces qualifs: la p\u00f4le pour Brice, suivi de Hadrien, Patrick James, J\u00e9rome, Johan, Fred, Patrick Aubort et G\u00e9rard.<\/p>\n<h2>Les Finales de l\u2019apr\u00e8s midi.<\/h2>\n<p>Au programme deux finales de 15 minutes s\u00e9par\u00e9s par la finale des 1\/5 promo.<\/p>\n<h3>Premi\u00e8re finale,<\/h3>\n<p>belle bagarre, Brice Hadrien, casse pour Fred au bout de 7 tours, J\u00e9r\u00f4me abandonnera lui aussi encore plus t\u00f4t victimes de top radio qui lui faisait craindre une perte de l\u2019auto et \u00e0 donc pr\u00e9f\u00e9r\u00e9 s\u2019arr\u00eater avant la casse r\u00e9sultats de la premi\u00e8re finales: Brice devant Hadrien.<\/p>\n<h3>Deuxi\u00e8me finale,<\/h3>\n<figure id=\"attachment_5706\" aria-describedby=\"caption-attachment-5706\" style=\"width: 173px\" class=\"wp-caption alignnone\"><img loading=\"lazy\" decoding=\"async\" class=\"size-full wp-image-5706\" src=\"http:\/\/vhrc.fr\/wp-content\/uploads\/2013\/05\/a_Photo_106.jpg\" alt=\"fred vassas 2003 VlA\" width=\"173\" height=\"135\" \/><figcaption id=\"caption-attachment-5706\" class=\"wp-caption-text\">fred vassas 2003 VlA<\/figcaption><\/figure>\n<figure id=\"attachment_5707\" aria-describedby=\"caption-attachment-5707\" style=\"width: 169px\" class=\"wp-caption alignnone\"><img loading=\"lazy\" decoding=\"async\" class=\"size-full wp-image-5707\" src=\"http:\/\/vhrc.fr\/wp-content\/uploads\/2013\/05\/a_Photo_107.jpg\" alt=\"luc 2003\" width=\"169\" height=\"113\" \/><figcaption id=\"caption-attachment-5707\" class=\"wp-caption-text\">luc 2003<\/figcaption><\/figure>\n<figure id=\"attachment_5711\" aria-describedby=\"caption-attachment-5711\" style=\"width: 448px\" class=\"wp-caption alignnone\"><img loading=\"lazy\" decoding=\"async\" class=\"size-full wp-image-5711\" src=\"http:\/\/vhrc.fr\/wp-content\/uploads\/2013\/05\/Photo_041.jpg\" alt=\"fred vassas\" width=\"448\" height=\"336\" \/><figcaption id=\"caption-attachment-5711\" class=\"wp-caption-text\">fred vassas<\/figcaption><\/figure>\n<p>toujours en bagarre au m\u00eame niveau mais qui tourne \u00e0 l\u2019avantage de Brice, Hadrien oblig\u00e9 de lever le pied pour probl\u00e8mes de suspension, apr\u00e8s rapide r\u00e9paration avec Emile son m\u00e9cano il pourra reprendre la piste, G\u00e9rard qui \u00e9trennait sa magnifique carrosserie de Porche alu flambant neuve, n\u2019a pu malheureusement pas terminer \u00e0 cause lui aussi de top radio, peu de probl\u00e8mes pour Johan bien entour\u00e9 lui aussi par une \u201c armada de m\u00e9cano\u201d en revanche la deuxi\u00e8me place est plus incertaine entre Patrick Jammes et Fr\u00e9d\u00e9ric, en effet ils seront dans le m\u00eame tour jusqu\u2019\u00e0 un tour de l\u2019arriv\u00e9e et c\u2019est Patrick qui empochera la deuxi\u00e8me place.<br \/>\nQuand \u00e0 notre ami Patrick Aubort venu de si loin, sans faire de bruit, toujours aussi correct sur la piste et dans les stands, assurera tranquillement mais s\u00fbrement son deuxi\u00e8me podium en deux manches, f\u00e9licitations.<\/p>\n<h2>Au r\u00e9sultat cumul\u00e9 des deux finales<\/h2>\n<p>c\u2019est Brice qui l\u2019emporte devant Hadrien et Patrick Aubort pour le podium, Patrick Jammes, Johan, Fr\u00e9d\u00e9ric, G\u00e9rard, J\u00e9r\u00f4me<\/p>\n<figure id=\"attachment_5709\" aria-describedby=\"caption-attachment-5709\" style=\"width: 336px\" class=\"wp-caption alignnone\"><img loading=\"lazy\" decoding=\"async\" class=\"size-full wp-image-5709\" src=\"http:\/\/vhrc.fr\/wp-content\/uploads\/2013\/05\/Photo_005.jpg\" alt=\"podium villeneuve 2003\" width=\"336\" height=\"448\" \/><figcaption id=\"caption-attachment-5709\" class=\"wp-caption-text\">podium villeneuve 2003<\/figcaption><\/figure>\n<figure id=\"attachment_5710\" aria-describedby=\"caption-attachment-5710\" style=\"width: 336px\" class=\"wp-caption alignnone\"><img loading=\"lazy\" decoding=\"async\" class=\"size-full wp-image-5710\" src=\"http:\/\/vhrc.fr\/wp-content\/uploads\/2013\/05\/Photo_006.jpg\" alt=\"podium villeneuve 2003\" width=\"336\" height=\"448\" \/><figcaption id=\"caption-attachment-5710\" class=\"wp-caption-text\">podium villeneuve 2003<\/figcaption><\/figure>","protected":false},"excerpt":{"rendered":"<p>Compte rendu 5\u00e8me manche du challenge du V.H.R 1\/4 Le 25 mai 2003 pour son 14\u00e8me grand prix le club<\/p>","protected":false},"author":5,"featured_media":5710,"parent":2153,"menu_order":0,"comment_status":"closed","ping_status":"closed","template":"","meta":{"colormag_page_container_layout":"default_layout","colormag_page_sidebar_layout":"default_layout","footnotes":""},"class_list":["post-3928","page","type-page","status-publish","has-post-thumbnail","hentry"],"_links":{"self":[{"href":"https:\/\/vhrc.fr\/en\/wp-json\/wp\/v2\/pages\/3928","targetHints":{"allow":["GET"]}}],"collection":[{"href":"https:\/\/vhrc.fr\/en\/wp-json\/wp\/v2\/pages"}],"about":[{"href":"https:\/\/vhrc.fr\/en\/wp-json\/wp\/v2\/types\/page"}],"author":[{"embeddable":true,"href":"https:\/\/vhrc.fr\/en\/wp-json\/wp\/v2\/users\/5"}],"replies":[{"embeddable":true,"href":"https:\/\/vhrc.fr\/en\/wp-json\/wp\/v2\/comments?post=3928"}],"version-history":[{"count":4,"href":"https:\/\/vhrc.fr\/en\/wp-json\/wp\/v2\/pages\/3928\/revisions"}],"predecessor-version":[{"id":9037,"href":"https:\/\/vhrc.fr\/en\/wp-json\/wp\/v2\/pages\/3928\/revisions\/9037"}],"up":[{"embeddable":true,"href":"https:\/\/vhrc.fr\/en\/wp-json\/wp\/v2\/pages\/2153"}],"wp:featuredmedia":[{"embeddable":true,"href":"https:\/\/vhrc.fr\/en\/wp-json\/wp\/v2\/media\/5710"}],"wp:attachment":[{"href":"https:\/\/vhrc.fr\/en\/wp-json\/wp\/v2\/media?parent=3928"}],"curies":[{"name":"wp","href":"https:\/\/api.w.org\/{rel}","templated":true}]}}