{"id":3930,"date":"2013-05-21T09:23:06","date_gmt":"2013-05-21T08:23:06","guid":{"rendered":"http:\/\/vhrc.fr\/?page_id=3930"},"modified":"2025-07-08T09:22:17","modified_gmt":"2025-07-08T08:22:17","slug":"2003-monteux","status":"publish","type":"page","link":"https:\/\/vhrc.fr\/en\/historique\/vhrc-lhistorique\/2003-vhr\/2003-monteux\/","title":{"rendered":"2003 M1 Monteux"},"content":{"rendered":"<h1>Le 25 avril 2003 l\u2019\u00e9quipe du V.H.R se retrouve pour la premi\u00e8re fois sur le circuit des Confines \u00e0 Monteux.<\/h1>\n<p>Tout le monde d\u00e9couvrait le circuit.<\/p>\n<p>Tr\u00e8s technique, et rapide, son podium tr\u00e8s haut. Des stands commodes, une bonne ambiance et une bonne organisation.<br \/>\nConcernant l\u2019\u00e9quipe du V.H.R, six pilotes pr\u00e9sents. <!--more--><\/p>\n<h2>Les qualifs:<\/h2>\n<p>&nbsp;<br \/>\nLe meilleur f\u00fbt Thierry Dupuis. Nous avons eu besoin de ramasseurs, car la piste \u00e9tait encore humide et les bas cot\u00e9s tr\u00e8s glissant, difficile de sortir seul des \u201cbacs \u00e0 sables\u201d.<\/p>\n<p>Cette manche nous a permit de faire connaissance d\u2019un nouveau pilote du V.H.R; Patrick Aubort, citoyen Suisse, qui n\u2019h\u00e9site pas \u00e0 faire plus de 8 heures de route afin de participer au chalenge, au volant de sa Yankee, carross\u00e9e par une SUBARU \u201c maison en polyester tout \u00e0 fait r\u00e9aliste\u201d,<\/p>\n<p><img loading=\"lazy\" decoding=\"async\" class=\"alignnone size-full wp-image-5714\" src=\"http:\/\/vhrc.fr\/wp-content\/uploads\/2013\/05\/a_DSCN0633_small.jpg\" alt=\"subaru 1\/4 par patrick aubort\" width=\"100\" height=\"75\" \/> <img loading=\"lazy\" decoding=\"async\" class=\"alignnone size-full wp-image-5715\" src=\"http:\/\/vhrc.fr\/wp-content\/uploads\/2013\/05\/a_DSCN0652_small.jpg\" alt=\"subaru 1\/4 par patrick aubort\" width=\"100\" height=\"74\" \/><br \/>\ndu point de vue technique \u00e9galement son auto \u00e9tais \u00e9quip\u00e9 d\u2019un frein magn\u00e9tique comme sur les camions \u00e9chelle 1, concept mis au point pour le 1\/4 par un pilote Suisse.<\/p>\n<figure id=\"attachment_5718\" aria-describedby=\"caption-attachment-5718\" style=\"width: 250px\" class=\"wp-caption alignnone\"><img loading=\"lazy\" decoding=\"async\" class=\"size-full wp-image-5718\" src=\"http:\/\/vhrc.fr\/wp-content\/uploads\/2013\/05\/a_Photo_118.jpg\" alt=\"subaru 1\/4 par patrick aubort\" width=\"250\" height=\"153\" \/><figcaption id=\"caption-attachment-5718\" class=\"wp-caption-text\">subaru 1\/4 par patrick aubort<\/figcaption><\/figure>\n<p>Patrick s\u2019est av\u00e9r\u00e9 \u00eatre un pilote tr\u00e8s fairplay, il f\u00fbt tr\u00e8s vite int\u00e9gr\u00e9 au groupe, nous ne pouvons que le f\u00e9liciter.<\/p>\n<h2>\nL\u2019apr\u00e8s midi, sous un soleil radieux, deux finales de 15 minutes sont pr\u00e9vues.<\/h2>\n<figure id=\"attachment_5716\" aria-describedby=\"caption-attachment-5716\" style=\"width: 204px\" class=\"wp-caption alignnone\"><img loading=\"lazy\" decoding=\"async\" class=\"size-full wp-image-5716\" src=\"http:\/\/vhrc.fr\/wp-content\/uploads\/2013\/05\/a_Photo_113.jpg\" alt=\"depart monteux vhr m1 2003\" width=\"204\" height=\"166\" \/><figcaption id=\"caption-attachment-5716\" class=\"wp-caption-text\">depart monteux vhr m1 2003<\/figcaption><\/figure>\n<p>La premi\u00e8re f\u00fbt remport\u00e9e au nombre de tour par Brice Giardini et la deuxi\u00e8me par un Giardini aussi, mais cette fois ci par Luc.<br \/>\nLe d\u00e9roulement:<br \/>\nLa porche de J\u00e9r\u00f4me Chantron, le moteur r\u00e9calcitrant l\u2019emp\u00eache de faire les deux finales, Thierry Dupuis, casse le lanceur moteur et toujours perte de fus\u00e9e de la roue avant droite. Hadrien Comtat, 2\u00e8me lors de la premi\u00e8re finale sera premier en finale 2 malgr\u00e9 une casse moteur vers la fin. Brice casse son \u00e9chappement en final 2. Patrick Aubort, tr\u00e8s r\u00e9gulier \u00e0 eu quelques probl\u00e8mes de connections accus.<\/p>\n<p>R\u00e9sultat final, victoire de Luc.<\/p>\n<figure id=\"attachment_5717\" aria-describedby=\"caption-attachment-5717\" style=\"width: 204px\" class=\"wp-caption alignnone\"><img loading=\"lazy\" decoding=\"async\" class=\"size-full wp-image-5717\" src=\"http:\/\/vhrc.fr\/wp-content\/uploads\/2013\/05\/a_Photo_117.jpg\" alt=\"porsche luc\" width=\"204\" height=\"166\" \/><figcaption id=\"caption-attachment-5717\" class=\"wp-caption-text\">porsche luc<\/figcaption><\/figure>\n<p>En conclusion, super journ\u00e9e sur un bon circuit, nous reviendrons volontiers lors d\u2019une future manche \u00e0 Monteux.<\/p>\n<address>\nCompte rendu par Fr\u00e9d\u00e9ric Vassas et Luc Giardini pour Compte-Tours<\/address>\n<p><a href=\"http:\/\/vhrc.fr\/wp-content\/uploads\/2010\/07\/db_Photo_025.jpg\"><img loading=\"lazy\" decoding=\"async\" class=\"alignnone size-full wp-image-2613\" src=\"http:\/\/vhrc.fr\/wp-content\/uploads\/2010\/07\/db_Photo_025.jpg\" alt=\"monteux vhr 2009\" width=\"442\" height=\"332\" \/> <\/a><\/p>","protected":false},"excerpt":{"rendered":"<p>Le 25 avril 2003 l\u2019\u00e9quipe du V.H.R se retrouve pour la premi\u00e8re fois sur le circuit des Confines \u00e0 Monteux.<\/p>","protected":false},"author":5,"featured_media":5716,"parent":2153,"menu_order":0,"comment_status":"closed","ping_status":"closed","template":"","meta":{"colormag_page_container_layout":"default_layout","colormag_page_sidebar_layout":"default_layout","footnotes":""},"class_list":["post-3930","page","type-page","status-publish","has-post-thumbnail","hentry"],"_links":{"self":[{"href":"https:\/\/vhrc.fr\/en\/wp-json\/wp\/v2\/pages\/3930","targetHints":{"allow":["GET"]}}],"collection":[{"href":"https:\/\/vhrc.fr\/en\/wp-json\/wp\/v2\/pages"}],"about":[{"href":"https:\/\/vhrc.fr\/en\/wp-json\/wp\/v2\/types\/page"}],"author":[{"embeddable":true,"href":"https:\/\/vhrc.fr\/en\/wp-json\/wp\/v2\/users\/5"}],"replies":[{"embeddable":true,"href":"https:\/\/vhrc.fr\/en\/wp-json\/wp\/v2\/comments?post=3930"}],"version-history":[{"count":3,"href":"https:\/\/vhrc.fr\/en\/wp-json\/wp\/v2\/pages\/3930\/revisions"}],"predecessor-version":[{"id":5719,"href":"https:\/\/vhrc.fr\/en\/wp-json\/wp\/v2\/pages\/3930\/revisions\/5719"}],"up":[{"embeddable":true,"href":"https:\/\/vhrc.fr\/en\/wp-json\/wp\/v2\/pages\/2153"}],"wp:featuredmedia":[{"embeddable":true,"href":"https:\/\/vhrc.fr\/en\/wp-json\/wp\/v2\/media\/5716"}],"wp:attachment":[{"href":"https:\/\/vhrc.fr\/en\/wp-json\/wp\/v2\/media?parent=3930"}],"curies":[{"name":"wp","href":"https:\/\/api.w.org\/{rel}","templated":true}]}}