{"id":4387,"date":"2014-03-22T22:21:25","date_gmt":"2014-03-22T21:21:25","guid":{"rendered":"http:\/\/vhrc.fr\/?page_id=4387"},"modified":"2025-07-08T09:23:25","modified_gmt":"2025-07-08T08:23:25","slug":"productions-artisanales","status":"publish","type":"page","link":"https:\/\/vhrc.fr\/en\/voitures\/autres-autos-14\/productions-artisanales\/","title":{"rendered":"voitures 1:4 artisanales"},"content":{"rendered":"<p>quelques artisans et leurs productions<\/p>\n<h1>Fran\u00e7ois67<\/h1>\n<p>son dragster <strong>HemiCuda<\/strong> et une <strong>Cox<\/strong> RCbodyShop peinte et d\u00e9cor\u00e9e par ses soins<\/p>\n<div id='gallery-1' class='gallery galleryid-4387 gallery-columns-3 gallery-size-colormag-featured-image'><figure class='gallery-item'>\n\t\t\t<div class='gallery-icon landscape'>\n\t\t\t\t<a href='https:\/\/vhrc.fr\/wp-content\/uploads\/2014\/03\/drag-cuda-by-francois67-04.jpg'><img loading=\"lazy\" decoding=\"async\" width=\"596\" height=\"445\" src=\"https:\/\/vhrc.fr\/wp-content\/uploads\/2014\/03\/drag-cuda-by-francois67-04.jpg\" class=\"attachment-colormag-featured-image size-colormag-featured-image\" alt=\"\" aria-describedby=\"gallery-1-4389\" srcset=\"https:\/\/vhrc.fr\/wp-content\/uploads\/2014\/03\/drag-cuda-by-francois67-04.jpg 960w, https:\/\/vhrc.fr\/wp-content\/uploads\/2014\/03\/drag-cuda-by-francois67-04-500x373.jpg 500w, https:\/\/vhrc.fr\/wp-content\/uploads\/2014\/03\/drag-cuda-by-francois67-04-800x597.jpg 800w\" sizes=\"auto, (max-width: 596px) 100vw, 596px\" \/><\/a>\n\t\t\t<\/div>\n\t\t\t\t<figcaption class='wp-caption-text gallery-caption' id='gallery-1-4389'>\n\t\t\t\tdrag Cuda Vanstatic by Fran\u00e7ois67\n\t\t\t\t<\/figcaption><\/figure><figure class='gallery-item'>\n\t\t\t<div class='gallery-icon landscape'>\n\t\t\t\t<a href='https:\/\/vhrc.fr\/wp-content\/uploads\/2014\/03\/drag-cuda-by-francois67-05.jpg'><img loading=\"lazy\" decoding=\"async\" width=\"596\" height=\"445\" src=\"https:\/\/vhrc.fr\/wp-content\/uploads\/2014\/03\/drag-cuda-by-francois67-05.jpg\" class=\"attachment-colormag-featured-image size-colormag-featured-image\" alt=\"\" aria-describedby=\"gallery-1-4390\" srcset=\"https:\/\/vhrc.fr\/wp-content\/uploads\/2014\/03\/drag-cuda-by-francois67-05.jpg 960w, https:\/\/vhrc.fr\/wp-content\/uploads\/2014\/03\/drag-cuda-by-francois67-05-500x373.jpg 500w, https:\/\/vhrc.fr\/wp-content\/uploads\/2014\/03\/drag-cuda-by-francois67-05-800x597.jpg 800w\" sizes=\"auto, (max-width: 596px) 100vw, 596px\" \/><\/a>\n\t\t\t<\/div>\n\t\t\t\t<figcaption class='wp-caption-text gallery-caption' id='gallery-1-4390'>\n\t\t\t\tdrag Cuda Vanstatic by Fran\u00e7ois67\n\t\t\t\t<\/figcaption><\/figure><figure class='gallery-item'>\n\t\t\t<div class='gallery-icon landscape'>\n\t\t\t\t<a href='https:\/\/vhrc.fr\/wp-content\/uploads\/2014\/03\/drag-cuda-by-francois67-06.jpg'><img loading=\"lazy\" decoding=\"async\" width=\"596\" height=\"445\" src=\"https:\/\/vhrc.fr\/wp-content\/uploads\/2014\/03\/drag-cuda-by-francois67-06.jpg\" class=\"attachment-colormag-featured-image size-colormag-featured-image\" alt=\"\" aria-describedby=\"gallery-1-4391\" srcset=\"https:\/\/vhrc.fr\/wp-content\/uploads\/2014\/03\/drag-cuda-by-francois67-06.jpg 960w, https:\/\/vhrc.fr\/wp-content\/uploads\/2014\/03\/drag-cuda-by-francois67-06-500x373.jpg 500w, https:\/\/vhrc.fr\/wp-content\/uploads\/2014\/03\/drag-cuda-by-francois67-06-800x597.jpg 800w\" sizes=\"auto, (max-width: 596px) 100vw, 596px\" \/><\/a>\n\t\t\t<\/div>\n\t\t\t\t<figcaption class='wp-caption-text gallery-caption' id='gallery-1-4391'>\n\t\t\t\tdrag Cuda Vanstatic by Fran\u00e7ois67\n\t\t\t\t<\/figcaption><\/figure><figure class='gallery-item'>\n\t\t\t<div class='gallery-icon landscape'>\n\t\t\t\t<a href='https:\/\/vhrc.fr\/wp-content\/uploads\/2014\/03\/drag-cuda-by-francois67-08.jpg'><img loading=\"lazy\" decoding=\"async\" width=\"596\" height=\"445\" src=\"https:\/\/vhrc.fr\/wp-content\/uploads\/2014\/03\/drag-cuda-by-francois67-08.jpg\" class=\"attachment-colormag-featured-image size-colormag-featured-image\" alt=\"\" aria-describedby=\"gallery-1-4392\" srcset=\"https:\/\/vhrc.fr\/wp-content\/uploads\/2014\/03\/drag-cuda-by-francois67-08.jpg 960w, https:\/\/vhrc.fr\/wp-content\/uploads\/2014\/03\/drag-cuda-by-francois67-08-500x373.jpg 500w, https:\/\/vhrc.fr\/wp-content\/uploads\/2014\/03\/drag-cuda-by-francois67-08-800x597.jpg 800w\" sizes=\"auto, (max-width: 596px) 100vw, 596px\" \/><\/a>\n\t\t\t<\/div>\n\t\t\t\t<figcaption class='wp-caption-text gallery-caption' id='gallery-1-4392'>\n\t\t\t\tdrag Cuda Vanstatic by Fran\u00e7ois67 avec Cox RCbodyShop\n\t\t\t\t<\/figcaption><\/figure><figure class='gallery-item'>\n\t\t\t<div class='gallery-icon landscape'>\n\t\t\t\t<a href='https:\/\/vhrc.fr\/wp-content\/uploads\/2014\/03\/drag-cuda-by-francois67-10.jpg'><img loading=\"lazy\" decoding=\"async\" width=\"596\" height=\"445\" src=\"https:\/\/vhrc.fr\/wp-content\/uploads\/2014\/03\/drag-cuda-by-francois67-10.jpg\" class=\"attachment-colormag-featured-image size-colormag-featured-image\" alt=\"\" aria-describedby=\"gallery-1-4393\" srcset=\"https:\/\/vhrc.fr\/wp-content\/uploads\/2014\/03\/drag-cuda-by-francois67-10.jpg 960w, https:\/\/vhrc.fr\/wp-content\/uploads\/2014\/03\/drag-cuda-by-francois67-10-500x373.jpg 500w, https:\/\/vhrc.fr\/wp-content\/uploads\/2014\/03\/drag-cuda-by-francois67-10-800x597.jpg 800w\" sizes=\"auto, (max-width: 596px) 100vw, 596px\" \/><\/a>\n\t\t\t<\/div>\n\t\t\t\t<figcaption class='wp-caption-text gallery-caption' id='gallery-1-4393'>\n\t\t\t\tdrag Cuda Vanstatic by Fran\u00e7ois67 avec Cox RCbodyShop\n\t\t\t\t<\/figcaption><\/figure><figure class='gallery-item'>\n\t\t\t<div class='gallery-icon landscape'>\n\t\t\t\t<a href='https:\/\/vhrc.fr\/wp-content\/uploads\/2014\/03\/drag-cuda-by-francois67-11.jpg'><img loading=\"lazy\" decoding=\"async\" width=\"595\" height=\"445\" src=\"https:\/\/vhrc.fr\/wp-content\/uploads\/2014\/03\/drag-cuda-by-francois67-11.jpg\" class=\"attachment-colormag-featured-image size-colormag-featured-image\" alt=\"\" aria-describedby=\"gallery-1-4394\" srcset=\"https:\/\/vhrc.fr\/wp-content\/uploads\/2014\/03\/drag-cuda-by-francois67-11.jpg 800w, https:\/\/vhrc.fr\/wp-content\/uploads\/2014\/03\/drag-cuda-by-francois67-11-500x373.jpg 500w\" sizes=\"auto, (max-width: 595px) 100vw, 595px\" \/><\/a>\n\t\t\t<\/div>\n\t\t\t\t<figcaption class='wp-caption-text gallery-caption' id='gallery-1-4394'>\n\t\t\t\tdrag Cuda Vanstatic by Fran\u00e7ois67\n\t\t\t\t<\/figcaption><\/figure><figure class='gallery-item'>\n\t\t\t<div class='gallery-icon landscape'>\n\t\t\t\t<a href='https:\/\/vhrc.fr\/wp-content\/uploads\/2014\/03\/drag-cuda-by-francois67-02.jpg'><img loading=\"lazy\" decoding=\"async\" width=\"596\" height=\"445\" src=\"https:\/\/vhrc.fr\/wp-content\/uploads\/2014\/03\/drag-cuda-by-francois67-02.jpg\" class=\"attachment-colormag-featured-image size-colormag-featured-image\" alt=\"\" aria-describedby=\"gallery-1-4388\" srcset=\"https:\/\/vhrc.fr\/wp-content\/uploads\/2014\/03\/drag-cuda-by-francois67-02.jpg 960w, https:\/\/vhrc.fr\/wp-content\/uploads\/2014\/03\/drag-cuda-by-francois67-02-500x373.jpg 500w, https:\/\/vhrc.fr\/wp-content\/uploads\/2014\/03\/drag-cuda-by-francois67-02-800x597.jpg 800w\" sizes=\"auto, (max-width: 596px) 100vw, 596px\" \/><\/a>\n\t\t\t<\/div>\n\t\t\t\t<figcaption class='wp-caption-text gallery-caption' id='gallery-1-4388'>\n\t\t\t\tsur le mod\u00e8le\n\t\t\t\t<\/figcaption><\/figure>\n\t\t<\/div>\n\n<div class=\"mceTemp\"><\/div>\n<h1>Jari Vasarainen ( body from Jani)<\/h1>\n<p>Ford Escort Mk 1 au 1:4 en fibre de verre, pour baja Hpi rallong\u00e9 ou losi 5ive 4&#215;4 1:4<\/p>\n<p><a href=\"http:\/\/vhrc.fr\/wp-content\/uploads\/2014\/03\/jari_40.jpg\"> <img loading=\"lazy\" decoding=\"async\" class=\"alignnone size-medium wp-image-9375\" src=\"http:\/\/vhrc.fr\/wp-content\/uploads\/2020\/01\/escort-jani_escort_gulf_color_00-400x282.jpg\" alt=\"\" width=\"400\" height=\"282\" srcset=\"https:\/\/vhrc.fr\/wp-content\/uploads\/2020\/01\/escort-jani_escort_gulf_color_00-400x282.jpg 400w, https:\/\/vhrc.fr\/wp-content\/uploads\/2020\/01\/escort-jani_escort_gulf_color_00-800x565.jpg 800w, https:\/\/vhrc.fr\/wp-content\/uploads\/2020\/01\/escort-jani_escort_gulf_color_00-768x542.jpg 768w, https:\/\/vhrc.fr\/wp-content\/uploads\/2020\/01\/escort-jani_escort_gulf_color_00.jpg 1000w\" sizes=\"auto, (max-width: 400px) 100vw, 400px\" \/> <\/a><a href=\"http:\/\/vhrc.fr\/wp-content\/uploads\/2020\/01\/escort-jari_V_escort-team-colt_03_cr.jpg\"><img loading=\"lazy\" decoding=\"async\" class=\"alignnone wp-image-9376 size-medium\" src=\"http:\/\/vhrc.fr\/wp-content\/uploads\/2020\/01\/escort-jari_V_escort-team-colt_03_cr-400x256.jpg\" alt=\"\" width=\"400\" height=\"256\" srcset=\"https:\/\/vhrc.fr\/wp-content\/uploads\/2020\/01\/escort-jari_V_escort-team-colt_03_cr-400x256.jpg 400w, https:\/\/vhrc.fr\/wp-content\/uploads\/2020\/01\/escort-jari_V_escort-team-colt_03_cr-800x512.jpg 800w, https:\/\/vhrc.fr\/wp-content\/uploads\/2020\/01\/escort-jari_V_escort-team-colt_03_cr-768x492.jpg 768w, https:\/\/vhrc.fr\/wp-content\/uploads\/2020\/01\/escort-jari_V_escort-team-colt_03_cr.jpg 1000w\" sizes=\"auto, (max-width: 400px) 100vw, 400px\" \/><\/a><\/p>\n<p><a href=\"http:\/\/vhrc.fr\/wp-content\/uploads\/2020\/01\/escort-IMG_0203.jpg\"><img loading=\"lazy\" decoding=\"async\" class=\"alignnone wp-image-9374 size-medium\" src=\"http:\/\/vhrc.fr\/wp-content\/uploads\/2020\/01\/escort-IMG_0203-400x300.jpg\" alt=\"\" width=\"400\" height=\"300\" srcset=\"https:\/\/vhrc.fr\/wp-content\/uploads\/2020\/01\/escort-IMG_0203-400x300.jpg 400w, https:\/\/vhrc.fr\/wp-content\/uploads\/2020\/01\/escort-IMG_0203-800x600.jpg 800w, https:\/\/vhrc.fr\/wp-content\/uploads\/2020\/01\/escort-IMG_0203-768x576.jpg 768w, https:\/\/vhrc.fr\/wp-content\/uploads\/2020\/01\/escort-IMG_0203.jpg 1000w\" sizes=\"auto, (max-width: 400px) 100vw, 400px\" \/><\/a><a href=\"http:\/\/vhrc.fr\/wp-content\/uploads\/2014\/03\/jari_40.jpg\"><img loading=\"lazy\" decoding=\"async\" class=\"alignnone wp-image-4395 size-medium\" src=\"http:\/\/vhrc.fr\/wp-content\/uploads\/2014\/03\/jari_40-300x225.jpg\" alt=\"jari_40\" width=\"300\" height=\"225\" \/><\/a><\/p>\n<p>&nbsp;<\/p>\n<h1>Vass Cars<\/h1>\n<p>un artisan grec de talent!<\/p>\n<figure id=\"attachment_4397\" aria-describedby=\"caption-attachment-4397\" style=\"width: 300px\" class=\"wp-caption alignnone\"><a href=\"http:\/\/vhrc.fr\/wp-content\/uploads\/2014\/03\/vasscars_dsc00572ie.jpg\"><img loading=\"lazy\" decoding=\"async\" class=\"size-medium wp-image-4397\" src=\"http:\/\/vhrc.fr\/wp-content\/uploads\/2014\/03\/vasscars_dsc00572ie-300x225.jpg\" alt=\"vasscars_dsc00572ie\" width=\"300\" height=\"225\" \/><\/a><figcaption id=\"caption-attachment-4397\" class=\"wp-caption-text\">GT aston martin au 1:4<\/figcaption><\/figure>\n<figure id=\"attachment_4396\" aria-describedby=\"caption-attachment-4396\" style=\"width: 300px\" class=\"wp-caption alignnone\"><a href=\"http:\/\/vhrc.fr\/wp-content\/uploads\/2014\/03\/vasscars_dsc00451e.jpg\"><img loading=\"lazy\" decoding=\"async\" class=\"size-medium wp-image-4396\" src=\"http:\/\/vhrc.fr\/wp-content\/uploads\/2014\/03\/vasscars_dsc00451e-300x225.jpg\" alt=\"vasscars_dsc00451e\" width=\"300\" height=\"225\" \/><\/a><figcaption id=\"caption-attachment-4396\" class=\"wp-caption-text\">GT Chassis Vass<\/figcaption><\/figure>\n<figure id=\"attachment_4398\" aria-describedby=\"caption-attachment-4398\" style=\"width: 300px\" class=\"wp-caption alignnone\"><a href=\"http:\/\/vhrc.fr\/wp-content\/uploads\/2014\/03\/vasscars_stratos_01.jpg\"><img loading=\"lazy\" decoding=\"async\" class=\"size-medium wp-image-4398\" src=\"http:\/\/vhrc.fr\/wp-content\/uploads\/2014\/03\/vasscars_stratos_01-300x225.jpg\" alt=\"Vass Cars Stratos\" width=\"300\" height=\"225\" \/><\/a><figcaption id=\"caption-attachment-4398\" class=\"wp-caption-text\">Vass Cars lancia Stratos au 1:4<\/figcaption><\/figure>\n<figure id=\"attachment_4399\" aria-describedby=\"caption-attachment-4399\" style=\"width: 300px\" class=\"wp-caption alignnone\"><a href=\"http:\/\/vhrc.fr\/wp-content\/uploads\/2014\/03\/vasscars_stratos_02.jpg\"><img loading=\"lazy\" decoding=\"async\" class=\"size-medium wp-image-4399\" src=\"http:\/\/vhrc.fr\/wp-content\/uploads\/2014\/03\/vasscars_stratos_02-300x225.jpg\" alt=\"Vass Cars Stratos\" width=\"300\" height=\"225\" \/><\/a><figcaption id=\"caption-attachment-4399\" class=\"wp-caption-text\">Vass Cars lancia Stratos au 1:4<\/figcaption><\/figure>\n<figure id=\"attachment_4400\" aria-describedby=\"caption-attachment-4400\" style=\"width: 300px\" class=\"wp-caption alignnone\"><a href=\"http:\/\/vhrc.fr\/wp-content\/uploads\/2014\/03\/vasscars_stratos_03.jpg\"><img loading=\"lazy\" decoding=\"async\" class=\"wp-image-4400 size-medium\" src=\"http:\/\/vhrc.fr\/wp-content\/uploads\/2014\/03\/vasscars_stratos_03-300x199.jpg\" alt=\"Vass Cars Stratos\" width=\"300\" height=\"199\" \/><\/a><figcaption id=\"caption-attachment-4400\" class=\"wp-caption-text\">Vass Cars lancia Stratos au 1:4<\/figcaption><\/figure>\n<h1>Chris Modelisme<\/h1>\n<p>Amateur de belles 1:4 du Sud de la France<\/p>\n<figure id=\"attachment_9377\" aria-describedby=\"caption-attachment-9377\" style=\"width: 400px\" class=\"wp-caption alignnone\"><img loading=\"lazy\" decoding=\"async\" class=\"size-medium wp-image-9377\" src=\"http:\/\/vhrc.fr\/wp-content\/uploads\/2020\/01\/chris-modelisme-collec-400x300.jpg\" alt=\"\" width=\"400\" height=\"300\" srcset=\"https:\/\/vhrc.fr\/wp-content\/uploads\/2020\/01\/chris-modelisme-collec-400x300.jpg 400w, https:\/\/vhrc.fr\/wp-content\/uploads\/2020\/01\/chris-modelisme-collec-768x576.jpg 768w, https:\/\/vhrc.fr\/wp-content\/uploads\/2020\/01\/chris-modelisme-collec.jpg 800w\" sizes=\"auto, (max-width: 400px) 100vw, 400px\" \/><figcaption id=\"caption-attachment-9377\" class=\"wp-caption-text\">chris modelisme collection 1:4<\/figcaption><\/figure>\n<p>son site ou il pr\u00e9sente de nombreux mod\u00e8les : <a href=\"http:\/\/chrismodelisme.kazeo.com\">http:\/\/chrismodelisme.kazeo.com<\/a><\/p>\n<p>Renault Alpine A310, hot Rod Ford, AC cobra,range Rover defender 110,lancia Stratos,Lotus Seven,Renault 4cv , Audi R8, Triumph TR7, Renault Clio V6, Renault R8 Gordini, chrysler Viper custom,Twingo V6,<\/p>","protected":false},"excerpt":{"rendered":"<p>quelques artisans et leurs productions Fran\u00e7ois67 son dragster HemiCuda et une Cox RCbodyShop peinte et d\u00e9cor\u00e9e par ses soins Jari<\/p>","protected":false},"author":5,"featured_media":4400,"parent":6957,"menu_order":0,"comment_status":"closed","ping_status":"closed","template":"","meta":{"colormag_page_container_layout":"default_layout","colormag_page_sidebar_layout":"default_layout","footnotes":""},"class_list":["post-4387","page","type-page","status-publish","has-post-thumbnail","hentry"],"_links":{"self":[{"href":"https:\/\/vhrc.fr\/en\/wp-json\/wp\/v2\/pages\/4387","targetHints":{"allow":["GET"]}}],"collection":[{"href":"https:\/\/vhrc.fr\/en\/wp-json\/wp\/v2\/pages"}],"about":[{"href":"https:\/\/vhrc.fr\/en\/wp-json\/wp\/v2\/types\/page"}],"author":[{"embeddable":true,"href":"https:\/\/vhrc.fr\/en\/wp-json\/wp\/v2\/users\/5"}],"replies":[{"embeddable":true,"href":"https:\/\/vhrc.fr\/en\/wp-json\/wp\/v2\/comments?post=4387"}],"version-history":[{"count":5,"href":"https:\/\/vhrc.fr\/en\/wp-json\/wp\/v2\/pages\/4387\/revisions"}],"predecessor-version":[{"id":9378,"href":"https:\/\/vhrc.fr\/en\/wp-json\/wp\/v2\/pages\/4387\/revisions\/9378"}],"up":[{"embeddable":true,"href":"https:\/\/vhrc.fr\/en\/wp-json\/wp\/v2\/pages\/6957"}],"wp:featuredmedia":[{"embeddable":true,"href":"https:\/\/vhrc.fr\/en\/wp-json\/wp\/v2\/media\/4400"}],"wp:attachment":[{"href":"https:\/\/vhrc.fr\/en\/wp-json\/wp\/v2\/media?parent=4387"}],"curies":[{"name":"wp","href":"https:\/\/api.w.org\/{rel}","templated":true}]}}