{"id":450,"date":"2010-02-07T15:53:23","date_gmt":"2010-02-07T14:53:23","guid":{"rendered":"http:\/\/vhrc.fr\/?page_id=450"},"modified":"2013-04-13T20:12:25","modified_gmt":"2013-04-13T19:12:25","slug":"porsche-930-yankee","status":"publish","type":"page","link":"https:\/\/vhrc.fr\/en\/voitures\/yankee\/porsche-930-yankee\/","title":{"rendered":"Porsche 930 Yankee"},"content":{"rendered":"<h1>yankee porsche 930 by speedtrophy USA : hommage 11 Septembre 2001<\/h1>\n<div id='gallery-1' class='gallery galleryid-450 gallery-columns-3 gallery-size-colormag-featured-image'><figure class='gallery-item'>\n\t\t\t<div class='gallery-icon landscape'>\n\t\t\t\t<a href='https:\/\/vhrc.fr\/wp-content\/uploads\/2010\/02\/yankee-porsche-930-by-speedtrophy-USA-6.jpg'><img loading=\"lazy\" decoding=\"async\" width=\"669\" height=\"445\" src=\"https:\/\/vhrc.fr\/wp-content\/uploads\/2010\/02\/yankee-porsche-930-by-speedtrophy-USA-6.jpg\" class=\"attachment-colormag-featured-image size-colormag-featured-image\" alt=\"\" srcset=\"https:\/\/vhrc.fr\/wp-content\/uploads\/2010\/02\/yankee-porsche-930-by-speedtrophy-USA-6.jpg 800w, https:\/\/vhrc.fr\/wp-content\/uploads\/2010\/02\/yankee-porsche-930-by-speedtrophy-USA-6-500x332.jpg 500w\" sizes=\"auto, (max-width: 669px) 100vw, 669px\" \/><\/a>\n\t\t\t<\/div><\/figure><figure class='gallery-item'>\n\t\t\t<div class='gallery-icon landscape'>\n\t\t\t\t<a href='https:\/\/vhrc.fr\/wp-content\/uploads\/2010\/02\/yankee-porsche-930-by-speedtrophy-USA-5.jpg'><img loading=\"lazy\" decoding=\"async\" width=\"669\" height=\"445\" src=\"https:\/\/vhrc.fr\/wp-content\/uploads\/2010\/02\/yankee-porsche-930-by-speedtrophy-USA-5.jpg\" class=\"attachment-colormag-featured-image size-colormag-featured-image\" alt=\"\" srcset=\"https:\/\/vhrc.fr\/wp-content\/uploads\/2010\/02\/yankee-porsche-930-by-speedtrophy-USA-5.jpg 800w, https:\/\/vhrc.fr\/wp-content\/uploads\/2010\/02\/yankee-porsche-930-by-speedtrophy-USA-5-500x332.jpg 500w\" sizes=\"auto, (max-width: 669px) 100vw, 669px\" \/><\/a>\n\t\t\t<\/div><\/figure><figure class='gallery-item'>\n\t\t\t<div class='gallery-icon landscape'>\n\t\t\t\t<a href='https:\/\/vhrc.fr\/wp-content\/uploads\/2010\/02\/yankee-porsche-930-by-speedtrophy-USA-4.jpg'><img loading=\"lazy\" decoding=\"async\" width=\"669\" height=\"445\" src=\"https:\/\/vhrc.fr\/wp-content\/uploads\/2010\/02\/yankee-porsche-930-by-speedtrophy-USA-4.jpg\" class=\"attachment-colormag-featured-image size-colormag-featured-image\" alt=\"\" srcset=\"https:\/\/vhrc.fr\/wp-content\/uploads\/2010\/02\/yankee-porsche-930-by-speedtrophy-USA-4.jpg 800w, https:\/\/vhrc.fr\/wp-content\/uploads\/2010\/02\/yankee-porsche-930-by-speedtrophy-USA-4-500x332.jpg 500w\" sizes=\"auto, (max-width: 669px) 100vw, 669px\" \/><\/a>\n\t\t\t<\/div><\/figure><figure class='gallery-item'>\n\t\t\t<div class='gallery-icon landscape'>\n\t\t\t\t<a href='https:\/\/vhrc.fr\/wp-content\/uploads\/2010\/02\/yankee-porsche-930-by-speedtrophy-USA-3.jpg'><img loading=\"lazy\" decoding=\"async\" width=\"669\" height=\"445\" src=\"https:\/\/vhrc.fr\/wp-content\/uploads\/2010\/02\/yankee-porsche-930-by-speedtrophy-USA-3.jpg\" class=\"attachment-colormag-featured-image size-colormag-featured-image\" alt=\"\" srcset=\"https:\/\/vhrc.fr\/wp-content\/uploads\/2010\/02\/yankee-porsche-930-by-speedtrophy-USA-3.jpg 800w, https:\/\/vhrc.fr\/wp-content\/uploads\/2010\/02\/yankee-porsche-930-by-speedtrophy-USA-3-500x332.jpg 500w\" sizes=\"auto, (max-width: 669px) 100vw, 669px\" \/><\/a>\n\t\t\t<\/div><\/figure><figure class='gallery-item'>\n\t\t\t<div class='gallery-icon landscape'>\n\t\t\t\t<a href='https:\/\/vhrc.fr\/wp-content\/uploads\/2010\/02\/yankee-porsche-930-by-speedtrophy-USA-2.jpg'><img loading=\"lazy\" decoding=\"async\" width=\"669\" height=\"445\" src=\"https:\/\/vhrc.fr\/wp-content\/uploads\/2010\/02\/yankee-porsche-930-by-speedtrophy-USA-2.jpg\" class=\"attachment-colormag-featured-image size-colormag-featured-image\" alt=\"\" srcset=\"https:\/\/vhrc.fr\/wp-content\/uploads\/2010\/02\/yankee-porsche-930-by-speedtrophy-USA-2.jpg 800w, https:\/\/vhrc.fr\/wp-content\/uploads\/2010\/02\/yankee-porsche-930-by-speedtrophy-USA-2-500x332.jpg 500w\" sizes=\"auto, (max-width: 669px) 100vw, 669px\" \/><\/a>\n\t\t\t<\/div><\/figure><figure class='gallery-item'>\n\t\t\t<div class='gallery-icon landscape'>\n\t\t\t\t<a href='https:\/\/vhrc.fr\/wp-content\/uploads\/2010\/02\/yankee-porsche-930-by-speedtrophy-USA-1.jpg'><img loading=\"lazy\" decoding=\"async\" width=\"669\" height=\"445\" src=\"https:\/\/vhrc.fr\/wp-content\/uploads\/2010\/02\/yankee-porsche-930-by-speedtrophy-USA-1.jpg\" class=\"attachment-colormag-featured-image size-colormag-featured-image\" alt=\"\" srcset=\"https:\/\/vhrc.fr\/wp-content\/uploads\/2010\/02\/yankee-porsche-930-by-speedtrophy-USA-1.jpg 800w, https:\/\/vhrc.fr\/wp-content\/uploads\/2010\/02\/yankee-porsche-930-by-speedtrophy-USA-1-500x332.jpg 500w\" sizes=\"auto, (max-width: 669px) 100vw, 669px\" \/><\/a>\n\t\t\t<\/div><\/figure><figure class='gallery-item'>\n\t\t\t<div class='gallery-icon landscape'>\n\t\t\t\t<a href='https:\/\/vhrc.fr\/wp-content\/uploads\/2010\/02\/pmo_2013-04-13_00009.jpg'><img loading=\"lazy\" decoding=\"async\" width=\"593\" height=\"445\" src=\"https:\/\/vhrc.fr\/wp-content\/uploads\/2010\/02\/pmo_2013-04-13_00009.jpg\" class=\"attachment-colormag-featured-image size-colormag-featured-image\" alt=\"\" aria-describedby=\"gallery-1-3838\" srcset=\"https:\/\/vhrc.fr\/wp-content\/uploads\/2010\/02\/pmo_2013-04-13_00009.jpg 1280w, https:\/\/vhrc.fr\/wp-content\/uploads\/2010\/02\/pmo_2013-04-13_00009-500x375.jpg 500w, https:\/\/vhrc.fr\/wp-content\/uploads\/2010\/02\/pmo_2013-04-13_00009-800x600.jpg 800w\" sizes=\"auto, (max-width: 593px) 100vw, 593px\" \/><\/a>\n\t\t\t<\/div>\n\t\t\t\t<figcaption class='wp-caption-text gallery-caption' id='gallery-1-3838'>\n\t\t\t\tsalon Orange 2013\n\t\t\t\t<\/figcaption><\/figure><figure class='gallery-item'>\n\t\t\t<div class='gallery-icon landscape'>\n\t\t\t\t<a href='https:\/\/vhrc.fr\/wp-content\/uploads\/2010\/02\/pmo_2013-04-13_00008.jpg'><img loading=\"lazy\" decoding=\"async\" width=\"593\" height=\"445\" src=\"https:\/\/vhrc.fr\/wp-content\/uploads\/2010\/02\/pmo_2013-04-13_00008.jpg\" class=\"attachment-colormag-featured-image size-colormag-featured-image\" alt=\"\" aria-describedby=\"gallery-1-3837\" srcset=\"https:\/\/vhrc.fr\/wp-content\/uploads\/2010\/02\/pmo_2013-04-13_00008.jpg 1280w, https:\/\/vhrc.fr\/wp-content\/uploads\/2010\/02\/pmo_2013-04-13_00008-500x375.jpg 500w, https:\/\/vhrc.fr\/wp-content\/uploads\/2010\/02\/pmo_2013-04-13_00008-800x600.jpg 800w\" sizes=\"auto, (max-width: 593px) 100vw, 593px\" \/><\/a>\n\t\t\t<\/div>\n\t\t\t\t<figcaption class='wp-caption-text gallery-caption' id='gallery-1-3837'>\n\t\t\t\tet \u00e7a lui fait plaisir!\n\t\t\t\t<\/figcaption><\/figure><figure class='gallery-item'>\n\t\t\t<div class='gallery-icon landscape'>\n\t\t\t\t<a href='https:\/\/vhrc.fr\/wp-content\/uploads\/2010\/02\/pmo_2013-04-13_00007.jpg'><img loading=\"lazy\" decoding=\"async\" width=\"593\" height=\"445\" src=\"https:\/\/vhrc.fr\/wp-content\/uploads\/2010\/02\/pmo_2013-04-13_00007.jpg\" class=\"attachment-colormag-featured-image size-colormag-featured-image\" alt=\"\" aria-describedby=\"gallery-1-3836\" srcset=\"https:\/\/vhrc.fr\/wp-content\/uploads\/2010\/02\/pmo_2013-04-13_00007.jpg 1280w, https:\/\/vhrc.fr\/wp-content\/uploads\/2010\/02\/pmo_2013-04-13_00007-500x375.jpg 500w, https:\/\/vhrc.fr\/wp-content\/uploads\/2010\/02\/pmo_2013-04-13_00007-800x600.jpg 800w\" sizes=\"auto, (max-width: 593px) 100vw, 593px\" \/><\/a>\n\t\t\t<\/div>\n\t\t\t\t<figcaption class='wp-caption-text gallery-caption' id='gallery-1-3836'>\n\t\t\t\tla 930 shell de Luc est de sortie\n\t\t\t\t<\/figcaption><\/figure><figure class='gallery-item'>\n\t\t\t<div class='gallery-icon landscape'>\n\t\t\t\t<a href='https:\/\/vhrc.fr\/wp-content\/uploads\/2010\/02\/68__640x480_yankee_porsche930shell_2.jpg'><img loading=\"lazy\" decoding=\"async\" width=\"640\" height=\"427\" src=\"https:\/\/vhrc.fr\/wp-content\/uploads\/2010\/02\/68__640x480_yankee_porsche930shell_2.jpg\" class=\"attachment-colormag-featured-image size-colormag-featured-image\" alt=\"\" srcset=\"https:\/\/vhrc.fr\/wp-content\/uploads\/2010\/02\/68__640x480_yankee_porsche930shell_2.jpg 640w, https:\/\/vhrc.fr\/wp-content\/uploads\/2010\/02\/68__640x480_yankee_porsche930shell_2-500x333.jpg 500w\" sizes=\"auto, (max-width: 640px) 100vw, 640px\" \/><\/a>\n\t\t\t<\/div><\/figure>\n\t\t<\/div>\n\n<h1>Version Lugia Shell<\/h1>\n<p><a href=\"http:\/\/vhrc.fr\/wp-content\/uploads\/2010\/02\/68__640x480_yankee_porsche930shell_2.jpg\"><img loading=\"lazy\" decoding=\"async\" class=\"alignnone size-medium wp-image-2683\" title=\"68__640x480_yankee_porsche930shell_2\" alt=\"\" src=\"http:\/\/vhrc.fr\/wp-content\/uploads\/2010\/02\/68__640x480_yankee_porsche930shell_2-300x200.jpg\" width=\"300\" height=\"200\" \/><\/a><\/p>\n<p>Mais qu\u2019est -ce qui nous est arriv\u00e9 mon fils et moi ,\u00e0 un moment de notre existence ? Un constructeur de l\u2019est de la France nous a conquis et voila le r\u00e9sultat , totalement accros ! Les r\u00e9alisations, les cr\u00e9ations nous ont marqu\u00e9s a vie.M\u00eame si nous nous en sommes parfois \u00e9loign\u00e9 ,la marque nous a toujours rattrapp\u00e9s et apr\u00e8s r\u00e9flexion c\u2019est tant mieux !<\/p>\n<p>Alors, un mod\u00e8le en amenant un autre,ceci entrainant cela ,nous voila<\/p>\n<p>Devenus collectionneur par envie ,par passion,par respect du patrimoine historique et technologique qu\u2019est yankee.<\/p>\n<p>Je voudrais vous pr\u00e9senter cet achat r\u00e9alis\u00e9 il y a plus de dix ans ;carrosserie d\u00e9couverte dans l\u2019est de la France ,du c\u00f4t\u00e9 de grenoble<\/p>\n<p>Chez un artisan boulanger . (le chassis lui c\u2019est une autre histoire \u2026.)<\/p>\n<p>Cette voiture ne fait que des expos ,le travail de l\u2019artiste (inconu) nous<\/p>\n<p>Oblige \u00e0 la garder pr\u00e9cieusement dans cet \u00e9tat . je pense que vous ne me contredirez car tout est fait main !!!.<\/p>\n<p>La peinture bien entendu et sutout les tours de portes,joints de pare \u2013brise de vitres ect. Les lettrages SCHELL ont \u00e9t\u00e9 d\u00e9coup\u00e9s \u00e0 l\u2019unit\u00e9 tout comme les logos r\u00e9alis\u00e9s par superpositions de couches de v\u00e9nilia<\/p>\n<p>Les supports de num\u00e9ros , inscription DEKRA et num\u00e9ros, d\u00e9coupe main \u00e9galement\u2026<\/p>\n<p>Pour la beaut\u00e9 des formes et des couleurs , pour la qualit\u00e9 du travail<\/p>\n<p>R\u00e9alis\u00e9 , r\u00eavons ensemble modestement bien s\u00fbr !!!<\/p>\n<p><img decoding=\"async\" class=\"ngg-singlepic ngg-none\" alt=\"yankee_porsche930shell_1\" src=\"http:\/\/vhrc.fr\/wp-content\/gallery\/porsche\/yankee_porsche930shell_1.jpg\" \/><\/p>\n<p>[singlepic id=67 w=640 h=480 float=]<\/p>\n<p>[singlepic id=68 w=640 h=480 float=]<\/p>\n<figure id=\"attachment_3836\" aria-describedby=\"caption-attachment-3836\" style=\"width: 1280px\" class=\"wp-caption alignnone\"><a href=\"http:\/\/vhrc.fr\/wp-content\/uploads\/2010\/02\/pmo_2013-04-13_00007.jpg\"><img loading=\"lazy\" decoding=\"async\" class=\"size-full wp-image-3836\" alt=\"la 930 shell de Luc est de sortie\" src=\"http:\/\/vhrc.fr\/wp-content\/uploads\/2010\/02\/pmo_2013-04-13_00007.jpg\" width=\"1280\" height=\"960\" srcset=\"https:\/\/vhrc.fr\/wp-content\/uploads\/2010\/02\/pmo_2013-04-13_00007.jpg 1280w, https:\/\/vhrc.fr\/wp-content\/uploads\/2010\/02\/pmo_2013-04-13_00007-500x375.jpg 500w, https:\/\/vhrc.fr\/wp-content\/uploads\/2010\/02\/pmo_2013-04-13_00007-800x600.jpg 800w\" sizes=\"auto, (max-width: 1280px) 100vw, 1280px\" \/><\/a><figcaption id=\"caption-attachment-3836\" class=\"wp-caption-text\">la 930 shell de Luc est de sortie<\/figcaption><\/figure>\n<figure id=\"attachment_3837\" aria-describedby=\"caption-attachment-3837\" style=\"width: 1280px\" class=\"wp-caption alignnone\"><a href=\"http:\/\/vhrc.fr\/wp-content\/uploads\/2010\/02\/pmo_2013-04-13_00008.jpg\"><img loading=\"lazy\" decoding=\"async\" class=\"size-full wp-image-3837\" alt=\"et \u00e7a lui fait plaisir!\" src=\"http:\/\/vhrc.fr\/wp-content\/uploads\/2010\/02\/pmo_2013-04-13_00008.jpg\" width=\"1280\" height=\"960\" srcset=\"https:\/\/vhrc.fr\/wp-content\/uploads\/2010\/02\/pmo_2013-04-13_00008.jpg 1280w, https:\/\/vhrc.fr\/wp-content\/uploads\/2010\/02\/pmo_2013-04-13_00008-500x375.jpg 500w, https:\/\/vhrc.fr\/wp-content\/uploads\/2010\/02\/pmo_2013-04-13_00008-800x600.jpg 800w\" sizes=\"auto, (max-width: 1280px) 100vw, 1280px\" \/><\/a><figcaption id=\"caption-attachment-3837\" class=\"wp-caption-text\">et \u00e7a lui fait plaisir!<\/figcaption><\/figure>\n<figure id=\"attachment_3838\" aria-describedby=\"caption-attachment-3838\" style=\"width: 1280px\" class=\"wp-caption alignnone\"><a href=\"http:\/\/vhrc.fr\/wp-content\/uploads\/2010\/02\/pmo_2013-04-13_00009.jpg\"><img loading=\"lazy\" decoding=\"async\" class=\"size-full wp-image-3838\" alt=\"salon Orange 2013\" src=\"http:\/\/vhrc.fr\/wp-content\/uploads\/2010\/02\/pmo_2013-04-13_00009.jpg\" width=\"1280\" height=\"960\" srcset=\"https:\/\/vhrc.fr\/wp-content\/uploads\/2010\/02\/pmo_2013-04-13_00009.jpg 1280w, https:\/\/vhrc.fr\/wp-content\/uploads\/2010\/02\/pmo_2013-04-13_00009-500x375.jpg 500w, https:\/\/vhrc.fr\/wp-content\/uploads\/2010\/02\/pmo_2013-04-13_00009-800x600.jpg 800w\" sizes=\"auto, (max-width: 1280px) 100vw, 1280px\" \/><\/a><figcaption id=\"caption-attachment-3838\" class=\"wp-caption-text\">salon Orange 2013<\/figcaption><\/figure>\n","protected":false},"excerpt":{"rendered":"<p>yankee porsche 930 by speedtrophy USA : hommage 11 Septembre 2001 Version Lugia Shell Mais qu\u2019est -ce qui nous est<\/p>","protected":false},"author":5,"featured_media":2683,"parent":183,"menu_order":0,"comment_status":"open","ping_status":"open","template":"","meta":{"colormag_page_container_layout":"default_layout","colormag_page_sidebar_layout":"default_layout","footnotes":""},"class_list":["post-450","page","type-page","status-publish","has-post-thumbnail","hentry"],"_links":{"self":[{"href":"https:\/\/vhrc.fr\/en\/wp-json\/wp\/v2\/pages\/450","targetHints":{"allow":["GET"]}}],"collection":[{"href":"https:\/\/vhrc.fr\/en\/wp-json\/wp\/v2\/pages"}],"about":[{"href":"https:\/\/vhrc.fr\/en\/wp-json\/wp\/v2\/types\/page"}],"author":[{"embeddable":true,"href":"https:\/\/vhrc.fr\/en\/wp-json\/wp\/v2\/users\/5"}],"replies":[{"embeddable":true,"href":"https:\/\/vhrc.fr\/en\/wp-json\/wp\/v2\/comments?post=450"}],"version-history":[{"count":7,"href":"https:\/\/vhrc.fr\/en\/wp-json\/wp\/v2\/pages\/450\/revisions"}],"predecessor-version":[{"id":3485,"href":"https:\/\/vhrc.fr\/en\/wp-json\/wp\/v2\/pages\/450\/revisions\/3485"}],"up":[{"embeddable":true,"href":"https:\/\/vhrc.fr\/en\/wp-json\/wp\/v2\/pages\/183"}],"wp:featuredmedia":[{"embeddable":true,"href":"https:\/\/vhrc.fr\/en\/wp-json\/wp\/v2\/media\/2683"}],"wp:attachment":[{"href":"https:\/\/vhrc.fr\/en\/wp-json\/wp\/v2\/media?parent=450"}],"curies":[{"name":"wp","href":"https:\/\/api.w.org\/{rel}","templated":true}]}}