{"id":465,"date":"2010-02-14T08:51:15","date_gmt":"2010-02-14T07:51:15","guid":{"rendered":"http:\/\/vhrc.fr\/?page_id=465"},"modified":"2025-07-08T09:21:22","modified_gmt":"2025-07-08T08:21:22","slug":"1991-gp-villeneuve","status":"publish","type":"page","link":"https:\/\/vhrc.fr\/en\/historique\/vhrc-lhistorique\/1991-gp-villeneuve\/","title":{"rendered":"1991 GP Villeneuve"},"content":{"rendered":"<h2><strong>Deuxi\u00e8me coupe <\/strong><strong>europ\u00e9enne de m<\/strong><strong>od\u00e9lisme<\/strong><\/h2>\n<h2><strong>VILLENEUVE-LES-AVIGNON <\/strong><\/h2>\n<p align=\"left\">Tous les amateurs de sport automobile doivent imp\u00e9rativement retenir leur weekend du 25 et 26 mai. Villeneuve va vivre sa coupe europ\u00e9enne de voitures radiocommand\u00e9es \u00e0 l&rsquo;\u00e9chelle 1\/4. Le th\u00e9\u00e2tre de cette compl\u00e9tion de haut niveau sera la place Charles-David (place March\u00e9).<\/p>\n<p align=\"left\">Cette manifestation sportive est organis\u00e9e par toute nouvelle association \u00ab\u00a0Villeneuve Models\u00a0\u00bb ou collaboration pr\u00e9cieuse et indispensable de la municipalit\u00e9, de A.C.T. carrosserie, de T.C.R.A., de Minimag, les assurances Groupama. Les premiers essais sur circuit sp\u00e9cialement am\u00e9nag\u00e9 d\u00e9buteront le samedi 25 \u00e0 9 heures, et se prolongeront jusqu&rsquo;\u00e0 15 heures avec une interruption entre 12 et 14 heures. Les qualifications et les premi\u00e8res manches auront lieu de 15 \u00e0 18 heures. Dimanche 2-mai, de 9 \u00e0 10 heures, premi\u00e8re s\u00e9rie qualificative, de 10 \u00e0 12 heures sous finales. A 13 h. 50, quart de finale. Les courses finales se disputeront de 14 h. 45 \u00e0 17 heures. Elles seront suivies de la remise des prix et d&rsquo;un ap\u00e9ritif de cl\u00f4ture \u00e0 17 h. 30.<\/p>\n<p align=\"left\">Cette ann\u00e9e encore nos yeux seront braqu\u00e9s sur notre jeune espoir local, Brice Giardini, au volant de sa Renault 21 turbo Cup qui, la saison derni\u00e8re, ne l&rsquo;oublions pas, a termin\u00e9 3e du championnat de France. Autre pilote \u00e0 suivre Stanley Rolland qui disputera ses chances avec une 309 Cup.<\/p>\n<p align=\"left\">[singlepic id=277 w=800 h=600 float=]<\/p>\n","protected":false},"excerpt":{"rendered":"<p>Deuxi\u00e8me coupe europ\u00e9enne de mod\u00e9lisme VILLENEUVE-LES-AVIGNON Tous les amateurs de sport automobile doivent imp\u00e9rativement retenir leur weekend du 25 et<\/p>","protected":false},"author":5,"featured_media":467,"parent":686,"menu_order":0,"comment_status":"open","ping_status":"open","template":"","meta":{"colormag_page_container_layout":"default_layout","colormag_page_sidebar_layout":"default_layout","footnotes":""},"class_list":["post-465","page","type-page","status-publish","has-post-thumbnail","hentry"],"_links":{"self":[{"href":"https:\/\/vhrc.fr\/en\/wp-json\/wp\/v2\/pages\/465","targetHints":{"allow":["GET"]}}],"collection":[{"href":"https:\/\/vhrc.fr\/en\/wp-json\/wp\/v2\/pages"}],"about":[{"href":"https:\/\/vhrc.fr\/en\/wp-json\/wp\/v2\/types\/page"}],"author":[{"embeddable":true,"href":"https:\/\/vhrc.fr\/en\/wp-json\/wp\/v2\/users\/5"}],"replies":[{"embeddable":true,"href":"https:\/\/vhrc.fr\/en\/wp-json\/wp\/v2\/comments?post=465"}],"version-history":[{"count":5,"href":"https:\/\/vhrc.fr\/en\/wp-json\/wp\/v2\/pages\/465\/revisions"}],"predecessor-version":[{"id":690,"href":"https:\/\/vhrc.fr\/en\/wp-json\/wp\/v2\/pages\/465\/revisions\/690"}],"up":[{"embeddable":true,"href":"https:\/\/vhrc.fr\/en\/wp-json\/wp\/v2\/pages\/686"}],"wp:featuredmedia":[{"embeddable":true,"href":"https:\/\/vhrc.fr\/en\/wp-json\/wp\/v2\/media\/467"}],"wp:attachment":[{"href":"https:\/\/vhrc.fr\/en\/wp-json\/wp\/v2\/media?parent=465"}],"curies":[{"name":"wp","href":"https:\/\/api.w.org\/{rel}","templated":true}]}}