{"id":481,"date":"2010-02-27T21:39:54","date_gmt":"2010-02-27T20:39:54","guid":{"rendered":"http:\/\/vhrc.fr\/?page_id=481"},"modified":"2019-12-18T09:24:19","modified_gmt":"2019-12-18T08:24:19","slug":"championnat-deurope-palmares","status":"publish","type":"page","link":"https:\/\/vhrc.fr\/en\/historique\/championnat-deurope-palmares\/","title":{"rendered":"Championnat d&rsquo;Europe 1988-2004"},"content":{"rendered":"<h1>palmar\u00e8s championnat d&rsquo;Europe voitures RC 1:4<\/h1>\n<p>&nbsp;<\/p>\n<h2>GT<\/h2>\n<table border=\"0\" frame=\"VOID\" rules=\"NONE\" cellspacing=\"0\">\n<colgroup>\n<col width=\"41\" \/>\n<col width=\"126\" \/>\n<col width=\"98\" \/>\n<col width=\"89\" \/>\n<col width=\"82\" \/><\/colgroup>\n<tbody>\n<tr>\n<td align=\"LEFT\" width=\"41\" height=\"17\">an<\/td>\n<td align=\"LEFT\" width=\"126\">nom<\/td>\n<td align=\"LEFT\" width=\"98\">pays<\/td>\n<td align=\"LEFT\" width=\"89\">Ville<\/td>\n<td align=\"LEFT\" width=\"82\">pays course<\/td>\n<td align=\"LEFT\" width=\"82\"><\/td>\n<\/tr>\n<tr>\n<td align=\"RIGHT\" height=\"17\">1988<\/td>\n<td align=\"LEFT\">Weck H.<\/td>\n<td align=\"LEFT\">Germany<\/td>\n<td align=\"LEFT\">Schl\u00fcchtern<\/td>\n<td align=\"LEFT\">Germany<\/td>\n<td align=\"LEFT\"><\/td>\n<\/tr>\n<tr>\n<td align=\"RIGHT\" height=\"17\">1989<\/td>\n<td align=\"LEFT\">Alberghini G.<\/td>\n<td align=\"LEFT\">Italy<\/td>\n<td align=\"LEFT\">championnat<\/td>\n<td align=\"LEFT\"><\/td>\n<td align=\"LEFT\"><\/td>\n<\/tr>\n<tr>\n<td align=\"RIGHT\" height=\"17\">1990<\/td>\n<td align=\"LEFT\">Bayer M.<\/td>\n<td align=\"LEFT\">Austria<\/td>\n<td align=\"LEFT\">championnat<\/td>\n<td align=\"LEFT\"><\/td>\n<td align=\"LEFT\"><\/td>\n<\/tr>\n<tr>\n<td align=\"RIGHT\" height=\"17\">1991<\/td>\n<td align=\"LEFT\">Bayer M.<\/td>\n<td align=\"LEFT\">Austria<\/td>\n<td align=\"LEFT\">championnat<\/td>\n<td align=\"LEFT\"><\/td>\n<td align=\"LEFT\"><\/td>\n<\/tr>\n<tr>\n<td align=\"RIGHT\" height=\"17\">1992<\/td>\n<td align=\"LEFT\">Fr\u00fcwirth G.<\/td>\n<td align=\"LEFT\">Austria<\/td>\n<td align=\"LEFT\">championnat<\/td>\n<td align=\"LEFT\"><\/td>\n<td align=\"LEFT\"><\/td>\n<\/tr>\n<tr>\n<td align=\"RIGHT\" height=\"17\">1993<\/td>\n<td align=\"LEFT\">Stumpf W<\/td>\n<td align=\"LEFT\">Austria<\/td>\n<td align=\"LEFT\">championnat<\/td>\n<td align=\"LEFT\"><\/td>\n<td align=\"LEFT\"><\/td>\n<\/tr>\n<tr>\n<td align=\"RIGHT\" height=\"17\">1994<\/td>\n<td align=\"LEFT\">Trettenbrein A.<\/td>\n<td align=\"LEFT\">Austria<\/td>\n<td align=\"LEFT\">championnat<\/td>\n<td align=\"LEFT\"><\/td>\n<td align=\"LEFT\"><\/td>\n<\/tr>\n<tr>\n<td align=\"RIGHT\" height=\"17\">1995<\/td>\n<td align=\"LEFT\">Berron J.-C.<\/td>\n<td align=\"LEFT\">France<\/td>\n<td align=\"LEFT\">Grenoble<\/td>\n<td align=\"LEFT\">France<\/td>\n<td align=\"LEFT\">1 2 3 Septembre<\/td>\n<\/tr>\n<tr>\n<td align=\"RIGHT\" height=\"17\">1996<\/td>\n<td align=\"LEFT\">Chaussard A.<\/td>\n<td align=\"LEFT\">France<\/td>\n<td align=\"LEFT\">Sollenau<\/td>\n<td align=\"LEFT\">Austria<\/td>\n<td align=\"LEFT\"><\/td>\n<\/tr>\n<tr>\n<td align=\"RIGHT\" height=\"17\">1997<\/td>\n<td align=\"LEFT\">Lautenschlager B.<\/td>\n<td align=\"LEFT\">Switzerland<\/td>\n<td align=\"LEFT\">Igualada<\/td>\n<td align=\"LEFT\">Spain<\/td>\n<td align=\"LEFT\"><\/td>\n<\/tr>\n<tr>\n<td align=\"RIGHT\" height=\"17\">1998<\/td>\n<td align=\"LEFT\">Dufour R.<\/td>\n<td align=\"LEFT\">France<\/td>\n<td align=\"LEFT\">Thionville<\/td>\n<td align=\"LEFT\">France<\/td>\n<td align=\"LEFT\"><\/td>\n<\/tr>\n<tr>\n<td align=\"RIGHT\" height=\"17\">1999<\/td>\n<td align=\"LEFT\">Levy A.<\/td>\n<td align=\"LEFT\">France<\/td>\n<td align=\"LEFT\">Zagreb<\/td>\n<td align=\"LEFT\">Croatia<\/td>\n<td align=\"LEFT\"><\/td>\n<\/tr>\n<tr>\n<td align=\"RIGHT\" height=\"17\">2000<\/td>\n<td align=\"LEFT\">Levy A.<\/td>\n<td align=\"LEFT\">France<\/td>\n<td align=\"LEFT\">Lostallo<\/td>\n<td align=\"LEFT\">Switzerland<\/td>\n<td align=\"LEFT\"><\/td>\n<\/tr>\n<tr>\n<td align=\"RIGHT\" height=\"17\">2001<\/td>\n<td align=\"LEFT\">Rimbault J.<\/td>\n<td align=\"LEFT\">France<\/td>\n<td align=\"LEFT\">Grenoble<\/td>\n<td align=\"LEFT\">France<\/td>\n<td align=\"LEFT\"><\/td>\n<\/tr>\n<tr>\n<td align=\"RIGHT\" height=\"17\">2004<\/td>\n<td align=\"LEFT\">Comptat H.<\/td>\n<td align=\"LEFT\">France<\/td>\n<td align=\"LEFT\">Lostallo<\/td>\n<td align=\"LEFT\">Switzerland<\/td>\n<td align=\"LEFT\"><\/td>\n<\/tr>\n<\/tbody>\n<\/table>\n<figure id=\"attachment_3890\" aria-describedby=\"caption-attachment-3890\" style=\"width: 472px\" class=\"wp-caption alignnone\"><a href=\"http:\/\/vhrc.fr\/wp-content\/uploads\/2013\/05\/ce-2004-lostallo.jpg\"><img loading=\"lazy\" decoding=\"async\" class=\"size-full wp-image-3890\" src=\"http:\/\/vhrc.fr\/wp-content\/uploads\/2013\/05\/ce-2004-lostallo.jpg\" alt=\"6 pilotes C.E. 2004 lostallo\" width=\"472\" height=\"349\" \/><\/a><figcaption id=\"caption-attachment-3890\" class=\"wp-caption-text\">ce 2004 lostallo podium<\/figcaption><\/figure>\n<h2>F1<\/h2>\n<table border=\"0\" frame=\"VOID\" rules=\"NONE\" cellspacing=\"0\">\n<colgroup>\n<col width=\"41\" \/>\n<col width=\"138\" \/>\n<col width=\"55\" \/>\n<col width=\"66\" \/>\n<col width=\"82\" \/><\/colgroup>\n<tbody>\n<tr>\n<td align=\"CENTER\" width=\"41\" height=\"17\">an<\/td>\n<td align=\"CENTER\" width=\"138\">nom<\/td>\n<td align=\"CENTER\" width=\"55\">pays<\/td>\n<td align=\"CENTER\" width=\"66\">ville<\/td>\n<td align=\"CENTER\" width=\"82\">pays course<\/td>\n<\/tr>\n<tr>\n<td align=\"CENTER\" height=\"18\">1995<\/td>\n<td align=\"CENTER\">Gonzales Mestre, V.<\/td>\n<td align=\"CENTER\">?<\/td>\n<td align=\"CENTER\">Grenoble<\/td>\n<td align=\"CENTER\">France<\/td>\n<\/tr>\n<tr>\n<td align=\"CENTER\" height=\"18\">1996<\/td>\n<td align=\"CENTER\">Bayer, M.<\/td>\n<td align=\"CENTER\">Austria<\/td>\n<td align=\"CENTER\">Zagreb<\/td>\n<td align=\"CENTER\">Croatia<\/td>\n<\/tr>\n<tr>\n<td align=\"CENTER\" height=\"18\">1997<\/td>\n<td align=\"CENTER\">Godefroy, S.<\/td>\n<td align=\"CENTER\">France<\/td>\n<td align=\"CENTER\">Igualada<\/td>\n<td align=\"CENTER\">Spain<\/td>\n<\/tr>\n<tr>\n<td align=\"CENTER\" height=\"18\">1998<\/td>\n<td align=\"CENTER\">Giardini, B.<\/td>\n<td align=\"CENTER\">France<\/td>\n<td align=\"CENTER\">Thionville<\/td>\n<td align=\"CENTER\">France<\/td>\n<\/tr>\n<tr>\n<td align=\"CENTER\" height=\"18\">1999<\/td>\n<td align=\"CENTER\">Merkas, D.<\/td>\n<td align=\"CENTER\">Croatia<\/td>\n<td align=\"CENTER\">Zagreb<\/td>\n<td align=\"CENTER\">Croatia<\/td>\n<\/tr>\n<tr>\n<td align=\"CENTER\" height=\"18\">2000<\/td>\n<td align=\"CENTER\">Perez H., A.<\/td>\n<td align=\"CENTER\">Spain<\/td>\n<td align=\"CENTER\">Lostallo<\/td>\n<td align=\"CENTER\">Switzerland<\/td>\n<\/tr>\n<tr>\n<td align=\"CENTER\" height=\"18\">2001<\/td>\n<td align=\"CENTER\">Gutierrez, A.<\/td>\n<td align=\"CENTER\">Spain<\/td>\n<td align=\"CENTER\">Grenoble<\/td>\n<td align=\"CENTER\">France<\/td>\n<\/tr>\n<\/tbody>\n<\/table>\n<h1>Les courses en d\u00e9tail<\/h1>\n<div class=\"pt-cv-wrapper\"><div class=\"pt-cv-view pt-cv-grid pt-cv-colsys\" id=\"pt-cv-view-0e99f1f1f5\"><div data-id=\"pt-cv-page-1\" class=\"pt-cv-page\" data-cvc=\"2\"><div class=\"col-md-6 col-sm-6 col-xs-12 pt-cv-content-item pt-cv-1-col\" ><div class='pt-cv-ifield'><a href=\"https:\/\/vhrc.fr\/en\/historique\/championnat-deurope-palmares\/1995-grenoble-ce\/\" class=\"_self pt-cv-href-thumbnail pt-cv-thumb-default\" target=\"_self\" ><img loading=\"lazy\" decoding=\"async\" width=\"400\" height=\"238\" src=\"https:\/\/vhrc.fr\/wp-content\/uploads\/2017\/03\/wrcm169-104_cr-500x298.jpg\" class=\"pt-cv-thumbnail\" alt=\"\" srcset=\"https:\/\/vhrc.fr\/wp-content\/uploads\/2017\/03\/wrcm169-104_cr-500x298.jpg 500w, https:\/\/vhrc.fr\/wp-content\/uploads\/2017\/03\/wrcm169-104_cr-768x458.jpg 768w, https:\/\/vhrc.fr\/wp-content\/uploads\/2017\/03\/wrcm169-104_cr-800x477.jpg 800w, https:\/\/vhrc.fr\/wp-content\/uploads\/2017\/03\/wrcm169-104_cr.jpg 1262w\" sizes=\"auto, (max-width: 400px) 100vw, 400px\" \/><\/a>\n<h4 class=\"pt-cv-title\"><a href=\"https:\/\/vhrc.fr\/en\/historique\/championnat-deurope-palmares\/1995-grenoble-ce\/\" class=\"_self\" target=\"_self\" >1995 Grenoble CE<\/a><\/h4>\n<div class=\"pt-cv-content\"> ...<br \/><div class=\"pt-cv-rmwrap\"><a href=\"https:\/\/vhrc.fr\/en\/historique\/championnat-deurope-palmares\/1995-grenoble-ce\/\" class=\"_self pt-cv-readmore btn btn-success\" target=\"_self\">Lire La Suite\u2026<\/a><\/div><\/div><\/div><\/div>\n<div class=\"col-md-6 col-sm-6 col-xs-12 pt-cv-content-item pt-cv-1-col\" ><div class='pt-cv-ifield'><a href=\"https:\/\/vhrc.fr\/en\/historique\/championnat-deurope-palmares\/1995-stuttgart\/\" class=\"_self pt-cv-href-thumbnail pt-cv-thumb-default\" target=\"_self\" ><img loading=\"lazy\" decoding=\"async\" width=\"400\" height=\"255\" src=\"https:\/\/vhrc.fr\/wp-content\/uploads\/2017\/03\/stuttgart-95-01-500x319.jpg\" class=\"pt-cv-thumbnail\" alt=\"\" srcset=\"https:\/\/vhrc.fr\/wp-content\/uploads\/2017\/03\/stuttgart-95-01-500x319.jpg 500w, https:\/\/vhrc.fr\/wp-content\/uploads\/2017\/03\/stuttgart-95-01-768x489.jpg 768w, https:\/\/vhrc.fr\/wp-content\/uploads\/2017\/03\/stuttgart-95-01-800x510.jpg 800w, https:\/\/vhrc.fr\/wp-content\/uploads\/2017\/03\/stuttgart-95-01.jpg 1000w\" sizes=\"auto, (max-width: 400px) 100vw, 400px\" \/><\/a>\n<h4 class=\"pt-cv-title\"><a href=\"https:\/\/vhrc.fr\/en\/historique\/championnat-deurope-palmares\/1995-stuttgart\/\" class=\"_self\" target=\"_self\" >1995 Stuttgart<\/a><\/h4>\n<div class=\"pt-cv-content\">Course en salle organis\u00e9e pendant le salon du mod\u00e9lisme 1:4 GT , 1:4 F1, 1:5 groupe C, 1:5 DTM ...<br \/><div class=\"pt-cv-rmwrap\"><a href=\"https:\/\/vhrc.fr\/en\/historique\/championnat-deurope-palmares\/1995-stuttgart\/\" class=\"_self pt-cv-readmore btn btn-success\" target=\"_self\">Lire La Suite\u2026<\/a><\/div><\/div><\/div><\/div>\n<div class=\"col-md-6 col-sm-6 col-xs-12 pt-cv-content-item pt-cv-1-col\" ><div class='pt-cv-ifield'><a href=\"https:\/\/vhrc.fr\/en\/historique\/championnat-deurope-palmares\/2001-europe-grenoble\/\" class=\"_self pt-cv-href-thumbnail pt-cv-thumb-default\" target=\"_self\" ><img loading=\"lazy\" decoding=\"async\" width=\"400\" height=\"266\" src=\"https:\/\/vhrc.fr\/wp-content\/uploads\/2011\/05\/ce_2001_grenoble_01-500x333.jpg\" class=\"pt-cv-thumbnail\" alt=\"\" srcset=\"https:\/\/vhrc.fr\/wp-content\/uploads\/2011\/05\/ce_2001_grenoble_01-500x333.jpg 500w, https:\/\/vhrc.fr\/wp-content\/uploads\/2011\/05\/ce_2001_grenoble_01-800x533.jpg 800w, https:\/\/vhrc.fr\/wp-content\/uploads\/2011\/05\/ce_2001_grenoble_01.jpg 886w\" sizes=\"auto, (max-width: 400px) 100vw, 400px\" \/><\/a>\n<h4 class=\"pt-cv-title\"><a href=\"https:\/\/vhrc.fr\/en\/historique\/championnat-deurope-palmares\/2001-europe-grenoble\/\" class=\"_self\" target=\"_self\" >2001 Grenoble CE<\/a><\/h4>\n<div class=\"pt-cv-content\">championnat d'europe 1\/4 - 1\/5 Grenoble, juillet 2001 [nggallery id=71] ...<br \/><div class=\"pt-cv-rmwrap\"><a href=\"https:\/\/vhrc.fr\/en\/historique\/championnat-deurope-palmares\/2001-europe-grenoble\/\" class=\"_self pt-cv-readmore btn btn-success\" target=\"_self\">Lire La Suite\u2026<\/a><\/div><\/div><\/div><\/div>\n<div class=\"col-md-6 col-sm-6 col-xs-12 pt-cv-content-item pt-cv-1-col\" ><div class='pt-cv-ifield'><a href=\"https:\/\/vhrc.fr\/en\/historique\/championnat-deurope-palmares\/2004-europe-lostallo\/\" class=\"_self pt-cv-href-thumbnail pt-cv-thumb-default\" target=\"_self\" ><img loading=\"lazy\" decoding=\"async\" width=\"400\" height=\"296\" src=\"https:\/\/vhrc.fr\/wp-content\/uploads\/2013\/05\/ce-2004-lostallo.jpg\" class=\"pt-cv-thumbnail\" alt=\"6 pilotes C.E. 2004 lostallo\" \/><\/a>\n<h4 class=\"pt-cv-title\"><a href=\"https:\/\/vhrc.fr\/en\/historique\/championnat-deurope-palmares\/2004-europe-lostallo\/\" class=\"_self\" target=\"_self\" >2004 Lostallo CE<\/a><\/h4>\n<div class=\"pt-cv-content\">la derni\u00e8re \u00e9preuve officielle de 1:4 en Europe... jusqu'\u00e0 ce jour gagn\u00e9e par Hadrien Comptat. surement un des plus beaux ...<br \/><div class=\"pt-cv-rmwrap\"><a href=\"https:\/\/vhrc.fr\/en\/historique\/championnat-deurope-palmares\/2004-europe-lostallo\/\" class=\"_self pt-cv-readmore btn btn-success\" target=\"_self\">Lire La Suite\u2026<\/a><\/div><\/div><\/div><\/div><\/div><\/div><\/div>\n","protected":false},"excerpt":{"rendered":"<p>palmar\u00e8s championnat d&rsquo;Europe voitures RC 1:4 &nbsp; GT an nom pays Ville pays course 1988 Weck H. Germany Schl\u00fcchtern Germany<\/p>","protected":false},"author":5,"featured_media":3901,"parent":131,"menu_order":2,"comment_status":"open","ping_status":"open","template":"","meta":{"colormag_page_container_layout":"default_layout","colormag_page_sidebar_layout":"default_layout","footnotes":""},"class_list":["post-481","page","type-page","status-publish","has-post-thumbnail","hentry"],"_links":{"self":[{"href":"https:\/\/vhrc.fr\/en\/wp-json\/wp\/v2\/pages\/481","targetHints":{"allow":["GET"]}}],"collection":[{"href":"https:\/\/vhrc.fr\/en\/wp-json\/wp\/v2\/pages"}],"about":[{"href":"https:\/\/vhrc.fr\/en\/wp-json\/wp\/v2\/types\/page"}],"author":[{"embeddable":true,"href":"https:\/\/vhrc.fr\/en\/wp-json\/wp\/v2\/users\/5"}],"replies":[{"embeddable":true,"href":"https:\/\/vhrc.fr\/en\/wp-json\/wp\/v2\/comments?post=481"}],"version-history":[{"count":11,"href":"https:\/\/vhrc.fr\/en\/wp-json\/wp\/v2\/pages\/481\/revisions"}],"predecessor-version":[{"id":9111,"href":"https:\/\/vhrc.fr\/en\/wp-json\/wp\/v2\/pages\/481\/revisions\/9111"}],"up":[{"embeddable":true,"href":"https:\/\/vhrc.fr\/en\/wp-json\/wp\/v2\/pages\/131"}],"wp:featuredmedia":[{"embeddable":true,"href":"https:\/\/vhrc.fr\/en\/wp-json\/wp\/v2\/media\/3901"}],"wp:attachment":[{"href":"https:\/\/vhrc.fr\/en\/wp-json\/wp\/v2\/media?parent=481"}],"curies":[{"name":"wp","href":"https:\/\/api.w.org\/{rel}","templated":true}]}}