{"id":4904,"date":"2014-06-26T08:27:41","date_gmt":"2014-06-26T07:27:41","guid":{"rendered":"http:\/\/vhrc.fr\/?page_id=4904"},"modified":"2025-07-08T09:23:12","modified_gmt":"2025-07-08T08:23:12","slug":"2014-m6-clermont-f","status":"publish","type":"page","link":"https:\/\/vhrc.fr\/en\/historique\/vhrc-lhistorique\/2014-vhrc\/2014-m6-clermont-f\/","title":{"rendered":"2014 M06 Clermont F"},"content":{"rendered":"<h1>manifestation annul\u00e9e par manque de b\u00e9n\u00e9voles.<\/h1>\n<p><span style=\"text-decoration: line-through;\">rendez vous les 01\/02\/03 A\u00f4ut sur un des plus beaux circuits.\/span&gt;<\/span><\/p>\n<p>&nbsp;<\/p>","protected":false},"excerpt":{"rendered":"<p>manifestation annul\u00e9e par manque de b\u00e9n\u00e9voles. rendez vous les 01\/02\/03 A\u00f4ut sur un des plus beaux circuits.\/span&gt; &nbsp;<\/p>","protected":false},"author":5,"featured_media":2897,"parent":4244,"menu_order":0,"comment_status":"closed","ping_status":"closed","template":"","meta":{"colormag_page_container_layout":"default_layout","colormag_page_sidebar_layout":"default_layout","footnotes":""},"class_list":["post-4904","page","type-page","status-publish","has-post-thumbnail","hentry"],"_links":{"self":[{"href":"https:\/\/vhrc.fr\/en\/wp-json\/wp\/v2\/pages\/4904","targetHints":{"allow":["GET"]}}],"collection":[{"href":"https:\/\/vhrc.fr\/en\/wp-json\/wp\/v2\/pages"}],"about":[{"href":"https:\/\/vhrc.fr\/en\/wp-json\/wp\/v2\/types\/page"}],"author":[{"embeddable":true,"href":"https:\/\/vhrc.fr\/en\/wp-json\/wp\/v2\/users\/5"}],"replies":[{"embeddable":true,"href":"https:\/\/vhrc.fr\/en\/wp-json\/wp\/v2\/comments?post=4904"}],"version-history":[{"count":4,"href":"https:\/\/vhrc.fr\/en\/wp-json\/wp\/v2\/pages\/4904\/revisions"}],"predecessor-version":[{"id":5300,"href":"https:\/\/vhrc.fr\/en\/wp-json\/wp\/v2\/pages\/4904\/revisions\/5300"}],"up":[{"embeddable":true,"href":"https:\/\/vhrc.fr\/en\/wp-json\/wp\/v2\/pages\/4244"}],"wp:featuredmedia":[{"embeddable":true,"href":"https:\/\/vhrc.fr\/en\/wp-json\/wp\/v2\/media\/2897"}],"wp:attachment":[{"href":"https:\/\/vhrc.fr\/en\/wp-json\/wp\/v2\/media?parent=4904"}],"curies":[{"name":"wp","href":"https:\/\/api.w.org\/{rel}","templated":true}]}}