{"id":4907,"date":"2014-06-26T08:31:32","date_gmt":"2014-06-26T07:31:32","guid":{"rendered":"http:\/\/vhrc.fr\/?page_id=4907"},"modified":"2025-07-08T09:23:12","modified_gmt":"2025-07-08T08:23:12","slug":"2014-m8-saint-affrique","status":"publish","type":"page","link":"https:\/\/vhrc.fr\/en\/historique\/vhrc-lhistorique\/2014-vhrc\/2014-m8-saint-affrique\/","title":{"rendered":"2014 M08 Saint Affrique"},"content":{"rendered":"<p>retour au pays du Roquefort le 28 Septembre 2014.<\/p>\n<p>&nbsp;<\/p>\n<figure id=\"attachment_4992\" aria-describedby=\"caption-attachment-4992\" style=\"width: 300px\" class=\"wp-caption alignnone\"><a href=\"http:\/\/vhrc.fr\/wp-content\/uploads\/2014\/06\/vhrc_2014_m8_ard\u00e9che-2014.-001ard\u00e9che-2014.-001.jpg\"><img loading=\"lazy\" decoding=\"async\" class=\"size-medium wp-image-4992\" src=\"http:\/\/vhrc.fr\/wp-content\/uploads\/2014\/06\/vhrc_2014_m8_ard\u00e9che-2014.-001ard\u00e9che-2014.-001-300x225.jpg\" alt=\"Patrick le suisse\" width=\"300\" height=\"225\" \/><\/a><figcaption id=\"caption-attachment-4992\" class=\"wp-caption-text\">Patrick le suisse<\/figcaption><\/figure>\n<figure id=\"attachment_4993\" aria-describedby=\"caption-attachment-4993\" style=\"width: 300px\" class=\"wp-caption alignnone\"><a href=\"http:\/\/vhrc.fr\/wp-content\/uploads\/2014\/06\/vhrc_2014_m8_ard\u00e9che-2014.-002ard\u00e9che-2014.-002.jpg\"><img loading=\"lazy\" decoding=\"async\" class=\"size-medium wp-image-4993\" src=\"http:\/\/vhrc.fr\/wp-content\/uploads\/2014\/06\/vhrc_2014_m8_ard\u00e9che-2014.-002ard\u00e9che-2014.-002-300x225.jpg\" alt=\"plaque circuit des baumes\" width=\"300\" height=\"225\" \/><\/a><figcaption id=\"caption-attachment-4993\" class=\"wp-caption-text\">plaque circuit des baumes<\/figcaption><\/figure>\n<figure id=\"attachment_4994\" aria-describedby=\"caption-attachment-4994\" style=\"width: 300px\" class=\"wp-caption alignnone\"><a href=\"http:\/\/vhrc.fr\/wp-content\/uploads\/2014\/06\/vhrc_2014_m8_ard\u00e9che-2014.-003ard\u00e9che-2014.-003.jpg\"><img loading=\"lazy\" decoding=\"async\" class=\"size-medium wp-image-4994\" src=\"http:\/\/vhrc.fr\/wp-content\/uploads\/2014\/06\/vhrc_2014_m8_ard\u00e9che-2014.-003ard\u00e9che-2014.-003-300x225.jpg\" alt=\"bmw 1\/5\" width=\"300\" height=\"225\" \/><\/a><figcaption id=\"caption-attachment-4994\" class=\"wp-caption-text\">bmw 1\/5<\/figcaption><\/figure>\n<figure id=\"attachment_4995\" aria-describedby=\"caption-attachment-4995\" style=\"width: 300px\" class=\"wp-caption alignnone\"><a href=\"http:\/\/vhrc.fr\/wp-content\/uploads\/2014\/06\/vhrc_2014_m8_ard\u00e9che-2014.-004ard\u00e9che-2014.-004.jpg\"><img loading=\"lazy\" decoding=\"async\" class=\"size-medium wp-image-4995\" src=\"http:\/\/vhrc.fr\/wp-content\/uploads\/2014\/06\/vhrc_2014_m8_ard\u00e9che-2014.-004ard\u00e9che-2014.-004-300x225.jpg\" alt=\"mini gb\" width=\"300\" height=\"225\" \/><\/a><figcaption id=\"caption-attachment-4995\" class=\"wp-caption-text\">mini gb<\/figcaption><\/figure>\n<p><a href=\"http:\/\/vhrc.fr\/wp-content\/uploads\/2014\/06\/vhrc_2014_m8_ard\u00e9che-2014.-005ard\u00e9che-2014.-005.jpg\"><img loading=\"lazy\" decoding=\"async\" class=\"alignnone size-medium wp-image-4996\" src=\"http:\/\/vhrc.fr\/wp-content\/uploads\/2014\/06\/vhrc_2014_m8_ard\u00e9che-2014.-005ard\u00e9che-2014.-005-300x225.jpg\" alt=\"vhrc_2014_m8_ard\u00e9che 2014. 005ard\u00e9che 2014. 005\" width=\"300\" height=\"225\" \/><\/a><\/p>\n<figure id=\"attachment_4997\" aria-describedby=\"caption-attachment-4997\" style=\"width: 300px\" class=\"wp-caption alignnone\"><a href=\"http:\/\/vhrc.fr\/wp-content\/uploads\/2014\/06\/vhrc_2014_m8_ard\u00e9che-2014.-006ard\u00e9che-2014.-006.jpg\"><img loading=\"lazy\" decoding=\"async\" class=\"size-medium wp-image-4997\" src=\"http:\/\/vhrc.fr\/wp-content\/uploads\/2014\/06\/vhrc_2014_m8_ard\u00e9che-2014.-006ard\u00e9che-2014.-006-300x225.jpg\" alt=\"mini jaune\" width=\"300\" height=\"225\" \/><\/a><figcaption id=\"caption-attachment-4997\" class=\"wp-caption-text\">mini jaune<\/figcaption><\/figure>\n<p><a href=\"http:\/\/vhrc.fr\/wp-content\/uploads\/2014\/06\/vhrc_2014_m8_ard\u00e9che-2014.-007ard\u00e9che-2014.-007.jpg\"><img loading=\"lazy\" decoding=\"async\" class=\"alignnone size-medium wp-image-4998\" src=\"http:\/\/vhrc.fr\/wp-content\/uploads\/2014\/06\/vhrc_2014_m8_ard\u00e9che-2014.-007ard\u00e9che-2014.-007-300x225.jpg\" alt=\"vhrc_2014_m8_ard\u00e9che 2014. 007ard\u00e9che 2014. 007\" width=\"300\" height=\"225\" \/><\/a><\/p>\n<figure id=\"attachment_4999\" aria-describedby=\"caption-attachment-4999\" style=\"width: 300px\" class=\"wp-caption alignnone\"><a href=\"http:\/\/vhrc.fr\/wp-content\/uploads\/2014\/06\/vhrc_2014_m8_ard\u00e9che-2014.-008ard\u00e9che-2014.-008.jpg\"><img loading=\"lazy\" decoding=\"async\" class=\"size-medium wp-image-4999\" src=\"http:\/\/vhrc.fr\/wp-content\/uploads\/2014\/06\/vhrc_2014_m8_ard\u00e9che-2014.-008ard\u00e9che-2014.-008-300x225.jpg\" alt=\"jp et JL\" width=\"300\" height=\"225\" \/><\/a><figcaption id=\"caption-attachment-4999\" class=\"wp-caption-text\">jp et JL<\/figcaption><\/figure>\n<p><a href=\"http:\/\/vhrc.fr\/wp-content\/uploads\/2014\/06\/vhrc_2014_m8_ard\u00e9che-2014.-009ard\u00e9che-2014.-009.jpg\"><img loading=\"lazy\" decoding=\"async\" class=\"alignnone size-medium wp-image-5000\" src=\"http:\/\/vhrc.fr\/wp-content\/uploads\/2014\/06\/vhrc_2014_m8_ard\u00e9che-2014.-009ard\u00e9che-2014.-009-300x225.jpg\" alt=\"vhrc_2014_m8_ard\u00e9che 2014. 009ard\u00e9che 2014. 009\" width=\"300\" height=\"225\" \/><\/a><\/p>\n<figure id=\"attachment_5001\" aria-describedby=\"caption-attachment-5001\" style=\"width: 300px\" class=\"wp-caption alignnone\"><a href=\"http:\/\/vhrc.fr\/wp-content\/uploads\/2014\/06\/vhrc_2014_m8_ard\u00e9che-2014.-010ard\u00e9che-2014.-010.jpg\"><img loading=\"lazy\" decoding=\"async\" class=\"size-medium wp-image-5001\" src=\"http:\/\/vhrc.fr\/wp-content\/uploads\/2014\/06\/vhrc_2014_m8_ard\u00e9che-2014.-010ard\u00e9che-2014.-010-300x225.jpg\" alt=\"camping car 4x4\" width=\"300\" height=\"225\" \/><\/a><figcaption id=\"caption-attachment-5001\" class=\"wp-caption-text\">camping car 4&#215;4<\/figcaption><\/figure>\n<figure id=\"attachment_5002\" aria-describedby=\"caption-attachment-5002\" style=\"width: 300px\" class=\"wp-caption alignnone\"><a href=\"http:\/\/vhrc.fr\/wp-content\/uploads\/2014\/06\/vhrc_2014_m8_ard\u00e9che-2014.-017ard\u00e9che-2014.-017.jpg\"><img loading=\"lazy\" decoding=\"async\" class=\"size-medium wp-image-5002\" src=\"http:\/\/vhrc.fr\/wp-content\/uploads\/2014\/06\/vhrc_2014_m8_ard\u00e9che-2014.-017ard\u00e9che-2014.-017-300x225.jpg\" alt=\"mini xavier\" width=\"300\" height=\"225\" \/><\/a><figcaption id=\"caption-attachment-5002\" class=\"wp-caption-text\">mini xavier<\/figcaption><\/figure>\n<p><a href=\"http:\/\/vhrc.fr\/wp-content\/uploads\/2014\/06\/vhrc_2014_m8_ard\u00e9che-2014.-018ard\u00e9che-2014.-018.jpg\"><img loading=\"lazy\" decoding=\"async\" class=\"alignnone size-medium wp-image-5003\" src=\"http:\/\/vhrc.fr\/wp-content\/uploads\/2014\/06\/vhrc_2014_m8_ard\u00e9che-2014.-018ard\u00e9che-2014.-018-300x225.jpg\" alt=\"vhrc_2014_m8_ard\u00e9che 2014. 018ard\u00e9che 2014. 018\" width=\"300\" height=\"225\" \/><\/a> <a href=\"http:\/\/vhrc.fr\/wp-content\/uploads\/2014\/06\/vhrc_2014_m8_ard\u00e9che-2014.-021ard\u00e9che-2014.-021.jpg\"><img loading=\"lazy\" decoding=\"async\" class=\"alignnone size-medium wp-image-5004\" src=\"http:\/\/vhrc.fr\/wp-content\/uploads\/2014\/06\/vhrc_2014_m8_ard\u00e9che-2014.-021ard\u00e9che-2014.-021-300x225.jpg\" alt=\"vhrc_2014_m8_ard\u00e9che 2014. 021ard\u00e9che 2014. 021\" width=\"300\" height=\"225\" \/><\/a> <a href=\"http:\/\/vhrc.fr\/wp-content\/uploads\/2014\/06\/vhrc_2014_m8_ard\u00e9che-2014.-022ard\u00e9che-2014.-022.jpg\"><img loading=\"lazy\" decoding=\"async\" class=\"alignnone size-medium wp-image-5005\" src=\"http:\/\/vhrc.fr\/wp-content\/uploads\/2014\/06\/vhrc_2014_m8_ard\u00e9che-2014.-022ard\u00e9che-2014.-022-300x225.jpg\" alt=\"vhrc_2014_m8_ard\u00e9che 2014. 022ard\u00e9che 2014. 022\" width=\"300\" height=\"225\" \/><\/a> <a href=\"http:\/\/vhrc.fr\/wp-content\/uploads\/2014\/06\/vhrc_2014_m8_ard\u00e9che-2014.-025ard\u00e9che-2014.-025.jpg\"><img loading=\"lazy\" decoding=\"async\" class=\"alignnone size-medium wp-image-5006\" src=\"http:\/\/vhrc.fr\/wp-content\/uploads\/2014\/06\/vhrc_2014_m8_ard\u00e9che-2014.-025ard\u00e9che-2014.-025-300x225.jpg\" alt=\"vhrc_2014_m8_ard\u00e9che 2014. 025ard\u00e9che 2014. 025\" width=\"300\" height=\"225\" \/><\/a> <a href=\"http:\/\/vhrc.fr\/wp-content\/uploads\/2014\/06\/vhrc_2014_m8_ard\u00e9che-2014.-026ard\u00e9che-2014.-026.jpg\"><img loading=\"lazy\" decoding=\"async\" class=\"alignnone size-medium wp-image-5007\" src=\"http:\/\/vhrc.fr\/wp-content\/uploads\/2014\/06\/vhrc_2014_m8_ard\u00e9che-2014.-026ard\u00e9che-2014.-026-300x225.jpg\" alt=\"vhrc_2014_m8_ard\u00e9che 2014. 026ard\u00e9che 2014. 026\" width=\"300\" height=\"225\" \/><\/a> <a href=\"http:\/\/vhrc.fr\/wp-content\/uploads\/2014\/06\/vhrc_2014_m8_ard\u00e9che-2014.-027ard\u00e9che-2014.-027.jpg\"><img loading=\"lazy\" decoding=\"async\" class=\"alignnone size-medium wp-image-5008\" src=\"http:\/\/vhrc.fr\/wp-content\/uploads\/2014\/06\/vhrc_2014_m8_ard\u00e9che-2014.-027ard\u00e9che-2014.-027-300x225.jpg\" alt=\"vhrc_2014_m8_ard\u00e9che 2014. 027ard\u00e9che 2014. 027\" width=\"300\" height=\"225\" \/><\/a> <a href=\"http:\/\/vhrc.fr\/wp-content\/uploads\/2014\/06\/vhrc_2014_m8_ard\u00e9che-2014.-028ard\u00e9che-2014.-028.jpg\"><img loading=\"lazy\" decoding=\"async\" class=\"alignnone size-medium wp-image-5009\" src=\"http:\/\/vhrc.fr\/wp-content\/uploads\/2014\/06\/vhrc_2014_m8_ard\u00e9che-2014.-028ard\u00e9che-2014.-028-300x225.jpg\" alt=\"vhrc_2014_m8_ard\u00e9che 2014. 028ard\u00e9che 2014. 028\" width=\"300\" height=\"225\" \/><\/a> <a href=\"http:\/\/vhrc.fr\/wp-content\/uploads\/2014\/06\/vhrc_2014_m8_ard\u00e9che-2014.-030ard\u00e9che-2014.-030.jpg\"><img loading=\"lazy\" decoding=\"async\" class=\"alignnone size-medium wp-image-5010\" src=\"http:\/\/vhrc.fr\/wp-content\/uploads\/2014\/06\/vhrc_2014_m8_ard\u00e9che-2014.-030ard\u00e9che-2014.-030-300x225.jpg\" alt=\"vhrc_2014_m8_ard\u00e9che 2014. 030ard\u00e9che 2014. 030\" width=\"300\" height=\"225\" \/><\/a> <a href=\"http:\/\/vhrc.fr\/wp-content\/uploads\/2014\/06\/vhrc_2014_m8_ard\u00e9che-2014.-033ard\u00e9che-2014.-033.jpg\"><img loading=\"lazy\" decoding=\"async\" class=\"alignnone size-medium wp-image-5011\" src=\"http:\/\/vhrc.fr\/wp-content\/uploads\/2014\/06\/vhrc_2014_m8_ard\u00e9che-2014.-033ard\u00e9che-2014.-033-300x225.jpg\" alt=\"vhrc_2014_m8_ard\u00e9che 2014. 033ard\u00e9che 2014. 033\" width=\"300\" height=\"225\" \/><\/a> <a href=\"http:\/\/vhrc.fr\/wp-content\/uploads\/2014\/06\/vhrc_2014_m8_ard\u00e9che-2014.-035ard\u00e9che-2014.-035.jpg\"><img loading=\"lazy\" decoding=\"async\" class=\"alignnone size-medium wp-image-5012\" src=\"http:\/\/vhrc.fr\/wp-content\/uploads\/2014\/06\/vhrc_2014_m8_ard\u00e9che-2014.-035ard\u00e9che-2014.-035-300x225.jpg\" alt=\"vhrc_2014_m8_ard\u00e9che 2014. 035ard\u00e9che 2014. 035\" width=\"300\" height=\"225\" \/><\/a> <a href=\"http:\/\/vhrc.fr\/wp-content\/uploads\/2014\/06\/vhrc_2014_m8_ard\u00e9che-2014.-036ard\u00e9che-2014.-036.jpg\"><img loading=\"lazy\" decoding=\"async\" class=\"alignnone size-medium wp-image-5013\" src=\"http:\/\/vhrc.fr\/wp-content\/uploads\/2014\/06\/vhrc_2014_m8_ard\u00e9che-2014.-036ard\u00e9che-2014.-036-300x225.jpg\" alt=\"vhrc_2014_m8_ard\u00e9che 2014. 036ard\u00e9che 2014. 036\" width=\"300\" height=\"225\" \/><\/a> <a href=\"http:\/\/vhrc.fr\/wp-content\/uploads\/2014\/06\/vhrc_2014_m8_ard\u00e9che-2014.-039ard\u00e9che-2014.-039.jpg\"><img loading=\"lazy\" decoding=\"async\" class=\"alignnone size-medium wp-image-5014\" src=\"http:\/\/vhrc.fr\/wp-content\/uploads\/2014\/06\/vhrc_2014_m8_ard\u00e9che-2014.-039ard\u00e9che-2014.-039-300x225.jpg\" alt=\"vhrc_2014_m8_ard\u00e9che 2014. 039ard\u00e9che 2014. 039\" width=\"300\" height=\"225\" \/><\/a> <a href=\"http:\/\/vhrc.fr\/wp-content\/uploads\/2014\/06\/vhrc_2014_m8_ard\u00e9che-2014.-041ard\u00e9che-2014.-041.jpg\"><img loading=\"lazy\" decoding=\"async\" class=\"alignnone size-medium wp-image-5015\" src=\"http:\/\/vhrc.fr\/wp-content\/uploads\/2014\/06\/vhrc_2014_m8_ard\u00e9che-2014.-041ard\u00e9che-2014.-041-300x225.jpg\" alt=\"vhrc_2014_m8_ard\u00e9che 2014. 041ard\u00e9che 2014. 041\" width=\"300\" height=\"225\" \/><\/a><\/p>\n<figure id=\"attachment_5016\" aria-describedby=\"caption-attachment-5016\" style=\"width: 1024px\" class=\"wp-caption alignnone\"><a href=\"http:\/\/vhrc.fr\/wp-content\/uploads\/2014\/06\/vhrc_2014_m8_ard\u00e9che-2014.-042ard\u00e9che-2014.-042.jpg\"><img loading=\"lazy\" decoding=\"async\" class=\"wp-image-5016 size-full\" src=\"http:\/\/vhrc.fr\/wp-content\/uploads\/2014\/06\/vhrc_2014_m8_ard\u00e9che-2014.-042ard\u00e9che-2014.-042.jpg\" alt=\"vhrc_2014_m8_ard\u00e9che 2014. 042ard\u00e9che 2014. 042\" width=\"1024\" height=\"768\" srcset=\"https:\/\/vhrc.fr\/wp-content\/uploads\/2014\/06\/vhrc_2014_m8_ard\u00e9che-2014.-042ard\u00e9che-2014.-042.jpg 1024w, https:\/\/vhrc.fr\/wp-content\/uploads\/2014\/06\/vhrc_2014_m8_ard\u00e9che-2014.-042ard\u00e9che-2014.-042-500x375.jpg 500w, https:\/\/vhrc.fr\/wp-content\/uploads\/2014\/06\/vhrc_2014_m8_ard\u00e9che-2014.-042ard\u00e9che-2014.-042-800x600.jpg 800w\" sizes=\"auto, (max-width: 1024px) 100vw, 1024px\" \/><\/a><figcaption id=\"caption-attachment-5016\" class=\"wp-caption-text\">podium vhrc historique<\/figcaption><\/figure>\n<figure id=\"attachment_5021\" aria-describedby=\"caption-attachment-5021\" style=\"width: 300px\" class=\"wp-caption alignnone\"><a href=\"http:\/\/vhrc.fr\/wp-content\/uploads\/2014\/06\/vhrc_2014_m8_ard\u00e9che-2014.-043ard\u00e9che-2014.-043.jpg\"><img loading=\"lazy\" decoding=\"async\" class=\"size-medium wp-image-5021\" src=\"http:\/\/vhrc.fr\/wp-content\/uploads\/2014\/06\/vhrc_2014_m8_ard\u00e9che-2014.-043ard\u00e9che-2014.-043-300x225.jpg\" alt=\"gt40 daniel\" width=\"300\" height=\"225\" \/><\/a><figcaption id=\"caption-attachment-5021\" class=\"wp-caption-text\">gt40 daniel<\/figcaption><\/figure>\n<figure id=\"attachment_5022\" aria-describedby=\"caption-attachment-5022\" style=\"width: 300px\" class=\"wp-caption alignnone\"><a href=\"http:\/\/vhrc.fr\/wp-content\/uploads\/2014\/06\/vhrc_2014_m8_ard\u00e9che-2014.-045ard\u00e9che-2014.-045.jpg\"><img loading=\"lazy\" decoding=\"async\" class=\"size-medium wp-image-5022\" src=\"http:\/\/vhrc.fr\/wp-content\/uploads\/2014\/06\/vhrc_2014_m8_ard\u00e9che-2014.-045ard\u00e9che-2014.-045-300x225.jpg\" alt=\"vhrc libre\" width=\"300\" height=\"225\" \/><\/a><figcaption id=\"caption-attachment-5022\" class=\"wp-caption-text\">vhrc libre<\/figcaption><\/figure>\n<figure id=\"attachment_5023\" aria-describedby=\"caption-attachment-5023\" style=\"width: 300px\" class=\"wp-caption alignnone\"><a href=\"http:\/\/vhrc.fr\/wp-content\/uploads\/2014\/06\/vhrc_2014_m8_ard\u00e9che-2014.-046ard\u00e9che-2014.-046.jpg\"><img loading=\"lazy\" decoding=\"async\" class=\"size-medium wp-image-5023\" src=\"http:\/\/vhrc.fr\/wp-content\/uploads\/2014\/06\/vhrc_2014_m8_ard\u00e9che-2014.-046ard\u00e9che-2014.-046-300x225.jpg\" alt=\"vhrc libre\" width=\"300\" height=\"225\" \/><\/a><figcaption id=\"caption-attachment-5023\" class=\"wp-caption-text\">vhrc libre<\/figcaption><\/figure>\n<figure id=\"attachment_5024\" aria-describedby=\"caption-attachment-5024\" style=\"width: 300px\" class=\"wp-caption alignnone\"><a href=\"http:\/\/vhrc.fr\/wp-content\/uploads\/2014\/06\/vhrc_2014_m8_ard\u00e9che-2014.-050ard\u00e9che-2014.-050.jpg\"><img loading=\"lazy\" decoding=\"async\" class=\"size-medium wp-image-5024\" src=\"http:\/\/vhrc.fr\/wp-content\/uploads\/2014\/06\/vhrc_2014_m8_ard\u00e9che-2014.-050ard\u00e9che-2014.-050-300x225.jpg\" alt=\"vhrc libre\" width=\"300\" height=\"225\" \/><\/a><figcaption id=\"caption-attachment-5024\" class=\"wp-caption-text\">vhrc libre<\/figcaption><\/figure>\n<figure id=\"attachment_5025\" aria-describedby=\"caption-attachment-5025\" style=\"width: 809px\" class=\"wp-caption alignnone\"><a href=\"http:\/\/vhrc.fr\/wp-content\/uploads\/2014\/06\/vhrc_2014_m8_ard\u00e9che-2014.-057ard\u00e9che-2014.-057.jpg\"><img loading=\"lazy\" decoding=\"async\" class=\"wp-image-5025\" src=\"http:\/\/vhrc.fr\/wp-content\/uploads\/2014\/06\/vhrc_2014_m8_ard\u00e9che-2014.-057ard\u00e9che-2014.-057.jpg\" alt=\"podium vhrc libre\" width=\"809\" height=\"607\" srcset=\"https:\/\/vhrc.fr\/wp-content\/uploads\/2014\/06\/vhrc_2014_m8_ard\u00e9che-2014.-057ard\u00e9che-2014.-057.jpg 1024w, https:\/\/vhrc.fr\/wp-content\/uploads\/2014\/06\/vhrc_2014_m8_ard\u00e9che-2014.-057ard\u00e9che-2014.-057-500x375.jpg 500w, https:\/\/vhrc.fr\/wp-content\/uploads\/2014\/06\/vhrc_2014_m8_ard\u00e9che-2014.-057ard\u00e9che-2014.-057-800x600.jpg 800w\" sizes=\"auto, (max-width: 809px) 100vw, 809px\" \/><\/a><figcaption id=\"caption-attachment-5025\" class=\"wp-caption-text\">podium vhrc libre<\/figcaption><\/figure>\n<p>R\u00e9sum\u00e9 Course<\/p>\n<p>Compte-rendu St Affrique 27\/09\/2014-M8<br \/>\n3 pilotes en historique et<br \/>\n5 pilotes en libre<\/p>\n<h2>3 Qualifications de 5 minutes<\/h2>\n<h3>Historique<\/h3>\n<p>Julien N :12 tours en 5 min 06<br \/>\nR\u00e9mi C :13 tours en 5 min 19<br \/>\nDaniel B :12 tours e 5 min 04<br \/>\nMeilleur temps :<br \/>\nJulien N :24.43<br \/>\nR\u00e9mi C :23.75<br \/>\nDaniel B :24.69<\/p>\n<h3>Libre<\/h3>\n<p>Jean-Paul B :13 tours en 5 min 14<br \/>\nJean-Louis F:12 tours en 5 min 12<br \/>\nLuc G :10 tours en 5 min 00<br \/>\nDaniel B:11 tours en 5 min 07<br \/>\nXavier D :12 tours en 5 min 23<\/p>\n<h4>Meilleur temps :<\/h4>\n<p>Jean-Paul B :23.59<br \/>\nJean-Louis F:24.08<br \/>\nLuc G :25.78<br \/>\nDaniel B :26.93<br \/>\nXavier D :25.64<\/p>\n<h4>Grilles de d\u00e9part :<\/h4>\n<h4>Historique :<\/h4>\n<p>R\u00e9mi C, Daniel B, et Julien N.<\/p>\n<h4>Libre :<\/h4>\n<p>Jean-Paul B, Jean-Louis F,XavierD, Daniel B, et Luc G.<\/p>\n<h3>2 Finales de 10minutes<\/h3>\n<h4>Historique<\/h4>\n<p><img loading=\"lazy\" decoding=\"async\" class=\"alignnone size-medium wp-image-5011\" src=\"http:\/\/vhrc.fr\/wp-content\/uploads\/2014\/06\/vhrc_2014_m8_ard\u00e9che-2014.-033ard\u00e9che-2014.-033-500x375.jpg\" alt=\"vhrc_2014_m8_ard\u00e9che 2014. 033ard\u00e9che 2014. 033\" width=\"500\" height=\"375\" srcset=\"https:\/\/vhrc.fr\/wp-content\/uploads\/2014\/06\/vhrc_2014_m8_ard\u00e9che-2014.-033ard\u00e9che-2014.-033-500x375.jpg 500w, https:\/\/vhrc.fr\/wp-content\/uploads\/2014\/06\/vhrc_2014_m8_ard\u00e9che-2014.-033ard\u00e9che-2014.-033-800x600.jpg 800w, https:\/\/vhrc.fr\/wp-content\/uploads\/2014\/06\/vhrc_2014_m8_ard\u00e9che-2014.-033ard\u00e9che-2014.-033.jpg 1024w\" sizes=\"auto, (max-width: 500px) 100vw, 500px\" \/><\/p>\n<h4>Finale 1 :<\/h4>\n<p>Julien N :<br \/>\nune faute lui fera perdre du temps ; en fin de course les pneus surchauffent et la voiture glisse ; 2\u00e8me avec 36 tours<br \/>\nR\u00e9mi C :<br \/>\ncreusera l&rsquo;\u00e9cart d\u00e8s le d\u00e9but de course ; ne sera pas rattrap\u00e9 ; finira 1er avec 37 tours<br \/>\nDaniel B :<br \/>\nmanque d&rsquo;accroche et<br \/>\nun accrochage avec Julien l&rsquo;obligera \u00e0 s&rsquo;arr\u00eater : chapes arr d\u00e9boit\u00e9es ; finira 3\u00e8me avec 25<br \/>\ntours<\/p>\n<h4>Finale 2:<\/h4>\n<p>Julien N :<br \/>\nmettra 4 tours avant de stopper l&rsquo;\u00e9cart entre R\u00e9mi et lui ; r\u00e9alisera de tr\u00e8s bons chronos, r\u00e9pondant \u00e0 ceux de<br \/>\nR\u00e9mi ;<br \/>\nfinira 2\u00e8me avec 36 tours<br \/>\nR\u00e9mi C :<br \/>\nfera tout pour rattraper et prendre un tour \u00e0 Julien ; belle bagarre durant 7 tours entre ces deux pilotes, avec des<br \/>\ntemps tr\u00e8s proches, et de belles trajectoires afin de conserver les positions ; finira 1er avec 3<br \/>\n7 tours<br \/>\nDaniel B :<br \/>\nse battra avec Julien dans le d\u00e9but de la course, mais les pneus ont \u00e9t\u00e9 moins performant ; finira 3\u00e8me avec 35 tours<br \/>\nMeilleur temps :<br \/>\nJulien N :<br \/>\n23.53<br \/>\nR\u00e9mi C :<br \/>\n23.35<br \/>\nDaniel B :<br \/>\n23.90<\/p>\n<h4>Libre<\/h4>\n<p><img loading=\"lazy\" decoding=\"async\" class=\"alignnone size-medium wp-image-5009\" src=\"http:\/\/vhrc.fr\/wp-content\/uploads\/2014\/06\/vhrc_2014_m8_ard\u00e9che-2014.-028ard\u00e9che-2014.-028-500x375.jpg\" alt=\"vhrc_2014_m8_ard\u00e9che 2014. 028ard\u00e9che 2014. 028\" width=\"500\" height=\"375\" srcset=\"https:\/\/vhrc.fr\/wp-content\/uploads\/2014\/06\/vhrc_2014_m8_ard\u00e9che-2014.-028ard\u00e9che-2014.-028-500x375.jpg 500w, https:\/\/vhrc.fr\/wp-content\/uploads\/2014\/06\/vhrc_2014_m8_ard\u00e9che-2014.-028ard\u00e9che-2014.-028-800x600.jpg 800w, https:\/\/vhrc.fr\/wp-content\/uploads\/2014\/06\/vhrc_2014_m8_ard\u00e9che-2014.-028ard\u00e9che-2014.-028.jpg 1024w\" sizes=\"auto, (max-width: 500px) 100vw, 500px\" \/><\/p>\n<h4>Finale 1 :<\/h4>\n<p>Jean-Paul B : roulera fort d\u00e8s les 1ers tours de course afin de creuser l&rsquo;\u00e9cart ; fera une course parfaite, sans faute ; 1er avec<br \/>\n38<br \/>\ntours<br \/>\nJean-Louis F:essayera de suivre le rythme de JP avec un moteur neuf sorti de rodage ; tr\u00e8s belle course ; 2\u00e8me avec 35 tours<br \/>\nLuc G :roulera dans le rythme de Xavier et Jean-Louis ; baissera le rythme mais finira \u00e0 une belle 3\u00e8me place avec 34 tours<br \/>\nDaniel B :cassera un ressort d&#8217;embrayage ; r\u00e9parera pour \u00eatre pr\u00eat pour la 2\u00e8me finale ; finira 5\u00e8me avec 7 tours<br \/>\nXavier D :un pilotage r\u00e9fl\u00e9chi et d&rsquo;exp\u00e9rience qui fait de lui un tr\u00e8s bon pilote ; finira proche de Luc ; 4\u00e8me avec 34 tours<\/p>\n<h4>Finale 2:<\/h4>\n<p>Jean-Paul B : m\u00eame sc\u00e9nario qu&rsquo;\u00e0 la 1\u00e8re manche ; JP est constant et ne se d\u00e9concentrera pas ; tr\u00e8s belle 1\u00e8re place m\u00e9rit\u00e9<br \/>\navec 37 tours<br \/>\nJean-Louis F:partira \u00e0 l&rsquo;assaut de JP d\u00e8s le d\u00e9but de course, mais sans arriver \u00e0 se rapprocher pour le doubler ; finira 2\u00e8me<br \/>\navec 35 tours<br \/>\nLuc G : fera une belle finale avec sa nouvelle mini ; Luc apprend \u00e0 dompter sa monture ; finira 4\u00e8me avec 33 tours<br \/>\nDaniel B :perdra son filtre \u00e0 air ; un m\u00e9cano lui refixera ; s&rsquo;accrochera et perdra une roue ; finira 5\u00e8me avec Xavier D :<br \/>\nse battra avec Luc pour la 3\u00e8me place ; Xavier arrivera \u00e0 distancer Luc afin de prendre la 3\u00e8me place avec 34 tours<\/p>\n<h4>Meilleur temps :<\/h4>\n<p>Jean-Paul B :23.43<br \/>\nJean-Louis F:24.31<br \/>\nLuc G :25.56<br \/>\nDaniel B :27.21<br \/>\nXavier D :25.44<br \/>\nPour les deux cat\u00e9gories, le meilleur temps par pilote a \u00e9t\u00e9 am\u00e9lior\u00e9 cette ann\u00e9e par rapport \u00e0 l&rsquo;ann\u00e9e 2013.<\/p>\n<h2>Classement<\/h2>\n<h3>Historique :<\/h3>\n<p><img loading=\"lazy\" decoding=\"async\" class=\"alignnone size-medium wp-image-5016\" src=\"http:\/\/vhrc.fr\/wp-content\/uploads\/2014\/06\/vhrc_2014_m8_ard\u00e9che-2014.-042ard\u00e9che-2014.-042-500x375.jpg\" alt=\"vhrc_2014_m8_ard\u00e9che 2014. 042ard\u00e9che 2014. 042\" width=\"500\" height=\"375\" srcset=\"https:\/\/vhrc.fr\/wp-content\/uploads\/2014\/06\/vhrc_2014_m8_ard\u00e9che-2014.-042ard\u00e9che-2014.-042-500x375.jpg 500w, https:\/\/vhrc.fr\/wp-content\/uploads\/2014\/06\/vhrc_2014_m8_ard\u00e9che-2014.-042ard\u00e9che-2014.-042-800x600.jpg 800w, https:\/\/vhrc.fr\/wp-content\/uploads\/2014\/06\/vhrc_2014_m8_ard\u00e9che-2014.-042ard\u00e9che-2014.-042.jpg 1024w\" sizes=\"auto, (max-width: 500px) 100vw, 500px\" \/><\/p>\n<p>R\u00e9mi C, Julien N,et Daniel B<\/p>\n<h3>Libre :<\/h3>\n<figure id=\"attachment_5025\" aria-describedby=\"caption-attachment-5025\" style=\"width: 500px\" class=\"wp-caption alignnone\"><img loading=\"lazy\" decoding=\"async\" class=\"size-medium wp-image-5025\" src=\"http:\/\/vhrc.fr\/wp-content\/uploads\/2014\/06\/vhrc_2014_m8_ard\u00e9che-2014.-057ard\u00e9che-2014.-057-500x375.jpg\" alt=\"podium vhrc libre\" width=\"500\" height=\"375\" srcset=\"https:\/\/vhrc.fr\/wp-content\/uploads\/2014\/06\/vhrc_2014_m8_ard\u00e9che-2014.-057ard\u00e9che-2014.-057-500x375.jpg 500w, https:\/\/vhrc.fr\/wp-content\/uploads\/2014\/06\/vhrc_2014_m8_ard\u00e9che-2014.-057ard\u00e9che-2014.-057-800x600.jpg 800w, https:\/\/vhrc.fr\/wp-content\/uploads\/2014\/06\/vhrc_2014_m8_ard\u00e9che-2014.-057ard\u00e9che-2014.-057.jpg 1024w\" sizes=\"auto, (max-width: 500px) 100vw, 500px\" \/><figcaption id=\"caption-attachment-5025\" class=\"wp-caption-text\">podium vhrc libre<\/figcaption><\/figure>\n<p>Jean-Paul B, Jean-Louis F, Xavier D, Luc G,et Daniel B<br \/>\nMerci au Club de St Affrique et aux organisateurs pour ce samedi de course !<\/p>\n<h1>Vid\u00e9o :<\/h1>\n<p>Libre Finale 1 et 2:<br \/>\n<iframe loading=\"lazy\" title=\"VHRC 2014  Libre  St Affrique\" width=\"800\" height=\"600\" src=\"https:\/\/www.youtube.com\/embed\/REqWU7oQYV8?feature=oembed\" frameborder=\"0\" allow=\"accelerometer; autoplay; encrypted-media; gyroscope; picture-in-picture\" allowfullscreen><\/iframe><\/p>","protected":false},"excerpt":{"rendered":"<p>retour au pays du Roquefort le 28 Septembre 2014. &nbsp; R\u00e9sum\u00e9 Course Compte-rendu St Affrique 27\/09\/2014-M8 3 pilotes en historique<\/p>","protected":false},"author":5,"featured_media":3778,"parent":4244,"menu_order":0,"comment_status":"closed","ping_status":"closed","template":"","meta":{"colormag_page_container_layout":"default_layout","colormag_page_sidebar_layout":"default_layout","footnotes":""},"class_list":["post-4907","page","type-page","status-publish","has-post-thumbnail","hentry"],"_links":{"self":[{"href":"https:\/\/vhrc.fr\/en\/wp-json\/wp\/v2\/pages\/4907","targetHints":{"allow":["GET"]}}],"collection":[{"href":"https:\/\/vhrc.fr\/en\/wp-json\/wp\/v2\/pages"}],"about":[{"href":"https:\/\/vhrc.fr\/en\/wp-json\/wp\/v2\/types\/page"}],"author":[{"embeddable":true,"href":"https:\/\/vhrc.fr\/en\/wp-json\/wp\/v2\/users\/5"}],"replies":[{"embeddable":true,"href":"https:\/\/vhrc.fr\/en\/wp-json\/wp\/v2\/comments?post=4907"}],"version-history":[{"count":9,"href":"https:\/\/vhrc.fr\/en\/wp-json\/wp\/v2\/pages\/4907\/revisions"}],"predecessor-version":[{"id":5662,"href":"https:\/\/vhrc.fr\/en\/wp-json\/wp\/v2\/pages\/4907\/revisions\/5662"}],"up":[{"embeddable":true,"href":"https:\/\/vhrc.fr\/en\/wp-json\/wp\/v2\/pages\/4244"}],"wp:featuredmedia":[{"embeddable":true,"href":"https:\/\/vhrc.fr\/en\/wp-json\/wp\/v2\/media\/3778"}],"wp:attachment":[{"href":"https:\/\/vhrc.fr\/en\/wp-json\/wp\/v2\/media?parent=4907"}],"curies":[{"name":"wp","href":"https:\/\/api.w.org\/{rel}","templated":true}]}}