{"id":5082,"date":"2012-01-11T08:59:18","date_gmt":"2012-01-11T07:59:18","guid":{"rendered":"http:\/\/vhrc.fr\/?page_id=5082"},"modified":"2025-07-08T09:23:25","modified_gmt":"2025-07-08T08:23:25","slug":"strosek-gp-industrie","status":"publish","type":"page","link":"https:\/\/vhrc.fr\/en\/voitures\/strosek-gp-industrie\/","title":{"rendered":"Strosek GP Industrie"},"content":{"rendered":"<p><a href=\"http:\/\/vhrc.fr\/wp-content\/uploads\/2012\/01\/01-a8-99.jpg\"><img loading=\"lazy\" decoding=\"async\" class=\"alignnone size-medium wp-image-5086\" src=\"http:\/\/vhrc.fr\/wp-content\/uploads\/2012\/01\/01-a8-99-300x84.jpg\" alt=\"01 a8-99\" width=\"300\" height=\"84\" \/><\/a><\/p>\n<h1>ESSAI 1\/4 TH.<br \/>\nPORSCHE 91 1 STROSEK PAR SPEED FRANCE \/ GP industrie<\/h1>\n<h2>l&rsquo;Autre Quart!<\/h2>\n<p><a href=\"http:\/\/vhrc.fr\/wp-content\/uploads\/2012\/01\/02-a8-99.jpg\"><img loading=\"lazy\" decoding=\"async\" class=\"alignnone size-medium wp-image-5087\" src=\"http:\/\/vhrc.fr\/wp-content\/uploads\/2012\/01\/02-a8-99-300x230.jpg\" alt=\"02 a8-99\" width=\"300\" height=\"230\" \/><\/a><\/p>\n<p>Bonne nouvelle pour notre petit monde de l&rsquo;Auto R\/C, un nouveau fabricant est n\u00e9. II se pr\u00e9nomme Speed France et son premier enfant s&rsquo;av\u00e8re \u00eatre une Porsche 91 1 Strosek \u00e0 l&rsquo;\u00e9chelle 1 \/4. Un tel \u00e9v\u00e9nement se devait d&rsquo;\u00eatre rapidement salu\u00e9 par la r\u00e9daction d&rsquo;auto 8, c&rsquo;est pourquoi vous trouvez d\u00e8s aujourd&rsquo;hui une large pr\u00e9sentation de cette nouvelle auto.<\/p>\n<p>La soci\u00e9t\u00e9 Speed France est situ\u00e9e dans la r\u00e9gion parisienne, dans la Seine et Marne pour \u00eatre exact. Elle est avant tout une entreprise de m\u00e9canique dont le responsable, M.Gavira, ancien mod\u00e9liste, a voulu \u00e9largir le champ de ses activit\u00e9s par la cr\u00e9ation, la fabrication et la commercialisation d&rsquo;une voiture compl\u00e8te. Le d\u00e9but de cette aventure est tout r\u00e9cent puisque les premi\u00e8res voitures viennent tous juste d&rsquo;\u00eatre commercialis\u00e9es, pour preuve nous disposions du quatorzi\u00e8me ch\u00e2ssis sorti des cha\u00eenes de montage. Cette 911 Strosek est donc v\u00e9ritablement une nouvelle production fran\u00e7aise que nous allons de ce pas diss\u00e9quer quelque peu. Pour un essai complet, il vous faudra attendre davantage et vous contenter de cette pr\u00e9sentation, vu que nous avons touch\u00e9 notre mod\u00e8le tr\u00e8s tardivement.<\/p>\n<h2>Charme \u00e0 la fran\u00e7aise quoi !<\/h2>\n<p>Ce ch\u00e2ssis est donc au 1\/4, une \u00e9chelle qui semble fortement inspirer les cr\u00e9ateurs fran\u00e7ais. Jusqu&rsquo;\u00e0 l\u00e0, rien de bien original et pourtant cette 911 regorge de petites particularit\u00e9s. A commencer \u00e9videmment par sa superbe triangulation en aluminium moul\u00e9 qui lui conf\u00e8re un look irr\u00e9sistible, un peu \u00e0 l&rsquo;image d&rsquo;une Picco G\u00e9n\u00e9sis. De toute fa\u00e7on, je vous l&rsquo;ai d\u00e9j\u00e0 dit, Speed France est sp\u00e9cialiste en toute mati\u00e8re m\u00e9tallique, et cela se ressent au premier coup d\u2019\u0153il. Pas une pi\u00e8ce de la voiture n&rsquo;est en plastique, hormis les supports de carrosserie lat\u00e9raux. Et encore, ils ne sont m\u00eame pas en plastique mais dans une sorte de caoutchouc dur, id\u00e9al pour la fonction qu&rsquo;ils assurent. Pour le reste, nous trouvons des pi\u00e8ces en aluminium tourn\u00e9, (c&rsquo;est le cas des supports de carrosserie et des amortisseurs) ou encore frais\u00e9 tels que les paliers de diff\u00e9rentiel arri\u00e8re. Une chose est s\u00fbre, en plus de son caract\u00e8re original, le look du ch\u00e2ssis est r\u00e9ellement superbe. Les suspensions sont donc dot\u00e9es d&rsquo;une classique double triangulation avec des fus\u00e9es mont\u00e9es sur rotule m\u00e9tallique. A noter que les trains avant et arri\u00e8re sont strictement identiques, un bon point pour la maintenance et les pi\u00e8ces d\u00e9tach\u00e9es. Gr\u00e2ce aux rotules, les r\u00e9glages sont nombreux d&rsquo;origine : voies, carrossage , pincement \u00e0 l&rsquo;avant comme \u00e0 l&rsquo;arri\u00e8re. Cot\u00e9 int\u00e9rieur, les triangles sont articul\u00e9s sur des axes, fix\u00e9s par des goupille B\u00eata, le d\u00e9montage s&rsquo;av\u00e8re donc \u00eatre un v\u00e9ritable jeu d&rsquo;enfant. Les amortisseurs sont actionn\u00e9s par des basculeurs, en fait le prolongement du triangle sup\u00e9rieur. Encore une fois, le syst\u00e8me est simple, joli gr\u00e2ce aux combin\u00e9s ressorts-amortisseurs qui prennent place verticalement au milieu de la voiture, ce qui devrait garantir une belle efficacit\u00e9 de par la parfaite rigidit\u00e9 des pi\u00e8ces en alu. Les amortisseurs hydrauliques sont \u00e9galement superbement r\u00e9alis\u00e9s et j&rsquo;aime beaucoup le r\u00e9glage de tension des ressorts par l&rsquo;interm\u00e9diaire d&rsquo;une bague filet\u00e9e \u00e0 la manipulation enfantine. Bien s\u00fbr, les fanatiques de la comp\u00e9tition, comme moi, regretteront des \u00e9pures de suspension un peu sobres, mais outre le fait que l&rsquo;objectif prioritaire de la Strosek n&rsquo;est pas de remporter un titre de champion de France, je dois avouer que ses constructeurs sont \u00e0 l&rsquo;\u00e9coute de nombreuses personnes comp\u00e9tentes, n&rsquo;h\u00e9sitant pas \u00e0 faire d\u00e9j\u00e0 \u00e9voluer leur ch\u00e2ssis pour une meilleure efficacit\u00e9. A titre d&rsquo;exemple, je peux vous parler d&rsquo;un essai de fus\u00e9e avec du d\u00e9port ou de l&rsquo;\u00e9tude d&rsquo;une barre anti-roulis.Toujours de l&rsquo;originalit\u00e9 dans le domaine de la transmission puisque fid\u00e8le aux voitures grandeurs les plus performantes comme les F1, le moteur est mont\u00e9 en position centrale arri\u00e8re dans le sens longitudinal. La cloche d&#8217;embrayage attaque donc un pignon droit, pour d\u00e9multiplier, et nous rencontrons ensuite un traditionnel couple conique. Le diff\u00e9rentiel \u00e0 pignons coniques est quant \u00e0 lui fort bien con\u00e7u et tr\u00e8s compact. Il re\u00e7oit le disque de frein, en \u00e9poxy de grand diam\u00e8tre. Un emplacement judicieux dans la mesure o\u00f9 il s&rsquo;agit de l&rsquo;axe dont la vitesse de rotation est la plus faible. Les cardans sont \u00e0 boules goupill\u00e9es. Comme vous pouvez le constater sur les photos, l&rsquo;ensemble de la pignonnerie est en plastique. D&rsquo;apr\u00e8s nos propres sources, seul un moteur Zenoah pr\u00e9par\u00e9 permettra d\u2019atteindre les limites de leur fiabilit\u00e9. De toute fa\u00e7on, il existe d\u00e9ja en option des petits pignons en acier. Un compliment particulier pour la libert\u00e9 de rotation de toutes les pi\u00e8ces en mouvement, cette transmission se montrant de loin la plus libre que nous ayons rencontr\u00e9 \u00e0 cette \u00e9chelle. Quelques mots sur les accessoires. Le sauve-servo est actuellement en plastique, il devrait rapidement faire place \u00e0 un mod\u00e8le enti\u00e8rement en alu. En ce qui concerne le ch\u00e2ssis, trois solutions sont \u00e0 envisager : un ch\u00e2ssis plat de 4 mm, il peut \u00eatre rigidifi\u00e9 \u00e0 la mode Yankee, c&rsquo;est \u00e0 dire gr\u00e2ce \u00e0 un tube carr\u00e9 ou une corni\u00e8re sur ses c\u00f4t\u00e9s. II existe \u00e9galement un ch\u00e2ssis \u00e0 bords pli\u00e9s mais le choix d\u00e9finitif n&rsquo;a pas encore \u00e9t\u00e9 effectu\u00e9.Et maintenant, comment ne pas parler des jantes en durai tourn\u00e9, une aubaine pour le look de n&rsquo;importe quelle voiture. Je les imagine, polies, brillantes, Ouaouuuuuu ! En contre partie, le poids est cons\u00e9quent, mais que les accros du chrono se rassurent, un kit leur permettra bient\u00f4t le montage de jantes plastiques style <a title=\"Yankee\" href=\"http:\/\/vhrc.fr\/en\/voitures\/yankee\/\">Yankee<\/a>, <a title=\"MRC: Model racing Car\" href=\"http:\/\/vhrc.fr\/en\/voitures\/mrc\/\">MRC<\/a> et pourquoi pas <a title=\"Laro\" href=\"http:\/\/vhrc.fr\/en\/voitures\/laro\/\">Laro<\/a>. Ces roues sont chauss\u00e9es de pneus en v\u00e9ritable caoutchouc, tr\u00e8s accrocheurs semble-t&rsquo;il mais assez peu endurants. Si les premi\u00e8res carrosseries furent moul\u00e9es en ABS, le lexan devrait se g\u00e9n\u00e9raliser rapidement alors que la qualit\u00e9 de moulage des prochains mod\u00e8les devrait aussi largement s&rsquo;am\u00e9liorer. En ce qui concerne la motorisation, deux solutions vous sont offertes : soit le moteur Robin 22 cm&rsquo; dans une optique de loisir, soit le c\u00e9l\u00e8bre Z\u00e9noah plus particuli\u00e8rement destin\u00e9 \u00e0 une utilisation \u00ab\u00a0Racing\u00a0\u00bb.<\/p>\n<p>Actuellement, le chapitre montage a \u00e9t\u00e9 compl\u00e8tement n\u00e9glig\u00e9 afin de permettre la livraison d&rsquo;une petite s\u00e9rie de voitures partiellement pr\u00e9-mont\u00e9es en avant-premi\u00e8re. Rien \u00e0 dire donc, vous \u00eates pr\u00e9venus des lacunes existantes. Par contre, son fabricant semble bien conscient qu&rsquo;il s&rsquo;agit l\u00e0 d&rsquo;un objectif prioritaire, laissons-lui le temps de nous le prouver.<\/p>\n<h2>Une autre vision de l&rsquo;Auto\/RC<\/h2>\n<p>Cette Porsche pr\u00e9figure une s\u00e9rie de mod\u00e8les d&rsquo;un esprit diff\u00e9rent \u00e0 celui que l&rsquo;on connaissait jusqu&rsquo;\u00e0 pr\u00e9sent. Pour vous donner une id\u00e9e, sachez que les futures carrosseries devraient \u00eatre, dans l&rsquo;ordre : une Berlinette Alpine A 110, ce qui explique les triangles relativement courts afin de pouvoir r\u00e9duire la voie, une Ford GT40 et pour revenir \u00e0 l&rsquo;actualit\u00e9 pr\u00e9sente, une Venturi 500 LM. Joli programme, vous ne trouvez pas ? Sur le plan technique, hormis les multiples petites am\u00e9liorations dont je vous ai d\u00e9j\u00e0 parl\u00e9es, nous devrions voir appara\u00eetre d&rsquo;ici quelque temps un v\u00e9ritable pont arri\u00e8re ainsi qu&rsquo;un syst\u00e8me de freinage plus r\u00e9aliste, style double frein arri\u00e8re ainsi qu&rsquo;un nouveau r\u00e9servoir.<br \/>\nDans un \u00e9tat d&rsquo;esprit diff\u00e9rent de celui de nos autres fabricants fran\u00e7ais, avec un produit plein d&rsquo;originalit\u00e9 et de charme, au prix largement concurrentiel, la Strosek semble poss\u00e9der de nombreux atouts dans sa manche. Souhaitons donc une longue et prosp\u00e8re vie \u00e0 ce nouveau-n\u00e9 et \u00e0 bient\u00f4t pour un v\u00e9ritable essai en action.<\/p>\n<p>Bernard Guidonnet<\/p>\n<h2>AUTO 8 \u00ab\u00a0PLUS\u00a0\u00bb<\/h2>\n<p>&#8211; Look \u00ab\u00a0Aluminium\u00a0\u00bb.<br \/>\n-Fabrication fran\u00e7aise.<br \/>\n&#8211; Qualit\u00e9 de fabrication.<\/p>\n<h2>AUTO 8 \u00ab\u00a0MOINS\u00a0\u00bb<\/h2>\n<p>&#8211; D\u00e9fauts de jeunesse.<br \/>\n&#8211; Montage radio.<\/p>\n<h2>FICHE TECHNIQUE<\/h2>\n<p>\u2022 Mod\u00e8le : Porsche 911.<br \/>\n&#8211; Fabricant : Speed France (France). &#8211; Echelle : 1\/4.<br \/>\n&#8211; Type : piste thermique.<br \/>\n&#8211; Transmission : propulsion, enti\u00e8rement sur roulements. Cardans arri\u00e8re \u00e0 boules goupill\u00e9es. Couples coniques en plastique, option en acier.<br \/>\n&#8211; Diff\u00e9rentiel : \u00e0 pignons coniques. Deux satellites en acier. Corps en aluminium.<br \/>\n&#8211; Frein : arri\u00e8re \u00e0 disque f\u00e9rodo. Plaquettes acier.<br \/>\n&#8211; Ch\u00e2ssis : durai 4 mm frais\u00e9. Bords pli\u00e9s ou corni\u00e8re lat\u00e9rale pour rigidit\u00e9.<br \/>\nSuspensions : triangul\u00e9es AV\/AR.<br \/>\n&#8211; Amortisseurs : quatre combin\u00e9s ressorts-amortisseurs hydrauliques \u00e0 volume constant. Pr\u00e9contrainte des ressorts r\u00e9glables par bagues filet\u00e9es.<br \/>\n&#8211; Barre antiroulis : en option. Carrossage AV\/AR : r\u00e9glable. &#8211; Pincement AV\/AR : r\u00e9glable. &#8211; Chasse : R\u00e9glable.<br \/>\n&#8211; Voies AV\/AR : env. 470\/520mm. R\u00e9glable. Empattement : env. 550 mm.<br \/>\n&#8211; Garde au sol max. : env. 15 mm. R\u00e9glable. &#8211; Poids en ordre de marche sans carburant, sans radio : 10 kg.<br \/>\n&#8211; Prix public maximum conseill\u00e9 : Robin Basic (sans amortisseur) : 6300 F, avec Robin Standard : 7200 F, avec Z\u00e9noah : 8300 F.<\/p>\n<h2>l\u00e9gendes photos<\/h2>\n<p>\u00ab\u00a0La Porsche 911 Strosek es vendue de la sorte, si l&rsquo;on excepte les pneus qui ne sont pas coll\u00e9s.<br \/>\nTrois mod\u00e8les sont propos\u00e9s avec des variations \u00e9galement au niveau de la motorisation. Bien s\u00fbr, la carrosserie est du voyage.\u00a0\u00bb<\/p>\n<p>\u00ab\u00a0Sur le principe des suspensions, le train arri\u00e8re ne diff\u00e8re gu\u00e8re de l&rsquo;avant, et pour cause la triangulation est identique. Question transmission, cela ressemble \u00e0 du TT 1\/8 et a le grand m\u00e9rite d&rsquo;offrir une libert\u00e9 exemplaire. \u00a0\u00bb<\/p>\n<figure id=\"attachment_5093\" aria-describedby=\"caption-attachment-5093\" style=\"width: 1024px\" class=\"wp-caption alignnone\"><a href=\"http:\/\/vhrc.fr\/wp-content\/uploads\/2012\/01\/auto8-strosek-auto8_99-093013_cr.jpg\"><img loading=\"lazy\" decoding=\"async\" class=\"size-large wp-image-5093\" src=\"http:\/\/vhrc.fr\/wp-content\/uploads\/2012\/01\/auto8-strosek-auto8_99-093013_cr-1024x416.jpg\" alt=\"zoom strosek\" width=\"1024\" height=\"416\" \/><\/a><figcaption id=\"caption-attachment-5093\" class=\"wp-caption-text\">zoom strosek<\/figcaption><\/figure>\n<p>\u00ab\u00a0Triangles et fus\u00e9es en aluminium, rotules uniball partout, amortisseurs bascul\u00e9s, tout ceci est tr\u00e8s joli et tr\u00e8s simple. Le d\u00e9montage des triangles est ais\u00e9 puisque les axes sont clips\u00e9s, axes que nous aurions souhait\u00e9s plus importants dans leur diam\u00e8tre.<\/p>\n<p>\u00ab\u00a0Z\u00e9noah pour la version haut de gamme, Robin pour les autres, deux motorisations fort sympathiques de par leurs performances.\u00a0\u00bb<br \/>\n\u00ab\u00a0Certes, les jantes sont un peu lourdes dans cette configuration mais le look est au rendez-vous.\u00a0\u00bb<\/p>\n<figure id=\"attachment_5092\" aria-describedby=\"caption-attachment-5092\" style=\"width: 744px\" class=\"wp-caption alignnone\"><a href=\"http:\/\/vhrc.fr\/wp-content\/uploads\/2012\/01\/auto8-strosek-auto8_99-094014.jpg\"><img loading=\"lazy\" decoding=\"async\" class=\"size-large wp-image-5092\" src=\"http:\/\/vhrc.fr\/wp-content\/uploads\/2012\/01\/auto8-strosek-auto8_99-094014-744x1024.jpg\" alt=\"auto8 article strosek dans auto8 #99 avril 1994\" width=\"744\" height=\"1024\" \/><\/a><figcaption id=\"caption-attachment-5092\" class=\"wp-caption-text\">auto8 article strosek dans auto8 #99 avril 1994<\/figcaption><\/figure>\n<figure id=\"attachment_5091\" aria-describedby=\"caption-attachment-5091\" style=\"width: 744px\" class=\"wp-caption alignnone\"><a href=\"http:\/\/vhrc.fr\/wp-content\/uploads\/2012\/01\/auto8-strosek-auto8_99-093013.jpg\"><img loading=\"lazy\" decoding=\"async\" class=\"size-large wp-image-5091\" src=\"http:\/\/vhrc.fr\/wp-content\/uploads\/2012\/01\/auto8-strosek-auto8_99-093013-744x1024.jpg\" alt=\"auto8 article strosek dans auto8 #99 avril 1994\" width=\"744\" height=\"1024\" \/><\/a><figcaption id=\"caption-attachment-5091\" class=\"wp-caption-text\">auto8 article strosek dans auto8 #99 avril 1994<\/figcaption><\/figure>\n<figure id=\"attachment_5090\" aria-describedby=\"caption-attachment-5090\" style=\"width: 744px\" class=\"wp-caption alignnone\"><a href=\"http:\/\/vhrc.fr\/wp-content\/uploads\/2012\/01\/auto8-strosek-auto8_99-092012.jpg\"><img loading=\"lazy\" decoding=\"async\" class=\"size-large wp-image-5090\" src=\"http:\/\/vhrc.fr\/wp-content\/uploads\/2012\/01\/auto8-strosek-auto8_99-092012-744x1024.jpg\" alt=\"auto8 article strosek dans auto8 #99 avril 1994\" width=\"744\" height=\"1024\" \/><\/a><figcaption id=\"caption-attachment-5090\" class=\"wp-caption-text\">auto8 article strosek dans auto8 #99 avril 1994<\/figcaption><\/figure>\n<figure id=\"attachment_5089\" aria-describedby=\"caption-attachment-5089\" style=\"width: 744px\" class=\"wp-caption alignnone\"><a href=\"http:\/\/vhrc.fr\/wp-content\/uploads\/2012\/01\/auto8-strosek-auto8_99-078011.jpg\"><img loading=\"lazy\" decoding=\"async\" class=\"size-large wp-image-5089\" src=\"http:\/\/vhrc.fr\/wp-content\/uploads\/2012\/01\/auto8-strosek-auto8_99-078011-744x1024.jpg\" alt=\"pub gp industrie\" width=\"744\" height=\"1024\" \/><\/a><figcaption id=\"caption-attachment-5089\" class=\"wp-caption-text\">pub gp industrie<\/figcaption><\/figure>\n<figure id=\"attachment_5088\" aria-describedby=\"caption-attachment-5088\" style=\"width: 744px\" class=\"wp-caption alignnone\"><a href=\"http:\/\/vhrc.fr\/wp-content\/uploads\/2012\/01\/auto8-strosek-auto8_99-000008.jpg\"><img loading=\"lazy\" decoding=\"async\" class=\"size-large wp-image-5088\" src=\"http:\/\/vhrc.fr\/wp-content\/uploads\/2012\/01\/auto8-strosek-auto8_99-000008-744x1024.jpg\" alt=\"auto8 N\u00b099 avril 1994\" width=\"744\" height=\"1024\" \/><\/a><figcaption id=\"caption-attachment-5088\" class=\"wp-caption-text\">auto8 N\u00b099 avril 1994<\/figcaption><\/figure>","protected":false},"excerpt":{"rendered":"<p>ESSAI 1\/4 TH. PORSCHE 91 1 STROSEK PAR SPEED FRANCE \/ GP industrie l&rsquo;Autre Quart! Bonne nouvelle pour notre petit<\/p>","protected":false},"author":5,"featured_media":6995,"parent":138,"menu_order":0,"comment_status":"closed","ping_status":"closed","template":"","meta":{"colormag_page_container_layout":"default_layout","colormag_page_sidebar_layout":"default_layout","footnotes":""},"class_list":["post-5082","page","type-page","status-publish","has-post-thumbnail","hentry"],"_links":{"self":[{"href":"https:\/\/vhrc.fr\/en\/wp-json\/wp\/v2\/pages\/5082","targetHints":{"allow":["GET"]}}],"collection":[{"href":"https:\/\/vhrc.fr\/en\/wp-json\/wp\/v2\/pages"}],"about":[{"href":"https:\/\/vhrc.fr\/en\/wp-json\/wp\/v2\/types\/page"}],"author":[{"embeddable":true,"href":"https:\/\/vhrc.fr\/en\/wp-json\/wp\/v2\/users\/5"}],"replies":[{"embeddable":true,"href":"https:\/\/vhrc.fr\/en\/wp-json\/wp\/v2\/comments?post=5082"}],"version-history":[{"count":6,"href":"https:\/\/vhrc.fr\/en\/wp-json\/wp\/v2\/pages\/5082\/revisions"}],"predecessor-version":[{"id":6996,"href":"https:\/\/vhrc.fr\/en\/wp-json\/wp\/v2\/pages\/5082\/revisions\/6996"}],"up":[{"embeddable":true,"href":"https:\/\/vhrc.fr\/en\/wp-json\/wp\/v2\/pages\/138"}],"wp:featuredmedia":[{"embeddable":true,"href":"https:\/\/vhrc.fr\/en\/wp-json\/wp\/v2\/media\/6995"}],"wp:attachment":[{"href":"https:\/\/vhrc.fr\/en\/wp-json\/wp\/v2\/media?parent=5082"}],"curies":[{"name":"wp","href":"https:\/\/api.w.org\/{rel}","templated":true}]}}