{"id":5104,"date":"2014-10-13T07:58:15","date_gmt":"2014-10-13T06:58:15","guid":{"rendered":"http:\/\/vhrc.fr\/?page_id=5104"},"modified":"2025-07-08T09:23:25","modified_gmt":"2025-07-08T08:23:25","slug":"cf1-93-evry","status":"publish","type":"page","link":"https:\/\/vhrc.fr\/en\/historique\/le-championat-de-france-1990-1998\/cf-1993\/cf1-93-evry\/","title":{"rendered":"CF1 93 Evry"},"content":{"rendered":"<p>80 pilotes pr\u00e9sente pour cette premi\u00e8re manche \u00e0 Evry<\/p>\n<figure id=\"attachment_5107\" aria-describedby=\"caption-attachment-5107\" style=\"width: 1024px\" class=\"wp-caption alignnone\"><a href=\"http:\/\/vhrc.fr\/wp-content\/uploads\/2014\/10\/vhrc_auto8_89-085_cf1_1993_evry-classement.jpg\"><img loading=\"lazy\" decoding=\"async\" class=\"size-large wp-image-5107\" src=\"http:\/\/vhrc.fr\/wp-content\/uploads\/2014\/10\/vhrc_auto8_89-085_cf1_1993_evry-classement-1024x830.jpg\" alt=\"evry cf 1993 r\u00e9sultats\" width=\"1024\" height=\"830\" \/><\/a><figcaption id=\"caption-attachment-5107\" class=\"wp-caption-text\">evry cf 1993 r\u00e9sultats<\/figcaption><\/figure>\n<h2>R\u00e9sultats<\/h2>\n<h3>Caract\u00e9ristiques techniques des finalistes Sport Proto<\/h3>\n<table border=\"1\" frame=\"VOID\" rules=\"NONE\" cellspacing=\"0\">\n<colgroup>\n<col width=\"86\" \/>\n<col width=\"86\" \/>\n<col width=\"86\" \/>\n<col width=\"86\" \/>\n<col width=\"86\" \/>\n<col width=\"86\" \/>\n<col width=\"294\" \/><\/colgroup>\n<tbody>\n<tr>\n<td align=\"LEFT\" width=\"86\" height=\"17\">Place<\/td>\n<td align=\"LEFT\" width=\"86\">Nom<\/td>\n<td align=\"LEFT\" width=\"86\">Voiture<\/td>\n<td align=\"LEFT\" width=\"86\">Moteur<\/td>\n<td align=\"LEFT\" width=\"86\">Pneus<\/td>\n<td align=\"LEFT\" width=\"86\">Tours<\/td>\n<td align=\"LEFT\" width=\"294\">Sponsors<\/td>\n<\/tr>\n<tr>\n<td align=\"RIGHT\" height=\"18\">1<\/td>\n<td align=\"LEFT\">Veysseyre<\/td>\n<td align=\"LEFT\">Jaguar<\/td>\n<td align=\"LEFT\">Z\u00e9noah 22,5 cm&rsquo;<\/td>\n<td align=\"LEFT\">SLD S-3<\/td>\n<td align=\"LEFT\">69t<\/td>\n<td align=\"LEFT\">Yankee, Jouef, SLD<\/td>\n<\/tr>\n<tr>\n<td align=\"RIGHT\" height=\"18\">2<\/td>\n<td align=\"LEFT\">Curien<\/td>\n<td align=\"RIGHT\">905<\/td>\n<td align=\"LEFT\">Z\u00e9noah 22,5 cm&rsquo;<\/td>\n<td align=\"LEFT\">SLD S-3<\/td>\n<td align=\"LEFT\">67t<\/td>\n<td align=\"LEFT\">Papa<\/td>\n<\/tr>\n<tr>\n<td align=\"RIGHT\" height=\"18\">3<\/td>\n<td align=\"LEFT\">Justes<\/td>\n<td align=\"LEFT\">905 Yankee<\/td>\n<td align=\"LEFT\">Z\u00e9noah 22,5 cm&rsquo;<\/td>\n<td align=\"LEFT\">SLD P-3<\/td>\n<td align=\"LEFT\">67t<\/td>\n<td align=\"LEFT\">Auto RCM<\/td>\n<\/tr>\n<tr>\n<td align=\"RIGHT\" height=\"18\">4<\/td>\n<td align=\"LEFT\">Denis<\/td>\n<td align=\"LEFT\">Jaguar Yankee<\/td>\n<td align=\"LEFT\">Z\u00e9noah 22,5 cm3<\/td>\n<td align=\"LEFT\">SLD S-3<\/td>\n<td align=\"LEFT\">65t<\/td>\n<td align=\"LEFT\">Cybem\u00e9tix, SLD, Expert Model, Auto8<\/td>\n<\/tr>\n<tr>\n<td align=\"RIGHT\" height=\"18\">5<\/td>\n<td align=\"LEFT\">Eschalier<\/td>\n<td align=\"LEFT\">905 Yankee<\/td>\n<td align=\"LEFT\">Z\u00e9noah 22,5 cm&rsquo;<\/td>\n<td align=\"LEFT\">SLD S-3<\/td>\n<td align=\"LEFT\">63T<\/td>\n<td align=\"LEFT\">BRC<\/td>\n<\/tr>\n<tr>\n<td align=\"RIGHT\" height=\"18\">6<\/td>\n<td align=\"LEFT\">Lefetz<\/td>\n<td align=\"LEFT\">905 Yankee<\/td>\n<td align=\"LEFT\">Z\u00e9noah 22,5 cm&rsquo;<\/td>\n<td align=\"LEFT\">SLD S-3<\/td>\n<td align=\"LEFT\">62T<\/td>\n<td align=\"LEFT\">Lui-mime<\/td>\n<\/tr>\n<tr>\n<td align=\"RIGHT\" height=\"18\">7<\/td>\n<td align=\"LEFT\">Veith<\/td>\n<td align=\"LEFT\">905 Yankee<\/td>\n<td align=\"LEFT\">Z\u00e9noah 22,5 cm&rsquo;<\/td>\n<td align=\"LEFT\">SLD S-3<\/td>\n<td align=\"LEFT\">59t<\/td>\n<td align=\"LEFT\">Tec Loisirs, Norauto, Passion Mod\u00e9lisme<\/td>\n<\/tr>\n<tr>\n<td align=\"RIGHT\" height=\"18\">8<\/td>\n<td align=\"LEFT\">Durand<\/td>\n<td align=\"LEFT\">905 Yankee<\/td>\n<td align=\"LEFT\">Z\u00e9noah 22,5 cm&rsquo;<\/td>\n<td align=\"LEFT\">SLD S-3<\/td>\n<td align=\"LEFT\">56T<\/td>\n<td align=\"LEFT\">EGP\/BI, Contact FM, Grenoble Miniatures<\/td>\n<\/tr>\n<tr>\n<td align=\"RIGHT\" height=\"18\">9<\/td>\n<td align=\"LEFT\">Monlong<\/td>\n<td align=\"LEFT\">Jaguar Yankee<\/td>\n<td align=\"LEFT\">Z\u00e9noah 22,5 cm&rsquo;<\/td>\n<td align=\"LEFT\">SLD S-3<\/td>\n<td align=\"LEFT\">51T<\/td>\n<td align=\"LEFT\">La Maquetterie de Mame la Vall\u00e9e, Auto RCM<\/td>\n<\/tr>\n<tr>\n<td align=\"RIGHT\" height=\"18\">10<\/td>\n<td align=\"LEFT\">Bessaudou<\/td>\n<td align=\"LEFT\">Jaguar Yankee<\/td>\n<td align=\"LEFT\">Z\u00e9noah 22,5 cm&rsquo;<\/td>\n<td align=\"LEFT\">SLD P-3<\/td>\n<td align=\"LEFT\">2T<\/td>\n<td align=\"LEFT\">Rochefort Mod\u00e9lisme, Auto 8<\/td>\n<\/tr>\n<\/tbody>\n<\/table>\n<h3>Caract\u00e9ristiques techniques des finalistes Super Tourisme<\/h3>\n<table border=\"1\" frame=\"VOID\" rules=\"NONE\" cellspacing=\"0\">\n<colgroup>\n<col width=\"86\" \/>\n<col width=\"86\" \/>\n<col width=\"86\" \/>\n<col width=\"86\" \/>\n<col width=\"86\" \/>\n<col width=\"86\" \/>\n<col width=\"294\" \/><\/colgroup>\n<tbody>\n<tr>\n<td align=\"LEFT\" width=\"86\" height=\"17\">Place<\/td>\n<td align=\"LEFT\" width=\"86\">Nom<\/td>\n<td align=\"LEFT\" width=\"86\">Voiture<\/td>\n<td align=\"LEFT\" width=\"86\">Moteur<\/td>\n<td align=\"LEFT\" width=\"86\">Pneus<\/td>\n<td align=\"LEFT\" width=\"86\">Tours<\/td>\n<td align=\"LEFT\" width=\"294\">Sponsors<\/td>\n<\/tr>\n<tr>\n<td align=\"RIGHT\" height=\"18\">1<\/td>\n<td align=\"LEFT\">Le Brazidec<\/td>\n<td align=\"LEFT\">BMW Yankee<\/td>\n<td align=\"LEFT\">Z\u00e9noah 22,5 cm&rsquo;<\/td>\n<td align=\"LEFT\">SLD S-3<\/td>\n<td align=\"LEFT\">66T<\/td>\n<td align=\"LEFT\">Rueil Mod\u00e9lisme<\/td>\n<\/tr>\n<tr>\n<td align=\"RIGHT\" height=\"18\">2<\/td>\n<td align=\"LEFT\">L\u00e9onard<\/td>\n<td align=\"LEFT\">309 Yankee<\/td>\n<td align=\"LEFT\">Z\u00e9noah 22,5 cm&rsquo;<\/td>\n<td align=\"LEFT\">SLD S-3<\/td>\n<td align=\"LEFT\">66T<\/td>\n<td align=\"LEFT\">Drastic, Jouef<\/td>\n<\/tr>\n<tr>\n<td align=\"RIGHT\" height=\"18\">3<\/td>\n<td align=\"LEFT\">Lorson<\/td>\n<td align=\"LEFT\">Porsche Yankee<\/td>\n<td align=\"LEFT\">Z\u00e9noah 22,5 cm&rsquo;<\/td>\n<td align=\"LEFT\">SLD S-3<\/td>\n<td align=\"LEFT\">65t<\/td>\n<td align=\"LEFT\">Mini Model&rsquo;s Louviers<\/td>\n<\/tr>\n<tr>\n<td align=\"RIGHT\" height=\"18\">4<\/td>\n<td align=\"LEFT\">Poulain<\/td>\n<td align=\"LEFT\">Mercedes Yankee<\/td>\n<td align=\"LEFT\">Z\u00e9noah 22,5 cm&rsquo;<\/td>\n<td align=\"LEFT\">SLD S-3<\/td>\n<td align=\"LEFT\">65t<\/td>\n<td align=\"LEFT\">Sans<\/td>\n<\/tr>\n<tr>\n<td align=\"RIGHT\" height=\"18\">5<\/td>\n<td align=\"LEFT\">Rimbaut<\/td>\n<td align=\"LEFT\">Porsche Yankee<\/td>\n<td align=\"LEFT\">Z\u00e9noah 22,5 cm&rsquo;<\/td>\n<td align=\"LEFT\">SLD S-3<\/td>\n<td align=\"LEFT\">63T<\/td>\n<td align=\"LEFT\">Savigny Mod\u00e9lisme, Hot Fire<\/td>\n<\/tr>\n<tr>\n<td align=\"RIGHT\" height=\"18\">6<\/td>\n<td align=\"LEFT\">Lyaudet R<\/td>\n<td align=\"LEFT\">Mercedes Yankee<\/td>\n<td align=\"LEFT\">Z\u00e9noah 22,5 cm&rsquo;<\/td>\n<td align=\"LEFT\">PMT pneus gonflables<\/td>\n<td align=\"LEFT\">62t<\/td>\n<td align=\"LEFT\">Summum<\/td>\n<\/tr>\n<tr>\n<td align=\"RIGHT\" height=\"18\">7<\/td>\n<td align=\"LEFT\">Martinez<\/td>\n<td align=\"LEFT\">Mercedes Yankee<\/td>\n<td align=\"LEFT\">Z\u00e9noah 22,5 cm&rsquo;<\/td>\n<td align=\"LEFT\">SLD S-3<\/td>\n<td align=\"LEFT\">61T<\/td>\n<td align=\"LEFT\">Rochefort Mod\u00e9lisme, Europe 2 Nantes<\/td>\n<\/tr>\n<tr>\n<td align=\"RIGHT\" height=\"18\">8<\/td>\n<td align=\"LEFT\">Tourte<\/td>\n<td align=\"LEFT\">BMW Yankee<\/td>\n<td align=\"LEFT\">Z\u00e9noah 22,5 cm&rsquo;<\/td>\n<td align=\"LEFT\">SLD S-3<\/td>\n<td align=\"LEFT\">59T<\/td>\n<td align=\"LEFT\">Sans<\/td>\n<\/tr>\n<tr>\n<td align=\"RIGHT\" height=\"18\">9<\/td>\n<td align=\"LEFT\">Brongniard<\/td>\n<td align=\"LEFT\">Porsche Yankee<\/td>\n<td align=\"LEFT\">Z\u00e9noah 22,5 cm&rsquo;<\/td>\n<td align=\"LEFT\">SLD S-3<\/td>\n<td align=\"LEFT\">39t<\/td>\n<td align=\"LEFT\">JLM<\/td>\n<\/tr>\n<tr>\n<td align=\"RIGHT\" height=\"18\">10<\/td>\n<td align=\"LEFT\">Lyaudet L<\/td>\n<td align=\"LEFT\">Mercedes Yankee<\/td>\n<td align=\"LEFT\">Z\u00e9noah 22,5 cm&rsquo;<\/td>\n<td align=\"LEFT\">PMT Pneus gonflables<\/td>\n<td align=\"LEFT\">6T<\/td>\n<td align=\"LEFT\">Summum.<\/td>\n<\/tr>\n<\/tbody>\n<\/table>\n<h2>\u00a0Photos<\/h2>\n<figure id=\"attachment_5105\" aria-describedby=\"caption-attachment-5105\" style=\"width: 1012px\" class=\"wp-caption alignnone\"><a href=\"http:\/\/vhrc.fr\/wp-content\/uploads\/2014\/10\/vhrc_auto8_89-082049-cf1-14-evry-mars-93-Z.jpg\"><img loading=\"lazy\" decoding=\"async\" class=\"size-large wp-image-5105\" src=\"http:\/\/vhrc.fr\/wp-content\/uploads\/2014\/10\/vhrc_auto8_89-082049-cf1-14-evry-mars-93-Z-1012x1024.jpg\" alt=\"cf1 1'4 evry mars 93 proto VS berlines\" width=\"1012\" height=\"1024\" \/><\/a><figcaption id=\"caption-attachment-5105\" class=\"wp-caption-text\">cf1 1&rsquo;4 evry mars 93 proto VS Tourisme (photo Auto8)<\/figcaption><\/figure>","protected":false},"excerpt":{"rendered":"<p>80 pilotes pr\u00e9sente pour cette premi\u00e8re manche \u00e0 Evry R\u00e9sultats Caract\u00e9ristiques techniques des finalistes Sport Proto Place Nom Voiture Moteur<\/p>","protected":false},"author":5,"featured_media":5105,"parent":5101,"menu_order":0,"comment_status":"closed","ping_status":"closed","template":"","meta":{"colormag_page_container_layout":"default_layout","colormag_page_sidebar_layout":"default_layout","footnotes":""},"class_list":["post-5104","page","type-page","status-publish","has-post-thumbnail","hentry"],"_links":{"self":[{"href":"https:\/\/vhrc.fr\/en\/wp-json\/wp\/v2\/pages\/5104","targetHints":{"allow":["GET"]}}],"collection":[{"href":"https:\/\/vhrc.fr\/en\/wp-json\/wp\/v2\/pages"}],"about":[{"href":"https:\/\/vhrc.fr\/en\/wp-json\/wp\/v2\/types\/page"}],"author":[{"embeddable":true,"href":"https:\/\/vhrc.fr\/en\/wp-json\/wp\/v2\/users\/5"}],"replies":[{"embeddable":true,"href":"https:\/\/vhrc.fr\/en\/wp-json\/wp\/v2\/comments?post=5104"}],"version-history":[{"count":8,"href":"https:\/\/vhrc.fr\/en\/wp-json\/wp\/v2\/pages\/5104\/revisions"}],"predecessor-version":[{"id":5114,"href":"https:\/\/vhrc.fr\/en\/wp-json\/wp\/v2\/pages\/5104\/revisions\/5114"}],"up":[{"embeddable":true,"href":"https:\/\/vhrc.fr\/en\/wp-json\/wp\/v2\/pages\/5101"}],"wp:featuredmedia":[{"embeddable":true,"href":"https:\/\/vhrc.fr\/en\/wp-json\/wp\/v2\/media\/5105"}],"wp:attachment":[{"href":"https:\/\/vhrc.fr\/en\/wp-json\/wp\/v2\/media?parent=5104"}],"curies":[{"name":"wp","href":"https:\/\/api.w.org\/{rel}","templated":true}]}}