{"id":5366,"date":"2014-11-11T19:11:55","date_gmt":"2014-11-11T18:11:55","guid":{"rendered":"http:\/\/vhrc.fr\/?page_id=5366"},"modified":"2025-07-08T09:22:52","modified_gmt":"2025-07-08T08:22:52","slug":"2005-vhr","status":"publish","type":"page","link":"https:\/\/vhrc.fr\/en\/historique\/vhrc-lhistorique\/2005-vhr\/","title":{"rendered":"2005 VHR"},"content":{"rendered":"<h1>Manches<\/h1>\n<p>&nbsp;<\/p>\n<p>Cr\u00e9e en 2003 par une dizaine de copains, le team du V.H.R compte aujourd\u2019hui une quinzaine de pilotes n\u00e9ophytes ou passionn\u00e9s tout le monde y est le bienvenu Porche,Viper,Vertigo,Spider Venturi,Subaru,BMW, aux manettes de leurs radio-commande les pilotes de leurs petits bolides sur vitammin\u00e9s du V.H.R s\u2019en donne \u00e0 c\u0153ur joie tout au long de la saison.<!--more--><\/p>\n<div class=\"pt-cv-wrapper\"><div class=\"pt-cv-view pt-cv-grid pt-cv-colsys\" id=\"pt-cv-view-947e82bt36\"><div data-id=\"pt-cv-page-1\" class=\"pt-cv-page\" data-cvc=\"2\"><div class=\"col-md-6 col-sm-6 col-xs-12 pt-cv-content-item pt-cv-1-col\" ><div class='pt-cv-ifield'><a href=\"https:\/\/vhrc.fr\/en\/historique\/vhrc-lhistorique\/2005-vhr\/2005-le-luc\/\" class=\"_self pt-cv-href-thumbnail pt-cv-thumb-default\" target=\"_self\" ><img loading=\"lazy\" decoding=\"async\" width=\"400\" height=\"300\" src=\"https:\/\/vhrc.fr\/wp-content\/uploads\/2014\/11\/Le_Luc_2005_018-500x375.jpg\" class=\"pt-cv-thumbnail\" alt=\"\" srcset=\"https:\/\/vhrc.fr\/wp-content\/uploads\/2014\/11\/Le_Luc_2005_018-500x375.jpg 500w, https:\/\/vhrc.fr\/wp-content\/uploads\/2014\/11\/Le_Luc_2005_018.jpg 640w\" sizes=\"auto, (max-width: 400px) 100vw, 400px\" \/><\/a>\n<h4 class=\"pt-cv-title\"><a href=\"https:\/\/vhrc.fr\/en\/historique\/vhrc-lhistorique\/2005-vhr\/2005-le-luc\/\" class=\"_self\" target=\"_self\" >2005 M1 Le Luc<\/a><\/h4>\n<div class=\"pt-cv-content\">Compte rendu du luc 2005 par Fred pour le site comptetours.com Le Luc dimanche 13 mars 2005 Beau temps pour ...<br \/><div class=\"pt-cv-rmwrap\"><a href=\"https:\/\/vhrc.fr\/en\/historique\/vhrc-lhistorique\/2005-vhr\/2005-le-luc\/\" class=\"_self pt-cv-readmore btn btn-success\" target=\"_self\">Lire La Suite\u2026<\/a><\/div><\/div><\/div><\/div>\n<div class=\"col-md-6 col-sm-6 col-xs-12 pt-cv-content-item pt-cv-1-col\" ><div class='pt-cv-ifield'><a href=\"https:\/\/vhrc.fr\/en\/historique\/vhrc-lhistorique\/2005-vhr\/2005-marseille\/\" class=\"_self pt-cv-href-thumbnail pt-cv-thumb-default\" target=\"_self\" ><img loading=\"lazy\" decoding=\"async\" width=\"400\" height=\"300\" src=\"https:\/\/vhrc.fr\/wp-content\/uploads\/2018\/04\/Photo_084-500x375.jpg\" class=\"pt-cv-thumbnail\" alt=\"\" srcset=\"https:\/\/vhrc.fr\/wp-content\/uploads\/2018\/04\/Photo_084-500x375.jpg 500w, https:\/\/vhrc.fr\/wp-content\/uploads\/2018\/04\/Photo_084.jpg 640w\" sizes=\"auto, (max-width: 400px) 100vw, 400px\" \/><\/a>\n<h4 class=\"pt-cv-title\"><a href=\"https:\/\/vhrc.fr\/en\/historique\/vhrc-lhistorique\/2005-vhr\/2005-marseille\/\" class=\"_self\" target=\"_self\" >2005 Marseille<\/a><\/h4>\n<div class=\"pt-cv-content\">On attendait la pluie, on aura le beau temps, et tant mieux, de nouveau 8 pilotes pr\u00e9sents pour ce deuxi\u00e8me ...<br \/><div class=\"pt-cv-rmwrap\"><a href=\"https:\/\/vhrc.fr\/en\/historique\/vhrc-lhistorique\/2005-vhr\/2005-marseille\/\" class=\"_self pt-cv-readmore btn btn-success\" target=\"_self\">Lire La Suite\u2026<\/a><\/div><\/div><\/div><\/div><\/div><\/div><\/div>\n<p>Le V.H.R qu\u2019est que sait se sont voitures radio-command\u00e9e \u00e0 l\u2019\u00e9chelle 1\/4 qui avaient disparue d\u2019o\u00f9 le V.H.R: v\u00e9hicule historiques radio command\u00e9s.<\/p>\n<p>Cr\u00e9e par Villeneuv&rsquo;Model , en 2005 des pilotes du Luc viendront rejoindre le V.H.R. En 2 ans une belle r\u00e9ussite pour cette petite structure r\u00e9gionale qui traduit une fois de plus la vitalit\u00e9 de cet \u00e9chelle.<\/p>\n<p>Esprit bon enfant et entraide mutuelle sont les deux leitmotiv qui r\u00e8gnent au sein du groupe.Nous n\u2019avons pas comme ambition de r\u00e9aliser de grandes performances sportives, nos buts sont surtout de promouvoir et de rendre plus facile l\u2019acc\u00e8s \u00e0 cette \u00e9ch\u00e8le ,comme l\u2019on dit, l\u2019\u00e9chelle des papis. Et si l\u2019on peut mettre le pied \u00e0 l\u2019\u00e9trier quelques jeunes qui veulent se lancer dans l\u2019aventure, le V H R est alors r\u00e9ussi. La course co\u00fbte cher et ne rapporte pas grand chose! nos budgets sont tr\u00e8s raisonnables, de quoi r\u00e9unir pour toute la saison 2005. Alors si l\u2019aventure vous tente: pour tous renseignements Villeneuv\u2019 Models \u00e0 Villeneuve les Avignon.<\/p>\n<p>&nbsp;<\/p>","protected":false},"excerpt":{"rendered":"<p>Manches &nbsp; Cr\u00e9e en 2003 par une dizaine de copains, le team du V.H.R compte aujourd\u2019hui une quinzaine de pilotes<\/p>","protected":false},"author":5,"featured_media":5354,"parent":686,"menu_order":0,"comment_status":"closed","ping_status":"closed","template":"","meta":{"colormag_page_container_layout":"default_layout","colormag_page_sidebar_layout":"default_layout","footnotes":""},"class_list":["post-5366","page","type-page","status-publish","has-post-thumbnail","hentry"],"_links":{"self":[{"href":"https:\/\/vhrc.fr\/en\/wp-json\/wp\/v2\/pages\/5366","targetHints":{"allow":["GET"]}}],"collection":[{"href":"https:\/\/vhrc.fr\/en\/wp-json\/wp\/v2\/pages"}],"about":[{"href":"https:\/\/vhrc.fr\/en\/wp-json\/wp\/v2\/types\/page"}],"author":[{"embeddable":true,"href":"https:\/\/vhrc.fr\/en\/wp-json\/wp\/v2\/users\/5"}],"replies":[{"embeddable":true,"href":"https:\/\/vhrc.fr\/en\/wp-json\/wp\/v2\/comments?post=5366"}],"version-history":[{"count":6,"href":"https:\/\/vhrc.fr\/en\/wp-json\/wp\/v2\/pages\/5366\/revisions"}],"predecessor-version":[{"id":9129,"href":"https:\/\/vhrc.fr\/en\/wp-json\/wp\/v2\/pages\/5366\/revisions\/9129"}],"up":[{"embeddable":true,"href":"https:\/\/vhrc.fr\/en\/wp-json\/wp\/v2\/pages\/686"}],"wp:featuredmedia":[{"embeddable":true,"href":"https:\/\/vhrc.fr\/en\/wp-json\/wp\/v2\/media\/5354"}],"wp:attachment":[{"href":"https:\/\/vhrc.fr\/en\/wp-json\/wp\/v2\/media?parent=5366"}],"curies":[{"name":"wp","href":"https:\/\/api.w.org\/{rel}","templated":true}]}}