{"id":5368,"date":"2014-11-11T19:13:46","date_gmt":"2014-11-11T18:13:46","guid":{"rendered":"http:\/\/vhrc.fr\/?page_id=5368"},"modified":"2025-07-08T09:22:53","modified_gmt":"2025-07-08T08:22:53","slug":"2005-le-luc","status":"publish","type":"page","link":"https:\/\/vhrc.fr\/en\/historique\/vhrc-lhistorique\/2005-vhr\/2005-le-luc\/","title":{"rendered":"2005 M1 Le Luc"},"content":{"rendered":"<h1>Compte rendu du luc 2005 par Fred pour le site comptetours.com<\/h1>\n<p>&nbsp;<\/p>\n<p><a href=\"http:\/\/vhrc.fr\/wp-content\/uploads\/2014\/11\/a_Le_Luc_2005_013.jpg\"><img loading=\"lazy\" decoding=\"async\" class=\"alignnone size-full wp-image-5375\" src=\"http:\/\/vhrc.fr\/wp-content\/uploads\/2014\/11\/a_Le_Luc_2005_013.jpg\" alt=\"a_Le_Luc_2005_013\" width=\"236\" height=\"188\" \/><\/a> <a href=\"http:\/\/vhrc.fr\/wp-content\/uploads\/2014\/11\/a_Le_Luc_2005_023.jpg\"><img loading=\"lazy\" decoding=\"async\" class=\"alignnone size-full wp-image-5376\" src=\"http:\/\/vhrc.fr\/wp-content\/uploads\/2014\/11\/a_Le_Luc_2005_023.jpg\" alt=\"a_Le_Luc_2005_023\" width=\"252\" height=\"175\" \/><\/a> <a href=\"http:\/\/vhrc.fr\/wp-content\/uploads\/2014\/11\/a_Le_Luc_2005_027.jpg\"><img loading=\"lazy\" decoding=\"async\" class=\"alignnone size-full wp-image-5377\" src=\"http:\/\/vhrc.fr\/wp-content\/uploads\/2014\/11\/a_Le_Luc_2005_027.jpg\" alt=\"a_Le_Luc_2005_027\" width=\"242\" height=\"185\" \/><\/a><\/p>\n<h2>Le Luc dimanche 13 mars 2005<\/h2>\n<p>Beau temps pour cette premi\u00e8re manche du V H R 2005, il \u00e9tait temps que la m\u00e9t\u00e9o y mette du sien. Nous voila donc 8 pilotes pr\u00eats \u00e0 en d\u00e9coudre pour la premi\u00e8re manche de l\u2019ann\u00e9e avec des autos pr\u00e9par\u00e9es aux petits oignons, bichonn\u00e9es tout l\u2019hiver bien au chaud dans nos chaumi\u00e8res.<\/p>\n<p>Donc 8 pilotes un quart et une trentaine de pilotes de petites \u00e9chelles 1\/5. Luc ne participera pas aux qualifs car il sera handicap\u00e9 par des probl\u00e8mes radio ( interf\u00e9rences).<\/p>\n<p>Cot\u00e9 paddock, \u00e0 not\u00e9 Christophe qui inaugure un moteur de 26 cc Zenoah, Fred avec une carrosserie de Bugatti \u00e0 la place de sa Venturi un peu fatigu\u00e9, Patrick roulera avec une carrosserie neuve de Subaru, \u00e0 peine s\u00e8che, moul\u00e9e de frais.<\/p>\n<p><a href=\"http:\/\/vhrc.fr\/wp-content\/uploads\/2014\/11\/Le_Luc_2005_001.jpg\"><img loading=\"lazy\" decoding=\"async\" class=\"alignnone size-full wp-image-5378\" src=\"http:\/\/vhrc.fr\/wp-content\/uploads\/2014\/11\/Le_Luc_2005_001.jpg\" alt=\"Le_Luc_2005_001\" width=\"640\" height=\"480\" srcset=\"https:\/\/vhrc.fr\/wp-content\/uploads\/2014\/11\/Le_Luc_2005_001.jpg 640w, https:\/\/vhrc.fr\/wp-content\/uploads\/2014\/11\/Le_Luc_2005_001-500x375.jpg 500w\" sizes=\"auto, (max-width: 640px) 100vw, 640px\" \/><\/a><br \/>\n<a href=\"http:\/\/vhrc.fr\/wp-content\/uploads\/2014\/11\/Le_Luc_2005_002.jpg\"><img loading=\"lazy\" decoding=\"async\" class=\"alignnone size-full wp-image-5379\" src=\"http:\/\/vhrc.fr\/wp-content\/uploads\/2014\/11\/Le_Luc_2005_002.jpg\" alt=\"Le_Luc_2005_002\" width=\"640\" height=\"480\" srcset=\"https:\/\/vhrc.fr\/wp-content\/uploads\/2014\/11\/Le_Luc_2005_002.jpg 640w, https:\/\/vhrc.fr\/wp-content\/uploads\/2014\/11\/Le_Luc_2005_002-500x375.jpg 500w\" sizes=\"auto, (max-width: 640px) 100vw, 640px\" \/><\/a><br \/>\n<a href=\"http:\/\/vhrc.fr\/wp-content\/uploads\/2014\/11\/Le_Luc_2005_006.jpg\"><img loading=\"lazy\" decoding=\"async\" class=\"alignnone size-full wp-image-5380\" src=\"http:\/\/vhrc.fr\/wp-content\/uploads\/2014\/11\/Le_Luc_2005_006.jpg\" alt=\"Le_Luc_2005_006\" width=\"640\" height=\"480\" srcset=\"https:\/\/vhrc.fr\/wp-content\/uploads\/2014\/11\/Le_Luc_2005_006.jpg 640w, https:\/\/vhrc.fr\/wp-content\/uploads\/2014\/11\/Le_Luc_2005_006-500x375.jpg 500w\" sizes=\"auto, (max-width: 640px) 100vw, 640px\" \/><\/a><br \/>\n<a href=\"http:\/\/vhrc.fr\/wp-content\/uploads\/2014\/11\/Le_Luc_2005_007.jpg\"><img loading=\"lazy\" decoding=\"async\" class=\"alignnone size-full wp-image-5381\" src=\"http:\/\/vhrc.fr\/wp-content\/uploads\/2014\/11\/Le_Luc_2005_007.jpg\" alt=\"Le_Luc_2005_007\" width=\"640\" height=\"480\" srcset=\"https:\/\/vhrc.fr\/wp-content\/uploads\/2014\/11\/Le_Luc_2005_007.jpg 640w, https:\/\/vhrc.fr\/wp-content\/uploads\/2014\/11\/Le_Luc_2005_007-500x375.jpg 500w\" sizes=\"auto, (max-width: 640px) 100vw, 640px\" \/><\/a><\/p>\n<p><a href=\"http:\/\/vhrc.fr\/wp-content\/uploads\/2014\/11\/Le_Luc_2005_018.jpg\"><img loading=\"lazy\" decoding=\"async\" class=\"alignnone size-full wp-image-5383\" src=\"http:\/\/vhrc.fr\/wp-content\/uploads\/2014\/11\/Le_Luc_2005_018.jpg\" alt=\"Le_Luc_2005_018\" width=\"640\" height=\"480\" srcset=\"https:\/\/vhrc.fr\/wp-content\/uploads\/2014\/11\/Le_Luc_2005_018.jpg 640w, https:\/\/vhrc.fr\/wp-content\/uploads\/2014\/11\/Le_Luc_2005_018-500x375.jpg 500w\" sizes=\"auto, (max-width: 640px) 100vw, 640px\" \/><\/a><br \/>\n<a href=\"http:\/\/vhrc.fr\/wp-content\/uploads\/2014\/11\/Le_Luc_2005_024.jpg\"><img loading=\"lazy\" decoding=\"async\" class=\"alignnone size-full wp-image-5384\" src=\"http:\/\/vhrc.fr\/wp-content\/uploads\/2014\/11\/Le_Luc_2005_024.jpg\" alt=\"Le_Luc_2005_024\" width=\"640\" height=\"480\" srcset=\"https:\/\/vhrc.fr\/wp-content\/uploads\/2014\/11\/Le_Luc_2005_024.jpg 640w, https:\/\/vhrc.fr\/wp-content\/uploads\/2014\/11\/Le_Luc_2005_024-500x375.jpg 500w\" sizes=\"auto, (max-width: 640px) 100vw, 640px\" \/><\/a><\/p>\n<p>La piste reste extr\u00eamement glissante et le jeu consiste \u00e0 trouver un peu d\u2019accroche, doigt de velours sur la g\u00e2chette sera le meilleurs r\u00e9glage que l\u2019on trouvera, on aura lors de la troisi\u00e8me manche un peu plus d\u2019accroche gr\u00e2ce au soleil qui chauffera bien la piste mais les nuages de l\u2019apr\u00e8s midi ne permettront pas de b\u00e9n\u00e9ficier de cette aide pr\u00e9cieuse.<\/p>\n<p>&nbsp;<\/p>\n<h2>Qualifs<\/h2>\n<p>Trois qualifs de 10 min au programme, cependant l\u2019organisation qui assurait le comptage pour la premi\u00e8re fois tarde un peu et donc le retard pris nous oblige \u00e0 faire des qualifs de 5 min.A ce jeu l\u00e0 c\u2019est Hadrien ( encore&#8230;) qui fait la p\u00f4le avec 11 tours devant Fred avec 10 tours, puis Vincent 10 tours, Christophe 10 tours, Patrick 10 tours, Wilfred 8 tours, et G\u00e9rard 8 tours \u00e9galement.<\/p>\n<h2>L\u2019apr\u00e8s midi, deux finales de 15 minutes<\/h2>\n<p>entrecoup\u00e9 d\u2019une pose de 5 minutes histoire de faire refroidir les m\u00e9caniques.<\/p>\n<p>Au lev\u00e9 de drapeau Fred prend le devant mais sera vite rattrap\u00e9 par la meute et notamment Hadrien qui le doublera et que l\u2019on ne verra plus jusqu\u2019\u00e0 l\u2019arriv\u00e9e. Derri\u00e8re, Fred restera \u00e0 la deuxi\u00e8me place talonn\u00e9 par Christophe qui sera contraint \u00e0 l\u2019arr\u00eat apr\u00e8s le troisi\u00e8me tours, il ne reprendra qu\u2019en deuxi\u00e8me finale. Apr\u00e8s 15 mm arr\u00eat pipi. Vidange pour les uns le plein pour les autres, et cela repart sans changement jusqu\u2019\u00e0 l\u2019arriv\u00e9e, plus de casse tout le monde finira.<\/p>\n<p>Je salue aussi l\u2019\u00e9chelle 1\/5 Jean-Marie Recano<br \/>\n<a href=\"http:\/\/vhrc.fr\/wp-content\/uploads\/2014\/11\/Le_Luc_2005_010.jpg\"><img loading=\"lazy\" decoding=\"async\" class=\"alignnone size-full wp-image-5382\" src=\"http:\/\/vhrc.fr\/wp-content\/uploads\/2014\/11\/Le_Luc_2005_010.jpg\" alt=\"Le_Luc_2005_010\" width=\"640\" height=\"480\" srcset=\"https:\/\/vhrc.fr\/wp-content\/uploads\/2014\/11\/Le_Luc_2005_010.jpg 640w, https:\/\/vhrc.fr\/wp-content\/uploads\/2014\/11\/Le_Luc_2005_010-500x375.jpg 500w\" sizes=\"auto, (max-width: 640px) 100vw, 640px\" \/><\/a><br \/>\nAttention la prochaine manche \u00e0 chang\u00e9, on ira \u00e0 Marseille ST Menet le 3 avril au lieu de Montpellier \u00e0 se r\u00e9f\u00e9rer au calendrier.<\/p>\n<p>Voila, belle premi\u00e8re manche, avec une m\u00e8t\u00e8o cl\u00e9mente, les autos \u00e9taient bien bichonn\u00e9es et \u00e8taient en g\u00e9n\u00e9ral fiables.<\/p>\n<p>R\u00e9sultats de la premi\u00e8re manche. 1.Hadrien. 2.Fred. 3.Patrick 4.Vincent. 5.Wilfred. 6.G\u00e9rard 7.Christophe<\/p>","protected":false},"excerpt":{"rendered":"<p>Compte rendu du luc 2005 par Fred pour le site comptetours.com &nbsp; Le Luc dimanche 13 mars 2005 Beau temps<\/p>","protected":false},"author":5,"featured_media":5383,"parent":5366,"menu_order":0,"comment_status":"closed","ping_status":"closed","template":"","meta":{"colormag_page_container_layout":"default_layout","colormag_page_sidebar_layout":"default_layout","footnotes":""},"class_list":["post-5368","page","type-page","status-publish","has-post-thumbnail","hentry"],"_links":{"self":[{"href":"https:\/\/vhrc.fr\/en\/wp-json\/wp\/v2\/pages\/5368","targetHints":{"allow":["GET"]}}],"collection":[{"href":"https:\/\/vhrc.fr\/en\/wp-json\/wp\/v2\/pages"}],"about":[{"href":"https:\/\/vhrc.fr\/en\/wp-json\/wp\/v2\/types\/page"}],"author":[{"embeddable":true,"href":"https:\/\/vhrc.fr\/en\/wp-json\/wp\/v2\/users\/5"}],"replies":[{"embeddable":true,"href":"https:\/\/vhrc.fr\/en\/wp-json\/wp\/v2\/comments?post=5368"}],"version-history":[{"count":4,"href":"https:\/\/vhrc.fr\/en\/wp-json\/wp\/v2\/pages\/5368\/revisions"}],"predecessor-version":[{"id":5386,"href":"https:\/\/vhrc.fr\/en\/wp-json\/wp\/v2\/pages\/5368\/revisions\/5386"}],"up":[{"embeddable":true,"href":"https:\/\/vhrc.fr\/en\/wp-json\/wp\/v2\/pages\/5366"}],"wp:featuredmedia":[{"embeddable":true,"href":"https:\/\/vhrc.fr\/en\/wp-json\/wp\/v2\/media\/5383"}],"wp:attachment":[{"href":"https:\/\/vhrc.fr\/en\/wp-json\/wp\/v2\/media?parent=5368"}],"curies":[{"name":"wp","href":"https:\/\/api.w.org\/{rel}","templated":true}]}}