{"id":5370,"date":"2014-11-11T19:14:08","date_gmt":"2014-11-11T18:14:08","guid":{"rendered":"http:\/\/vhrc.fr\/?page_id=5370"},"modified":"2025-07-08T09:22:53","modified_gmt":"2025-07-08T08:22:53","slug":"2005-marseille","status":"publish","type":"page","link":"https:\/\/vhrc.fr\/en\/historique\/vhrc-lhistorique\/2005-vhr\/2005-marseille\/","title":{"rendered":"2005 Marseille"},"content":{"rendered":"<p><a href=\"http:\/\/vhrc.fr\/wp-content\/uploads\/2018\/04\/Photo_081.jpg\"><img loading=\"lazy\" decoding=\"async\" class=\"alignnone size-medium wp-image-8407\" src=\"http:\/\/vhrc.fr\/wp-content\/uploads\/2018\/04\/Photo_081-500x375.jpg\" alt=\"\" width=\"500\" height=\"375\" srcset=\"https:\/\/vhrc.fr\/wp-content\/uploads\/2018\/04\/Photo_081-500x375.jpg 500w, https:\/\/vhrc.fr\/wp-content\/uploads\/2018\/04\/Photo_081.jpg 640w\" sizes=\"auto, (max-width: 500px) 100vw, 500px\" \/><\/a> <a href=\"http:\/\/vhrc.fr\/wp-content\/uploads\/2018\/04\/Photo_080.jpg\"><img loading=\"lazy\" decoding=\"async\" class=\"alignnone size-medium wp-image-8408\" src=\"http:\/\/vhrc.fr\/wp-content\/uploads\/2018\/04\/Photo_080-500x375.jpg\" alt=\"\" width=\"500\" height=\"375\" srcset=\"https:\/\/vhrc.fr\/wp-content\/uploads\/2018\/04\/Photo_080-500x375.jpg 500w, https:\/\/vhrc.fr\/wp-content\/uploads\/2018\/04\/Photo_080.jpg 640w\" sizes=\"auto, (max-width: 500px) 100vw, 500px\" \/><\/a><\/p>\n<p>On attendait la pluie, on aura le beau temps, et tant mieux, de nouveau 8 pilotes pr\u00e9sents pour ce deuxi\u00e8me rendez vous de la saison. Apr\u00e8s un briefing, durant lequel on nous pr\u00e9sente le nouveau bureau de Marseille, c\u2019est parti pour 3 qualifs de 10 min.<\/p>\n<p>Ici comme au Luc l\u2019accroche est incertaine et il faudra tester plusieurs solutions avant d\u2019en trouver une acceptable, du moins pour certain d\u2019entre nous. A l\u2019issu des qualifs, r\u00e9sultats; p\u00f4le pour Brice avec 21 tours, suivi de Christophe avec 19 tours, puis Fred avec 18 tours, puis Patrick 18 tours, puis, Vincent 17 tours, G\u00e9rard,14 tours ; Luc 7 tours et Hadrien ( une fois n\u2019est pas coutume ) 2 tours.<\/p>\n<p><a href=\"http:\/\/vhrc.fr\/wp-content\/uploads\/2018\/04\/Photo_082.jpg\"><img loading=\"lazy\" decoding=\"async\" class=\"alignnone size-medium wp-image-8409\" src=\"http:\/\/vhrc.fr\/wp-content\/uploads\/2018\/04\/Photo_082-500x375.jpg\" alt=\"\" width=\"500\" height=\"375\" srcset=\"https:\/\/vhrc.fr\/wp-content\/uploads\/2018\/04\/Photo_082-500x375.jpg 500w, https:\/\/vhrc.fr\/wp-content\/uploads\/2018\/04\/Photo_082.jpg 640w\" sizes=\"auto, (max-width: 500px) 100vw, 500px\" \/><\/a> <a href=\"http:\/\/vhrc.fr\/wp-content\/uploads\/2018\/04\/Photo_083.jpg\"><img loading=\"lazy\" decoding=\"async\" class=\"alignnone size-medium wp-image-8410\" src=\"http:\/\/vhrc.fr\/wp-content\/uploads\/2018\/04\/Photo_083-500x375.jpg\" alt=\"\" width=\"500\" height=\"375\" srcset=\"https:\/\/vhrc.fr\/wp-content\/uploads\/2018\/04\/Photo_083-500x375.jpg 500w, https:\/\/vhrc.fr\/wp-content\/uploads\/2018\/04\/Photo_083.jpg 640w\" sizes=\"auto, (max-width: 500px) 100vw, 500px\" \/><\/a><\/p>\n<p>L\u2019apr\u00e8s midi, deux finales de 15 minutes avec une interruption de 5 minutes histoires de refaire le plein et changer d\u2019accus \u00e9ventuellement.<\/p>\n<p>Premi\u00e8re 15 minutes avec peu de probl\u00e8mes apparemment sauf pour Hadrien qui semble avoir des soucis de moteur, comme pr\u00e9vu, arr\u00eat au bout de 15 min, le classement provisoire est le suivant Brice devant Fred, Christophe, Vincent, Patrick. Luc, G\u00e9rard et Hadrien.<\/p>\n<p><a href=\"http:\/\/vhrc.fr\/wp-content\/uploads\/2018\/04\/Photo_089.jpg\"><img loading=\"lazy\" decoding=\"async\" class=\"alignnone size-medium wp-image-8412\" src=\"http:\/\/vhrc.fr\/wp-content\/uploads\/2018\/04\/Photo_089-500x375.jpg\" alt=\"\" width=\"500\" height=\"375\" srcset=\"https:\/\/vhrc.fr\/wp-content\/uploads\/2018\/04\/Photo_089-500x375.jpg 500w, https:\/\/vhrc.fr\/wp-content\/uploads\/2018\/04\/Photo_089.jpg 640w\" sizes=\"auto, (max-width: 500px) 100vw, 500px\" \/><\/a> <a href=\"http:\/\/vhrc.fr\/wp-content\/uploads\/2018\/04\/Photo_084.jpg\"><img loading=\"lazy\" decoding=\"async\" class=\"alignnone size-medium wp-image-8411\" src=\"http:\/\/vhrc.fr\/wp-content\/uploads\/2018\/04\/Photo_084-500x375.jpg\" alt=\"\" width=\"500\" height=\"375\" srcset=\"https:\/\/vhrc.fr\/wp-content\/uploads\/2018\/04\/Photo_084-500x375.jpg 500w, https:\/\/vhrc.fr\/wp-content\/uploads\/2018\/04\/Photo_084.jpg 640w\" sizes=\"auto, (max-width: 500px) 100vw, 500px\" \/><\/a><\/p>\n<p>Deuxi\u00e8me d\u00e9part, rien \u00e0 signaler, cependant je ne pourrais dire plus de la suite de cette finale, un arr\u00eat au stand qui s\u2019\u00e9ternisera m\u2019emp\u00eachera de voir et d\u2019entendre la suite des \u00e9v\u00e8nements.<\/p>\n<p>Voici donc le classement final. Brice, Christophe, Patrick (qui monte pour la deuxi\u00e8me fois en 2 manche sur la troisi\u00e8me marche du podium ) bravo, ensuite Luc \u00e0 la quatri\u00e8me place, Vincent, cinqui\u00e8me, Hadrien, sixi\u00e8me,Fred septi\u00e8me et enfin G\u00e9rard huiti\u00e8me.<\/p>\n<p>Voila seconde manche pass\u00e9 sous le beau temps encore une fois, esp\u00e9rons que cela continuera, surtout que la troisi\u00e8me manche ce sera le 15 mai \u00e0 Villeneuve, alors il reste quelque jours pour bien pr\u00e9parer les autos.<\/p>\n<p>Alors rendez vous pour ceux qui le peuvent, pour les pr\u00e9paratifs du grand prix, les essais libres du samedi et surtout pour le grand prix le dimanche 15 mai 2005.<\/p>\n<p><a href=\"http:\/\/vhrc.fr\/wp-content\/uploads\/2018\/04\/Photo_089.jpg\"><img loading=\"lazy\" decoding=\"async\" class=\"alignnone size-medium wp-image-8412\" src=\"http:\/\/vhrc.fr\/wp-content\/uploads\/2018\/04\/Photo_089-500x375.jpg\" alt=\"\" width=\"500\" height=\"375\" srcset=\"https:\/\/vhrc.fr\/wp-content\/uploads\/2018\/04\/Photo_089-500x375.jpg 500w, https:\/\/vhrc.fr\/wp-content\/uploads\/2018\/04\/Photo_089.jpg 640w\" sizes=\"auto, (max-width: 500px) 100vw, 500px\" \/><\/a> <a href=\"http:\/\/vhrc.fr\/wp-content\/uploads\/2018\/04\/Photo_090.jpg\"><img loading=\"lazy\" decoding=\"async\" class=\"alignnone size-medium wp-image-8414\" src=\"http:\/\/vhrc.fr\/wp-content\/uploads\/2018\/04\/Photo_090-500x375.jpg\" alt=\"\" width=\"500\" height=\"375\" srcset=\"https:\/\/vhrc.fr\/wp-content\/uploads\/2018\/04\/Photo_090-500x375.jpg 500w, https:\/\/vhrc.fr\/wp-content\/uploads\/2018\/04\/Photo_090.jpg 640w\" sizes=\"auto, (max-width: 500px) 100vw, 500px\" \/><\/a><\/p>\n<p>Compte rendu pour compte-tours: Fred Vassas<\/p>","protected":false},"excerpt":{"rendered":"<p>On attendait la pluie, on aura le beau temps, et tant mieux, de nouveau 8 pilotes pr\u00e9sents pour ce deuxi\u00e8me<\/p>","protected":false},"author":5,"featured_media":8411,"parent":5366,"menu_order":0,"comment_status":"closed","ping_status":"closed","template":"","meta":{"colormag_page_container_layout":"default_layout","colormag_page_sidebar_layout":"default_layout","footnotes":""},"class_list":["post-5370","page","type-page","status-publish","has-post-thumbnail","hentry"],"_links":{"self":[{"href":"https:\/\/vhrc.fr\/en\/wp-json\/wp\/v2\/pages\/5370","targetHints":{"allow":["GET"]}}],"collection":[{"href":"https:\/\/vhrc.fr\/en\/wp-json\/wp\/v2\/pages"}],"about":[{"href":"https:\/\/vhrc.fr\/en\/wp-json\/wp\/v2\/types\/page"}],"author":[{"embeddable":true,"href":"https:\/\/vhrc.fr\/en\/wp-json\/wp\/v2\/users\/5"}],"replies":[{"embeddable":true,"href":"https:\/\/vhrc.fr\/en\/wp-json\/wp\/v2\/comments?post=5370"}],"version-history":[{"count":4,"href":"https:\/\/vhrc.fr\/en\/wp-json\/wp\/v2\/pages\/5370\/revisions"}],"predecessor-version":[{"id":8416,"href":"https:\/\/vhrc.fr\/en\/wp-json\/wp\/v2\/pages\/5370\/revisions\/8416"}],"up":[{"embeddable":true,"href":"https:\/\/vhrc.fr\/en\/wp-json\/wp\/v2\/pages\/5366"}],"wp:featuredmedia":[{"embeddable":true,"href":"https:\/\/vhrc.fr\/en\/wp-json\/wp\/v2\/media\/8411"}],"wp:attachment":[{"href":"https:\/\/vhrc.fr\/en\/wp-json\/wp\/v2\/media?parent=5370"}],"curies":[{"name":"wp","href":"https:\/\/api.w.org\/{rel}","templated":true}]}}