{"id":5669,"date":"2015-02-02T21:19:43","date_gmt":"2015-02-02T20:19:43","guid":{"rendered":"http:\/\/vhrc.fr\/?page_id=5669"},"modified":"2025-07-08T09:22:52","modified_gmt":"2025-07-08T08:22:52","slug":"2015-vhrc","status":"publish","type":"page","link":"https:\/\/vhrc.fr\/en\/historique\/vhrc-lhistorique\/2015-vhrc\/","title":{"rendered":"2015 VHRC"},"content":{"rendered":"<h1>Les \u00e9preuves du VHRC 2015<\/h1>\n<p><iframe loading=\"lazy\" src=\"https:\/\/www.google.com\/maps\/d\/embed?mid=z8brhk1Tp2Vw.kM3ikDsDUKVw\" width=\"640\" height=\"480\"><\/iframe><\/p>\n<div class=\"pt-cv-wrapper\"><div class=\"pt-cv-view pt-cv-grid pt-cv-colsys\" id=\"pt-cv-view-335521c3qk\"><div data-id=\"pt-cv-page-1\" class=\"pt-cv-page\" data-cvc=\"2\"><div class=\"col-md-6 col-sm-6 col-xs-12 pt-cv-content-item pt-cv-1-col\" ><div class='pt-cv-ifield'><a href=\"https:\/\/vhrc.fr\/en\/historique\/vhrc-lhistorique\/2015-vhrc\/2015-m01-mougins\/\" class=\"_self pt-cv-href-thumbnail pt-cv-thumb-default\" target=\"_self\" ><img loading=\"lazy\" decoding=\"async\" width=\"400\" height=\"300\" src=\"https:\/\/vhrc.fr\/wp-content\/uploads\/2015\/02\/20141123_075408-500x375.jpg\" class=\"pt-cv-thumbnail\" alt=\"\" srcset=\"https:\/\/vhrc.fr\/wp-content\/uploads\/2015\/02\/20141123_075408-500x375.jpg 500w, https:\/\/vhrc.fr\/wp-content\/uploads\/2015\/02\/20141123_075408-800x600.jpg 800w, https:\/\/vhrc.fr\/wp-content\/uploads\/2015\/02\/20141123_075408.jpg 1024w\" sizes=\"auto, (max-width: 400px) 100vw, 400px\" \/><\/a>\n<h4 class=\"pt-cv-title\"><a href=\"https:\/\/vhrc.fr\/en\/historique\/vhrc-lhistorique\/2015-vhrc\/2015-m01-mougins\/\" class=\"_self\" target=\"_self\" >2015 M01 Mougins<\/a><\/h4>\n<div class=\"pt-cv-content\">le 29 mars 2015 \u00e0 Mougins Petite Histoire\u00a0: de Mougins (06) Commune Fran\u00e7aise du d\u00e9partement des Alpes maritimes 06 ,en ...<br \/><div class=\"pt-cv-rmwrap\"><a href=\"https:\/\/vhrc.fr\/en\/historique\/vhrc-lhistorique\/2015-vhrc\/2015-m01-mougins\/\" class=\"_self pt-cv-readmore btn btn-success\" target=\"_self\">Lire La Suite\u2026<\/a><\/div><\/div><\/div><\/div>\n<div class=\"col-md-6 col-sm-6 col-xs-12 pt-cv-content-item pt-cv-1-col\" ><div class='pt-cv-ifield'><a href=\"https:\/\/vhrc.fr\/en\/historique\/vhrc-lhistorique\/2015-vhrc\/2015-m02-orange\/\" class=\"_self pt-cv-href-thumbnail pt-cv-thumb-default\" target=\"_self\" ><img loading=\"lazy\" decoding=\"async\" width=\"400\" height=\"300\" src=\"https:\/\/vhrc.fr\/wp-content\/uploads\/2014\/02\/pmo_P1000611-500x375.jpg\" class=\"pt-cv-thumbnail\" alt=\"\" srcset=\"https:\/\/vhrc.fr\/wp-content\/uploads\/2014\/02\/pmo_P1000611-500x375.jpg 500w, https:\/\/vhrc.fr\/wp-content\/uploads\/2014\/02\/pmo_P1000611-800x600.jpg 800w, https:\/\/vhrc.fr\/wp-content\/uploads\/2014\/02\/pmo_P1000611.jpg 1280w\" sizes=\"auto, (max-width: 400px) 100vw, 400px\" \/><\/a>\n<h4 class=\"pt-cv-title\"><a href=\"https:\/\/vhrc.fr\/en\/historique\/vhrc-lhistorique\/2015-vhrc\/2015-m02-orange\/\" class=\"_self\" target=\"_self\" >2015 M02 Orange<\/a><\/h4>\n<div class=\"pt-cv-content\">2e manche 2015 chez Passion Mod\u00e9lisme Orangeois \u00e0 Orange (84) R\u00e9sum\u00e9 Une journ\u00e9e avec du soleil... et du vent. Notre ...<br \/><div class=\"pt-cv-rmwrap\"><a href=\"https:\/\/vhrc.fr\/en\/historique\/vhrc-lhistorique\/2015-vhrc\/2015-m02-orange\/\" class=\"_self pt-cv-readmore btn btn-success\" target=\"_self\">Lire La Suite\u2026<\/a><\/div><\/div><\/div><\/div>\n<div class=\"col-md-6 col-sm-6 col-xs-12 pt-cv-content-item pt-cv-1-col\" ><div class='pt-cv-ifield'><a href=\"https:\/\/vhrc.fr\/en\/historique\/vhrc-lhistorique\/2015-vhrc\/2015-m03-montpellier\/\" class=\"_self pt-cv-href-thumbnail pt-cv-thumb-default\" target=\"_self\" ><img loading=\"lazy\" decoding=\"async\" width=\"400\" height=\"300\" src=\"https:\/\/vhrc.fr\/wp-content\/uploads\/2015\/04\/vhrc-montpellier-2015.-032-500x375.jpg\" class=\"pt-cv-thumbnail\" alt=\"\" srcset=\"https:\/\/vhrc.fr\/wp-content\/uploads\/2015\/04\/vhrc-montpellier-2015.-032-500x375.jpg 500w, https:\/\/vhrc.fr\/wp-content\/uploads\/2015\/04\/vhrc-montpellier-2015.-032-800x600.jpg 800w, https:\/\/vhrc.fr\/wp-content\/uploads\/2015\/04\/vhrc-montpellier-2015.-032.jpg 1024w\" sizes=\"auto, (max-width: 400px) 100vw, 400px\" \/><\/a>\n<h4 class=\"pt-cv-title\"><a href=\"https:\/\/vhrc.fr\/en\/historique\/vhrc-lhistorique\/2015-vhrc\/2015-m03-montpellier\/\" class=\"_self\" target=\"_self\" >2015 M03 Montpellier<\/a><\/h4>\n<div class=\"pt-cv-content\">Montpellier \/ AMO M03 R\u00e9sum\u00e9 les stands M3 Montpellier 12\/04\/2015 6 pilotes en cat\u00e9gorie Libre et 5 pilotes en cat\u00e9gorie ...<br \/><div class=\"pt-cv-rmwrap\"><a href=\"https:\/\/vhrc.fr\/en\/historique\/vhrc-lhistorique\/2015-vhrc\/2015-m03-montpellier\/\" class=\"_self pt-cv-readmore btn btn-success\" target=\"_self\">Lire La Suite\u2026<\/a><\/div><\/div><\/div><\/div>\n<div class=\"col-md-6 col-sm-6 col-xs-12 pt-cv-content-item pt-cv-1-col\" ><div class='pt-cv-ifield'><a href=\"https:\/\/vhrc.fr\/en\/historique\/vhrc-lhistorique\/2015-vhrc\/2015-m04-beaumont-monteux\/\" class=\"_self pt-cv-href-thumbnail pt-cv-thumb-default\" target=\"_self\" ><img loading=\"lazy\" decoding=\"async\" width=\"400\" height=\"300\" src=\"https:\/\/vhrc.fr\/wp-content\/uploads\/2014\/03\/vhrc_Beaumont-monteux-M3.-040-500x375.jpg\" class=\"pt-cv-thumbnail\" alt=\"\" srcset=\"https:\/\/vhrc.fr\/wp-content\/uploads\/2014\/03\/vhrc_Beaumont-monteux-M3.-040-500x375.jpg 500w, https:\/\/vhrc.fr\/wp-content\/uploads\/2014\/03\/vhrc_Beaumont-monteux-M3.-040-800x600.jpg 800w, https:\/\/vhrc.fr\/wp-content\/uploads\/2014\/03\/vhrc_Beaumont-monteux-M3.-040.jpg 1024w\" sizes=\"auto, (max-width: 400px) 100vw, 400px\" \/><\/a>\n<h4 class=\"pt-cv-title\"><a href=\"https:\/\/vhrc.fr\/en\/historique\/vhrc-lhistorique\/2015-vhrc\/2015-m04-beaumont-monteux\/\" class=\"_self\" target=\"_self\" >2015 M04 Beaumont Monteux<\/a><\/h4>\n<div class=\"pt-cv-content\">2015 M04 Beaumont Monteux Beaumont R\u00e9tro \u00e9pisode 8 aura lieu les 2 et 3 mai sur le circuit du BMVRC ...<br \/><div class=\"pt-cv-rmwrap\"><a href=\"https:\/\/vhrc.fr\/en\/historique\/vhrc-lhistorique\/2015-vhrc\/2015-m04-beaumont-monteux\/\" class=\"_self pt-cv-readmore btn btn-success\" target=\"_self\">Lire La Suite\u2026<\/a><\/div><\/div><\/div><\/div>\n<div class=\"col-md-6 col-sm-6 col-xs-12 pt-cv-content-item pt-cv-1-col\" ><div class='pt-cv-ifield'><a href=\"https:\/\/vhrc.fr\/en\/historique\/vhrc-lhistorique\/2015-vhrc\/2015-m05-montpellier\/\" class=\"_self pt-cv-href-thumbnail pt-cv-thumb-default\" target=\"_self\" ><img loading=\"lazy\" decoding=\"async\" width=\"400\" height=\"300\" src=\"https:\/\/vhrc.fr\/wp-content\/uploads\/2015\/04\/luc_Montpellier-manche-vhrc-m6-17-mai-2015.-008-500x375.jpg\" class=\"pt-cv-thumbnail\" alt=\"\" srcset=\"https:\/\/vhrc.fr\/wp-content\/uploads\/2015\/04\/luc_Montpellier-manche-vhrc-m6-17-mai-2015.-008-500x375.jpg 500w, https:\/\/vhrc.fr\/wp-content\/uploads\/2015\/04\/luc_Montpellier-manche-vhrc-m6-17-mai-2015.-008-800x600.jpg 800w, https:\/\/vhrc.fr\/wp-content\/uploads\/2015\/04\/luc_Montpellier-manche-vhrc-m6-17-mai-2015.-008.jpg 1024w\" sizes=\"auto, (max-width: 400px) 100vw, 400px\" \/><\/a>\n<h4 class=\"pt-cv-title\"><a href=\"https:\/\/vhrc.fr\/en\/historique\/vhrc-lhistorique\/2015-vhrc\/2015-m05-montpellier\/\" class=\"_self\" target=\"_self\" >2015 M05 Montpellier<\/a><\/h4>\n<div class=\"pt-cv-content\">R\u00e9sum\u00e9 M3 Montpellier 17\/05\/2015 8 pilotes pr\u00e9sents 3 qualifications de 5 minutes Julien N : 11 tours en 5 min ...<br \/><div class=\"pt-cv-rmwrap\"><a href=\"https:\/\/vhrc.fr\/en\/historique\/vhrc-lhistorique\/2015-vhrc\/2015-m05-montpellier\/\" class=\"_self pt-cv-readmore btn btn-success\" target=\"_self\">Lire La Suite\u2026<\/a><\/div><\/div><\/div><\/div>\n<div class=\"col-md-6 col-sm-6 col-xs-12 pt-cv-content-item pt-cv-1-col\" ><div class='pt-cv-ifield'><a href=\"https:\/\/vhrc.fr\/en\/historique\/vhrc-lhistorique\/2015-vhrc\/2015-m06-baho\/\" class=\"_self pt-cv-href-thumbnail pt-cv-thumb-default\" target=\"_self\" ><img loading=\"lazy\" decoding=\"async\" width=\"400\" height=\"300\" src=\"https:\/\/vhrc.fr\/wp-content\/uploads\/2013\/03\/baho.-M4-.22.04.-2012.-005-500x375.jpg\" class=\"pt-cv-thumbnail\" alt=\"baho 2012 vhrc\" srcset=\"https:\/\/vhrc.fr\/wp-content\/uploads\/2013\/03\/baho.-M4-.22.04.-2012.-005-500x375.jpg 500w, https:\/\/vhrc.fr\/wp-content\/uploads\/2013\/03\/baho.-M4-.22.04.-2012.-005.jpg 800w\" sizes=\"auto, (max-width: 400px) 100vw, 400px\" \/><\/a>\n<h4 class=\"pt-cv-title\"><a href=\"https:\/\/vhrc.fr\/en\/historique\/vhrc-lhistorique\/2015-vhrc\/2015-m06-baho\/\" class=\"_self\" target=\"_self\" >2015 M06 Baho<\/a><\/h4>\n<div class=\"pt-cv-content\">manche annul\u00e9e faute de pilotes retour vers Perpignan pour cette manche 6 ...<br \/><div class=\"pt-cv-rmwrap\"><a href=\"https:\/\/vhrc.fr\/en\/historique\/vhrc-lhistorique\/2015-vhrc\/2015-m06-baho\/\" class=\"_self pt-cv-readmore btn btn-success\" target=\"_self\">Lire La Suite\u2026<\/a><\/div><\/div><\/div><\/div>\n<div class=\"col-md-6 col-sm-6 col-xs-12 pt-cv-content-item pt-cv-1-col\" ><div class='pt-cv-ifield'><a href=\"https:\/\/vhrc.fr\/en\/historique\/vhrc-lhistorique\/2015-vhrc\/2015-m07-saint-affrique\/\" class=\"_self pt-cv-href-thumbnail pt-cv-thumb-default\" target=\"_self\" ><img loading=\"lazy\" decoding=\"async\" width=\"400\" height=\"300\" src=\"https:\/\/vhrc.fr\/wp-content\/uploads\/2015\/07\/vhrc-Benetton-B194.-025-500x375.jpg\" class=\"pt-cv-thumbnail\" alt=\"\" srcset=\"https:\/\/vhrc.fr\/wp-content\/uploads\/2015\/07\/vhrc-Benetton-B194.-025-500x375.jpg 500w, https:\/\/vhrc.fr\/wp-content\/uploads\/2015\/07\/vhrc-Benetton-B194.-025-800x600.jpg 800w, https:\/\/vhrc.fr\/wp-content\/uploads\/2015\/07\/vhrc-Benetton-B194.-025.jpg 1024w\" sizes=\"auto, (max-width: 400px) 100vw, 400px\" \/><\/a>\n<h4 class=\"pt-cv-title\"><a href=\"https:\/\/vhrc.fr\/en\/historique\/vhrc-lhistorique\/2015-vhrc\/2015-m07-saint-affrique\/\" class=\"_self\" target=\"_self\" >2015 M07 Saint Affrique<\/a><\/h4>\n<div class=\"pt-cv-content\">12 Juillet 2015 Photos Stands action \u00a0d'autres photos de Rowhider: https:\/\/www.flickr.com\/photos\/rowhider\/sets\/72157655792523581 et les GT: https:\/\/www.flickr.com\/photos\/rowhider\/sets\/72157655400043839 Vid\u00e9o (de r\u00e9mi) ...<br \/><div class=\"pt-cv-rmwrap\"><a href=\"https:\/\/vhrc.fr\/en\/historique\/vhrc-lhistorique\/2015-vhrc\/2015-m07-saint-affrique\/\" class=\"_self pt-cv-readmore btn btn-success\" target=\"_self\">Lire La Suite\u2026<\/a><\/div><\/div><\/div><\/div>\n<div class=\"col-md-6 col-sm-6 col-xs-12 pt-cv-content-item pt-cv-1-col\" ><div class='pt-cv-ifield'><a href=\"https:\/\/vhrc.fr\/en\/historique\/vhrc-lhistorique\/2015-vhrc\/2015-m08-orange\/\" class=\"_self pt-cv-href-thumbnail pt-cv-thumb-default\" target=\"_self\" ><img loading=\"lazy\" decoding=\"async\" width=\"400\" height=\"300\" src=\"https:\/\/vhrc.fr\/wp-content\/uploads\/2015\/07\/vhrc-11713876_1033482263331418_3298451242907280288_o-500x375.jpg\" class=\"pt-cv-thumbnail\" alt=\"\" srcset=\"https:\/\/vhrc.fr\/wp-content\/uploads\/2015\/07\/vhrc-11713876_1033482263331418_3298451242907280288_o-500x375.jpg 500w, https:\/\/vhrc.fr\/wp-content\/uploads\/2015\/07\/vhrc-11713876_1033482263331418_3298451242907280288_o-800x600.jpg 800w, https:\/\/vhrc.fr\/wp-content\/uploads\/2015\/07\/vhrc-11713876_1033482263331418_3298451242907280288_o.jpg 1024w\" sizes=\"auto, (max-width: 400px) 100vw, 400px\" \/><\/a>\n<h4 class=\"pt-cv-title\"><a href=\"https:\/\/vhrc.fr\/en\/historique\/vhrc-lhistorique\/2015-vhrc\/2015-m08-orange\/\" class=\"_self\" target=\"_self\" >2015 M08 Orange<\/a><\/h4>\n<div class=\"pt-cv-content\">20 septembre 2015 r\u00e9sum\u00e9 les pilotes M8 Orange 20\/08\/2015 5 pilotes en Libre et 5 pilotes en Historique 3 qualifications ...<br \/><div class=\"pt-cv-rmwrap\"><a href=\"https:\/\/vhrc.fr\/en\/historique\/vhrc-lhistorique\/2015-vhrc\/2015-m08-orange\/\" class=\"_self pt-cv-readmore btn btn-success\" target=\"_self\">Lire La Suite\u2026<\/a><\/div><\/div><\/div><\/div>\n<div class=\"col-md-6 col-sm-6 col-xs-12 pt-cv-content-item pt-cv-1-col\" ><div class='pt-cv-ifield'><a href=\"https:\/\/vhrc.fr\/en\/historique\/vhrc-lhistorique\/2015-vhrc\/2015-m09-besancon\/\" class=\"_self pt-cv-href-thumbnail pt-cv-thumb-default\" target=\"_self\" ><img loading=\"lazy\" decoding=\"async\" width=\"400\" height=\"266\" src=\"https:\/\/vhrc.fr\/wp-content\/uploads\/2015\/09\/2015-09-27-besancon-vhrc-jph-500x333.jpg\" class=\"pt-cv-thumbnail\" alt=\"\" srcset=\"https:\/\/vhrc.fr\/wp-content\/uploads\/2015\/09\/2015-09-27-besancon-vhrc-jph-500x333.jpg 500w, https:\/\/vhrc.fr\/wp-content\/uploads\/2015\/09\/2015-09-27-besancon-vhrc-jph-800x533.jpg 800w, https:\/\/vhrc.fr\/wp-content\/uploads\/2015\/09\/2015-09-27-besancon-vhrc-jph.jpg 1824w\" sizes=\"auto, (max-width: 400px) 100vw, 400px\" \/><\/a>\n<h4 class=\"pt-cv-title\"><a href=\"https:\/\/vhrc.fr\/en\/historique\/vhrc-lhistorique\/2015-vhrc\/2015-m09-besancon\/\" class=\"_self\" target=\"_self\" >2015 M09 Besan\u00e7on<\/a><\/h4>\n<div class=\"pt-cv-content\">le 27 Septembre 2015 galerie Antonot Alain M9 Besan\u00e7on 27\/08\/2015 4 pilotes en Libre et 9 pilotes en Historique 3 ...<br \/><div class=\"pt-cv-rmwrap\"><a href=\"https:\/\/vhrc.fr\/en\/historique\/vhrc-lhistorique\/2015-vhrc\/2015-m09-besancon\/\" class=\"_self pt-cv-readmore btn btn-success\" target=\"_self\">Lire La Suite\u2026<\/a><\/div><\/div><\/div><\/div>\n<div class=\"col-md-6 col-sm-6 col-xs-12 pt-cv-content-item pt-cv-1-col\" ><div class='pt-cv-ifield'><a href=\"https:\/\/vhrc.fr\/en\/historique\/vhrc-lhistorique\/2015-vhrc\/2015-m10-orange\/\" class=\"_self pt-cv-href-thumbnail pt-cv-thumb-default\" target=\"_self\" ><img loading=\"lazy\" decoding=\"async\" width=\"400\" height=\"267\" src=\"https:\/\/vhrc.fr\/wp-content\/uploads\/2015\/10\/vhrc2015-m10-IMG_0755.jpg\" class=\"pt-cv-thumbnail\" alt=\"\" \/><\/a>\n<h4 class=\"pt-cv-title\"><a href=\"https:\/\/vhrc.fr\/en\/historique\/vhrc-lhistorique\/2015-vhrc\/2015-m10-orange\/\" class=\"_self\" target=\"_self\" >2015 M10 Orange<\/a><\/h4>\n<div class=\"pt-cv-content\">une manche organis\u00e9e par Marseille Mini Voiture sur la piste de PMO \u00e0 Orange R\u00e9sum\u00e9 M8 Orange 25\/10\/2015 10 pilotes ...<br \/><div class=\"pt-cv-rmwrap\"><a href=\"https:\/\/vhrc.fr\/en\/historique\/vhrc-lhistorique\/2015-vhrc\/2015-m10-orange\/\" class=\"_self pt-cv-readmore btn btn-success\" target=\"_self\">Lire La Suite\u2026<\/a><\/div><\/div><\/div><\/div><\/div><\/div><\/div>\n<p>M01 : 29 Mars Mougins<br \/>\nM02 : 05 Avril Orange<br \/>\nM03 : 12 Avril Montpellier<br \/>\nM04 : 03 Mai Beaumont Monteux <span class=\"text_exposed_show\"><br \/>\nM05 : 17 Mai Montpellier<br \/>\nM06: 28 Juin Baho<br \/>\nM07 : 12 Juillet St Affrique<br \/>\nM08 : 20 Septembre Orange<br \/>\nM09 : 27 Septembre Besan\u00e7on<br \/>\nM10 : 25 Octobre Orange <del datetime=\"2015-10-01T09:51:54+00:00\">04 Octobre Salindres<\/del><br \/>\nM11 : 01 Novembre Pierrelatte <\/span><\/p>\n<h1>Classement Final 2015<\/h1>\n<h3>Historique<\/h3>\n<figure id=\"attachment_6984\" aria-describedby=\"caption-attachment-6984\" style=\"width: 375px\" class=\"wp-caption alignnone\"><img loading=\"lazy\" decoding=\"async\" class=\"size-medium wp-image-6984\" src=\"http:\/\/vhrc.fr\/wp-content\/uploads\/2016\/01\/vhrc2015-P1070508-375x500.jpg\" alt=\"Podium Historique 1 R\u00e9mi Coronas 2 Julien Valat 3 Julien Nouveau\" width=\"375\" height=\"500\" srcset=\"https:\/\/vhrc.fr\/wp-content\/uploads\/2016\/01\/vhrc2015-P1070508-375x500.jpg 375w, https:\/\/vhrc.fr\/wp-content\/uploads\/2016\/01\/vhrc2015-P1070508.jpg 768w, https:\/\/vhrc.fr\/wp-content\/uploads\/2016\/01\/vhrc2015-P1070508-600x800.jpg 600w\" sizes=\"auto, (max-width: 375px) 100vw, 375px\" \/><figcaption id=\"caption-attachment-6984\" class=\"wp-caption-text\">Podium Historique 1 R\u00e9mi Coronas 2 Julien Valat 3 Julien Nouveau<\/figcaption><\/figure>\n<p>1 R\u00e9mi CORONAS (210)<br \/>\n2 Julien VALAT (165)<br \/>\n3 Julien NOUVEAU (154)<\/p>\n<h3>Libre<\/h3>\n<figure id=\"attachment_6982\" aria-describedby=\"caption-attachment-6982\" style=\"width: 375px\" class=\"wp-caption alignnone\"><img loading=\"lazy\" decoding=\"async\" class=\"size-medium wp-image-6982\" src=\"http:\/\/vhrc.fr\/wp-content\/uploads\/2016\/01\/vhrc2015-P1070498-375x500.jpg\" alt=\"Podium Libre 1 Julien Nouveau 2 Luc Giardini 3 Gilles Bouisson\" width=\"375\" height=\"500\" srcset=\"https:\/\/vhrc.fr\/wp-content\/uploads\/2016\/01\/vhrc2015-P1070498-375x500.jpg 375w, https:\/\/vhrc.fr\/wp-content\/uploads\/2016\/01\/vhrc2015-P1070498.jpg 768w, https:\/\/vhrc.fr\/wp-content\/uploads\/2016\/01\/vhrc2015-P1070498-600x800.jpg 600w\" sizes=\"auto, (max-width: 375px) 100vw, 375px\" \/><figcaption id=\"caption-attachment-6982\" class=\"wp-caption-text\">Podium Libre 1 Julien Nouveau 2 Luc Giardini 3 Gilles Bouisson<\/figcaption><\/figure>\n<p>1 Julien NOUVEAU (195)<br \/>\n2 Luc GIARDINI (170)<br \/>\n3 Gilles BOUISSON (135)<\/p>\n<p>(points marqu\u00e9s sur 7 meilleures courses)<\/p>\n<p><a href=\"http:\/\/vhrc.fr\/wp-content\/uploads\/2015\/02\/R\u00e9sultats-VHRC-2015-final.pdf\">d\u00e9tails points courses VHRC 2015 final <img loading=\"lazy\" decoding=\"async\" class=\"alignnone wp-image-994\" src=\"http:\/\/vhrc.fr\/wp-content\/uploads\/2010\/06\/E_PDF.png\" alt=\"E_PDF\" width=\"54\" height=\"54\" srcset=\"https:\/\/vhrc.fr\/wp-content\/uploads\/2010\/06\/E_PDF.png 107w, https:\/\/vhrc.fr\/wp-content\/uploads\/2010\/06\/E_PDF-64x64.png 64w\" sizes=\"auto, (max-width: 54px) 100vw, 54px\" \/><\/a><\/p>\n<h3>le classement: <a href=\"http:\/\/vhrc.fr\/wp-content\/uploads\/2015\/02\/R\u00e9sultats-VHRC-2015-Officiel-Pour-remise-de-prix.pdf\">R\u00e9sultats VHRC 2015 Officiel &#8211; Pour remise de prix<\/a><\/h3>","protected":false},"excerpt":{"rendered":"<p>Les \u00e9preuves du VHRC 2015 M01 : 29 Mars Mougins M02 : 05 Avril Orange M03 : 12 Avril Montpellier<\/p>","protected":false},"author":5,"featured_media":5857,"parent":686,"menu_order":0,"comment_status":"closed","ping_status":"closed","template":"","meta":{"colormag_page_container_layout":"default_layout","colormag_page_sidebar_layout":"default_layout","footnotes":""},"class_list":["post-5669","page","type-page","status-publish","has-post-thumbnail","hentry"],"_links":{"self":[{"href":"https:\/\/vhrc.fr\/en\/wp-json\/wp\/v2\/pages\/5669","targetHints":{"allow":["GET"]}}],"collection":[{"href":"https:\/\/vhrc.fr\/en\/wp-json\/wp\/v2\/pages"}],"about":[{"href":"https:\/\/vhrc.fr\/en\/wp-json\/wp\/v2\/types\/page"}],"author":[{"embeddable":true,"href":"https:\/\/vhrc.fr\/en\/wp-json\/wp\/v2\/users\/5"}],"replies":[{"embeddable":true,"href":"https:\/\/vhrc.fr\/en\/wp-json\/wp\/v2\/comments?post=5669"}],"version-history":[{"count":11,"href":"https:\/\/vhrc.fr\/en\/wp-json\/wp\/v2\/pages\/5669\/revisions"}],"predecessor-version":[{"id":9334,"href":"https:\/\/vhrc.fr\/en\/wp-json\/wp\/v2\/pages\/5669\/revisions\/9334"}],"up":[{"embeddable":true,"href":"https:\/\/vhrc.fr\/en\/wp-json\/wp\/v2\/pages\/686"}],"wp:featuredmedia":[{"embeddable":true,"href":"https:\/\/vhrc.fr\/en\/wp-json\/wp\/v2\/media\/5857"}],"wp:attachment":[{"href":"https:\/\/vhrc.fr\/en\/wp-json\/wp\/v2\/media?parent=5669"}],"curies":[{"name":"wp","href":"https:\/\/api.w.org\/{rel}","templated":true}]}}