{"id":5745,"date":"2014-11-27T16:39:46","date_gmt":"2014-11-27T15:39:46","guid":{"rendered":"http:\/\/vhrc.fr\/?page_id=5745"},"modified":"2025-07-08T09:21:22","modified_gmt":"2025-07-08T08:21:22","slug":"yrs-1995","status":"publish","type":"page","link":"https:\/\/vhrc.fr\/en\/historique\/yankee-racing-show\/yrs-1995\/","title":{"rendered":"YRS 1995"},"content":{"rendered":"<h1>3e International Yankee Racing Show 22\/23 Juillet 1995<\/h1>\n<h2>Affiche<\/h2>\n<p><img loading=\"lazy\" decoding=\"async\" class=\"alignnone size-large wp-image-5746\" src=\"http:\/\/vhrc.fr\/wp-content\/uploads\/2014\/11\/vhrc-rcm_164-yrs-1995-800x570.jpg\" alt=\"vhrc-rcm_164-yrs 1995\" width=\"800\" height=\"570\" srcset=\"https:\/\/vhrc.fr\/wp-content\/uploads\/2014\/11\/vhrc-rcm_164-yrs-1995-800x570.jpg 800w, https:\/\/vhrc.fr\/wp-content\/uploads\/2014\/11\/vhrc-rcm_164-yrs-1995-500x356.jpg 500w, https:\/\/vhrc.fr\/wp-content\/uploads\/2014\/11\/vhrc-rcm_164-yrs-1995.jpg 1024w\" sizes=\"auto, (max-width: 800px) 100vw, 800px\" \/><\/p>\n<h2>Vid\u00e9o<\/h2>\n<p><iframe loading=\"lazy\" title=\"International Yankee Racing Show Juillet 1995 Clermont Ferrand\" frameborder=\"0\" width=\"800\" height=\"600\" src=\"https:\/\/www.dailymotion.com\/embed\/video\/x2b6xuo\" allowfullscreen allow=\"autoplay\"><\/iframe><\/p>\n<p>vid\u00e9o fournie par \u00e9quipe du VHRC<\/p>\n<div id='gallery-1' class='gallery galleryid-5745 gallery-columns-3 gallery-size-colormag-featured-image'><figure class='gallery-item'>\n\t\t\t<div class='gallery-icon landscape'>\n\t\t\t\t<a href='https:\/\/vhrc.fr\/wp-content\/uploads\/2020\/02\/w-1995-gergovie-img0003sc.jpg'><img loading=\"lazy\" decoding=\"async\" width=\"800\" height=\"445\" src=\"https:\/\/vhrc.fr\/wp-content\/uploads\/2020\/02\/w-1995-gergovie-img0003sc-800x445.jpg\" class=\"attachment-colormag-featured-image size-colormag-featured-image\" alt=\"\" aria-describedby=\"gallery-1-9587\" \/><\/a>\n\t\t\t<\/div>\n\t\t\t\t<figcaption class='wp-caption-text gallery-caption' id='gallery-1-9587'>\n\t\t\t\t1995 Clermont Ferrand Yankee Racing Show ,copyright?\n\t\t\t\t<\/figcaption><\/figure><figure class='gallery-item'>\n\t\t\t<div class='gallery-icon landscape'>\n\t\t\t\t<a href='https:\/\/vhrc.fr\/wp-content\/uploads\/2020\/02\/w-1995-gergovie-img0005vh.jpg'><img loading=\"lazy\" decoding=\"async\" width=\"800\" height=\"445\" src=\"https:\/\/vhrc.fr\/wp-content\/uploads\/2020\/02\/w-1995-gergovie-img0005vh-800x445.jpg\" class=\"attachment-colormag-featured-image size-colormag-featured-image\" alt=\"\" aria-describedby=\"gallery-1-9588\" \/><\/a>\n\t\t\t<\/div>\n\t\t\t\t<figcaption class='wp-caption-text gallery-caption' id='gallery-1-9588'>\n\t\t\t\t1995 Clermont Ferrand Yankee Racing Show ,copyright?\n\t\t\t\t<\/figcaption><\/figure><figure class='gallery-item'>\n\t\t\t<div class='gallery-icon landscape'>\n\t\t\t\t<a href='https:\/\/vhrc.fr\/wp-content\/uploads\/2020\/02\/w-1995-gergovie-img0006kvl.jpg'><img loading=\"lazy\" decoding=\"async\" width=\"800\" height=\"445\" src=\"https:\/\/vhrc.fr\/wp-content\/uploads\/2020\/02\/w-1995-gergovie-img0006kvl-800x445.jpg\" class=\"attachment-colormag-featured-image size-colormag-featured-image\" alt=\"\" aria-describedby=\"gallery-1-9589\" \/><\/a>\n\t\t\t<\/div>\n\t\t\t\t<figcaption class='wp-caption-text gallery-caption' id='gallery-1-9589'>\n\t\t\t\t1995 Clermont Ferrand Yankee Racing Show ,copyright?\n\t\t\t\t<\/figcaption><\/figure><figure class='gallery-item'>\n\t\t\t<div class='gallery-icon landscape'>\n\t\t\t\t<a href='https:\/\/vhrc.fr\/wp-content\/uploads\/2020\/02\/w-1995-gergovie-img0008os.jpg'><img loading=\"lazy\" decoding=\"async\" width=\"800\" height=\"445\" src=\"https:\/\/vhrc.fr\/wp-content\/uploads\/2020\/02\/w-1995-gergovie-img0008os-800x445.jpg\" class=\"attachment-colormag-featured-image size-colormag-featured-image\" alt=\"\" aria-describedby=\"gallery-1-9590\" \/><\/a>\n\t\t\t<\/div>\n\t\t\t\t<figcaption class='wp-caption-text gallery-caption' id='gallery-1-9590'>\n\t\t\t\t1995 Clermont Ferrand Yankee Racing Show ,copyright?\n\t\t\t\t<\/figcaption><\/figure><figure class='gallery-item'>\n\t\t\t<div class='gallery-icon landscape'>\n\t\t\t\t<a href='https:\/\/vhrc.fr\/wp-content\/uploads\/2020\/02\/w-1995-gergovie-img0009ci.jpg'><img loading=\"lazy\" decoding=\"async\" width=\"800\" height=\"445\" src=\"https:\/\/vhrc.fr\/wp-content\/uploads\/2020\/02\/w-1995-gergovie-img0009ci-800x445.jpg\" class=\"attachment-colormag-featured-image size-colormag-featured-image\" alt=\"\" aria-describedby=\"gallery-1-9591\" \/><\/a>\n\t\t\t<\/div>\n\t\t\t\t<figcaption class='wp-caption-text gallery-caption' id='gallery-1-9591'>\n\t\t\t\t1995 Clermont Ferrand Yankee Racing Show ,copyright?\n\t\t\t\t<\/figcaption><\/figure><figure class='gallery-item'>\n\t\t\t<div class='gallery-icon portrait'>\n\t\t\t\t<a href='https:\/\/vhrc.fr\/wp-content\/uploads\/2020\/02\/w-1995-gergovie-img0010kj.jpg'><img loading=\"lazy\" decoding=\"async\" width=\"686\" height=\"445\" src=\"https:\/\/vhrc.fr\/wp-content\/uploads\/2020\/02\/w-1995-gergovie-img0010kj-686x445.jpg\" class=\"attachment-colormag-featured-image size-colormag-featured-image\" alt=\"\" aria-describedby=\"gallery-1-9592\" \/><\/a>\n\t\t\t<\/div>\n\t\t\t\t<figcaption class='wp-caption-text gallery-caption' id='gallery-1-9592'>\n\t\t\t\t1995 Clermont Ferrand Yankee Racing Show ,copyright?\n\t\t\t\t<\/figcaption><\/figure><figure class='gallery-item'>\n\t\t\t<div class='gallery-icon landscape'>\n\t\t\t\t<a href='https:\/\/vhrc.fr\/wp-content\/uploads\/2020\/02\/w-1995-gergovie-img0014sa.jpg'><img loading=\"lazy\" decoding=\"async\" width=\"800\" height=\"445\" src=\"https:\/\/vhrc.fr\/wp-content\/uploads\/2020\/02\/w-1995-gergovie-img0014sa-800x445.jpg\" class=\"attachment-colormag-featured-image size-colormag-featured-image\" alt=\"\" aria-describedby=\"gallery-1-9593\" \/><\/a>\n\t\t\t<\/div>\n\t\t\t\t<figcaption class='wp-caption-text gallery-caption' id='gallery-1-9593'>\n\t\t\t\t1995 Clermont Ferrand Yankee Racing Show ,copyright?\n\t\t\t\t<\/figcaption><\/figure>\n\t\t<\/div>","protected":false},"excerpt":{"rendered":"<p>3e International Yankee Racing Show 22\/23 Juillet 1995 Affiche Vid\u00e9o vid\u00e9o fournie par \u00e9quipe du VHRC<\/p>","protected":false},"author":5,"featured_media":5746,"parent":3074,"menu_order":0,"comment_status":"closed","ping_status":"closed","template":"","meta":{"colormag_page_container_layout":"default_layout","colormag_page_sidebar_layout":"default_layout","footnotes":""},"class_list":["post-5745","page","type-page","status-publish","has-post-thumbnail","hentry"],"_links":{"self":[{"href":"https:\/\/vhrc.fr\/en\/wp-json\/wp\/v2\/pages\/5745","targetHints":{"allow":["GET"]}}],"collection":[{"href":"https:\/\/vhrc.fr\/en\/wp-json\/wp\/v2\/pages"}],"about":[{"href":"https:\/\/vhrc.fr\/en\/wp-json\/wp\/v2\/types\/page"}],"author":[{"embeddable":true,"href":"https:\/\/vhrc.fr\/en\/wp-json\/wp\/v2\/users\/5"}],"replies":[{"embeddable":true,"href":"https:\/\/vhrc.fr\/en\/wp-json\/wp\/v2\/comments?post=5745"}],"version-history":[{"count":2,"href":"https:\/\/vhrc.fr\/en\/wp-json\/wp\/v2\/pages\/5745\/revisions"}],"predecessor-version":[{"id":9594,"href":"https:\/\/vhrc.fr\/en\/wp-json\/wp\/v2\/pages\/5745\/revisions\/9594"}],"up":[{"embeddable":true,"href":"https:\/\/vhrc.fr\/en\/wp-json\/wp\/v2\/pages\/3074"}],"wp:featuredmedia":[{"embeddable":true,"href":"https:\/\/vhrc.fr\/en\/wp-json\/wp\/v2\/media\/5746"}],"wp:attachment":[{"href":"https:\/\/vhrc.fr\/en\/wp-json\/wp\/v2\/media?parent=5745"}],"curies":[{"name":"wp","href":"https:\/\/api.w.org\/{rel}","templated":true}]}}