{"id":5756,"date":"2014-11-27T21:12:32","date_gmt":"2014-11-27T20:12:32","guid":{"rendered":"http:\/\/vhrc.fr\/?page_id=5756"},"modified":"2025-07-08T09:23:25","modified_gmt":"2025-07-08T08:23:25","slug":"cf-1992","status":"publish","type":"page","link":"https:\/\/vhrc.fr\/en\/historique\/le-championat-de-france-1990-1998\/cf-1992\/","title":{"rendered":"CF 1992"},"content":{"rendered":"<h2>derni\u00e8re ann\u00e9e des cat\u00e9gories Normes et Hors Norme en 1:4<\/h2>\n<ol>\n<li>Lavardac (47)<\/li>\n<li>25 26 avril 1992 Ampuis (38)<\/li>\n<li>30 31 Mai 1992 La\u00a0 Ferriere aux Etangs (14)<\/li>\n<li>06 08 Juin 1992 Villeneuve les Avignon (30)<\/li>\n<li>25 26 Juillet 1992 Fitem (Corbier) 73<\/li>\n<li>22 23 Aout 1992 <a href=\"#manspach\">Manspach<\/a> (68)<\/li>\n<li>12 13 Septembre Louvier (27)<\/li>\n<\/ol>\n<p>26 27 Septembre : <a href=\"#coupe\">Coupe de France 1992 \u00e0 Grenoble<\/a><\/p>\n<h1><img loading=\"lazy\" decoding=\"async\" class=\"alignnone size-medium wp-image-5770\" src=\"http:\/\/vhrc.fr\/wp-content\/uploads\/2014\/11\/P_page_032_calendrier-cf-1992-500x98.jpg\" alt=\"P_page_032_calendrier cf 1992\" width=\"500\" height=\"98\" srcset=\"https:\/\/vhrc.fr\/wp-content\/uploads\/2014\/11\/P_page_032_calendrier-cf-1992-500x98.jpg 500w, https:\/\/vhrc.fr\/wp-content\/uploads\/2014\/11\/P_page_032_calendrier-cf-1992.jpg 687w\" sizes=\"auto, (max-width: 500px) 100vw, 500px\" \/><\/h1>\n<h1>M1 Lavardac<\/h1>\n<p>auto 8 78<\/p>\n<figure id=\"attachment_8490\" aria-describedby=\"caption-attachment-8490\" style=\"width: 500px\" class=\"wp-caption alignnone\"><a href=\"http:\/\/vhrc.fr\/wp-content\/uploads\/2018\/04\/w20180418_160904_cr.jpg\"><img loading=\"lazy\" decoding=\"async\" class=\"size-medium wp-image-8490\" src=\"http:\/\/vhrc.fr\/wp-content\/uploads\/2018\/04\/w20180418_160904_cr-500x410.jpg\" alt=\"\" width=\"500\" height=\"410\" srcset=\"https:\/\/vhrc.fr\/wp-content\/uploads\/2018\/04\/w20180418_160904_cr-500x410.jpg 500w, https:\/\/vhrc.fr\/wp-content\/uploads\/2018\/04\/w20180418_160904_cr-768x630.jpg 768w, https:\/\/vhrc.fr\/wp-content\/uploads\/2018\/04\/w20180418_160904_cr-800x656.jpg 800w, https:\/\/vhrc.fr\/wp-content\/uploads\/2018\/04\/w20180418_160904_cr.jpg 976w\" sizes=\"auto, (max-width: 500px) 100vw, 500px\" \/><\/a><figcaption id=\"caption-attachment-8490\" class=\"wp-caption-text\">Luc Giardini, F Manso, Brice giardini,Richard Collardelle<\/figcaption><\/figure>\n<h1>m2 25 26 avril 1992 Ampuis (38)<\/h1>\n<figure id=\"attachment_8492\" aria-describedby=\"caption-attachment-8492\" style=\"width: 500px\" class=\"wp-caption alignnone\"><a href=\"http:\/\/vhrc.fr\/wp-content\/uploads\/2018\/04\/w190-1992-m3.jpg\"><img loading=\"lazy\" decoding=\"async\" class=\"size-medium wp-image-8492\" src=\"http:\/\/vhrc.fr\/wp-content\/uploads\/2018\/04\/w190-1992-m3-500x335.jpg\" alt=\"\" width=\"500\" height=\"335\" srcset=\"https:\/\/vhrc.fr\/wp-content\/uploads\/2018\/04\/w190-1992-m3-500x335.jpg 500w, https:\/\/vhrc.fr\/wp-content\/uploads\/2018\/04\/w190-1992-m3-768x515.jpg 768w, https:\/\/vhrc.fr\/wp-content\/uploads\/2018\/04\/w190-1992-m3-800x536.jpg 800w, https:\/\/vhrc.fr\/wp-content\/uploads\/2018\/04\/w190-1992-m3.jpg 1194w\" sizes=\"auto, (max-width: 500px) 100vw, 500px\" \/><\/a><figcaption id=\"caption-attachment-8492\" class=\"wp-caption-text\">nouvelle mercedes 190 yankee 1:4 de Fr\u00e9d\u00e9ric Veysseyre<\/figcaption><\/figure>\n<figure id=\"attachment_8493\" aria-describedby=\"caption-attachment-8493\" style=\"width: 500px\" class=\"wp-caption alignnone\"><a href=\"http:\/\/vhrc.fr\/wp-content\/uploads\/2018\/04\/w20180418_161633_cr.jpg\"><img loading=\"lazy\" decoding=\"async\" class=\"size-medium wp-image-8493\" src=\"http:\/\/vhrc.fr\/wp-content\/uploads\/2018\/04\/w20180418_161633_cr-500x428.jpg\" alt=\"\" width=\"500\" height=\"428\" srcset=\"https:\/\/vhrc.fr\/wp-content\/uploads\/2018\/04\/w20180418_161633_cr-500x428.jpg 500w, https:\/\/vhrc.fr\/wp-content\/uploads\/2018\/04\/w20180418_161633_cr-768x658.jpg 768w, https:\/\/vhrc.fr\/wp-content\/uploads\/2018\/04\/w20180418_161633_cr-800x685.jpg 800w, https:\/\/vhrc.fr\/wp-content\/uploads\/2018\/04\/w20180418_161633_cr.jpg 1168w\" sizes=\"auto, (max-width: 500px) 100vw, 500px\" \/><\/a><figcaption id=\"caption-attachment-8493\" class=\"wp-caption-text\">CF 1992 m3 ampuis classement<\/figcaption><\/figure>\n<h1>M3 La Ferri\u00e8re aux Etang 30\/31 Mai 1992<\/h1>\n<figure id=\"attachment_5757\" aria-describedby=\"caption-attachment-5757\" style=\"width: 500px\" class=\"wp-caption alignnone\"><img loading=\"lazy\" decoding=\"async\" class=\"size-medium wp-image-5757\" src=\"http:\/\/vhrc.fr\/wp-content\/uploads\/2014\/11\/vhrc-auto8_80-037_m3-cf-1992-resultats-500x421.jpg\" alt=\"m3 cf 1992 resultats\" width=\"500\" height=\"421\" srcset=\"https:\/\/vhrc.fr\/wp-content\/uploads\/2014\/11\/vhrc-auto8_80-037_m3-cf-1992-resultats-500x421.jpg 500w, https:\/\/vhrc.fr\/wp-content\/uploads\/2014\/11\/vhrc-auto8_80-037_m3-cf-1992-resultats-800x674.jpg 800w, https:\/\/vhrc.fr\/wp-content\/uploads\/2014\/11\/vhrc-auto8_80-037_m3-cf-1992-resultats.jpg 911w\" sizes=\"auto, (max-width: 500px) 100vw, 500px\" \/><figcaption id=\"caption-attachment-5757\" class=\"wp-caption-text\">m3 cf 1992 resultats<\/figcaption><\/figure>\n<p>Normes: 1\/Veysseyre 2\/ Justes 3\/ Collardelle<\/p>\n<p>Hors Normes ! 1\/ Sholl\u00e9 2\/Bazilliers 3\/ Denianozuk<\/p>\n<figure id=\"attachment_5758\" aria-describedby=\"caption-attachment-5758\" style=\"width: 203px\" class=\"wp-caption alignnone\"><img loading=\"lazy\" decoding=\"async\" class=\"size-medium wp-image-5758\" src=\"http:\/\/vhrc.fr\/wp-content\/uploads\/2014\/11\/vhrc-auto8_80-037_cr-203x500.jpg\" alt=\"m3 cf 1992 podiums\" width=\"203\" height=\"500\" srcset=\"https:\/\/vhrc.fr\/wp-content\/uploads\/2014\/11\/vhrc-auto8_80-037_cr-203x500.jpg 203w, https:\/\/vhrc.fr\/wp-content\/uploads\/2014\/11\/vhrc-auto8_80-037_cr-325x800.jpg 325w, https:\/\/vhrc.fr\/wp-content\/uploads\/2014\/11\/vhrc-auto8_80-037_cr.jpg 416w\" sizes=\"auto, (max-width: 203px) 100vw, 203px\" \/><figcaption id=\"caption-attachment-5758\" class=\"wp-caption-text\">m3 cf 1992 podiums&#8230;<\/figcaption><\/figure>\n<div id=\"manspach\"><\/div>\n<h1>22 23 Aout 1992 Manspach (68)<\/h1>\n<figure id=\"attachment_8480\" aria-describedby=\"caption-attachment-8480\" style=\"width: 500px\" class=\"wp-caption alignnone\"><a href=\"http:\/\/vhrc.fr\/wp-content\/uploads\/2018\/04\/w92RCM134_001004_cr.jpg\"><img loading=\"lazy\" decoding=\"async\" class=\"size-medium wp-image-8480\" src=\"http:\/\/vhrc.fr\/wp-content\/uploads\/2018\/04\/w92RCM134_001004_cr-500x426.jpg\" alt=\"\" width=\"500\" height=\"426\" srcset=\"https:\/\/vhrc.fr\/wp-content\/uploads\/2018\/04\/w92RCM134_001004_cr-500x426.jpg 500w, https:\/\/vhrc.fr\/wp-content\/uploads\/2018\/04\/w92RCM134_001004_cr-768x654.jpg 768w, https:\/\/vhrc.fr\/wp-content\/uploads\/2018\/04\/w92RCM134_001004_cr-800x681.jpg 800w, https:\/\/vhrc.fr\/wp-content\/uploads\/2018\/04\/w92RCM134_001004_cr.jpg 940w\" sizes=\"auto, (max-width: 500px) 100vw, 500px\" \/><\/a><figcaption id=\"caption-attachment-8480\" class=\"wp-caption-text\">CF 1992 M5 MANSPACH<\/figcaption><\/figure>\n<figure id=\"attachment_8481\" aria-describedby=\"caption-attachment-8481\" style=\"width: 500px\" class=\"wp-caption alignnone\"><a href=\"http:\/\/vhrc.fr\/wp-content\/uploads\/2018\/04\/w92RCM134_001003_cr.jpg\"><img loading=\"lazy\" decoding=\"async\" class=\"size-medium wp-image-8481\" src=\"http:\/\/vhrc.fr\/wp-content\/uploads\/2018\/04\/w92RCM134_001003_cr-500x219.jpg\" alt=\"\" width=\"500\" height=\"219\" srcset=\"https:\/\/vhrc.fr\/wp-content\/uploads\/2018\/04\/w92RCM134_001003_cr-500x219.jpg 500w, https:\/\/vhrc.fr\/wp-content\/uploads\/2018\/04\/w92RCM134_001003_cr-768x336.jpg 768w, https:\/\/vhrc.fr\/wp-content\/uploads\/2018\/04\/w92RCM134_001003_cr-800x350.jpg 800w, https:\/\/vhrc.fr\/wp-content\/uploads\/2018\/04\/w92RCM134_001003_cr.jpg 1280w\" sizes=\"auto, (max-width: 500px) 100vw, 500px\" \/><\/a><figcaption id=\"caption-attachment-8481\" class=\"wp-caption-text\">BMW E30 de P Veith<\/figcaption><\/figure>\n<div id=\"coupe\">&#8230;<\/div>\n<h1>26 27 Septembre : Coupe de France 1992 \u00e0 Grenoble<\/h1>\n<p>&nbsp;<\/p>\n<h1>Palmares 1992<\/h1>\n<h3>Aux Normes: Fred Veysseyre<\/h3>\n<h3>Hors Normes : Patrick Dumas<\/h3>","protected":false},"excerpt":{"rendered":"<p>derni\u00e8re ann\u00e9e des cat\u00e9gories Normes et Hors Norme en 1:4 Lavardac (47) 25 26 avril 1992 Ampuis (38) 30 31<\/p>","protected":false},"author":5,"featured_media":7048,"parent":133,"menu_order":0,"comment_status":"closed","ping_status":"closed","template":"","meta":{"colormag_page_container_layout":"default_layout","colormag_page_sidebar_layout":"default_layout","footnotes":""},"class_list":["post-5756","page","type-page","status-publish","has-post-thumbnail","hentry"],"_links":{"self":[{"href":"https:\/\/vhrc.fr\/en\/wp-json\/wp\/v2\/pages\/5756","targetHints":{"allow":["GET"]}}],"collection":[{"href":"https:\/\/vhrc.fr\/en\/wp-json\/wp\/v2\/pages"}],"about":[{"href":"https:\/\/vhrc.fr\/en\/wp-json\/wp\/v2\/types\/page"}],"author":[{"embeddable":true,"href":"https:\/\/vhrc.fr\/en\/wp-json\/wp\/v2\/users\/5"}],"replies":[{"embeddable":true,"href":"https:\/\/vhrc.fr\/en\/wp-json\/wp\/v2\/comments?post=5756"}],"version-history":[{"count":13,"href":"https:\/\/vhrc.fr\/en\/wp-json\/wp\/v2\/pages\/5756\/revisions"}],"predecessor-version":[{"id":8494,"href":"https:\/\/vhrc.fr\/en\/wp-json\/wp\/v2\/pages\/5756\/revisions\/8494"}],"up":[{"embeddable":true,"href":"https:\/\/vhrc.fr\/en\/wp-json\/wp\/v2\/pages\/133"}],"wp:featuredmedia":[{"embeddable":true,"href":"https:\/\/vhrc.fr\/en\/wp-json\/wp\/v2\/media\/7048"}],"wp:attachment":[{"href":"https:\/\/vhrc.fr\/en\/wp-json\/wp\/v2\/media?parent=5756"}],"curies":[{"name":"wp","href":"https:\/\/api.w.org\/{rel}","templated":true}]}}