{"id":6120,"date":"2015-04-10T08:48:38","date_gmt":"2015-04-10T07:48:38","guid":{"rendered":"http:\/\/vhrc.fr\/?page_id=6120"},"modified":"2025-07-08T09:23:12","modified_gmt":"2025-07-08T08:23:12","slug":"2015-m05-montpellier","status":"publish","type":"page","link":"https:\/\/vhrc.fr\/en\/historique\/vhrc-lhistorique\/2015-vhrc\/2015-m05-montpellier\/","title":{"rendered":"2015 M05 Montpellier"},"content":{"rendered":"<h1>R\u00e9sum\u00e9<\/h1>\n<p>M3 Montpellier 17\/05\/2015<br \/>\n8 pilotes pr\u00e9sents<\/p>\n<figure id=\"attachment_6418\" aria-describedby=\"caption-attachment-6418\" style=\"width: 800px\" class=\"wp-caption alignnone\"><a href=\"http:\/\/vhrc.fr\/wp-content\/uploads\/2015\/04\/luc_Montpellier-manche-vhrc-m6-17-mai-2015.-010.jpg\"><img loading=\"lazy\" decoding=\"async\" class=\"size-large wp-image-6418\" src=\"http:\/\/vhrc.fr\/wp-content\/uploads\/2015\/04\/luc_Montpellier-manche-vhrc-m6-17-mai-2015.-010-800x600.jpg\" alt=\"vhrc m05 montpellier 2015\" width=\"800\" height=\"600\" srcset=\"https:\/\/vhrc.fr\/wp-content\/uploads\/2015\/04\/luc_Montpellier-manche-vhrc-m6-17-mai-2015.-010-800x600.jpg 800w, https:\/\/vhrc.fr\/wp-content\/uploads\/2015\/04\/luc_Montpellier-manche-vhrc-m6-17-mai-2015.-010-500x375.jpg 500w, https:\/\/vhrc.fr\/wp-content\/uploads\/2015\/04\/luc_Montpellier-manche-vhrc-m6-17-mai-2015.-010.jpg 1024w\" sizes=\"auto, (max-width: 800px) 100vw, 800px\" \/><\/a><figcaption id=\"caption-attachment-6418\" class=\"wp-caption-text\">vhrc m05 montpellier 2015<\/figcaption><\/figure>\n<h3>\n3 qualifications de 5 minutes<\/h3>\n<p>Julien N : 11 tours en 5 min 15<br \/>\nLuc G : 11 tours en 5 min 06.63<br \/>\nJean-Louis F : 11 tours en 5 min 19<br \/>\nJulien V : 11 tours en 5 min 06.94<br \/>\nMarc C : 10 tours en 5 min 28<br \/>\nGr\u00e9gory J : sa puce ne fonctionnera pas<br \/>\nJean-Claude L : 7 tours en 5 min 17<br \/>\nR\u00e9mi C : 12 tours en 5 min 21<br \/>\nMeilleurs temps :<br \/>\nJulien N : 27.65<br \/>\nLuc G : 26.20<br \/>\nJean-Louis F : 26.74<br \/>\nJulien V : 27.29<br \/>\nMarc C : 31.68<br \/>\nGr\u00e9gory J :<br \/>\nJean-Claude L : 42.99<br \/>\nR\u00e9mi C : 25.96<br \/>\nGrilles de d\u00e9part :<br \/>\nR\u00e9mi C, Luc G, Julien V, Julien N, Jean-Louis F, Marc C, Jean-Claude L, et Gregory J<\/p>\n<figure id=\"attachment_6416\" aria-describedby=\"caption-attachment-6416\" style=\"width: 800px\" class=\"wp-caption alignnone\"><a href=\"http:\/\/vhrc.fr\/wp-content\/uploads\/2015\/04\/luc_Montpellier-manche-vhrc-m6-17-mai-2015.-008.jpg\"><img loading=\"lazy\" decoding=\"async\" class=\"wp-image-6416 size-large\" src=\"http:\/\/vhrc.fr\/wp-content\/uploads\/2015\/04\/luc_Montpellier-manche-vhrc-m6-17-mai-2015.-008-800x600.jpg\" alt=\"vhrc m05 montpellier 2015\" width=\"800\" height=\"600\" srcset=\"https:\/\/vhrc.fr\/wp-content\/uploads\/2015\/04\/luc_Montpellier-manche-vhrc-m6-17-mai-2015.-008-800x600.jpg 800w, https:\/\/vhrc.fr\/wp-content\/uploads\/2015\/04\/luc_Montpellier-manche-vhrc-m6-17-mai-2015.-008-500x375.jpg 500w, https:\/\/vhrc.fr\/wp-content\/uploads\/2015\/04\/luc_Montpellier-manche-vhrc-m6-17-mai-2015.-008.jpg 1024w\" sizes=\"auto, (max-width: 800px) 100vw, 800px\" \/><\/a><figcaption id=\"caption-attachment-6416\" class=\"wp-caption-text\">vhrc m05 montpellier 2015<\/figcaption><\/figure>\n<h3>\n2 finales de 15 minutes<br \/>\nFinale 1 :<\/h3>\n<p>Julien N : roulera en pneus F1 (Libre) mais ne retrouvera pas ces marques sur ce circuit ; finira 2\u00e8me avec 32 tours<br \/>\nLuc G : cassera un bras de direction : du jamais vu pour Luc ! Pourra r\u00e9parer et repartira ; finira 4\u00e8me avec 12 tours<br \/>\nJean-Louis F : chapes avants arrach\u00e9es ; devra s&rsquo;arr\u00eater pour r\u00e9parer ; finira 6\u00e8me avec 8 tours<br \/>\nJulien V : se battra avec Julien N afin de prendre la 2\u00e8me place ; prendra la 1\u00e8re place apr\u00e8s l&rsquo;abandon du leader ; finira 1er avec 33 tours<br \/>\nMarc C : cassera une couronne de transmission apr\u00e8s 9 tours de course ; finira 5\u00e8me avec 9 tours<br \/>\nGr\u00e9gory J : perdra le clips du pignon entrainant le diff\u00e9rentiel, et perdra ce pignon ; abandonnera<br \/>\nJean-Claude L : roulera \u00e0 son rythme en laissant passer les pilotes plus rapide ; abandonnera apr\u00e8s 6 tours ; finira 7\u00e8me<br \/>\nR\u00e9mi C : roulera fort avec son Spider afin de creuser l&rsquo;\u00e9cart ; se fera accroch\u00e9 par un retardataire lui cassant un moyeu de roue arri\u00e8re ; changera les roues ar, et repartira ; finira 3\u00e8me avec 16 tours<\/p>\n<figure id=\"attachment_6411\" aria-describedby=\"caption-attachment-6411\" style=\"width: 800px\" class=\"wp-caption alignnone\"><a href=\"http:\/\/vhrc.fr\/wp-content\/uploads\/2015\/04\/luc_Montpellier-manche-vhrc-m6-17-mai-2015.-001.jpg\"><img loading=\"lazy\" decoding=\"async\" class=\"size-large wp-image-6411\" src=\"http:\/\/vhrc.fr\/wp-content\/uploads\/2015\/04\/luc_Montpellier-manche-vhrc-m6-17-mai-2015.-001-800x600.jpg\" alt=\"mini 1:4 cass\u00e9e\" width=\"800\" height=\"600\" srcset=\"https:\/\/vhrc.fr\/wp-content\/uploads\/2015\/04\/luc_Montpellier-manche-vhrc-m6-17-mai-2015.-001-800x600.jpg 800w, https:\/\/vhrc.fr\/wp-content\/uploads\/2015\/04\/luc_Montpellier-manche-vhrc-m6-17-mai-2015.-001-500x375.jpg 500w, https:\/\/vhrc.fr\/wp-content\/uploads\/2015\/04\/luc_Montpellier-manche-vhrc-m6-17-mai-2015.-001.jpg 1024w\" sizes=\"auto, (max-width: 800px) 100vw, 800px\" \/><\/a><figcaption id=\"caption-attachment-6411\" class=\"wp-caption-text\">mini 1:4 cass\u00e9e<\/figcaption><\/figure>\n<h3>\nFinale 2 :<\/h3>\n<p>Julien N : essayera de s&rsquo;accrocher au rythme de Julien V et R\u00e9mi mais devra lever le pied malgr\u00e9 de bons pneus F1 1\/5 ; finira 4\u00e8me avec 31 tours<br \/>\nLuc G : roulera fort et se fera accrocher en d\u00e9but de course ; finira \u00e0 une belle 3\u00e8me place avec 32 tours<br \/>\nJean-Louis F : chapes avants arrach\u00e9es l&rsquo;obligeant \u00e0 abandonner ; dommage car la mini roulait fort ! 6\u00e8me avec 13 tours<br \/>\nJulien V : accrochera le rythme de R\u00e9mi, mais se fera distancer apr\u00e8s 20 tours de course ; finira 2\u00e8me avec 33 tours<br \/>\nMarc C : en pneus mousse en d\u00e9but de course, finira sur la jante ! Finira 5\u00e8me avec 27 tours<br \/>\nGr\u00e9gory J : ne roulera pas<br \/>\nJean-Claude L : choc frontal : ch\u00e2ssis tordu, train avant arrach\u00e9, pot d&rsquo;\u00e9chappement perc\u00e9. Abandonnera<br \/>\nR\u00e9mi C : roulera fort afin de rattraper le retard perdu ; finira 1er avec 35 tours<br \/>\nMeilleurs temps :<br \/>\nJulien N : 27.36<br \/>\nLuc G : 27.11<br \/>\nJean-Louis F : 26.96<br \/>\nJulien V : 27.01<br \/>\nMarc C : 29.30<br \/>\nGr\u00e9gory J : &#8212;<br \/>\nJean-Claude L : 40.36<br \/>\nR\u00e9mi C : 25.67<\/p>\n<h3>\nClassement<\/h3>\n<p>Historique : Julien V, R\u00e9mi C, et Marc C<br \/>\nLibre : Julien N, Luc G, Jean-Louis F, et Jean-Claude L<\/p>\n<p>R\u00e9mi C<\/p>\n<h1>Photos<\/h1>\n<div id='gallery-1' class='gallery galleryid-6120 gallery-columns-3 gallery-size-colormag-featured-image'><figure class='gallery-item'>\n\t\t\t<div class='gallery-icon landscape'>\n\t\t\t\t<a href='https:\/\/vhrc.fr\/en\/historique\/vhrc-lhistorique\/2015-vhrc\/2015-m05-montpellier\/ge-digital-camera-312\/'><img loading=\"lazy\" decoding=\"async\" width=\"593\" height=\"445\" src=\"https:\/\/vhrc.fr\/wp-content\/uploads\/2015\/04\/luc_Montpellier-manche-vhrc-m6-17-mai-2015.-001.jpg\" class=\"attachment-colormag-featured-image size-colormag-featured-image\" alt=\"\" aria-describedby=\"gallery-1-6411\" srcset=\"https:\/\/vhrc.fr\/wp-content\/uploads\/2015\/04\/luc_Montpellier-manche-vhrc-m6-17-mai-2015.-001.jpg 1024w, https:\/\/vhrc.fr\/wp-content\/uploads\/2015\/04\/luc_Montpellier-manche-vhrc-m6-17-mai-2015.-001-500x375.jpg 500w, https:\/\/vhrc.fr\/wp-content\/uploads\/2015\/04\/luc_Montpellier-manche-vhrc-m6-17-mai-2015.-001-800x600.jpg 800w\" sizes=\"auto, (max-width: 593px) 100vw, 593px\" \/><\/a>\n\t\t\t<\/div>\n\t\t\t\t<figcaption class='wp-caption-text gallery-caption' id='gallery-1-6411'>\n\t\t\t\tmini 1:4 cass\u00e9e\n\t\t\t\t<\/figcaption><\/figure><figure class='gallery-item'>\n\t\t\t<div class='gallery-icon landscape'>\n\t\t\t\t<a href='https:\/\/vhrc.fr\/en\/historique\/vhrc-lhistorique\/2015-vhrc\/2015-m05-montpellier\/ge-digital-camera-313\/'><img loading=\"lazy\" decoding=\"async\" width=\"593\" height=\"445\" src=\"https:\/\/vhrc.fr\/wp-content\/uploads\/2015\/04\/luc_Montpellier-manche-vhrc-m6-17-mai-2015.-002.jpg\" class=\"attachment-colormag-featured-image size-colormag-featured-image\" alt=\"\" aria-describedby=\"gallery-1-6412\" srcset=\"https:\/\/vhrc.fr\/wp-content\/uploads\/2015\/04\/luc_Montpellier-manche-vhrc-m6-17-mai-2015.-002.jpg 1024w, https:\/\/vhrc.fr\/wp-content\/uploads\/2015\/04\/luc_Montpellier-manche-vhrc-m6-17-mai-2015.-002-500x375.jpg 500w, https:\/\/vhrc.fr\/wp-content\/uploads\/2015\/04\/luc_Montpellier-manche-vhrc-m6-17-mai-2015.-002-800x600.jpg 800w\" sizes=\"auto, (max-width: 593px) 100vw, 593px\" \/><\/a>\n\t\t\t<\/div>\n\t\t\t\t<figcaption class='wp-caption-text gallery-caption' id='gallery-1-6412'>\n\t\t\t\tvhrc m05 montpellier 2015\n\t\t\t\t<\/figcaption><\/figure><figure class='gallery-item'>\n\t\t\t<div class='gallery-icon landscape'>\n\t\t\t\t<a href='https:\/\/vhrc.fr\/en\/historique\/vhrc-lhistorique\/2015-vhrc\/2015-m05-montpellier\/ge-digital-camera-314\/'><img loading=\"lazy\" decoding=\"async\" width=\"593\" height=\"445\" src=\"https:\/\/vhrc.fr\/wp-content\/uploads\/2015\/04\/luc_Montpellier-manche-vhrc-m6-17-mai-2015.-003.jpg\" class=\"attachment-colormag-featured-image size-colormag-featured-image\" alt=\"\" aria-describedby=\"gallery-1-6413\" srcset=\"https:\/\/vhrc.fr\/wp-content\/uploads\/2015\/04\/luc_Montpellier-manche-vhrc-m6-17-mai-2015.-003.jpg 1024w, https:\/\/vhrc.fr\/wp-content\/uploads\/2015\/04\/luc_Montpellier-manche-vhrc-m6-17-mai-2015.-003-500x375.jpg 500w, https:\/\/vhrc.fr\/wp-content\/uploads\/2015\/04\/luc_Montpellier-manche-vhrc-m6-17-mai-2015.-003-800x600.jpg 800w\" sizes=\"auto, (max-width: 593px) 100vw, 593px\" \/><\/a>\n\t\t\t<\/div>\n\t\t\t\t<figcaption class='wp-caption-text gallery-caption' id='gallery-1-6413'>\n\t\t\t\tvhrc m05 montpellier 2015\n\t\t\t\t<\/figcaption><\/figure><figure class='gallery-item'>\n\t\t\t<div class='gallery-icon landscape'>\n\t\t\t\t<a href='https:\/\/vhrc.fr\/en\/historique\/vhrc-lhistorique\/2015-vhrc\/2015-m05-montpellier\/ge-digital-camera-315\/'><img loading=\"lazy\" decoding=\"async\" width=\"593\" height=\"445\" src=\"https:\/\/vhrc.fr\/wp-content\/uploads\/2015\/04\/luc_Montpellier-manche-vhrc-m6-17-mai-2015.-004.jpg\" class=\"attachment-colormag-featured-image size-colormag-featured-image\" alt=\"\" aria-describedby=\"gallery-1-6414\" srcset=\"https:\/\/vhrc.fr\/wp-content\/uploads\/2015\/04\/luc_Montpellier-manche-vhrc-m6-17-mai-2015.-004.jpg 1024w, https:\/\/vhrc.fr\/wp-content\/uploads\/2015\/04\/luc_Montpellier-manche-vhrc-m6-17-mai-2015.-004-500x375.jpg 500w, https:\/\/vhrc.fr\/wp-content\/uploads\/2015\/04\/luc_Montpellier-manche-vhrc-m6-17-mai-2015.-004-800x600.jpg 800w\" sizes=\"auto, (max-width: 593px) 100vw, 593px\" \/><\/a>\n\t\t\t<\/div>\n\t\t\t\t<figcaption class='wp-caption-text gallery-caption' id='gallery-1-6414'>\n\t\t\t\tvhrc m05 montpellier 2015\n\t\t\t\t<\/figcaption><\/figure><figure class='gallery-item'>\n\t\t\t<div class='gallery-icon landscape'>\n\t\t\t\t<a href='https:\/\/vhrc.fr\/en\/historique\/vhrc-lhistorique\/2015-vhrc\/2015-m05-montpellier\/ge-digital-camera-316\/'><img loading=\"lazy\" decoding=\"async\" width=\"593\" height=\"445\" src=\"https:\/\/vhrc.fr\/wp-content\/uploads\/2015\/04\/luc_Montpellier-manche-vhrc-m6-17-mai-2015.-005.jpg\" class=\"attachment-colormag-featured-image size-colormag-featured-image\" alt=\"\" aria-describedby=\"gallery-1-6415\" srcset=\"https:\/\/vhrc.fr\/wp-content\/uploads\/2015\/04\/luc_Montpellier-manche-vhrc-m6-17-mai-2015.-005.jpg 1024w, https:\/\/vhrc.fr\/wp-content\/uploads\/2015\/04\/luc_Montpellier-manche-vhrc-m6-17-mai-2015.-005-500x375.jpg 500w, https:\/\/vhrc.fr\/wp-content\/uploads\/2015\/04\/luc_Montpellier-manche-vhrc-m6-17-mai-2015.-005-800x600.jpg 800w\" sizes=\"auto, (max-width: 593px) 100vw, 593px\" \/><\/a>\n\t\t\t<\/div>\n\t\t\t\t<figcaption class='wp-caption-text gallery-caption' id='gallery-1-6415'>\n\t\t\t\tvhrc m05 montpellier 2015\n\t\t\t\t<\/figcaption><\/figure><figure class='gallery-item'>\n\t\t\t<div class='gallery-icon landscape'>\n\t\t\t\t<a href='https:\/\/vhrc.fr\/en\/historique\/vhrc-lhistorique\/2015-vhrc\/2015-m05-montpellier\/ge-digital-camera-317\/'><img loading=\"lazy\" decoding=\"async\" width=\"593\" height=\"445\" src=\"https:\/\/vhrc.fr\/wp-content\/uploads\/2015\/04\/luc_Montpellier-manche-vhrc-m6-17-mai-2015.-008.jpg\" class=\"attachment-colormag-featured-image size-colormag-featured-image\" alt=\"\" aria-describedby=\"gallery-1-6416\" srcset=\"https:\/\/vhrc.fr\/wp-content\/uploads\/2015\/04\/luc_Montpellier-manche-vhrc-m6-17-mai-2015.-008.jpg 1024w, https:\/\/vhrc.fr\/wp-content\/uploads\/2015\/04\/luc_Montpellier-manche-vhrc-m6-17-mai-2015.-008-500x375.jpg 500w, https:\/\/vhrc.fr\/wp-content\/uploads\/2015\/04\/luc_Montpellier-manche-vhrc-m6-17-mai-2015.-008-800x600.jpg 800w\" sizes=\"auto, (max-width: 593px) 100vw, 593px\" \/><\/a>\n\t\t\t<\/div>\n\t\t\t\t<figcaption class='wp-caption-text gallery-caption' id='gallery-1-6416'>\n\t\t\t\tvhrc m05 montpellier 2015\n\t\t\t\t<\/figcaption><\/figure><figure class='gallery-item'>\n\t\t\t<div class='gallery-icon landscape'>\n\t\t\t\t<a href='https:\/\/vhrc.fr\/en\/historique\/vhrc-lhistorique\/2015-vhrc\/2015-m05-montpellier\/ge-digital-camera-319\/'><img loading=\"lazy\" decoding=\"async\" width=\"593\" height=\"445\" src=\"https:\/\/vhrc.fr\/wp-content\/uploads\/2015\/04\/luc_Montpellier-manche-vhrc-m6-17-mai-2015.-010.jpg\" class=\"attachment-colormag-featured-image size-colormag-featured-image\" alt=\"\" aria-describedby=\"gallery-1-6418\" srcset=\"https:\/\/vhrc.fr\/wp-content\/uploads\/2015\/04\/luc_Montpellier-manche-vhrc-m6-17-mai-2015.-010.jpg 1024w, https:\/\/vhrc.fr\/wp-content\/uploads\/2015\/04\/luc_Montpellier-manche-vhrc-m6-17-mai-2015.-010-500x375.jpg 500w, https:\/\/vhrc.fr\/wp-content\/uploads\/2015\/04\/luc_Montpellier-manche-vhrc-m6-17-mai-2015.-010-800x600.jpg 800w\" sizes=\"auto, (max-width: 593px) 100vw, 593px\" \/><\/a>\n\t\t\t<\/div>\n\t\t\t\t<figcaption class='wp-caption-text gallery-caption' id='gallery-1-6418'>\n\t\t\t\tvhrc m05 montpellier 2015\n\t\t\t\t<\/figcaption><\/figure><figure class='gallery-item'>\n\t\t\t<div class='gallery-icon landscape'>\n\t\t\t\t<a href='https:\/\/vhrc.fr\/en\/historique\/vhrc-lhistorique\/2015-vhrc\/2015-m05-montpellier\/attachment\/6419\/'><img loading=\"lazy\" decoding=\"async\" width=\"593\" height=\"445\" src=\"https:\/\/vhrc.fr\/wp-content\/uploads\/2015\/04\/luc_Montpellier-manche-vhrc-m6-17-mai-2015.-011.jpg\" class=\"attachment-colormag-featured-image size-colormag-featured-image\" alt=\"\" aria-describedby=\"gallery-1-6419\" srcset=\"https:\/\/vhrc.fr\/wp-content\/uploads\/2015\/04\/luc_Montpellier-manche-vhrc-m6-17-mai-2015.-011.jpg 1024w, https:\/\/vhrc.fr\/wp-content\/uploads\/2015\/04\/luc_Montpellier-manche-vhrc-m6-17-mai-2015.-011-500x375.jpg 500w, https:\/\/vhrc.fr\/wp-content\/uploads\/2015\/04\/luc_Montpellier-manche-vhrc-m6-17-mai-2015.-011-800x600.jpg 800w\" sizes=\"auto, (max-width: 593px) 100vw, 593px\" \/><\/a>\n\t\t\t<\/div>\n\t\t\t\t<figcaption class='wp-caption-text gallery-caption' id='gallery-1-6419'>\n\t\t\t\tvhrc m05 montpellier 2015\n\t\t\t\t<\/figcaption><\/figure><figure class='gallery-item'>\n\t\t\t<div class='gallery-icon landscape'>\n\t\t\t\t<a href='https:\/\/vhrc.fr\/en\/historique\/vhrc-lhistorique\/2015-vhrc\/2015-m05-montpellier\/ge-digital-camera-320\/'><img loading=\"lazy\" decoding=\"async\" width=\"593\" height=\"445\" src=\"https:\/\/vhrc.fr\/wp-content\/uploads\/2015\/04\/luc_Montpellier-manche-vhrc-m6-17-mai-2015.-012.jpg\" class=\"attachment-colormag-featured-image size-colormag-featured-image\" alt=\"\" aria-describedby=\"gallery-1-6420\" srcset=\"https:\/\/vhrc.fr\/wp-content\/uploads\/2015\/04\/luc_Montpellier-manche-vhrc-m6-17-mai-2015.-012.jpg 1024w, https:\/\/vhrc.fr\/wp-content\/uploads\/2015\/04\/luc_Montpellier-manche-vhrc-m6-17-mai-2015.-012-500x375.jpg 500w, https:\/\/vhrc.fr\/wp-content\/uploads\/2015\/04\/luc_Montpellier-manche-vhrc-m6-17-mai-2015.-012-800x600.jpg 800w\" sizes=\"auto, (max-width: 593px) 100vw, 593px\" \/><\/a>\n\t\t\t<\/div>\n\t\t\t\t<figcaption class='wp-caption-text gallery-caption' id='gallery-1-6420'>\n\t\t\t\tvhrc m05 montpellier 2015\n\t\t\t\t<\/figcaption><\/figure><figure class='gallery-item'>\n\t\t\t<div class='gallery-icon landscape'>\n\t\t\t\t<a href='https:\/\/vhrc.fr\/en\/historique\/vhrc-lhistorique\/2015-vhrc\/2015-m05-montpellier\/ge-digital-camera-321\/'><img loading=\"lazy\" decoding=\"async\" width=\"593\" height=\"445\" src=\"https:\/\/vhrc.fr\/wp-content\/uploads\/2015\/04\/luc_Montpellier-manche-vhrc-m6-17-mai-2015.-013.jpg\" class=\"attachment-colormag-featured-image size-colormag-featured-image\" alt=\"\" aria-describedby=\"gallery-1-6421\" srcset=\"https:\/\/vhrc.fr\/wp-content\/uploads\/2015\/04\/luc_Montpellier-manche-vhrc-m6-17-mai-2015.-013.jpg 1024w, https:\/\/vhrc.fr\/wp-content\/uploads\/2015\/04\/luc_Montpellier-manche-vhrc-m6-17-mai-2015.-013-500x375.jpg 500w, https:\/\/vhrc.fr\/wp-content\/uploads\/2015\/04\/luc_Montpellier-manche-vhrc-m6-17-mai-2015.-013-800x600.jpg 800w\" sizes=\"auto, (max-width: 593px) 100vw, 593px\" \/><\/a>\n\t\t\t<\/div>\n\t\t\t\t<figcaption class='wp-caption-text gallery-caption' id='gallery-1-6421'>\n\t\t\t\tvhrc m05 montpellier 2015\n\t\t\t\t<\/figcaption><\/figure><figure class='gallery-item'>\n\t\t\t<div class='gallery-icon landscape'>\n\t\t\t\t<a href='https:\/\/vhrc.fr\/en\/historique\/vhrc-lhistorique\/2015-vhrc\/2015-m05-montpellier\/ge-digital-camera-322\/'><img loading=\"lazy\" decoding=\"async\" width=\"593\" height=\"445\" src=\"https:\/\/vhrc.fr\/wp-content\/uploads\/2015\/04\/luc_Montpellier-manche-vhrc-m6-17-mai-2015.-014.jpg\" class=\"attachment-colormag-featured-image size-colormag-featured-image\" alt=\"\" aria-describedby=\"gallery-1-6422\" srcset=\"https:\/\/vhrc.fr\/wp-content\/uploads\/2015\/04\/luc_Montpellier-manche-vhrc-m6-17-mai-2015.-014.jpg 1024w, https:\/\/vhrc.fr\/wp-content\/uploads\/2015\/04\/luc_Montpellier-manche-vhrc-m6-17-mai-2015.-014-500x375.jpg 500w, https:\/\/vhrc.fr\/wp-content\/uploads\/2015\/04\/luc_Montpellier-manche-vhrc-m6-17-mai-2015.-014-800x600.jpg 800w\" sizes=\"auto, (max-width: 593px) 100vw, 593px\" \/><\/a>\n\t\t\t<\/div>\n\t\t\t\t<figcaption class='wp-caption-text gallery-caption' id='gallery-1-6422'>\n\t\t\t\tlaurent GRAU Yankee\n\t\t\t\t<\/figcaption><\/figure><figure class='gallery-item'>\n\t\t\t<div class='gallery-icon landscape'>\n\t\t\t\t<a href='https:\/\/vhrc.fr\/en\/historique\/vhrc-lhistorique\/2015-vhrc\/2015-m05-montpellier\/ge-digital-camera-323\/'><img loading=\"lazy\" decoding=\"async\" width=\"593\" height=\"445\" src=\"https:\/\/vhrc.fr\/wp-content\/uploads\/2015\/04\/luc_Montpellier-manche-vhrc-m6-17-mai-2015.-015.jpg\" class=\"attachment-colormag-featured-image size-colormag-featured-image\" alt=\"\" srcset=\"https:\/\/vhrc.fr\/wp-content\/uploads\/2015\/04\/luc_Montpellier-manche-vhrc-m6-17-mai-2015.-015.jpg 1024w, https:\/\/vhrc.fr\/wp-content\/uploads\/2015\/04\/luc_Montpellier-manche-vhrc-m6-17-mai-2015.-015-500x375.jpg 500w, https:\/\/vhrc.fr\/wp-content\/uploads\/2015\/04\/luc_Montpellier-manche-vhrc-m6-17-mai-2015.-015-800x600.jpg 800w\" sizes=\"auto, (max-width: 593px) 100vw, 593px\" \/><\/a>\n\t\t\t<\/div><\/figure><figure class='gallery-item'>\n\t\t\t<div class='gallery-icon landscape'>\n\t\t\t\t<a href='https:\/\/vhrc.fr\/en\/historique\/vhrc-lhistorique\/2015-vhrc\/2015-m05-montpellier\/ge-digital-camera-324\/'><img loading=\"lazy\" decoding=\"async\" width=\"593\" height=\"445\" src=\"https:\/\/vhrc.fr\/wp-content\/uploads\/2015\/04\/luc_Montpellier-manche-vhrc-m6-17-mai-2015.-017.jpg\" class=\"attachment-colormag-featured-image size-colormag-featured-image\" alt=\"\" aria-describedby=\"gallery-1-6424\" srcset=\"https:\/\/vhrc.fr\/wp-content\/uploads\/2015\/04\/luc_Montpellier-manche-vhrc-m6-17-mai-2015.-017.jpg 1024w, https:\/\/vhrc.fr\/wp-content\/uploads\/2015\/04\/luc_Montpellier-manche-vhrc-m6-17-mai-2015.-017-500x375.jpg 500w, https:\/\/vhrc.fr\/wp-content\/uploads\/2015\/04\/luc_Montpellier-manche-vhrc-m6-17-mai-2015.-017-800x600.jpg 800w\" sizes=\"auto, (max-width: 593px) 100vw, 593px\" \/><\/a>\n\t\t\t<\/div>\n\t\t\t\t<figcaption class='wp-caption-text gallery-caption' id='gallery-1-6424'>\n\t\t\t\tGE DIGITAL CAMERA\n\t\t\t\t<\/figcaption><\/figure><figure class='gallery-item'>\n\t\t\t<div class='gallery-icon landscape'>\n\t\t\t\t<a href='https:\/\/vhrc.fr\/en\/historique\/vhrc-lhistorique\/2015-vhrc\/2015-m05-montpellier\/ge-digital-camera-318\/'><img loading=\"lazy\" decoding=\"async\" width=\"593\" height=\"445\" src=\"https:\/\/vhrc.fr\/wp-content\/uploads\/2015\/04\/luc_Montpellier-manche-vhrc-m6-17-mai-2015.-009.jpg\" class=\"attachment-colormag-featured-image size-colormag-featured-image\" alt=\"\" aria-describedby=\"gallery-1-6417\" srcset=\"https:\/\/vhrc.fr\/wp-content\/uploads\/2015\/04\/luc_Montpellier-manche-vhrc-m6-17-mai-2015.-009.jpg 1024w, https:\/\/vhrc.fr\/wp-content\/uploads\/2015\/04\/luc_Montpellier-manche-vhrc-m6-17-mai-2015.-009-500x375.jpg 500w, https:\/\/vhrc.fr\/wp-content\/uploads\/2015\/04\/luc_Montpellier-manche-vhrc-m6-17-mai-2015.-009-800x600.jpg 800w\" sizes=\"auto, (max-width: 593px) 100vw, 593px\" \/><\/a>\n\t\t\t<\/div>\n\t\t\t\t<figcaption class='wp-caption-text gallery-caption' id='gallery-1-6417'>\n\t\t\t\tvhrc m05 montpellier 2015\n\t\t\t\t<\/figcaption><\/figure>\n\t\t<\/div>\n\n<h1><span class=\"text_exposed_show\">M05 : 17 Mai Montpellier<\/span><\/h1>\n<h1>Vid\u00e9os<\/h1>\n<p><iframe loading=\"lazy\" title=\"Montpellier VHRC - Finale 2 - 2015\" width=\"800\" height=\"450\" src=\"https:\/\/www.youtube.com\/embed\/Bl_laXBzg08?feature=oembed\" frameborder=\"0\" allow=\"accelerometer; autoplay; encrypted-media; gyroscope; picture-in-picture\" allowfullscreen><\/iframe><\/p>","protected":false},"excerpt":{"rendered":"<p>R\u00e9sum\u00e9 M3 Montpellier 17\/05\/2015 8 pilotes pr\u00e9sents 3 qualifications de 5 minutes Julien N : 11 tours en 5 min<\/p>","protected":false},"author":5,"featured_media":6416,"parent":5669,"menu_order":0,"comment_status":"closed","ping_status":"closed","template":"","meta":{"colormag_page_container_layout":"default_layout","colormag_page_sidebar_layout":"default_layout","footnotes":""},"class_list":["post-6120","page","type-page","status-publish","has-post-thumbnail","hentry"],"_links":{"self":[{"href":"https:\/\/vhrc.fr\/en\/wp-json\/wp\/v2\/pages\/6120","targetHints":{"allow":["GET"]}}],"collection":[{"href":"https:\/\/vhrc.fr\/en\/wp-json\/wp\/v2\/pages"}],"about":[{"href":"https:\/\/vhrc.fr\/en\/wp-json\/wp\/v2\/types\/page"}],"author":[{"embeddable":true,"href":"https:\/\/vhrc.fr\/en\/wp-json\/wp\/v2\/users\/5"}],"replies":[{"embeddable":true,"href":"https:\/\/vhrc.fr\/en\/wp-json\/wp\/v2\/comments?post=6120"}],"version-history":[{"count":4,"href":"https:\/\/vhrc.fr\/en\/wp-json\/wp\/v2\/pages\/6120\/revisions"}],"predecessor-version":[{"id":6433,"href":"https:\/\/vhrc.fr\/en\/wp-json\/wp\/v2\/pages\/6120\/revisions\/6433"}],"up":[{"embeddable":true,"href":"https:\/\/vhrc.fr\/en\/wp-json\/wp\/v2\/pages\/5669"}],"wp:featuredmedia":[{"embeddable":true,"href":"https:\/\/vhrc.fr\/en\/wp-json\/wp\/v2\/media\/6416"}],"wp:attachment":[{"href":"https:\/\/vhrc.fr\/en\/wp-json\/wp\/v2\/media?parent=6120"}],"curies":[{"name":"wp","href":"https:\/\/api.w.org\/{rel}","templated":true}]}}