{"id":6126,"date":"2015-04-10T09:14:18","date_gmt":"2015-04-10T08:14:18","guid":{"rendered":"http:\/\/vhrc.fr\/?page_id=6126"},"modified":"2025-07-08T09:23:25","modified_gmt":"2025-07-08T08:23:25","slug":"raco","status":"publish","type":"page","link":"https:\/\/vhrc.fr\/en\/voitures\/raco\/","title":{"rendered":"Raco"},"content":{"rendered":"<h1>Raco Quarterscale Cars<\/h1>\n<p>GN Challenger \/ Grand National<br \/>\nIndy Car<br \/>\nStadium Truck<br \/>\nStadium Car<br \/>\nOutlaw late model<br \/>\nIMSA GTP<br \/>\nJac-Rabbit \/ Super Mod<br \/>\nSuper Mod 2<br \/>\nSidewinder<br \/>\nRaco a d\u00e9but\u00e9 dans le milieu des ann\u00e9es 80 et a \u00e9t\u00e9 fond\u00e9e par Jon Rahe et un partenaire local. Ils op\u00e9raient en Californie \u00e0 Santa Ana, . Ils ont d\u00e9but\u00e9 en trombe avec le Jac Rabbit, Un buggy tout-terrain qui \u00e9tait rapide et abordable.<\/p>\n<figure id=\"attachment_6133\" aria-describedby=\"caption-attachment-6133\" style=\"width: 500px\" class=\"wp-caption alignnone\"><a href=\"http:\/\/vhrc.fr\/wp-content\/uploads\/2015\/04\/raco-quarterscale-cars-1.jpg\"><img loading=\"lazy\" decoding=\"async\" class=\"size-medium wp-image-6133\" src=\"http:\/\/vhrc.fr\/wp-content\/uploads\/2015\/04\/raco-quarterscale-cars-1-500x375.jpg\" alt=\"ch\u00e2ssis raco r\u00e9aliste\" width=\"500\" height=\"375\" srcset=\"https:\/\/vhrc.fr\/wp-content\/uploads\/2015\/04\/raco-quarterscale-cars-1-500x375.jpg 500w, https:\/\/vhrc.fr\/wp-content\/uploads\/2015\/04\/raco-quarterscale-cars-1.jpg 800w\" sizes=\"auto, (max-width: 500px) 100vw, 500px\" \/><\/a><figcaption id=\"caption-attachment-6133\" class=\"wp-caption-text\">ch\u00e2ssis raco r\u00e9aliste<\/figcaption><\/figure>\n<p>les voitures avaient une architecture r\u00e9aliste avec un pont arri\u00e8re avec sa boite en plastique.<\/p>\n<figure id=\"attachment_6132\" aria-describedby=\"caption-attachment-6132\" style=\"width: 251px\" class=\"wp-caption alignnone\"><a href=\"http:\/\/vhrc.fr\/wp-content\/uploads\/2015\/04\/pont-raco.jpg\"><img loading=\"lazy\" decoding=\"async\" class=\"size-full wp-image-6132\" src=\"http:\/\/vhrc.fr\/wp-content\/uploads\/2015\/04\/pont-raco.jpg\" alt=\"pont raco\" width=\"251\" height=\"400\" \/><\/a><figcaption id=\"caption-attachment-6132\" class=\"wp-caption-text\">pont raco<\/figcaption><\/figure>\n<p>Malheureusement, Raco a ferm\u00e9 vers 1997.<\/p>\n<figure id=\"attachment_6129\" aria-describedby=\"caption-attachment-6129\" style=\"width: 500px\" class=\"wp-caption alignnone\"><a href=\"http:\/\/vhrc.fr\/wp-content\/uploads\/2015\/04\/Raco00019.jpg\"><img loading=\"lazy\" decoding=\"async\" class=\"wp-image-6129 size-medium\" src=\"http:\/\/vhrc.fr\/wp-content\/uploads\/2015\/04\/Raco00019-500x369.jpg\" alt=\"Raco00019\" width=\"500\" height=\"369\" srcset=\"https:\/\/vhrc.fr\/wp-content\/uploads\/2015\/04\/Raco00019-500x369.jpg 500w, https:\/\/vhrc.fr\/wp-content\/uploads\/2015\/04\/Raco00019.jpg 525w\" sizes=\"auto, (max-width: 500px) 100vw, 500px\" \/><\/a><figcaption id=\"caption-attachment-6129\" class=\"wp-caption-text\">voiture 1:4 raco gran national<\/figcaption><\/figure>\n<figure id=\"attachment_6130\" aria-describedby=\"caption-attachment-6130\" style=\"width: 500px\" class=\"wp-caption alignnone\"><a href=\"http:\/\/vhrc.fr\/wp-content\/uploads\/2015\/04\/Raco00020.jpg\"><img loading=\"lazy\" decoding=\"async\" class=\"wp-image-6130 size-medium\" src=\"http:\/\/vhrc.fr\/wp-content\/uploads\/2015\/04\/Raco00020-500x378.jpg\" alt=\"Raco00020\" width=\"500\" height=\"378\" srcset=\"https:\/\/vhrc.fr\/wp-content\/uploads\/2015\/04\/Raco00020-500x378.jpg 500w, https:\/\/vhrc.fr\/wp-content\/uploads\/2015\/04\/Raco00020.jpg 525w\" sizes=\"auto, (max-width: 500px) 100vw, 500px\" \/><\/a><figcaption id=\"caption-attachment-6130\" class=\"wp-caption-text\">voiture 1:4 raco indy<\/figcaption><\/figure>\n<p><a href=\"http:\/\/vhrc.fr\/wp-content\/uploads\/2015\/04\/Raco00014.jpg\"><img loading=\"lazy\" decoding=\"async\" class=\"alignnone size-medium wp-image-6127\" src=\"http:\/\/vhrc.fr\/wp-content\/uploads\/2015\/04\/Raco00014-500x364.jpg\" alt=\"Raco00014\" width=\"500\" height=\"364\" srcset=\"https:\/\/vhrc.fr\/wp-content\/uploads\/2015\/04\/Raco00014-500x364.jpg 500w, https:\/\/vhrc.fr\/wp-content\/uploads\/2015\/04\/Raco00014.jpg 722w\" sizes=\"auto, (max-width: 500px) 100vw, 500px\" \/><\/a> <a href=\"http:\/\/vhrc.fr\/wp-content\/uploads\/2015\/04\/Raco00016.jpg\"><img loading=\"lazy\" decoding=\"async\" class=\"alignnone size-medium wp-image-6128\" src=\"http:\/\/vhrc.fr\/wp-content\/uploads\/2015\/04\/Raco00016-500x364.jpg\" alt=\"Raco00016\" width=\"500\" height=\"364\" srcset=\"https:\/\/vhrc.fr\/wp-content\/uploads\/2015\/04\/Raco00016-500x364.jpg 500w, https:\/\/vhrc.fr\/wp-content\/uploads\/2015\/04\/Raco00016.jpg 722w\" sizes=\"auto, (max-width: 500px) 100vw, 500px\" \/><\/a><\/p>","protected":false},"excerpt":{"rendered":"<p>Raco Quarterscale Cars GN Challenger \/ Grand National Indy Car Stadium Truck Stadium Car Outlaw late model IMSA GTP Jac-Rabbit<\/p>","protected":false},"author":5,"featured_media":6131,"parent":138,"menu_order":0,"comment_status":"closed","ping_status":"closed","template":"","meta":{"colormag_page_container_layout":"default_layout","colormag_page_sidebar_layout":"default_layout","footnotes":""},"class_list":["post-6126","page","type-page","status-publish","has-post-thumbnail","hentry"],"_links":{"self":[{"href":"https:\/\/vhrc.fr\/en\/wp-json\/wp\/v2\/pages\/6126","targetHints":{"allow":["GET"]}}],"collection":[{"href":"https:\/\/vhrc.fr\/en\/wp-json\/wp\/v2\/pages"}],"about":[{"href":"https:\/\/vhrc.fr\/en\/wp-json\/wp\/v2\/types\/page"}],"author":[{"embeddable":true,"href":"https:\/\/vhrc.fr\/en\/wp-json\/wp\/v2\/users\/5"}],"replies":[{"embeddable":true,"href":"https:\/\/vhrc.fr\/en\/wp-json\/wp\/v2\/comments?post=6126"}],"version-history":[{"count":1,"href":"https:\/\/vhrc.fr\/en\/wp-json\/wp\/v2\/pages\/6126\/revisions"}],"predecessor-version":[{"id":6134,"href":"https:\/\/vhrc.fr\/en\/wp-json\/wp\/v2\/pages\/6126\/revisions\/6134"}],"up":[{"embeddable":true,"href":"https:\/\/vhrc.fr\/en\/wp-json\/wp\/v2\/pages\/138"}],"wp:featuredmedia":[{"embeddable":true,"href":"https:\/\/vhrc.fr\/en\/wp-json\/wp\/v2\/media\/6131"}],"wp:attachment":[{"href":"https:\/\/vhrc.fr\/en\/wp-json\/wp\/v2\/media?parent=6126"}],"curies":[{"name":"wp","href":"https:\/\/api.w.org\/{rel}","templated":true}]}}