{"id":6183,"date":"2015-04-23T10:08:21","date_gmt":"2015-04-23T09:08:21","guid":{"rendered":"http:\/\/vhrc.fr\/?page_id=6183"},"modified":"2025-07-08T09:23:36","modified_gmt":"2025-07-08T08:23:36","slug":"lola-barquette","status":"publish","type":"page","link":"https:\/\/vhrc.fr\/en\/voitures\/dwa\/lola-barquette\/","title":{"rendered":"Lola T530 \u00ab\u00a0Barquette\u00a0\u00bb CanAm"},"content":{"rendered":"<p>&nbsp;<\/p>\n<figure id=\"attachment_6184\" aria-describedby=\"caption-attachment-6184\" style=\"width: 500px\" class=\"wp-caption alignnone\"><a href=\"http:\/\/vhrc.fr\/wp-content\/uploads\/2015\/04\/dwa-lola-pub.jpg\"><img loading=\"lazy\" decoding=\"async\" class=\"size-medium wp-image-6184\" src=\"http:\/\/vhrc.fr\/wp-content\/uploads\/2015\/04\/dwa-lola-pub-500x303.jpg\" alt=\"barquette lola dwa au 1:4\" width=\"500\" height=\"303\" srcset=\"https:\/\/vhrc.fr\/wp-content\/uploads\/2015\/04\/dwa-lola-pub-500x303.jpg 500w, https:\/\/vhrc.fr\/wp-content\/uploads\/2015\/04\/dwa-lola-pub-800x485.jpg 800w, https:\/\/vhrc.fr\/wp-content\/uploads\/2015\/04\/dwa-lola-pub.jpg 1926w\" sizes=\"auto, (max-width: 500px) 100vw, 500px\" \/><\/a><figcaption id=\"caption-attachment-6184\" class=\"wp-caption-text\">barquette lola dwa au 1:4<\/figcaption><\/figure>\n<p><span class=\"tlid-translation translation\" lang=\"fr\"><span class=\"\" title=\"\">Le Lola T530 \u00e9tait la tentative de Lola de construire une\u00a0 monoplace <strong>CanAm<\/strong> \u00e0 effet de sol.<\/span> <span class=\"\" title=\"\">Il a domin\u00e9 1980, remportant sept des neuf courses, mais a \u00e9t\u00e9 d\u00e9pass\u00e9 en 1981 par les nouveaux mod\u00e8les March 817, CAC-2 et VDS.<\/span><\/span><\/p>\n<p>Le <strong>CanAm<\/strong>, abr\u00e9viation de Canadian-American Challenge Cup \u00e9tait un championnat automobile qui se d\u00e9roulait en Am\u00e9rique du Nord (deux villes canadiennes et quatre villes am\u00e9ricaines), et qui opposait des voitures de type \u00ab\u00a0Prototype\u00a0\u00bb (con\u00e7ues de A \u00e0 Z ou modifi\u00e9es). Il \u00e9tait coorganis\u00e9 par l&rsquo;Association canadienne de rallye et le Sports Car Club of America.<\/p>\n<p>Organis\u00e9 de 1966 \u00e0 1974, le <strong>CanAm<\/strong> a connu une seconde existence de 1977 \u00e0 1986.<\/p>\n<figure id=\"attachment_9579\" aria-describedby=\"caption-attachment-9579\" style=\"width: 400px\" class=\"wp-caption alignnone\"><a href=\"http:\/\/vhrc.fr\/wp-content\/uploads\/2020\/01\/lo.jpg\"><img loading=\"lazy\" decoding=\"async\" class=\"size-medium wp-image-9579\" src=\"http:\/\/vhrc.fr\/wp-content\/uploads\/2020\/01\/lo-400x267.jpg\" alt=\"\" width=\"400\" height=\"267\" srcset=\"https:\/\/vhrc.fr\/wp-content\/uploads\/2020\/01\/lo-400x267.jpg 400w, https:\/\/vhrc.fr\/wp-content\/uploads\/2020\/01\/lo-768x512.jpg 768w, https:\/\/vhrc.fr\/wp-content\/uploads\/2020\/01\/lo.jpg 800w\" sizes=\"auto, (max-width: 400px) 100vw, 400px\" \/><\/a><figcaption id=\"caption-attachment-9579\" class=\"wp-caption-text\">lola t530 Mark Windecker photos<\/figcaption><\/figure>\n<figure id=\"attachment_9580\" aria-describedby=\"caption-attachment-9580\" style=\"width: 289px\" class=\"wp-caption alignnone\"><a href=\"http:\/\/vhrc.fr\/wp-content\/uploads\/2020\/01\/vhrc-26239949_10213330076640294_7823657997484844117_n.jpg\"><img loading=\"lazy\" decoding=\"async\" class=\"size-medium wp-image-9580\" src=\"http:\/\/vhrc.fr\/wp-content\/uploads\/2020\/01\/vhrc-26239949_10213330076640294_7823657997484844117_n-289x400.jpg\" alt=\"\" width=\"289\" height=\"400\" srcset=\"https:\/\/vhrc.fr\/wp-content\/uploads\/2020\/01\/vhrc-26239949_10213330076640294_7823657997484844117_n-289x400.jpg 289w, https:\/\/vhrc.fr\/wp-content\/uploads\/2020\/01\/vhrc-26239949_10213330076640294_7823657997484844117_n-578x800.jpg 578w, https:\/\/vhrc.fr\/wp-content\/uploads\/2020\/01\/vhrc-26239949_10213330076640294_7823657997484844117_n.jpg 694w\" sizes=\"auto, (max-width: 289px) 100vw, 289px\" \/><\/a><figcaption id=\"caption-attachment-9580\" class=\"wp-caption-text\">lola dwa 1:4 course \u00e0 monaco juin 1989 copyright inconnu<\/figcaption><\/figure>\n<figure id=\"attachment_9581\" aria-describedby=\"caption-attachment-9581\" style=\"width: 400px\" class=\"wp-caption alignnone\"><a href=\"http:\/\/vhrc.fr\/wp-content\/uploads\/2020\/01\/vhrc-monaco-juin-1989-2.jpg\"><img loading=\"lazy\" decoding=\"async\" class=\"size-medium wp-image-9581\" src=\"http:\/\/vhrc.fr\/wp-content\/uploads\/2020\/01\/vhrc-monaco-juin-1989-2-400x281.jpg\" alt=\"\" width=\"400\" height=\"281\" srcset=\"https:\/\/vhrc.fr\/wp-content\/uploads\/2020\/01\/vhrc-monaco-juin-1989-2-400x281.jpg 400w, https:\/\/vhrc.fr\/wp-content\/uploads\/2020\/01\/vhrc-monaco-juin-1989-2-800x562.jpg 800w, https:\/\/vhrc.fr\/wp-content\/uploads\/2020\/01\/vhrc-monaco-juin-1989-2-768x539.jpg 768w, https:\/\/vhrc.fr\/wp-content\/uploads\/2020\/01\/vhrc-monaco-juin-1989-2-130x90.jpg 130w, https:\/\/vhrc.fr\/wp-content\/uploads\/2020\/01\/vhrc-monaco-juin-1989-2.jpg 960w\" sizes=\"auto, (max-width: 400px) 100vw, 400px\" \/><\/a><figcaption id=\"caption-attachment-9581\" class=\"wp-caption-text\">monaco juin 1989 copyright inconnu<\/figcaption><\/figure>\n<p><a href=\"http:\/\/vhrc.fr\/wp-content\/uploads\/2020\/01\/vhrc-monaco-juin-1989.jpg\"><img loading=\"lazy\" decoding=\"async\" class=\"alignnone size-medium wp-image-9582\" src=\"http:\/\/vhrc.fr\/wp-content\/uploads\/2020\/01\/vhrc-monaco-juin-1989-400x272.jpg\" alt=\"\" width=\"400\" height=\"272\" srcset=\"https:\/\/vhrc.fr\/wp-content\/uploads\/2020\/01\/vhrc-monaco-juin-1989-400x272.jpg 400w, https:\/\/vhrc.fr\/wp-content\/uploads\/2020\/01\/vhrc-monaco-juin-1989-800x543.jpg 800w, https:\/\/vhrc.fr\/wp-content\/uploads\/2020\/01\/vhrc-monaco-juin-1989-768x522.jpg 768w, https:\/\/vhrc.fr\/wp-content\/uploads\/2020\/01\/vhrc-monaco-juin-1989.jpg 960w\" sizes=\"auto, (max-width: 400px) 100vw, 400px\" \/><\/a><\/p>\n<figure id=\"attachment_9583\" aria-describedby=\"caption-attachment-9583\" style=\"width: 400px\" class=\"wp-caption alignnone\"><a href=\"http:\/\/vhrc.fr\/wp-content\/uploads\/2020\/01\/vhrc-lola-jagermeister_001_847-par-frank-nl.jpg\"><img loading=\"lazy\" decoding=\"async\" class=\"wp-image-9583 size-medium\" src=\"http:\/\/vhrc.fr\/wp-content\/uploads\/2020\/01\/vhrc-lola-jagermeister_001_847-par-frank-nl-400x300.jpg\" alt=\"lola t530 DWA par Frank from NL\" width=\"400\" height=\"300\" srcset=\"https:\/\/vhrc.fr\/wp-content\/uploads\/2020\/01\/vhrc-lola-jagermeister_001_847-par-frank-nl-400x300.jpg 400w, https:\/\/vhrc.fr\/wp-content\/uploads\/2020\/01\/vhrc-lola-jagermeister_001_847-par-frank-nl-800x600.jpg 800w, https:\/\/vhrc.fr\/wp-content\/uploads\/2020\/01\/vhrc-lola-jagermeister_001_847-par-frank-nl-768x576.jpg 768w, https:\/\/vhrc.fr\/wp-content\/uploads\/2020\/01\/vhrc-lola-jagermeister_001_847-par-frank-nl.jpg 896w\" sizes=\"auto, (max-width: 400px) 100vw, 400px\" \/><\/a><figcaption id=\"caption-attachment-9583\" class=\"wp-caption-text\">lola t530 DWA par Frank from NL<\/figcaption><\/figure>","protected":false},"excerpt":{"rendered":"<p>&nbsp; Le Lola T530 \u00e9tait la tentative de Lola de construire une\u00a0 monoplace CanAm \u00e0 effet de sol. Il a<\/p>","protected":false},"author":5,"featured_media":6184,"parent":6106,"menu_order":0,"comment_status":"closed","ping_status":"closed","template":"","meta":{"colormag_page_container_layout":"default_layout","colormag_page_sidebar_layout":"default_layout","footnotes":""},"class_list":["post-6183","page","type-page","status-publish","has-post-thumbnail","hentry"],"_links":{"self":[{"href":"https:\/\/vhrc.fr\/en\/wp-json\/wp\/v2\/pages\/6183","targetHints":{"allow":["GET"]}}],"collection":[{"href":"https:\/\/vhrc.fr\/en\/wp-json\/wp\/v2\/pages"}],"about":[{"href":"https:\/\/vhrc.fr\/en\/wp-json\/wp\/v2\/types\/page"}],"author":[{"embeddable":true,"href":"https:\/\/vhrc.fr\/en\/wp-json\/wp\/v2\/users\/5"}],"replies":[{"embeddable":true,"href":"https:\/\/vhrc.fr\/en\/wp-json\/wp\/v2\/comments?post=6183"}],"version-history":[{"count":3,"href":"https:\/\/vhrc.fr\/en\/wp-json\/wp\/v2\/pages\/6183\/revisions"}],"predecessor-version":[{"id":9584,"href":"https:\/\/vhrc.fr\/en\/wp-json\/wp\/v2\/pages\/6183\/revisions\/9584"}],"up":[{"embeddable":true,"href":"https:\/\/vhrc.fr\/en\/wp-json\/wp\/v2\/pages\/6106"}],"wp:featuredmedia":[{"embeddable":true,"href":"https:\/\/vhrc.fr\/en\/wp-json\/wp\/v2\/media\/6184"}],"wp:attachment":[{"href":"https:\/\/vhrc.fr\/en\/wp-json\/wp\/v2\/media?parent=6183"}],"curies":[{"name":"wp","href":"https:\/\/api.w.org\/{rel}","templated":true}]}}