{"id":6430,"date":"2015-06-02T07:17:10","date_gmt":"2015-06-02T06:17:10","guid":{"rendered":"http:\/\/vhrc.fr\/?page_id=6430"},"modified":"2025-07-08T09:23:12","modified_gmt":"2025-07-08T08:23:12","slug":"pilote-2015-marc-coronas","status":"publish","type":"page","link":"https:\/\/vhrc.fr\/en\/historique\/vhrc-lhistorique\/2015-vhrc\/pilotes-2015\/pilote-2015-marc-coronas\/","title":{"rendered":"2015 Marc Coronas"},"content":{"rendered":"<figure id=\"attachment_6431\" aria-describedby=\"caption-attachment-6431\" style=\"width: 640px\" class=\"wp-caption alignnone\"><a href=\"http:\/\/vhrc.fr\/wp-content\/uploads\/2015\/06\/M.-arc-Coronas.jpg\"><img loading=\"lazy\" decoding=\"async\" class=\"size-full wp-image-6431\" src=\"http:\/\/vhrc.fr\/wp-content\/uploads\/2015\/06\/M.-arc-Coronas.jpg\" alt=\"marc coronas 2015\" width=\"640\" height=\"480\" srcset=\"https:\/\/vhrc.fr\/wp-content\/uploads\/2015\/06\/M.-arc-Coronas.jpg 640w, https:\/\/vhrc.fr\/wp-content\/uploads\/2015\/06\/M.-arc-Coronas-500x375.jpg 500w\" sizes=\"auto, (max-width: 640px) 100vw, 640px\" \/><\/a><figcaption id=\"caption-attachment-6431\" class=\"wp-caption-text\">marc coronas 2015<\/figcaption><\/figure>\n<p><i>&#8211; <\/i><span style=\"color: #c00000;\"><i>Peux tu te pr\u00e9senter\u00a0: Nom\u2026..Pr\u00e9nom\u2026\u2026.<\/i><\/span><\/p>\n<p align=\"JUSTIFY\"><i>CORONAS.MARC N\u00e9 en 1956. Employ\u00e9 au grand Avignon. R\u00e9side en Avignon 84 .Je roule au VHRC en \u2018Bugatti\u2019 Laro ,300zx.<\/i><\/p>\n<p><span style=\"color: #ff0000;\"><i>-Cela fait combien d\u2019ann\u00e9es que tu pratiques le mod\u00e9lisme auto? Et A : V.Models et au VHRC.\u00a0?<\/i><\/span><\/p>\n<p><i>Cela fait 25 ans de passion.<\/i><\/p>\n<p><span style=\"color: #c00000;\"><i>-Dans quelles \u00e9chelle , as-tu particip\u00e9\u00a0: 1\/10 , \u00bc , 1\/5 , Moto ect\u2026\u2026<\/i><\/span><\/p>\n<p align=\"JUSTIFY\"><i>J\u2019ai commenc\u00e9 par le 1\/10 ,\u00e9lectrique et thermique ,puis passage au \u00bc Thermique , d\u00e9couverte de la comp\u00e9tition dans les grandes ann\u00e9es (1990) et je pratiquais aussi un peu de TT 1\/5 thermique en loisir.<\/i><\/p>\n<p><span style=\"color: #ff0000;\"><i>-Ton Palmar\u00e9s et classement au \u2018VHRC\u2019 .<\/i><\/span><\/p>\n<p><i>-1992\u00a0: \u00bc. . 6\u00e9 Coupe Europ\u00e9enne 1992\u00a0: \u00bc.. Vice Champion de France\u00a0: Coupe AX Citro\u00ebn. Avioracing.<\/i><\/p>\n<p>&nbsp;<\/p>\n<p><i>-1994\u00a0: \u00bc.. 1<\/i><sup><i>er<\/i><\/sup><i> CHpt r\u00e9gional . 10\u00e9 Au Gprix de Villeneuve.<\/i><\/p>\n<p><i>-Au VHRC\u00a0: 6<\/i><sup><i>\u00e8me<\/i><\/sup><i> en 2013 et 6<\/i><sup><i>\u00e8me<\/i><\/sup><i> en 2014.<\/i><\/p>\n<p><i>-Esp\u00e8re que 2015 sera une meilleure ann\u00e9e\u00a0!<\/i><\/p>\n<p><span style=\"color: #ff0000;\"><i>-Combien de temps consacres- tu \u00e0 ta passion\u00a0?<\/i><\/span><\/p>\n<p><i>Quelques heures par semaines\u2026\u2026Depuis des ann\u00e9es , je pratique le mod\u00e9lisme auto, pour le plaisir avec mon fils et mon gendre et bien s\u00fbr avec tous mes amis\u2026\u2026\u2026<\/i><\/p>\n<p><span style=\"color: #c00000;\"><i>-Que pr\u00e9f\u00e8res-tu ,\u2026. l\u2019aspect pilotage , \u2026\u2026..technique pr\u00e9paration m\u00e9canique ,ou autres\u00a0?<\/i><\/span><\/p>\n<p align=\"JUSTIFY\"><i>Tous les aspects m\u2019int\u00e9resse ,ancien ajusteur , tourneur , fraiseur dans mon plus jeune \u00e2ge. Il m\u2019arrive encore de faire des pi\u00e9ces en \u00bc.<\/i><\/p>\n<p><span style=\"color: #ff0000;\"><i>-Quelles ont \u00e9t\u00e9 les difficult\u00e9s , pass\u00e9es ou actuelles , rencontr\u00e9es dans les cat\u00e9gories au VHRC\u00a0?<\/i><\/span><\/p>\n<p align=\"JUSTIFY\"><i>Je roule en pneus mousse de l\u2019\u00e9poque en cat\u00e9gorie Historique au VHRC et il est de plus en plus difficile de trouver de la bonne mousse pour notre \u00e9chelle.1\/4. Mais quel plaisir de rouler en pneu mousse\u2026\u2026\u2026<\/i><\/p>\n<p><span style=\"color: #c00000;\"><i>-Quels conseils pourrais-tu donner \u00e0 un d\u00e9butant\u00a0?<\/i><\/span><\/p>\n<p><i>Apprendre \u00e0 marcher avant de vouloir\u00a0\u00bb courir\u00a0\u00bb .<\/i><\/p>\n<p><span style=\"color: #ff0000;\"><i>-Dans ta passion auto mod\u00e9lisme quel a \u00e9t\u00e9 ta plus grande joie et ta plus grande d\u00e9ception\u00a0?<\/i><\/span><\/p>\n<p><i>Mes plus grandes joies\u00a0: Dans les courses et paddock quand on peut avoir des conseils ainsi que le pr\u00eat de pi\u00e8ces ,mais aussi la comp\u00e9tition et la victoire (chaud au c\u0153ur) .D\u00e9ception ,la casse du mat\u00e9riel.<\/i><\/p>\n<p><i>&#8211;<\/i><span style=\"color: #c00000;\"><i>Quels sont tes projets , tes r\u00eaves \u2018 accessibles ou inaccessibles \u2018 dans ta passion\u00a0?<\/i><\/span><\/p>\n<p><i>Continuer \u00e0 me faire plaisir en famille. Continuer encore longtemps\u00a0!.Dans une super ambiance au VHRC.<\/i><\/p>\n<p><span style=\"color: #ff0000;\"><i>-Que penses-tu du challenge du \u2018VHRC\u2019 du point de vue\u00a0: organisation ,r\u00e9unions ,ect\u2026..<\/i><\/span><\/p>\n<p><i>Cela me convient tr\u00e8s bien\u00a0! Parfait\u2026\u2026.<\/i><\/p>\n<p><span style=\"color: #0070c0;\"><span style=\"font-size: small;\"><i>Merci pour ces r\u00e9ponses, afin de mieux se connaitre et grandir ensemble\u00a0! VHRC org 2015.<\/i><\/span><\/span><\/p>","protected":false},"excerpt":{"rendered":"<p>&#8211; Peux tu te pr\u00e9senter\u00a0: Nom\u2026..Pr\u00e9nom\u2026\u2026. CORONAS.MARC N\u00e9 en 1956. Employ\u00e9 au grand Avignon. R\u00e9side en Avignon 84 .Je roule<\/p>","protected":false},"author":5,"featured_media":6431,"parent":6144,"menu_order":0,"comment_status":"closed","ping_status":"closed","template":"","meta":{"colormag_page_container_layout":"default_layout","colormag_page_sidebar_layout":"default_layout","footnotes":""},"class_list":["post-6430","page","type-page","status-publish","has-post-thumbnail","hentry"],"_links":{"self":[{"href":"https:\/\/vhrc.fr\/en\/wp-json\/wp\/v2\/pages\/6430","targetHints":{"allow":["GET"]}}],"collection":[{"href":"https:\/\/vhrc.fr\/en\/wp-json\/wp\/v2\/pages"}],"about":[{"href":"https:\/\/vhrc.fr\/en\/wp-json\/wp\/v2\/types\/page"}],"author":[{"embeddable":true,"href":"https:\/\/vhrc.fr\/en\/wp-json\/wp\/v2\/users\/5"}],"replies":[{"embeddable":true,"href":"https:\/\/vhrc.fr\/en\/wp-json\/wp\/v2\/comments?post=6430"}],"version-history":[{"count":2,"href":"https:\/\/vhrc.fr\/en\/wp-json\/wp\/v2\/pages\/6430\/revisions"}],"predecessor-version":[{"id":6437,"href":"https:\/\/vhrc.fr\/en\/wp-json\/wp\/v2\/pages\/6430\/revisions\/6437"}],"up":[{"embeddable":true,"href":"https:\/\/vhrc.fr\/en\/wp-json\/wp\/v2\/pages\/6144"}],"wp:featuredmedia":[{"embeddable":true,"href":"https:\/\/vhrc.fr\/en\/wp-json\/wp\/v2\/media\/6431"}],"wp:attachment":[{"href":"https:\/\/vhrc.fr\/en\/wp-json\/wp\/v2\/media?parent=6430"}],"curies":[{"name":"wp","href":"https:\/\/api.w.org\/{rel}","templated":true}]}}