{"id":6434,"date":"2015-06-02T07:51:34","date_gmt":"2015-06-02T06:51:34","guid":{"rendered":"http:\/\/vhrc.fr\/?page_id=6434"},"modified":"2025-07-08T09:23:12","modified_gmt":"2025-07-08T08:23:12","slug":"2015-patrick-bolsee","status":"publish","type":"page","link":"https:\/\/vhrc.fr\/en\/historique\/vhrc-lhistorique\/2015-vhrc\/pilotes-2015\/2015-patrick-bolsee\/","title":{"rendered":"2015 Patrick Bols\u00e9e"},"content":{"rendered":"<figure id=\"attachment_6161\" aria-describedby=\"caption-attachment-6161\" style=\"width: 375px\" class=\"wp-caption alignnone\"><a href=\"http:\/\/vhrc.fr\/wp-content\/uploads\/2015\/04\/vhrcPhot.Patrick-Bols\u00e9\u00e9.jpg\"><img loading=\"lazy\" decoding=\"async\" class=\"size-medium wp-image-6161\" src=\"http:\/\/vhrc.fr\/wp-content\/uploads\/2015\/04\/vhrcPhot.Patrick-Bols\u00e9\u00e9-375x500.jpg\" alt=\"Patrick Bols\u00e9e 2015\" width=\"375\" height=\"500\" srcset=\"https:\/\/vhrc.fr\/wp-content\/uploads\/2015\/04\/vhrcPhot.Patrick-Bols\u00e9\u00e9-375x500.jpg 375w, https:\/\/vhrc.fr\/wp-content\/uploads\/2015\/04\/vhrcPhot.Patrick-Bols\u00e9\u00e9-600x800.jpg 600w, https:\/\/vhrc.fr\/wp-content\/uploads\/2015\/04\/vhrcPhot.Patrick-Bols\u00e9\u00e9.jpg 768w\" sizes=\"auto, (max-width: 375px) 100vw, 375px\" \/><\/a><figcaption id=\"caption-attachment-6161\" class=\"wp-caption-text\">Patrick Bols\u00e9e 2015<\/figcaption><\/figure>\n<h2>Dossier du VHRC  2015: A la d\u00e9couverte d\u2019un pilote :<\/h2>\n<p><strong>&#8211; Peux tu te pr\u00e9senter : Nom\u2026..Pr\u00e9nom.<\/strong><br \/>\nPatrick BOLSEE\u2026\u2026 .Responsable Maintenance \u2026 R\u00e9sident \u00e0 Connaux .30330.<br \/>\n<strong>-Cela fait combien d\u2019ann\u00e9es que tu pratiques le mod\u00e9lisme auto? A : V.Models et au VHRC. ?<\/strong><br \/>\n10 ans. A l\u2019association V. Models \u2026\u2026\u2026\u2026. 3 ans au VHRC.<br \/>\n<strong>-Dans quelles \u00e9chelle , as-tu particip\u00e9 : 1\/10 , \u00bc , 1\/5 , Moto ect\u2026\u2026<\/strong><br \/>\nJ\u2019ai pratiqu\u00e9 le 1\/10 Thermique\u2026\u2026 .et le \u00bc Thermique.<br \/>\nEn 2015 : je fais la cat\u00e9gorie Libre au VHRC sur  : Mini Cooper S .<br \/>\n<strong>-Ton Palmar\u00e9s et classement au \u2018VHRC\u2019 .<\/strong><br \/>\nEn 2011\u2026\u2026Vainqueur le la cat\u00e9gorie \u00ab Historique \u00bb \u00bc du VHRC. Sur auto \u2018VIPER \u2018 Yankee.<\/p>\n<p><a href=\"http:\/\/vhrc.fr\/wp-content\/uploads\/2015\/04\/vhrcrcbodyshop_viper_redbull_04.jpg\"><img loading=\"lazy\" decoding=\"async\" class=\"alignnone size-medium wp-image-6167\" src=\"http:\/\/vhrc.fr\/wp-content\/uploads\/2015\/04\/vhrcrcbodyshop_viper_redbull_04-500x375.jpg\" alt=\"vhrcrcbodyshop_viper_redbull_04\" width=\"500\" height=\"375\" srcset=\"https:\/\/vhrc.fr\/wp-content\/uploads\/2015\/04\/vhrcrcbodyshop_viper_redbull_04-500x375.jpg 500w, https:\/\/vhrc.fr\/wp-content\/uploads\/2015\/04\/vhrcrcbodyshop_viper_redbull_04-800x600.jpg 800w, https:\/\/vhrc.fr\/wp-content\/uploads\/2015\/04\/vhrcrcbodyshop_viper_redbull_04.jpg 1024w\" sizes=\"auto, (max-width: 500px) 100vw, 500px\" \/><\/a><br \/>\n<strong>-Combien de temps consacres- tu \u00e0 ta passion ?<\/strong><br \/>\nTrop de temps c\u2019est ma femme qui le dit ! \u2026\u2026<\/p>\n<p><strong>-Que pr\u00e9f\u00e8res-tu ,\u2026. l\u2019aspect pilotage , \u2026\u2026..technique pr\u00e9paration m\u00e9canique ,ou autres ?<\/strong><br \/>\n1 ) Pilotage et 2 ) Pr\u00e9paration de l\u2019auto.<br \/>\n<strong>-Quelles ont \u00e9t\u00e9 les difficult\u00e9s , pass\u00e9es ou actuelles , rencontr\u00e9es dans les cat\u00e9gories au VHRC ?<\/strong><br \/>\nTrouver des pneus. Cat\u00e9gorie (Historique).<br \/>\n<strong>-Quels conseils pourrais-tu donner \u00e0 un d\u00e9butan<\/strong>t<br \/>\nQu\u2019il se tourne vers les anciens pour des conseils.<\/p>\n<p><strong>-Dans ta passion auto mod\u00e9lisme quel a \u00e9t\u00e9 ta plus grande joie et ta plus grande d\u00e9ception ?<\/strong><br \/>\nPlus grande Joie : De gagner Le VHRC en 2011 et d\u00e9ception de ne pas avoir gagn\u00e9 \u00e0 \u2018Villeneuve les Avignon en 2011\u2019 c\u2019est la course ! .<\/p>\n<p><strong>-Quels sont tes projets , tes r\u00eaves \u2018 accessibles ou inaccessibles \u2018 dans ta passion ?<\/strong><br \/>\nDe toujours m\u2019amuser dans la convivialit\u00e9.<br \/>\n<strong>-Que penses-tu du challenge du \u2018VHRC\u2019 du point de vue : organisation ,r\u00e9unions ,etc\u2026..<\/strong><br \/>\nMerci a tous ceux qui organisent ce Challenge \u00ab VHRC \u00bb et qui nous permettent d\u2019assouvir notre passion.<br \/>\nMerci pour ces r\u00e9ponses, afin de mieux se connaitre et grandir ensemble !<\/p>\n<p>VHRC org 2015.<\/p>","protected":false},"excerpt":{"rendered":"<p>Dossier du VHRC 2015: A la d\u00e9couverte d\u2019un pilote : &#8211; Peux tu te pr\u00e9senter : Nom\u2026..Pr\u00e9nom. Patrick BOLSEE\u2026\u2026 .Responsable<\/p>","protected":false},"author":5,"featured_media":6167,"parent":6144,"menu_order":0,"comment_status":"closed","ping_status":"closed","template":"","meta":{"colormag_page_container_layout":"default_layout","colormag_page_sidebar_layout":"default_layout","footnotes":""},"class_list":["post-6434","page","type-page","status-publish","has-post-thumbnail","hentry"],"_links":{"self":[{"href":"https:\/\/vhrc.fr\/en\/wp-json\/wp\/v2\/pages\/6434","targetHints":{"allow":["GET"]}}],"collection":[{"href":"https:\/\/vhrc.fr\/en\/wp-json\/wp\/v2\/pages"}],"about":[{"href":"https:\/\/vhrc.fr\/en\/wp-json\/wp\/v2\/types\/page"}],"author":[{"embeddable":true,"href":"https:\/\/vhrc.fr\/en\/wp-json\/wp\/v2\/users\/5"}],"replies":[{"embeddable":true,"href":"https:\/\/vhrc.fr\/en\/wp-json\/wp\/v2\/comments?post=6434"}],"version-history":[{"count":1,"href":"https:\/\/vhrc.fr\/en\/wp-json\/wp\/v2\/pages\/6434\/revisions"}],"predecessor-version":[{"id":6435,"href":"https:\/\/vhrc.fr\/en\/wp-json\/wp\/v2\/pages\/6434\/revisions\/6435"}],"up":[{"embeddable":true,"href":"https:\/\/vhrc.fr\/en\/wp-json\/wp\/v2\/pages\/6144"}],"wp:featuredmedia":[{"embeddable":true,"href":"https:\/\/vhrc.fr\/en\/wp-json\/wp\/v2\/media\/6167"}],"wp:attachment":[{"href":"https:\/\/vhrc.fr\/en\/wp-json\/wp\/v2\/media?parent=6434"}],"curies":[{"name":"wp","href":"https:\/\/api.w.org\/{rel}","templated":true}]}}