{"id":6900,"date":"2015-11-08T20:47:24","date_gmt":"2015-11-08T19:47:24","guid":{"rendered":"http:\/\/vhrc.fr\/?page_id=6900"},"modified":"2025-07-08T09:23:12","modified_gmt":"2025-07-08T08:23:12","slug":"2015-julien-n-pilote-de-lannee","status":"publish","type":"page","link":"https:\/\/vhrc.fr\/en\/historique\/vhrc-lhistorique\/2015-vhrc\/pilotes-2015\/2015-julien-n-pilote-de-lannee\/","title":{"rendered":"2015 Julien N pilote de l&rsquo;ann\u00e9e"},"content":{"rendered":"<h1>Julien NOUVEAU:<\/h1>\n<p><img loading=\"lazy\" decoding=\"async\" class=\"alignnone wp-image-6901 size-full\" src=\"http:\/\/vhrc.fr\/wp-content\/uploads\/2015\/11\/julien-n-2015.jpg\" alt=\"julien n 2015\" width=\"480\" height=\"360\" \/><\/p>\n<ul>\n<li>\n<h3>Peux tu te pr\u00e9senter :<\/h3>\n<\/li>\n<\/ul>\n<p>NOUVEAU Julien, r\u00e9side \u00e0 ORANGE, G\u00e9rant d&rsquo;un contr\u00f4le technique automobile \u00e0 ORANGE<\/p>\n<ul>\n<li>\n<h3>Cela fait combien d\u2019ann\u00e9es que tu pratiques le mod\u00e9lisme auto? A\u00a0 Villeneuv&rsquo; Models \u00a0et \u00a0 au VHRC. ?<\/h3>\n<\/li>\n<\/ul>\n<p>J&rsquo;ai commenc\u00e9 en 2011 sur l&rsquo;\u00e9chelle 1\/4 au VHRC<\/p>\n<ul>\n<li>\n<h3>Dans quelles \u00a0\u00e9chelles \u00a0 \u00a0, \u00a0 as-tu particip\u00e9 : \u00a0 \u00a0 \u00a0 \u00a0 \u00a0 \u00a0 \u00a0 \u00a0 \u00a01\/10 \u00a0, \u00a0\u00bc , 1\/5 , \u00a0Moto \u00a0 \u00a0\u00a0 etc\u2026\u2026<\/h3>\n<\/li>\n<\/ul>\n<p>Au VHRC , \u00e9chelle 1\/4 YANKEE Porsche 930 en historique<\/p>\n<p>et \u00e9chelle 1\/4 YANKEE Mini Cooper en libre<\/p>\n<ul>\n<li>\n<h3>Ton \u00a0\u00a0 Palmar\u00e8s \u00a0\u00a0 et classement au \u00a0\u2018VHRC\u2019 \u00a0.<\/h3>\n<\/li>\n<\/ul>\n<p><img loading=\"lazy\" decoding=\"async\" class=\"alignnone size-full wp-image-6892\" src=\"http:\/\/vhrc.fr\/wp-content\/uploads\/2015\/10\/vhrc-2015-m11-pilat_luc-22.jpg\" alt=\"vhrc-2015-m11-pilat_luc-22\" width=\"480\" height=\"320\" \/><\/p>\n<p>2015 : &#8211; 1er du VHRC libre<\/p>\n<p>&#8211; 3eme du VHRC historique<\/p>\n<p>2014 : &#8211; 2eme du VHRC historique<\/p>\n<p>2013 : &#8211; 3eme du VHRC historique<\/p>\n<ul>\n<li>\n<h4>Combien de temps consacres- tu \u00a0\u00e0 \u00a0ta passion ?<\/h4>\n<\/li>\n<\/ul>\n<p>Pour 2015 par exemple , j&rsquo;ai particip\u00e9 \u00e0 l&rsquo;ensemble des courses au calendrier du VHRC, soit environ 2 par mois.<\/p>\n<p>Sinon pour la pr\u00e9paration de l&rsquo;auto quelques heures par semaine, mais \u00e7a peut varier<\/p>\n<ul>\n<li>\n<h3>Que pr\u00e9f\u00e8res-tu\u00a0 ,\u2026. l\u2019aspect \u00a0pilotage , \u2026\u2026..technique pr\u00e9paration m\u00e9canique ,ou autres ?<\/h3>\n<\/li>\n<\/ul>\n<p>Je suis autant passionn\u00e9 par la pr\u00e9paration que par le pilotage, je prends \u00e9norm\u00e9ment de plaisir \u00e0 voir \u00e9voluer mon auto<\/p>\n<p>sur la piste apr\u00e8s les heures pass\u00e9es \u00e0 la pr\u00e9parer.<\/p>\n<figure id=\"attachment_6812\" aria-describedby=\"caption-attachment-6812\" style=\"width: 480px\" class=\"wp-caption alignnone\"><img loading=\"lazy\" decoding=\"async\" class=\"size-full wp-image-6812\" src=\"http:\/\/vhrc.fr\/wp-content\/uploads\/2015\/09\/vhrc-2015-m09-besan\u00e7on_luc-07.jpg\" alt=\"stands remi &amp; julien\" width=\"480\" height=\"360\" \/><figcaption id=\"caption-attachment-6812\" class=\"wp-caption-text\">stands remi &amp; julien<\/figcaption><\/figure>\n<ul>\n<li>\n<h3>Quelles ont \u00e9t\u00e9 les difficult\u00e9s , pass\u00e9es ou actuelles \u00a0, rencontr\u00e9es dans les cat\u00e9gories au VHRC ?<\/h3>\n<\/li>\n<\/ul>\n<p>Le manque de pneus pour certains pilotes<\/p>\n<ul>\n<li>\n<h3>Quels \u00a0 conseils \u00a0 pourrais-tu \u00a0donner \u00e0 un d\u00e9butant ?<\/h3>\n<\/li>\n<\/ul>\n<p>On arrive \u00e0 trouver des 1\/4 \u00e0 des prix tr\u00e8s abordables, commencer par rouler comme \u00e7a au d\u00e9but pour d\u00e9couvrir la<\/p>\n<p>discipline, comme je l&rsquo;ai fait au d\u00e9part, puis \u00e9voluer au fur et \u00e0 mesure en prenant \u00a0conseils aupr\u00e8s des plus<\/p>\n<p>exp\u00e9riment\u00e9s.<\/p>\n<ul>\n<li>\n<h3>Dans ta passion auto mod\u00e9lisme quel a \u00e9t\u00e9 \u00a0 ta plus grande joie \u00a0et \u00a0 plus grande d\u00e9ception ?<\/h3>\n<\/li>\n<\/ul>\n<p>Pour la plus grande joie, voir arriver la voiture au bout d&rsquo;une course sans probl\u00e8me technique<\/p>\n<p>Pour la d\u00e9ception, la casse bien sur<\/p>\n<ul>\n<li>\n<h3>Quels sont tes projets \u00a0, tes r\u00eaves \u2018 \u00a0accessibles ou inaccessibles \u00a0 \u00a0 \u00a0\u2018 dans ta passion ?<\/h3>\n<\/li>\n<\/ul>\n<p>L&rsquo;ouverture \u00a0d&rsquo;une cat\u00e9gorie F1 \u00a01\/4<\/p>\n<p><img loading=\"lazy\" decoding=\"async\" class=\"alignnone size-medium wp-image-1391\" src=\"http:\/\/vhrc.fr\/wp-content\/uploads\/2010\/12\/f1_610-500x339.jpg\" alt=\"f1_610\" width=\"500\" height=\"339\" srcset=\"https:\/\/vhrc.fr\/wp-content\/uploads\/2010\/12\/f1_610-500x339.jpg 500w, https:\/\/vhrc.fr\/wp-content\/uploads\/2010\/12\/f1_610.jpg 800w\" sizes=\"auto, (max-width: 500px) 100vw, 500px\" \/><\/p>\n<ul>\n<li>\n<h3>Que penses-tu du challenge du \u2018VHRC\u2019 du point de vue : \u00a0 \u00a0organisation \u00a0 \u00a0 ,r\u00e9unions \u00a0 \u00a0 ,etc\u2026..<\/h3>\n<\/li>\n<\/ul>\n<p>Niveau organisation c&rsquo;est parfait, une \u00e9quipe toujours autant motiv\u00e9e depuis toutes ces ann\u00e9es, et qui cherche en<\/p>\n<p>permanence \u00e0 faire \u00e9voluer les choses dans notre \u00e9chelle.<\/p>\n<p>Au niveau des pilotes du VHRC r\u00e8gne une super ambiance et par dessus tout une entraide incroyable.<\/p>\n<p>&nbsp;<\/p>\n<p>&nbsp;<\/p>\n<p>&nbsp;<\/p>\n<p>&nbsp;<\/p>","protected":false},"excerpt":{"rendered":"<p>Julien NOUVEAU: Peux tu te pr\u00e9senter : NOUVEAU Julien, r\u00e9side \u00e0 ORANGE, G\u00e9rant d&rsquo;un contr\u00f4le technique automobile \u00e0 ORANGE Cela<\/p>","protected":false},"author":5,"featured_media":6901,"parent":6144,"menu_order":0,"comment_status":"closed","ping_status":"closed","template":"","meta":{"colormag_page_container_layout":"default_layout","colormag_page_sidebar_layout":"default_layout","footnotes":""},"class_list":["post-6900","page","type-page","status-publish","has-post-thumbnail","hentry"],"_links":{"self":[{"href":"https:\/\/vhrc.fr\/en\/wp-json\/wp\/v2\/pages\/6900","targetHints":{"allow":["GET"]}}],"collection":[{"href":"https:\/\/vhrc.fr\/en\/wp-json\/wp\/v2\/pages"}],"about":[{"href":"https:\/\/vhrc.fr\/en\/wp-json\/wp\/v2\/types\/page"}],"author":[{"embeddable":true,"href":"https:\/\/vhrc.fr\/en\/wp-json\/wp\/v2\/users\/5"}],"replies":[{"embeddable":true,"href":"https:\/\/vhrc.fr\/en\/wp-json\/wp\/v2\/comments?post=6900"}],"version-history":[{"count":4,"href":"https:\/\/vhrc.fr\/en\/wp-json\/wp\/v2\/pages\/6900\/revisions"}],"predecessor-version":[{"id":6905,"href":"https:\/\/vhrc.fr\/en\/wp-json\/wp\/v2\/pages\/6900\/revisions\/6905"}],"up":[{"embeddable":true,"href":"https:\/\/vhrc.fr\/en\/wp-json\/wp\/v2\/pages\/6144"}],"wp:featuredmedia":[{"embeddable":true,"href":"https:\/\/vhrc.fr\/en\/wp-json\/wp\/v2\/media\/6901"}],"wp:attachment":[{"href":"https:\/\/vhrc.fr\/en\/wp-json\/wp\/v2\/media?parent=6900"}],"curies":[{"name":"wp","href":"https:\/\/api.w.org\/{rel}","templated":true}]}}