{"id":6957,"date":"2015-12-15T13:55:48","date_gmt":"2015-12-15T12:55:48","guid":{"rendered":"http:\/\/vhrc.fr\/?page_id=6957"},"modified":"2025-07-08T09:23:25","modified_gmt":"2025-07-08T08:23:25","slug":"autres-autos-14","status":"publish","type":"page","link":"https:\/\/vhrc.fr\/en\/voitures\/autres-autos-14\/","title":{"rendered":"other 1:4 brands"},"content":{"rendered":"<h1>quelques autres voitures au 1:4 de marques moins connues ou d&rsquo;amateurs.<\/h1>\n<h4><div class=\"pt-cv-wrapper\"><div class=\"pt-cv-view pt-cv-grid pt-cv-colsys\" id=\"pt-cv-view-dbbd644d4s\"><div data-id=\"pt-cv-page-1\" class=\"pt-cv-page\" data-cvc=\"2\"><div class=\"col-md-6 col-sm-6 col-xs-12 pt-cv-content-item pt-cv-1-col\" ><div class='pt-cv-ifield'><a href=\"https:\/\/vhrc.fr\/en\/voitures\/autres-autos-14\/alpine-a110-yankee\/\" class=\"_self pt-cv-href-thumbnail pt-cv-thumb-default\" target=\"_self\" ><img loading=\"lazy\" decoding=\"async\" width=\"400\" height=\"300\" src=\"https:\/\/vhrc.fr\/wp-content\/uploads\/2012\/07\/GEDC1057.jpg\" class=\"pt-cv-thumbnail\" alt=\"\" \/><\/a>\n<h4 class=\"pt-cv-title\"><a href=\"https:\/\/vhrc.fr\/en\/voitures\/autres-autos-14\/alpine-a110-yankee\/\" class=\"_self\" target=\"_self\" >Alpine A110 \/ Yankee<\/a><\/h4>\n<div class=\"pt-cv-content\">Petite histoire de\u00a0: L\u2019ALPINE A 110. Cr\u00e9\u00e9e en 1955 par un concessionnaire Renault : Mr Jean REDELE, fondateur D\u2019ALPINE. Tout ...<br \/><div class=\"pt-cv-rmwrap\"><a href=\"https:\/\/vhrc.fr\/en\/voitures\/autres-autos-14\/alpine-a110-yankee\/\" class=\"_self pt-cv-readmore btn btn-success\" target=\"_self\">Lire La Suite\u2026<\/a><\/div><\/div><\/div><\/div>\n<div class=\"col-md-6 col-sm-6 col-xs-12 pt-cv-content-item pt-cv-1-col\" ><div class='pt-cv-ifield'><a href=\"https:\/\/vhrc.fr\/en\/voitures\/autres-autos-14\/audi-concept-quattro\/\" class=\"_self pt-cv-href-thumbnail pt-cv-thumb-default\" target=\"_self\" ><img loading=\"lazy\" decoding=\"async\" width=\"400\" height=\"300\" src=\"https:\/\/vhrc.fr\/wp-content\/uploads\/2015\/12\/AUDI-Quattro-s1-concept-02-500x375.jpg\" class=\"pt-cv-thumbnail\" alt=\"\" srcset=\"https:\/\/vhrc.fr\/wp-content\/uploads\/2015\/12\/AUDI-Quattro-s1-concept-02-500x375.jpg 500w, https:\/\/vhrc.fr\/wp-content\/uploads\/2015\/12\/AUDI-Quattro-s1-concept-02.jpg 800w\" sizes=\"auto, (max-width: 400px) 100vw, 400px\" \/><\/a>\n<h4 class=\"pt-cv-title\"><a href=\"https:\/\/vhrc.fr\/en\/voitures\/autres-autos-14\/audi-concept-quattro\/\" class=\"_self\" target=\"_self\" >Audi concept quattro<\/a><\/h4>\n<div class=\"pt-cv-content\">Je viens vous pr\u00e9senter une auto \u00e0 l\u2019\u00e9chelle \u00bc: L' AUDI QUATTRO S1 . Pr\u00e9par\u00e9e pour 2016 ,afin de participer ...<br \/><div class=\"pt-cv-rmwrap\"><a href=\"https:\/\/vhrc.fr\/en\/voitures\/autres-autos-14\/audi-concept-quattro\/\" class=\"_self pt-cv-readmore btn btn-success\" target=\"_self\">Lire La Suite\u2026<\/a><\/div><\/div><\/div><\/div>\n<div class=\"col-md-6 col-sm-6 col-xs-12 pt-cv-content-item pt-cv-1-col\" ><div class='pt-cv-ifield'><a href=\"https:\/\/vhrc.fr\/en\/voitures\/autres-autos-14\/renault-4-cv\/\" class=\"_self pt-cv-href-thumbnail pt-cv-thumb-default\" target=\"_self\" ><img loading=\"lazy\" decoding=\"async\" width=\"400\" height=\"300\" src=\"https:\/\/vhrc.fr\/wp-content\/uploads\/2010\/09\/4CV-RENAULT.-015-500x375.jpg\" class=\"pt-cv-thumbnail\" alt=\"\" srcset=\"https:\/\/vhrc.fr\/wp-content\/uploads\/2010\/09\/4CV-RENAULT.-015-500x375.jpg 500w, https:\/\/vhrc.fr\/wp-content\/uploads\/2010\/09\/4CV-RENAULT.-015.jpg 640w\" sizes=\"auto, (max-width: 400px) 100vw, 400px\" \/><\/a>\n<h4 class=\"pt-cv-title\"><a href=\"https:\/\/vhrc.fr\/en\/voitures\/autres-autos-14\/renault-4-cv\/\" class=\"_self\" target=\"_self\" >Renault 4 cv<\/a><\/h4>\n<div class=\"pt-cv-content\">Histoire La 4cv RENAULT, de mon enfance. -Il y a 65 ans,une petite ronde vit le jour\u00a0: 4 cylindres,747 cm3,17cv,90 ...<br \/><div class=\"pt-cv-rmwrap\"><a href=\"https:\/\/vhrc.fr\/en\/voitures\/autres-autos-14\/renault-4-cv\/\" class=\"_self pt-cv-readmore btn btn-success\" target=\"_self\">Lire La Suite\u2026<\/a><\/div><\/div><\/div><\/div>\n<div class=\"col-md-6 col-sm-6 col-xs-12 pt-cv-content-item pt-cv-1-col\" ><div class='pt-cv-ifield'><a href=\"https:\/\/vhrc.fr\/en\/voitures\/autres-autos-14\/productions-artisanales\/\" class=\"_self pt-cv-href-thumbnail pt-cv-thumb-default\" target=\"_self\" ><img loading=\"lazy\" decoding=\"async\" width=\"400\" height=\"266\" src=\"https:\/\/vhrc.fr\/wp-content\/uploads\/2014\/03\/vasscars_stratos_03-500x333.jpg\" class=\"pt-cv-thumbnail\" alt=\"\" srcset=\"https:\/\/vhrc.fr\/wp-content\/uploads\/2014\/03\/vasscars_stratos_03-500x333.jpg 500w, https:\/\/vhrc.fr\/wp-content\/uploads\/2014\/03\/vasscars_stratos_03-800x532.jpg 800w, https:\/\/vhrc.fr\/wp-content\/uploads\/2014\/03\/vasscars_stratos_03.jpg 1024w\" sizes=\"auto, (max-width: 400px) 100vw, 400px\" \/><\/a>\n<h4 class=\"pt-cv-title\"><a href=\"https:\/\/vhrc.fr\/en\/voitures\/autres-autos-14\/productions-artisanales\/\" class=\"_self\" target=\"_self\" >voitures 1:4 artisanales<\/a><\/h4>\n<div class=\"pt-cv-content\">quelques artisans et leurs productions Fran\u00e7ois67 son dragster HemiCuda et une Cox RCbodyShop peinte et d\u00e9cor\u00e9e par ses soins Jari ...<br \/><div class=\"pt-cv-rmwrap\"><a href=\"https:\/\/vhrc.fr\/en\/voitures\/autres-autos-14\/productions-artisanales\/\" class=\"_self pt-cv-readmore btn btn-success\" target=\"_self\">Lire La Suite\u2026<\/a><\/div><\/div><\/div><\/div><\/div><\/div><\/div><\/h4>","protected":false},"excerpt":{"rendered":"<p>quelques autres voitures au 1:4 de marques moins connues ou d&rsquo;amateurs.<\/p>","protected":false},"author":5,"featured_media":4400,"parent":138,"menu_order":0,"comment_status":"closed","ping_status":"closed","template":"","meta":{"colormag_page_container_layout":"default_layout","colormag_page_sidebar_layout":"default_layout","footnotes":""},"class_list":["post-6957","page","type-page","status-publish","has-post-thumbnail","hentry"],"_links":{"self":[{"href":"https:\/\/vhrc.fr\/en\/wp-json\/wp\/v2\/pages\/6957","targetHints":{"allow":["GET"]}}],"collection":[{"href":"https:\/\/vhrc.fr\/en\/wp-json\/wp\/v2\/pages"}],"about":[{"href":"https:\/\/vhrc.fr\/en\/wp-json\/wp\/v2\/types\/page"}],"author":[{"embeddable":true,"href":"https:\/\/vhrc.fr\/en\/wp-json\/wp\/v2\/users\/5"}],"replies":[{"embeddable":true,"href":"https:\/\/vhrc.fr\/en\/wp-json\/wp\/v2\/comments?post=6957"}],"version-history":[{"count":6,"href":"https:\/\/vhrc.fr\/en\/wp-json\/wp\/v2\/pages\/6957\/revisions"}],"predecessor-version":[{"id":9371,"href":"https:\/\/vhrc.fr\/en\/wp-json\/wp\/v2\/pages\/6957\/revisions\/9371"}],"up":[{"embeddable":true,"href":"https:\/\/vhrc.fr\/en\/wp-json\/wp\/v2\/pages\/138"}],"wp:featuredmedia":[{"embeddable":true,"href":"https:\/\/vhrc.fr\/en\/wp-json\/wp\/v2\/media\/4400"}],"wp:attachment":[{"href":"https:\/\/vhrc.fr\/en\/wp-json\/wp\/v2\/media?parent=6957"}],"curies":[{"name":"wp","href":"https:\/\/api.w.org\/{rel}","templated":true}]}}