{"id":6961,"date":"2015-12-15T14:02:54","date_gmt":"2015-12-15T13:02:54","guid":{"rendered":"http:\/\/vhrc.fr\/?page_id=6961"},"modified":"2025-07-08T09:23:25","modified_gmt":"2025-07-08T08:23:25","slug":"audi-concept-quattro","status":"publish","type":"page","link":"https:\/\/vhrc.fr\/en\/voitures\/autres-autos-14\/audi-concept-quattro\/","title":{"rendered":"Audi concept quattro"},"content":{"rendered":"<p>Je viens vous pr\u00e9senter une auto \u00e0 l\u2019\u00e9chelle \u00bc: L&rsquo; AUDI QUATTRO S1 .<br \/>\nPr\u00e9par\u00e9e pour 2016 ,afin de participer aux manches du&rsquo; VHRC&rsquo; en cat\u00e9gorie \u00ab Libre \u00bb .<br \/>\n&#8211; Pourquoi avoir fait cette auto ? Par nostalgie.<br \/>\nDans les ann\u00e9es 1985,j&rsquo;ai pu voir et admirer et adorer sur les rallyes, cette auto l&rsquo;AUDI S1qui a marqu\u00e9 ma m\u00e9moire \u00e0 tout jamais.<\/p>\n<p>De part sa technologie m\u00e9canique avanc\u00e9e son look d&rsquo;enfer aux formes angulaires et le chant unique et envo\u00fbtant du moteur 5 cylindres .<br \/>\nEn 2014, Oh surprise !! j&rsquo;ai d\u00e9couvert chez le fabriquant \u00ab grafil \u00bb une carrosserie \u00bc se rapprochant de la fabuleuse &lsquo;AUDI S1&rsquo;, nous voil\u00e0 fin 2015,l&rsquo;auto est termin\u00e9e ,celle-ci est un proto \u00e0 base de pi\u00e8ces \u00ab Yankee \u00bb et autres ,voir le r\u00e9sultat ci joint photos.<\/p>\n<h3>Tout d&rsquo;abord petite d\u00e9marche historique de la fabuleuse \u00ab Audi  Quattro S1 \u00bb afin de se mettre dans le &lsquo;bain &lsquo;.<\/h3>\n<h3><img loading=\"lazy\" decoding=\"async\" class=\"alignnone size-medium wp-image-6924\" src=\"http:\/\/vhrc.fr\/wp-content\/uploads\/2015\/12\/AudiQuattroS1-64648-500x353.jpg\" alt=\"AudiQuattroS1 64648\" width=\"500\" height=\"353\" srcset=\"https:\/\/vhrc.fr\/wp-content\/uploads\/2015\/12\/AudiQuattroS1-64648-500x353.jpg 500w, https:\/\/vhrc.fr\/wp-content\/uploads\/2015\/12\/AudiQuattroS1-64648.jpg 800w\" sizes=\"auto, (max-width: 500px) 100vw, 500px\" \/><\/h3>\n<p>Le constructeur Allemand \u00ab AUDI \u00bb qui fait partie du groupe \u00ab Volkswagen \u00bb tr\u00e8s \u00e0 la mode en ce moment \u00e0 mis au point une &lsquo; AUDI&rsquo; Quattro pour courir en rallye \u00e0 partir de la base de &lsquo;L&rsquo;AUDI 80&rsquo;. Elle fut pr\u00e9sent\u00e9e au Salon de Gen\u00e8ve en Mars 1980 et cette version originale sera fabriqu\u00e9e et am\u00e9lior\u00e9e jusqu&rsquo;en 1991.<\/p>\n<p>AUDI opta pour les quatre roues motrices, (elle faisait la diff\u00e8rence en rallye sur les routes \u00e0 faible adh\u00e9rence) \u00e0 cette \u00e9poque,la concurrence \u00e9tait essentiellement des autos propulsions telle-que (Talbot Sumbeam , Cortina lotus , Renault 5 Turbo , Opel Ascona 400 voir des tractions Renault 5 Alpine ).<\/p>\n<p><img loading=\"lazy\" decoding=\"async\" class=\"alignnone size-medium wp-image-6925\" src=\"http:\/\/vhrc.fr\/wp-content\/uploads\/2015\/12\/AudiQuattroS1-68464884-500x353.jpg\" alt=\"AudiQuattroS1 68464884\" width=\"500\" height=\"353\" srcset=\"https:\/\/vhrc.fr\/wp-content\/uploads\/2015\/12\/AudiQuattroS1-68464884-500x353.jpg 500w, https:\/\/vhrc.fr\/wp-content\/uploads\/2015\/12\/AudiQuattroS1-68464884.jpg 630w\" sizes=\"auto, (max-width: 500px) 100vw, 500px\" \/><\/p>\n<p>La premi\u00e8re version \u00ab AUDI QUATTRO A1 \u00bbfut engag\u00e9 en groupe 4 ,voici quelques sp\u00e9cificit\u00e9s techniques :<\/p>\n<p>Suspensions AV et AR : Mac Pherson renforc\u00e9 .<br \/>\nMoteur : WR modifi\u00e9 , cylindr\u00e9e 2100cm3 ,10 soupapes ,5cylindres en ligne en port-\u00e0- faux \u00e0 l&rsquo;avant, Turbocompresseur KKK . Injection carburant: Pierburg.<br \/>\nBoite de vitesses : Manuelle \u00e0 5 rapports.<br \/>\nFreinage : Disques ventil\u00e9s \u00e9triers a 4 pistons. Poids 110kg . Puissance 360CV,,,,,,,,,,,,,<\/p>\n<p>Modifications ch\u00e2ssis :<\/p>\n<p>L&rsquo;Int\u00e9rieur vid\u00e9 de tous les \u00e9l\u00e9ments, re\u00e7oit un arceau soud\u00e9, des barres anti-rapprochement,des ailes gonfl\u00e9es en Kevlar ,capots et vitrages en polycarbonate.<\/p>\n<p>Puis en 1985 ,1986 : Sera fabriqu\u00e9e la &lsquo;Quattro sport E2 appel\u00e9e aussi S1&rsquo;.<br \/>\nCh\u00e2ssis: Monocoque en acier renforc\u00e8.<br \/>\nSuspension AV et AR : Mac Pherson avec barres anti-roulis.<br \/>\nMoteur : KW modifi\u00e9 , 5 cylindres de 2094 cm3.<br \/>\nBoite de vitesses a 6 rapports , Poids 960kg , Pneus Michelin.<\/p>\n<p>Les voies sont \u00e9largies, tous les radiateurs ,eau et huile et la batterie prendront place dans le coffre \u00e0 l\u2019arri\u00e8re.<\/p>\n<p>Un \u00e9norme travail sera r\u00e9alis\u00e9 sur l&rsquo;a\u00e9rodynamisme d\u2019o\u00f9 un important aileron a l&rsquo;AR ainsi qu&rsquo;un aspect impressionnant avec le profilage de la partie inf\u00e9rieure de la face avant qui se prolonge sur les extensions d&rsquo;ailes avant , afin de combattre le sous-virage et de plaquer l&rsquo;auto au sol , mais aussi d&rsquo;immenses entr\u00e9es d&rsquo;air dans les ailes arri\u00e8re afin de refroidir tous les radiateurs log\u00e9s dans le coffre.<\/p>\n<p>La puissance de la S1 est de 550CV en faisant la voiture la plus puissante engag\u00e9e en championnat du monde des rallyes.<\/p>\n<p><img loading=\"lazy\" decoding=\"async\" class=\"alignnone size-medium wp-image-6935\" src=\"http:\/\/vhrc.fr\/wp-content\/uploads\/2015\/12\/s1-1986_Audi_Quattro_S1_021_9188-500x334.jpg\" alt=\"s1 1986_Audi_Quattro_S1_021_9188\" width=\"500\" height=\"334\" srcset=\"https:\/\/vhrc.fr\/wp-content\/uploads\/2015\/12\/s1-1986_Audi_Quattro_S1_021_9188-500x334.jpg 500w, https:\/\/vhrc.fr\/wp-content\/uploads\/2015\/12\/s1-1986_Audi_Quattro_S1_021_9188-800x535.jpg 800w, https:\/\/vhrc.fr\/wp-content\/uploads\/2015\/12\/s1-1986_Audi_Quattro_S1_021_9188.jpg 1024w\" sizes=\"auto, (max-width: 500px) 100vw, 500px\" \/><\/p>\n<p>Voici les pilotes qui se sont illustr\u00e9s au volant de la marque AUDI Quattro.<\/p>\n<p>H.MIKKOLA , La Fran\u00e7aise M. MOUTON. S. BLOMQUIST . Et Walter R\u00f6hrl .<\/p>\n<p>Palmar\u00e8s :<br \/>\nDeux titres de champion du Monde des Rallyes Pilotes : en 1983 et 1984.<br \/>\nDeux titres de champion du Monde Constructeurs en 1982 et 1984.<\/p>\n<pre>Le mod\u00e8le pr\u00e9sent\u00e9 est fait en r\u00e9f\u00e9rence au concept car Audi \"quattro\" de 2012. Avec sa calandre \"unifi\u00e9e\" des audi depuis quelques ann\u00e9es.<\/pre>\n<p><img loading=\"lazy\" decoding=\"async\" class=\"alignnone size-medium wp-image-6931\" src=\"http:\/\/vhrc.fr\/wp-content\/uploads\/2015\/12\/audi_quattro_rally_car_concept_design_model_012-500x333.jpg\" alt=\"audi_quattro_rally_car_concept_design_model_012\" width=\"500\" height=\"333\" srcset=\"https:\/\/vhrc.fr\/wp-content\/uploads\/2015\/12\/audi_quattro_rally_car_concept_design_model_012-500x333.jpg 500w, https:\/\/vhrc.fr\/wp-content\/uploads\/2015\/12\/audi_quattro_rally_car_concept_design_model_012-800x533.jpg 800w, https:\/\/vhrc.fr\/wp-content\/uploads\/2015\/12\/audi_quattro_rally_car_concept_design_model_012.jpg 1024w\" sizes=\"auto, (max-width: 500px) 100vw, 500px\" \/><\/p>\n<h3>la version 2016<\/h3>\n<p>La partie m\u00e9canique,concernant ce \u00ab\u00a0Proto\u00a0\u00bb.<\/p>\n<h3><img loading=\"lazy\" decoding=\"async\" class=\"alignnone size-medium wp-image-6941\" src=\"http:\/\/vhrc.fr\/wp-content\/uploads\/2015\/12\/AUDI-Quattro-s1-concept-luc-chassis-01-500x375.jpg\" alt=\"AUDI Quattro s1 concept luc chassis 01\" width=\"500\" height=\"375\" srcset=\"https:\/\/vhrc.fr\/wp-content\/uploads\/2015\/12\/AUDI-Quattro-s1-concept-luc-chassis-01-500x375.jpg 500w, https:\/\/vhrc.fr\/wp-content\/uploads\/2015\/12\/AUDI-Quattro-s1-concept-luc-chassis-01-768x576.jpg 768w, https:\/\/vhrc.fr\/wp-content\/uploads\/2015\/12\/AUDI-Quattro-s1-concept-luc-chassis-01.jpg 800w\" sizes=\"auto, (max-width: 500px) 100vw, 500px\" \/><\/h3>\n<p>Le ch\u00e2ssis carbone est de bonne facture.<\/p>\n<p><img loading=\"lazy\" decoding=\"async\" class=\"alignnone size-medium wp-image-6942\" src=\"http:\/\/vhrc.fr\/wp-content\/uploads\/2015\/12\/AUDI-Quattro-s1-concept-luc-chassis-02-500x375.jpg\" alt=\"AUDI Quattro s1 concept luc chassis 02\" width=\"500\" height=\"375\" srcset=\"https:\/\/vhrc.fr\/wp-content\/uploads\/2015\/12\/AUDI-Quattro-s1-concept-luc-chassis-02-500x375.jpg 500w, https:\/\/vhrc.fr\/wp-content\/uploads\/2015\/12\/AUDI-Quattro-s1-concept-luc-chassis-02-768x576.jpg 768w, https:\/\/vhrc.fr\/wp-content\/uploads\/2015\/12\/AUDI-Quattro-s1-concept-luc-chassis-02.jpg 800w\" sizes=\"auto, (max-width: 500px) 100vw, 500px\" \/><\/p>\n<p><img loading=\"lazy\" decoding=\"async\" class=\"alignnone wp-image-6944\" src=\"http:\/\/vhrc.fr\/wp-content\/uploads\/2015\/12\/AUDI-Quattro-s1-concept-luc-chassis-04-500x375.jpg\" alt=\"AUDI Quattro s1 concept luc chassis 04\" width=\"313\" height=\"235\" srcset=\"https:\/\/vhrc.fr\/wp-content\/uploads\/2015\/12\/AUDI-Quattro-s1-concept-luc-chassis-04-500x375.jpg 500w, https:\/\/vhrc.fr\/wp-content\/uploads\/2015\/12\/AUDI-Quattro-s1-concept-luc-chassis-04-768x576.jpg 768w, https:\/\/vhrc.fr\/wp-content\/uploads\/2015\/12\/AUDI-Quattro-s1-concept-luc-chassis-04.jpg 800w\" sizes=\"auto, (max-width: 313px) 100vw, 313px\" \/><img loading=\"lazy\" decoding=\"async\" class=\"alignnone wp-image-6943\" src=\"http:\/\/vhrc.fr\/wp-content\/uploads\/2015\/12\/AUDI-Quattro-s1-concept-luc-chassis-03-500x375.jpg\" alt=\"AUDI Quattro s1 concept luc chassis 03\" width=\"313\" height=\"235\" srcset=\"https:\/\/vhrc.fr\/wp-content\/uploads\/2015\/12\/AUDI-Quattro-s1-concept-luc-chassis-03-500x375.jpg 500w, https:\/\/vhrc.fr\/wp-content\/uploads\/2015\/12\/AUDI-Quattro-s1-concept-luc-chassis-03-768x576.jpg 768w, https:\/\/vhrc.fr\/wp-content\/uploads\/2015\/12\/AUDI-Quattro-s1-concept-luc-chassis-03.jpg 800w\" sizes=\"auto, (max-width: 313px) 100vw, 313px\" \/><\/p>\n<p>la carrosserie:<\/p>\n<div id='gallery-1' class='gallery galleryid-6961 gallery-columns-3 gallery-size-colormag-featured-image'><figure class='gallery-item'>\n\t\t\t<div class='gallery-icon landscape'>\n\t\t\t\t<a href='https:\/\/vhrc.fr\/en\/audi-quattro-s1-concept-05\/'><img loading=\"lazy\" decoding=\"async\" width=\"593\" height=\"445\" src=\"https:\/\/vhrc.fr\/wp-content\/uploads\/2015\/12\/AUDI-Quattro-s1-concept-05.jpg\" class=\"attachment-colormag-featured-image size-colormag-featured-image\" alt=\"\" srcset=\"https:\/\/vhrc.fr\/wp-content\/uploads\/2015\/12\/AUDI-Quattro-s1-concept-05.jpg 800w, https:\/\/vhrc.fr\/wp-content\/uploads\/2015\/12\/AUDI-Quattro-s1-concept-05-500x375.jpg 500w\" sizes=\"auto, (max-width: 593px) 100vw, 593px\" \/><\/a>\n\t\t\t<\/div><\/figure><figure class='gallery-item'>\n\t\t\t<div class='gallery-icon landscape'>\n\t\t\t\t<a href='https:\/\/vhrc.fr\/en\/audi-quattro-s1-concept-04\/'><img loading=\"lazy\" decoding=\"async\" width=\"480\" height=\"360\" src=\"https:\/\/vhrc.fr\/wp-content\/uploads\/2015\/12\/AUDI-Quattro-s1-concept-04.jpg\" class=\"attachment-colormag-featured-image size-colormag-featured-image\" alt=\"\" \/><\/a>\n\t\t\t<\/div><\/figure><figure class='gallery-item'>\n\t\t\t<div class='gallery-icon landscape'>\n\t\t\t\t<a href='https:\/\/vhrc.fr\/en\/audi-quattro-s1-concept-03\/'><img loading=\"lazy\" decoding=\"async\" width=\"480\" height=\"360\" src=\"https:\/\/vhrc.fr\/wp-content\/uploads\/2015\/12\/AUDI-Quattro-s1-concept-03.jpg\" class=\"attachment-colormag-featured-image size-colormag-featured-image\" alt=\"\" \/><\/a>\n\t\t\t<\/div><\/figure><figure class='gallery-item'>\n\t\t\t<div class='gallery-icon landscape'>\n\t\t\t\t<a href='https:\/\/vhrc.fr\/en\/audi-quattro-s1-concept-02\/'><img loading=\"lazy\" decoding=\"async\" width=\"593\" height=\"445\" src=\"https:\/\/vhrc.fr\/wp-content\/uploads\/2015\/12\/AUDI-Quattro-s1-concept-02.jpg\" class=\"attachment-colormag-featured-image size-colormag-featured-image\" alt=\"\" srcset=\"https:\/\/vhrc.fr\/wp-content\/uploads\/2015\/12\/AUDI-Quattro-s1-concept-02.jpg 800w, https:\/\/vhrc.fr\/wp-content\/uploads\/2015\/12\/AUDI-Quattro-s1-concept-02-500x375.jpg 500w\" sizes=\"auto, (max-width: 593px) 100vw, 593px\" \/><\/a>\n\t\t\t<\/div><\/figure><figure class='gallery-item'>\n\t\t\t<div class='gallery-icon landscape'>\n\t\t\t\t<a href='https:\/\/vhrc.fr\/en\/audi-quattro-s1-concept-01\/'><img loading=\"lazy\" decoding=\"async\" width=\"480\" height=\"360\" src=\"https:\/\/vhrc.fr\/wp-content\/uploads\/2015\/12\/AUDI-Quattro-s1-concept-01.jpg\" class=\"attachment-colormag-featured-image size-colormag-featured-image\" alt=\"\" \/><\/a>\n\t\t\t<\/div><\/figure>\n\t\t<\/div>\n\n<p>ON peut aussi la traiter fa\u00e7on S1!<\/p>\n<p><img loading=\"lazy\" decoding=\"async\" class=\"alignnone size-medium wp-image-6932\" src=\"http:\/\/vhrc.fr\/wp-content\/uploads\/2015\/12\/grafil-5b-g-rcbodyshop-06-500x291.jpg\" alt=\"grafil-5b-g-rcbodyshop-06\" width=\"500\" height=\"291\" srcset=\"https:\/\/vhrc.fr\/wp-content\/uploads\/2015\/12\/grafil-5b-g-rcbodyshop-06-500x291.jpg 500w, https:\/\/vhrc.fr\/wp-content\/uploads\/2015\/12\/grafil-5b-g-rcbodyshop-06.jpg 573w\" sizes=\"auto, (max-width: 500px) 100vw, 500px\" \/><\/p>\n<p>Bonnes F\u00eates de fin d&rsquo;ann\u00e9e \u00e0 tous. Vive 2016&#8230;&#8230;&#8230;&#8230;&#8230;&#8230;..<\/p>","protected":false},"excerpt":{"rendered":"<p>Je viens vous pr\u00e9senter une auto \u00e0 l\u2019\u00e9chelle \u00bc: L&rsquo; AUDI QUATTRO S1 . Pr\u00e9par\u00e9e pour 2016 ,afin de participer<\/p>","protected":false},"author":5,"featured_media":6927,"parent":6957,"menu_order":0,"comment_status":"closed","ping_status":"closed","template":"","meta":{"colormag_page_container_layout":"default_layout","colormag_page_sidebar_layout":"default_layout","footnotes":""},"class_list":["post-6961","page","type-page","status-publish","has-post-thumbnail","hentry"],"_links":{"self":[{"href":"https:\/\/vhrc.fr\/en\/wp-json\/wp\/v2\/pages\/6961","targetHints":{"allow":["GET"]}}],"collection":[{"href":"https:\/\/vhrc.fr\/en\/wp-json\/wp\/v2\/pages"}],"about":[{"href":"https:\/\/vhrc.fr\/en\/wp-json\/wp\/v2\/types\/page"}],"author":[{"embeddable":true,"href":"https:\/\/vhrc.fr\/en\/wp-json\/wp\/v2\/users\/5"}],"replies":[{"embeddable":true,"href":"https:\/\/vhrc.fr\/en\/wp-json\/wp\/v2\/comments?post=6961"}],"version-history":[{"count":1,"href":"https:\/\/vhrc.fr\/en\/wp-json\/wp\/v2\/pages\/6961\/revisions"}],"predecessor-version":[{"id":6962,"href":"https:\/\/vhrc.fr\/en\/wp-json\/wp\/v2\/pages\/6961\/revisions\/6962"}],"up":[{"embeddable":true,"href":"https:\/\/vhrc.fr\/en\/wp-json\/wp\/v2\/pages\/6957"}],"wp:featuredmedia":[{"embeddable":true,"href":"https:\/\/vhrc.fr\/en\/wp-json\/wp\/v2\/media\/6927"}],"wp:attachment":[{"href":"https:\/\/vhrc.fr\/en\/wp-json\/wp\/v2\/media?parent=6961"}],"curies":[{"name":"wp","href":"https:\/\/api.w.org\/{rel}","templated":true}]}}