{"id":6998,"date":"2016-01-18T11:07:15","date_gmt":"2016-01-18T10:07:15","guid":{"rendered":"http:\/\/vhrc.fr\/?page_id=6998"},"modified":"2025-07-08T09:23:25","modified_gmt":"2025-07-08T08:23:25","slug":"savo-engineering","status":"publish","type":"page","link":"https:\/\/vhrc.fr\/en\/voitures\/savo-engineering\/","title":{"rendered":"Savo Engineering"},"content":{"rendered":"<h1>Savo Engineering<\/h1>\n<p>fabriquant italien de voitures radiocommand\u00e9es au 1:4<\/p>\n<figure id=\"attachment_6999\" aria-describedby=\"caption-attachment-6999\" style=\"width: 500px\" class=\"wp-caption alignnone\"><img loading=\"lazy\" decoding=\"async\" class=\"size-medium wp-image-6999\" src=\"http:\/\/vhrc.fr\/wp-content\/uploads\/2016\/01\/vhrc2016-IMG_3535-Savo-Engineering-official-Ferrari-RC-F1-car-500x375.jpg\" alt=\"Savo Engineering official Alain prost Ferrari R\/C F1 car 1\/4 scale\" width=\"500\" height=\"375\" srcset=\"https:\/\/vhrc.fr\/wp-content\/uploads\/2016\/01\/vhrc2016-IMG_3535-Savo-Engineering-official-Ferrari-RC-F1-car-500x375.jpg 500w, https:\/\/vhrc.fr\/wp-content\/uploads\/2016\/01\/vhrc2016-IMG_3535-Savo-Engineering-official-Ferrari-RC-F1-car-768x576.jpg 768w, https:\/\/vhrc.fr\/wp-content\/uploads\/2016\/01\/vhrc2016-IMG_3535-Savo-Engineering-official-Ferrari-RC-F1-car-800x600.jpg 800w, https:\/\/vhrc.fr\/wp-content\/uploads\/2016\/01\/vhrc2016-IMG_3535-Savo-Engineering-official-Ferrari-RC-F1-car.jpg 1600w\" sizes=\"auto, (max-width: 500px) 100vw, 500px\" \/><figcaption id=\"caption-attachment-6999\" class=\"wp-caption-text\">Savo Engineering official Alain prost Ferrari R\/C F1 car 1\/4 scale<\/figcaption><\/figure>\n<p>entreprise co fond\u00e9e par Sergio Agostino qui tenait un magasin de mod\u00e9lisme r\u00e9put\u00e9 \u00e0 Bologne.<\/p>\n<p>A produit une <strong>F1 Ferrrari<\/strong> (EFRA #4002 Ferrari F1 homol. 02\/11\/93)<br \/>\net une <strong>F40<\/strong> (EFRA #2007 Ferrari F40 homol. 06\/02\/93)<\/p>\n<figure id=\"attachment_7100\" aria-describedby=\"caption-attachment-7100\" style=\"width: 400px\" class=\"wp-caption alignnone\"><img loading=\"lazy\" decoding=\"async\" class=\"wp-image-7100 size-full\" src=\"http:\/\/vhrc.fr\/wp-content\/uploads\/2016\/01\/14_ferrari_f40_savo-vhrc.jpg\" alt=\"Ferrari F40 Savo 1:4 scale\" width=\"400\" height=\"300\" \/><figcaption id=\"caption-attachment-7100\" class=\"wp-caption-text\">Ferrari F40 Savo 1:4 scale<\/figcaption><\/figure>\n<h3>F40 Savo<\/h3>\n<p>Longueur 810mm<br \/>\nLargeur 525mm<br \/>\nEmpattement 590mm<br \/>\nRoues avant 140x60mm<br \/>\nRoues arri\u00e8re 150x90mm<br \/>\nPoids 11\/13kg<\/p>\n<p>\u00ab\u00a0Mr. Sergio Agostino (he died some years ago) one of the founders of SAVO and owner of a well known model shop in Bologna, Agomodel&#8230;.his wife\u00a0 is\/was managing the shop. Mr Agostino lost a lot of money with this F1 project, he told me the\u00a0 design was made by a graduated young engineer.\u00a0\u00bb(source <a href=\"http:\/\/www.quarterscalelegends.com\/bb\/viewtopic.php?f=18&amp;t=4651\">http:\/\/www.quarterscalelegends.com&#8230;<\/a>)<\/p>\n<figure id=\"attachment_7000\" aria-describedby=\"caption-attachment-7000\" style=\"width: 500px\" class=\"wp-caption alignnone\"><img loading=\"lazy\" decoding=\"async\" class=\"size-medium wp-image-7000\" src=\"http:\/\/vhrc.fr\/wp-content\/uploads\/2016\/01\/vhrc2016-correze-savo-frank-nl-01-500x375.jpg\" alt=\"ch\u00e2ssis GT Savo \u00e9chelle 1:4\" width=\"500\" height=\"375\" srcset=\"https:\/\/vhrc.fr\/wp-content\/uploads\/2016\/01\/vhrc2016-correze-savo-frank-nl-01-500x375.jpg 500w, https:\/\/vhrc.fr\/wp-content\/uploads\/2016\/01\/vhrc2016-correze-savo-frank-nl-01-768x576.jpg 768w, https:\/\/vhrc.fr\/wp-content\/uploads\/2016\/01\/vhrc2016-correze-savo-frank-nl-01-800x600.jpg 800w, https:\/\/vhrc.fr\/wp-content\/uploads\/2016\/01\/vhrc2016-correze-savo-frank-nl-01.jpg 1600w\" sizes=\"auto, (max-width: 500px) 100vw, 500px\" \/><figcaption id=\"caption-attachment-7000\" class=\"wp-caption-text\">ch\u00e2ssis GT Savo \u00e9chelle 1:4 SAVO MAx 914 corsa<\/figcaption><\/figure>","protected":false},"excerpt":{"rendered":"<p>Savo Engineering fabriquant italien de voitures radiocommand\u00e9es au 1:4 entreprise co fond\u00e9e par Sergio Agostino qui tenait un magasin de<\/p>","protected":false},"author":5,"featured_media":7003,"parent":138,"menu_order":0,"comment_status":"closed","ping_status":"closed","template":"","meta":{"colormag_page_container_layout":"default_layout","colormag_page_sidebar_layout":"default_layout","footnotes":""},"class_list":["post-6998","page","type-page","status-publish","has-post-thumbnail","hentry"],"_links":{"self":[{"href":"https:\/\/vhrc.fr\/en\/wp-json\/wp\/v2\/pages\/6998","targetHints":{"allow":["GET"]}}],"collection":[{"href":"https:\/\/vhrc.fr\/en\/wp-json\/wp\/v2\/pages"}],"about":[{"href":"https:\/\/vhrc.fr\/en\/wp-json\/wp\/v2\/types\/page"}],"author":[{"embeddable":true,"href":"https:\/\/vhrc.fr\/en\/wp-json\/wp\/v2\/users\/5"}],"replies":[{"embeddable":true,"href":"https:\/\/vhrc.fr\/en\/wp-json\/wp\/v2\/comments?post=6998"}],"version-history":[{"count":4,"href":"https:\/\/vhrc.fr\/en\/wp-json\/wp\/v2\/pages\/6998\/revisions"}],"predecessor-version":[{"id":7101,"href":"https:\/\/vhrc.fr\/en\/wp-json\/wp\/v2\/pages\/6998\/revisions\/7101"}],"up":[{"embeddable":true,"href":"https:\/\/vhrc.fr\/en\/wp-json\/wp\/v2\/pages\/138"}],"wp:featuredmedia":[{"embeddable":true,"href":"https:\/\/vhrc.fr\/en\/wp-json\/wp\/v2\/media\/7003"}],"wp:attachment":[{"href":"https:\/\/vhrc.fr\/en\/wp-json\/wp\/v2\/media?parent=6998"}],"curies":[{"name":"wp","href":"https:\/\/api.w.org\/{rel}","templated":true}]}}