{"id":7049,"date":"2016-04-01T15:44:00","date_gmt":"2016-04-01T14:44:00","guid":{"rendered":"http:\/\/vhrc.fr\/?page_id=7049"},"modified":"2025-07-08T09:23:25","modified_gmt":"2025-07-08T08:23:25","slug":"alpine-a110-yankee","status":"publish","type":"page","link":"https:\/\/vhrc.fr\/en\/voitures\/autres-autos-14\/alpine-a110-yankee\/","title":{"rendered":"Alpine A110 \/ Yankee"},"content":{"rendered":"<figure id=\"attachment_7037\" aria-describedby=\"caption-attachment-7037\" style=\"width: 480px\" class=\"wp-caption alignnone\"><img loading=\"lazy\" decoding=\"async\" class=\"wp-image-7037 size-full\" src=\"http:\/\/vhrc.fr\/wp-content\/uploads\/2012\/07\/GEDC1057.jpg\" alt=\"proto alpine sur ch\u00e2ssis Yankee\" width=\"480\" height=\"360\" \/><figcaption id=\"caption-attachment-7037\" class=\"wp-caption-text\">proto alpine sur ch\u00e2ssis Yankee<\/figcaption><\/figure>\n<h3>Petite histoire de\u00a0: L\u2019ALPINE A 110.<\/h3>\n<p>Cr\u00e9\u00e9e en 1955 par un concessionnaire Renault : Mr Jean REDELE, fondateur D\u2019ALPINE.<\/p>\n<p>Tout a d\u00e9marr\u00e8 avec un petit coup\u00e9 sous le nom\u00a0: D\u2019Alpine \u00ab\u00a0Mille-Milles\u00a0\u00bb qui reposait sur une base modeste de 4 CV Renault . Puis , vint la \u2018 A 108\u2019 qui reposait sur une base de \u2018 Dauphine Renault \u2018.<\/p>\n<p>A partir de 1962 ,d\u00e9couverte au salon de Paris d\u2019une petite \u00ab\u00a0Bombinette\u00a0\u00bb fabriqu\u00e9 dans l\u2019usine de DIEPPE ( en Seine Maritime) , le constructeur prendra la partie m\u00e9canique de la \u00ab\u00a0R8 Major\u00a0 Renault \u00bb. L\u2019Alpine A110 vit le jour , son appellation la \u00ab\u00a0Berlinette\u00a0\u00bb.<\/p>\n<p>L\u2019Alpine A110\u00a0: A construit sa renomm\u00e9e internationale gr\u00e2ce a la comp\u00e9tition, deviendra championne des Rallyes en 1971 et 1973.<\/p>\n<figure id=\"attachment_7039\" aria-describedby=\"caption-attachment-7039\" style=\"width: 480px\" class=\"wp-caption alignnone\"><img loading=\"lazy\" decoding=\"async\" class=\"size-full wp-image-7039\" src=\"http:\/\/vhrc.fr\/wp-content\/uploads\/2012\/07\/GEDC1059.jpg\" alt=\"alpine a110 1:4 yankee\" width=\"480\" height=\"360\" \/><figcaption id=\"caption-attachment-7039\" class=\"wp-caption-text\">alpine a110 1:4 yankee<\/figcaption><\/figure>\n<p>Pour \u00e9voquer la m\u00e9canique et la technique nous trouvons\u00a0:<\/p>\n<p>-Bloc moteur\u00a0: 4 cylindres en ligne ( Le bloc moteur(Cl\u00e9on fonte) Renault) selon mod\u00e8le le bloc ( cl\u00e9on sera en alu).<\/p>\n<p>-A l\u2019arri\u00e8re de l\u2019auto le moteur et en porte \u00e0 faux.<\/p>\n<p>-Les cylindr\u00e9es\u00a0: Huit moteurs diff\u00e9rents de 956 cm3 \u00e0 1065 cm3 ,puis le 1300 ,le 1600 et le 1800cm3.<\/p>\n<p>-Les puissances\u00a0: de 55ch (SAE) \u00e0 127ch (DIN) .<\/p>\n<p>-En rallye avec le \u00ab\u00a0Turbo\u00a0\u00bb .La puissance monte jusqu&rsquo;\u00e0 250ch.<\/p>\n<p>-Transmission\u00a0: Propulsion , boite de vitesses a 4 rapports et BV5 en option ,s\u00e9rie \u00ab\u00a0S\u00a0\u00bb.<\/p>\n<p>-Poids\u00a0: de 565 KG \u00e0 790KG selon mod\u00e8le.<\/p>\n<p>-Performance\u00a0: Vitesse Maxi de 170km\/h \u00e0 215 KM\/H.<\/p>\n<p>-Carrosserie\u00a0: Berlinette (Tour de France) coup\u00e9 2+2 et cabriolet\u00a0: en fibre de verre et polyester.<\/p>\n<p>-Ch\u00e2ssis\u00a0: Poutre en acier.<\/p>\n<p>-Carburateurs\u00a0: Deux doubles corps \u2019 WEBER \u2018 de diam\u00e8tre 45 sur la 1600S.<\/p>\n<p>Les voitures produites :<\/p>\n<p>Nom : A110 et mod\u00e8le. 956 cm3 &#8211; 1963 \u2013 1965.<\/p>\n<p>V.A. 1100cm3 &#8211; 1964- 1969.<\/p>\n<p>VB. 1100cm3 \u2013 1965- 1968. Gordini.<\/p>\n<p>VB. 1300 cm3 \u2013 1966- 1971.<\/p>\n<p>VA. 1300cm3 \u2013 1967-1971. Gordini.<\/p>\n<p>VA. 1600cm3- 1969-1971<\/p>\n<p>VA. 1600 S cm3- 1970-1971.<\/p>\n<p>VA. 1600 SC cm3- 1972-1975.<\/p>\n<p>VA. 1600 Si cm3- 1973-1975, Et le VH. 1800 SX cm3- 1976-1977.<\/p>\n<p>De 1962 \u00e0 1977 \u2013 La production D\u2019ALPINE a \u00e9t\u00e9 de 7176 Exemplaires.<\/p>\n<p>-Mais aussi ,des \u00ab \u00a0berlinettes \u00ab\u00a0 seront construites en Espagne jusqu\u2019en 1978.<\/p>\n<p>-Au Br\u00e9sil , Construction de \u00ab \u00a0Berlinettes\u00a0 \u00bb appel\u00e9 sous le nom \u2018D\u2019Interlagos\u2019.<\/p>\n<p>-En Bulgarie ,deux cent A110 construites sous l\u2019appellation \u00ab\u00a0 Bulgaralpine \u00a0\u00bb jusqu\u2019en 1970.<\/p>\n<p>-Au Mexique , Environ 500 \u00ab \u00a0Berlinettes \u00a0\u00bb seront construites jusqu\u2019en 1972.<\/p>\n<h3>La Course\u00a0:<\/h3>\n<p>A partir de la fin d\u2019ann\u00e9e 1960 et jusqu\u2019en 1970 , elle \u00e9cr\u00e8me tous les rallyes nationaux , remporte plusieurs championnats de France , puis des \u00e9preuves en Europe.<\/p>\n<p>Les A110 de course , d\u2019usine ou priv\u00e9es auront le meilleur pr\u00e9parateur du moment ( Marc MIGNOTET ) . Mettra au point , l\u2019injection a Guillotine et une culasse \u00e0 4 soupapes.<\/p>\n<p>En 1973 , le constructeur RENAULT prend les rennes de l\u2019usine ALPINE .<\/p>\n<p>Un nouveau Championnat du Monde des Rallyes pour constructeurs apparait.<\/p>\n<p>Renault , d\u00e9cide d\u2019y participer avec l\u2019A110 et monte une \u00e9quipe de pilotes\u00a0:<\/p>\n<p>Mrs \u00a0: J.Luc Therier , J.Claude Andruet , B.Darniche et J.Pierre Nicolas.<\/p>\n<p><strong>L\u2019A110 (1800 groupe IV) gagne six des treize courses inscrites au Championnat du Monde , faisant D\u2019ALPINE RENAULT \u2026.le premier\u00a0\u00bb Champion du Monde des Rallyes.\u00a0\u00bb<\/strong><\/p>\n<figure id=\"attachment_7052\" aria-describedby=\"caption-attachment-7052\" style=\"width: 800px\" class=\"wp-caption alignnone\"><img loading=\"lazy\" decoding=\"async\" class=\"size-large wp-image-7052\" src=\"http:\/\/vhrc.fr\/wp-content\/uploads\/2016\/03\/1024px-1971_Monte_Carlo_Rally_Renault_Alpine-800x600.jpg\" alt=\"Par John Greenaway from Cardiff, United Kingdom \u2014 Renault \/ Alpine, CC BY-SA 2.0, https:\/\/commons.wikimedia.org\/w\/index.php?curid=19378302\" width=\"800\" height=\"600\" srcset=\"https:\/\/vhrc.fr\/wp-content\/uploads\/2016\/03\/1024px-1971_Monte_Carlo_Rally_Renault_Alpine-800x600.jpg 800w, https:\/\/vhrc.fr\/wp-content\/uploads\/2016\/03\/1024px-1971_Monte_Carlo_Rally_Renault_Alpine-500x375.jpg 500w, https:\/\/vhrc.fr\/wp-content\/uploads\/2016\/03\/1024px-1971_Monte_Carlo_Rally_Renault_Alpine-768x576.jpg 768w, https:\/\/vhrc.fr\/wp-content\/uploads\/2016\/03\/1024px-1971_Monte_Carlo_Rally_Renault_Alpine.jpg 1024w\" sizes=\"auto, (max-width: 800px) 100vw, 800px\" \/><figcaption id=\"caption-attachment-7052\" class=\"wp-caption-text\">Par John Greenaway from Cardiff, United Kingdom \u2014 Renault \/ Alpine, CC BY-SA 2.0, https:\/\/commons.wikimedia.org\/w\/index.php?curid=19378302<\/figcaption><\/figure>\n<div id='gallery-1' class='gallery galleryid-7049 gallery-columns-3 gallery-size-colormag-featured-image'><figure class='gallery-item'>\n\t\t\t<div class='gallery-icon landscape'>\n\t\t\t\t<a href='https:\/\/vhrc.fr\/wp-content\/uploads\/2012\/07\/GEDC1058.jpg'><img loading=\"lazy\" decoding=\"async\" width=\"480\" height=\"360\" src=\"https:\/\/vhrc.fr\/wp-content\/uploads\/2012\/07\/GEDC1058.jpg\" class=\"attachment-colormag-featured-image size-colormag-featured-image\" alt=\"\" aria-describedby=\"gallery-1-7038\" \/><\/a>\n\t\t\t<\/div>\n\t\t\t\t<figcaption class='wp-caption-text gallery-caption' id='gallery-1-7038'>\n\t\t\t\talpine a110 1:4 yankee\n\t\t\t\t<\/figcaption><\/figure><figure class='gallery-item'>\n\t\t\t<div class='gallery-icon landscape'>\n\t\t\t\t<a href='https:\/\/vhrc.fr\/wp-content\/uploads\/2012\/07\/GEDC1056.jpg'><img loading=\"lazy\" decoding=\"async\" width=\"480\" height=\"360\" src=\"https:\/\/vhrc.fr\/wp-content\/uploads\/2012\/07\/GEDC1056.jpg\" class=\"attachment-colormag-featured-image size-colormag-featured-image\" alt=\"\" aria-describedby=\"gallery-1-7036\" \/><\/a>\n\t\t\t<\/div>\n\t\t\t\t<figcaption class='wp-caption-text gallery-caption' id='gallery-1-7036'>\n\t\t\t\talpine a110 1:4 yankee\n\t\t\t\t<\/figcaption><\/figure><figure class='gallery-item'>\n\t\t\t<div class='gallery-icon landscape'>\n\t\t\t\t<a href='https:\/\/vhrc.fr\/wp-content\/uploads\/2012\/07\/GEDC1059.jpg'><img loading=\"lazy\" decoding=\"async\" width=\"480\" height=\"360\" src=\"https:\/\/vhrc.fr\/wp-content\/uploads\/2012\/07\/GEDC1059.jpg\" class=\"attachment-colormag-featured-image size-colormag-featured-image\" alt=\"\" aria-describedby=\"gallery-1-7039\" \/><\/a>\n\t\t\t<\/div>\n\t\t\t\t<figcaption class='wp-caption-text gallery-caption' id='gallery-1-7039'>\n\t\t\t\talpine a110 1:4 yankee\n\t\t\t\t<\/figcaption><\/figure><figure class='gallery-item'>\n\t\t\t<div class='gallery-icon landscape'>\n\t\t\t\t<a href='https:\/\/vhrc.fr\/wp-content\/uploads\/2012\/07\/GEDC1054.jpg'><img loading=\"lazy\" decoding=\"async\" width=\"480\" height=\"360\" src=\"https:\/\/vhrc.fr\/wp-content\/uploads\/2012\/07\/GEDC1054.jpg\" class=\"attachment-colormag-featured-image size-colormag-featured-image\" alt=\"\" aria-describedby=\"gallery-1-7035\" \/><\/a>\n\t\t\t<\/div>\n\t\t\t\t<figcaption class='wp-caption-text gallery-caption' id='gallery-1-7035'>\n\t\t\t\talpine a110 1:4 yankee\n\t\t\t\t<\/figcaption><\/figure><figure class='gallery-item'>\n\t\t\t<div class='gallery-icon landscape'>\n\t\t\t\t<a href='https:\/\/vhrc.fr\/wp-content\/uploads\/2012\/07\/GEDC1053.jpg'><img loading=\"lazy\" decoding=\"async\" width=\"480\" height=\"360\" src=\"https:\/\/vhrc.fr\/wp-content\/uploads\/2012\/07\/GEDC1053.jpg\" class=\"attachment-colormag-featured-image size-colormag-featured-image\" alt=\"\" aria-describedby=\"gallery-1-7034\" \/><\/a>\n\t\t\t<\/div>\n\t\t\t\t<figcaption class='wp-caption-text gallery-caption' id='gallery-1-7034'>\n\t\t\t\talpine a110 1:4 yankee\n\t\t\t\t<\/figcaption><\/figure><figure class='gallery-item'>\n\t\t\t<div class='gallery-icon landscape'>\n\t\t\t\t<a href='https:\/\/vhrc.fr\/wp-content\/uploads\/2012\/07\/GEDC1052.jpg'><img loading=\"lazy\" decoding=\"async\" width=\"480\" height=\"360\" src=\"https:\/\/vhrc.fr\/wp-content\/uploads\/2012\/07\/GEDC1052.jpg\" class=\"attachment-colormag-featured-image size-colormag-featured-image\" alt=\"\" aria-describedby=\"gallery-1-7033\" \/><\/a>\n\t\t\t<\/div>\n\t\t\t\t<figcaption class='wp-caption-text gallery-caption' id='gallery-1-7033'>\n\t\t\t\talpine a110 1:4 yankee\n\t\t\t\t<\/figcaption><\/figure><figure class='gallery-item'>\n\t\t\t<div class='gallery-icon landscape'>\n\t\t\t\t<a href='https:\/\/vhrc.fr\/wp-content\/uploads\/2012\/07\/GEDC1051.jpg'><img loading=\"lazy\" decoding=\"async\" width=\"480\" height=\"360\" src=\"https:\/\/vhrc.fr\/wp-content\/uploads\/2012\/07\/GEDC1051.jpg\" class=\"attachment-colormag-featured-image size-colormag-featured-image\" alt=\"\" aria-describedby=\"gallery-1-7032\" \/><\/a>\n\t\t\t<\/div>\n\t\t\t\t<figcaption class='wp-caption-text gallery-caption' id='gallery-1-7032'>\n\t\t\t\talpine a110 1:4 yankee\n\t\t\t\t<\/figcaption><\/figure><figure class='gallery-item'>\n\t\t\t<div class='gallery-icon landscape'>\n\t\t\t\t<a href='https:\/\/vhrc.fr\/wp-content\/uploads\/2012\/07\/GEDC1050.jpg'><img loading=\"lazy\" decoding=\"async\" width=\"480\" height=\"360\" src=\"https:\/\/vhrc.fr\/wp-content\/uploads\/2012\/07\/GEDC1050.jpg\" class=\"attachment-colormag-featured-image size-colormag-featured-image\" alt=\"\" aria-describedby=\"gallery-1-7031\" \/><\/a>\n\t\t\t<\/div>\n\t\t\t\t<figcaption class='wp-caption-text gallery-caption' id='gallery-1-7031'>\n\t\t\t\talpine a110 1:4 yankee\n\t\t\t\t<\/figcaption><\/figure>\n\t\t<\/div>\n\n<p>&nbsp;<\/p>","protected":false},"excerpt":{"rendered":"<p>Petite histoire de\u00a0: L\u2019ALPINE A 110. Cr\u00e9\u00e9e en 1955 par un concessionnaire Renault : Mr Jean REDELE, fondateur D\u2019ALPINE. Tout<\/p>","protected":false},"author":5,"featured_media":7037,"parent":6957,"menu_order":0,"comment_status":"closed","ping_status":"closed","template":"","meta":{"colormag_page_container_layout":"default_layout","colormag_page_sidebar_layout":"default_layout","footnotes":""},"class_list":["post-7049","page","type-page","status-publish","has-post-thumbnail","hentry"],"_links":{"self":[{"href":"https:\/\/vhrc.fr\/en\/wp-json\/wp\/v2\/pages\/7049","targetHints":{"allow":["GET"]}}],"collection":[{"href":"https:\/\/vhrc.fr\/en\/wp-json\/wp\/v2\/pages"}],"about":[{"href":"https:\/\/vhrc.fr\/en\/wp-json\/wp\/v2\/types\/page"}],"author":[{"embeddable":true,"href":"https:\/\/vhrc.fr\/en\/wp-json\/wp\/v2\/users\/5"}],"replies":[{"embeddable":true,"href":"https:\/\/vhrc.fr\/en\/wp-json\/wp\/v2\/comments?post=7049"}],"version-history":[{"count":1,"href":"https:\/\/vhrc.fr\/en\/wp-json\/wp\/v2\/pages\/7049\/revisions"}],"predecessor-version":[{"id":7053,"href":"https:\/\/vhrc.fr\/en\/wp-json\/wp\/v2\/pages\/7049\/revisions\/7053"}],"up":[{"embeddable":true,"href":"https:\/\/vhrc.fr\/en\/wp-json\/wp\/v2\/pages\/6957"}],"wp:featuredmedia":[{"embeddable":true,"href":"https:\/\/vhrc.fr\/en\/wp-json\/wp\/v2\/media\/7037"}],"wp:attachment":[{"href":"https:\/\/vhrc.fr\/en\/wp-json\/wp\/v2\/media?parent=7049"}],"curies":[{"name":"wp","href":"https:\/\/api.w.org\/{rel}","templated":true}]}}