{"id":7065,"date":"2016-03-01T16:06:52","date_gmt":"2016-03-01T15:06:52","guid":{"rendered":"http:\/\/vhrc.fr\/?page_id=7065"},"modified":"2025-07-08T09:23:12","modified_gmt":"2025-07-08T08:23:12","slug":"2016-m02-beaumont","status":"publish","type":"page","link":"https:\/\/vhrc.fr\/en\/historique\/vhrc-lhistorique\/2016-vhrc\/2016-m02-beaumont\/","title":{"rendered":"2016 M02  Beaumont"},"content":{"rendered":"<h1>M2 VHRC 2016 Beaumont Monteux<\/h1>\n<p>Essais libres le samedi : temps couvert mais sec jusqu&rsquo;\u00e0 14h30-15h puis pluie &#8211; Nous avons roul\u00e9 avec une pluie fine, c&rsquo;\u00e9tait bien sympa de se tirer la bourre en glisse !! (Merci aux ramasseurs)<!--more--><br \/>\nDimanche : pluie d\u00e8s le matin, piste impraticable mais course maintenue par les Organisateurs ; refus de rouler dans ces conditions par respect du mat\u00e9riel et de s\u00e9curit\u00e9<\/p>\n<div id='gallery-1' class='gallery galleryid-7065 gallery-columns-2 gallery-size-colormag-featured-image'><figure class='gallery-item'>\n\t\t\t<div class='gallery-icon landscape'>\n\t\t\t\t<a href='https:\/\/vhrc.fr\/wp-content\/uploads\/2016\/05\/vhrc-2016-04-30-r\u00e9mi-04.jpg'><img loading=\"lazy\" decoding=\"async\" width=\"593\" height=\"445\" src=\"https:\/\/vhrc.fr\/wp-content\/uploads\/2016\/05\/vhrc-2016-04-30-r\u00e9mi-04.jpg\" class=\"attachment-colormag-featured-image size-colormag-featured-image\" alt=\"\" aria-describedby=\"gallery-1-7156\" srcset=\"https:\/\/vhrc.fr\/wp-content\/uploads\/2016\/05\/vhrc-2016-04-30-r\u00e9mi-04.jpg 1024w, https:\/\/vhrc.fr\/wp-content\/uploads\/2016\/05\/vhrc-2016-04-30-r\u00e9mi-04-500x375.jpg 500w, https:\/\/vhrc.fr\/wp-content\/uploads\/2016\/05\/vhrc-2016-04-30-r\u00e9mi-04-768x576.jpg 768w, https:\/\/vhrc.fr\/wp-content\/uploads\/2016\/05\/vhrc-2016-04-30-r\u00e9mi-04-800x600.jpg 800w\" sizes=\"auto, (max-width: 593px) 100vw, 593px\" \/><\/a>\n\t\t\t<\/div>\n\t\t\t\t<figcaption class='wp-caption-text gallery-caption' id='gallery-1-7156'>\n\t\t\t\tr5 turbo menoud 2016\n\t\t\t\t<\/figcaption><\/figure><figure class='gallery-item'>\n\t\t\t<div class='gallery-icon landscape'>\n\t\t\t\t<a href='https:\/\/vhrc.fr\/wp-content\/uploads\/2016\/05\/vhrc-2016-04-30-r\u00e9mi-03.jpg'><img loading=\"lazy\" decoding=\"async\" width=\"593\" height=\"445\" src=\"https:\/\/vhrc.fr\/wp-content\/uploads\/2016\/05\/vhrc-2016-04-30-r\u00e9mi-03.jpg\" class=\"attachment-colormag-featured-image size-colormag-featured-image\" alt=\"\" aria-describedby=\"gallery-1-7155\" srcset=\"https:\/\/vhrc.fr\/wp-content\/uploads\/2016\/05\/vhrc-2016-04-30-r\u00e9mi-03.jpg 1024w, https:\/\/vhrc.fr\/wp-content\/uploads\/2016\/05\/vhrc-2016-04-30-r\u00e9mi-03-500x375.jpg 500w, https:\/\/vhrc.fr\/wp-content\/uploads\/2016\/05\/vhrc-2016-04-30-r\u00e9mi-03-768x576.jpg 768w, https:\/\/vhrc.fr\/wp-content\/uploads\/2016\/05\/vhrc-2016-04-30-r\u00e9mi-03-800x600.jpg 800w\" sizes=\"auto, (max-width: 593px) 100vw, 593px\" \/><\/a>\n\t\t\t<\/div>\n\t\t\t\t<figcaption class='wp-caption-text gallery-caption' id='gallery-1-7155'>\n\t\t\t\tr5 turbo menoud 2016\n\t\t\t\t<\/figcaption><\/figure><figure class='gallery-item'>\n\t\t\t<div class='gallery-icon landscape'>\n\t\t\t\t<a href='https:\/\/vhrc.fr\/wp-content\/uploads\/2016\/05\/vhrc-2016-04-30-r\u00e9mi-02.jpg'><img loading=\"lazy\" decoding=\"async\" width=\"593\" height=\"445\" src=\"https:\/\/vhrc.fr\/wp-content\/uploads\/2016\/05\/vhrc-2016-04-30-r\u00e9mi-02.jpg\" class=\"attachment-colormag-featured-image size-colormag-featured-image\" alt=\"\" aria-describedby=\"gallery-1-7154\" srcset=\"https:\/\/vhrc.fr\/wp-content\/uploads\/2016\/05\/vhrc-2016-04-30-r\u00e9mi-02.jpg 1024w, https:\/\/vhrc.fr\/wp-content\/uploads\/2016\/05\/vhrc-2016-04-30-r\u00e9mi-02-500x375.jpg 500w, https:\/\/vhrc.fr\/wp-content\/uploads\/2016\/05\/vhrc-2016-04-30-r\u00e9mi-02-768x576.jpg 768w, https:\/\/vhrc.fr\/wp-content\/uploads\/2016\/05\/vhrc-2016-04-30-r\u00e9mi-02-800x600.jpg 800w\" sizes=\"auto, (max-width: 593px) 100vw, 593px\" \/><\/a>\n\t\t\t<\/div>\n\t\t\t\t<figcaption class='wp-caption-text gallery-caption' id='gallery-1-7154'>\n\t\t\t\tr5 turbo menoud 2016\n\t\t\t\t<\/figcaption><\/figure><figure class='gallery-item'>\n\t\t\t<div class='gallery-icon landscape'>\n\t\t\t\t<a href='https:\/\/vhrc.fr\/wp-content\/uploads\/2016\/05\/vhrc-2016-04-30-r\u00e9mi-01.jpg'><img loading=\"lazy\" decoding=\"async\" width=\"593\" height=\"445\" src=\"https:\/\/vhrc.fr\/wp-content\/uploads\/2016\/05\/vhrc-2016-04-30-r\u00e9mi-01.jpg\" class=\"attachment-colormag-featured-image size-colormag-featured-image\" alt=\"\" aria-describedby=\"gallery-1-7153\" srcset=\"https:\/\/vhrc.fr\/wp-content\/uploads\/2016\/05\/vhrc-2016-04-30-r\u00e9mi-01.jpg 1024w, https:\/\/vhrc.fr\/wp-content\/uploads\/2016\/05\/vhrc-2016-04-30-r\u00e9mi-01-500x375.jpg 500w, https:\/\/vhrc.fr\/wp-content\/uploads\/2016\/05\/vhrc-2016-04-30-r\u00e9mi-01-768x576.jpg 768w, https:\/\/vhrc.fr\/wp-content\/uploads\/2016\/05\/vhrc-2016-04-30-r\u00e9mi-01-800x600.jpg 800w\" sizes=\"auto, (max-width: 593px) 100vw, 593px\" \/><\/a>\n\t\t\t<\/div>\n\t\t\t\t<figcaption class='wp-caption-text gallery-caption' id='gallery-1-7153'>\n\t\t\t\tr5 turbo menoud 2016\n\t\t\t\t<\/figcaption><\/figure>\n\t\t<\/div>\n\n<p>Nous avons tous \u00e9t\u00e9 contents de se retrouver mais le bruit des moteurs et l&rsquo;odeur de l&rsquo;<span class=\"text_exposed_show\">essence nous a manqu\u00e9 !!<\/span><\/p>\n<p><iframe loading=\"lazy\" title=\"VHRC 2016 - Beaumont Monteux\" width=\"800\" height=\"450\" src=\"https:\/\/www.youtube.com\/embed\/0lvImLfYIjs?feature=oembed\" frameborder=\"0\" allow=\"accelerometer; autoplay; encrypted-media; gyroscope; picture-in-picture\" allowfullscreen><\/iframe><br \/>\nle nouveau rev\u00eatement de sol de Beaumont Monteux (vid\u00e9o de R\u00e9mi)<\/p>","protected":false},"excerpt":{"rendered":"<p>M2 VHRC 2016 Beaumont Monteux Essais libres le samedi : temps couvert mais sec jusqu&rsquo;\u00e0 14h30-15h puis pluie &#8211; Nous<\/p>","protected":false},"author":5,"featured_media":4882,"parent":6913,"menu_order":0,"comment_status":"closed","ping_status":"closed","template":"","meta":{"colormag_page_container_layout":"default_layout","colormag_page_sidebar_layout":"default_layout","footnotes":""},"class_list":["post-7065","page","type-page","status-publish","has-post-thumbnail","hentry"],"_links":{"self":[{"href":"https:\/\/vhrc.fr\/en\/wp-json\/wp\/v2\/pages\/7065","targetHints":{"allow":["GET"]}}],"collection":[{"href":"https:\/\/vhrc.fr\/en\/wp-json\/wp\/v2\/pages"}],"about":[{"href":"https:\/\/vhrc.fr\/en\/wp-json\/wp\/v2\/types\/page"}],"author":[{"embeddable":true,"href":"https:\/\/vhrc.fr\/en\/wp-json\/wp\/v2\/users\/5"}],"replies":[{"embeddable":true,"href":"https:\/\/vhrc.fr\/en\/wp-json\/wp\/v2\/comments?post=7065"}],"version-history":[{"count":4,"href":"https:\/\/vhrc.fr\/en\/wp-json\/wp\/v2\/pages\/7065\/revisions"}],"predecessor-version":[{"id":7160,"href":"https:\/\/vhrc.fr\/en\/wp-json\/wp\/v2\/pages\/7065\/revisions\/7160"}],"up":[{"embeddable":true,"href":"https:\/\/vhrc.fr\/en\/wp-json\/wp\/v2\/pages\/6913"}],"wp:featuredmedia":[{"embeddable":true,"href":"https:\/\/vhrc.fr\/en\/wp-json\/wp\/v2\/media\/4882"}],"wp:attachment":[{"href":"https:\/\/vhrc.fr\/en\/wp-json\/wp\/v2\/media?parent=7065"}],"curies":[{"name":"wp","href":"https:\/\/api.w.org\/{rel}","templated":true}]}}