{"id":7246,"date":"2016-03-01T08:50:56","date_gmt":"2016-03-01T07:50:56","guid":{"rendered":"http:\/\/vhrc.fr\/?page_id=7246"},"modified":"2025-07-08T09:23:12","modified_gmt":"2025-07-08T08:23:12","slug":"2016-m06-castelsarrasin","status":"publish","type":"page","link":"https:\/\/vhrc.fr\/en\/historique\/vhrc-lhistorique\/2016-vhrc\/2016-m06-castelsarrasin\/","title":{"rendered":"2016 M06 Castelsarrasin"},"content":{"rendered":"<h1>M6 \u2013 06 et 07 Ao\u00fbt \u2013 Castelsarrasin<\/h1>\n<p><img loading=\"lazy\" decoding=\"async\" class=\"alignnone wp-image-7250 size-full\" src=\"http:\/\/vhrc.fr\/wp-content\/uploads\/2016\/08\/gp-alliot-2_cr.jpg\" width=\"414\" height=\"134\" \/><\/p>\n<p><a href=\"https:\/\/www.facebook.com\/events\/602619863234239\">https:\/\/www.facebook.com\/events\/602619863234239<\/a>\/<\/p>\n<p>2e Grand Prix Bruno Alliot<\/p>\n<p>&nbsp;<\/p>\n<h1 class=\"western\" lang=\"\">GP Bruno ALLIOT &#8211; 6 et 7 Aout 2016 &#8211; Castelsarrasin MARCG<\/h1>\n<p lang=\"\"><b>8 pilotes 1\/4 <\/b><\/p>\n<p lang=\"\">3 pilotes en historique : Bruno C, Thierry G, et R\u00e9mi C<\/p>\n<p lang=\"\">5 pilotes en libre : Brice G, Gilles B, Axel B, Luc G, et Jean-Paul B<\/p>\n<h1 class=\"western\" lang=\"\">3 qualifications de 7 minutes<\/h1>\n<p lang=\"\">Brice : 17 tours en 7 min 14<\/p>\n<p lang=\"\">Jean-Paul : 16 tours en 7 min 08.95<\/p>\n<p lang=\"\">Luc G : 15 tours en 7 min 10<\/p>\n<p lang=\"\">Axel B : 16 tours en 7 min 08.51<\/p>\n<p lang=\"\">Gilles B : 15 tours en 7 min 16<\/p>\n<p lang=\"\">Thierry G : 15 tours en 7 min 33<\/p>\n<p lang=\"\">R\u00e9mi C : 17 tours en 7 min 20<\/p>\n<p lang=\"\">Bruno C : ne roulera pas \u00e0 cause d&rsquo;un probl\u00e8me moteur<\/p>\n<h3 class=\"western\" lang=\"\">Meilleurs temps :<\/h3>\n<p><span lang=\"\">Brice : <\/span><span lang=\"\"><b>24.92<\/b><\/span><\/p>\n<p><span lang=\"\">Jean-Paul : <\/span><span lang=\"\"><b>24.48<\/b><\/span><\/p>\n<p lang=\"\">Luc G : 26.96<\/p>\n<p lang=\"\">Axel B : 25.76<\/p>\n<p lang=\"\">Gilles B : 27.28<\/p>\n<p lang=\"\">Thierry G : 27.75<\/p>\n<p lang=\"\">R\u00e9mi C : 25.23<\/p>\n<h1 class=\"western\" lang=\"\">Classement :<\/h1>\n<p lang=\"\">Brice G, R\u00e9mi C, Axel B, Jean-Paul B, Luc G, Gilles B, et Thierry G.<\/p>\n<h1 class=\"western\" lang=\"\">2 finales de 15 minutes :<\/h1>\n<h3 class=\"western\" lang=\"\">Finale 1 :<\/h3>\n<p lang=\"\">Brice : prendra un bon d\u00e9part en prenant les virages a la corde afin de retenir les poursuivants ; perdra la premi\u00e8re place dans le second tour de la course, et verra Jean-Paul revenir sur lui ; Brice rencontre un probl\u00e8me moteur qui lui fait perdre du temps ; s&rsquo;arr\u00eatera \u00e0 plusieurs reprises afin de r\u00e9gler son moteur mais devra abandonner en fin de course ; finira 7\u00e8me avec 22 tours<\/p>\n<p lang=\"\">Jean-Paul : doublera Axel d\u00e8s le d\u00e9part et se retrouvera derri\u00e8re R\u00e9mi au premier virage ; doublera Brice et remontera R\u00e9mi afin de prendre la premi\u00e8re place ; fera une belle course en t\u00eate mais cassera une vis dans le support d&#8217;embrayage et une couronne de transmission ; abandonnera ; finira 6\u00e8me avec 23 tours<\/p>\n<p lang=\"\">Luc G : fera une course sur un rythme constant mais Luc n&rsquo;arrive pas \u00e0 trouver ses marques sur ce circuit ; finira \u00e0 une belle 4\u00e8me place<\/p>\n<p lang=\"\">Axel B : roulera fort d\u00e8s le d\u00e9but de la course ; se fera plaisir avec son spider tr\u00e8s bien r\u00e9gl\u00e9, avec un moteur qui s&rsquo;exprime pleinement sur la ligne droite ; finira 2\u00e8me avec 34 tours<\/p>\n<p lang=\"\">Gilles B : conservera sa position au d\u00e9part puis remontera dans le classement avec des temps tr\u00e8s r\u00e9guliers ; finira devant Luc avec une courte avance ; finira 3\u00e8me avec 32 tours<\/p>\n<p lang=\"\">Thierry G : rencontrera des soucis de chauffe sur son turnforce ; devra ralentir et enrouler afin de le laisser refroidir pour pourra de nouveau attaquer ; finira 5\u00e8me proche de Luc avec 31 tours<\/p>\n<p lang=\"\">R\u00e9mi C : prendra un bon d\u00e9part lui permettant de se rapprocher de la premi\u00e8re place ; attaquera fort afin de gagner une position et passera premier ; laissera en suite passer Jean-Paul, et reprendra la premi\u00e8re place suite a son abandon ; finira 1er avec 35 tours<\/p>\n<h3 class=\"western\" lang=\"\">Finale 2 :<\/h3>\n<p lang=\"\">Brice : ne roulera pas<\/p>\n<p lang=\"\">Jean-Paul : ne roulera pas<\/p>\n<p lang=\"\">Luc G : prendra un bon d\u00e9part et attaquera fort durant cette manche ; Luc a pris ses rep\u00e8res et se fait plaisir sur ce circuit avec un bon grip ; finira 2\u00e8me avec 33 tours<\/p>\n<p lang=\"\">Axel B : roulera fort et tentera de prendre la premi\u00e8re place en d\u00e9but de course ; restera second avec de l&rsquo;avance mais cassera en pleine ligne droite son support d&#8217;embrayage et sa cloche d&#8217;embrayage ; devra abandonner ; finira 5\u00e8me avec 3 tours<\/p>\n<p lang=\"\">Gilles B : roulera sur le m\u00eame rythme qu&rsquo;\u00e0 la premi\u00e8re manche ; aucun soucis de pneus, sa Porsche marche bien ; finira 3\u00e8me avec 32 tours<\/p>\n<p lang=\"\">Thierry G : s&rsquo;appliquera afin d&rsquo;amener sa belle Ferrari P4 jusqu&rsquo;\u00e0 la fin de la course ; sera sur le m\u00eame rythme qu&rsquo;\u00e0 la premi\u00e8re manche, avec beaucoup de fair-play pour les pilotes plus rapides<\/p>\n<p lang=\"\">R\u00e9mi C : gardera la t\u00eate de la course jusqu&rsquo;\u00e0 la fin ; rencontrera un probl\u00e8me de graining (comme en formule 1) le faisant sous-virer : les restants de gomme sur le goudron se collent sur les pneus avants en une couche de 2mm : le pneus est compl\u00e8tement recouvert ; finira 1er avec 35 tours<\/p>\n<h3 class=\"western\" lang=\"\">Meilleurs temps :<\/h3>\n<p lang=\"\">Brice : 26.39<\/p>\n<p><span lang=\"\">Jean-Paul : <\/span><span lang=\"\"><b>24.54<\/b><\/span><\/p>\n<p lang=\"\">Luc G : 26.59<\/p>\n<p lang=\"\">Axel B : 25.60<\/p>\n<p lang=\"\">Gilles B : 27.05<\/p>\n<p lang=\"\">Thierry G : 26.79<\/p>\n<p><span lang=\"\">R\u00e9mi C : <\/span><span lang=\"\"><b>24.92<\/b><\/span><\/p>\n<h1 class=\"western\" lang=\"\">Classement g\u00e9n\u00e9ral<\/h1>\n<p lang=\"\">R\u00e9mi C, Luc G, Gilles B, Thierry G, Axel B, Jean-Paul B, et Brice G.<\/p>\n<h1 class=\"western\" lang=\"\">Classement VHRC<\/h1>\n<p lang=\"\"><b>Historique : R\u00e9mi C<\/b><\/p>\n<p lang=\"\"><b>Libre : Luc G, Gilles B, Axel B, et Brice G<\/b><\/p>\n<p lang=\"\">Un grand merci au club, aux organisateurs et aux pilotes pr\u00e9sents pour ce bon week end de course !<\/p>\n<p lang=\"\">Vid\u00e9os en chargement :<\/p>\n<p><span lang=\"\">Qualification : <\/span><\/p>\n<p><iframe loading=\"lazy\" title=\"M6 VHRC 2016 - Castelsarrasin MARCG - GP ALLIOT - Qualifications 1, 2 et 3\" width=\"800\" height=\"450\" src=\"https:\/\/www.youtube.com\/embed\/pESGo1ZctQQ?feature=oembed\" frameborder=\"0\" allow=\"accelerometer; autoplay; encrypted-media; gyroscope; picture-in-picture\" allowfullscreen><\/iframe><\/p>\n<p><span lang=\"\">Finales : <\/span><\/p>\n<p><iframe loading=\"lazy\" title=\"M6 VHRC 2016 - Castelsarrasin MARCG - GP ALLIOT - Finales 1 et 2\" width=\"800\" height=\"450\" src=\"https:\/\/www.youtube.com\/embed\/hoqPYHe9taQ?feature=oembed\" frameborder=\"0\" allow=\"accelerometer; autoplay; encrypted-media; gyroscope; picture-in-picture\" allowfullscreen><\/iframe><\/p>\n<h1>Photos<\/h1>\n<p>&nbsp;<\/p>\n<div id='gallery-1' class='gallery galleryid-7246 gallery-columns-3 gallery-size-colormag-featured-image'><figure class='gallery-item'>\n\t\t\t<div class='gallery-icon landscape'>\n\t\t\t\t<a href='https:\/\/vhrc.fr\/wp-content\/uploads\/2016\/03\/vhrc-2016-m6-castel-01.jpg'><img loading=\"lazy\" decoding=\"async\" width=\"480\" height=\"360\" src=\"https:\/\/vhrc.fr\/wp-content\/uploads\/2016\/03\/vhrc-2016-m6-castel-01.jpg\" class=\"attachment-colormag-featured-image size-colormag-featured-image\" alt=\"\" aria-describedby=\"gallery-1-7798\" \/><\/a>\n\t\t\t<\/div>\n\t\t\t\t<figcaption class='wp-caption-text gallery-caption' id='gallery-1-7798'>\n\t\t\t\tgrande prix bruno alliot\n\t\t\t\t<\/figcaption><\/figure><figure class='gallery-item'>\n\t\t\t<div class='gallery-icon landscape'>\n\t\t\t\t<a href='https:\/\/vhrc.fr\/wp-content\/uploads\/2016\/03\/vhrc-2016-m6-castel-02.jpg'><img loading=\"lazy\" decoding=\"async\" width=\"480\" height=\"360\" src=\"https:\/\/vhrc.fr\/wp-content\/uploads\/2016\/03\/vhrc-2016-m6-castel-02.jpg\" class=\"attachment-colormag-featured-image size-colormag-featured-image\" alt=\"\" aria-describedby=\"gallery-1-7799\" \/><\/a>\n\t\t\t<\/div>\n\t\t\t\t<figcaption class='wp-caption-text gallery-caption' id='gallery-1-7799'>\n\t\t\t\tgrande prix bruno alliot\n\t\t\t\t<\/figcaption><\/figure><figure class='gallery-item'>\n\t\t\t<div class='gallery-icon landscape'>\n\t\t\t\t<a href='https:\/\/vhrc.fr\/wp-content\/uploads\/2016\/03\/vhrc-2016-m6-castel-03.jpg'><img loading=\"lazy\" decoding=\"async\" width=\"480\" height=\"360\" src=\"https:\/\/vhrc.fr\/wp-content\/uploads\/2016\/03\/vhrc-2016-m6-castel-03.jpg\" class=\"attachment-colormag-featured-image size-colormag-featured-image\" alt=\"\" aria-describedby=\"gallery-1-7800\" \/><\/a>\n\t\t\t<\/div>\n\t\t\t\t<figcaption class='wp-caption-text gallery-caption' id='gallery-1-7800'>\n\t\t\t\tventuri\n\t\t\t\t<\/figcaption><\/figure><figure class='gallery-item'>\n\t\t\t<div class='gallery-icon landscape'>\n\t\t\t\t<a href='https:\/\/vhrc.fr\/wp-content\/uploads\/2016\/03\/vhrc-2016-m6-castel-04.jpg'><img loading=\"lazy\" decoding=\"async\" width=\"480\" height=\"360\" src=\"https:\/\/vhrc.fr\/wp-content\/uploads\/2016\/03\/vhrc-2016-m6-castel-04.jpg\" class=\"attachment-colormag-featured-image size-colormag-featured-image\" alt=\"\" aria-describedby=\"gallery-1-7801\" \/><\/a>\n\t\t\t<\/div>\n\t\t\t\t<figcaption class='wp-caption-text gallery-caption' id='gallery-1-7801'>\n\t\t\t\tmercedes 190\n\t\t\t\t<\/figcaption><\/figure><figure class='gallery-item'>\n\t\t\t<div class='gallery-icon landscape'>\n\t\t\t\t<a href='https:\/\/vhrc.fr\/wp-content\/uploads\/2016\/03\/vhrc-2016-m6-castel-05.jpg'><img loading=\"lazy\" decoding=\"async\" width=\"480\" height=\"360\" src=\"https:\/\/vhrc.fr\/wp-content\/uploads\/2016\/03\/vhrc-2016-m6-castel-05.jpg\" class=\"attachment-colormag-featured-image size-colormag-featured-image\" alt=\"\" aria-describedby=\"gallery-1-7802\" \/><\/a>\n\t\t\t<\/div>\n\t\t\t\t<figcaption class='wp-caption-text gallery-caption' id='gallery-1-7802'>\n\t\t\t\tgrande prix bruno alliot\n\t\t\t\t<\/figcaption><\/figure><figure class='gallery-item'>\n\t\t\t<div class='gallery-icon landscape'>\n\t\t\t\t<a href='https:\/\/vhrc.fr\/wp-content\/uploads\/2016\/03\/vhrc-2016-m6-castel-06.jpg'><img loading=\"lazy\" decoding=\"async\" width=\"480\" height=\"360\" src=\"https:\/\/vhrc.fr\/wp-content\/uploads\/2016\/03\/vhrc-2016-m6-castel-06.jpg\" class=\"attachment-colormag-featured-image size-colormag-featured-image\" alt=\"\" aria-describedby=\"gallery-1-7803\" \/><\/a>\n\t\t\t<\/div>\n\t\t\t\t<figcaption class='wp-caption-text gallery-caption' id='gallery-1-7803'>\n\t\t\t\tferrari p4\n\t\t\t\t<\/figcaption><\/figure><figure class='gallery-item'>\n\t\t\t<div class='gallery-icon landscape'>\n\t\t\t\t<a href='https:\/\/vhrc.fr\/wp-content\/uploads\/2016\/03\/vhrc-2016-m6-castel-07.jpg'><img loading=\"lazy\" decoding=\"async\" width=\"480\" height=\"360\" src=\"https:\/\/vhrc.fr\/wp-content\/uploads\/2016\/03\/vhrc-2016-m6-castel-07.jpg\" class=\"attachment-colormag-featured-image size-colormag-featured-image\" alt=\"\" aria-describedby=\"gallery-1-7804\" \/><\/a>\n\t\t\t<\/div>\n\t\t\t\t<figcaption class='wp-caption-text gallery-caption' id='gallery-1-7804'>\n\t\t\t\tgrande prix bruno alliot\n\t\t\t\t<\/figcaption><\/figure><figure class='gallery-item'>\n\t\t\t<div class='gallery-icon landscape'>\n\t\t\t\t<a href='https:\/\/vhrc.fr\/wp-content\/uploads\/2016\/03\/vhrc-2016-m6-castel-08.jpg'><img loading=\"lazy\" decoding=\"async\" width=\"480\" height=\"360\" src=\"https:\/\/vhrc.fr\/wp-content\/uploads\/2016\/03\/vhrc-2016-m6-castel-08.jpg\" class=\"attachment-colormag-featured-image size-colormag-featured-image\" alt=\"\" aria-describedby=\"gallery-1-7805\" \/><\/a>\n\t\t\t<\/div>\n\t\t\t\t<figcaption class='wp-caption-text gallery-caption' id='gallery-1-7805'>\n\t\t\t\tgrande prix bruno alliot\n\t\t\t\t<\/figcaption><\/figure><figure class='gallery-item'>\n\t\t\t<div class='gallery-icon landscape'>\n\t\t\t\t<a href='https:\/\/vhrc.fr\/wp-content\/uploads\/2016\/03\/vhrc-2016-m6-castel-09.jpg'><img loading=\"lazy\" decoding=\"async\" width=\"480\" height=\"360\" src=\"https:\/\/vhrc.fr\/wp-content\/uploads\/2016\/03\/vhrc-2016-m6-castel-09.jpg\" class=\"attachment-colormag-featured-image size-colormag-featured-image\" alt=\"\" aria-describedby=\"gallery-1-7806\" \/><\/a>\n\t\t\t<\/div>\n\t\t\t\t<figcaption class='wp-caption-text gallery-caption' id='gallery-1-7806'>\n\t\t\t\tgrande prix bruno alliot\n\t\t\t\t<\/figcaption><\/figure><figure class='gallery-item'>\n\t\t\t<div class='gallery-icon landscape'>\n\t\t\t\t<a href='https:\/\/vhrc.fr\/wp-content\/uploads\/2016\/03\/vhrc-2016-m6-castel-10.jpg'><img loading=\"lazy\" decoding=\"async\" width=\"480\" height=\"360\" src=\"https:\/\/vhrc.fr\/wp-content\/uploads\/2016\/03\/vhrc-2016-m6-castel-10.jpg\" class=\"attachment-colormag-featured-image size-colormag-featured-image\" alt=\"\" aria-describedby=\"gallery-1-7807\" \/><\/a>\n\t\t\t<\/div>\n\t\t\t\t<figcaption class='wp-caption-text gallery-caption' id='gallery-1-7807'>\n\t\t\t\tbrice r21\n\t\t\t\t<\/figcaption><\/figure><figure class='gallery-item'>\n\t\t\t<div class='gallery-icon landscape'>\n\t\t\t\t<a href='https:\/\/vhrc.fr\/wp-content\/uploads\/2016\/03\/vhrc-2016-m6-castel-11.jpg'><img loading=\"lazy\" decoding=\"async\" width=\"480\" height=\"360\" src=\"https:\/\/vhrc.fr\/wp-content\/uploads\/2016\/03\/vhrc-2016-m6-castel-11.jpg\" class=\"attachment-colormag-featured-image size-colormag-featured-image\" alt=\"\" aria-describedby=\"gallery-1-7808\" \/><\/a>\n\t\t\t<\/div>\n\t\t\t\t<figcaption class='wp-caption-text gallery-caption' id='gallery-1-7808'>\n\t\t\t\tgrande prix bruno alliot\n\t\t\t\t<\/figcaption><\/figure><figure class='gallery-item'>\n\t\t\t<div class='gallery-icon landscape'>\n\t\t\t\t<a href='https:\/\/vhrc.fr\/wp-content\/uploads\/2016\/03\/vhrc-2016-m6-castel-12.jpg'><img loading=\"lazy\" decoding=\"async\" width=\"480\" height=\"360\" src=\"https:\/\/vhrc.fr\/wp-content\/uploads\/2016\/03\/vhrc-2016-m6-castel-12.jpg\" class=\"attachment-colormag-featured-image size-colormag-featured-image\" alt=\"\" aria-describedby=\"gallery-1-7809\" \/><\/a>\n\t\t\t<\/div>\n\t\t\t\t<figcaption class='wp-caption-text gallery-caption' id='gallery-1-7809'>\n\t\t\t\tbrice r21\n\t\t\t\t<\/figcaption><\/figure><figure class='gallery-item'>\n\t\t\t<div class='gallery-icon landscape'>\n\t\t\t\t<a href='https:\/\/vhrc.fr\/wp-content\/uploads\/2016\/03\/vhrc-2016-m6-castel-13.jpg'><img loading=\"lazy\" decoding=\"async\" width=\"480\" height=\"360\" src=\"https:\/\/vhrc.fr\/wp-content\/uploads\/2016\/03\/vhrc-2016-m6-castel-13.jpg\" class=\"attachment-colormag-featured-image size-colormag-featured-image\" alt=\"\" aria-describedby=\"gallery-1-7810\" \/><\/a>\n\t\t\t<\/div>\n\t\t\t\t<figcaption class='wp-caption-text gallery-caption' id='gallery-1-7810'>\n\t\t\t\tgrande prix bruno alliot\n\t\t\t\t<\/figcaption><\/figure><figure class='gallery-item'>\n\t\t\t<div class='gallery-icon landscape'>\n\t\t\t\t<a href='https:\/\/vhrc.fr\/wp-content\/uploads\/2016\/03\/vhrc-2016-m6-castel-14.jpg'><img loading=\"lazy\" decoding=\"async\" width=\"480\" height=\"360\" src=\"https:\/\/vhrc.fr\/wp-content\/uploads\/2016\/03\/vhrc-2016-m6-castel-14.jpg\" class=\"attachment-colormag-featured-image size-colormag-featured-image\" alt=\"\" aria-describedby=\"gallery-1-7811\" \/><\/a>\n\t\t\t<\/div>\n\t\t\t\t<figcaption class='wp-caption-text gallery-caption' id='gallery-1-7811'>\n\t\t\t\tcoupes\n\t\t\t\t<\/figcaption><\/figure><figure class='gallery-item'>\n\t\t\t<div class='gallery-icon landscape'>\n\t\t\t\t<a href='https:\/\/vhrc.fr\/wp-content\/uploads\/2016\/03\/vhrc-2016-m6-castel-15.jpg'><img loading=\"lazy\" decoding=\"async\" width=\"480\" height=\"360\" src=\"https:\/\/vhrc.fr\/wp-content\/uploads\/2016\/03\/vhrc-2016-m6-castel-15.jpg\" class=\"attachment-colormag-featured-image size-colormag-featured-image\" alt=\"\" aria-describedby=\"gallery-1-7812\" \/><\/a>\n\t\t\t<\/div>\n\t\t\t\t<figcaption class='wp-caption-text gallery-caption' id='gallery-1-7812'>\n\t\t\t\tgrande prix bruno alliot\n\t\t\t\t<\/figcaption><\/figure><figure class='gallery-item'>\n\t\t\t<div class='gallery-icon landscape'>\n\t\t\t\t<a href='https:\/\/vhrc.fr\/wp-content\/uploads\/2016\/03\/vhrc-2016-m6-castel-16.jpg'><img loading=\"lazy\" decoding=\"async\" width=\"480\" height=\"360\" src=\"https:\/\/vhrc.fr\/wp-content\/uploads\/2016\/03\/vhrc-2016-m6-castel-16.jpg\" class=\"attachment-colormag-featured-image size-colormag-featured-image\" alt=\"\" aria-describedby=\"gallery-1-7813\" \/><\/a>\n\t\t\t<\/div>\n\t\t\t\t<figcaption class='wp-caption-text gallery-caption' id='gallery-1-7813'>\n\t\t\t\tpneus\n\t\t\t\t<\/figcaption><\/figure><figure class='gallery-item'>\n\t\t\t<div class='gallery-icon landscape'>\n\t\t\t\t<a href='https:\/\/vhrc.fr\/wp-content\/uploads\/2016\/03\/vhrc-2016-m6-castel-17.jpg'><img loading=\"lazy\" decoding=\"async\" width=\"480\" height=\"360\" src=\"https:\/\/vhrc.fr\/wp-content\/uploads\/2016\/03\/vhrc-2016-m6-castel-17.jpg\" class=\"attachment-colormag-featured-image size-colormag-featured-image\" alt=\"\" aria-describedby=\"gallery-1-7814\" \/><\/a>\n\t\t\t<\/div>\n\t\t\t\t<figcaption class='wp-caption-text gallery-caption' id='gallery-1-7814'>\n\t\t\t\tgrande prix bruno alliot\n\t\t\t\t<\/figcaption><\/figure><figure class='gallery-item'>\n\t\t\t<div class='gallery-icon landscape'>\n\t\t\t\t<a href='https:\/\/vhrc.fr\/wp-content\/uploads\/2016\/03\/vhrc-2016-m6-castel-19.jpg'><img loading=\"lazy\" decoding=\"async\" width=\"480\" height=\"360\" src=\"https:\/\/vhrc.fr\/wp-content\/uploads\/2016\/03\/vhrc-2016-m6-castel-19.jpg\" class=\"attachment-colormag-featured-image size-colormag-featured-image\" alt=\"\" aria-describedby=\"gallery-1-7816\" \/><\/a>\n\t\t\t<\/div>\n\t\t\t\t<figcaption class='wp-caption-text gallery-caption' id='gallery-1-7816'>\n\t\t\t\tgrande prix bruno alliot\n\t\t\t\t<\/figcaption><\/figure>\n\t\t<\/div>\n\n<p lang=\"\">R\u00e9mi C<\/p>","protected":false},"excerpt":{"rendered":"<p>M6 \u2013 06 et 07 Ao\u00fbt \u2013 Castelsarrasin https:\/\/www.facebook.com\/events\/602619863234239\/ 2e Grand Prix Bruno Alliot &nbsp; GP Bruno ALLIOT &#8211; 6<\/p>","protected":false},"author":5,"featured_media":7250,"parent":6913,"menu_order":0,"comment_status":"closed","ping_status":"closed","template":"","meta":{"colormag_page_container_layout":"default_layout","colormag_page_sidebar_layout":"default_layout","footnotes":""},"class_list":["post-7246","page","type-page","status-publish","has-post-thumbnail","hentry"],"_links":{"self":[{"href":"https:\/\/vhrc.fr\/en\/wp-json\/wp\/v2\/pages\/7246","targetHints":{"allow":["GET"]}}],"collection":[{"href":"https:\/\/vhrc.fr\/en\/wp-json\/wp\/v2\/pages"}],"about":[{"href":"https:\/\/vhrc.fr\/en\/wp-json\/wp\/v2\/types\/page"}],"author":[{"embeddable":true,"href":"https:\/\/vhrc.fr\/en\/wp-json\/wp\/v2\/users\/5"}],"replies":[{"embeddable":true,"href":"https:\/\/vhrc.fr\/en\/wp-json\/wp\/v2\/comments?post=7246"}],"version-history":[{"count":7,"href":"https:\/\/vhrc.fr\/en\/wp-json\/wp\/v2\/pages\/7246\/revisions"}],"predecessor-version":[{"id":7817,"href":"https:\/\/vhrc.fr\/en\/wp-json\/wp\/v2\/pages\/7246\/revisions\/7817"}],"up":[{"embeddable":true,"href":"https:\/\/vhrc.fr\/en\/wp-json\/wp\/v2\/pages\/6913"}],"wp:featuredmedia":[{"embeddable":true,"href":"https:\/\/vhrc.fr\/en\/wp-json\/wp\/v2\/media\/7250"}],"wp:attachment":[{"href":"https:\/\/vhrc.fr\/en\/wp-json\/wp\/v2\/media?parent=7246"}],"curies":[{"name":"wp","href":"https:\/\/api.w.org\/{rel}","templated":true}]}}