{"id":7256,"date":"2016-03-01T09:26:46","date_gmt":"2016-03-01T08:26:46","guid":{"rendered":"http:\/\/vhrc.fr\/?page_id=7256"},"modified":"2025-07-08T09:23:12","modified_gmt":"2025-07-08T08:23:12","slug":"2016-m05-orange","status":"publish","type":"page","link":"https:\/\/vhrc.fr\/en\/historique\/vhrc-lhistorique\/2016-vhrc\/2016-m05-orange\/","title":{"rendered":"2016 M05 Orange"},"content":{"rendered":"<h1>10 Juillet 2016 PMO<\/h1>\n<figure id=\"attachment_7257\" aria-describedby=\"caption-attachment-7257\" style=\"width: 480px\" class=\"wp-caption alignnone\"><img loading=\"lazy\" decoding=\"async\" class=\"size-full wp-image-7257\" src=\"http:\/\/vhrc.fr\/wp-content\/uploads\/2016\/08\/vhrc2016m05pmo-01.jpg\" alt=\"vhrc 2016 m05 orange PMO\" width=\"480\" height=\"360\" \/><figcaption id=\"caption-attachment-7257\" class=\"wp-caption-text\">vhrc 2016 m05 orange PMO<\/figcaption><\/figure>\n<p>manche de remplacement de celle de Montpellier annul\u00e9e en raison du mondial de foot.<\/p>\n<p>Le 10 Juillet 2016, nous voil\u00e0 \u00e0 nouveau sur le circuit \u00a0D\u2019Orange ,<\/p>\n<p>Cette manche \u00a05 , \u00a0vient remplacer la manche annul\u00e9e de Montpellier .<\/p>\n<p>Sous un beau soleil levant \u00e0 6h30 la journ\u00e9e de course s&rsquo;annonce tr\u00e8s chaude\u00a0! Sept pilotes enregistr\u00e9s \u00a0regroup\u00e9s en une seule cat\u00e9gorie, mais ! \u00a0 Val\u00e9rie Descours (Mini Cooper) sera absente.<\/p>\n<p>Au menu:\u00a0 Le timing trois qualifs de 5&prime; et deux finales de 15&prime; l\u2019apr\u00e8s midi.<\/p>\n<p>Dans les stands ,nous nous retrouvons sous les tentes am\u00e9nag\u00e9es ,la canicule s&rsquo;annonce et la journ\u00e9e sera tr\u00e9s chaude ,dans l&rsquo;air comme sur le circuit ,l&rsquo;ambiance est au RDV avec le plaisir de rouler.<\/p>\n<h2>Les\u00a0 qualifs<\/h2>\n<p>-Laurent Grau (Porsche 4&#215;4 ) fera deux qualifs aura la p\u00f4le et perdra une roue dans la 3\u00e9.<\/p>\n<p>-Luc Giardini ,fera trois qualifs \u00a0\u00e0 l&rsquo;attaque pour aller chercher la p\u00f4le avec\u00a0 la COX R,<\/p>\n<p>-Daniel B\u00e9gou (&lsquo;FORD GT 40) aura des probl\u00e8mes d&rsquo;\u00e9chappement,fera le 3\u00e9 temps.<\/p>\n<p>-Franck Poulet (Spider 905) explosera un pneu arri\u00e8re cassera a nouveau un amortisseur\u00a0 arri\u00e8re ,apr\u00e8s quelque r\u00e9glages moteur de bons chronos\u00a0 seront r\u00e9alis\u00e9s.<\/p>\n<figure id=\"attachment_7265\" aria-describedby=\"caption-attachment-7265\" style=\"width: 480px\" class=\"wp-caption alignnone\"><img loading=\"lazy\" decoding=\"async\" class=\"size-full wp-image-7265\" src=\"http:\/\/vhrc.fr\/wp-content\/uploads\/2016\/08\/vhrc2016m05pmo-09.jpg\" alt=\"vhrc 2016 m05 orange PMO\" width=\"480\" height=\"360\" \/><figcaption id=\"caption-attachment-7265\" class=\"wp-caption-text\">vhrc 2016 m05 orange PMO<\/figcaption><\/figure>\n<p>-Olivier LEBON (porsche 930) en gal\u00e8re avec les montes de pneus &lsquo; les mousse \u00e9clateront&rsquo; les gommes se d\u00e9chireront ,il est temps que nous trouvions une solution pneus , en HISTORIQUE,<\/p>\n<p>Pour cl\u00f4turer\u00a0 le tout\u00a0 \u00a0il perdra un clips de transmission pignon secondaire.<\/p>\n<p>-Caroline Iacopino, avait sorti la caisse \u00e0 outils ,et avec beaucoup de courage de t\u00e9nacit\u00e9 et d&rsquo;acharnement, changera un carbu\u00a0 , un ressort\u00a0 (rouge)\u00a0 d&#8217;embrayage, et une vis de fus\u00e9e ,qui a d\u00e9cid\u00e9 de prendre l&rsquo;air.<\/p>\n<p>Ap\u00e9ro offert par le club, apr\u00e8s un repas pris en commun ,les boissons sont au rendez-vous.<\/p>\n<h2>14h\u00a0; D\u00e9part de la 1\u00e9re finale\/ La grille\u00a0:<\/h2>\n<p>Laurent\u00a0 ,luc ,Daniel ,Franck ,Olivier ,Caroline\u00a0. Le comptage annonce ,un tour de chauffe\u00a0:<\/p>\n<p>Original ,vous ne trouvez pas\u00a0?<\/p>\n<p>Laurent parti en t\u00eate \u00a0\u00a0la\u00a0 conservera ,luc sera talonn\u00e9 par daniel et franck,mais se d\u00e9tachera et finira 2\u00a0;<\/p>\n<p>Franck a fait une monte pneus ,mousse ar et gomme avant sur le spider.<\/p>\n<p>Daniel et franck feront pendant quelque tours \u00e0 toi \u00e0 moi,\u00a0 daniel\u00a0 \u00a0fera 3 \u00a0et\u00a0 \u00a0franck \u00a04.<\/p>\n<p>Olivier se battra avec sa porsche ,en glisse terminera assez loin et caroline terminera avec qq ailes froiss\u00e9es.<\/p>\n<h2>15h30.D\u00e9part 2\u00e9 Finale\u00a0;<\/h2>\n<p>Laurent partira devant et sera intouchable&#8230;&#8230;&#8230;&#8230;Luc sera rattrap\u00e9 par daniel et plusieurs tours de rudes batailles mano \u00e0 \u00a0mano et pleint pot, que du plaisir ,les pneus de daniel\u00a0\u00bb F2\u00a0\u00bb chaufferont plus il \u00a0sera oblig\u00e9 de lever le pied, luc \u00ab pneus\u00a0F3\u00a0\u00bbterminera \u00a0\u00a02\u00e9 et daniel 3\u00e9 finira loin devant franck ,qui d&rsquo;ailleurs fera une faute de pilotage et viendra s&rsquo;encastrer en bout de ligne droite dans les barri\u00e8res d\u00e9capitera la t\u00eate du pilote,\u00a0 mais repartira aussit\u00f4t et \u00a0terminera 4\u00e9 .<\/p>\n<p>Un filtre a air est signal\u00e9 sur la piste\u00a0? On recherche son propri\u00e9taire\u00a0?\u2026&#8230;.Olivier terminera avec sa porsche pilotage appliqu\u00e9 et prudent. Caroline terminera avec la MINI COOPER ,la m\u00e9canique a tenu.<\/p>\n<h2>Conclusion\u00a0!<\/h2>\n<p>Tr\u00e8s bonne journ\u00e9e de course ,peu d&rsquo;attente entre les manches, tr\u00e8s dure physiquement, il n&rsquo;y a pas eu de malaise, les m\u00e9caniques ont tenu ,j&rsquo;avais des soucis d&rsquo;\u00e9lectronique avec des servos br\u00fblants (sur l&rsquo;auto ,je pr\u00e9cise) ,Franck et olivier en Histo ont gal\u00e9r\u00e9 avec les montes de pneus cela leur a\u00a0 g\u00e2ch\u00e8 un peu le plaisir de pilotage . Caroline sera r\u00e9compens\u00e9e par le bouquet floral de la combativit\u00e9 tous\u00a0 \u00a0azimuts\u00a0.<\/p>\n<p>16h30\u00a0: \u00a0Remise des prix \u00a0,le VHRC reviendra en Octobre sur ce circuit qui devient familier.<\/p>\n<p>F\u00e9licitations aux organisateurs PMO , accueil et comp\u00e9tence\u00a0\u00a0 .<\/p>\n<p>-Voir photos concernant le reportage et \u00a0les nouveaut\u00e9s \u00ab\u00a0Yankee\u00a0\u00bb Amortisseurs et cardans\u00a0! &#8230;Superbe travail\u00a0!<\/p>\n<p>Fiabilit\u00e9 et fonctionnalit\u00e9 et en plus cela est beau\u00a0! L&rsquo;avenir technique est en marche\u00a0!<\/p>\n<figure id=\"attachment_7274\" aria-describedby=\"caption-attachment-7274\" style=\"width: 480px\" class=\"wp-caption alignnone\"><img loading=\"lazy\" decoding=\"async\" class=\"size-full wp-image-7274\" src=\"http:\/\/vhrc.fr\/wp-content\/uploads\/2016\/08\/vhrc2016m05pmo-18.jpg\" alt=\"pilotes\" width=\"480\" height=\"360\" \/><figcaption id=\"caption-attachment-7274\" class=\"wp-caption-text\">pilotes<\/figcaption><\/figure>\n<h2>Le Classement du 10 Juillet 2016\u00a0 \u00e0 Orange : \u00a0M5 du VHRC.<\/h2>\n<p>1er\u00a0:\u00a0\u00a0 Laurent GRAU\u00a0 \u2026\u2026\u2026.\u00a0\u00a0\u00a0\u00a0\u00a0 50 T.\u00a0\u00a0\u00a0\u00a0\u00a0 LIBRE\u00a0 .Porsche 4&#215;4.<\/p>\n<p>2\u00e9\u00a0:\u00a0\u00a0\u00a0 Luc GIARDINI\u00a0 \u2026\u2026\u2026.\u00a0\u00a0\u00a0\u00a0 46 T.\u00a0\u00a0\u00a0\u00a0\u00a0 LIBRE\u00a0 .COX \u2018R\u2019.<\/p>\n<p>3\u00e9\u00a0:\u00a0\u00a0\u00a0 Daniel BEGOU\u00a0 \u2026\u2026\u2026.\u00a0\u00a0\u00a0 44 T.\u00a0\u00a0\u00a0\u00a0\u00a0 LIBRE\u00a0 .Ford GT 40.<\/p>\n<p>4\u00e9\u00a0:\u00a0\u00a0\u00a0 Franck POULET \u2026\u2026..\u00a0\u00a0\u00a0\u00a0\u00a0 41 T.\u00a0\u00a0\u00a0\u00a0 HISTO.\u00a0 Spider 905.<\/p>\n<p>5\u00e9\u00a0:\u00a0\u00a0\u00a0 Caroline IACOPINO \u2026..\u00a0\u00a0 37 T \u00a0\u00a0\u00a0\u00a0\u00a0LIBRE.\u00a0 Mini Cooper.<\/p>\n<p>6\u00e9\u00a0:\u00a0\u00a0\u00a0 Olivier LEBON\u00a0 \u2026\u2026\u2026\u00a0\u00a0\u00a0\u00a0 36 T.\u00a0\u00a0\u00a0\u00a0\u00a0 HISTO.\u00a0 Porsche 930.<\/p>\n<div id='gallery-1' class='gallery galleryid-7256 gallery-columns-3 gallery-size-colormag-featured-image'><figure class='gallery-item'>\n\t\t\t<div class='gallery-icon landscape'>\n\t\t\t\t<a href='https:\/\/vhrc.fr\/en\/historique\/vhrc-lhistorique\/2016-vhrc\/2016-m05-orange\/ge-digital-camera-465\/'><img loading=\"lazy\" decoding=\"async\" width=\"480\" height=\"360\" src=\"https:\/\/vhrc.fr\/wp-content\/uploads\/2016\/08\/vhrc2016m05pmo-02.jpg\" class=\"attachment-colormag-featured-image size-colormag-featured-image\" alt=\"\" aria-describedby=\"gallery-1-7258\" \/><\/a>\n\t\t\t<\/div>\n\t\t\t\t<figcaption class='wp-caption-text gallery-caption' id='gallery-1-7258'>\n\t\t\t\tvhrc 2016 m05 orange PMO\n\t\t\t\t<\/figcaption><\/figure><figure class='gallery-item'>\n\t\t\t<div class='gallery-icon landscape'>\n\t\t\t\t<a href='https:\/\/vhrc.fr\/en\/historique\/vhrc-lhistorique\/2016-vhrc\/2016-m05-orange\/ge-digital-camera-466\/'><img loading=\"lazy\" decoding=\"async\" width=\"480\" height=\"360\" src=\"https:\/\/vhrc.fr\/wp-content\/uploads\/2016\/08\/vhrc2016m05pmo-03.jpg\" class=\"attachment-colormag-featured-image size-colormag-featured-image\" alt=\"\" aria-describedby=\"gallery-1-7259\" \/><\/a>\n\t\t\t<\/div>\n\t\t\t\t<figcaption class='wp-caption-text gallery-caption' id='gallery-1-7259'>\n\t\t\t\tvhrc 2016 m05 orange PMO\n\t\t\t\t<\/figcaption><\/figure><figure class='gallery-item'>\n\t\t\t<div class='gallery-icon landscape'>\n\t\t\t\t<a href='https:\/\/vhrc.fr\/en\/historique\/vhrc-lhistorique\/2016-vhrc\/2016-m05-orange\/ge-digital-camera-467\/'><img loading=\"lazy\" decoding=\"async\" width=\"480\" height=\"360\" src=\"https:\/\/vhrc.fr\/wp-content\/uploads\/2016\/08\/vhrc2016m05pmo-04.jpg\" class=\"attachment-colormag-featured-image size-colormag-featured-image\" alt=\"\" aria-describedby=\"gallery-1-7260\" \/><\/a>\n\t\t\t<\/div>\n\t\t\t\t<figcaption class='wp-caption-text gallery-caption' id='gallery-1-7260'>\n\t\t\t\tvhrc 2016 m05 orange PMO\n\t\t\t\t<\/figcaption><\/figure><figure class='gallery-item'>\n\t\t\t<div class='gallery-icon landscape'>\n\t\t\t\t<a href='https:\/\/vhrc.fr\/en\/historique\/vhrc-lhistorique\/2016-vhrc\/2016-m05-orange\/ge-digital-camera-468\/'><img loading=\"lazy\" decoding=\"async\" width=\"480\" height=\"360\" src=\"https:\/\/vhrc.fr\/wp-content\/uploads\/2016\/08\/vhrc2016m05pmo-05.jpg\" class=\"attachment-colormag-featured-image size-colormag-featured-image\" alt=\"\" aria-describedby=\"gallery-1-7261\" \/><\/a>\n\t\t\t<\/div>\n\t\t\t\t<figcaption class='wp-caption-text gallery-caption' id='gallery-1-7261'>\n\t\t\t\tvhrc 2016 m05 orange PMO\n\t\t\t\t<\/figcaption><\/figure><figure class='gallery-item'>\n\t\t\t<div class='gallery-icon landscape'>\n\t\t\t\t<a href='https:\/\/vhrc.fr\/en\/historique\/vhrc-lhistorique\/2016-vhrc\/2016-m05-orange\/ge-digital-camera-469\/'><img loading=\"lazy\" decoding=\"async\" width=\"480\" height=\"360\" src=\"https:\/\/vhrc.fr\/wp-content\/uploads\/2016\/08\/vhrc2016m05pmo-06.jpg\" class=\"attachment-colormag-featured-image size-colormag-featured-image\" alt=\"\" aria-describedby=\"gallery-1-7262\" \/><\/a>\n\t\t\t<\/div>\n\t\t\t\t<figcaption class='wp-caption-text gallery-caption' id='gallery-1-7262'>\n\t\t\t\tvhrc 2016 m05 orange PMO\n\t\t\t\t<\/figcaption><\/figure><figure class='gallery-item'>\n\t\t\t<div class='gallery-icon landscape'>\n\t\t\t\t<a href='https:\/\/vhrc.fr\/en\/historique\/vhrc-lhistorique\/2016-vhrc\/2016-m05-orange\/ge-digital-camera-470\/'><img loading=\"lazy\" decoding=\"async\" width=\"480\" height=\"360\" src=\"https:\/\/vhrc.fr\/wp-content\/uploads\/2016\/08\/vhrc2016m05pmo-07.jpg\" class=\"attachment-colormag-featured-image size-colormag-featured-image\" alt=\"\" aria-describedby=\"gallery-1-7263\" \/><\/a>\n\t\t\t<\/div>\n\t\t\t\t<figcaption class='wp-caption-text gallery-caption' id='gallery-1-7263'>\n\t\t\t\tvhrc 2016 m05 orange PMO\n\t\t\t\t<\/figcaption><\/figure><figure class='gallery-item'>\n\t\t\t<div class='gallery-icon landscape'>\n\t\t\t\t<a href='https:\/\/vhrc.fr\/en\/historique\/vhrc-lhistorique\/2016-vhrc\/2016-m05-orange\/ge-digital-camera-471\/'><img loading=\"lazy\" decoding=\"async\" width=\"480\" height=\"360\" src=\"https:\/\/vhrc.fr\/wp-content\/uploads\/2016\/08\/vhrc2016m05pmo-08.jpg\" class=\"attachment-colormag-featured-image size-colormag-featured-image\" alt=\"\" aria-describedby=\"gallery-1-7264\" \/><\/a>\n\t\t\t<\/div>\n\t\t\t\t<figcaption class='wp-caption-text gallery-caption' id='gallery-1-7264'>\n\t\t\t\tvhrc 2016 m05 orange PMO\n\t\t\t\t<\/figcaption><\/figure><figure class='gallery-item'>\n\t\t\t<div class='gallery-icon landscape'>\n\t\t\t\t<a href='https:\/\/vhrc.fr\/en\/historique\/vhrc-lhistorique\/2016-vhrc\/2016-m05-orange\/ge-digital-camera-472\/'><img loading=\"lazy\" decoding=\"async\" width=\"480\" height=\"360\" src=\"https:\/\/vhrc.fr\/wp-content\/uploads\/2016\/08\/vhrc2016m05pmo-09.jpg\" class=\"attachment-colormag-featured-image size-colormag-featured-image\" alt=\"\" aria-describedby=\"gallery-1-7265\" \/><\/a>\n\t\t\t<\/div>\n\t\t\t\t<figcaption class='wp-caption-text gallery-caption' id='gallery-1-7265'>\n\t\t\t\tvhrc 2016 m05 orange PMO\n\t\t\t\t<\/figcaption><\/figure><figure class='gallery-item'>\n\t\t\t<div class='gallery-icon landscape'>\n\t\t\t\t<a href='https:\/\/vhrc.fr\/en\/historique\/vhrc-lhistorique\/2016-vhrc\/2016-m05-orange\/ge-digital-camera-473\/'><img loading=\"lazy\" decoding=\"async\" width=\"480\" height=\"360\" src=\"https:\/\/vhrc.fr\/wp-content\/uploads\/2016\/08\/vhrc2016m05pmo-10.jpg\" class=\"attachment-colormag-featured-image size-colormag-featured-image\" alt=\"\" aria-describedby=\"gallery-1-7266\" \/><\/a>\n\t\t\t<\/div>\n\t\t\t\t<figcaption class='wp-caption-text gallery-caption' id='gallery-1-7266'>\n\t\t\t\tvhrc 2016 m05 orange PMO\n\t\t\t\t<\/figcaption><\/figure><figure class='gallery-item'>\n\t\t\t<div class='gallery-icon landscape'>\n\t\t\t\t<a href='https:\/\/vhrc.fr\/en\/historique\/vhrc-lhistorique\/2016-vhrc\/2016-m05-orange\/ge-digital-camera-474\/'><img loading=\"lazy\" decoding=\"async\" width=\"480\" height=\"360\" src=\"https:\/\/vhrc.fr\/wp-content\/uploads\/2016\/08\/vhrc2016m05pmo-11.jpg\" class=\"attachment-colormag-featured-image size-colormag-featured-image\" alt=\"\" \/><\/a>\n\t\t\t<\/div><\/figure><figure class='gallery-item'>\n\t\t\t<div class='gallery-icon landscape'>\n\t\t\t\t<a href='https:\/\/vhrc.fr\/en\/historique\/vhrc-lhistorique\/2016-vhrc\/2016-m05-orange\/ge-digital-camera-475\/'><img loading=\"lazy\" decoding=\"async\" width=\"480\" height=\"360\" src=\"https:\/\/vhrc.fr\/wp-content\/uploads\/2016\/08\/vhrc2016m05pmo-12.jpg\" class=\"attachment-colormag-featured-image size-colormag-featured-image\" alt=\"\" \/><\/a>\n\t\t\t<\/div><\/figure><figure class='gallery-item'>\n\t\t\t<div class='gallery-icon landscape'>\n\t\t\t\t<a href='https:\/\/vhrc.fr\/en\/historique\/vhrc-lhistorique\/2016-vhrc\/2016-m05-orange\/ge-digital-camera-476\/'><img loading=\"lazy\" decoding=\"async\" width=\"480\" height=\"360\" src=\"https:\/\/vhrc.fr\/wp-content\/uploads\/2016\/08\/vhrc2016m05pmo-13.jpg\" class=\"attachment-colormag-featured-image size-colormag-featured-image\" alt=\"\" \/><\/a>\n\t\t\t<\/div><\/figure><figure class='gallery-item'>\n\t\t\t<div class='gallery-icon landscape'>\n\t\t\t\t<a href='https:\/\/vhrc.fr\/en\/historique\/vhrc-lhistorique\/2016-vhrc\/2016-m05-orange\/ge-digital-camera-477\/'><img loading=\"lazy\" decoding=\"async\" width=\"480\" height=\"360\" src=\"https:\/\/vhrc.fr\/wp-content\/uploads\/2016\/08\/vhrc2016m05pmo-14.jpg\" class=\"attachment-colormag-featured-image size-colormag-featured-image\" alt=\"\" aria-describedby=\"gallery-1-7270\" \/><\/a>\n\t\t\t<\/div>\n\t\t\t\t<figcaption class='wp-caption-text gallery-caption' id='gallery-1-7270'>\n\t\t\t\tA\n\t\t\t\t<\/figcaption><\/figure><figure class='gallery-item'>\n\t\t\t<div class='gallery-icon landscape'>\n\t\t\t\t<a href='https:\/\/vhrc.fr\/en\/historique\/vhrc-lhistorique\/2016-vhrc\/2016-m05-orange\/ge-digital-camera-478\/'><img loading=\"lazy\" decoding=\"async\" width=\"480\" height=\"360\" src=\"https:\/\/vhrc.fr\/wp-content\/uploads\/2016\/08\/vhrc2016m05pmo-15.jpg\" class=\"attachment-colormag-featured-image size-colormag-featured-image\" alt=\"\" \/><\/a>\n\t\t\t<\/div><\/figure><figure class='gallery-item'>\n\t\t\t<div class='gallery-icon landscape'>\n\t\t\t\t<a href='https:\/\/vhrc.fr\/en\/historique\/vhrc-lhistorique\/2016-vhrc\/2016-m05-orange\/ge-digital-camera-479\/'><img loading=\"lazy\" decoding=\"async\" width=\"480\" height=\"360\" src=\"https:\/\/vhrc.fr\/wp-content\/uploads\/2016\/08\/vhrc2016m05pmo-16.jpg\" class=\"attachment-colormag-featured-image size-colormag-featured-image\" alt=\"\" \/><\/a>\n\t\t\t<\/div><\/figure><figure class='gallery-item'>\n\t\t\t<div class='gallery-icon landscape'>\n\t\t\t\t<a href='https:\/\/vhrc.fr\/en\/historique\/vhrc-lhistorique\/2016-vhrc\/2016-m05-orange\/ge-digital-camera-480\/'><img loading=\"lazy\" decoding=\"async\" width=\"480\" height=\"360\" src=\"https:\/\/vhrc.fr\/wp-content\/uploads\/2016\/08\/vhrc2016m05pmo-17.jpg\" class=\"attachment-colormag-featured-image size-colormag-featured-image\" alt=\"\" aria-describedby=\"gallery-1-7273\" \/><\/a>\n\t\t\t<\/div>\n\t\t\t\t<figcaption class='wp-caption-text gallery-caption' id='gallery-1-7273'>\n\t\t\t\tcaroline\n\t\t\t\t<\/figcaption><\/figure>\n\t\t<\/div>","protected":false},"excerpt":{"rendered":"<p>10 Juillet 2016 PMO manche de remplacement de celle de Montpellier annul\u00e9e en raison du mondial de foot. Le 10<\/p>","protected":false},"author":5,"featured_media":7274,"parent":6913,"menu_order":0,"comment_status":"closed","ping_status":"closed","template":"","meta":{"colormag_page_container_layout":"default_layout","colormag_page_sidebar_layout":"default_layout","footnotes":""},"class_list":["post-7256","page","type-page","status-publish","has-post-thumbnail","hentry"],"_links":{"self":[{"href":"https:\/\/vhrc.fr\/en\/wp-json\/wp\/v2\/pages\/7256","targetHints":{"allow":["GET"]}}],"collection":[{"href":"https:\/\/vhrc.fr\/en\/wp-json\/wp\/v2\/pages"}],"about":[{"href":"https:\/\/vhrc.fr\/en\/wp-json\/wp\/v2\/types\/page"}],"author":[{"embeddable":true,"href":"https:\/\/vhrc.fr\/en\/wp-json\/wp\/v2\/users\/5"}],"replies":[{"embeddable":true,"href":"https:\/\/vhrc.fr\/en\/wp-json\/wp\/v2\/comments?post=7256"}],"version-history":[{"count":3,"href":"https:\/\/vhrc.fr\/en\/wp-json\/wp\/v2\/pages\/7256\/revisions"}],"predecessor-version":[{"id":7279,"href":"https:\/\/vhrc.fr\/en\/wp-json\/wp\/v2\/pages\/7256\/revisions\/7279"}],"up":[{"embeddable":true,"href":"https:\/\/vhrc.fr\/en\/wp-json\/wp\/v2\/pages\/6913"}],"wp:featuredmedia":[{"embeddable":true,"href":"https:\/\/vhrc.fr\/en\/wp-json\/wp\/v2\/media\/7274"}],"wp:attachment":[{"href":"https:\/\/vhrc.fr\/en\/wp-json\/wp\/v2\/media?parent=7256"}],"curies":[{"name":"wp","href":"https:\/\/api.w.org\/{rel}","templated":true}]}}