{"id":7283,"date":"2016-03-01T12:12:42","date_gmt":"2016-03-01T11:12:42","guid":{"rendered":"http:\/\/vhrc.fr\/?page_id=7283"},"modified":"2025-07-08T09:23:12","modified_gmt":"2025-07-08T08:23:12","slug":"2016-m08-st-affrique","status":"publish","type":"page","link":"https:\/\/vhrc.fr\/en\/historique\/vhrc-lhistorique\/2016-vhrc\/2016-m08-st-affrique\/","title":{"rendered":"2016 M08 St Affrique"},"content":{"rendered":"<h1>Photos<\/h1>\n<p>https:\/\/macrostigmablog.wordpress.com\/2016\/09\/25\/mod-st-affricain-25092016\/<\/p>\n<h1>Compte rendu : M8 St Affrique 25 septembre 2016<\/h1>\n<figure id=\"attachment_7347\" aria-describedby=\"caption-attachment-7347\" style=\"width: 500px\" class=\"wp-caption alignnone\"><img loading=\"lazy\" decoding=\"async\" class=\"size-medium wp-image-7347\" src=\"http:\/\/vhrc.fr\/wp-content\/uploads\/2016\/10\/vhrc-9252769-copier-500x375.jpg\" alt=\"vhrc saint affrique septembre 2016\" width=\"500\" height=\"375\" srcset=\"https:\/\/vhrc.fr\/wp-content\/uploads\/2016\/10\/vhrc-9252769-copier-500x375.jpg 500w, https:\/\/vhrc.fr\/wp-content\/uploads\/2016\/10\/vhrc-9252769-copier-768x576.jpg 768w, https:\/\/vhrc.fr\/wp-content\/uploads\/2016\/10\/vhrc-9252769-copier.jpg 800w\" sizes=\"auto, (max-width: 500px) 100vw, 500px\" \/><figcaption id=\"caption-attachment-7347\" class=\"wp-caption-text\">vhrc saint affrique septembre 2016<\/figcaption><\/figure>\n<p>6 pilotes en cat\u00e9gorie Historique<br \/>\n4 pilotes en cat\u00e9gorie Libre<br \/>\nLuc sera absent \u00e0 cause d&rsquo;un probl\u00e8me avec son moyen de locomotion<\/p>\n<h2>Qualifications : 3 x 5 min<br \/>\nLibre :<\/h2>\n<p>Laurent G : 14 tours en 5 min 11<br \/>\nJean-Claude L : 8 tours en 5 min 00<br \/>\nDaniel B : 12 tours en 5 min 03<\/p>\n<p>Meilleur temps :<br \/>\nLaurent G : 21.71<br \/>\nJean-Claude L : 34.63<br \/>\nDaniel B : 24.72<\/p>\n<h2>Historique :<\/h2>\n<p>Julien V : 12 tours en 5 min 02<br \/>\nMarc C : 11 tours en 5 min 08<br \/>\nR\u00e9mi C : 13 tours en 5 min 16<br \/>\nGr\u00e9gory J : 13 tours en 5 min 25<br \/>\nFranck P : 12 tours en 5 min 08<br \/>\nPatrick A : 8 tours en 5 min 07<\/p>\n<p>Meilleur temps :<br \/>\nJulien V : 24.48<br \/>\nMarc C : 25.88<br \/>\nR\u00e9mi C : 23.77<br \/>\nGr\u00e9gory J : 24.23<br \/>\nFranck P : 24.65<br \/>\nPatrick A : 33.32<\/p>\n<p>Grille de d\u00e9part<br \/>\nHistorique :<br \/>\nR\u00e9mi C, Gr\u00e9gory J, Julien V, Franck P, Marc C, et Patrick A.<\/p>\n<p>Libre :<br \/>\nLaurent G, Daniel B, et Jean-Claude L.<\/p>\n<h2>Finales<\/h2>\n<figure id=\"attachment_7346\" aria-describedby=\"caption-attachment-7346\" style=\"width: 500px\" class=\"wp-caption alignnone\"><img loading=\"lazy\" decoding=\"async\" class=\"size-medium wp-image-7346\" src=\"http:\/\/vhrc.fr\/wp-content\/uploads\/2016\/10\/vhrc-9252745-copier-500x354.jpg\" alt=\"vhrc saint affrique septembre 2016\" width=\"500\" height=\"354\" srcset=\"https:\/\/vhrc.fr\/wp-content\/uploads\/2016\/10\/vhrc-9252745-copier-500x354.jpg 500w, https:\/\/vhrc.fr\/wp-content\/uploads\/2016\/10\/vhrc-9252745-copier-768x543.jpg 768w, https:\/\/vhrc.fr\/wp-content\/uploads\/2016\/10\/vhrc-9252745-copier.jpg 800w\" sizes=\"auto, (max-width: 500px) 100vw, 500px\" \/><figcaption id=\"caption-attachment-7346\" class=\"wp-caption-text\">vhrc saint affrique septembre 2016<\/figcaption><\/figure>\n<h2>Historique :<\/h2>\n<p>Julien V : prendra un bon d\u00e9part et restera proche de Gr\u00e9gory afin de gagner une position ; callera et devra descendre pour desserrer son bouchon de r\u00e9servoir ; repartira en attaquant ; finira 5\u00e8me avec 33 tours \u00e0 une seconde du 4\u00e8me.<\/p>\n<p>Marc C : s&rsquo;accrochera au d\u00e9part lui faisant perdre un demi tour ; attaquera afin de remonter et fera une course propre. Finira 4\u00e8me avec 33 tours.<\/p>\n<p>R\u00e9mi C : gardera la t\u00eate de la course jusqu&rsquo;\u00e0 la fin ; arrivera \u00e0 prendre un tour sur le second ; finira 1er avec 37 tours.<br \/>\nGr\u00e9gory J : prot\u00e8gera sa position et attaquera fin de suivre le rythme de t\u00eate ; r\u00e9alisera une tr\u00e8s belle course, avec beaucoup de plaisir ; finira 2nd avec 36 tours.<\/p>\n<p>Franck P : le seul pilote en pneus mousses ; fera une belle course avec le rythme des pilotes de t\u00eates ; son spider se place o\u00f9 il veut et le pilote en est ravi ! Finira 3\u00e8me avec 35 tours.<\/p>\n<p>Patrick A : sortira sa Subaru 1\/4 ; prendra le d\u00e9part apr\u00e8s les autres pilotes et enroulera les tours sur un circuit qui affectionne ; finira 6\u00e8me avec 10 tours.<\/p>\n<p>Meilleur temps :<br \/>\nJulien V : 24.32<br \/>\nMarc C : 25.53<br \/>\nR\u00e9mi C : 23.74<br \/>\nGr\u00e9gory J : 24.29<br \/>\nFranck P : 24.16<br \/>\nPatrick A : 31.27<\/p>\n<h2>Libre :<\/h2>\n<p>La pluie au d\u00e9part emp\u00eachera les pilotes de faire plus de trois tours ; rentreront au stand ; la course sera stopp\u00e9e puis annul\u00e9e par les organisateurs.<br \/>\nLaurent G : finira 1er, en glisse avec son spider 905.<br \/>\nJean-Claude L : Arrivera \u00e0 piloter sa mini dans cette situation d\u00e9licate, puis s&rsquo;arr\u00eatera avec les autres pilotes.<br \/>\nDaniel B : finira 2nd derri\u00e8re Laurent malgr\u00e9 une belle prise de risque de risque dans les virages glissants.<\/p>\n<p>Meilleur temps :<br \/>\nLaurent G : 36.64<br \/>\nJean-Claude L : 50.17<br \/>\nDaniel B : 35.72<br \/>\nClassement<br \/>\nHistorique :<br \/>\nR\u00e9mi C, Gr\u00e9gory J, Franck P, Marc C, Julien V, et Patrick A.<br \/>\nLibre :<br \/>\nLaurent G, Daniel B, et Jean-Claude L.<\/p>\n<figure id=\"attachment_7342\" aria-describedby=\"caption-attachment-7342\" style=\"width: 500px\" class=\"wp-caption alignnone\"><img loading=\"lazy\" decoding=\"async\" class=\"size-medium wp-image-7342\" src=\"http:\/\/vhrc.fr\/wp-content\/uploads\/2016\/10\/vhrc-9252724-copier-500x375.jpg\" alt=\"vhrc saint affrique septembre 2016\" width=\"500\" height=\"375\" srcset=\"https:\/\/vhrc.fr\/wp-content\/uploads\/2016\/10\/vhrc-9252724-copier-500x375.jpg 500w, https:\/\/vhrc.fr\/wp-content\/uploads\/2016\/10\/vhrc-9252724-copier-768x576.jpg 768w, https:\/\/vhrc.fr\/wp-content\/uploads\/2016\/10\/vhrc-9252724-copier.jpg 800w\" sizes=\"auto, (max-width: 500px) 100vw, 500px\" \/><figcaption id=\"caption-attachment-7342\" class=\"wp-caption-text\">vhrc saint affrique septembre 2016<\/figcaption><\/figure>\n<p>Un grand merci au club de Saint Affrique, aux membres de club, et \u00e9galement \u00e0 la nouvelle Pr\u00e9sidente du Club !!<\/p>\n<p>R\u00e9mi C<\/p>\n<div id='gallery-1' class='gallery galleryid-7283 gallery-columns-3 gallery-size-colormag-featured-image'><figure class='gallery-item'>\n\t\t\t<div class='gallery-icon landscape'>\n\t\t\t\t<a href='https:\/\/vhrc.fr\/wp-content\/uploads\/2016\/10\/vhrc-9252769-copier.jpg'><img loading=\"lazy\" decoding=\"async\" width=\"593\" height=\"445\" src=\"https:\/\/vhrc.fr\/wp-content\/uploads\/2016\/10\/vhrc-9252769-copier.jpg\" class=\"attachment-colormag-featured-image size-colormag-featured-image\" alt=\"\" aria-describedby=\"gallery-1-7347\" srcset=\"https:\/\/vhrc.fr\/wp-content\/uploads\/2016\/10\/vhrc-9252769-copier.jpg 800w, https:\/\/vhrc.fr\/wp-content\/uploads\/2016\/10\/vhrc-9252769-copier-500x375.jpg 500w, https:\/\/vhrc.fr\/wp-content\/uploads\/2016\/10\/vhrc-9252769-copier-768x576.jpg 768w\" sizes=\"auto, (max-width: 593px) 100vw, 593px\" \/><\/a>\n\t\t\t<\/div>\n\t\t\t\t<figcaption class='wp-caption-text gallery-caption' id='gallery-1-7347'>\n\t\t\t\tvhrc saint affrique septembre 2016\n\t\t\t\t<\/figcaption><\/figure><figure class='gallery-item'>\n\t\t\t<div class='gallery-icon landscape'>\n\t\t\t\t<a href='https:\/\/vhrc.fr\/wp-content\/uploads\/2016\/10\/vhrc-9252745-copier.jpg'><img loading=\"lazy\" decoding=\"async\" width=\"629\" height=\"445\" src=\"https:\/\/vhrc.fr\/wp-content\/uploads\/2016\/10\/vhrc-9252745-copier.jpg\" class=\"attachment-colormag-featured-image size-colormag-featured-image\" alt=\"\" aria-describedby=\"gallery-1-7346\" srcset=\"https:\/\/vhrc.fr\/wp-content\/uploads\/2016\/10\/vhrc-9252745-copier.jpg 800w, https:\/\/vhrc.fr\/wp-content\/uploads\/2016\/10\/vhrc-9252745-copier-500x354.jpg 500w, https:\/\/vhrc.fr\/wp-content\/uploads\/2016\/10\/vhrc-9252745-copier-768x543.jpg 768w\" sizes=\"auto, (max-width: 629px) 100vw, 629px\" \/><\/a>\n\t\t\t<\/div>\n\t\t\t\t<figcaption class='wp-caption-text gallery-caption' id='gallery-1-7346'>\n\t\t\t\tvhrc saint affrique septembre 2016\n\t\t\t\t<\/figcaption><\/figure><figure class='gallery-item'>\n\t\t\t<div class='gallery-icon landscape'>\n\t\t\t\t<a href='https:\/\/vhrc.fr\/wp-content\/uploads\/2016\/10\/vhrc-9252736-copier.jpg'><img loading=\"lazy\" decoding=\"async\" width=\"593\" height=\"445\" src=\"https:\/\/vhrc.fr\/wp-content\/uploads\/2016\/10\/vhrc-9252736-copier.jpg\" class=\"attachment-colormag-featured-image size-colormag-featured-image\" alt=\"\" aria-describedby=\"gallery-1-7345\" srcset=\"https:\/\/vhrc.fr\/wp-content\/uploads\/2016\/10\/vhrc-9252736-copier.jpg 800w, https:\/\/vhrc.fr\/wp-content\/uploads\/2016\/10\/vhrc-9252736-copier-500x375.jpg 500w, https:\/\/vhrc.fr\/wp-content\/uploads\/2016\/10\/vhrc-9252736-copier-768x576.jpg 768w\" sizes=\"auto, (max-width: 593px) 100vw, 593px\" \/><\/a>\n\t\t\t<\/div>\n\t\t\t\t<figcaption class='wp-caption-text gallery-caption' id='gallery-1-7345'>\n\t\t\t\tvhrc saint affrique septembre 2016\n\t\t\t\t<\/figcaption><\/figure><figure class='gallery-item'>\n\t\t\t<div class='gallery-icon landscape'>\n\t\t\t\t<a href='https:\/\/vhrc.fr\/wp-content\/uploads\/2016\/10\/vhrc-9252733-copier.jpg'><img loading=\"lazy\" decoding=\"async\" width=\"643\" height=\"445\" src=\"https:\/\/vhrc.fr\/wp-content\/uploads\/2016\/10\/vhrc-9252733-copier.jpg\" class=\"attachment-colormag-featured-image size-colormag-featured-image\" alt=\"\" aria-describedby=\"gallery-1-7344\" srcset=\"https:\/\/vhrc.fr\/wp-content\/uploads\/2016\/10\/vhrc-9252733-copier.jpg 800w, https:\/\/vhrc.fr\/wp-content\/uploads\/2016\/10\/vhrc-9252733-copier-500x346.jpg 500w, https:\/\/vhrc.fr\/wp-content\/uploads\/2016\/10\/vhrc-9252733-copier-768x532.jpg 768w\" sizes=\"auto, (max-width: 643px) 100vw, 643px\" \/><\/a>\n\t\t\t<\/div>\n\t\t\t\t<figcaption class='wp-caption-text gallery-caption' id='gallery-1-7344'>\n\t\t\t\tvhrc saint affrique septembre 2016\n\t\t\t\t<\/figcaption><\/figure><figure class='gallery-item'>\n\t\t\t<div class='gallery-icon landscape'>\n\t\t\t\t<a href='https:\/\/vhrc.fr\/wp-content\/uploads\/2016\/10\/vhrc-9252729-copier.jpg'><img loading=\"lazy\" decoding=\"async\" width=\"593\" height=\"445\" src=\"https:\/\/vhrc.fr\/wp-content\/uploads\/2016\/10\/vhrc-9252729-copier.jpg\" class=\"attachment-colormag-featured-image size-colormag-featured-image\" alt=\"\" aria-describedby=\"gallery-1-7343\" srcset=\"https:\/\/vhrc.fr\/wp-content\/uploads\/2016\/10\/vhrc-9252729-copier.jpg 800w, https:\/\/vhrc.fr\/wp-content\/uploads\/2016\/10\/vhrc-9252729-copier-500x375.jpg 500w, https:\/\/vhrc.fr\/wp-content\/uploads\/2016\/10\/vhrc-9252729-copier-768x576.jpg 768w\" sizes=\"auto, (max-width: 593px) 100vw, 593px\" \/><\/a>\n\t\t\t<\/div>\n\t\t\t\t<figcaption class='wp-caption-text gallery-caption' id='gallery-1-7343'>\n\t\t\t\tvhrc saint affrique septembre 2016\n\t\t\t\t<\/figcaption><\/figure><figure class='gallery-item'>\n\t\t\t<div class='gallery-icon landscape'>\n\t\t\t\t<a href='https:\/\/vhrc.fr\/wp-content\/uploads\/2016\/10\/vhrc-9252724-copier.jpg'><img loading=\"lazy\" decoding=\"async\" width=\"593\" height=\"445\" src=\"https:\/\/vhrc.fr\/wp-content\/uploads\/2016\/10\/vhrc-9252724-copier.jpg\" class=\"attachment-colormag-featured-image size-colormag-featured-image\" alt=\"\" aria-describedby=\"gallery-1-7342\" srcset=\"https:\/\/vhrc.fr\/wp-content\/uploads\/2016\/10\/vhrc-9252724-copier.jpg 800w, https:\/\/vhrc.fr\/wp-content\/uploads\/2016\/10\/vhrc-9252724-copier-500x375.jpg 500w, https:\/\/vhrc.fr\/wp-content\/uploads\/2016\/10\/vhrc-9252724-copier-768x576.jpg 768w\" sizes=\"auto, (max-width: 593px) 100vw, 593px\" \/><\/a>\n\t\t\t<\/div>\n\t\t\t\t<figcaption class='wp-caption-text gallery-caption' id='gallery-1-7342'>\n\t\t\t\tvhrc saint affrique septembre 2016\n\t\t\t\t<\/figcaption><\/figure><figure class='gallery-item'>\n\t\t\t<div class='gallery-icon landscape'>\n\t\t\t\t<a href='https:\/\/vhrc.fr\/wp-content\/uploads\/2016\/10\/vhrc-9252591-copier.jpg'><img loading=\"lazy\" decoding=\"async\" width=\"609\" height=\"445\" src=\"https:\/\/vhrc.fr\/wp-content\/uploads\/2016\/10\/vhrc-9252591-copier.jpg\" class=\"attachment-colormag-featured-image size-colormag-featured-image\" alt=\"\" aria-describedby=\"gallery-1-7341\" srcset=\"https:\/\/vhrc.fr\/wp-content\/uploads\/2016\/10\/vhrc-9252591-copier.jpg 800w, https:\/\/vhrc.fr\/wp-content\/uploads\/2016\/10\/vhrc-9252591-copier-500x366.jpg 500w, https:\/\/vhrc.fr\/wp-content\/uploads\/2016\/10\/vhrc-9252591-copier-768x562.jpg 768w\" sizes=\"auto, (max-width: 609px) 100vw, 609px\" \/><\/a>\n\t\t\t<\/div>\n\t\t\t\t<figcaption class='wp-caption-text gallery-caption' id='gallery-1-7341'>\n\t\t\t\tvhrc saint affrique septembre 2016\n\t\t\t\t<\/figcaption><\/figure>\n\t\t<\/div>","protected":false},"excerpt":{"rendered":"<p>Photos https:\/\/macrostigmablog.wordpress.com\/2016\/09\/25\/mod-st-affricain-25092016\/ Compte rendu : M8 St Affrique 25 septembre 2016 6 pilotes en cat\u00e9gorie Historique 4 pilotes en cat\u00e9gorie<\/p>","protected":false},"author":5,"featured_media":7344,"parent":6913,"menu_order":0,"comment_status":"closed","ping_status":"closed","template":"","meta":{"colormag_page_container_layout":"default_layout","colormag_page_sidebar_layout":"default_layout","footnotes":""},"class_list":["post-7283","page","type-page","status-publish","has-post-thumbnail","hentry"],"_links":{"self":[{"href":"https:\/\/vhrc.fr\/en\/wp-json\/wp\/v2\/pages\/7283","targetHints":{"allow":["GET"]}}],"collection":[{"href":"https:\/\/vhrc.fr\/en\/wp-json\/wp\/v2\/pages"}],"about":[{"href":"https:\/\/vhrc.fr\/en\/wp-json\/wp\/v2\/types\/page"}],"author":[{"embeddable":true,"href":"https:\/\/vhrc.fr\/en\/wp-json\/wp\/v2\/users\/5"}],"replies":[{"embeddable":true,"href":"https:\/\/vhrc.fr\/en\/wp-json\/wp\/v2\/comments?post=7283"}],"version-history":[{"count":6,"href":"https:\/\/vhrc.fr\/en\/wp-json\/wp\/v2\/pages\/7283\/revisions"}],"predecessor-version":[{"id":7353,"href":"https:\/\/vhrc.fr\/en\/wp-json\/wp\/v2\/pages\/7283\/revisions\/7353"}],"up":[{"embeddable":true,"href":"https:\/\/vhrc.fr\/en\/wp-json\/wp\/v2\/pages\/6913"}],"wp:featuredmedia":[{"embeddable":true,"href":"https:\/\/vhrc.fr\/en\/wp-json\/wp\/v2\/media\/7344"}],"wp:attachment":[{"href":"https:\/\/vhrc.fr\/en\/wp-json\/wp\/v2\/media?parent=7283"}],"curies":[{"name":"wp","href":"https:\/\/api.w.org\/{rel}","templated":true}]}}