{"id":743,"date":"2010-04-17T13:37:59","date_gmt":"2010-04-17T12:37:59","guid":{"rendered":"http:\/\/vhrc.fr\/?page_id=743"},"modified":"2012-06-15T07:32:05","modified_gmt":"2012-06-15T06:32:05","slug":"courage-c41-vaillante","status":"publish","type":"page","link":"https:\/\/vhrc.fr\/en\/voitures\/yankee\/courage-c41-vaillante\/","title":{"rendered":"Courage C41 Vaillante"},"content":{"rendered":"<h1><a href=\"http:\/\/vhrc.fr\/wp-content\/uploads\/2010\/04\/vhrc_couragec41_thumb.jpg\"><img loading=\"lazy\" decoding=\"async\" class=\"alignnone size-medium wp-image-973\" title=\"vhrc_courage c41\" src=\"http:\/\/vhrc.fr\/wp-content\/uploads\/2010\/04\/vhrc_couragec41_thumb-300x199.jpg\" alt=\"courage c41\" width=\"300\" height=\"199\" \/><\/a><\/h1>\n<h1>Histoire<\/h1>\n<p>Cela faisait quelque temps que je pensais \u00e0 assembler une COURAGE C41 \u00bc Yankee. Un sport proto au pass\u00e9 glorieux.<br \/>\nLe constructeur Yankee avait pour habitude de suivre l\u2019actualit\u00e9 sportive automobile et de fabriquer de merveilleuses r\u00e9pliques des mod\u00e8les en vogue.<\/p>\n<h1>Courage et course automobile en quelques mots.<\/h1>\n<p>Le cr\u00e9ateur, fondateur et pilote de la marque YVES COURAGE, avec \u00e0 son actif 25 ann\u00e9es de comp\u00e9titions, d\u00e9buta la construction automobile en 1982.<br \/>\nEt c\u2019est en 1997 qu\u2019Yves Courage et son ami Jean Graton (cr\u00e9ateur de la B.D) eurent l\u2019id\u00e9e de pr\u00e9senter au d\u00e9part des 24heures du MANS de la m\u00eame ann\u00e9e, la C41 sous l\u2019appellation : VAILLANTE COURAGE C41.<br \/>\nYankee emboita le pas\u2026<\/p>\n<p>Caract\u00e9ristiques et sp\u00e9cifications technique de la C41.<br \/>\nDesigner : Paolo Cantone.<br \/>\nCh\u00e2ssis : Monocoque, fibre de carbone et nid d\u2019abeille aluminium.<br \/>\nB.V : 5 vitesses &#8211; Propulsion.<br \/>\nMoteur : Chevrolet 5000cc V8.<br \/>\nPuissance : 560cv.<br \/>\nPoids : 851 kg.<br \/>\nVitesse : Environ 340km\/h.<\/p>\n<p>La course sur 24h :<br \/>\nRetard\u00e9e vers minuit \u00e0 cause de petits incidents m\u00e9caniques la belle Vaillante<br \/>\nCourage C41 a cependant effectu\u00e9 une belle remont\u00e9e jusqu&rsquo;\u00e0 la 4\u00e9me place du classement final.<br \/>\nAux commandes Didier Cottaz, J\u00e9r\u00f4me Policand et Marc Goossens.<br \/>\nPour la petite histoire un film superbe fut r\u00e9alis\u00e9 mettant la Courage en vedette (Michel Vaillant) \u00e0 voir ou \u00e0 revoir !<\/p>\n<h1>Pr\u00e9paration<\/h1>\n<p>[singlepic id=825 w=800 h=600 float=]<br \/>\nCet hiver rigoureux 2009, 2010 durant lequel de longues soir\u00e9es s\u2019offraient \u00e0 moi, m\u2019a permis de monter avec grand plaisir, ce fabuleux mod\u00e8le 1\/4 .<br \/>\nLa carrosserie quant \u00e0 elle est la r\u00e9plique du mod\u00e8le de d\u00e9monstration pr\u00e9sent\u00e9 par Yankee \u00e0 la coupe de France \u00bc 1997 \u00e0 St Savinien. D\u00e9coration qui n\u2019est d\u2019ailleurs pas tr\u00e8s \u00e9loign\u00e9e de celle de la Vaillante \u00e9chelle 1\u2026<br \/>\nEnti\u00e8rement r\u00e9alis\u00e9e \u00e0 la peinture y compris les logos Yankee sur les flancs, elle est l\u2019\u0153uvre d\u2019Eightman, maitre du pinceau et du m\u00e9lange de couleurs\u2026*<br \/>\n[singlepic id=822 w=800 h=600 float=]<br \/>\nOn dit toujours que les meilleures choses ont toujours une fin, ce mod\u00e8le Yankee fut le dernier commercialis\u00e9 en 1998, date \u00e0 laquelle l\u2019usine ferma ses portes.<br \/>\nActuellement l\u2019auto est sans moteur, mais pr\u00eate \u00e0 le recevoir, si l\u2019envie de rouler devient un jour insurmontable\u2026<br \/>\nMais pour le moment restons raisonnable, respectons et conservons le patrimoine\u2026<\/p>\n<h4>Lugia<\/h4>\n<p>[singlepic id=828 w=800 h=600 float=]<\/p>\n<p>* plut\u00f4t l&rsquo;a\u00e9rographe ici \ud83d\ude09\u00a0 ! dans le diaporama quelques photos de la peinture avec mes d\u00e9boires dans le retrait du film protecteur, un petit soucis de thermoformage qui ne sera plus avec la nouvelle s\u00e9rie!<\/p>\n<p>[nggallery id=33]<\/p>\n","protected":false},"excerpt":{"rendered":"<p>Histoire Cela faisait quelque temps que je pensais \u00e0 assembler une COURAGE C41 \u00bc Yankee. Un sport proto au pass\u00e9<\/p>","protected":false},"author":5,"featured_media":973,"parent":183,"menu_order":0,"comment_status":"open","ping_status":"open","template":"","meta":{"colormag_page_container_layout":"default_layout","colormag_page_sidebar_layout":"default_layout","footnotes":""},"class_list":["post-743","page","type-page","status-publish","has-post-thumbnail","hentry"],"_links":{"self":[{"href":"https:\/\/vhrc.fr\/en\/wp-json\/wp\/v2\/pages\/743","targetHints":{"allow":["GET"]}}],"collection":[{"href":"https:\/\/vhrc.fr\/en\/wp-json\/wp\/v2\/pages"}],"about":[{"href":"https:\/\/vhrc.fr\/en\/wp-json\/wp\/v2\/types\/page"}],"author":[{"embeddable":true,"href":"https:\/\/vhrc.fr\/en\/wp-json\/wp\/v2\/users\/5"}],"replies":[{"embeddable":true,"href":"https:\/\/vhrc.fr\/en\/wp-json\/wp\/v2\/comments?post=743"}],"version-history":[{"count":4,"href":"https:\/\/vhrc.fr\/en\/wp-json\/wp\/v2\/pages\/743\/revisions"}],"predecessor-version":[{"id":747,"href":"https:\/\/vhrc.fr\/en\/wp-json\/wp\/v2\/pages\/743\/revisions\/747"}],"up":[{"embeddable":true,"href":"https:\/\/vhrc.fr\/en\/wp-json\/wp\/v2\/pages\/183"}],"wp:featuredmedia":[{"embeddable":true,"href":"https:\/\/vhrc.fr\/en\/wp-json\/wp\/v2\/media\/973"}],"wp:attachment":[{"href":"https:\/\/vhrc.fr\/en\/wp-json\/wp\/v2\/media?parent=743"}],"curies":[{"name":"wp","href":"https:\/\/api.w.org\/{rel}","templated":true}]}}