{"id":758,"date":"2010-04-17T14:17:06","date_gmt":"2010-04-17T13:17:06","guid":{"rendered":"http:\/\/vhrc.fr\/?page_id=758"},"modified":"2012-06-14T12:13:15","modified_gmt":"2012-06-14T11:13:15","slug":"2010-manche-2-au-luc-en-provence-9-mai","status":"publish","type":"page","link":"https:\/\/vhrc.fr\/en\/historique\/vhrc-lhistorique\/2010vhrc\/2010-manche-2-au-luc-en-provence-9-mai\/","title":{"rendered":"2010 M2 Le Luc"},"content":{"rendered":"<h1>09 Mai 2010<\/h1>\n<h1>Compte rendu<\/h1>\n<h2>SITUATION<\/h2>\n<p>Circuit du luc\u00a0.distance185 km. T\u00b0 19\u00b0.<\/p>\n<p>M\u00e9t\u00e9o\u00a0:Couvert sans pluie.<\/p>\n<p>Piste\u00a0:glissante (Humide et grasse).<\/p>\n<p>Pilote\u00a0: VHRC..Absent\u00a0: St\u00e9ph heyberger . en panne \u00bc n\u2019a pas fait le d\u00e9placement\u00a0! (stef: pr\u00e9paration la veille et panne \u00e9lectrique non r\u00e9solue dans l&rsquo;urgence !)<\/p>\n<p>Ambiance\u00a0: Organisation\u2026..Bon accueil..Confort\u2026.(16 pilotes 1\/5).<\/p>\n<p>Au Menu\u00a0: 3 qualifs Le matin\u00a0: P\u00f4le\u00a0: Patrick Bols\u00e9e.(Spyder Renault) GENIAL\u00a0!!<\/p>\n<p>Apr\u00e8s midi\u00a0: 2 Finales de 15\u2019\u2026\u2026.<\/p>\n<h2>Humeur<\/h2>\n<p>C\u2019\u00e9tait beau de voir les deux grilles de d\u00e9part \u00e0 10 pilotes.( \u00e0 la recherche de photos si vous avez\u00a0! ) Le niveau monte en pilotage, la pr\u00e9pa auto s\u2019am\u00e9liore,mais encore des \u00e9tourderies qui engendrent des pannes\u00a0!( \u00e0 m\u00e9diter).Classement tr\u00e8s serr\u00e9 entre la 2\u00e9 et la 4\u00e9 place.<\/p>\n<h2>Ambiance pilotes<\/h2>\n<p>Daniel Begou\u00a0: porsche\u2026\u2026.33t\u2026..grille un pignon de transmission en 1\u00e9re finale\u00a0!R\u00e9gulier progresse.<\/p>\n<p>[singlepic id=842 w=320 h=240 float=]<\/p>\n<p>Alessandro Cerone\u00a0: 23t . Turbo 1\u2026..23t..Arr\u00eat ,charge accus 1\u00e9re manche\u2026..Grille un pignon en 2\u00e9 manche.Pilote,tr\u00e8s rapide mais\u00a0! \u00e0 m\u00e9diter\u2026\u2026..<\/p>\n<p>[singlepic id=878 w=320 h=240 float=]<\/p>\n<p>Patrick Bols\u00e9e\u00a0: spider R\u00a0: Train avant r\u00e9calcitrant dans les deux manches\u00a0(Fus\u00e9es volage)!N\u2019a pu s\u2019exprimer\u00a0 !Pilote Rapide et fair play.<\/p>\n<p>[singlepic id=872 w=320 h=240 float=]<\/p>\n<p>Thierry Tramier\u00a0: Twingo\u2026\u2026.50t . R\u00e9alise a la r\u00e9gularit\u00e9 ses deux finales ,progresse en r\u00e9glages. Passionn\u00e9,souriant \u2026\u2026\u2026Heureux de vivre\u00a0!<\/p>\n<p>[singlepic id=850 w=320 h=240 float=]<\/p>\n<p>Patrick Aubort\u00a0:BMW\u00a0: Des probl\u00e9mes d\u2019accroche,mais 53t\u2026\u2026.Merci pour le bon vin rouge suisse du repas de midi\u00a0!<\/p>\n<p>[singlepic id=853 w=320 h=240 float=]<\/p>\n<p>Vincent Roux\u00a0: 57t PORSCHE\u2026\u2026Probl\u00e9mes d\u2019accroche en 1\u00e9re Finale et fait deux en deuxi\u00e9me finale\u00a0! 57t\u2026\u2026..Beaucoup de fair play\u2026\u2026\u2026Pilote tr\u00e8s agr\u00e9able et \u00e9fficace\u00a0!comme on les aiment au VHRC<\/p>\n<p>[singlepic id=850 w=320 h=240 float=]<\/p>\n<p>Marc Coronas\u00a0:58t\u2026\u2026Tr\u00e8s r\u00e9gulier et rapide a un bon meccano\u00a0!Quelle \u00e9quipe.( une vis de basculeur a pris , La poudre d\u2019escampette)\u2026\u2026\u2026\u2026seul probl\u00e9me rencontrer.<\/p>\n<p>[singlepic id=854 w=320 h=240 float=]<\/p>\n<p>Gilles Bouisson\u00a0:Porsche\u00a0: Tr\u00e8s r\u00e9gulier,pilotage rapide et fin\u2026tr\u00e8s bonne pr\u00e9pa\u2026\u2026..a un super m\u00e9cano\u00a0!59t\u2026\u2026\u2026..devient redoutable\u00a0!<\/p>\n<p>[singlepic id=855 w=320 h=240 float=]<\/p>\n<p>Brice Giardini\u2026Porsche\u2026.66t\u2026\u2026IMPERIAL\u00a0! en glisse\u2026\u2026\u2026\u2026\u2026\u2026.<\/p>\n<p>[singlepic id=852 w=320 h=240 float=]<\/p>\n<p>Luc Giardini\u2026MINI cooper\u2026\u2026..60t\u2026On a souffert\u00a0! C\u2019\u00e9tait BON\u00a0!!!\u2026\u2026. STOP\u2026\u2026\u2026.<\/p>\n<p>[singlepic id=881 w=800 h=600 float=]<\/p>\n<p>On en redemande le\u00a0: <a title=\"2010 manche 3 VHRC 21e Grand Prix de Villeneuve les Avignon\" href=\"http:\/\/vhrc.fr\/historique\/vhrc-lhistorique\/2010-vhrc\/2010-manche-3-vhrc-21e-grand-prix-de-villeneuve-les-avignon\/\">13 JUIN \u00e0 villeneuve<\/a>,je compte sur vous\u00a0!<\/p>\n<p>LUC<\/p>\n<h1>photos<\/h1>\n<p><a href=\"http:\/\/vhrc.fr\/wp-content\/uploads\/2010\/04\/2857455272_1.JPG\"><img loading=\"lazy\" decoding=\"async\" class=\"alignnone size-full wp-image-815\" title=\"2857455272_1\" src=\"http:\/\/vhrc.fr\/wp-content\/uploads\/2010\/04\/2857455272_1.JPG\" alt=\"2857455272_1\" width=\"350\" height=\"262\" srcset=\"https:\/\/vhrc.fr\/wp-content\/uploads\/2010\/04\/2857455272_1.JPG 640w, https:\/\/vhrc.fr\/wp-content\/uploads\/2010\/04\/2857455272_1-500x375.jpg 500w\" sizes=\"auto, (max-width: 350px) 100vw, 350px\" \/><\/a><\/p>\n<p>[nggallery id=37]<\/p>\n<h1>Vid\u00e9o<\/h1>\n<p><object width=\"560\" height=\"420\" classid=\"clsid:d27cdb6e-ae6d-11cf-96b8-444553540000\" codebase=\"http:\/\/download.macromedia.com\/pub\/shockwave\/cabs\/flash\/swflash.cab#version=6,0,40,0\"><param name=\"allowFullScreen\" value=\"true\" \/><param name=\"allowScriptAccess\" value=\"always\" \/><param name=\"src\" value=\"http:\/\/www.dailymotion.com\/swf\/video\/xd9dhl?background=%23000000&amp;foreground=%23FF0000&amp;highlight=%23FFFFFF&amp;autoPlay=0&amp;hideInfos=0&amp;width=560&amp;additionalInfos=0&amp;colors=background%3A000000%3Bforeground%3AFF0000%3Bspecial%3AFFFFFF%3B\" \/><param name=\"allowfullscreen\" value=\"true\" \/><param name=\"allowscriptaccess\" value=\"always\" \/><embed width=\"560\" height=\"420\" type=\"application\/x-shockwave-flash\" src=\"http:\/\/www.dailymotion.com\/swf\/video\/xd9dhl?background=%23000000&amp;foreground=%23FF0000&amp;highlight=%23FFFFFF&amp;autoPlay=0&amp;hideInfos=0&amp;width=560&amp;additionalInfos=0&amp;colors=background%3A000000%3Bforeground%3AFF0000%3Bspecial%3AFFFFFF%3B\" allowFullScreen=\"true\" allowScriptAccess=\"always\" allowfullscreen=\"true\" allowscriptaccess=\"always\" \/><\/object><br \/>\n<strong><a href=\"http:\/\/www.dailymotion.com\/video\/xd9dhl_leluc-0001_sport\">leluc_0001<\/a><\/strong><br \/>\n<em>envoy\u00e9 par <a href=\"http:\/\/www.dailymotion.com\/eightman\">eightman<\/a>.<\/em><\/p>\n<p><object width=\"660\" height=\"525\" classid=\"clsid:d27cdb6e-ae6d-11cf-96b8-444553540000\" codebase=\"http:\/\/download.macromedia.com\/pub\/shockwave\/cabs\/flash\/swflash.cab#version=6,0,40,0\"><param name=\"allowFullScreen\" value=\"true\" \/><param name=\"allowscriptaccess\" value=\"always\" \/><param name=\"src\" value=\"http:\/\/www.youtube.com\/v\/593VURyDWmQ&amp;hl=fr_FR&amp;fs=1&amp;rel=0&amp;color1=0x5d1719&amp;color2=0xcd311b&amp;border=1\" \/><param name=\"allowfullscreen\" value=\"true\" \/><embed width=\"660\" height=\"525\" type=\"application\/x-shockwave-flash\" src=\"http:\/\/www.youtube.com\/v\/593VURyDWmQ&amp;hl=fr_FR&amp;fs=1&amp;rel=0&amp;color1=0x5d1719&amp;color2=0xcd311b&amp;border=1\" allowFullScreen=\"true\" allowscriptaccess=\"always\" allowfullscreen=\"true\" \/><\/object><br \/>\nla course des 1\/5 en finale<\/p>\n<h1><em>R\u00e9sultats<\/em><\/h1>\n<p><em>[table id=18 \/]<\/em><\/p>\n<h1><em>Programme<\/em><\/h1>\n<p><em>le club du <a href=\"http:\/\/www.mrcv.new.fr\/\">Luc<\/a> nous accueille.<\/em><\/p>\n<p><em>[singlepic id=134 w=320 h=240 float=]<\/em><\/p>\n<p><em>envoyez vos inscriptions!<\/em><\/p>\n<p><em><a href=\"http:\/\/vhrc.fr\/wp-content\/uploads\/2010\/04\/lelucpiste.jpg\"><img loading=\"lazy\" decoding=\"async\" class=\"alignnone size-full wp-image-759\" title=\"le luc piste\" src=\"http:\/\/vhrc.fr\/wp-content\/uploads\/2010\/04\/lelucpiste.jpg\" alt=\"le luc piste\" width=\"595\" height=\"361\" srcset=\"https:\/\/vhrc.fr\/wp-content\/uploads\/2010\/04\/lelucpiste.jpg 595w, https:\/\/vhrc.fr\/wp-content\/uploads\/2010\/04\/lelucpiste-500x303.jpg 500w\" sizes=\"auto, (max-width: 595px) 100vw, 595px\" \/><\/a><\/em><\/p>\n<div id=\"_mcePaste\" style=\"position: absolute; left: -10000px; top: 0px; width: 1px; height: 1px; overflow: hidden;\"><!-- \t\t@page { margin: 2cm } \t\tP { margin-bottom: 0.21cm } --><\/p>\n<p style=\"margin-bottom: 0cm;\"><span style=\"color: #002060;\"><span style=\"font-family: Castellar,serif;\"><span style=\"font-size: x-small;\"><em><em>Circuit du luc\u00a0.<\/em><\/em><\/span><\/span><\/span><span style=\"color: #002060;\"><span style=\"font-size: x-small;\"><em><em>distance<\/em><\/em><\/span><\/span><span style=\"color: #002060;\"><span style=\"font-size: small;\"><em><em>185 km. T\u00b0 19\u00b0.<\/em><\/em><\/span><\/span><\/p>\n<p style=\"margin-bottom: 0cm;\"><span style=\"color: #002060;\"><span style=\"font-size: small;\"><em><em>M\u00e9t\u00e9o\u00a0:Couvert sans pluie.<\/em><\/em><\/span><\/span><\/p>\n<p style=\"margin-bottom: 0cm;\"><span style=\"color: #002060;\"><span style=\"font-size: small;\"><em><em>Piste\u00a0:glissante (Humide et grasse).<\/em><\/em><\/span><\/span><\/p>\n<p style=\"margin-bottom: 0cm;\"><span style=\"color: #002060;\"><span style=\"font-size: small;\"><em><em>Pilote\u00a0: VHRC..Absent\u00a0: St\u00e9ph heyberger . en panne \u00bc n\u2019a pas fait le d\u00e9placement\u00a0!<\/em><\/em><\/span><\/span><\/p>\n<p style=\"margin-bottom: 0cm;\"><span style=\"color: #002060;\"><span style=\"font-size: small;\"><em><em>Ambiance\u00a0: Organisation\u2026..Bon accueil..Confort\u2026.(16 pilotes 1\/5).<\/em><\/em><\/span><\/span><\/p>\n<p style=\"margin-bottom: 0cm;\"><span style=\"color: #002060;\"><span style=\"font-size: small;\"><em><em>Au Menu\u00a0: 3 qualifs Le matin\u00a0: P\u00f4le\u00a0: Patrick Bols\u00e9e.(Spyder Renault) GENIAL\u00a0!!<\/em><\/em><\/span><\/span><\/p>\n<p style=\"margin-bottom: 0cm;\"><span style=\"color: #002060;\"><span style=\"font-size: small;\"><em><em>Apr\u00e8s midi\u00a0: 2 Finales de 15\u2019\u2026\u2026.<\/em><\/em><\/span><\/span><\/p>\n<\/div>\n","protected":false},"excerpt":{"rendered":"<p>09 Mai 2010 Compte rendu SITUATION Circuit du luc\u00a0.distance185 km. T\u00b0 19\u00b0. M\u00e9t\u00e9o\u00a0:Couvert sans pluie. Piste\u00a0:glissante (Humide et grasse). Pilote\u00a0:<\/p>","protected":false},"author":5,"featured_media":814,"parent":379,"menu_order":0,"comment_status":"open","ping_status":"open","template":"","meta":{"colormag_page_container_layout":"default_layout","colormag_page_sidebar_layout":"default_layout","footnotes":""},"class_list":["post-758","page","type-page","status-publish","has-post-thumbnail","hentry"],"_links":{"self":[{"href":"https:\/\/vhrc.fr\/en\/wp-json\/wp\/v2\/pages\/758","targetHints":{"allow":["GET"]}}],"collection":[{"href":"https:\/\/vhrc.fr\/en\/wp-json\/wp\/v2\/pages"}],"about":[{"href":"https:\/\/vhrc.fr\/en\/wp-json\/wp\/v2\/types\/page"}],"author":[{"embeddable":true,"href":"https:\/\/vhrc.fr\/en\/wp-json\/wp\/v2\/users\/5"}],"replies":[{"embeddable":true,"href":"https:\/\/vhrc.fr\/en\/wp-json\/wp\/v2\/comments?post=758"}],"version-history":[{"count":16,"href":"https:\/\/vhrc.fr\/en\/wp-json\/wp\/v2\/pages\/758\/revisions"}],"predecessor-version":[{"id":2664,"href":"https:\/\/vhrc.fr\/en\/wp-json\/wp\/v2\/pages\/758\/revisions\/2664"}],"up":[{"embeddable":true,"href":"https:\/\/vhrc.fr\/en\/wp-json\/wp\/v2\/pages\/379"}],"wp:featuredmedia":[{"embeddable":true,"href":"https:\/\/vhrc.fr\/en\/wp-json\/wp\/v2\/media\/814"}],"wp:attachment":[{"href":"https:\/\/vhrc.fr\/en\/wp-json\/wp\/v2\/media?parent=758"}],"curies":[{"name":"wp","href":"https:\/\/api.w.org\/{rel}","templated":true}]}}