{"id":7589,"date":"2017-02-16T12:10:15","date_gmt":"2017-02-16T11:10:15","guid":{"rendered":"http:\/\/vhrc.fr\/?page_id=7589"},"modified":"2025-07-08T09:22:52","modified_gmt":"2025-07-08T08:22:52","slug":"2017-vhrc","status":"publish","type":"page","link":"https:\/\/vhrc.fr\/en\/historique\/vhrc-lhistorique\/2017-vhrc\/","title":{"rendered":"2017 VHRC"},"content":{"rendered":"<h1>Les \u00e9preuves du VHRC 2017<\/h1>\n<p><a href=\"http:\/\/vhrc.fr\/wp-content\/uploads\/2017\/02\/vhrc-2017-logos-v-1.1b.jpg\"><img loading=\"lazy\" decoding=\"async\" class=\"alignnone wp-image-7590\" src=\"http:\/\/vhrc.fr\/wp-content\/uploads\/2017\/02\/vhrc-2017-logos-v-1.1b-500x342.jpg\" width=\"196\" height=\"134\" srcset=\"https:\/\/vhrc.fr\/wp-content\/uploads\/2017\/02\/vhrc-2017-logos-v-1.1b-500x342.jpg 500w, https:\/\/vhrc.fr\/wp-content\/uploads\/2017\/02\/vhrc-2017-logos-v-1.1b-768x525.jpg 768w, https:\/\/vhrc.fr\/wp-content\/uploads\/2017\/02\/vhrc-2017-logos-v-1.1b-800x547.jpg 800w, https:\/\/vhrc.fr\/wp-content\/uploads\/2017\/02\/vhrc-2017-logos-v-1.1b.jpg 1600w\" sizes=\"auto, (max-width: 196px) 100vw, 196px\" \/><\/a><\/p>\n<p>&nbsp;<\/p>\n<div class=\"pt-cv-wrapper\"><div class=\"pt-cv-view pt-cv-grid pt-cv-colsys\" id=\"pt-cv-view-f12955bk45\"><div data-id=\"pt-cv-page-1\" class=\"pt-cv-page\" data-cvc=\"2\"><div class=\"col-md-6 col-sm-6 col-xs-12 pt-cv-content-item pt-cv-1-col\" ><div class='pt-cv-ifield'><a href=\"https:\/\/vhrc.fr\/en\/historique\/vhrc-lhistorique\/2017-vhrc\/2017-m01-montpellier\/\" class=\"_self pt-cv-href-thumbnail pt-cv-thumb-default\" target=\"_self\" ><img loading=\"lazy\" decoding=\"async\" width=\"400\" height=\"249\" src=\"https:\/\/vhrc.fr\/wp-content\/uploads\/2012\/01\/circuit-AMO-montpellier-satellite1-500x311.jpg\" class=\"pt-cv-thumbnail\" alt=\"\" srcset=\"https:\/\/vhrc.fr\/wp-content\/uploads\/2012\/01\/circuit-AMO-montpellier-satellite1-500x311.jpg 500w, https:\/\/vhrc.fr\/wp-content\/uploads\/2012\/01\/circuit-AMO-montpellier-satellite1-800x498.jpg 800w, https:\/\/vhrc.fr\/wp-content\/uploads\/2012\/01\/circuit-AMO-montpellier-satellite1.jpg 1000w\" sizes=\"auto, (max-width: 400px) 100vw, 400px\" \/><\/a>\n<h4 class=\"pt-cv-title\"><a href=\"https:\/\/vhrc.fr\/en\/historique\/vhrc-lhistorique\/2017-vhrc\/2017-m01-montpellier\/\" class=\"_self\" target=\"_self\" >2017 M01 Montpellier<\/a><\/h4>\n<div class=\"pt-cv-content\">montpellier 5 mars 2017 Une matin\u00e9e humide sur la piste, piste glissante mais nous avons plut\u00f4t bien roul\u00e9 ! L'aprem, ...<br \/><div class=\"pt-cv-rmwrap\"><a href=\"https:\/\/vhrc.fr\/en\/historique\/vhrc-lhistorique\/2017-vhrc\/2017-m01-montpellier\/\" class=\"_self pt-cv-readmore btn btn-success\" target=\"_self\">Lire La Suite\u2026<\/a><\/div><\/div><\/div><\/div>\n<div class=\"col-md-6 col-sm-6 col-xs-12 pt-cv-content-item pt-cv-1-col\" ><div class='pt-cv-ifield'><a href=\"https:\/\/vhrc.fr\/en\/historique\/vhrc-lhistorique\/2017-vhrc\/2017-m02-orange\/\" class=\"_self pt-cv-href-thumbnail pt-cv-thumb-default\" target=\"_self\" ><img loading=\"lazy\" decoding=\"async\" width=\"400\" height=\"210\" src=\"https:\/\/vhrc.fr\/wp-content\/uploads\/2017\/02\/piste-pmo-ciel-500x262.jpg\" class=\"pt-cv-thumbnail\" alt=\"\" srcset=\"https:\/\/vhrc.fr\/wp-content\/uploads\/2017\/02\/piste-pmo-ciel-500x262.jpg 500w, https:\/\/vhrc.fr\/wp-content\/uploads\/2017\/02\/piste-pmo-ciel-768x403.jpg 768w, https:\/\/vhrc.fr\/wp-content\/uploads\/2017\/02\/piste-pmo-ciel-800x420.jpg 800w, https:\/\/vhrc.fr\/wp-content\/uploads\/2017\/02\/piste-pmo-ciel.jpg 2048w\" sizes=\"auto, (max-width: 400px) 100vw, 400px\" \/><\/a>\n<h4 class=\"pt-cv-title\"><a href=\"https:\/\/vhrc.fr\/en\/historique\/vhrc-lhistorique\/2017-vhrc\/2017-m02-orange\/\" class=\"_self\" target=\"_self\" >2017 M02 Orange<\/a><\/h4>\n<div class=\"pt-cv-content\">2e manche du challenge VHRC 2017 \u00e0 Orange PMO 2e manche sur la piste PMO poids des autos pr\u00e9 NOM ...<br \/><div class=\"pt-cv-rmwrap\"><a href=\"https:\/\/vhrc.fr\/en\/historique\/vhrc-lhistorique\/2017-vhrc\/2017-m02-orange\/\" class=\"_self pt-cv-readmore btn btn-success\" target=\"_self\">Lire La Suite\u2026<\/a><\/div><\/div><\/div><\/div>\n<div class=\"col-md-6 col-sm-6 col-xs-12 pt-cv-content-item pt-cv-1-col\" ><div class='pt-cv-ifield'><a href=\"https:\/\/vhrc.fr\/en\/historique\/vhrc-lhistorique\/2017-vhrc\/2017-m03-le-luc\/\" class=\"_self pt-cv-href-thumbnail pt-cv-thumb-default\" target=\"_self\" ><img loading=\"lazy\" decoding=\"async\" width=\"400\" height=\"120\" src=\"https:\/\/vhrc.fr\/wp-content\/uploads\/2017\/02\/le-luc-peinture-dec-2016-500x150.jpg\" class=\"pt-cv-thumbnail\" alt=\"\" srcset=\"https:\/\/vhrc.fr\/wp-content\/uploads\/2017\/02\/le-luc-peinture-dec-2016-500x150.jpg 500w, https:\/\/vhrc.fr\/wp-content\/uploads\/2017\/02\/le-luc-peinture-dec-2016-768x230.jpg 768w, https:\/\/vhrc.fr\/wp-content\/uploads\/2017\/02\/le-luc-peinture-dec-2016-800x240.jpg 800w\" sizes=\"auto, (max-width: 400px) 100vw, 400px\" \/><\/a>\n<h4 class=\"pt-cv-title\"><a href=\"https:\/\/vhrc.fr\/en\/historique\/vhrc-lhistorique\/2017-vhrc\/2017-m03-le-luc\/\" class=\"_self\" target=\"_self\" >2017 M03 Le Luc<\/a><\/h4>\n<div class=\"pt-cv-content\">le 14 Mai 2017 Circuit du LUC : Route des Mayons A 57 ,base de loisirs du LUC.83340 ...<br \/><div class=\"pt-cv-rmwrap\"><a href=\"https:\/\/vhrc.fr\/en\/historique\/vhrc-lhistorique\/2017-vhrc\/2017-m03-le-luc\/\" class=\"_self pt-cv-readmore btn btn-success\" target=\"_self\">Lire La Suite\u2026<\/a><\/div><\/div><\/div><\/div>\n<div class=\"col-md-6 col-sm-6 col-xs-12 pt-cv-content-item pt-cv-1-col\" ><div class='pt-cv-ifield'><a href=\"https:\/\/vhrc.fr\/en\/historique\/vhrc-lhistorique\/2017-vhrc\/2017-m04-grenoble\/\" class=\"_self pt-cv-href-thumbnail pt-cv-thumb-default\" target=\"_self\" ><img loading=\"lazy\" decoding=\"async\" width=\"400\" height=\"341\" src=\"https:\/\/vhrc.fr\/wp-content\/uploads\/2017\/02\/racg-500x426.jpg\" class=\"pt-cv-thumbnail\" alt=\"\" srcset=\"https:\/\/vhrc.fr\/wp-content\/uploads\/2017\/02\/racg-500x426.jpg 500w, https:\/\/vhrc.fr\/wp-content\/uploads\/2017\/02\/racg.jpg 725w\" sizes=\"auto, (max-width: 400px) 100vw, 400px\" \/><\/a>\n<h4 class=\"pt-cv-title\"><a href=\"https:\/\/vhrc.fr\/en\/historique\/vhrc-lhistorique\/2017-vhrc\/2017-m04-grenoble\/\" class=\"_self\" target=\"_self\" >2017 M04 Grenoble<\/a><\/h4>\n<div class=\"pt-cv-content\">20\/21 mai avec la course de Ligue 1:5 RACG Quelques lignes ,pour vous retracer rapidement notre participation \u00e0\u00a0: la manche ...<br \/><div class=\"pt-cv-rmwrap\"><a href=\"https:\/\/vhrc.fr\/en\/historique\/vhrc-lhistorique\/2017-vhrc\/2017-m04-grenoble\/\" class=\"_self pt-cv-readmore btn btn-success\" target=\"_self\">Lire La Suite\u2026<\/a><\/div><\/div><\/div><\/div>\n<div class=\"col-md-6 col-sm-6 col-xs-12 pt-cv-content-item pt-cv-1-col\" ><div class='pt-cv-ifield'><a href=\"https:\/\/vhrc.fr\/en\/historique\/vhrc-lhistorique\/2017-vhrc\/2017-m05-marmousets\/\" class=\"_self pt-cv-href-thumbnail pt-cv-thumb-default\" target=\"_self\" ><img loading=\"lazy\" decoding=\"async\" width=\"400\" height=\"357\" src=\"https:\/\/vhrc.fr\/wp-content\/uploads\/2017\/02\/marmousets-500x446.jpg\" class=\"pt-cv-thumbnail\" alt=\"\" srcset=\"https:\/\/vhrc.fr\/wp-content\/uploads\/2017\/02\/marmousets-500x446.jpg 500w, https:\/\/vhrc.fr\/wp-content\/uploads\/2017\/02\/marmousets-768x685.jpg 768w, https:\/\/vhrc.fr\/wp-content\/uploads\/2017\/02\/marmousets-800x713.jpg 800w, https:\/\/vhrc.fr\/wp-content\/uploads\/2017\/02\/marmousets.jpg 803w\" sizes=\"auto, (max-width: 400px) 100vw, 400px\" \/><\/a>\n<h4 class=\"pt-cv-title\"><a href=\"https:\/\/vhrc.fr\/en\/historique\/vhrc-lhistorique\/2017-vhrc\/2017-m05-marmousets\/\" class=\"_self\" target=\"_self\" >2017 M05 Marmousets<\/a><\/h4>\n<div class=\"pt-cv-content\">Rasso #3 Les pilotes se sont r\u00e9unis pour la cinqui\u00e8me manche du VHRC 2017 sur le complexe des Marmousets, club ...<br \/><div class=\"pt-cv-rmwrap\"><a href=\"https:\/\/vhrc.fr\/en\/historique\/vhrc-lhistorique\/2017-vhrc\/2017-m05-marmousets\/\" class=\"_self pt-cv-readmore btn btn-success\" target=\"_self\">Lire La Suite\u2026<\/a><\/div><\/div><\/div><\/div>\n<div class=\"col-md-6 col-sm-6 col-xs-12 pt-cv-content-item pt-cv-1-col\" ><div class='pt-cv-ifield'><a href=\"https:\/\/vhrc.fr\/en\/historique\/vhrc-lhistorique\/2017-vhrc\/2017-m06-orange\/\" class=\"_self pt-cv-href-thumbnail pt-cv-thumb-default\" target=\"_self\" ><img loading=\"lazy\" decoding=\"async\" width=\"400\" height=\"210\" src=\"https:\/\/vhrc.fr\/wp-content\/uploads\/2017\/02\/piste-pmo-ciel-500x262.jpg\" class=\"pt-cv-thumbnail\" alt=\"\" srcset=\"https:\/\/vhrc.fr\/wp-content\/uploads\/2017\/02\/piste-pmo-ciel-500x262.jpg 500w, https:\/\/vhrc.fr\/wp-content\/uploads\/2017\/02\/piste-pmo-ciel-768x403.jpg 768w, https:\/\/vhrc.fr\/wp-content\/uploads\/2017\/02\/piste-pmo-ciel-800x420.jpg 800w, https:\/\/vhrc.fr\/wp-content\/uploads\/2017\/02\/piste-pmo-ciel.jpg 2048w\" sizes=\"auto, (max-width: 400px) 100vw, 400px\" \/><\/a>\n<h4 class=\"pt-cv-title\"><a href=\"https:\/\/vhrc.fr\/en\/historique\/vhrc-lhistorique\/2017-vhrc\/2017-m06-orange\/\" class=\"_self\" target=\"_self\" >2017 M06 Orange<\/a><\/h4>\n<div class=\"pt-cv-content\">retour au PMO le 11 Juin 2017 pour cette manche 06 R\u00e9sum\u00e9 Les pilotes se sont r\u00e9unis pour cette 6\u00e8me ...<br \/><div class=\"pt-cv-rmwrap\"><a href=\"https:\/\/vhrc.fr\/en\/historique\/vhrc-lhistorique\/2017-vhrc\/2017-m06-orange\/\" class=\"_self pt-cv-readmore btn btn-success\" target=\"_self\">Lire La Suite\u2026<\/a><\/div><\/div><\/div><\/div>\n<div class=\"col-md-6 col-sm-6 col-xs-12 pt-cv-content-item pt-cv-1-col\" ><div class='pt-cv-ifield'><a href=\"https:\/\/vhrc.fr\/en\/historique\/vhrc-lhistorique\/2017-vhrc\/2017-m07-beaumont-mx\/\" class=\"_self pt-cv-href-thumbnail pt-cv-thumb-default\" target=\"_self\" ><img loading=\"lazy\" decoding=\"async\" width=\"400\" height=\"302\" src=\"https:\/\/vhrc.fr\/wp-content\/uploads\/2017\/02\/beaumont-mx-500x378.jpg\" class=\"pt-cv-thumbnail\" alt=\"\" srcset=\"https:\/\/vhrc.fr\/wp-content\/uploads\/2017\/02\/beaumont-mx-500x378.jpg 500w, https:\/\/vhrc.fr\/wp-content\/uploads\/2017\/02\/beaumont-mx-768x580.jpg 768w, https:\/\/vhrc.fr\/wp-content\/uploads\/2017\/02\/beaumont-mx-800x604.jpg 800w, https:\/\/vhrc.fr\/wp-content\/uploads\/2017\/02\/beaumont-mx.jpg 817w\" sizes=\"auto, (max-width: 400px) 100vw, 400px\" \/><\/a>\n<h4 class=\"pt-cv-title\"><a href=\"https:\/\/vhrc.fr\/en\/historique\/vhrc-lhistorique\/2017-vhrc\/2017-m07-beaumont-mx\/\" class=\"_self\" target=\"_self\" >2017 M07 Beaumont Mx<\/a><\/h4>\n<div class=\"pt-cv-content\">manche amicale \u00e0 Beaumont MOnteux le 9 Juillet 2017 BMVRC (Beaumont Monteux Voitures Radio-Command\u00e9es) Compte rendu : M7 Beaumont Monteux ...<br \/><div class=\"pt-cv-rmwrap\"><a href=\"https:\/\/vhrc.fr\/en\/historique\/vhrc-lhistorique\/2017-vhrc\/2017-m07-beaumont-mx\/\" class=\"_self pt-cv-readmore btn btn-success\" target=\"_self\">Lire La Suite\u2026<\/a><\/div><\/div><\/div><\/div>\n<div class=\"col-md-6 col-sm-6 col-xs-12 pt-cv-content-item pt-cv-1-col\" ><div class='pt-cv-ifield'><a href=\"https:\/\/vhrc.fr\/en\/historique\/vhrc-lhistorique\/2017-vhrc\/2017-m10-besancon\/\" class=\"_self pt-cv-href-thumbnail pt-cv-thumb-default\" target=\"_self\" ><img loading=\"lazy\" decoding=\"async\" width=\"400\" height=\"239\" src=\"https:\/\/vhrc.fr\/wp-content\/uploads\/2017\/02\/besan\u00e7on-avion-500x299.jpg\" class=\"pt-cv-thumbnail\" alt=\"\" srcset=\"https:\/\/vhrc.fr\/wp-content\/uploads\/2017\/02\/besan\u00e7on-avion-500x299.jpg 500w, https:\/\/vhrc.fr\/wp-content\/uploads\/2017\/02\/besan\u00e7on-avion-768x459.jpg 768w, https:\/\/vhrc.fr\/wp-content\/uploads\/2017\/02\/besan\u00e7on-avion-800x478.jpg 800w, https:\/\/vhrc.fr\/wp-content\/uploads\/2017\/02\/besan\u00e7on-avion.jpg 1104w\" sizes=\"auto, (max-width: 400px) 100vw, 400px\" \/><\/a>\n<h4 class=\"pt-cv-title\"><a href=\"https:\/\/vhrc.fr\/en\/historique\/vhrc-lhistorique\/2017-vhrc\/2017-m10-besancon\/\" class=\"_self\" target=\"_self\" >2017 M08 Besan\u00e7on<\/a><\/h4>\n<div class=\"pt-cv-content\">8e manche VHRC 2017 10 Septembre 2017 \/ D233 25410 Pouilley-Fran\u00e7ais Cette 8\u00e8me manche du VHRC s'est d\u00e9roul\u00e9 sur le ...<br \/><div class=\"pt-cv-rmwrap\"><a href=\"https:\/\/vhrc.fr\/en\/historique\/vhrc-lhistorique\/2017-vhrc\/2017-m10-besancon\/\" class=\"_self pt-cv-readmore btn btn-success\" target=\"_self\">Lire La Suite\u2026<\/a><\/div><\/div><\/div><\/div>\n<div class=\"col-md-6 col-sm-6 col-xs-12 pt-cv-content-item pt-cv-1-col\" ><div class='pt-cv-ifield'><a href=\"https:\/\/vhrc.fr\/en\/historique\/vhrc-lhistorique\/2017-vhrc\/2017-m09-orange\/\" class=\"_self pt-cv-href-thumbnail pt-cv-thumb-default\" target=\"_self\" ><img loading=\"lazy\" decoding=\"async\" width=\"400\" height=\"210\" src=\"https:\/\/vhrc.fr\/wp-content\/uploads\/2017\/02\/piste-pmo-ciel-500x262.jpg\" class=\"pt-cv-thumbnail\" alt=\"\" srcset=\"https:\/\/vhrc.fr\/wp-content\/uploads\/2017\/02\/piste-pmo-ciel-500x262.jpg 500w, https:\/\/vhrc.fr\/wp-content\/uploads\/2017\/02\/piste-pmo-ciel-768x403.jpg 768w, https:\/\/vhrc.fr\/wp-content\/uploads\/2017\/02\/piste-pmo-ciel-800x420.jpg 800w, https:\/\/vhrc.fr\/wp-content\/uploads\/2017\/02\/piste-pmo-ciel.jpg 2048w\" sizes=\"auto, (max-width: 400px) 100vw, 400px\" \/><\/a>\n<h4 class=\"pt-cv-title\"><a href=\"https:\/\/vhrc.fr\/en\/historique\/vhrc-lhistorique\/2017-vhrc\/2017-m09-orange\/\" class=\"_self\" target=\"_self\" >2017 M09 Orange<\/a><\/h4>\n<div class=\"pt-cv-content\">17 Septembre 2017 retour \u00e0 Orange sur la piste de PMO pour une 9e manche du VHRC 2017 Sous un ...<br \/><div class=\"pt-cv-rmwrap\"><a href=\"https:\/\/vhrc.fr\/en\/historique\/vhrc-lhistorique\/2017-vhrc\/2017-m09-orange\/\" class=\"_self pt-cv-readmore btn btn-success\" target=\"_self\">Lire La Suite\u2026<\/a><\/div><\/div><\/div><\/div>\n<div class=\"col-md-6 col-sm-6 col-xs-12 pt-cv-content-item pt-cv-1-col\" ><div class='pt-cv-ifield'><a href=\"https:\/\/vhrc.fr\/en\/historique\/vhrc-lhistorique\/2017-vhrc\/2017-m11-montpellier\/\" class=\"_self pt-cv-href-thumbnail pt-cv-thumb-default\" target=\"_self\" ><img loading=\"lazy\" decoding=\"async\" width=\"400\" height=\"249\" src=\"https:\/\/vhrc.fr\/wp-content\/uploads\/2012\/01\/circuit-AMO-montpellier-satellite1-500x311.jpg\" class=\"pt-cv-thumbnail\" alt=\"\" srcset=\"https:\/\/vhrc.fr\/wp-content\/uploads\/2012\/01\/circuit-AMO-montpellier-satellite1-500x311.jpg 500w, https:\/\/vhrc.fr\/wp-content\/uploads\/2012\/01\/circuit-AMO-montpellier-satellite1-800x498.jpg 800w, https:\/\/vhrc.fr\/wp-content\/uploads\/2012\/01\/circuit-AMO-montpellier-satellite1.jpg 1000w\" sizes=\"auto, (max-width: 400px) 100vw, 400px\" \/><\/a>\n<h4 class=\"pt-cv-title\"><a href=\"https:\/\/vhrc.fr\/en\/historique\/vhrc-lhistorique\/2017-vhrc\/2017-m11-montpellier\/\" class=\"_self\" target=\"_self\" >2017 M10 montpellier<\/a><\/h4>\n<div class=\"pt-cv-content\">1er Octobre 2017 Compte rendu : M9 Montpellier - 1er Octobre 2017 Cette 9\u00e8me manche du VHRC s'est d\u00e9roul\u00e9 sur ...<br \/><div class=\"pt-cv-rmwrap\"><a href=\"https:\/\/vhrc.fr\/en\/historique\/vhrc-lhistorique\/2017-vhrc\/2017-m11-montpellier\/\" class=\"_self pt-cv-readmore btn btn-success\" target=\"_self\">Lire La Suite\u2026<\/a><\/div><\/div><\/div><\/div><\/div><\/div><\/div>\n<p><iframe loading=\"lazy\" src=\"https:\/\/www.google.com\/maps\/d\/u\/0\/embed?mid=z8brhk1Tp2Vw.kdnfpPh6Hy7c\" width=\"800\" height=\"600\"><\/iframe><\/p>\n<h1>r\u00e9union pr\u00e9paration saison 2016<\/h1>","protected":false},"excerpt":{"rendered":"<p>Les \u00e9preuves du VHRC 2017 &nbsp; r\u00e9union pr\u00e9paration saison 2016<\/p>","protected":false},"author":5,"featured_media":7590,"parent":686,"menu_order":0,"comment_status":"closed","ping_status":"closed","template":"","meta":{"colormag_page_container_layout":"default_layout","colormag_page_sidebar_layout":"default_layout","footnotes":""},"class_list":["post-7589","page","type-page","status-publish","has-post-thumbnail","hentry"],"_links":{"self":[{"href":"https:\/\/vhrc.fr\/en\/wp-json\/wp\/v2\/pages\/7589","targetHints":{"allow":["GET"]}}],"collection":[{"href":"https:\/\/vhrc.fr\/en\/wp-json\/wp\/v2\/pages"}],"about":[{"href":"https:\/\/vhrc.fr\/en\/wp-json\/wp\/v2\/types\/page"}],"author":[{"embeddable":true,"href":"https:\/\/vhrc.fr\/en\/wp-json\/wp\/v2\/users\/5"}],"replies":[{"embeddable":true,"href":"https:\/\/vhrc.fr\/en\/wp-json\/wp\/v2\/comments?post=7589"}],"version-history":[{"count":4,"href":"https:\/\/vhrc.fr\/en\/wp-json\/wp\/v2\/pages\/7589\/revisions"}],"predecessor-version":[{"id":9339,"href":"https:\/\/vhrc.fr\/en\/wp-json\/wp\/v2\/pages\/7589\/revisions\/9339"}],"up":[{"embeddable":true,"href":"https:\/\/vhrc.fr\/en\/wp-json\/wp\/v2\/pages\/686"}],"wp:featuredmedia":[{"embeddable":true,"href":"https:\/\/vhrc.fr\/en\/wp-json\/wp\/v2\/media\/7590"}],"wp:attachment":[{"href":"https:\/\/vhrc.fr\/en\/wp-json\/wp\/v2\/media?parent=7589"}],"curies":[{"name":"wp","href":"https:\/\/api.w.org\/{rel}","templated":true}]}}