{"id":7625,"date":"2017-02-27T13:16:20","date_gmt":"2017-02-27T12:16:20","guid":{"rendered":"http:\/\/vhrc.fr\/?page_id=7625"},"modified":"2025-07-08T09:23:12","modified_gmt":"2025-07-08T08:23:12","slug":"2017-m04-grenoble","status":"publish","type":"page","link":"https:\/\/vhrc.fr\/en\/historique\/vhrc-lhistorique\/2017-vhrc\/2017-m04-grenoble\/","title":{"rendered":"2017 M04 Grenoble"},"content":{"rendered":"<h1>20\/21 mai avec la course de Ligue 1:5<\/h1>\n<p>RACG<\/p>\n<p><em><strong>Quelques lignes ,pour vous retracer rapidement notre participation \u00e0\u00a0:<\/strong><\/em><\/p>\n<p><em>la manche <\/em><em>4<\/em><em>\u2026\u2026\u2026. du VHRC \u00e0 MONTBONNOT St MARTIN (GRENOBLE).<\/em><\/p>\n<p><em>\u00a0UN seul mot\u00a0: RAVIS, nous nous sommes \u00a0 \u00a0 \u00a0 \u00a0 \u00a0 \u00a0 retrouv\u00e9s dans un cadre somptueux entour\u00e9s de part et d&rsquo;autre de la chaine des Alpes enneig\u00e9e ,sous une m\u00e9t\u00e9o estivale,<\/em><\/p>\n<p><em>\u00a0Nous d\u00e9couvrions un complexe de verdure, immense d\u00e9di\u00e9 au mod\u00e9lisme auto.<\/em><\/p>\n<p><em>\u00a0Afin d&rsquo;accueillir dans des conditions de confort optimales , tout a \u00e9t\u00e9 pens\u00e9 afin pour faciliter le mod\u00e9liste.<\/em><\/p>\n<p><em>\u00a0Des stands facilement accessibles ,une station de comptage immense, deux escaliers en bois desservant le podium d&rsquo;une hauteur agr\u00e9able, un circuit au rev\u00eatement neuf ,un \u00ab\u00a0billard\u00a0\u00bb tr\u00e8s sineux bord\u00e9 de gazon.<\/em><\/p>\n<p><em>Un \u00ab\u00a0club House\u00a0\u00bb avec menus et cartes et ,boissons afin de restaurer nos estomacs affam\u00e9s.<\/em><\/p>\n<p><em>Tout est pr\u00e9vu, pour rendre encore plus agr\u00e9able sa passion. au comp\u00e9titeur&#8230;&#8230;&#8230;..<\/em><\/p>\n<p><em>\u00a0<\/em><strong><em>-R\u00e9mi compl\u00e9tera<\/em><\/strong><em> ,par les classements et compte rendu cet \u00e9crit.<\/em><\/p>\n<p><em>\u00a0-Nous nous sommes retrouv\u00e9s ,14 inscrits en deux cat\u00e9gories ,Libre et HIStO\u00a0.<\/em><\/p>\n<p><em>Un absent excus\u00e9\u00a0: Gr\u00e9gory Julian. Histo\u00a0!<\/em><\/p>\n<p><em><u>Au programme\u00a0:<\/u><\/em><\/p>\n<p><em>-TROIS QUALIFS DE 5&prime; ET DEUX FINALES DE 15&prime;.<\/em><\/p>\n<p><em>\u00a0-Dans le \u00ab\u00a0Paddock\u00a0\u00bb il y a fort longtemps que je n&rsquo;avais pas vu autant de pilotes 1\/8 Thermique,et de cat\u00e9gories 1\/5 tr\u00e8s fournies.<br \/>\n<\/em><\/p>\n<p><em> \u00ab\u00a0En Marche\u00a0\u00bb<\/em><\/p>\n<p><em>\u00a0-Tout ce beau monde du mod\u00e9lisme auto s&rsquo;en est donn\u00e9 a c\u0153ur joie ,on en redemande,le RDV est pr\u00e9vu pour 2018, ci joint quelques photos souvenirs.<\/em><\/p>\n<p><em>\u00a0Merci au club RACG de Montbonnot\u00a0 de nous avoir accueillis\u00a0!.<\/em><\/p>\n<div id='gallery-1' class='gallery galleryid-7625 gallery-columns-3 gallery-size-colormag-featured-image'><figure class='gallery-item'>\n\t\t\t<div class='gallery-icon portrait'>\n\t\t\t\t<a href='https:\/\/vhrc.fr\/en\/historique\/vhrc-lhistorique\/2017-vhrc\/2017-m04-grenoble\/podium-libre-grenoble-2017\/'><img loading=\"lazy\" decoding=\"async\" width=\"250\" height=\"445\" src=\"https:\/\/vhrc.fr\/wp-content\/uploads\/2017\/02\/podium-libre-grenoble-2017.jpg\" class=\"attachment-colormag-featured-image size-colormag-featured-image\" alt=\"\" srcset=\"https:\/\/vhrc.fr\/wp-content\/uploads\/2017\/02\/podium-libre-grenoble-2017.jpg 1152w, https:\/\/vhrc.fr\/wp-content\/uploads\/2017\/02\/podium-libre-grenoble-2017-281x500.jpg 281w, https:\/\/vhrc.fr\/wp-content\/uploads\/2017\/02\/podium-libre-grenoble-2017-768x1365.jpg 768w, https:\/\/vhrc.fr\/wp-content\/uploads\/2017\/02\/podium-libre-grenoble-2017-450x800.jpg 450w\" sizes=\"auto, (max-width: 250px) 100vw, 250px\" \/><\/a>\n\t\t\t<\/div><\/figure><figure class='gallery-item'>\n\t\t\t<div class='gallery-icon landscape'>\n\t\t\t\t<a href='https:\/\/vhrc.fr\/en\/historique\/vhrc-lhistorique\/2017-vhrc\/2017-m04-grenoble\/ge-digital-camera-635\/'><img loading=\"lazy\" decoding=\"async\" width=\"480\" height=\"360\" src=\"https:\/\/vhrc.fr\/wp-content\/uploads\/2017\/02\/GEDC1678.jpg\" class=\"attachment-colormag-featured-image size-colormag-featured-image\" alt=\"\" aria-describedby=\"gallery-1-7959\" \/><\/a>\n\t\t\t<\/div>\n\t\t\t\t<figcaption class='wp-caption-text gallery-caption' id='gallery-1-7959'>\n\t\t\t\tGE DIGITAL CAMERA\n\t\t\t\t<\/figcaption><\/figure><figure class='gallery-item'>\n\t\t\t<div class='gallery-icon landscape'>\n\t\t\t\t<a href='https:\/\/vhrc.fr\/en\/historique\/vhrc-lhistorique\/2017-vhrc\/2017-m04-grenoble\/ge-digital-camera-636\/'><img loading=\"lazy\" decoding=\"async\" width=\"480\" height=\"360\" src=\"https:\/\/vhrc.fr\/wp-content\/uploads\/2017\/02\/GEDC1679.jpg\" class=\"attachment-colormag-featured-image size-colormag-featured-image\" alt=\"\" aria-describedby=\"gallery-1-7960\" \/><\/a>\n\t\t\t<\/div>\n\t\t\t\t<figcaption class='wp-caption-text gallery-caption' id='gallery-1-7960'>\n\t\t\t\tGE DIGITAL CAMERA\n\t\t\t\t<\/figcaption><\/figure><figure class='gallery-item'>\n\t\t\t<div class='gallery-icon landscape'>\n\t\t\t\t<a href='https:\/\/vhrc.fr\/en\/historique\/vhrc-lhistorique\/2017-vhrc\/2017-m04-grenoble\/ge-digital-camera-637\/'><img loading=\"lazy\" decoding=\"async\" width=\"480\" height=\"360\" src=\"https:\/\/vhrc.fr\/wp-content\/uploads\/2017\/02\/GEDC1680.jpg\" class=\"attachment-colormag-featured-image size-colormag-featured-image\" alt=\"\" aria-describedby=\"gallery-1-7961\" \/><\/a>\n\t\t\t<\/div>\n\t\t\t\t<figcaption class='wp-caption-text gallery-caption' id='gallery-1-7961'>\n\t\t\t\tGE DIGITAL CAMERA\n\t\t\t\t<\/figcaption><\/figure><figure class='gallery-item'>\n\t\t\t<div class='gallery-icon landscape'>\n\t\t\t\t<a href='https:\/\/vhrc.fr\/en\/historique\/vhrc-lhistorique\/2017-vhrc\/2017-m04-grenoble\/ge-digital-camera-638\/'><img loading=\"lazy\" decoding=\"async\" width=\"480\" height=\"360\" src=\"https:\/\/vhrc.fr\/wp-content\/uploads\/2017\/02\/GEDC1682.jpg\" class=\"attachment-colormag-featured-image size-colormag-featured-image\" alt=\"\" aria-describedby=\"gallery-1-7962\" \/><\/a>\n\t\t\t<\/div>\n\t\t\t\t<figcaption class='wp-caption-text gallery-caption' id='gallery-1-7962'>\n\t\t\t\tGE DIGITAL CAMERA\n\t\t\t\t<\/figcaption><\/figure><figure class='gallery-item'>\n\t\t\t<div class='gallery-icon landscape'>\n\t\t\t\t<a href='https:\/\/vhrc.fr\/en\/historique\/vhrc-lhistorique\/2017-vhrc\/2017-m04-grenoble\/ge-digital-camera-639\/'><img loading=\"lazy\" decoding=\"async\" width=\"480\" height=\"360\" src=\"https:\/\/vhrc.fr\/wp-content\/uploads\/2017\/02\/GEDC1683.jpg\" class=\"attachment-colormag-featured-image size-colormag-featured-image\" alt=\"\" aria-describedby=\"gallery-1-7963\" \/><\/a>\n\t\t\t<\/div>\n\t\t\t\t<figcaption class='wp-caption-text gallery-caption' id='gallery-1-7963'>\n\t\t\t\tGE DIGITAL CAMERA\n\t\t\t\t<\/figcaption><\/figure><figure class='gallery-item'>\n\t\t\t<div class='gallery-icon landscape'>\n\t\t\t\t<a href='https:\/\/vhrc.fr\/en\/historique\/vhrc-lhistorique\/2017-vhrc\/2017-m04-grenoble\/ge-digital-camera-640\/'><img loading=\"lazy\" decoding=\"async\" width=\"480\" height=\"360\" src=\"https:\/\/vhrc.fr\/wp-content\/uploads\/2017\/02\/GEDC1684.jpg\" class=\"attachment-colormag-featured-image size-colormag-featured-image\" alt=\"\" aria-describedby=\"gallery-1-7964\" \/><\/a>\n\t\t\t<\/div>\n\t\t\t\t<figcaption class='wp-caption-text gallery-caption' id='gallery-1-7964'>\n\t\t\t\tGE DIGITAL CAMERA\n\t\t\t\t<\/figcaption><\/figure><figure class='gallery-item'>\n\t\t\t<div class='gallery-icon landscape'>\n\t\t\t\t<a href='https:\/\/vhrc.fr\/en\/historique\/vhrc-lhistorique\/2017-vhrc\/2017-m04-grenoble\/ge-digital-camera-641\/'><img loading=\"lazy\" decoding=\"async\" width=\"480\" height=\"360\" src=\"https:\/\/vhrc.fr\/wp-content\/uploads\/2017\/02\/GEDC1685.jpg\" class=\"attachment-colormag-featured-image size-colormag-featured-image\" alt=\"\" aria-describedby=\"gallery-1-7965\" \/><\/a>\n\t\t\t<\/div>\n\t\t\t\t<figcaption class='wp-caption-text gallery-caption' id='gallery-1-7965'>\n\t\t\t\tGE DIGITAL CAMERA\n\t\t\t\t<\/figcaption><\/figure><figure class='gallery-item'>\n\t\t\t<div class='gallery-icon landscape'>\n\t\t\t\t<a href='https:\/\/vhrc.fr\/en\/historique\/vhrc-lhistorique\/2017-vhrc\/2017-m04-grenoble\/ss\/'><img loading=\"lazy\" decoding=\"async\" width=\"480\" height=\"360\" src=\"https:\/\/vhrc.fr\/wp-content\/uploads\/2017\/02\/GEDC1686.jpg\" class=\"attachment-colormag-featured-image size-colormag-featured-image\" alt=\"\" aria-describedby=\"gallery-1-7966\" \/><\/a>\n\t\t\t<\/div>\n\t\t\t\t<figcaption class='wp-caption-text gallery-caption' id='gallery-1-7966'>\n\t\t\t\tss\n\t\t\t\t<\/figcaption><\/figure><figure class='gallery-item'>\n\t\t\t<div class='gallery-icon landscape'>\n\t\t\t\t<a href='https:\/\/vhrc.fr\/en\/historique\/vhrc-lhistorique\/2017-vhrc\/2017-m04-grenoble\/ge-digital-camera-642\/'><img loading=\"lazy\" decoding=\"async\" width=\"480\" height=\"360\" src=\"https:\/\/vhrc.fr\/wp-content\/uploads\/2017\/02\/GEDC1688.jpg\" class=\"attachment-colormag-featured-image size-colormag-featured-image\" alt=\"\" aria-describedby=\"gallery-1-7967\" \/><\/a>\n\t\t\t<\/div>\n\t\t\t\t<figcaption class='wp-caption-text gallery-caption' id='gallery-1-7967'>\n\t\t\t\tGE DIGITAL CAMERA\n\t\t\t\t<\/figcaption><\/figure><figure class='gallery-item'>\n\t\t\t<div class='gallery-icon landscape'>\n\t\t\t\t<a href='https:\/\/vhrc.fr\/en\/historique\/vhrc-lhistorique\/2017-vhrc\/2017-m04-grenoble\/ge-digital-camera-643\/'><img loading=\"lazy\" decoding=\"async\" width=\"480\" height=\"360\" src=\"https:\/\/vhrc.fr\/wp-content\/uploads\/2017\/02\/GEDC1689.jpg\" class=\"attachment-colormag-featured-image size-colormag-featured-image\" alt=\"\" aria-describedby=\"gallery-1-7968\" \/><\/a>\n\t\t\t<\/div>\n\t\t\t\t<figcaption class='wp-caption-text gallery-caption' id='gallery-1-7968'>\n\t\t\t\tGE DIGITAL CAMERA\n\t\t\t\t<\/figcaption><\/figure><figure class='gallery-item'>\n\t\t\t<div class='gallery-icon landscape'>\n\t\t\t\t<a href='https:\/\/vhrc.fr\/en\/historique\/vhrc-lhistorique\/2017-vhrc\/2017-m04-grenoble\/ge-digital-camera-644\/'><img loading=\"lazy\" decoding=\"async\" width=\"480\" height=\"360\" src=\"https:\/\/vhrc.fr\/wp-content\/uploads\/2017\/02\/GEDC1690.jpg\" class=\"attachment-colormag-featured-image size-colormag-featured-image\" alt=\"\" aria-describedby=\"gallery-1-7969\" \/><\/a>\n\t\t\t<\/div>\n\t\t\t\t<figcaption class='wp-caption-text gallery-caption' id='gallery-1-7969'>\n\t\t\t\tGE DIGITAL CAMERA\n\t\t\t\t<\/figcaption><\/figure><figure class='gallery-item'>\n\t\t\t<div class='gallery-icon landscape'>\n\t\t\t\t<a href='https:\/\/vhrc.fr\/en\/historique\/vhrc-lhistorique\/2017-vhrc\/2017-m04-grenoble\/ge-digital-camera-645\/'><img loading=\"lazy\" decoding=\"async\" width=\"480\" height=\"360\" src=\"https:\/\/vhrc.fr\/wp-content\/uploads\/2017\/02\/GEDC1692.jpg\" class=\"attachment-colormag-featured-image size-colormag-featured-image\" alt=\"\" aria-describedby=\"gallery-1-7970\" \/><\/a>\n\t\t\t<\/div>\n\t\t\t\t<figcaption class='wp-caption-text gallery-caption' id='gallery-1-7970'>\n\t\t\t\tGE DIGITAL CAMERA\n\t\t\t\t<\/figcaption><\/figure><figure class='gallery-item'>\n\t\t\t<div class='gallery-icon landscape'>\n\t\t\t\t<a href='https:\/\/vhrc.fr\/en\/historique\/vhrc-lhistorique\/2017-vhrc\/2017-m04-grenoble\/ge-digital-camera-646\/'><img loading=\"lazy\" decoding=\"async\" width=\"480\" height=\"360\" src=\"https:\/\/vhrc.fr\/wp-content\/uploads\/2017\/02\/GEDC1693.jpg\" class=\"attachment-colormag-featured-image size-colormag-featured-image\" alt=\"\" aria-describedby=\"gallery-1-7971\" \/><\/a>\n\t\t\t<\/div>\n\t\t\t\t<figcaption class='wp-caption-text gallery-caption' id='gallery-1-7971'>\n\t\t\t\tGE DIGITAL CAMERA\n\t\t\t\t<\/figcaption><\/figure><figure class='gallery-item'>\n\t\t\t<div class='gallery-icon landscape'>\n\t\t\t\t<a href='https:\/\/vhrc.fr\/en\/historique\/vhrc-lhistorique\/2017-vhrc\/2017-m04-grenoble\/ge-digital-camera-647\/'><img loading=\"lazy\" decoding=\"async\" width=\"480\" height=\"360\" src=\"https:\/\/vhrc.fr\/wp-content\/uploads\/2017\/02\/GEDC1694.jpg\" class=\"attachment-colormag-featured-image size-colormag-featured-image\" alt=\"\" aria-describedby=\"gallery-1-7972\" \/><\/a>\n\t\t\t<\/div>\n\t\t\t\t<figcaption class='wp-caption-text gallery-caption' id='gallery-1-7972'>\n\t\t\t\tGE DIGITAL CAMERA\n\t\t\t\t<\/figcaption><\/figure><figure class='gallery-item'>\n\t\t\t<div class='gallery-icon landscape'>\n\t\t\t\t<a href='https:\/\/vhrc.fr\/en\/historique\/vhrc-lhistorique\/2017-vhrc\/2017-m04-grenoble\/ge-digital-camera-648\/'><img loading=\"lazy\" decoding=\"async\" width=\"480\" height=\"360\" src=\"https:\/\/vhrc.fr\/wp-content\/uploads\/2017\/02\/GEDC1696.jpg\" class=\"attachment-colormag-featured-image size-colormag-featured-image\" alt=\"\" aria-describedby=\"gallery-1-7973\" \/><\/a>\n\t\t\t<\/div>\n\t\t\t\t<figcaption class='wp-caption-text gallery-caption' id='gallery-1-7973'>\n\t\t\t\tGE DIGITAL CAMERA\n\t\t\t\t<\/figcaption><\/figure><figure class='gallery-item'>\n\t\t\t<div class='gallery-icon landscape'>\n\t\t\t\t<a href='https:\/\/vhrc.fr\/en\/historique\/vhrc-lhistorique\/2017-vhrc\/2017-m04-grenoble\/ge-digital-camera-649\/'><img loading=\"lazy\" decoding=\"async\" width=\"480\" height=\"360\" src=\"https:\/\/vhrc.fr\/wp-content\/uploads\/2017\/02\/GEDC1698.jpg\" class=\"attachment-colormag-featured-image size-colormag-featured-image\" alt=\"\" aria-describedby=\"gallery-1-7974\" \/><\/a>\n\t\t\t<\/div>\n\t\t\t\t<figcaption class='wp-caption-text gallery-caption' id='gallery-1-7974'>\n\t\t\t\tGE DIGITAL CAMERA\n\t\t\t\t<\/figcaption><\/figure><figure class='gallery-item'>\n\t\t\t<div class='gallery-icon landscape'>\n\t\t\t\t<a href='https:\/\/vhrc.fr\/en\/historique\/vhrc-lhistorique\/2017-vhrc\/2017-m04-grenoble\/ge-digital-camera-650\/'><img loading=\"lazy\" decoding=\"async\" width=\"480\" height=\"360\" src=\"https:\/\/vhrc.fr\/wp-content\/uploads\/2017\/02\/GEDC1699.jpg\" class=\"attachment-colormag-featured-image size-colormag-featured-image\" alt=\"\" aria-describedby=\"gallery-1-7975\" \/><\/a>\n\t\t\t<\/div>\n\t\t\t\t<figcaption class='wp-caption-text gallery-caption' id='gallery-1-7975'>\n\t\t\t\tGE DIGITAL CAMERA\n\t\t\t\t<\/figcaption><\/figure>\n\t\t<\/div>\n\n<h1>vid\u00e9os<\/h1>\n<p><iframe loading=\"lazy\" title=\"Course ligue 9 RACG 1 4 piste thermique 21 05 2017\" width=\"800\" height=\"450\" src=\"https:\/\/www.youtube.com\/embed\/27QN0tDfE74?feature=oembed\" frameborder=\"0\" allow=\"accelerometer; autoplay; encrypted-media; gyroscope; picture-in-picture\" allowfullscreen><\/iframe><\/p>\n<p><iframe loading=\"lazy\" title=\"VHRC Historique 21 Mai 2017 - Finale 1 et 2 - Montbonnot\" width=\"800\" height=\"450\" src=\"https:\/\/www.youtube.com\/embed\/s_PPjCei_T8?feature=oembed\" frameborder=\"0\" allow=\"accelerometer; autoplay; encrypted-media; gyroscope; picture-in-picture\" allowfullscreen><\/iframe><\/p>\n<p><iframe loading=\"lazy\" title=\"VHRC Libre 21 Mai 2017 - Finale 1 et 2 - Montbonnot\" width=\"800\" height=\"450\" src=\"https:\/\/www.youtube.com\/embed\/rTdzhGseb-Y?feature=oembed\" frameborder=\"0\" allow=\"accelerometer; autoplay; encrypted-media; gyroscope; picture-in-picture\" allowfullscreen><\/iframe><\/p>\n<p>&nbsp;<\/p>","protected":false},"excerpt":{"rendered":"<p>20\/21 mai avec la course de Ligue 1:5 RACG Quelques lignes ,pour vous retracer rapidement notre participation \u00e0\u00a0: la manche<\/p>","protected":false},"author":5,"featured_media":7626,"parent":7589,"menu_order":0,"comment_status":"closed","ping_status":"closed","template":"","meta":{"colormag_page_container_layout":"default_layout","colormag_page_sidebar_layout":"default_layout","footnotes":""},"class_list":["post-7625","page","type-page","status-publish","has-post-thumbnail","hentry"],"_links":{"self":[{"href":"https:\/\/vhrc.fr\/en\/wp-json\/wp\/v2\/pages\/7625","targetHints":{"allow":["GET"]}}],"collection":[{"href":"https:\/\/vhrc.fr\/en\/wp-json\/wp\/v2\/pages"}],"about":[{"href":"https:\/\/vhrc.fr\/en\/wp-json\/wp\/v2\/types\/page"}],"author":[{"embeddable":true,"href":"https:\/\/vhrc.fr\/en\/wp-json\/wp\/v2\/users\/5"}],"replies":[{"embeddable":true,"href":"https:\/\/vhrc.fr\/en\/wp-json\/wp\/v2\/comments?post=7625"}],"version-history":[{"count":4,"href":"https:\/\/vhrc.fr\/en\/wp-json\/wp\/v2\/pages\/7625\/revisions"}],"predecessor-version":[{"id":8006,"href":"https:\/\/vhrc.fr\/en\/wp-json\/wp\/v2\/pages\/7625\/revisions\/8006"}],"up":[{"embeddable":true,"href":"https:\/\/vhrc.fr\/en\/wp-json\/wp\/v2\/pages\/7589"}],"wp:featuredmedia":[{"embeddable":true,"href":"https:\/\/vhrc.fr\/en\/wp-json\/wp\/v2\/media\/7626"}],"wp:attachment":[{"href":"https:\/\/vhrc.fr\/en\/wp-json\/wp\/v2\/media?parent=7625"}],"curies":[{"name":"wp","href":"https:\/\/api.w.org\/{rel}","templated":true}]}}