{"id":7640,"date":"2017-02-27T14:31:38","date_gmt":"2017-02-27T13:31:38","guid":{"rendered":"http:\/\/vhrc.fr\/?page_id=7640"},"modified":"2025-07-08T09:23:12","modified_gmt":"2025-07-08T08:23:12","slug":"2017-m09-orange","status":"publish","type":"page","link":"https:\/\/vhrc.fr\/en\/historique\/vhrc-lhistorique\/2017-vhrc\/2017-m09-orange\/","title":{"rendered":"2017 M09 Orange"},"content":{"rendered":"<h1>17 Septembre 2017<\/h1>\n<p>retour \u00e0 Orange sur la piste de PMO pour une 9e manche du VHRC 2017<\/p>\n<p>Sous un beau soleil avec une m\u00e9t\u00e9o froide le matin, tr\u00e8s agr\u00e9able l\u2019apr\u00e8s -midi,les pilotes au nombre de 11 engag\u00e9s.<\/p>\n<p>Ont fait une rentr\u00e9e fracassante en Provence sur le circuit du palais des expos.<\/p>\n<p>Oh\u00a0! Surprise&#8230;<\/p>\n<p>Nous avons d\u00e9couvert de nouvelles autos,pour citer\u00a0:<\/p>\n<p>BEGOU Sp\u00eeder 905 ,G. JULIAN Spider 905,J. VALAT Spider 905 et J. NOUVEAU 905 LM.<\/p>\n<p>Seul\u00a0: Ch DELABASSE ne sera pas pr\u00e9sent cause (boulot).<\/p>\n<p>Au Menu\u00a0:<\/p>\n<p>Le matin 3 Qualifs de 5&prime;.<\/p>\n<p>L&rsquo;A-Midi deux Finales de 15&prime;.<\/p>\n<p>Quel spectacle ,des courses,de l&rsquo;ambiance chaleureuse,et de belles autos au VHRC \u00bc.<\/p>\n<p>Voir qq photos<\/p>\n<p>&nbsp;<\/p>\n<div id='gallery-1' class='gallery galleryid-7640 gallery-columns-3 gallery-size-colormag-featured-image'><figure class='gallery-item'>\n\t\t\t<div class='gallery-icon landscape'>\n\t\t\t\t<a href='https:\/\/vhrc.fr\/en\/historique\/vhrc-lhistorique\/2017-vhrc\/2017-m09-orange\/orange-vhrc-m09-2017-gedc1966\/'><img loading=\"lazy\" decoding=\"async\" width=\"593\" height=\"445\" src=\"https:\/\/vhrc.fr\/wp-content\/uploads\/2017\/02\/orange-vhrc-m09-2017-GEDC1966.jpg\" class=\"attachment-colormag-featured-image size-colormag-featured-image\" alt=\"\" srcset=\"https:\/\/vhrc.fr\/wp-content\/uploads\/2017\/02\/orange-vhrc-m09-2017-GEDC1966.jpg 1024w, https:\/\/vhrc.fr\/wp-content\/uploads\/2017\/02\/orange-vhrc-m09-2017-GEDC1966-500x375.jpg 500w, https:\/\/vhrc.fr\/wp-content\/uploads\/2017\/02\/orange-vhrc-m09-2017-GEDC1966-768x576.jpg 768w, https:\/\/vhrc.fr\/wp-content\/uploads\/2017\/02\/orange-vhrc-m09-2017-GEDC1966-800x600.jpg 800w\" sizes=\"auto, (max-width: 593px) 100vw, 593px\" \/><\/a>\n\t\t\t<\/div><\/figure><figure class='gallery-item'>\n\t\t\t<div class='gallery-icon landscape'>\n\t\t\t\t<a href='https:\/\/vhrc.fr\/en\/historique\/vhrc-lhistorique\/2017-vhrc\/2017-m09-orange\/orange-vhrc-m09-2017-gedc1967\/'><img loading=\"lazy\" decoding=\"async\" width=\"593\" height=\"445\" src=\"https:\/\/vhrc.fr\/wp-content\/uploads\/2017\/02\/orange-vhrc-m09-2017-GEDC1967.jpg\" class=\"attachment-colormag-featured-image size-colormag-featured-image\" alt=\"\" srcset=\"https:\/\/vhrc.fr\/wp-content\/uploads\/2017\/02\/orange-vhrc-m09-2017-GEDC1967.jpg 1024w, https:\/\/vhrc.fr\/wp-content\/uploads\/2017\/02\/orange-vhrc-m09-2017-GEDC1967-500x375.jpg 500w, https:\/\/vhrc.fr\/wp-content\/uploads\/2017\/02\/orange-vhrc-m09-2017-GEDC1967-768x576.jpg 768w, https:\/\/vhrc.fr\/wp-content\/uploads\/2017\/02\/orange-vhrc-m09-2017-GEDC1967-800x600.jpg 800w\" sizes=\"auto, (max-width: 593px) 100vw, 593px\" \/><\/a>\n\t\t\t<\/div><\/figure><figure class='gallery-item'>\n\t\t\t<div class='gallery-icon landscape'>\n\t\t\t\t<a href='https:\/\/vhrc.fr\/en\/historique\/vhrc-lhistorique\/2017-vhrc\/2017-m09-orange\/orange-vhrc-m09-2017-gedc1953\/'><img loading=\"lazy\" decoding=\"async\" width=\"593\" height=\"445\" src=\"https:\/\/vhrc.fr\/wp-content\/uploads\/2017\/02\/orange-vhrc-m09-2017-GEDC1953.jpg\" class=\"attachment-colormag-featured-image size-colormag-featured-image\" alt=\"\" srcset=\"https:\/\/vhrc.fr\/wp-content\/uploads\/2017\/02\/orange-vhrc-m09-2017-GEDC1953.jpg 1024w, https:\/\/vhrc.fr\/wp-content\/uploads\/2017\/02\/orange-vhrc-m09-2017-GEDC1953-500x375.jpg 500w, https:\/\/vhrc.fr\/wp-content\/uploads\/2017\/02\/orange-vhrc-m09-2017-GEDC1953-768x576.jpg 768w, https:\/\/vhrc.fr\/wp-content\/uploads\/2017\/02\/orange-vhrc-m09-2017-GEDC1953-800x600.jpg 800w\" sizes=\"auto, (max-width: 593px) 100vw, 593px\" \/><\/a>\n\t\t\t<\/div><\/figure><figure class='gallery-item'>\n\t\t\t<div class='gallery-icon landscape'>\n\t\t\t\t<a href='https:\/\/vhrc.fr\/en\/historique\/vhrc-lhistorique\/2017-vhrc\/2017-m09-orange\/orange-vhrc-m09-2017-gedc1955\/'><img loading=\"lazy\" decoding=\"async\" width=\"593\" height=\"445\" src=\"https:\/\/vhrc.fr\/wp-content\/uploads\/2017\/02\/orange-vhrc-m09-2017-GEDC1955.jpg\" class=\"attachment-colormag-featured-image size-colormag-featured-image\" alt=\"\" srcset=\"https:\/\/vhrc.fr\/wp-content\/uploads\/2017\/02\/orange-vhrc-m09-2017-GEDC1955.jpg 1024w, https:\/\/vhrc.fr\/wp-content\/uploads\/2017\/02\/orange-vhrc-m09-2017-GEDC1955-500x375.jpg 500w, https:\/\/vhrc.fr\/wp-content\/uploads\/2017\/02\/orange-vhrc-m09-2017-GEDC1955-768x576.jpg 768w, https:\/\/vhrc.fr\/wp-content\/uploads\/2017\/02\/orange-vhrc-m09-2017-GEDC1955-800x600.jpg 800w\" sizes=\"auto, (max-width: 593px) 100vw, 593px\" \/><\/a>\n\t\t\t<\/div><\/figure><figure class='gallery-item'>\n\t\t\t<div class='gallery-icon landscape'>\n\t\t\t\t<a href='https:\/\/vhrc.fr\/en\/historique\/vhrc-lhistorique\/2017-vhrc\/2017-m09-orange\/orange-vhrc-m09-2017-gedc1956\/'><img loading=\"lazy\" decoding=\"async\" width=\"593\" height=\"445\" src=\"https:\/\/vhrc.fr\/wp-content\/uploads\/2017\/02\/orange-vhrc-m09-2017-GEDC1956.jpg\" class=\"attachment-colormag-featured-image size-colormag-featured-image\" alt=\"\" srcset=\"https:\/\/vhrc.fr\/wp-content\/uploads\/2017\/02\/orange-vhrc-m09-2017-GEDC1956.jpg 1024w, https:\/\/vhrc.fr\/wp-content\/uploads\/2017\/02\/orange-vhrc-m09-2017-GEDC1956-500x375.jpg 500w, https:\/\/vhrc.fr\/wp-content\/uploads\/2017\/02\/orange-vhrc-m09-2017-GEDC1956-768x576.jpg 768w, https:\/\/vhrc.fr\/wp-content\/uploads\/2017\/02\/orange-vhrc-m09-2017-GEDC1956-800x600.jpg 800w\" sizes=\"auto, (max-width: 593px) 100vw, 593px\" \/><\/a>\n\t\t\t<\/div><\/figure><figure class='gallery-item'>\n\t\t\t<div class='gallery-icon landscape'>\n\t\t\t\t<a href='https:\/\/vhrc.fr\/en\/historique\/vhrc-lhistorique\/2017-vhrc\/2017-m09-orange\/orange-vhrc-m09-2017-gedc1957\/'><img loading=\"lazy\" decoding=\"async\" width=\"593\" height=\"445\" src=\"https:\/\/vhrc.fr\/wp-content\/uploads\/2017\/02\/orange-vhrc-m09-2017-GEDC1957.jpg\" class=\"attachment-colormag-featured-image size-colormag-featured-image\" alt=\"\" srcset=\"https:\/\/vhrc.fr\/wp-content\/uploads\/2017\/02\/orange-vhrc-m09-2017-GEDC1957.jpg 1024w, https:\/\/vhrc.fr\/wp-content\/uploads\/2017\/02\/orange-vhrc-m09-2017-GEDC1957-500x375.jpg 500w, https:\/\/vhrc.fr\/wp-content\/uploads\/2017\/02\/orange-vhrc-m09-2017-GEDC1957-768x576.jpg 768w, https:\/\/vhrc.fr\/wp-content\/uploads\/2017\/02\/orange-vhrc-m09-2017-GEDC1957-800x600.jpg 800w\" sizes=\"auto, (max-width: 593px) 100vw, 593px\" \/><\/a>\n\t\t\t<\/div><\/figure><figure class='gallery-item'>\n\t\t\t<div class='gallery-icon landscape'>\n\t\t\t\t<a href='https:\/\/vhrc.fr\/en\/historique\/vhrc-lhistorique\/2017-vhrc\/2017-m09-orange\/orange-vhrc-m09-2017-gedc1958\/'><img loading=\"lazy\" decoding=\"async\" width=\"593\" height=\"445\" src=\"https:\/\/vhrc.fr\/wp-content\/uploads\/2017\/02\/orange-vhrc-m09-2017-GEDC1958.jpg\" class=\"attachment-colormag-featured-image size-colormag-featured-image\" alt=\"\" srcset=\"https:\/\/vhrc.fr\/wp-content\/uploads\/2017\/02\/orange-vhrc-m09-2017-GEDC1958.jpg 1024w, https:\/\/vhrc.fr\/wp-content\/uploads\/2017\/02\/orange-vhrc-m09-2017-GEDC1958-500x375.jpg 500w, https:\/\/vhrc.fr\/wp-content\/uploads\/2017\/02\/orange-vhrc-m09-2017-GEDC1958-768x576.jpg 768w, https:\/\/vhrc.fr\/wp-content\/uploads\/2017\/02\/orange-vhrc-m09-2017-GEDC1958-800x600.jpg 800w\" sizes=\"auto, (max-width: 593px) 100vw, 593px\" \/><\/a>\n\t\t\t<\/div><\/figure><figure class='gallery-item'>\n\t\t\t<div class='gallery-icon landscape'>\n\t\t\t\t<a href='https:\/\/vhrc.fr\/en\/historique\/vhrc-lhistorique\/2017-vhrc\/2017-m09-orange\/orange-vhrc-m09-2017-gedc1959\/'><img loading=\"lazy\" decoding=\"async\" width=\"593\" height=\"445\" src=\"https:\/\/vhrc.fr\/wp-content\/uploads\/2017\/02\/orange-vhrc-m09-2017-GEDC1959.jpg\" class=\"attachment-colormag-featured-image size-colormag-featured-image\" alt=\"\" srcset=\"https:\/\/vhrc.fr\/wp-content\/uploads\/2017\/02\/orange-vhrc-m09-2017-GEDC1959.jpg 1024w, https:\/\/vhrc.fr\/wp-content\/uploads\/2017\/02\/orange-vhrc-m09-2017-GEDC1959-500x375.jpg 500w, https:\/\/vhrc.fr\/wp-content\/uploads\/2017\/02\/orange-vhrc-m09-2017-GEDC1959-768x576.jpg 768w, https:\/\/vhrc.fr\/wp-content\/uploads\/2017\/02\/orange-vhrc-m09-2017-GEDC1959-800x600.jpg 800w\" sizes=\"auto, (max-width: 593px) 100vw, 593px\" \/><\/a>\n\t\t\t<\/div><\/figure><figure class='gallery-item'>\n\t\t\t<div class='gallery-icon landscape'>\n\t\t\t\t<a href='https:\/\/vhrc.fr\/en\/historique\/vhrc-lhistorique\/2017-vhrc\/2017-m09-orange\/orange-vhrc-m09-2017-gedc1960\/'><img loading=\"lazy\" decoding=\"async\" width=\"593\" height=\"445\" src=\"https:\/\/vhrc.fr\/wp-content\/uploads\/2017\/02\/orange-vhrc-m09-2017-GEDC1960.jpg\" class=\"attachment-colormag-featured-image size-colormag-featured-image\" alt=\"\" srcset=\"https:\/\/vhrc.fr\/wp-content\/uploads\/2017\/02\/orange-vhrc-m09-2017-GEDC1960.jpg 1024w, https:\/\/vhrc.fr\/wp-content\/uploads\/2017\/02\/orange-vhrc-m09-2017-GEDC1960-500x375.jpg 500w, https:\/\/vhrc.fr\/wp-content\/uploads\/2017\/02\/orange-vhrc-m09-2017-GEDC1960-768x576.jpg 768w, https:\/\/vhrc.fr\/wp-content\/uploads\/2017\/02\/orange-vhrc-m09-2017-GEDC1960-800x600.jpg 800w\" sizes=\"auto, (max-width: 593px) 100vw, 593px\" \/><\/a>\n\t\t\t<\/div><\/figure><figure class='gallery-item'>\n\t\t\t<div class='gallery-icon landscape'>\n\t\t\t\t<a href='https:\/\/vhrc.fr\/en\/historique\/vhrc-lhistorique\/2017-vhrc\/2017-m09-orange\/orange-vhrc-m09-2017-gedc1961\/'><img loading=\"lazy\" decoding=\"async\" width=\"593\" height=\"445\" src=\"https:\/\/vhrc.fr\/wp-content\/uploads\/2017\/02\/orange-vhrc-m09-2017-GEDC1961.jpg\" class=\"attachment-colormag-featured-image size-colormag-featured-image\" alt=\"\" srcset=\"https:\/\/vhrc.fr\/wp-content\/uploads\/2017\/02\/orange-vhrc-m09-2017-GEDC1961.jpg 1024w, https:\/\/vhrc.fr\/wp-content\/uploads\/2017\/02\/orange-vhrc-m09-2017-GEDC1961-500x375.jpg 500w, https:\/\/vhrc.fr\/wp-content\/uploads\/2017\/02\/orange-vhrc-m09-2017-GEDC1961-768x576.jpg 768w, https:\/\/vhrc.fr\/wp-content\/uploads\/2017\/02\/orange-vhrc-m09-2017-GEDC1961-800x600.jpg 800w\" sizes=\"auto, (max-width: 593px) 100vw, 593px\" \/><\/a>\n\t\t\t<\/div><\/figure><figure class='gallery-item'>\n\t\t\t<div class='gallery-icon landscape'>\n\t\t\t\t<a href='https:\/\/vhrc.fr\/en\/historique\/vhrc-lhistorique\/2017-vhrc\/2017-m09-orange\/orange-vhrc-m09-2017-gedc1964\/'><img loading=\"lazy\" decoding=\"async\" width=\"593\" height=\"445\" src=\"https:\/\/vhrc.fr\/wp-content\/uploads\/2017\/02\/orange-vhrc-m09-2017-GEDC1964.jpg\" class=\"attachment-colormag-featured-image size-colormag-featured-image\" alt=\"\" srcset=\"https:\/\/vhrc.fr\/wp-content\/uploads\/2017\/02\/orange-vhrc-m09-2017-GEDC1964.jpg 1024w, https:\/\/vhrc.fr\/wp-content\/uploads\/2017\/02\/orange-vhrc-m09-2017-GEDC1964-500x375.jpg 500w, https:\/\/vhrc.fr\/wp-content\/uploads\/2017\/02\/orange-vhrc-m09-2017-GEDC1964-768x576.jpg 768w, https:\/\/vhrc.fr\/wp-content\/uploads\/2017\/02\/orange-vhrc-m09-2017-GEDC1964-800x600.jpg 800w\" sizes=\"auto, (max-width: 593px) 100vw, 593px\" \/><\/a>\n\t\t\t<\/div><\/figure><figure class='gallery-item'>\n\t\t\t<div class='gallery-icon landscape'>\n\t\t\t\t<a href='https:\/\/vhrc.fr\/en\/historique\/vhrc-lhistorique\/2017-vhrc\/2017-m09-orange\/orange-vhrc-m09-2017-gedc1968\/'><img loading=\"lazy\" decoding=\"async\" width=\"593\" height=\"445\" src=\"https:\/\/vhrc.fr\/wp-content\/uploads\/2017\/02\/orange-vhrc-m09-2017-GEDC1968.jpg\" class=\"attachment-colormag-featured-image size-colormag-featured-image\" alt=\"\" aria-describedby=\"gallery-1-8139\" srcset=\"https:\/\/vhrc.fr\/wp-content\/uploads\/2017\/02\/orange-vhrc-m09-2017-GEDC1968.jpg 1024w, https:\/\/vhrc.fr\/wp-content\/uploads\/2017\/02\/orange-vhrc-m09-2017-GEDC1968-500x375.jpg 500w, https:\/\/vhrc.fr\/wp-content\/uploads\/2017\/02\/orange-vhrc-m09-2017-GEDC1968-768x576.jpg 768w, https:\/\/vhrc.fr\/wp-content\/uploads\/2017\/02\/orange-vhrc-m09-2017-GEDC1968-800x600.jpg 800w\" sizes=\"auto, (max-width: 593px) 100vw, 593px\" \/><\/a>\n\t\t\t<\/div>\n\t\t\t\t<figcaption class='wp-caption-text gallery-caption' id='gallery-1-8139'>\n\t\t\t\taudi quattro concept 1:4\n\t\t\t\t<\/figcaption><\/figure><figure class='gallery-item'>\n\t\t\t<div class='gallery-icon landscape'>\n\t\t\t\t<a href='https:\/\/vhrc.fr\/en\/historique\/vhrc-lhistorique\/2017-vhrc\/2017-m09-orange\/orange-vhrc-m09-2017-gedc1969\/'><img loading=\"lazy\" decoding=\"async\" width=\"593\" height=\"445\" src=\"https:\/\/vhrc.fr\/wp-content\/uploads\/2017\/02\/orange-vhrc-m09-2017-GEDC1969.jpg\" class=\"attachment-colormag-featured-image size-colormag-featured-image\" alt=\"\" srcset=\"https:\/\/vhrc.fr\/wp-content\/uploads\/2017\/02\/orange-vhrc-m09-2017-GEDC1969.jpg 1024w, https:\/\/vhrc.fr\/wp-content\/uploads\/2017\/02\/orange-vhrc-m09-2017-GEDC1969-500x375.jpg 500w, https:\/\/vhrc.fr\/wp-content\/uploads\/2017\/02\/orange-vhrc-m09-2017-GEDC1969-768x576.jpg 768w, https:\/\/vhrc.fr\/wp-content\/uploads\/2017\/02\/orange-vhrc-m09-2017-GEDC1969-800x600.jpg 800w\" sizes=\"auto, (max-width: 593px) 100vw, 593px\" \/><\/a>\n\t\t\t<\/div><\/figure><figure class='gallery-item'>\n\t\t\t<div class='gallery-icon landscape'>\n\t\t\t\t<a href='https:\/\/vhrc.fr\/en\/historique\/vhrc-lhistorique\/2017-vhrc\/2017-m09-orange\/orange-vhrc-m09-2017-gedc1970\/'><img loading=\"lazy\" decoding=\"async\" width=\"593\" height=\"445\" src=\"https:\/\/vhrc.fr\/wp-content\/uploads\/2017\/02\/orange-vhrc-m09-2017-GEDC1970.jpg\" class=\"attachment-colormag-featured-image size-colormag-featured-image\" alt=\"\" srcset=\"https:\/\/vhrc.fr\/wp-content\/uploads\/2017\/02\/orange-vhrc-m09-2017-GEDC1970.jpg 1024w, https:\/\/vhrc.fr\/wp-content\/uploads\/2017\/02\/orange-vhrc-m09-2017-GEDC1970-500x375.jpg 500w, https:\/\/vhrc.fr\/wp-content\/uploads\/2017\/02\/orange-vhrc-m09-2017-GEDC1970-768x576.jpg 768w, https:\/\/vhrc.fr\/wp-content\/uploads\/2017\/02\/orange-vhrc-m09-2017-GEDC1970-800x600.jpg 800w\" sizes=\"auto, (max-width: 593px) 100vw, 593px\" \/><\/a>\n\t\t\t<\/div><\/figure><figure class='gallery-item'>\n\t\t\t<div class='gallery-icon landscape'>\n\t\t\t\t<a href='https:\/\/vhrc.fr\/en\/historique\/vhrc-lhistorique\/2017-vhrc\/2017-m09-orange\/orange-vhrc-m09-2017-gedc1971\/'><img loading=\"lazy\" decoding=\"async\" width=\"593\" height=\"445\" src=\"https:\/\/vhrc.fr\/wp-content\/uploads\/2017\/02\/orange-vhrc-m09-2017-GEDC1971.jpg\" class=\"attachment-colormag-featured-image size-colormag-featured-image\" alt=\"\" srcset=\"https:\/\/vhrc.fr\/wp-content\/uploads\/2017\/02\/orange-vhrc-m09-2017-GEDC1971.jpg 1024w, https:\/\/vhrc.fr\/wp-content\/uploads\/2017\/02\/orange-vhrc-m09-2017-GEDC1971-500x375.jpg 500w, https:\/\/vhrc.fr\/wp-content\/uploads\/2017\/02\/orange-vhrc-m09-2017-GEDC1971-768x576.jpg 768w, https:\/\/vhrc.fr\/wp-content\/uploads\/2017\/02\/orange-vhrc-m09-2017-GEDC1971-800x600.jpg 800w\" sizes=\"auto, (max-width: 593px) 100vw, 593px\" \/><\/a>\n\t\t\t<\/div><\/figure><figure class='gallery-item'>\n\t\t\t<div class='gallery-icon landscape'>\n\t\t\t\t<a href='https:\/\/vhrc.fr\/en\/historique\/vhrc-lhistorique\/2017-vhrc\/2017-m09-orange\/orange-vhrc-m09-2017-gedc1973\/'><img loading=\"lazy\" decoding=\"async\" width=\"593\" height=\"445\" src=\"https:\/\/vhrc.fr\/wp-content\/uploads\/2017\/02\/orange-vhrc-m09-2017-GEDC1973.jpg\" class=\"attachment-colormag-featured-image size-colormag-featured-image\" alt=\"\" srcset=\"https:\/\/vhrc.fr\/wp-content\/uploads\/2017\/02\/orange-vhrc-m09-2017-GEDC1973.jpg 1024w, https:\/\/vhrc.fr\/wp-content\/uploads\/2017\/02\/orange-vhrc-m09-2017-GEDC1973-500x375.jpg 500w, https:\/\/vhrc.fr\/wp-content\/uploads\/2017\/02\/orange-vhrc-m09-2017-GEDC1973-768x576.jpg 768w, https:\/\/vhrc.fr\/wp-content\/uploads\/2017\/02\/orange-vhrc-m09-2017-GEDC1973-800x600.jpg 800w\" sizes=\"auto, (max-width: 593px) 100vw, 593px\" \/><\/a>\n\t\t\t<\/div><\/figure><figure class='gallery-item'>\n\t\t\t<div class='gallery-icon landscape'>\n\t\t\t\t<a href='https:\/\/vhrc.fr\/en\/historique\/vhrc-lhistorique\/2017-vhrc\/2017-m09-orange\/orange-vhrc-m09-2017-gedc1974\/'><img loading=\"lazy\" decoding=\"async\" width=\"593\" height=\"445\" src=\"https:\/\/vhrc.fr\/wp-content\/uploads\/2017\/02\/orange-vhrc-m09-2017-GEDC1974.jpg\" class=\"attachment-colormag-featured-image size-colormag-featured-image\" alt=\"\" srcset=\"https:\/\/vhrc.fr\/wp-content\/uploads\/2017\/02\/orange-vhrc-m09-2017-GEDC1974.jpg 1024w, https:\/\/vhrc.fr\/wp-content\/uploads\/2017\/02\/orange-vhrc-m09-2017-GEDC1974-500x375.jpg 500w, https:\/\/vhrc.fr\/wp-content\/uploads\/2017\/02\/orange-vhrc-m09-2017-GEDC1974-768x576.jpg 768w, https:\/\/vhrc.fr\/wp-content\/uploads\/2017\/02\/orange-vhrc-m09-2017-GEDC1974-800x600.jpg 800w\" sizes=\"auto, (max-width: 593px) 100vw, 593px\" \/><\/a>\n\t\t\t<\/div><\/figure><figure class='gallery-item'>\n\t\t\t<div class='gallery-icon landscape'>\n\t\t\t\t<a href='https:\/\/vhrc.fr\/en\/historique\/vhrc-lhistorique\/2017-vhrc\/2017-m09-orange\/orange-vhrc-m09-2017-gedc1975\/'><img loading=\"lazy\" decoding=\"async\" width=\"593\" height=\"445\" src=\"https:\/\/vhrc.fr\/wp-content\/uploads\/2017\/02\/orange-vhrc-m09-2017-GEDC1975.jpg\" class=\"attachment-colormag-featured-image size-colormag-featured-image\" alt=\"\" srcset=\"https:\/\/vhrc.fr\/wp-content\/uploads\/2017\/02\/orange-vhrc-m09-2017-GEDC1975.jpg 1024w, https:\/\/vhrc.fr\/wp-content\/uploads\/2017\/02\/orange-vhrc-m09-2017-GEDC1975-500x375.jpg 500w, https:\/\/vhrc.fr\/wp-content\/uploads\/2017\/02\/orange-vhrc-m09-2017-GEDC1975-768x576.jpg 768w, https:\/\/vhrc.fr\/wp-content\/uploads\/2017\/02\/orange-vhrc-m09-2017-GEDC1975-800x600.jpg 800w\" sizes=\"auto, (max-width: 593px) 100vw, 593px\" \/><\/a>\n\t\t\t<\/div><\/figure><figure class='gallery-item'>\n\t\t\t<div class='gallery-icon landscape'>\n\t\t\t\t<a href='https:\/\/vhrc.fr\/en\/historique\/vhrc-lhistorique\/2017-vhrc\/2017-m09-orange\/orange-vhrc-m09-2017-gedc1976\/'><img loading=\"lazy\" decoding=\"async\" width=\"593\" height=\"445\" src=\"https:\/\/vhrc.fr\/wp-content\/uploads\/2017\/02\/orange-vhrc-m09-2017-GEDC1976.jpg\" class=\"attachment-colormag-featured-image size-colormag-featured-image\" alt=\"\" srcset=\"https:\/\/vhrc.fr\/wp-content\/uploads\/2017\/02\/orange-vhrc-m09-2017-GEDC1976.jpg 1024w, https:\/\/vhrc.fr\/wp-content\/uploads\/2017\/02\/orange-vhrc-m09-2017-GEDC1976-500x375.jpg 500w, https:\/\/vhrc.fr\/wp-content\/uploads\/2017\/02\/orange-vhrc-m09-2017-GEDC1976-768x576.jpg 768w, https:\/\/vhrc.fr\/wp-content\/uploads\/2017\/02\/orange-vhrc-m09-2017-GEDC1976-800x600.jpg 800w\" sizes=\"auto, (max-width: 593px) 100vw, 593px\" \/><\/a>\n\t\t\t<\/div><\/figure><figure class='gallery-item'>\n\t\t\t<div class='gallery-icon landscape'>\n\t\t\t\t<a href='https:\/\/vhrc.fr\/en\/historique\/vhrc-lhistorique\/2017-vhrc\/2017-m09-orange\/orange-vhrc-m09-2017-gedc1977\/'><img loading=\"lazy\" decoding=\"async\" width=\"593\" height=\"445\" src=\"https:\/\/vhrc.fr\/wp-content\/uploads\/2017\/02\/orange-vhrc-m09-2017-GEDC1977.jpg\" class=\"attachment-colormag-featured-image size-colormag-featured-image\" alt=\"\" srcset=\"https:\/\/vhrc.fr\/wp-content\/uploads\/2017\/02\/orange-vhrc-m09-2017-GEDC1977.jpg 1024w, https:\/\/vhrc.fr\/wp-content\/uploads\/2017\/02\/orange-vhrc-m09-2017-GEDC1977-500x375.jpg 500w, https:\/\/vhrc.fr\/wp-content\/uploads\/2017\/02\/orange-vhrc-m09-2017-GEDC1977-768x576.jpg 768w, https:\/\/vhrc.fr\/wp-content\/uploads\/2017\/02\/orange-vhrc-m09-2017-GEDC1977-800x600.jpg 800w\" sizes=\"auto, (max-width: 593px) 100vw, 593px\" \/><\/a>\n\t\t\t<\/div><\/figure><figure class='gallery-item'>\n\t\t\t<div class='gallery-icon landscape'>\n\t\t\t\t<a href='https:\/\/vhrc.fr\/en\/historique\/vhrc-lhistorique\/2017-vhrc\/2017-m09-orange\/orange-vhrc-m09-2017-gedc1978\/'><img loading=\"lazy\" decoding=\"async\" width=\"593\" height=\"445\" src=\"https:\/\/vhrc.fr\/wp-content\/uploads\/2017\/02\/orange-vhrc-m09-2017-GEDC1978.jpg\" class=\"attachment-colormag-featured-image size-colormag-featured-image\" alt=\"\" srcset=\"https:\/\/vhrc.fr\/wp-content\/uploads\/2017\/02\/orange-vhrc-m09-2017-GEDC1978.jpg 1024w, https:\/\/vhrc.fr\/wp-content\/uploads\/2017\/02\/orange-vhrc-m09-2017-GEDC1978-500x375.jpg 500w, https:\/\/vhrc.fr\/wp-content\/uploads\/2017\/02\/orange-vhrc-m09-2017-GEDC1978-768x576.jpg 768w, https:\/\/vhrc.fr\/wp-content\/uploads\/2017\/02\/orange-vhrc-m09-2017-GEDC1978-800x600.jpg 800w\" sizes=\"auto, (max-width: 593px) 100vw, 593px\" \/><\/a>\n\t\t\t<\/div><\/figure><figure class='gallery-item'>\n\t\t\t<div class='gallery-icon landscape'>\n\t\t\t\t<a href='https:\/\/vhrc.fr\/en\/historique\/vhrc-lhistorique\/2017-vhrc\/2017-m09-orange\/orange-vhrc-m09-2017-gedc1979\/'><img loading=\"lazy\" decoding=\"async\" width=\"593\" height=\"445\" src=\"https:\/\/vhrc.fr\/wp-content\/uploads\/2017\/02\/orange-vhrc-m09-2017-GEDC1979.jpg\" class=\"attachment-colormag-featured-image size-colormag-featured-image\" alt=\"\" aria-describedby=\"gallery-1-8149\" srcset=\"https:\/\/vhrc.fr\/wp-content\/uploads\/2017\/02\/orange-vhrc-m09-2017-GEDC1979.jpg 1024w, https:\/\/vhrc.fr\/wp-content\/uploads\/2017\/02\/orange-vhrc-m09-2017-GEDC1979-500x375.jpg 500w, https:\/\/vhrc.fr\/wp-content\/uploads\/2017\/02\/orange-vhrc-m09-2017-GEDC1979-768x576.jpg 768w, https:\/\/vhrc.fr\/wp-content\/uploads\/2017\/02\/orange-vhrc-m09-2017-GEDC1979-800x600.jpg 800w\" sizes=\"auto, (max-width: 593px) 100vw, 593px\" \/><\/a>\n\t\t\t<\/div>\n\t\t\t\t<figcaption class='wp-caption-text gallery-caption' id='gallery-1-8149'>\n\t\t\t\t905 lm yankee\n\t\t\t\t<\/figcaption><\/figure><figure class='gallery-item'>\n\t\t\t<div class='gallery-icon landscape'>\n\t\t\t\t<a href='https:\/\/vhrc.fr\/en\/historique\/vhrc-lhistorique\/2017-vhrc\/2017-m09-orange\/orange-vhrc-m09-2017-gedc1980\/'><img loading=\"lazy\" decoding=\"async\" width=\"593\" height=\"445\" src=\"https:\/\/vhrc.fr\/wp-content\/uploads\/2017\/02\/orange-vhrc-m09-2017-GEDC1980.jpg\" class=\"attachment-colormag-featured-image size-colormag-featured-image\" alt=\"\" aria-describedby=\"gallery-1-8150\" srcset=\"https:\/\/vhrc.fr\/wp-content\/uploads\/2017\/02\/orange-vhrc-m09-2017-GEDC1980.jpg 1024w, https:\/\/vhrc.fr\/wp-content\/uploads\/2017\/02\/orange-vhrc-m09-2017-GEDC1980-500x375.jpg 500w, https:\/\/vhrc.fr\/wp-content\/uploads\/2017\/02\/orange-vhrc-m09-2017-GEDC1980-768x576.jpg 768w, https:\/\/vhrc.fr\/wp-content\/uploads\/2017\/02\/orange-vhrc-m09-2017-GEDC1980-800x600.jpg 800w\" sizes=\"auto, (max-width: 593px) 100vw, 593px\" \/><\/a>\n\t\t\t<\/div>\n\t\t\t\t<figcaption class='wp-caption-text gallery-caption' id='gallery-1-8150'>\n\t\t\t\t905 lm yankee\n\t\t\t\t<\/figcaption><\/figure>\n\t\t<\/div>\n\n<p><a href=\"http:\/\/vhrc.fr\/wp-content\/uploads\/2017\/02\/21587091_701811413355906_9052076147816184708_o.jpg\"><img loading=\"lazy\" decoding=\"async\" class=\"alignnone size-large wp-image-8199\" src=\"http:\/\/vhrc.fr\/wp-content\/uploads\/2017\/02\/21587091_701811413355906_9052076147816184708_o-800x450.jpg\" alt=\"\" width=\"640\" height=\"360\" srcset=\"https:\/\/vhrc.fr\/wp-content\/uploads\/2017\/02\/21587091_701811413355906_9052076147816184708_o-800x450.jpg 800w, https:\/\/vhrc.fr\/wp-content\/uploads\/2017\/02\/21587091_701811413355906_9052076147816184708_o-500x281.jpg 500w, https:\/\/vhrc.fr\/wp-content\/uploads\/2017\/02\/21587091_701811413355906_9052076147816184708_o-768x432.jpg 768w, https:\/\/vhrc.fr\/wp-content\/uploads\/2017\/02\/21587091_701811413355906_9052076147816184708_o.jpg 1200w\" sizes=\"auto, (max-width: 640px) 100vw, 640px\" \/><\/a><\/p>\n<h2>Libre:<\/h2>\n<p>1 laurent GRAU<br \/>\n2 Yannick GREGOIRE<br \/>\n3 Julien NOUVEAU<\/p>\n<h2>Historique:<\/h2>\n<p>1 Julien VALAT<br \/>\n2 Daniel BEGOU<br \/>\n3 Vincent DELABASSE<\/p>\n<p><a href=\"http:\/\/vhrc.fr\/wp-content\/uploads\/2017\/02\/Classement-VHRC-2017-M9.pdf\"><\/a><a href=\"http:\/\/vhrc.fr\/wp-content\/uploads\/2017\/02\/Classement-VHRC-2017-M9.pdf\"><img loading=\"lazy\" decoding=\"async\" class=\"alignnone size-full wp-image-994\" src=\"http:\/\/vhrc.fr\/wp-content\/uploads\/2010\/06\/E_PDF.png\" alt=\"\" width=\"107\" height=\"107\" srcset=\"https:\/\/vhrc.fr\/wp-content\/uploads\/2010\/06\/E_PDF.png 107w, https:\/\/vhrc.fr\/wp-content\/uploads\/2010\/06\/E_PDF-64x64.png 64w\" sizes=\"auto, (max-width: 107px) 100vw, 107px\" \/><\/a><a href=\"http:\/\/vhrc.fr\/wp-content\/uploads\/2017\/02\/Classement-VHRC-2017-M9.pdf\">Classement VHRC 2017 M9<\/a> apres Orange M09<\/p>","protected":false},"excerpt":{"rendered":"<p>17 Septembre 2017 retour \u00e0 Orange sur la piste de PMO pour une 9e manche du VHRC 2017 Sous un<\/p>","protected":false},"author":5,"featured_media":7616,"parent":7589,"menu_order":0,"comment_status":"closed","ping_status":"closed","template":"","meta":{"colormag_page_container_layout":"default_layout","colormag_page_sidebar_layout":"default_layout","footnotes":""},"class_list":["post-7640","page","type-page","status-publish","has-post-thumbnail","hentry"],"_links":{"self":[{"href":"https:\/\/vhrc.fr\/en\/wp-json\/wp\/v2\/pages\/7640","targetHints":{"allow":["GET"]}}],"collection":[{"href":"https:\/\/vhrc.fr\/en\/wp-json\/wp\/v2\/pages"}],"about":[{"href":"https:\/\/vhrc.fr\/en\/wp-json\/wp\/v2\/types\/page"}],"author":[{"embeddable":true,"href":"https:\/\/vhrc.fr\/en\/wp-json\/wp\/v2\/users\/5"}],"replies":[{"embeddable":true,"href":"https:\/\/vhrc.fr\/en\/wp-json\/wp\/v2\/comments?post=7640"}],"version-history":[{"count":8,"href":"https:\/\/vhrc.fr\/en\/wp-json\/wp\/v2\/pages\/7640\/revisions"}],"predecessor-version":[{"id":8203,"href":"https:\/\/vhrc.fr\/en\/wp-json\/wp\/v2\/pages\/7640\/revisions\/8203"}],"up":[{"embeddable":true,"href":"https:\/\/vhrc.fr\/en\/wp-json\/wp\/v2\/pages\/7589"}],"wp:featuredmedia":[{"embeddable":true,"href":"https:\/\/vhrc.fr\/en\/wp-json\/wp\/v2\/media\/7616"}],"wp:attachment":[{"href":"https:\/\/vhrc.fr\/en\/wp-json\/wp\/v2\/media?parent=7640"}],"curies":[{"name":"wp","href":"https:\/\/api.w.org\/{rel}","templated":true}]}}