{"id":7664,"date":"2017-02-27T15:50:54","date_gmt":"2017-02-27T14:50:54","guid":{"rendered":"http:\/\/vhrc.fr\/?page_id=7664"},"modified":"2025-07-08T09:23:26","modified_gmt":"2025-07-08T08:23:26","slug":"chamrousse-1995","status":"publish","type":"page","link":"https:\/\/vhrc.fr\/en\/historique\/les-courses-de-cote\/chamrousse-1995\/","title":{"rendered":"CHAMROUSSE 1995"},"content":{"rendered":"<h1>COURSE DE COTE 1\/4 ET 1\/5 DE CHAMROUSSE 1995<\/h1>\n<figure id=\"attachment_7667\" aria-describedby=\"caption-attachment-7667\" style=\"width: 419px\" class=\"wp-caption alignnone\"><a href=\"http:\/\/vhrc.fr\/wp-content\/uploads\/2017\/02\/web_auto8_119-0982.jpg\"><img loading=\"lazy\" decoding=\"async\" class=\"wp-image-7667 size-medium\" src=\"http:\/\/vhrc.fr\/wp-content\/uploads\/2017\/02\/web_auto8_119-0982-419x500.jpg\" width=\"419\" height=\"500\" srcset=\"https:\/\/vhrc.fr\/wp-content\/uploads\/2017\/02\/web_auto8_119-0982-419x500.jpg 419w, https:\/\/vhrc.fr\/wp-content\/uploads\/2017\/02\/web_auto8_119-0982.jpg 600w\" sizes=\"auto, (max-width: 419px) 100vw, 419px\" \/><\/a><figcaption id=\"caption-attachment-7667\" class=\"wp-caption-text\">L&rsquo;equipe Laro au grand complet avec pilotes et co-pilotes. Marque \u00ab\u00a0Laro\u00a0\u00bben gros sur sa chemise, nous reconnaissons Christophe Lachat, le grand vainqueur de ce Grand Prix de la Montagne.<\/figcaption><\/figure>\n<p><span style=\"font-size: small;\"><span style=\"color: #0a0f0e;\"><span style=\"font-family: Tahoma,sans-serif;\"><b>Alors que son frere <\/b><\/span><\/span><span style=\"color: #0a0f0e;\"><span style=\"font-family: Tahoma,sans-serif;\"><b>Philippe remportait de <\/b><\/span><\/span><span style=\"color: #0a0f0e;\"><span style=\"font-family: Tahoma,sans-serif;\"><b>l&rsquo;autre cote des Alpes le <\/b><\/span><\/span><span style=\"color: #0a0f0e;\"><span style=\"font-family: Tahoma,sans-serif;\"><b>titre de Champion<\/b><\/span><\/span><\/span><\/p>\n<p><span style=\"font-size: small;\"><span style=\"color: #0a0f0e;\"><span style=\"font-family: Tahoma,sans-serif;\"><b>d&rsquo;Europe en Tout Terrain <\/b><\/span><\/span><span style=\"color: #0a0f0e;\"><span style=\"font-family: Tahoma,sans-serif;\"><b>1 \/8, Christophe Lachat <\/b><\/span><\/span><span style=\"color: #0a0f0e;\"><span style=\"font-family: Tahoma,sans-serif;\"><b>arrachait quant a lui la <\/b><\/span><\/span><span style=\"color: #0a0f0e;\"><span style=\"font-family: Tahoma,sans-serif;\"><b>victoire d&rsquo;une course sans <\/b><\/span><\/span><span style=\"color: #0a0f0e;\"><span style=\"font-family: Tahoma,sans-serif;\"><b>doute moins glorieuse <\/b><\/span><\/span><span style=\"color: #0a0f0e;\"><span style=\"font-family: Tahoma,sans-serif;\"><b>mais toujours aussi <\/b><\/span><\/span><span style=\"color: #0a0f0e;\"><span style=\"font-family: Tahoma,sans-serif;\"><b>originale et de plus en <\/b><\/span><\/span><span style=\"color: #0a0f0e;\"><span style=\"font-family: Tahoma,sans-serif;\"><b>plus disput\u00e9e.<\/b><\/span><\/span><\/span><\/p>\n<p align=\"JUSTIFY\"><span style=\"font-size: small;\"><span style=\"color: #0a0f0e;\"><span style=\"font-family: Verdana,sans-serif;\"><span style=\"font-size: xx-small;\">Le soleil devenu habituel pour cette manifestation aura encore une fois \u00e9t\u00e9 de la f\u00eate pour motiver <\/span><\/span><\/span><span style=\"color: #0a0f0e;\"><span style=\"font-family: Verdana,sans-serif;\"><span style=\"font-size: xx-small;\">pilotes et spectateurs afin de promouvoir la voi\u00adture R\/C par ce moyen original.<\/span><\/span><\/span><\/span><\/p>\n<p><span style=\"font-size: small;\"><span style=\"color: #cd1b20;\"><span style=\"font-family: Tahoma,sans-serif;\"><b>Ford Sierra Cosworth, <\/b><\/span><\/span><span style=\"color: #cd1b20;\"><span style=\"font-family: Tahoma,sans-serif;\"><b>Peugeot 309 Turbo, Renault 5 GT Turbo <\/b><\/span><\/span><span style=\"color: #cd1b20;\"><span style=\"font-family: Tahoma,sans-serif;\"><b>Groupe A, Clio 16S et <\/b><\/span><\/span><span style=\"color: #cd1b20;\"><span style=\"font-family: Tahoma,sans-serif;\"><b>les autres&#8230;.<\/b><\/span><\/span><\/span><\/p>\n<p align=\"JUSTIFY\"><span style=\"font-size: small;\"><span style=\"color: #0a0f0e;\"><span style=\"font-family: Verdana,sans-serif;\"><span style=\"font-size: xx-small;\">En fait, on ne parle pas ici des nouveaux mod\u00e8les<\/span><\/span><\/span><span style=\"color: #0a0f0e;\"><span style=\"font-family: Verdana,sans-serif;\"><span style=\"font-size: xx-small;\"> produits par nos constructeurs habituels <\/span><\/span><\/span><span style=\"color: #0a0f0e;\"><span style=\"font-family: Verdana,sans-serif;\"><span style=\"font-size: xx-small;\">mais plut\u00f4t des voitures suiveuses qui firent une <\/span><\/span><\/span><span style=\"font-family: Verdana,sans-serif;\"><span style=\"font-size: xx-small;\"><span style=\"font-size: xx-small;\">partie du spectacle puisque souvent pouss\u00e9es dans leurs derniers retranchements. Les ama<\/span>teurs de sport mecanique de la region grenobloi\u00adse se sont maintenant donnes le mot et ils ne manquent pas de repondre a la sollicitation du <\/span><\/span><span style=\"font-family: Verdana,sans-serif;\"><span style=\"font-size: xx-small;\">Radio Automobile Club de Grenoble pour venir se <\/span><\/span><span style=\"font-family: Verdana,sans-serif;\"><span style=\"font-size: xx-small;\">confronter d&rsquo;une maniere plus amicale qu&rsquo;a (&lsquo;ha\u00ad<\/span><\/span><span style=\"font-family: Verdana,sans-serif;\"><span style=\"font-size: xx-small;\">bitude par le biais de nos modeles roduits.<\/span><\/span><\/span><\/p>\n<p align=\"JUSTIFY\"><span style=\"font-size: small;\"><span style=\"font-family: Verdana,sans-serif;\"><span style=\"font-size: xx-small;\">Ce d\u00e9sir de rapprochement avec nos aines ne <\/span><\/span><span style=\"font-family: Verdana,sans-serif;\"><span style=\"font-size: xx-small;\">date pas d&rsquo;hier et cette course de cote est un symbole tres fort. Car pour une fois, les modeles reduits n&rsquo;interviennent plus en tant \u00ab\u00a0qu&rsquo;anima\u00adteurs de moments creux\u00a0\u00bb mais bien en tant qu&rsquo;acteurs principaux auxquels les voitures echelle 1 viennent preter leur concours certes in\u00addispensable mais malgre tout secondaire.<br \/>\nSouhaitons que l&rsquo;entreprise retienne (&lsquo;attention des instances qui nous gerent et que la FFSA s&rsquo;interesse a ce qui pourrait devenir une discipli\u00adne a part entiere du sport automobile.<\/span><\/span><\/span><\/p>\n<figure id=\"attachment_7669\" aria-describedby=\"caption-attachment-7669\" style=\"width: 500px\" class=\"wp-caption alignnone\"><a href=\"http:\/\/vhrc.fr\/wp-content\/uploads\/2017\/02\/web_auto8_119-0992.jpg\"><img loading=\"lazy\" decoding=\"async\" class=\"wp-image-7669 size-medium\" src=\"http:\/\/vhrc.fr\/wp-content\/uploads\/2017\/02\/web_auto8_119-0992-500x282.jpg\" width=\"500\" height=\"282\" srcset=\"https:\/\/vhrc.fr\/wp-content\/uploads\/2017\/02\/web_auto8_119-0992-500x282.jpg 500w, https:\/\/vhrc.fr\/wp-content\/uploads\/2017\/02\/web_auto8_119-0992-768x433.jpg 768w, https:\/\/vhrc.fr\/wp-content\/uploads\/2017\/02\/web_auto8_119-0992.jpg 800w\" sizes=\"auto, (max-width: 500px) 100vw, 500px\" \/><\/a><figcaption id=\"caption-attachment-7669\" class=\"wp-caption-text\">Les dessous de la Mercedes Menoud.<\/figcaption><\/figure>\n<h3 align=\"JUSTIFY\"><span style=\"font-size: small;\"><span style=\"font-family: Verdana,sans-serif;\"><span style=\"font-size: xx-small;\"><br \/>\n1 &rsquo;48&Prime;6 demotions<\/span><\/span><\/span><\/h3>\n<p align=\"JUSTIFY\"><span style=\"font-size: small;\"><span style=\"font-family: Verdana,sans-serif;\"><span style=\"font-size: xx-small;\"><br \/>\n1 minute et 48,6 secondes, c&rsquo;est me direz-vous la course de voitures radiocommandees la plus courte de l&rsquo;annee et pourtant c&rsquo;est une de celles dont on parle beaucoup lorsqu&rsquo;on y participe, sans doute parce qu&rsquo;elle presente une somme d&#8217;emotions et d&rsquo;images peu habituelles.<br \/>\nPour Christophe Lachat, tout avait pourtant bien mal commence dans la premiere montee de course quand sur une faute, sa Bugatti s&rsquo;etait brusquement retrouvee face a la Renault 5 GT Turbo de Claude Giroud qui malgre des reflexes aiguises laminera (&lsquo;avant de la Laro orange. Heu\u00adreusement, chez le constructeur dijonnais, on construit simple et solide et surtout on garde tou\u00adjours confiance. Si bien que pour la manche sui\u00advante, les memes acteurs repartiront a l&rsquo;assaut des deux kilometres, plus motives que jamais. Verdict du chrono, qui, chose nouvelle en 1995, etait &amp;fiche en gros sur la ligne d&rsquo;arrivee : l&rsquo;51&Prime;8, laissant ainsi le deuxierne meilleur temps, celui de Pierre Yves Barbe a 5&Prime; et 2\/10. Ameliorant par deux fois encore ce chrono. Christophe sera im\u00adperial et ni le dechainement de Lepetit sur le me-me chassis, ni celui de Barbe sur une FG motori\u00adsee \u00ab\u00a0hors norme\u00a0\u00bb pour la circonstance, ne reus\u00adsiront a leur arracher le scratch et le Cum. Pierre Yves Barbe signera avec son pilote Jacky Frigoux sur Sierra Cosworth 1&rsquo;49&Prime;5 dans la der\u00adniere montee, laissant planer jusqu&rsquo;a l&rsquo;annonce de son temps un doute tant la vitesse de passage dans les chicanes etait Atonnante. II remporte bien entendu la categorie 1\/5 dans laquelle it faut encore noter la bonne performance du tout jeune Frederic Lachat (le petit cousin des champions). Bruno Dechen s&rsquo;imposera dans l&rsquo;ultime montee sur une Racco Indy qu&rsquo;il decouvrira seulement le matin de la course, n&rsquo;ayant pu etre present le samedi. Cette categorie monoplace, pourtant tres belle, manquera de concurrents mais it faut d&rsquo;au\u00adtant plus saluer (&lsquo;effort de la famille Menoud qui nous gratifia de la presence d&rsquo;une Sauber rema\u00adniee et surtout d&rsquo;une fabuleuse Renault 5 Turbo 2 tres realiste dont profitera tiotre confrere Denis Salle venu lui aussi s&rsquo;essayer a cette discipline. Enfin, encore une attraction en categorie Sport Prototype grace a la venue de Jean Marc Chap\u00adpeluz et de sa tres belle 905 Le Mans sur laquel\u00adle astucieusement etait dispose un feu stop ef\u00adfectif donnant une indication visuelle pour inciter la voiture suiveuse a tenir compte en temps reel des sollicitations du freinage \u00ab\u00a0radiocommande\u00a0\u00bb. Sachant qu&rsquo;a l&rsquo;heure ou vous lirez ces lignes, le parcours sera recouvert de neige et que vous au\u00adrez encore pres de huit mois a attendre avant la prochaine edition, nous ne nous etendrons pas sur les descentes en luges, raclettes, fondues, remises des prix et autres attractions annexes proposees par (&lsquo;Office du Tourisme de Cham\u00adrousse et qui firent aussi de ce week-end celui de l\u2019amiti\u00e9 autour de l&rsquo;automobile.<br \/>\nGilbert Dognon<br \/>\n<\/span><\/span><\/span><\/p>\n<figure id=\"attachment_7668\" aria-describedby=\"caption-attachment-7668\" style=\"width: 500px\" class=\"wp-caption alignnone\"><a href=\"http:\/\/vhrc.fr\/wp-content\/uploads\/2017\/02\/web_auto8_119-0991.jpg\"><img loading=\"lazy\" decoding=\"async\" class=\"size-medium wp-image-7668\" src=\"http:\/\/vhrc.fr\/wp-content\/uploads\/2017\/02\/web_auto8_119-0991-500x269.jpg\" alt=\"\" width=\"500\" height=\"269\" srcset=\"https:\/\/vhrc.fr\/wp-content\/uploads\/2017\/02\/web_auto8_119-0991-500x269.jpg 500w, https:\/\/vhrc.fr\/wp-content\/uploads\/2017\/02\/web_auto8_119-0991-768x414.jpg 768w, https:\/\/vhrc.fr\/wp-content\/uploads\/2017\/02\/web_auto8_119-0991.jpg 800w\" sizes=\"auto, (max-width: 500px) 100vw, 500px\" \/><\/a><figcaption id=\"caption-attachment-7668\" class=\"wp-caption-text\">Impressionnant Maths qui propulsera Ia voiture de (&lsquo;autrichien Kienast a plus de 120 km\/h dans Ia partie rapide du circuit.<\/figcaption><\/figure>\n<p align=\"JUSTIFY\">TOP SPEED POUR L&rsquo;AUTRICHIEN HANS KIENAST<br \/>\nSous (&lsquo;impulsion de Wolfgang Stumpf, le responsable des grandes echelles a I&rsquo;EFRA, deux autrichiens feront le deplacement. L&rsquo;un d&rsquo;eux, Hans Kienast, sera meme l&rsquo;auteur de Ia vitesse de pointe la plus elevee a un peu plus de 120 km\/h sur le plateau superieur, vers Ia fin du parcours.<br \/>\nVenu avec un ami pour le piloter a bard de sa Golf GTI cabriolet, cet autrichien ne passera pas tres loin de (&lsquo;exploit en ameliorant son temps a chaque montee grace a un 30 cm&rsquo; Maths des plus veloce que son chas?sis AM1 aura pourtant du mal a exploiter dans les parties sinueuses.<br \/>\nPar contre, a voir les faces bronthes et rejouies des deux comperes le dimanche soir, it est a ne pas douter que l&rsquo;an prochain, ils ne seront plus les seuls strangers a venir s&rsquo;essayer sur les ntes de Chamrousse.<\/p>\n<figure id=\"attachment_7670\" aria-describedby=\"caption-attachment-7670\" style=\"width: 500px\" class=\"wp-caption alignnone\"><a href=\"http:\/\/vhrc.fr\/wp-content\/uploads\/2017\/02\/web_auto8_119-0994.jpg\"><img loading=\"lazy\" decoding=\"async\" class=\"size-medium wp-image-7670\" src=\"http:\/\/vhrc.fr\/wp-content\/uploads\/2017\/02\/web_auto8_119-0994-500x378.jpg\" alt=\"\" width=\"500\" height=\"378\" srcset=\"https:\/\/vhrc.fr\/wp-content\/uploads\/2017\/02\/web_auto8_119-0994-500x378.jpg 500w, https:\/\/vhrc.fr\/wp-content\/uploads\/2017\/02\/web_auto8_119-0994-768x581.jpg 768w, https:\/\/vhrc.fr\/wp-content\/uploads\/2017\/02\/web_auto8_119-0994.jpg 793w\" sizes=\"auto, (max-width: 500px) 100vw, 500px\" \/><\/a><figcaption id=\"caption-attachment-7670\" class=\"wp-caption-text\">Un feu stop tres efficace pour le co-pilote sur cette 905 LM.<\/figcaption><\/figure>\n<p><span style=\"font-size: small;\"><span style=\"color: #d3222e;\"><span style=\"font-family: Tahoma,sans-serif;\"><b>Classements (sur trois mont\u00e9es)<\/b><\/span><\/span><\/span><\/p>\n<p><span style=\"font-size: small;\"><span style=\"color: #d3222e;\"><span style=\"font-family: Arial,sans-serif;\"><span style=\"font-size: xx-small;\"><i><b>Cat\u00e9gorie <\/b><\/i><\/span><\/span><\/span><span style=\"color: #d3222e;\"><span style=\"font-family: Arial,sans-serif;\"><span style=\"font-size: xx-small;\"><b>1\/4 <\/b><\/span><\/span><\/span><span style=\"color: #d3222e;\"><span style=\"font-family: Arial,sans-serif;\"><span style=\"font-size: xx-small;\"><i><b>GT<\/b><\/i><\/span><\/span><\/span><\/span><\/p>\n<p align=\"JUSTIFY\"><span style=\"font-size: small;\"><span style=\"color: #000000;\"><span style=\"font-family: Arial,sans-serif;\"><span style=\"font-size: xx-small;\"><b>1. Christophe Lachat, 5&rsquo;19&Prime;9, Laro Bugatti\/Renault 5 GT <\/b><\/span><\/span><\/span><span style=\"color: #000000;\"><span style=\"font-family: Arial,sans-serif;\"><span style=\"font-size: xx-small;\"><b>Turbo &#8211; 2. Christophe Lepetit, 5&rsquo;39&Prime;4, Laro Bugatti\/Re\u00ad<\/b><\/span><\/span><\/span><span style=\"color: #000000;\"><span style=\"font-family: Arial,sans-serif;\"><span style=\"font-size: xx-small;\"><b>nault 5 GT Turbo &#8211; 3. Hans Kienast, 5&rsquo;59&Prime;6, AM1 <\/b><\/span><\/span><\/span><span style=\"color: #000000;\"><span style=\"font-family: Arial,sans-serif;\"><span style=\"font-size: xx-small;\"><b>F40\/Golf GTI 16S Cabriolet &#8211; 4. Laurence Lyaudet, 6&rsquo;09&Prime;8, <\/b><\/span><\/span><\/span><span style=\"color: #000000;\"><span style=\"font-family: Arial,sans-serif;\"><span style=\"font-size: xx-small;\"><b>Yankee Porsche\/Peugeot 309 Turbo &#8211; 5. Bernard Durand , <\/b><\/span><\/span><\/span><span style=\"color: #000000;\"><span style=\"font-family: Arial,sans-serif;\"><span style=\"font-size: xx-small;\"><b>6&rsquo;14&Prime;4, Menoud \u00ab\u00a0R5 Turbo 2&Prime;\/Polo G40.<\/b><\/span><\/span><\/span><\/span><\/p>\n<p><span style=\"font-size: small;\"><span style=\"color: #d3222e;\"><span style=\"font-family: Arial,sans-serif;\"><span style=\"font-size: xx-small;\"><i><b>Cat\u00e9gorie <\/b><\/i><\/span><\/span><\/span><span style=\"color: #d3222e;\"><span style=\"font-family: Verdana,sans-serif;\"><span style=\"font-size: xx-small;\"><b>1\/5 <\/b><\/span><\/span><\/span><span style=\"color: #d3222e;\"><span style=\"font-family: Arial,sans-serif;\"><span style=\"font-size: xx-small;\"><i><b>GT\/Saloon<\/b><\/i><\/span><\/span><\/span><\/span><\/p>\n<p align=\"JUSTIFY\"><span style=\"font-size: small;\"><span style=\"color: #000000;\"><span style=\"font-family: Arial,sans-serif;\"><span style=\"font-size: xx-small;\"><b>1. Pierre Yves Barbe, 5&rsquo;42&Prime;0, FG Mercedes\/Sierra Cos-<\/b><\/span><\/span><\/span><span style=\"color: #000000;\"><span style=\"font-family: Arial,sans-serif;\"><span style=\"font-size: xx-small;\"><b>worth &#8211; 2. Patrick Gautherot, 6&rsquo;10&Prime;3, Laro Laguna\/Re\u00ad<\/b><\/span><\/span><\/span><span style=\"color: #000000;\"><span style=\"font-family: Arial,sans-serif;\"><span style=\"font-size: xx-small;\"><b>nault 5 GT Turbo- 3. Frederic Lachat, 6&rsquo;17&Prime;0, Laro Lagu\u00ad<\/b><\/span><\/span><\/span><span style=\"color: #000000;\"><span style=\"font-family: Arial,sans-serif;\"><span style=\"font-size: xx-small;\"><b>na\/Peugeot 309 Turbo<\/b><\/span><\/span><\/span><span style=\"color: #362d0f;\"><span style=\"font-family: Arial,sans-serif;\"><span style=\"font-size: xx-small;\"><b> &#8211;<\/b><\/span><\/span><\/span><span style=\"color: #000000;\"><span style=\"font-family: Arial,sans-serif;\"><span style=\"font-size: xx-small;\"><b> 4. Gilbert Dognon, 6&rsquo;19&Prime;4, FG Mercedes\/Renault Clio 165- 5. Nicolas Rodriguez, 6&rsquo;20&Prime;7, <\/b><\/span><\/span><\/span><span style=\"color: #000000;\"><span style=\"font-family: Arial,sans-serif;\"><span style=\"font-size: xx-small;\"><b>Laro Laguna\/Peugeot 309.<\/b><\/span><\/span><\/span><\/span><\/p>\n<p><span style=\"font-size: small;\"><span style=\"color: #d3222e;\"><span style=\"font-family: Arial,sans-serif;\"><span style=\"font-size: xx-small;\"><i><b>Cat\u00e9gorie monoplace 1\/4<\/b><\/i><\/span><\/span><\/span><\/span><\/p>\n<p align=\"JUSTIFY\"><span style=\"font-size: small;\"><span style=\"color: #000000;\"><span style=\"font-family: Arial,sans-serif;\"><span style=\"font-size: xx-small;\"><i><b>1. <\/b><\/i><\/span><\/span><\/span><span style=\"color: #000000;\"><span style=\"font-family: Arial,sans-serif;\"><span style=\"font-size: xx-small;\"><b>Bruno Dechen, 6&rsquo;27&Prime;2, Racco Indy\/Peugeot 309 Turbo <\/b><\/span><\/span><\/span><span style=\"color: #362d0f;\"><span style=\"font-family: Arial,sans-serif;\"><span style=\"font-size: xx-small;\"><b>&#8211;<\/b><\/span><\/span><\/span><span style=\"color: #000000;\"><span style=\"font-family: Arial,sans-serif;\"><span style=\"font-size: xx-small;\"><b> 2. Christophe Menoud, 6&rsquo;36&Prime;4, Menoud Sauber\/Polo G <\/b><\/span><\/span><\/span><span style=\"color: #000000;\"><span style=\"font-family: Arial,sans-serif;\"><span style=\"font-size: xx-small;\"><b>40.<\/b><\/span><\/span><\/span><\/span><\/p>\n<p><span style=\"font-size: small;\"><span style=\"color: #d3222e;\"><span style=\"font-family: Arial,sans-serif;\"><span style=\"font-size: xx-small;\"><i><b>Sport Proto<br \/>\n<\/b><\/i><\/span><\/span><\/span><\/span><\/p>\n<p><span style=\"font-size: small;\"><span style=\"color: #000000;\"><span style=\"font-family: Arial,sans-serif;\"><span style=\"font-size: xx-small;\"><b>1. Jean Marc Chappeluz, 6&rsquo;36&Prime;9, Yankee\/905 LM\/\/Peu\u00ad<\/b><\/span><\/span><\/span><span style=\"color: #000000;\"><span style=\"font-family: Arial,sans-serif;\"><span style=\"font-size: xx-small;\"><b>geot 309.<\/b><\/span><\/span><\/span><\/span><\/p>\n<p><span style=\"font-size: small;\"><span style=\"color: #d3222e;\"><span style=\"font-family: Arial,sans-serif;\"><span style=\"font-size: xx-small;\"><i><b>Meilleure montee<\/b><\/i><\/span><\/span><\/span><span style=\"color: #ea2d39;\"><span style=\"font-family: Arial,sans-serif;\"><span style=\"font-size: xx-small;\"><i><b> :<\/b><\/i><\/span><\/span><\/span><span style=\"color: #d3222e;\"><span style=\"font-family: Arial,sans-serif;\"><span style=\"font-size: xx-small;\"><i><b> scratch<\/b><\/i><\/span><\/span><\/span><\/span><\/p>\n<p><span style=\"font-size: small;\"><span style=\"color: #000000;\"><span style=\"font-family: Arial,sans-serif;\"><span style=\"font-size: xx-small;\"><b>1. Christophe Lachat, 1&rsquo;48&Prime;6 &#8211; 2. Pierre Yves Barbe, <\/b><\/span><\/span><\/span><span style=\"color: #362d0f;\"><span style=\"font-family: Arial,sans-serif;\"><span style=\"font-size: xx-small;\"><b>1<\/b><\/span><\/span><\/span><span style=\"color: #000000;\"><span style=\"font-family: Arial,sans-serif;\"><span style=\"font-size: xx-small;\"><b> &rsquo;49&Prime;53<\/b><\/span><\/span><\/span><span style=\"color: #362d0f;\"><span style=\"font-family: Arial,sans-serif;\"><span style=\"font-size: xx-small;\"><b> &#8211;<\/b><\/span><\/span><\/span><span style=\"color: #000000;\"><span style=\"font-family: Arial,sans-serif;\"><span style=\"font-size: xx-small;\"><b> 3. Christophe Lepetit, 1&rsquo;50&Prime;8.<\/b><\/span><\/span><\/span><\/span><\/p>\n<p>&nbsp;<\/p>\n<h1>article d&rsquo;Auto8 janvier 1996<\/h1>","protected":false},"excerpt":{"rendered":"<p>COURSE DE COTE 1\/4 ET 1\/5 DE CHAMROUSSE 1995 Alors que son frere Philippe remportait de l&rsquo;autre cote des Alpes<\/p>","protected":false},"author":5,"featured_media":7666,"parent":364,"menu_order":0,"comment_status":"closed","ping_status":"closed","template":"","meta":{"colormag_page_container_layout":"default_layout","colormag_page_sidebar_layout":"default_layout","footnotes":""},"class_list":["post-7664","page","type-page","status-publish","has-post-thumbnail","hentry"],"_links":{"self":[{"href":"https:\/\/vhrc.fr\/en\/wp-json\/wp\/v2\/pages\/7664","targetHints":{"allow":["GET"]}}],"collection":[{"href":"https:\/\/vhrc.fr\/en\/wp-json\/wp\/v2\/pages"}],"about":[{"href":"https:\/\/vhrc.fr\/en\/wp-json\/wp\/v2\/types\/page"}],"author":[{"embeddable":true,"href":"https:\/\/vhrc.fr\/en\/wp-json\/wp\/v2\/users\/5"}],"replies":[{"embeddable":true,"href":"https:\/\/vhrc.fr\/en\/wp-json\/wp\/v2\/comments?post=7664"}],"version-history":[{"count":3,"href":"https:\/\/vhrc.fr\/en\/wp-json\/wp\/v2\/pages\/7664\/revisions"}],"predecessor-version":[{"id":7672,"href":"https:\/\/vhrc.fr\/en\/wp-json\/wp\/v2\/pages\/7664\/revisions\/7672"}],"up":[{"embeddable":true,"href":"https:\/\/vhrc.fr\/en\/wp-json\/wp\/v2\/pages\/364"}],"wp:featuredmedia":[{"embeddable":true,"href":"https:\/\/vhrc.fr\/en\/wp-json\/wp\/v2\/media\/7666"}],"wp:attachment":[{"href":"https:\/\/vhrc.fr\/en\/wp-json\/wp\/v2\/media?parent=7664"}],"curies":[{"name":"wp","href":"https:\/\/api.w.org\/{rel}","templated":true}]}}