{"id":7696,"date":"2017-03-06T11:36:57","date_gmt":"2017-03-06T10:36:57","guid":{"rendered":"http:\/\/vhrc.fr\/?page_id=7696"},"modified":"2025-07-08T09:23:25","modified_gmt":"2025-07-08T08:23:25","slug":"fuchs","status":"publish","type":"page","link":"https:\/\/vhrc.fr\/en\/voitures\/fuchs\/","title":{"rendered":"FUCHS"},"content":{"rendered":"<p><img loading=\"lazy\" decoding=\"async\" class=\"alignnone size-full wp-image-7782\" src=\"http:\/\/vhrc.fr\/wp-content\/uploads\/2017\/03\/fuchs-modelltechnik.by8_.jpg\" alt=\"\" width=\"1093\" height=\"519\" srcset=\"https:\/\/vhrc.fr\/wp-content\/uploads\/2017\/03\/fuchs-modelltechnik.by8_.jpg 1093w, https:\/\/vhrc.fr\/wp-content\/uploads\/2017\/03\/fuchs-modelltechnik.by8_-500x237.jpg 500w, https:\/\/vhrc.fr\/wp-content\/uploads\/2017\/03\/fuchs-modelltechnik.by8_-768x365.jpg 768w, https:\/\/vhrc.fr\/wp-content\/uploads\/2017\/03\/fuchs-modelltechnik.by8_-800x380.jpg 800w\" sizes=\"auto, (max-width: 1093px) 100vw, 1093px\" \/><\/p>\n<p>article RC Racing Cars N\u00b010 janvier 1995<\/p>\n<h1>Constructeur allemand de voitures 1:4 et 1:5<\/h1>\n<h2>Ferrari Fuchs 1\/4 et Opel Lautenbacher 1\/5 : L&rsquo;autre voie!<\/h2>\n<p>A force de se voir r\u00e9guli\u00e8\u00adrement domin\u00e9 par les sp\u00e9\u00adcialistes Fran\u00e7ais du 1\/4, les fabricants germains se sont rebiff\u00e9! R\u00e9sultat : des ch\u00e2ssis qui s&rsquo;all\u00e8gent, qui s&rsquo;affinent tout en conservant deux principes de base : un moteur d&rsquo;homme et une construction int\u00e9gralement m\u00e9tallique&#8230;<\/p>\n<h3>De la belle ouvrage<br \/>\n<a href=\"http:\/\/vhrc.fr\/wp-content\/uploads\/2017\/03\/fuchs-f40.jpg\"><img loading=\"lazy\" decoding=\"async\" class=\"alignnone size-medium wp-image-7698\" src=\"http:\/\/vhrc.fr\/wp-content\/uploads\/2017\/03\/fuchs-f40-500x278.jpg\" alt=\"\" width=\"500\" height=\"278\" srcset=\"https:\/\/vhrc.fr\/wp-content\/uploads\/2017\/03\/fuchs-f40-500x278.jpg 500w, https:\/\/vhrc.fr\/wp-content\/uploads\/2017\/03\/fuchs-f40.jpg 698w\" sizes=\"auto, (max-width: 500px) 100vw, 500px\" \/><\/a><\/h3>\n<p>\u00c7a pour du beau boulot, c&rsquo;est du beau bou\u00adlot! Fraisage, usinage parfait, pi\u00e8ces mono\u00adblocs, anodisations fines, omnipr\u00e9sence d&rsquo;aluminium et d&rsquo;acier, avant m\u00eame de juger de la performance, la conception de cette Fuchs a perdu de sa grossi\u00e8ret\u00e9 et \u00e0 gagn\u00e9 une finesse et un poids que l&rsquo;on ne lui connaissait pas. 15 Kg d&rsquo;origine et moins de 14 kg en version all\u00e9g\u00e9e, certaines voitures du CF arrivent \u00e0 ce poids&#8230;.<\/p>\n<h3>Une architecture clas\u00adsique<\/h3>\n<p>Autant qu&rsquo;elle puisse l&rsquo;\u00eatre sur une telle voi\u00adture, l&rsquo;architecture de cette Fuchs est vrai\u00adment classique : la g\u00e9om\u00e9trie est correcte sans plus (c&rsquo;est d\u00e9j\u00e0 pas mal) et les amortis\u00adseurs sont bien positionn\u00e9s. Tout ou \u00e0 peu pr\u00e8s est r\u00e9glable et l&rsquo;omnipr\u00e9sence de rotules m\u00e9talliques choque autant que rassure.<\/p>\n<h3><a href=\"http:\/\/vhrc.fr\/wp-content\/uploads\/2017\/03\/fuchs-chassis.jpg\"><img loading=\"lazy\" decoding=\"async\" class=\"alignnone size-medium wp-image-7699\" src=\"http:\/\/vhrc.fr\/wp-content\/uploads\/2017\/03\/fuchs-chassis-500x302.jpg\" alt=\"\" width=\"500\" height=\"302\" srcset=\"https:\/\/vhrc.fr\/wp-content\/uploads\/2017\/03\/fuchs-chassis-500x302.jpg 500w, https:\/\/vhrc.fr\/wp-content\/uploads\/2017\/03\/fuchs-chassis-768x464.jpg 768w, https:\/\/vhrc.fr\/wp-content\/uploads\/2017\/03\/fuchs-chassis-800x483.jpg 800w, https:\/\/vhrc.fr\/wp-content\/uploads\/2017\/03\/fuchs-chassis.jpg 1980w\" sizes=\"auto, (max-width: 500px) 100vw, 500px\" \/><\/a><\/h3>\n<pre><\/pre>\n<h3>Mixte<\/h3>\n<p>Rien \u00e0 voir avec l&rsquo;\u00e9cole du rejeton, ici on parle de la transmission de cette belle Allemande qui utilise un syst\u00e8me mixte cour\u00adroie\/cha\u00eene. L&#8217;embrayage attaque donc une courroie qui re\u00e7oit un tendeur alors qu&rsquo;une cha\u00eene transmet la puissance jusqu&rsquo;au diff\u00e9\u00adrentiel. Quatre disques s&rsquo;occupent de ralentir la b\u00eate, dont deux \u00e0 l&rsquo;avant, mordu par des plaquettes garnies de Ferodo.<\/p>\n<h3>Jusqu&rsquo;\u00e0 6 CV! Voire m\u00eame plus&#8230;<\/h3>\n<p>C&rsquo;est le coeur de cette voiture : le Mathe 30 cc, disponible aussi en 25 et 23cc&#8230; C&rsquo;est un monstre, construit comme un 3,5cc! Culass\u00e9 d&rsquo;origine, chemis\u00e9, muni d&rsquo;une admission par valve rotative, carbu de 13, ce moteur souffrait d&rsquo;un caract\u00e8re&#8230; particulier qui le rendait tr\u00e8s sensible \u00e0 la chauffe.<br \/>\nMonsieur Math\u00e9 s&rsquo;est pench\u00e9 sur \u00e0 peu pr\u00e8s tout et nous a concoct\u00e9 le retour du monstre. Nouvel ajustement de l&rsquo;ensemble chemise piston, nouveaux segments, nouveau capo\u00adtage, nouveau r\u00e9so, de quoi normalement faire dispara\u00eetre les probl\u00e8mes d\u00fbs \u00e0 la cha\u00adleur.<br \/>\nC\u00f4t\u00e9 puissance, la version pr\u00e9par\u00e9e peut monter \u00e0 6 CV&#8230;. mais en faisant parler sous la torture les pilotes usine Math\u00e9, ils nous<br \/>\nont avou\u00e9 que leur moteur avoisinait les 7 CV Chuuut!<\/p>\n<p><a href=\"http:\/\/vhrc.fr\/wp-content\/uploads\/2017\/03\/fiuchs-details-w.jpg\"><img loading=\"lazy\" decoding=\"async\" class=\"alignnone size-medium wp-image-7701\" src=\"http:\/\/vhrc.fr\/wp-content\/uploads\/2017\/03\/fiuchs-details-w-500x340.jpg\" alt=\"\" width=\"500\" height=\"340\" srcset=\"https:\/\/vhrc.fr\/wp-content\/uploads\/2017\/03\/fiuchs-details-w-500x340.jpg 500w, https:\/\/vhrc.fr\/wp-content\/uploads\/2017\/03\/fiuchs-details-w-768x521.jpg 768w, https:\/\/vhrc.fr\/wp-content\/uploads\/2017\/03\/fiuchs-details-w-800x543.jpg 800w, https:\/\/vhrc.fr\/wp-content\/uploads\/2017\/03\/fiuchs-details-w.jpg 1000w\" sizes=\"auto, (max-width: 500px) 100vw, 500px\" \/><\/a><\/p>\n<p>1)Le Math\u00e9 30cc, un coeur gros comme \u00e7a! Notez la fixation du r\u00e9so&#8230; Comme en moto! Rhaaa&#8230;<br \/>\n2)Transmission par cha\u00eene, diff garanti 3 ans, barre antiroulis et frein en sortie de diff, du top \u00e0 tous les \u00e9tages.<br \/>\n3)Porte-moyeu taill\u00e9 dans la masse!<br \/>\n4)Notez les plaquettes garnies de Ferodo.<\/p>\n<h3>Garantie<\/h3>\n<p>Chez Fuchs, on est s\u00fbr de son matos : du<br \/>\ncoup moteur (1 an), et diff (3ans) sont garantis par le constructeur. Bigre, il ne manque\u00adrait plus qu&rsquo;il nous garantissent les pneus PMT (qui ne sont plus gonflables)&#8230;<\/p>\n<table style=\"border-color: #ba0d0d;\" border=\"2\" frame=\"VOID\" rules=\"NONE\" cellspacing=\"0\">\n<tbody>\n<tr>\n<td style=\"text-align: center;\" colspan=\"2\" align=\"LEFT\" width=\"112\" height=\"17\"><strong>Fiche Technique<\/strong><\/td>\n<\/tr>\n<tr>\n<td align=\"LEFT\" height=\"17\">Marque<\/td>\n<td align=\"LEFT\">Fuchs<\/td>\n<\/tr>\n<tr>\n<td align=\"LEFT\" height=\"18\">Mod\u00e8le<\/td>\n<td align=\"LEFT\">Ferrari F40<\/td>\n<\/tr>\n<tr>\n<td align=\"LEFT\" height=\"18\">Motorisation<\/td>\n<td align=\"LEFT\">Thermique Math\u00e9 30cc<\/td>\n<\/tr>\n<tr>\n<td align=\"LEFT\" height=\"18\">Echelle<\/td>\n<td align=\"LEFT\">Piste 1\/4<\/td>\n<\/tr>\n<tr>\n<td align=\"LEFT\" height=\"18\">Ch\u00e2ssis<\/td>\n<td align=\"LEFT\">tout alu<\/td>\n<\/tr>\n<tr>\n<td align=\"LEFT\" height=\"17\">Transmission<\/td>\n<td align=\"LEFT\">mixte courroie\/cha\u00eene<\/td>\n<\/tr>\n<tr>\n<td align=\"LEFT\" height=\"17\">Diff\u00e9rentiel<\/td>\n<td align=\"LEFT\">un, \u00e0 pignons<\/td>\n<\/tr>\n<tr>\n<td align=\"LEFT\" height=\"17\">Suspensions Av<\/td>\n<td align=\"LEFT\">triangles, ressorts amortisseurs<\/td>\n<\/tr>\n<tr>\n<td align=\"LEFT\" height=\"17\">Suspensions Arr<\/td>\n<td align=\"LEFT\">triangles, ressorts amortisseurs<\/td>\n<\/tr>\n<tr>\n<td align=\"LEFT\" height=\"18\">Pr\u00e9sentation<\/td>\n<td align=\"LEFT\">pr\u00e9mont\u00e9e<\/td>\n<\/tr>\n<tr>\n<td align=\"LEFT\" height=\"18\">Prix maxi<\/td>\n<td align=\"LEFT\">19000 F env<\/td>\n<\/tr>\n<\/tbody>\n<\/table>\n<h3>Carbone!<\/h3>\n<p>Tout est r\u00e9glable dans tous les sens&#8230;<br \/>\nLa voiture qui nous a \u00e9t\u00e9 donn\u00e9 d&rsquo;essayer \u00e9tait la version course, \u00e9quip\u00e9e d&rsquo;un ch\u00e2ssis tout carbone et du gros moteur. Pour \u00eatre honn\u00eate avec vous, notre prise en mains ne pourra pas \u00eatre consid\u00e9r\u00e9e comme un test, il serait bien pr\u00e9tentieux de juger des performances de cette voiture sur les quelques heures pass\u00e9es avec elle. Les seuls ensei\u00adgnements que l&rsquo;on peut tirer de ces quelques tours de roues sont une puissance moteur impressionnante et un comporte\u00adment relativement sous vireur, les pneus avant avait \u00e9norm\u00e9ment de mal \u00e0 chauffer (normal au mois de D\u00e9cembre!). Yo, il n&#8217;em\u00adp\u00eache que bien d\u00e9cor\u00e9e, les carrosseries ont une sacr\u00e9e gueule qui nous fait d&rsquo;autant plus regretter les monstres que produisent les<br \/>\npilotes de ces autos vues \u00e0 Stuttgart. Les ch\u00e2ssis germains ont bien gagn\u00e9 en finesse et en \u00e9l\u00e9gance, alors pourquoi pas leur pilotes&#8230;<\/p>\n<h3>Ils sont fous! (lauterbacher)<\/h3>\n<figure id=\"attachment_7702\" aria-describedby=\"caption-attachment-7702\" style=\"width: 500px\" class=\"wp-caption alignnone\"><a href=\"http:\/\/vhrc.fr\/wp-content\/uploads\/2017\/03\/rcracingcar10-scan-calibra.jpg\"><img loading=\"lazy\" decoding=\"async\" class=\"size-medium wp-image-7702\" src=\"http:\/\/vhrc.fr\/wp-content\/uploads\/2017\/03\/rcracingcar10-scan-calibra-500x301.jpg\" alt=\"\" width=\"500\" height=\"301\" srcset=\"https:\/\/vhrc.fr\/wp-content\/uploads\/2017\/03\/rcracingcar10-scan-calibra-500x301.jpg 500w, https:\/\/vhrc.fr\/wp-content\/uploads\/2017\/03\/rcracingcar10-scan-calibra.jpg 685w\" sizes=\"auto, (max-width: 500px) 100vw, 500px\" \/><\/a><figcaption id=\"caption-attachment-7702\" class=\"wp-caption-text\">calibra lauterbacher<\/figcaption><\/figure>\n<p>On en a aussi en France des comme ca : il se font plaisir et nous font plaisir en construi\u00adsant des voitures tout alu avec quelques astuces que seuls ceux qui ne vivent pas vraiment dans le m\u00eame monde que nous peuvent imaginer entre deux id\u00e9es farfelues. Cette Lautenbacher r\u00e9pond \u00e0 peu pr\u00e8s \u00e0 cela. Du coup, on retrouve de l&rsquo;alu, des rotules m\u00e9talliques, un ch\u00e2ssis en alumi\u00adnium, une transmission par courroie, une commande de frein et de gaz sur la m\u00eame tringle, une option variateur (comme les mobylettes) un r\u00e9so taill\u00e9 dans la masse (ils sont vraiment fous&#8230;). Le moteur est Italien et re\u00e7oit une culasse rapport\u00e9e. Les jantes sont elles aussi en aluminium et re\u00e7oivent des pneus en caoutchouc.<br \/>\nAllez, des photos pour cette voiture \u00e9quip\u00e9e d&rsquo;une coupure moteur (option) command\u00e9 par la radio que nous n&rsquo;avons malheureuse\u00adment pas pu essayer \u00e0 cause d&rsquo;un carbu capricieux&#8230;<\/p>\n<h3>Fiche Technique<\/h3>\n<p>Marque Lautenbacher<br \/>\nMod\u00e8le Opel Calibra<br \/>\nMotorisation Thermique 25cc<br \/>\nEchelle Piste 1\/5<br \/>\nCh\u00e2ssis tout alu<br \/>\nTransmission courroies<br \/>\nDiff\u00e9rentiel un, \u00e0 pignons<br \/>\nSuspensions Av triangles, ressorts amortisseurs<br \/>\nSuspensions Arr triangles, ressorts amortisseurs<br \/>\nPr\u00e9sentation pr\u00e9mont\u00e9e<br \/>\nPrix maxi 12000 F env<\/p>\n<figure id=\"attachment_7703\" aria-describedby=\"caption-attachment-7703\" style=\"width: 434px\" class=\"wp-caption alignnone\"><a href=\"http:\/\/vhrc.fr\/wp-content\/uploads\/2017\/03\/rcracingcar10-scan174_cr.jpg\"><img loading=\"lazy\" decoding=\"async\" class=\"size-medium wp-image-7703\" src=\"http:\/\/vhrc.fr\/wp-content\/uploads\/2017\/03\/rcracingcar10-scan174_cr-434x500.jpg\" alt=\"\" width=\"434\" height=\"500\" srcset=\"https:\/\/vhrc.fr\/wp-content\/uploads\/2017\/03\/rcracingcar10-scan174_cr-434x500.jpg 434w, https:\/\/vhrc.fr\/wp-content\/uploads\/2017\/03\/rcracingcar10-scan174_cr-768x885.jpg 768w, https:\/\/vhrc.fr\/wp-content\/uploads\/2017\/03\/rcracingcar10-scan174_cr-695x800.jpg 695w, https:\/\/vhrc.fr\/wp-content\/uploads\/2017\/03\/rcracingcar10-scan174_cr.jpg 1081w\" sizes=\"auto, (max-width: 434px) 100vw, 434px\" \/><\/a><figcaption id=\"caption-attachment-7703\" class=\"wp-caption-text\">calibra lauterbacher 1:5<\/figcaption><\/figure>\n<p>1)Le ch\u00e2ssis est constitu\u00e9 d&rsquo;une poutre en alu prot\u00e9g\u00e9e par une coque en nylon mou\u00adl\u00e9e.<br \/>\n2)Le moteur est italien, issu d&rsquo;une d\u00e9broussailleuse, \u00e9quip\u00e9 d&rsquo;une culasse rap\u00adport\u00e9e. Notez le superbe venturi en alu et le r\u00e9so taill\u00e9 dans la masse!<br \/>\n3)Les jantes sont en aluminium&#8230; Tr\u00e8s belles.<br \/>\n4)Cet allumage \u00e9lectronique avec avance variable, va bient\u00f4t donner du \u00ab\u00a0niak\u00a0\u00bb aux moteurs deux temps utilis\u00e9s dans les voi\u00adtures au quart et au 1\/5, il va \u00eatre distribu\u00e9 en France, tous comme ces deux voitures, par <strong>Outils Scop<\/strong>.<\/p>","protected":false},"excerpt":{"rendered":"<p>article RC Racing Cars N\u00b010 janvier 1995 Constructeur allemand de voitures 1:4 et 1:5 Ferrari Fuchs 1\/4 et Opel Lautenbacher<\/p>","protected":false},"author":5,"featured_media":7782,"parent":138,"menu_order":0,"comment_status":"closed","ping_status":"closed","template":"","meta":{"colormag_page_container_layout":"default_layout","colormag_page_sidebar_layout":"default_layout","footnotes":""},"class_list":["post-7696","page","type-page","status-publish","has-post-thumbnail","hentry"],"_links":{"self":[{"href":"https:\/\/vhrc.fr\/en\/wp-json\/wp\/v2\/pages\/7696","targetHints":{"allow":["GET"]}}],"collection":[{"href":"https:\/\/vhrc.fr\/en\/wp-json\/wp\/v2\/pages"}],"about":[{"href":"https:\/\/vhrc.fr\/en\/wp-json\/wp\/v2\/types\/page"}],"author":[{"embeddable":true,"href":"https:\/\/vhrc.fr\/en\/wp-json\/wp\/v2\/users\/5"}],"replies":[{"embeddable":true,"href":"https:\/\/vhrc.fr\/en\/wp-json\/wp\/v2\/comments?post=7696"}],"version-history":[{"count":3,"href":"https:\/\/vhrc.fr\/en\/wp-json\/wp\/v2\/pages\/7696\/revisions"}],"predecessor-version":[{"id":7783,"href":"https:\/\/vhrc.fr\/en\/wp-json\/wp\/v2\/pages\/7696\/revisions\/7783"}],"up":[{"embeddable":true,"href":"https:\/\/vhrc.fr\/en\/wp-json\/wp\/v2\/pages\/138"}],"wp:featuredmedia":[{"embeddable":true,"href":"https:\/\/vhrc.fr\/en\/wp-json\/wp\/v2\/media\/7782"}],"wp:attachment":[{"href":"https:\/\/vhrc.fr\/en\/wp-json\/wp\/v2\/media?parent=7696"}],"curies":[{"name":"wp","href":"https:\/\/api.w.org\/{rel}","templated":true}]}}