{"id":800,"date":"2010-05-06T08:31:09","date_gmt":"2010-05-06T07:31:09","guid":{"rendered":"http:\/\/vhrc.fr\/?page_id=800"},"modified":"2020-11-06T09:07:51","modified_gmt":"2020-11-06T08:07:51","slug":"2010-manche-3-vhrc-21e-grand-prix-de-villeneuve-les-avignon","status":"publish","type":"page","link":"https:\/\/vhrc.fr\/en\/historique\/vhrc-lhistorique\/2010vhrc\/2010-manche-3-vhrc-21e-grand-prix-de-villeneuve-les-avignon\/","title":{"rendered":"2010 M3 Villeneuve"},"content":{"rendered":"<h1><a href=\"http:\/\/vhrc.fr\/wp-content\/uploads\/2010\/05\/84.jpg\"><img loading=\"lazy\" decoding=\"async\" class=\"alignnone size-thumbnail wp-image-989\" title=\"84\" src=\"http:\/\/vhrc.fr\/wp-content\/uploads\/2010\/05\/84-150x150.jpg\" alt=\"\" width=\"150\" height=\"150\" \/><\/a><\/h1>\n<h1>photos en ligne de cette belle journ\u00e9e<\/h1>\n<p>nggallery id=42<\/p>\n<p>[foldergallery folder=\u00a0\u00bbwp-content\/gallery\/2010-gp-villeneuve\u00a0\u00bb title=\u00a0\u00bbgalerie photo\u00a0\u00bb]<\/p>\n<h1>Classement<\/h1>\n<table id=\"wp-table-reloaded-id-19-no-1\" class=\"wp-table-reloaded wp-table-reloaded-id-19\">\n<thead>\n<tr class=\"row-1 odd\">\n<th class=\"column-1 header\">Pilote<\/th>\n<th class=\"column-2 header\">position<\/th>\n<th class=\"column-3 header\">Montpellier<br \/>\n07\/03<\/th>\n<th class=\"column-4 header\">Classement Gen 1<\/th>\n<th class=\"column-5 header\">position<\/th>\n<th class=\"column-6 header\">Le Luc 09\/05<\/th>\n<th class=\"column-7 header\">points Gen<\/th>\n<th class=\"column-8 header\">Classement Gen 2<\/th>\n<th class=\"column-9 header\">position<\/th>\n<th class=\"column-10 header\">Villeneuve<br \/>\n13\/06<\/th>\n<th class=\"column-11 header\">Points tot<\/th>\n<th class=\"column-12 header\">Classement Gen 3<\/th>\n<\/tr>\n<\/thead>\n<tbody>\n<tr class=\"row-2 even\">\n<td class=\"column-1\">Godin.P<\/td>\n<td class=\"column-2\"><\/td>\n<td class=\"column-3\">0 casse<\/td>\n<td class=\"column-4\">0<\/td>\n<td class=\"column-5\"><\/td>\n<td class=\"column-6\">0 forfait<\/td>\n<td class=\"column-7\">0<\/td>\n<td class=\"column-8\">0<\/td>\n<td class=\"column-9\"><\/td>\n<td class=\"column-10\">0 forfait<\/td>\n<td class=\"column-11\">0<\/td>\n<td class=\"column-12\">0<\/td>\n<\/tr>\n<tr class=\"row-3 odd\">\n<td class=\"column-1\">Blanc.L<\/td>\n<td class=\"column-2\"><\/td>\n<td class=\"column-3\">0 forfait<\/td>\n<td class=\"column-4\">0<\/td>\n<td class=\"column-5\"><\/td>\n<td class=\"column-6\">0 forfait<\/td>\n<td class=\"column-7\">0<\/td>\n<td class=\"column-8\">0<\/td>\n<td class=\"column-9\"><\/td>\n<td class=\"column-10\">0 forfait<\/td>\n<td class=\"column-11\">0<\/td>\n<td class=\"column-12\">0<\/td>\n<\/tr>\n<tr class=\"row-4 even\">\n<td class=\"column-1\">Boure.A<\/td>\n<td class=\"column-2\"><\/td>\n<td class=\"column-3\">0 forfait<\/td>\n<td class=\"column-4\">0<\/td>\n<td class=\"column-5\"><\/td>\n<td class=\"column-6\">0 forfait<\/td>\n<td class=\"column-7\">0<\/td>\n<td class=\"column-8\">0<\/td>\n<td class=\"column-9\"><\/td>\n<td class=\"column-10\">0 forfait<\/td>\n<td class=\"column-11\">0<\/td>\n<td class=\"column-12\">0<\/td>\n<\/tr>\n<tr class=\"row-5 odd\">\n<td class=\"column-1\">Savajano . B<\/td>\n<td class=\"column-2\"><\/td>\n<td class=\"column-3\">0 forfait<\/td>\n<td class=\"column-4\">0<\/td>\n<td class=\"column-5\"><\/td>\n<td class=\"column-6\">0 forfait<\/td>\n<td class=\"column-7\">0<\/td>\n<td class=\"column-8\">0<\/td>\n<td class=\"column-9\"><\/td>\n<td class=\"column-10\">0 casse<\/td>\n<td class=\"column-11\">0<\/td>\n<td class=\"column-12\">0<\/td>\n<\/tr>\n<tr class=\"row-6 even\">\n<td class=\"column-1\">Durand . A<\/td>\n<td class=\"column-2\"><\/td>\n<td class=\"column-3\">0 forfait<\/td>\n<td class=\"column-4\">0<\/td>\n<td class=\"column-5\"><\/td>\n<td class=\"column-6\">0 forfait<\/td>\n<td class=\"column-7\">0<\/td>\n<td class=\"column-8\">0<\/td>\n<td class=\"column-9\"><\/td>\n<td class=\"column-10\">0 casse<\/td>\n<td class=\"column-11\">0<\/td>\n<td class=\"column-12\">0<\/td>\n<\/tr>\n<tr class=\"row-7 odd\">\n<td class=\"column-1\">Giardini.L<\/td>\n<td class=\"column-2\">01<\/td>\n<td class=\"column-3\">30<\/td>\n<td class=\"column-4\">01<\/td>\n<td class=\"column-5\">02<\/td>\n<td class=\"column-6\">25<\/td>\n<td class=\"column-7\">55<\/td>\n<td class=\"column-8\">01<\/td>\n<td class=\"column-9\">03<\/td>\n<td class=\"column-10\">20<\/td>\n<td class=\"column-11\">75<\/td>\n<td class=\"column-12\">01<\/td>\n<\/tr>\n<tr class=\"row-8 even\">\n<td class=\"column-1\">Giardini.B<\/td>\n<td class=\"column-2\"><\/td>\n<td class=\"column-3\">0 forfait<\/td>\n<td class=\"column-4\">0<\/td>\n<td class=\"column-5\">01<\/td>\n<td class=\"column-6\">30<\/td>\n<td class=\"column-7\">30<\/td>\n<td class=\"column-8\">05<\/td>\n<td class=\"column-9\">01<\/td>\n<td class=\"column-10\">30<\/td>\n<td class=\"column-11\">60<\/td>\n<td class=\"column-12\">02<\/td>\n<\/tr>\n<tr class=\"row-9 odd\">\n<td class=\"column-1\">Tramier.Th<\/td>\n<td class=\"column-2\">06<\/td>\n<td class=\"column-3\">15<\/td>\n<td class=\"column-4\">06<\/td>\n<td class=\"column-5\">07<\/td>\n<td class=\"column-6\">14<\/td>\n<td class=\"column-7\">29<\/td>\n<td class=\"column-8\">06<\/td>\n<td class=\"column-9\">02<\/td>\n<td class=\"column-10\">25<\/td>\n<td class=\"column-11\">54<\/td>\n<td class=\"column-12\">03<\/td>\n<\/tr>\n<tr class=\"row-10 even\">\n<td class=\"column-1\">Bouisson.G<\/td>\n<td class=\"column-2\">08<\/td>\n<td class=\"column-3\">13<\/td>\n<td class=\"column-4\">08<\/td>\n<td class=\"column-5\">03<\/td>\n<td class=\"column-6\">20<\/td>\n<td class=\"column-7\">33<\/td>\n<td class=\"column-8\">04<\/td>\n<td class=\"column-9\">04<\/td>\n<td class=\"column-10\">17<\/td>\n<td class=\"column-11\">50<\/td>\n<td class=\"column-12\">04<\/td>\n<\/tr>\n<tr class=\"row-11 odd\">\n<td class=\"column-1\">Coronas.M<\/td>\n<td class=\"column-2\">03<\/td>\n<td class=\"column-3\">20<\/td>\n<td class=\"column-4\">03<\/td>\n<td class=\"column-5\">04<\/td>\n<td class=\"column-6\">17<\/td>\n<td class=\"column-7\">37<\/td>\n<td class=\"column-8\">0 forfait<\/td>\n<td class=\"column-9\">10<\/td>\n<td class=\"column-10\">11<\/td>\n<td class=\"column-11\">48<\/td>\n<td class=\"column-12\">05<\/td>\n<\/tr>\n<tr class=\"row-12 even\">\n<td class=\"column-1\">C\u00e9rone.A<\/td>\n<td class=\"column-2\">02<\/td>\n<td class=\"column-3\">25<\/td>\n<td class=\"column-4\">02<\/td>\n<td class=\"column-5\">09<\/td>\n<td class=\"column-6\">12<\/td>\n<td class=\"column-7\">37<\/td>\n<td class=\"column-8\">02<\/td>\n<td class=\"column-9\">14<\/td>\n<td class=\"column-10\">07<\/td>\n<td class=\"column-11\">44<\/td>\n<td class=\"column-12\">06<\/td>\n<\/tr>\n<tr class=\"row-13 odd\">\n<td class=\"column-1\">Begou.D<\/td>\n<td class=\"column-2\">07<\/td>\n<td class=\"column-3\">14<\/td>\n<td class=\"column-4\">07<\/td>\n<td class=\"column-5\">08<\/td>\n<td class=\"column-6\">13<\/td>\n<td class=\"column-7\">27<\/td>\n<td class=\"column-8\">08<\/td>\n<td class=\"column-9\">05<\/td>\n<td class=\"column-10\">16<\/td>\n<td class=\"column-11\">43<\/td>\n<td class=\"column-12\">07<\/td>\n<\/tr>\n<tr class=\"row-14 even\">\n<td class=\"column-1\">Bolsee.P<\/td>\n<td class=\"column-2\">04<\/td>\n<td class=\"column-3\">17<\/td>\n<td class=\"column-4\">04<\/td>\n<td class=\"column-5\">10<\/td>\n<td class=\"column-6\">11<\/td>\n<td class=\"column-7\">28<\/td>\n<td class=\"column-8\">07<\/td>\n<td class=\"column-9\">08<\/td>\n<td class=\"column-10\">13<\/td>\n<td class=\"column-11\">41<\/td>\n<td class=\"column-12\">08<\/td>\n<\/tr>\n<tr class=\"row-15 odd\">\n<td class=\"column-1\">Roux.V<\/td>\n<td class=\"column-2\"><\/td>\n<td class=\"column-3\">0 casse<\/td>\n<td class=\"column-4\">0<\/td>\n<td class=\"column-5\">05<\/td>\n<td class=\"column-6\">16<\/td>\n<td class=\"column-7\">16<\/td>\n<td class=\"column-8\">09<\/td>\n<td class=\"column-9\">07<\/td>\n<td class=\"column-10\">14<\/td>\n<td class=\"column-11\">30<\/td>\n<td class=\"column-12\">09<\/td>\n<\/tr>\n<tr class=\"row-16 even\">\n<td class=\"column-1\">Valat.J<\/td>\n<td class=\"column-2\">10<\/td>\n<td class=\"column-3\">11<\/td>\n<td class=\"column-4\">10<\/td>\n<td class=\"column-5\"><\/td>\n<td class=\"column-6\">0 forfait<\/td>\n<td class=\"column-7\">10<\/td>\n<td class=\"column-8\">13<\/td>\n<td class=\"column-9\">12<\/td>\n<td class=\"column-10\">09<\/td>\n<td class=\"column-11\">19<\/td>\n<td class=\"column-12\">10<\/td>\n<\/tr>\n<tr class=\"row-17 odd\">\n<td class=\"column-1\">Lavagne .D<\/td>\n<td class=\"column-2\">05<\/td>\n<td class=\"column-3\">16<\/td>\n<td class=\"column-4\">05<\/td>\n<td class=\"column-5\"><\/td>\n<td class=\"column-6\">0 forfait<\/td>\n<td class=\"column-7\">16<\/td>\n<td class=\"column-8\">09<\/td>\n<td class=\"column-9\"><\/td>\n<td class=\"column-10\">0 forfait<\/td>\n<td class=\"column-11\">16<\/td>\n<td class=\"column-12\">11<\/td>\n<\/tr>\n<tr class=\"row-18 even\">\n<td class=\"column-1\">Monchalin.G<\/td>\n<td class=\"column-2\"><\/td>\n<td class=\"column-3\">0 forfait<\/td>\n<td class=\"column-4\">0<\/td>\n<td class=\"column-5\"><\/td>\n<td class=\"column-6\">0 forfait<\/td>\n<td class=\"column-7\">0<\/td>\n<td class=\"column-8\">0<\/td>\n<td class=\"column-9\">06<\/td>\n<td class=\"column-10\">15<\/td>\n<td class=\"column-11\">15<\/td>\n<td class=\"column-12\">12<\/td>\n<\/tr>\n<tr class=\"row-19 odd\">\n<td class=\"column-1\">Aubort.P<\/td>\n<td class=\"column-2\"><\/td>\n<td class=\"column-3\">0 forfait<\/td>\n<td class=\"column-4\">0<\/td>\n<td class=\"column-5\">06<\/td>\n<td class=\"column-6\">15<\/td>\n<td class=\"column-7\">15<\/td>\n<td class=\"column-8\">11<\/td>\n<td class=\"column-9\"><\/td>\n<td class=\"column-10\">0 forfait<\/td>\n<td class=\"column-11\">15<\/td>\n<td class=\"column-12\">12<\/td>\n<\/tr>\n<tr class=\"row-20 even\">\n<td class=\"column-1\">Boure.Ch<\/td>\n<td class=\"column-2\">09<\/td>\n<td class=\"column-3\">12<\/td>\n<td class=\"column-4\">09<\/td>\n<td class=\"column-5\"><\/td>\n<td class=\"column-6\">0 forfait<\/td>\n<td class=\"column-7\">12<\/td>\n<td class=\"column-8\">12<\/td>\n<td class=\"column-9\"><\/td>\n<td class=\"column-10\">0 forfait<\/td>\n<td class=\"column-11\">12<\/td>\n<td class=\"column-12\">14<\/td>\n<\/tr>\n<tr class=\"row-21 odd\">\n<td class=\"column-1\">Coronas.R<\/td>\n<td class=\"column-2\"><\/td>\n<td class=\"column-3\">0 forfait<\/td>\n<td class=\"column-4\">0<\/td>\n<td class=\"column-5\"><\/td>\n<td class=\"column-6\">0 forfait<\/td>\n<td class=\"column-7\">0<\/td>\n<td class=\"column-8\">0<\/td>\n<td class=\"column-9\">09<\/td>\n<td class=\"column-10\">12<\/td>\n<td class=\"column-11\">12<\/td>\n<td class=\"column-12\">14<\/td>\n<\/tr>\n<tr class=\"row-22 even\">\n<td class=\"column-1\">Alliot.B<\/td>\n<td class=\"column-2\"><\/td>\n<td class=\"column-3\">0 forfait<\/td>\n<td class=\"column-4\">0<\/td>\n<td class=\"column-5\"><\/td>\n<td class=\"column-6\">0 forfait<\/td>\n<td class=\"column-7\">0<\/td>\n<td class=\"column-8\">0<\/td>\n<td class=\"column-9\">11<\/td>\n<td class=\"column-10\">10<\/td>\n<td class=\"column-11\">10<\/td>\n<td class=\"column-12\">16<\/td>\n<\/tr>\n<tr class=\"row-23 odd\">\n<td class=\"column-1\">Heyberger.S<\/td>\n<td class=\"column-2\"><\/td>\n<td class=\"column-3\">0 forfait<\/td>\n<td class=\"column-4\">0<\/td>\n<td class=\"column-5\"><\/td>\n<td class=\"column-6\">0 casse<\/td>\n<td class=\"column-7\">0<\/td>\n<td class=\"column-8\">0<\/td>\n<td class=\"column-9\">13<\/td>\n<td class=\"column-10\">08<\/td>\n<td class=\"column-11\">8<\/td>\n<td class=\"column-12\">17<\/td>\n<\/tr>\n<\/tbody>\n<\/table>\n<p>[table id=19 \/]<\/p>\n<h1>Vid\u00e9os<\/h1>\n<p>\u00e0 venir&#8230;<\/p>\n<p><img loading=\"lazy\" decoding=\"async\" class=\"size-medium wp-image-797 alignnone\" title=\"affiche grd PX villeneuve 800\" src=\"http:\/\/vhrc.fr\/wp-content\/uploads\/2010\/05\/affiche-grd-PX-villeneuve-800-212x300.jpg\" alt=\"affiche grd PX villeneuve 800\" width=\"212\" height=\"300\" \/><\/p>\n<p>Le 13 Juin sur la place du march\u00e9, rendez-vous avec vos 1\/4 et 1\/5 pour le 21e Grand Prix de Villeneuve les Avignon, organis\u00e9 par Villeneuv&rsquo;models.<\/p>\n<h3>Spectacle gratuit, du soleil pour la piste, l&rsquo;ombre des platanes pour les spectateurs!<\/h3>\n<p>1\/5 GT open et promo, 1\/5 Formule France, 1\/5 Formule 1 et biens\u00fbr 1\/4 VHRC et Yankee Shop Challenge!<\/p>\n<p><a href=\"http:\/\/vhrc.fr\/wp-content\/uploads\/2010\/05\/Engagement-pilote-Villeneuve-2010_10001.JPG\"><img loading=\"lazy\" decoding=\"async\" class=\"alignnone size-large wp-image-804\" title=\"Engagement pilote Villeneuve 2010_1000\" src=\"http:\/\/vhrc.fr\/wp-content\/uploads\/2010\/05\/Engagement-pilote-Villeneuve-2010_10001-743x1024.jpg\" alt=\"Engagement pilote Villeneuve 2010_1000\" width=\"743\" height=\"1024\" \/><\/a><\/p>\n<h2>vid\u00e9os des \u00e9ditions pr\u00e9c\u00e9dentes pour vous faire une id\u00e9e&#8230;<\/h2>\n<p><object width=\"560\" height=\"448\" classid=\"clsid:d27cdb6e-ae6d-11cf-96b8-444553540000\" codebase=\"http:\/\/download.macromedia.com\/pub\/shockwave\/cabs\/flash\/swflash.cab#version=6,0,40,0\"><param name=\"allowFullScreen\" value=\"true\" \/><param name=\"allowScriptAccess\" value=\"always\" \/><param name=\"src\" value=\"http:\/\/www.dailymotion.com\/swf\/video\/xb6m8a?width=560&amp;theme=slayer&amp;foreground=%23FF0000&amp;highlight=%23FFFFFF&amp;background=%23000000&amp;start=&amp;additionalInfos=0&amp;autoPlay=0&amp;hideInfos=0&amp;colors=background%3A000000%3Bforeground%3AFF0000%3Bspecial%3AFFFFFF%3B\" \/><param name=\"allowfullscreen\" value=\"true\" \/><embed type=\"application\/x-shockwave-flash\" width=\"560\" height=\"448\" src=\"http:\/\/www.dailymotion.com\/swf\/video\/xb6m8a?width=560&amp;theme=slayer&amp;foreground=%23FF0000&amp;highlight=%23FFFFFF&amp;background=%23000000&amp;start=&amp;additionalInfos=0&amp;autoPlay=0&amp;hideInfos=0&amp;colors=background%3A000000%3Bforeground%3AFF0000%3Bspecial%3AFFFFFF%3B\" allowscriptaccess=\"always\" allowfullscreen=\"allowfullscreen\" \/><\/object><br \/>\n<strong><a href=\"http:\/\/www.dailymotion.com\/video\/xb6m8a_modelisme-grand-prix-villeneuve-200_sport\">mod\u00e9lisme Grand Prix Villeneuve 2008<\/a><\/strong><br \/>\n<em>envoy\u00e9 par <a href=\"http:\/\/www.dailymotion.com\/eightman\">eightman<\/a>.<\/em><\/p>\n<p><object width=\"560\" height=\"420\" classid=\"clsid:d27cdb6e-ae6d-11cf-96b8-444553540000\" codebase=\"http:\/\/download.macromedia.com\/pub\/shockwave\/cabs\/flash\/swflash.cab#version=6,0,40,0\"><param name=\"allowFullScreen\" value=\"true\" \/><param name=\"allowScriptAccess\" value=\"always\" \/><param name=\"src\" value=\"http:\/\/www.dailymotion.com\/swf\/video\/x9pg1v?background=%23000000&amp;foreground=%23FF0000&amp;highlight=%23FFFFFF&amp;autoPlay=0&amp;hideInfos=0&amp;width=560&amp;additionalInfos=0&amp;colors=background%3A000000%3Bforeground%3AFF0000%3Bspecial%3AFFFFFF%3B\" \/><param name=\"allowfullscreen\" value=\"true\" \/><embed type=\"application\/x-shockwave-flash\" width=\"560\" height=\"420\" src=\"http:\/\/www.dailymotion.com\/swf\/video\/x9pg1v?background=%23000000&amp;foreground=%23FF0000&amp;highlight=%23FFFFFF&amp;autoPlay=0&amp;hideInfos=0&amp;width=560&amp;additionalInfos=0&amp;colors=background%3A000000%3Bforeground%3AFF0000%3Bspecial%3AFFFFFF%3B\" allowscriptaccess=\"always\" allowfullscreen=\"allowfullscreen\" \/><\/object><br \/>\n<strong><a href=\"http:\/\/www.dailymotion.com\/video\/x9pg1v_vhrc-20e-grand-prix-automodelisme-v_auto\">VHRC 20e Grand Prix AutoModelisme Villeneuve les Avignon<\/a><\/strong><br \/>\n<em>envoy\u00e9 par <a href=\"http:\/\/www.dailymotion.com\/eightman\">eightman<\/a>. <\/em><\/p>\n","protected":false},"excerpt":{"rendered":"<p>photos en ligne de cette belle journ\u00e9e nggallery id=42 [foldergallery folder=\u00a0\u00bbwp-content\/gallery\/2010-gp-villeneuve\u00a0\u00bb title=\u00a0\u00bbgalerie photo\u00a0\u00bb] Classement Pilote position Montpellier 07\/03 Classement Gen<\/p>\n","protected":false},"author":5,"featured_media":989,"parent":379,"menu_order":0,"comment_status":"open","ping_status":"open","template":"","meta":{"colormag_page_container_layout":"default_layout","colormag_page_sidebar_layout":"default_layout","footnotes":""},"class_list":["post-800","page","type-page","status-publish","has-post-thumbnail","hentry"],"_links":{"self":[{"href":"https:\/\/vhrc.fr\/en\/wp-json\/wp\/v2\/pages\/800","targetHints":{"allow":["GET"]}}],"collection":[{"href":"https:\/\/vhrc.fr\/en\/wp-json\/wp\/v2\/pages"}],"about":[{"href":"https:\/\/vhrc.fr\/en\/wp-json\/wp\/v2\/types\/page"}],"author":[{"embeddable":true,"href":"https:\/\/vhrc.fr\/en\/wp-json\/wp\/v2\/users\/5"}],"replies":[{"embeddable":true,"href":"https:\/\/vhrc.fr\/en\/wp-json\/wp\/v2\/comments?post=800"}],"version-history":[{"count":20,"href":"https:\/\/vhrc.fr\/en\/wp-json\/wp\/v2\/pages\/800\/revisions"}],"predecessor-version":[{"id":9760,"href":"https:\/\/vhrc.fr\/en\/wp-json\/wp\/v2\/pages\/800\/revisions\/9760"}],"up":[{"embeddable":true,"href":"https:\/\/vhrc.fr\/en\/wp-json\/wp\/v2\/pages\/379"}],"wp:featuredmedia":[{"embeddable":true,"href":"https:\/\/vhrc.fr\/en\/wp-json\/wp\/v2\/media\/989"}],"wp:attachment":[{"href":"https:\/\/vhrc.fr\/en\/wp-json\/wp\/v2\/media?parent=800"}],"curies":[{"name":"wp","href":"https:\/\/api.w.org\/{rel}","templated":true}]}}