{"id":812,"date":"2010-05-07T14:19:23","date_gmt":"2010-05-07T13:19:23","guid":{"rendered":"http:\/\/vhrc.fr\/?page_id=812"},"modified":"2010-08-26T15:32:31","modified_gmt":"2010-08-26T14:32:31","slug":"2006-17e-grand-prix-de-villeneuve-les-avignon","status":"publish","type":"page","link":"https:\/\/vhrc.fr\/en\/historique\/vhrc-lhistorique\/2006vhr\/2006-17e-grand-prix-de-villeneuve-les-avignon\/","title":{"rendered":"2006 GP Villeneuve"},"content":{"rendered":"<p><a href=\"http:\/\/villeneuv-models.forumactif.com\/vhr-f4\/grand-prix-de-villeneuve-2006-t132.htm\">r\u00e9sum\u00e9 de la course sur le forum Villeneuv&rsquo;Models \u00e0 transf\u00e9rer ICI<\/a><div id='gallery-1' class='gallery galleryid-812 gallery-columns-2 gallery-size-colormag-featured-image'><figure class='gallery-item'>\n\t\t\t<div class='gallery-icon landscape'>\n\t\t\t\t<a href='https:\/\/vhrc.fr\/en\/historique\/vhrc-lhistorique\/2006vhr\/2006-17e-grand-prix-de-villeneuve-les-avignon\/vilneuv18juin20060034uc\/'><img loading=\"lazy\" decoding=\"async\" width=\"593\" height=\"445\" src=\"https:\/\/vhrc.fr\/wp-content\/uploads\/2010\/05\/vilneuv18juin20060034uc.jpg\" class=\"attachment-colormag-featured-image size-colormag-featured-image\" alt=\"\" srcset=\"https:\/\/vhrc.fr\/wp-content\/uploads\/2010\/05\/vilneuv18juin20060034uc.jpg 640w, https:\/\/vhrc.fr\/wp-content\/uploads\/2010\/05\/vilneuv18juin20060034uc-500x375.jpg 500w\" sizes=\"auto, (max-width: 593px) 100vw, 593px\" \/><\/a>\n\t\t\t<\/div><\/figure><figure class='gallery-item'>\n\t\t\t<div class='gallery-icon landscape'>\n\t\t\t\t<a href='https:\/\/vhrc.fr\/en\/historique\/vhrc-lhistorique\/2006vhr\/2006-17e-grand-prix-de-villeneuve-les-avignon\/vilneuv18juin20060050fh\/'><img loading=\"lazy\" decoding=\"async\" width=\"593\" height=\"445\" src=\"https:\/\/vhrc.fr\/wp-content\/uploads\/2010\/05\/vilneuv18juin20060050fh.jpg\" class=\"attachment-colormag-featured-image size-colormag-featured-image\" alt=\"\" srcset=\"https:\/\/vhrc.fr\/wp-content\/uploads\/2010\/05\/vilneuv18juin20060050fh.jpg 640w, https:\/\/vhrc.fr\/wp-content\/uploads\/2010\/05\/vilneuv18juin20060050fh-500x375.jpg 500w\" sizes=\"auto, (max-width: 593px) 100vw, 593px\" \/><\/a>\n\t\t\t<\/div><\/figure><figure class='gallery-item'>\n\t\t\t<div class='gallery-icon landscape'>\n\t\t\t\t<a href='https:\/\/vhrc.fr\/en\/historique\/vhrc-lhistorique\/2006vhr\/2006-17e-grand-prix-de-villeneuve-les-avignon\/vilneuv18juin20060061yi\/'><img loading=\"lazy\" decoding=\"async\" width=\"593\" height=\"445\" src=\"https:\/\/vhrc.fr\/wp-content\/uploads\/2010\/05\/vilneuv18juin20060061yi.jpg\" class=\"attachment-colormag-featured-image size-colormag-featured-image\" alt=\"\" srcset=\"https:\/\/vhrc.fr\/wp-content\/uploads\/2010\/05\/vilneuv18juin20060061yi.jpg 640w, https:\/\/vhrc.fr\/wp-content\/uploads\/2010\/05\/vilneuv18juin20060061yi-500x375.jpg 500w\" sizes=\"auto, (max-width: 593px) 100vw, 593px\" \/><\/a>\n\t\t\t<\/div><\/figure><figure class='gallery-item'>\n\t\t\t<div class='gallery-icon landscape'>\n\t\t\t\t<a href='https:\/\/vhrc.fr\/en\/historique\/vhrc-lhistorique\/2006vhr\/2006-17e-grand-prix-de-villeneuve-les-avignon\/vilneuv18juin20060098zg\/'><img loading=\"lazy\" decoding=\"async\" width=\"593\" height=\"445\" src=\"https:\/\/vhrc.fr\/wp-content\/uploads\/2010\/05\/vilneuv18juin20060098zg.jpg\" class=\"attachment-colormag-featured-image size-colormag-featured-image\" alt=\"\" srcset=\"https:\/\/vhrc.fr\/wp-content\/uploads\/2010\/05\/vilneuv18juin20060098zg.jpg 640w, https:\/\/vhrc.fr\/wp-content\/uploads\/2010\/05\/vilneuv18juin20060098zg-500x375.jpg 500w\" sizes=\"auto, (max-width: 593px) 100vw, 593px\" \/><\/a>\n\t\t\t<\/div><\/figure><figure class='gallery-item'>\n\t\t\t<div class='gallery-icon landscape'>\n\t\t\t\t<a href='https:\/\/vhrc.fr\/en\/historique\/vhrc-lhistorique\/2006vhr\/2006-17e-grand-prix-de-villeneuve-les-avignon\/vilneuv18juin20060101ec\/'><img loading=\"lazy\" decoding=\"async\" width=\"593\" height=\"445\" src=\"https:\/\/vhrc.fr\/wp-content\/uploads\/2010\/05\/vilneuv18juin20060101ec.jpg\" class=\"attachment-colormag-featured-image size-colormag-featured-image\" alt=\"\" srcset=\"https:\/\/vhrc.fr\/wp-content\/uploads\/2010\/05\/vilneuv18juin20060101ec.jpg 640w, https:\/\/vhrc.fr\/wp-content\/uploads\/2010\/05\/vilneuv18juin20060101ec-500x375.jpg 500w\" sizes=\"auto, (max-width: 593px) 100vw, 593px\" \/><\/a>\n\t\t\t<\/div><\/figure><figure class='gallery-item'>\n\t\t\t<div class='gallery-icon landscape'>\n\t\t\t\t<a href='https:\/\/vhrc.fr\/en\/historique\/vhrc-lhistorique\/2006vhr\/2006-17e-grand-prix-de-villeneuve-les-avignon\/vilneuv18juin20060114ot\/'><img loading=\"lazy\" decoding=\"async\" width=\"593\" height=\"445\" src=\"https:\/\/vhrc.fr\/wp-content\/uploads\/2010\/05\/vilneuv18juin20060114ot.jpg\" class=\"attachment-colormag-featured-image size-colormag-featured-image\" alt=\"\" srcset=\"https:\/\/vhrc.fr\/wp-content\/uploads\/2010\/05\/vilneuv18juin20060114ot.jpg 640w, https:\/\/vhrc.fr\/wp-content\/uploads\/2010\/05\/vilneuv18juin20060114ot-500x375.jpg 500w\" sizes=\"auto, (max-width: 593px) 100vw, 593px\" \/><\/a>\n\t\t\t<\/div><\/figure><figure class='gallery-item'>\n\t\t\t<div class='gallery-icon landscape'>\n\t\t\t\t<a href='https:\/\/vhrc.fr\/en\/historique\/vhrc-lhistorique\/2006vhr\/2006-17e-grand-prix-de-villeneuve-les-avignon\/vilneuv18juin20060472ez\/'><img loading=\"lazy\" decoding=\"async\" width=\"593\" height=\"445\" src=\"https:\/\/vhrc.fr\/wp-content\/uploads\/2010\/05\/vilneuv18juin20060472ez.jpg\" class=\"attachment-colormag-featured-image size-colormag-featured-image\" alt=\"\" srcset=\"https:\/\/vhrc.fr\/wp-content\/uploads\/2010\/05\/vilneuv18juin20060472ez.jpg 640w, https:\/\/vhrc.fr\/wp-content\/uploads\/2010\/05\/vilneuv18juin20060472ez-500x375.jpg 500w\" sizes=\"auto, (max-width: 593px) 100vw, 593px\" \/><\/a>\n\t\t\t<\/div><\/figure><figure class='gallery-item'>\n\t\t\t<div class='gallery-icon landscape'>\n\t\t\t\t<a href='https:\/\/vhrc.fr\/en\/historique\/vhrc-lhistorique\/2006vhr\/2006-17e-grand-prix-de-villeneuve-les-avignon\/vilneuv18juin20060529zm\/'><img loading=\"lazy\" decoding=\"async\" width=\"593\" height=\"445\" src=\"https:\/\/vhrc.fr\/wp-content\/uploads\/2010\/05\/vilneuv18juin20060529zm.jpg\" class=\"attachment-colormag-featured-image size-colormag-featured-image\" alt=\"\" srcset=\"https:\/\/vhrc.fr\/wp-content\/uploads\/2010\/05\/vilneuv18juin20060529zm.jpg 640w, https:\/\/vhrc.fr\/wp-content\/uploads\/2010\/05\/vilneuv18juin20060529zm-500x375.jpg 500w\" sizes=\"auto, (max-width: 593px) 100vw, 593px\" \/><\/a>\n\t\t\t<\/div><\/figure><figure class='gallery-item'>\n\t\t\t<div class='gallery-icon landscape'>\n\t\t\t\t<a href='https:\/\/vhrc.fr\/en\/historique\/vhrc-lhistorique\/2006vhr\/2006-17e-grand-prix-de-villeneuve-les-avignon\/vilneuv18juin20060544sf\/'><img loading=\"lazy\" decoding=\"async\" width=\"593\" height=\"445\" src=\"https:\/\/vhrc.fr\/wp-content\/uploads\/2010\/05\/vilneuv18juin20060544sf.jpg\" class=\"attachment-colormag-featured-image size-colormag-featured-image\" alt=\"\" srcset=\"https:\/\/vhrc.fr\/wp-content\/uploads\/2010\/05\/vilneuv18juin20060544sf.jpg 640w, https:\/\/vhrc.fr\/wp-content\/uploads\/2010\/05\/vilneuv18juin20060544sf-500x375.jpg 500w\" sizes=\"auto, (max-width: 593px) 100vw, 593px\" \/><\/a>\n\t\t\t<\/div><\/figure><figure class='gallery-item'>\n\t\t\t<div class='gallery-icon landscape'>\n\t\t\t\t<a href='https:\/\/vhrc.fr\/en\/historique\/vhrc-lhistorique\/2006vhr\/2006-17e-grand-prix-de-villeneuve-les-avignon\/vilneuv18juin20060551ta\/'><img loading=\"lazy\" decoding=\"async\" width=\"593\" height=\"445\" src=\"https:\/\/vhrc.fr\/wp-content\/uploads\/2010\/05\/vilneuv18juin20060551ta.jpg\" class=\"attachment-colormag-featured-image size-colormag-featured-image\" alt=\"\" srcset=\"https:\/\/vhrc.fr\/wp-content\/uploads\/2010\/05\/vilneuv18juin20060551ta.jpg 640w, https:\/\/vhrc.fr\/wp-content\/uploads\/2010\/05\/vilneuv18juin20060551ta-500x375.jpg 500w\" sizes=\"auto, (max-width: 593px) 100vw, 593px\" \/><\/a>\n\t\t\t<\/div><\/figure><figure class='gallery-item'>\n\t\t\t<div class='gallery-icon landscape'>\n\t\t\t\t<a href='https:\/\/vhrc.fr\/en\/historique\/vhrc-lhistorique\/2006vhr\/2006-17e-grand-prix-de-villeneuve-les-avignon\/vilneuv18juin20060600hf\/'><img loading=\"lazy\" decoding=\"async\" width=\"593\" height=\"445\" src=\"https:\/\/vhrc.fr\/wp-content\/uploads\/2010\/05\/vilneuv18juin20060600hf.jpg\" class=\"attachment-colormag-featured-image size-colormag-featured-image\" alt=\"\" srcset=\"https:\/\/vhrc.fr\/wp-content\/uploads\/2010\/05\/vilneuv18juin20060600hf.jpg 640w, https:\/\/vhrc.fr\/wp-content\/uploads\/2010\/05\/vilneuv18juin20060600hf-500x375.jpg 500w\" sizes=\"auto, (max-width: 593px) 100vw, 593px\" \/><\/a>\n\t\t\t<\/div><\/figure><figure class='gallery-item'>\n\t\t\t<div class='gallery-icon landscape'>\n\t\t\t\t<a href='https:\/\/vhrc.fr\/en\/historique\/vhrc-lhistorique\/2006vhr\/2006-17e-grand-prix-de-villeneuve-les-avignon\/vilneuv18juin20060651py\/'><img loading=\"lazy\" decoding=\"async\" width=\"593\" height=\"445\" src=\"https:\/\/vhrc.fr\/wp-content\/uploads\/2010\/05\/vilneuv18juin20060651py.jpg\" class=\"attachment-colormag-featured-image size-colormag-featured-image\" alt=\"\" srcset=\"https:\/\/vhrc.fr\/wp-content\/uploads\/2010\/05\/vilneuv18juin20060651py.jpg 640w, https:\/\/vhrc.fr\/wp-content\/uploads\/2010\/05\/vilneuv18juin20060651py-500x375.jpg 500w\" sizes=\"auto, (max-width: 593px) 100vw, 593px\" \/><\/a>\n\t\t\t<\/div><\/figure><figure class='gallery-item'>\n\t\t\t<div class='gallery-icon landscape'>\n\t\t\t\t<a href='https:\/\/vhrc.fr\/en\/historique\/vhrc-lhistorique\/2006vhr\/2006-17e-grand-prix-de-villeneuve-les-avignon\/vilneuv18juin20060687pw\/'><img loading=\"lazy\" decoding=\"async\" width=\"593\" height=\"445\" src=\"https:\/\/vhrc.fr\/wp-content\/uploads\/2010\/05\/vilneuv18juin20060687pw.jpg\" class=\"attachment-colormag-featured-image size-colormag-featured-image\" alt=\"\" srcset=\"https:\/\/vhrc.fr\/wp-content\/uploads\/2010\/05\/vilneuv18juin20060687pw.jpg 640w, https:\/\/vhrc.fr\/wp-content\/uploads\/2010\/05\/vilneuv18juin20060687pw-500x375.jpg 500w\" sizes=\"auto, (max-width: 593px) 100vw, 593px\" \/><\/a>\n\t\t\t<\/div><\/figure><figure class='gallery-item'>\n\t\t\t<div class='gallery-icon landscape'>\n\t\t\t\t<a href='https:\/\/vhrc.fr\/en\/historique\/vhrc-lhistorique\/2006vhr\/2006-17e-grand-prix-de-villeneuve-les-avignon\/vilneuv18juin20060704dq\/'><img loading=\"lazy\" decoding=\"async\" width=\"593\" height=\"445\" src=\"https:\/\/vhrc.fr\/wp-content\/uploads\/2010\/05\/vilneuv18juin20060704dq.jpg\" class=\"attachment-colormag-featured-image size-colormag-featured-image\" alt=\"\" srcset=\"https:\/\/vhrc.fr\/wp-content\/uploads\/2010\/05\/vilneuv18juin20060704dq.jpg 640w, https:\/\/vhrc.fr\/wp-content\/uploads\/2010\/05\/vilneuv18juin20060704dq-500x375.jpg 500w\" sizes=\"auto, (max-width: 593px) 100vw, 593px\" \/><\/a>\n\t\t\t<\/div><\/figure><figure class='gallery-item'>\n\t\t\t<div class='gallery-icon landscape'>\n\t\t\t\t<a href='https:\/\/vhrc.fr\/en\/historique\/vhrc-lhistorique\/2006vhr\/2006-17e-grand-prix-de-villeneuve-les-avignon\/vilneuv18juin20060747ij\/'><img loading=\"lazy\" decoding=\"async\" width=\"593\" height=\"445\" src=\"https:\/\/vhrc.fr\/wp-content\/uploads\/2010\/05\/vilneuv18juin20060747ij.jpg\" class=\"attachment-colormag-featured-image size-colormag-featured-image\" alt=\"\" srcset=\"https:\/\/vhrc.fr\/wp-content\/uploads\/2010\/05\/vilneuv18juin20060747ij.jpg 640w, https:\/\/vhrc.fr\/wp-content\/uploads\/2010\/05\/vilneuv18juin20060747ij-500x375.jpg 500w\" sizes=\"auto, (max-width: 593px) 100vw, 593px\" \/><\/a>\n\t\t\t<\/div><\/figure><figure class='gallery-item'>\n\t\t\t<div class='gallery-icon landscape'>\n\t\t\t\t<a href='https:\/\/vhrc.fr\/en\/historique\/vhrc-lhistorique\/2006vhr\/2006-17e-grand-prix-de-villeneuve-les-avignon\/vilneuv18juin20060806ln\/'><img loading=\"lazy\" decoding=\"async\" width=\"593\" height=\"445\" src=\"https:\/\/vhrc.fr\/wp-content\/uploads\/2010\/05\/vilneuv18juin20060806ln.jpg\" class=\"attachment-colormag-featured-image size-colormag-featured-image\" alt=\"\" srcset=\"https:\/\/vhrc.fr\/wp-content\/uploads\/2010\/05\/vilneuv18juin20060806ln.jpg 640w, https:\/\/vhrc.fr\/wp-content\/uploads\/2010\/05\/vilneuv18juin20060806ln-500x375.jpg 500w\" sizes=\"auto, (max-width: 593px) 100vw, 593px\" \/><\/a>\n\t\t\t<\/div><\/figure><figure class='gallery-item'>\n\t\t\t<div class='gallery-icon landscape'>\n\t\t\t\t<a href='https:\/\/vhrc.fr\/en\/historique\/vhrc-lhistorique\/2006vhr\/2006-17e-grand-prix-de-villeneuve-les-avignon\/vilneuv18juin20060817yv\/'><img loading=\"lazy\" decoding=\"async\" width=\"593\" height=\"445\" src=\"https:\/\/vhrc.fr\/wp-content\/uploads\/2010\/05\/vilneuv18juin20060817yv.jpg\" class=\"attachment-colormag-featured-image size-colormag-featured-image\" alt=\"\" srcset=\"https:\/\/vhrc.fr\/wp-content\/uploads\/2010\/05\/vilneuv18juin20060817yv.jpg 640w, https:\/\/vhrc.fr\/wp-content\/uploads\/2010\/05\/vilneuv18juin20060817yv-500x375.jpg 500w\" sizes=\"auto, (max-width: 593px) 100vw, 593px\" \/><\/a>\n\t\t\t<\/div><\/figure><figure class='gallery-item'>\n\t\t\t<div class='gallery-icon landscape'>\n\t\t\t\t<a href='https:\/\/vhrc.fr\/en\/historique\/vhrc-lhistorique\/2006vhr\/2006-17e-grand-prix-de-villeneuve-les-avignon\/vilneuv18juin20060851sf\/'><img loading=\"lazy\" decoding=\"async\" width=\"593\" height=\"445\" src=\"https:\/\/vhrc.fr\/wp-content\/uploads\/2010\/05\/vilneuv18juin20060851sf.jpg\" class=\"attachment-colormag-featured-image size-colormag-featured-image\" alt=\"\" srcset=\"https:\/\/vhrc.fr\/wp-content\/uploads\/2010\/05\/vilneuv18juin20060851sf.jpg 640w, https:\/\/vhrc.fr\/wp-content\/uploads\/2010\/05\/vilneuv18juin20060851sf-500x375.jpg 500w\" sizes=\"auto, (max-width: 593px) 100vw, 593px\" \/><\/a>\n\t\t\t<\/div><\/figure><figure class='gallery-item'>\n\t\t\t<div class='gallery-icon landscape'>\n\t\t\t\t<a href='https:\/\/vhrc.fr\/en\/historique\/vhrc-lhistorique\/2006vhr\/2006-17e-grand-prix-de-villeneuve-les-avignon\/vilneuv18juin20060941hs\/'><img loading=\"lazy\" decoding=\"async\" width=\"593\" height=\"445\" src=\"https:\/\/vhrc.fr\/wp-content\/uploads\/2010\/05\/vilneuv18juin20060941hs.jpg\" class=\"attachment-colormag-featured-image size-colormag-featured-image\" alt=\"\" srcset=\"https:\/\/vhrc.fr\/wp-content\/uploads\/2010\/05\/vilneuv18juin20060941hs.jpg 640w, https:\/\/vhrc.fr\/wp-content\/uploads\/2010\/05\/vilneuv18juin20060941hs-500x375.jpg 500w\" sizes=\"auto, (max-width: 593px) 100vw, 593px\" \/><\/a>\n\t\t\t<\/div><\/figure><figure class='gallery-item'>\n\t\t\t<div class='gallery-icon landscape'>\n\t\t\t\t<a href='https:\/\/vhrc.fr\/en\/historique\/vhrc-lhistorique\/2006vhr\/2006-17e-grand-prix-de-villeneuve-les-avignon\/vilneuv18juin20061045tw\/'><img loading=\"lazy\" decoding=\"async\" width=\"593\" height=\"445\" src=\"https:\/\/vhrc.fr\/wp-content\/uploads\/2010\/05\/vilneuv18juin20061045tw.jpg\" class=\"attachment-colormag-featured-image size-colormag-featured-image\" alt=\"\" srcset=\"https:\/\/vhrc.fr\/wp-content\/uploads\/2010\/05\/vilneuv18juin20061045tw.jpg 640w, https:\/\/vhrc.fr\/wp-content\/uploads\/2010\/05\/vilneuv18juin20061045tw-500x375.jpg 500w\" sizes=\"auto, (max-width: 593px) 100vw, 593px\" \/><\/a>\n\t\t\t<\/div><\/figure><figure class='gallery-item'>\n\t\t\t<div class='gallery-icon landscape'>\n\t\t\t\t<a href='https:\/\/vhrc.fr\/en\/historique\/vhrc-lhistorique\/2006vhr\/2006-17e-grand-prix-de-villeneuve-les-avignon\/vilneuv18juin20061076rk\/'><img loading=\"lazy\" decoding=\"async\" width=\"593\" height=\"445\" src=\"https:\/\/vhrc.fr\/wp-content\/uploads\/2010\/05\/vilneuv18juin20061076rk.jpg\" class=\"attachment-colormag-featured-image size-colormag-featured-image\" alt=\"\" srcset=\"https:\/\/vhrc.fr\/wp-content\/uploads\/2010\/05\/vilneuv18juin20061076rk.jpg 640w, https:\/\/vhrc.fr\/wp-content\/uploads\/2010\/05\/vilneuv18juin20061076rk-500x375.jpg 500w\" sizes=\"auto, (max-width: 593px) 100vw, 593px\" \/><\/a>\n\t\t\t<\/div><\/figure><figure class='gallery-item'>\n\t\t\t<div class='gallery-icon landscape'>\n\t\t\t\t<a href='https:\/\/vhrc.fr\/en\/historique\/vhrc-lhistorique\/2006vhr\/2006-17e-grand-prix-de-villeneuve-les-avignon\/vilneuv18juin20061144oy\/'><img loading=\"lazy\" decoding=\"async\" width=\"593\" height=\"445\" src=\"https:\/\/vhrc.fr\/wp-content\/uploads\/2010\/05\/vilneuv18juin20061144oy.jpg\" class=\"attachment-colormag-featured-image size-colormag-featured-image\" alt=\"\" srcset=\"https:\/\/vhrc.fr\/wp-content\/uploads\/2010\/05\/vilneuv18juin20061144oy.jpg 640w, https:\/\/vhrc.fr\/wp-content\/uploads\/2010\/05\/vilneuv18juin20061144oy-500x375.jpg 500w\" sizes=\"auto, (max-width: 593px) 100vw, 593px\" \/><\/a>\n\t\t\t<\/div><\/figure><figure class='gallery-item'>\n\t\t\t<div class='gallery-icon landscape'>\n\t\t\t\t<a href='https:\/\/vhrc.fr\/en\/historique\/vhrc-lhistorique\/2006vhr\/2006-17e-grand-prix-de-villeneuve-les-avignon\/vilneuv18juin20061274ob\/'><img loading=\"lazy\" decoding=\"async\" width=\"593\" height=\"445\" src=\"https:\/\/vhrc.fr\/wp-content\/uploads\/2010\/05\/vilneuv18juin20061274ob.jpg\" class=\"attachment-colormag-featured-image size-colormag-featured-image\" alt=\"\" srcset=\"https:\/\/vhrc.fr\/wp-content\/uploads\/2010\/05\/vilneuv18juin20061274ob.jpg 640w, https:\/\/vhrc.fr\/wp-content\/uploads\/2010\/05\/vilneuv18juin20061274ob-500x375.jpg 500w\" sizes=\"auto, (max-width: 593px) 100vw, 593px\" \/><\/a>\n\t\t\t<\/div><\/figure>\n\t\t<\/div>\n<\/p>","protected":false},"excerpt":{"rendered":"<p>r\u00e9sum\u00e9 de la course sur le forum Villeneuv&rsquo;Models \u00e0 transf\u00e9rer ICI<\/p>","protected":false},"author":5,"featured_media":926,"parent":158,"menu_order":0,"comment_status":"open","ping_status":"open","template":"","meta":{"colormag_page_container_layout":"default_layout","colormag_page_sidebar_layout":"default_layout","footnotes":""},"class_list":["post-812","page","type-page","status-publish","has-post-thumbnail","hentry"],"_links":{"self":[{"href":"https:\/\/vhrc.fr\/en\/wp-json\/wp\/v2\/pages\/812","targetHints":{"allow":["GET"]}}],"collection":[{"href":"https:\/\/vhrc.fr\/en\/wp-json\/wp\/v2\/pages"}],"about":[{"href":"https:\/\/vhrc.fr\/en\/wp-json\/wp\/v2\/types\/page"}],"author":[{"embeddable":true,"href":"https:\/\/vhrc.fr\/en\/wp-json\/wp\/v2\/users\/5"}],"replies":[{"embeddable":true,"href":"https:\/\/vhrc.fr\/en\/wp-json\/wp\/v2\/comments?post=812"}],"version-history":[{"count":6,"href":"https:\/\/vhrc.fr\/en\/wp-json\/wp\/v2\/pages\/812\/revisions"}],"predecessor-version":[{"id":1166,"href":"https:\/\/vhrc.fr\/en\/wp-json\/wp\/v2\/pages\/812\/revisions\/1166"}],"up":[{"embeddable":true,"href":"https:\/\/vhrc.fr\/en\/wp-json\/wp\/v2\/pages\/158"}],"wp:featuredmedia":[{"embeddable":true,"href":"https:\/\/vhrc.fr\/en\/wp-json\/wp\/v2\/media\/926"}],"wp:attachment":[{"href":"https:\/\/vhrc.fr\/en\/wp-json\/wp\/v2\/media?parent=812"}],"curies":[{"name":"wp","href":"https:\/\/api.w.org\/{rel}","templated":true}]}}