{"id":8229,"date":"2018-03-08T09:50:04","date_gmt":"2018-03-08T08:50:04","guid":{"rendered":"http:\/\/vhrc.fr\/?page_id=8229"},"modified":"2025-07-08T09:22:52","modified_gmt":"2025-07-08T08:22:52","slug":"2018-vhrc","status":"publish","type":"page","link":"https:\/\/vhrc.fr\/en\/historique\/vhrc-lhistorique\/2018-vhrc\/","title":{"rendered":"2018 VHRC"},"content":{"rendered":"<h1>Calendrier challenge VHRC 2018<\/h1>\n<div class=\"pt-cv-wrapper\"><div class=\"pt-cv-view pt-cv-grid pt-cv-colsys\" id=\"pt-cv-view-a761e0eryl\"><div data-id=\"pt-cv-page-1\" class=\"pt-cv-page\" data-cvc=\"2\"><div class=\"col-md-6 col-sm-6 col-xs-12 pt-cv-content-item pt-cv-1-col\" ><div class='pt-cv-ifield'><a href=\"https:\/\/vhrc.fr\/en\/historique\/vhrc-lhistorique\/2018-vhrc\/m04-macon\/\" class=\"_self pt-cv-href-thumbnail pt-cv-thumb-default\" target=\"_self\" ><img loading=\"lazy\" decoding=\"async\" width=\"400\" height=\"300\" src=\"https:\/\/vhrc.fr\/wp-content\/uploads\/2018\/11\/GEDC2242-500x375.jpg\" class=\"pt-cv-thumbnail\" alt=\"\" srcset=\"https:\/\/vhrc.fr\/wp-content\/uploads\/2018\/11\/GEDC2242-500x375.jpg 500w, https:\/\/vhrc.fr\/wp-content\/uploads\/2018\/11\/GEDC2242-768x576.jpg 768w, https:\/\/vhrc.fr\/wp-content\/uploads\/2018\/11\/GEDC2242-800x600.jpg 800w, https:\/\/vhrc.fr\/wp-content\/uploads\/2018\/11\/GEDC2242.jpg 1024w\" sizes=\"auto, (max-width: 400px) 100vw, 400px\" \/><\/a>\n<h4 class=\"pt-cv-title\"><a href=\"https:\/\/vhrc.fr\/en\/historique\/vhrc-lhistorique\/2018-vhrc\/m04-macon\/\" class=\"_self\" target=\"_self\" >2018 M04 Macon<\/a><\/h4>\n<div class=\"pt-cv-content\">Compte rendu : M4 M\u00e2con Les pilotes se sont r\u00e9unis pour la quatri\u00e8me manche du VHRC 2018 sur le magnifique ...<br \/><div class=\"pt-cv-rmwrap\"><a href=\"https:\/\/vhrc.fr\/en\/historique\/vhrc-lhistorique\/2018-vhrc\/m04-macon\/\" class=\"_self pt-cv-readmore btn btn-success\" target=\"_self\">Lire La Suite\u2026<\/a><\/div><\/div><\/div><\/div>\n<div class=\"col-md-6 col-sm-6 col-xs-12 pt-cv-content-item pt-cv-1-col\" ><div class='pt-cv-ifield'><a href=\"https:\/\/vhrc.fr\/en\/historique\/vhrc-lhistorique\/2018-vhrc\/8234-2\/\" class=\"_self pt-cv-href-thumbnail pt-cv-thumb-default\" target=\"_self\" ><img loading=\"lazy\" decoding=\"async\" width=\"400\" height=\"210\" src=\"https:\/\/vhrc.fr\/wp-content\/uploads\/2017\/02\/piste-pmo-ciel-500x262.jpg\" class=\"pt-cv-thumbnail\" alt=\"\" srcset=\"https:\/\/vhrc.fr\/wp-content\/uploads\/2017\/02\/piste-pmo-ciel-500x262.jpg 500w, https:\/\/vhrc.fr\/wp-content\/uploads\/2017\/02\/piste-pmo-ciel-768x403.jpg 768w, https:\/\/vhrc.fr\/wp-content\/uploads\/2017\/02\/piste-pmo-ciel-800x420.jpg 800w, https:\/\/vhrc.fr\/wp-content\/uploads\/2017\/02\/piste-pmo-ciel.jpg 2048w\" sizes=\"auto, (max-width: 400px) 100vw, 400px\" \/><\/a>\n<h4 class=\"pt-cv-title\"><a href=\"https:\/\/vhrc.fr\/en\/historique\/vhrc-lhistorique\/2018-vhrc\/8234-2\/\" class=\"_self\" target=\"_self\" >M01 Orange<\/a><\/h4>\n<div class=\"pt-cv-content\">1\u00e8re manche le 18 Mars 2018 \u00e0 Orange PMO Vid\u00e9o 6 pilotes pour cette nouvelle manche, on commence doucement mais ...<br \/><div class=\"pt-cv-rmwrap\"><a href=\"https:\/\/vhrc.fr\/en\/historique\/vhrc-lhistorique\/2018-vhrc\/8234-2\/\" class=\"_self pt-cv-readmore btn btn-success\" target=\"_self\">Lire La Suite\u2026<\/a><\/div><\/div><\/div><\/div>\n<div class=\"col-md-6 col-sm-6 col-xs-12 pt-cv-content-item pt-cv-1-col\" ><div class='pt-cv-ifield'><a href=\"https:\/\/vhrc.fr\/en\/historique\/vhrc-lhistorique\/2018-vhrc\/m02-beaumont-m\/\" class=\"_self pt-cv-href-thumbnail pt-cv-thumb-default\" target=\"_self\" ><img loading=\"lazy\" decoding=\"async\" width=\"400\" height=\"302\" src=\"https:\/\/vhrc.fr\/wp-content\/uploads\/2017\/02\/beaumont-mx-500x378.jpg\" class=\"pt-cv-thumbnail\" alt=\"\" srcset=\"https:\/\/vhrc.fr\/wp-content\/uploads\/2017\/02\/beaumont-mx-500x378.jpg 500w, https:\/\/vhrc.fr\/wp-content\/uploads\/2017\/02\/beaumont-mx-768x580.jpg 768w, https:\/\/vhrc.fr\/wp-content\/uploads\/2017\/02\/beaumont-mx-800x604.jpg 800w, https:\/\/vhrc.fr\/wp-content\/uploads\/2017\/02\/beaumont-mx.jpg 817w\" sizes=\"auto, (max-width: 400px) 100vw, 400px\" \/><\/a>\n<h4 class=\"pt-cv-title\"><a href=\"https:\/\/vhrc.fr\/en\/historique\/vhrc-lhistorique\/2018-vhrc\/m02-beaumont-m\/\" class=\"_self\" target=\"_self\" >M02 Beaumont M<\/a><\/h4>\n<div class=\"pt-cv-content\">2e manche \u00e0 Beaumont Monteux club 452 BMVRC Circuit Les RAISINIERES Possibilit\u00e9 de roulage le samedi 7 apr\u00e8s midi\u00a0 \u00e0 ...<br \/><div class=\"pt-cv-rmwrap\"><a href=\"https:\/\/vhrc.fr\/en\/historique\/vhrc-lhistorique\/2018-vhrc\/m02-beaumont-m\/\" class=\"_self pt-cv-readmore btn btn-success\" target=\"_self\">Lire La Suite\u2026<\/a><\/div><\/div><\/div><\/div>\n<div class=\"col-md-6 col-sm-6 col-xs-12 pt-cv-content-item pt-cv-1-col\" ><div class='pt-cv-ifield'><a href=\"https:\/\/vhrc.fr\/en\/historique\/vhrc-lhistorique\/2018-vhrc\/m03-montpellier\/\" class=\"_self pt-cv-href-thumbnail pt-cv-thumb-default\" target=\"_self\" ><img loading=\"lazy\" decoding=\"async\" width=\"400\" height=\"300\" src=\"https:\/\/vhrc.fr\/wp-content\/uploads\/2018\/11\/GEDC2200-500x375.jpg\" class=\"pt-cv-thumbnail\" alt=\"\" srcset=\"https:\/\/vhrc.fr\/wp-content\/uploads\/2018\/11\/GEDC2200-500x375.jpg 500w, https:\/\/vhrc.fr\/wp-content\/uploads\/2018\/11\/GEDC2200-768x576.jpg 768w, https:\/\/vhrc.fr\/wp-content\/uploads\/2018\/11\/GEDC2200-800x600.jpg 800w, https:\/\/vhrc.fr\/wp-content\/uploads\/2018\/11\/GEDC2200.jpg 1024w\" sizes=\"auto, (max-width: 400px) 100vw, 400px\" \/><\/a>\n<h4 class=\"pt-cv-title\"><a href=\"https:\/\/vhrc.fr\/en\/historique\/vhrc-lhistorique\/2018-vhrc\/m03-montpellier\/\" class=\"_self\" target=\"_self\" >M03 Montpellier<\/a><\/h4>\n<div class=\"pt-cv-content\">le 10 juin sur la piste du parc Grammont ...<br \/><div class=\"pt-cv-rmwrap\"><a href=\"https:\/\/vhrc.fr\/en\/historique\/vhrc-lhistorique\/2018-vhrc\/m03-montpellier\/\" class=\"_self pt-cv-readmore btn btn-success\" target=\"_self\">Lire La Suite\u2026<\/a><\/div><\/div><\/div><\/div>\n<div class=\"col-md-6 col-sm-6 col-xs-12 pt-cv-content-item pt-cv-1-col\" ><div class='pt-cv-ifield'><a href=\"https:\/\/vhrc.fr\/en\/historique\/vhrc-lhistorique\/2018-vhrc\/m08-grenoble\/\" class=\"_self pt-cv-href-thumbnail pt-cv-thumb-default\" target=\"_self\" ><img loading=\"lazy\" decoding=\"async\" width=\"400\" height=\"341\" src=\"https:\/\/vhrc.fr\/wp-content\/uploads\/2017\/02\/racg-500x426.jpg\" class=\"pt-cv-thumbnail\" alt=\"\" srcset=\"https:\/\/vhrc.fr\/wp-content\/uploads\/2017\/02\/racg-500x426.jpg 500w, https:\/\/vhrc.fr\/wp-content\/uploads\/2017\/02\/racg.jpg 725w\" sizes=\"auto, (max-width: 400px) 100vw, 400px\" \/><\/a>\n<h4 class=\"pt-cv-title\"><a href=\"https:\/\/vhrc.fr\/en\/historique\/vhrc-lhistorique\/2018-vhrc\/m08-grenoble\/\" class=\"_self\" target=\"_self\" >M08 Grenoble<\/a><\/h4>\n<div class=\"pt-cv-content\">A Montbonnot 5 pilotes ont particip\u00e9 \u00e0 la manche 8 du VHRC , circuit Mythique avec une infrastructure de choix,piste ...<br \/><div class=\"pt-cv-rmwrap\"><a href=\"https:\/\/vhrc.fr\/en\/historique\/vhrc-lhistorique\/2018-vhrc\/m08-grenoble\/\" class=\"_self pt-cv-readmore btn btn-success\" target=\"_self\">Lire La Suite\u2026<\/a><\/div><\/div><\/div><\/div><\/div><\/div><\/div>\n<table style=\"height: 240px;\" border=\"0\" frame=\"VOID\" rules=\"NONE\" cellspacing=\"0\">\n<colgroup>\n<col width=\"86\" \/>\n<col width=\"116\" \/>\n<col width=\"185\" \/>\n<col width=\"86\" \/><\/colgroup>\n<tbody>\n<tr style=\"height: 24px;\">\n<td style=\"height: 24px;\" align=\"RIGHT\" width=\"86\" height=\"17\">1<\/td>\n<td style=\"height: 24px;\" align=\"LEFT\" width=\"116\">18 mars<\/td>\n<td style=\"height: 24px;\" align=\"LEFT\" width=\"185\"><a href=\"http:\/\/vhrc.fr\/en\/historique\/vhrc-lhistorique\/2018-vhrc\/8234-2\/\">orange<\/a><\/td>\n<td style=\"height: 24px;\" align=\"LEFT\" width=\"86\">c92<\/td>\n<\/tr>\n<tr style=\"height: 24px;\">\n<td style=\"height: 24px;\" align=\"RIGHT\" height=\"17\">2<\/td>\n<td style=\"height: 24px;\" align=\"LEFT\">08 avril<\/td>\n<td style=\"height: 24px;\" align=\"LEFT\"><a href=\"http:\/\/vhrc.fr\/en\/historique\/vhrc-lhistorique\/2018-vhrc\/m02-beaumont-m\/\">beaumont monteux<\/a><\/td>\n<td style=\"height: 24px;\" align=\"LEFT\">c92<\/td>\n<\/tr>\n<tr style=\"height: 24px;\">\n<td style=\"height: 24px;\" align=\"RIGHT\" height=\"17\"><del>3<\/del><\/td>\n<td style=\"height: 24px;\" align=\"LEFT\"><del>20 mai<\/del><\/td>\n<td style=\"height: 24px;\" align=\"LEFT\"><del>le luc<\/del><\/td>\n<td style=\"height: 24px;\" align=\"LEFT\"><del>c92<\/del><\/td>\n<\/tr>\n<tr style=\"height: 24px;\">\n<td style=\"height: 24px;\" align=\"RIGHT\" height=\"17\">4<\/td>\n<td style=\"height: 24px;\" align=\"LEFT\">10 juin<\/td>\n<td style=\"height: 24px;\" align=\"LEFT\"><a href=\"http:\/\/vhrc.fr\/en\/historique\/vhrc-lhistorique\/2018-vhrc\/m03-montpellier\/\">montpellier<\/a><\/td>\n<td style=\"height: 24px;\" align=\"LEFT\"><\/td>\n<\/tr>\n<tr style=\"height: 24px;\">\n<td style=\"height: 24px;\" align=\"RIGHT\" height=\"17\">5<\/td>\n<td style=\"height: 24px;\" align=\"LEFT\">24 juin<\/td>\n<td style=\"height: 24px;\" align=\"LEFT\"><a href=\"http:\/\/vhrc.fr\/en\/historique\/vhrc-lhistorique\/2018-vhrc\/m04-macon\/\">macon<\/a><\/td>\n<td style=\"height: 24px;\" align=\"LEFT\">c92<\/td>\n<\/tr>\n<tr style=\"height: 24px;\">\n<td style=\"height: 24px;\" align=\"RIGHT\" height=\"17\"><del>6<\/del><\/td>\n<td style=\"height: 24px;\" align=\"LEFT\"><del>05 aout<\/del><\/td>\n<td style=\"height: 24px;\" align=\"LEFT\"><del>castelsarrasin<\/del><\/td>\n<td style=\"height: 24px;\" align=\"LEFT\"><\/td>\n<\/tr>\n<tr style=\"height: 24px;\">\n<td style=\"height: 24px;\" align=\"RIGHT\" height=\"17\"><del>7<\/del><\/td>\n<td style=\"height: 24px;\" align=\"LEFT\"><del>02 septembre<\/del><\/td>\n<td style=\"height: 24px;\" align=\"LEFT\"><del>montpellier<\/del><\/td>\n<td style=\"height: 24px;\" align=\"LEFT\"><\/td>\n<\/tr>\n<tr style=\"height: 24px;\">\n<td style=\"height: 24px;\" align=\"RIGHT\" height=\"17\">8<\/td>\n<td style=\"height: 24px;\" align=\"LEFT\">30 septembre<\/td>\n<td style=\"height: 24px;\" align=\"LEFT\"><a href=\"http:\/\/vhrc.fr\/en\/historique\/vhrc-lhistorique\/2018-vhrc\/m08-grenoble\/\">grenoble<\/a><\/td>\n<td style=\"height: 24px;\" align=\"LEFT\"><\/td>\n<\/tr>\n<tr style=\"height: 24px;\">\n<td style=\"height: 24px;\" align=\"RIGHT\" height=\"17\"><del>9<\/del><\/td>\n<td style=\"height: 24px;\" align=\"LEFT\"><del>21 octobre<\/del><\/td>\n<td style=\"height: 24px;\" align=\"LEFT\"><del>orange<\/del><\/td>\n<td style=\"height: 24px;\" align=\"LEFT\"><del>c92<\/del><\/td>\n<\/tr>\n<tr style=\"height: 24px;\">\n<td style=\"height: 24px;\" align=\"RIGHT\" height=\"17\"><del>10<\/del><\/td>\n<td style=\"height: 24px;\" align=\"LEFT\"><del>04 novembre<\/del><\/td>\n<td style=\"height: 24px;\" align=\"LEFT\"><del>pierrelatte<\/del><\/td>\n<td style=\"height: 24px;\" align=\"LEFT\"><del>c92<\/del><\/td>\n<\/tr>\n<\/tbody>\n<\/table>\n<h1>Autres \u00e9v\u00e9nements 1:4<\/h1>\n<h3>Menoud Days 2018<\/h3>\n<p><a href=\"http:\/\/menoud-rc.com\"><img loading=\"lazy\" decoding=\"async\" class=\"alignnone size-medium wp-image-8264\" src=\"http:\/\/vhrc.fr\/wp-content\/uploads\/2018\/03\/menoud-days-2018-affiche-500x248.jpg\" alt=\"\" width=\"500\" height=\"248\" srcset=\"https:\/\/vhrc.fr\/wp-content\/uploads\/2018\/03\/menoud-days-2018-affiche-500x248.jpg 500w, https:\/\/vhrc.fr\/wp-content\/uploads\/2018\/03\/menoud-days-2018-affiche-768x381.jpg 768w, https:\/\/vhrc.fr\/wp-content\/uploads\/2018\/03\/menoud-days-2018-affiche-800x397.jpg 800w\" sizes=\"auto, (max-width: 500px) 100vw, 500px\" \/><\/a><\/p>\n<p><a href=\"http:\/\/menoud-rc.com\">http:\/\/menoud-rc.com<\/a><\/p>\n<p>&nbsp;<\/p>\n<h3>Rassemblement Yankee 4e \u00e9dition<\/h3>\n<p><a href=\"http:\/\/club-rc-jean-moy.com\"><img loading=\"lazy\" decoding=\"async\" class=\"alignnone size-medium wp-image-8265\" src=\"http:\/\/vhrc.fr\/wp-content\/uploads\/2018\/03\/29027274_2141490399225224_3390895496671644293_n-500x343.jpg\" alt=\"\" width=\"500\" height=\"343\" srcset=\"https:\/\/vhrc.fr\/wp-content\/uploads\/2018\/03\/29027274_2141490399225224_3390895496671644293_n-500x343.jpg 500w, https:\/\/vhrc.fr\/wp-content\/uploads\/2018\/03\/29027274_2141490399225224_3390895496671644293_n-768x526.jpg 768w, https:\/\/vhrc.fr\/wp-content\/uploads\/2018\/03\/29027274_2141490399225224_3390895496671644293_n-800x548.jpg 800w, https:\/\/vhrc.fr\/wp-content\/uploads\/2018\/03\/29027274_2141490399225224_3390895496671644293_n.jpg 960w\" sizes=\"auto, (max-width: 500px) 100vw, 500px\" \/><\/a><\/p>\n<p><a href=\"http:\/\/club-rc-jean-moy.com\">http:\/\/club-rc-jean-moy.com<\/a><\/p>\n<p>&nbsp;<\/p>\n<h1>Les pilotes<\/h1>\n<div id='gallery-1' class='gallery galleryid-8229 gallery-columns-3 gallery-size-colormag-featured-image'><figure class='gallery-item'>\n\t\t\t<div class='gallery-icon portrait'>\n\t\t\t\t<a href='https:\/\/vhrc.fr\/en\/historique\/vhrc-lhistorique\/2018-vhrc\/pilote-vhrc-imgp0731\/'><img loading=\"lazy\" decoding=\"async\" width=\"296\" height=\"445\" src=\"https:\/\/vhrc.fr\/wp-content\/uploads\/2018\/03\/pilote-vhrc-IMGP0731.jpg\" class=\"attachment-colormag-featured-image size-colormag-featured-image\" alt=\"\" aria-describedby=\"gallery-1-8247\" srcset=\"https:\/\/vhrc.fr\/wp-content\/uploads\/2018\/03\/pilote-vhrc-IMGP0731.jpg 718w, https:\/\/vhrc.fr\/wp-content\/uploads\/2018\/03\/pilote-vhrc-IMGP0731-332x500.jpg 332w, https:\/\/vhrc.fr\/wp-content\/uploads\/2018\/03\/pilote-vhrc-IMGP0731-532x800.jpg 532w\" sizes=\"auto, (max-width: 296px) 100vw, 296px\" \/><\/a>\n\t\t\t<\/div>\n\t\t\t\t<figcaption class='wp-caption-text gallery-caption' id='gallery-1-8247'>\n\t\t\t\tJean Claude LEMOINE\n\t\t\t\t<\/figcaption><\/figure><figure class='gallery-item'>\n\t\t\t<div class='gallery-icon portrait'>\n\t\t\t\t<a href='https:\/\/vhrc.fr\/en\/historique\/vhrc-lhistorique\/2018-vhrc\/pilote-vhrc-imgp0730\/'><img loading=\"lazy\" decoding=\"async\" width=\"296\" height=\"445\" src=\"https:\/\/vhrc.fr\/wp-content\/uploads\/2018\/03\/pilote-vhrc-IMGP0730.jpg\" class=\"attachment-colormag-featured-image size-colormag-featured-image\" alt=\"\" aria-describedby=\"gallery-1-8246\" srcset=\"https:\/\/vhrc.fr\/wp-content\/uploads\/2018\/03\/pilote-vhrc-IMGP0730.jpg 718w, https:\/\/vhrc.fr\/wp-content\/uploads\/2018\/03\/pilote-vhrc-IMGP0730-332x500.jpg 332w, https:\/\/vhrc.fr\/wp-content\/uploads\/2018\/03\/pilote-vhrc-IMGP0730-532x800.jpg 532w\" sizes=\"auto, (max-width: 296px) 100vw, 296px\" \/><\/a>\n\t\t\t<\/div>\n\t\t\t\t<figcaption class='wp-caption-text gallery-caption' id='gallery-1-8246'>\n\t\t\t\tR\u00e9mi CORONAS\n\t\t\t\t<\/figcaption><\/figure><figure class='gallery-item'>\n\t\t\t<div class='gallery-icon portrait'>\n\t\t\t\t<a href='https:\/\/vhrc.fr\/en\/historique\/vhrc-lhistorique\/2018-vhrc\/pilote-vhrc-imgp0728\/'><img loading=\"lazy\" decoding=\"async\" width=\"296\" height=\"445\" src=\"https:\/\/vhrc.fr\/wp-content\/uploads\/2018\/03\/pilote-vhrc-IMGP0728.jpg\" class=\"attachment-colormag-featured-image size-colormag-featured-image\" alt=\"\" aria-describedby=\"gallery-1-8245\" srcset=\"https:\/\/vhrc.fr\/wp-content\/uploads\/2018\/03\/pilote-vhrc-IMGP0728.jpg 718w, https:\/\/vhrc.fr\/wp-content\/uploads\/2018\/03\/pilote-vhrc-IMGP0728-332x500.jpg 332w, https:\/\/vhrc.fr\/wp-content\/uploads\/2018\/03\/pilote-vhrc-IMGP0728-532x800.jpg 532w\" sizes=\"auto, (max-width: 296px) 100vw, 296px\" \/><\/a>\n\t\t\t<\/div>\n\t\t\t\t<figcaption class='wp-caption-text gallery-caption' id='gallery-1-8245'>\n\t\t\t\tLaurent BASTIEN\n\t\t\t\t<\/figcaption><\/figure><figure class='gallery-item'>\n\t\t\t<div class='gallery-icon portrait'>\n\t\t\t\t<a href='https:\/\/vhrc.fr\/en\/historique\/vhrc-lhistorique\/2018-vhrc\/pilote-vhrc-imgp0726\/'><img loading=\"lazy\" decoding=\"async\" width=\"296\" height=\"445\" src=\"https:\/\/vhrc.fr\/wp-content\/uploads\/2018\/03\/pilote-vhrc-IMGP0726.jpg\" class=\"attachment-colormag-featured-image size-colormag-featured-image\" alt=\"\" aria-describedby=\"gallery-1-8244\" srcset=\"https:\/\/vhrc.fr\/wp-content\/uploads\/2018\/03\/pilote-vhrc-IMGP0726.jpg 718w, https:\/\/vhrc.fr\/wp-content\/uploads\/2018\/03\/pilote-vhrc-IMGP0726-332x500.jpg 332w, https:\/\/vhrc.fr\/wp-content\/uploads\/2018\/03\/pilote-vhrc-IMGP0726-532x800.jpg 532w\" sizes=\"auto, (max-width: 296px) 100vw, 296px\" \/><\/a>\n\t\t\t<\/div>\n\t\t\t\t<figcaption class='wp-caption-text gallery-caption' id='gallery-1-8244'>\n\t\t\t\tYannick\n\t\t\t\t<\/figcaption><\/figure><figure class='gallery-item'>\n\t\t\t<div class='gallery-icon portrait'>\n\t\t\t\t<a href='https:\/\/vhrc.fr\/en\/historique\/vhrc-lhistorique\/2018-vhrc\/pilote-vhrc-imgp0724\/'><img loading=\"lazy\" decoding=\"async\" width=\"296\" height=\"445\" src=\"https:\/\/vhrc.fr\/wp-content\/uploads\/2018\/03\/pilote-vhrc-IMGP0724.jpg\" class=\"attachment-colormag-featured-image size-colormag-featured-image\" alt=\"\" aria-describedby=\"gallery-1-8243\" srcset=\"https:\/\/vhrc.fr\/wp-content\/uploads\/2018\/03\/pilote-vhrc-IMGP0724.jpg 718w, https:\/\/vhrc.fr\/wp-content\/uploads\/2018\/03\/pilote-vhrc-IMGP0724-332x500.jpg 332w, https:\/\/vhrc.fr\/wp-content\/uploads\/2018\/03\/pilote-vhrc-IMGP0724-532x800.jpg 532w\" sizes=\"auto, (max-width: 296px) 100vw, 296px\" \/><\/a>\n\t\t\t<\/div>\n\t\t\t\t<figcaption class='wp-caption-text gallery-caption' id='gallery-1-8243'>\n\t\t\t\tMarc CORONAS\n\t\t\t\t<\/figcaption><\/figure><figure class='gallery-item'>\n\t\t\t<div class='gallery-icon portrait'>\n\t\t\t\t<a href='https:\/\/vhrc.fr\/en\/historique\/vhrc-lhistorique\/2018-vhrc\/m02-beaumont-m\/vhrc2018m2-02\/'><img loading=\"lazy\" decoding=\"async\" width=\"296\" height=\"445\" src=\"https:\/\/vhrc.fr\/wp-content\/uploads\/2018\/04\/VHRC2018M2-02.jpg\" class=\"attachment-colormag-featured-image size-colormag-featured-image\" alt=\"\" aria-describedby=\"gallery-1-8273\" srcset=\"https:\/\/vhrc.fr\/wp-content\/uploads\/2018\/04\/VHRC2018M2-02.jpg 718w, https:\/\/vhrc.fr\/wp-content\/uploads\/2018\/04\/VHRC2018M2-02-332x500.jpg 332w, https:\/\/vhrc.fr\/wp-content\/uploads\/2018\/04\/VHRC2018M2-02-532x800.jpg 532w\" sizes=\"auto, (max-width: 296px) 100vw, 296px\" \/><\/a>\n\t\t\t<\/div>\n\t\t\t\t<figcaption class='wp-caption-text gallery-caption' id='gallery-1-8273'>\n\t\t\t\tLaurent GRAU YANKEE\n\t\t\t\t<\/figcaption><\/figure><figure class='gallery-item'>\n\t\t\t<div class='gallery-icon portrait'>\n\t\t\t\t<a href='https:\/\/vhrc.fr\/en\/historique\/vhrc-lhistorique\/2018-vhrc\/m02-beaumont-m\/vhrc2018m2-01\/'><img loading=\"lazy\" decoding=\"async\" width=\"296\" height=\"445\" src=\"https:\/\/vhrc.fr\/wp-content\/uploads\/2018\/04\/VHRC2018M2-01.jpg\" class=\"attachment-colormag-featured-image size-colormag-featured-image\" alt=\"\" aria-describedby=\"gallery-1-8272\" srcset=\"https:\/\/vhrc.fr\/wp-content\/uploads\/2018\/04\/VHRC2018M2-01.jpg 718w, https:\/\/vhrc.fr\/wp-content\/uploads\/2018\/04\/VHRC2018M2-01-332x500.jpg 332w, https:\/\/vhrc.fr\/wp-content\/uploads\/2018\/04\/VHRC2018M2-01-532x800.jpg 532w\" sizes=\"auto, (max-width: 296px) 100vw, 296px\" \/><\/a>\n\t\t\t<\/div>\n\t\t\t\t<figcaption class='wp-caption-text gallery-caption' id='gallery-1-8272'>\n\t\t\t\tNicolas GENIN\n\t\t\t\t<\/figcaption><\/figure><figure class='gallery-item'>\n\t\t\t<div class='gallery-icon portrait'>\n\t\t\t\t<a href='https:\/\/vhrc.fr\/en\/historique\/vhrc-lhistorique\/2018-vhrc\/m02-beaumont-m\/vhrc2018m2-03\/'><img loading=\"lazy\" decoding=\"async\" width=\"296\" height=\"445\" src=\"https:\/\/vhrc.fr\/wp-content\/uploads\/2018\/04\/VHRC2018M2-03.jpg\" class=\"attachment-colormag-featured-image size-colormag-featured-image\" alt=\"\" aria-describedby=\"gallery-1-8274\" srcset=\"https:\/\/vhrc.fr\/wp-content\/uploads\/2018\/04\/VHRC2018M2-03.jpg 718w, https:\/\/vhrc.fr\/wp-content\/uploads\/2018\/04\/VHRC2018M2-03-332x500.jpg 332w, https:\/\/vhrc.fr\/wp-content\/uploads\/2018\/04\/VHRC2018M2-03-532x800.jpg 532w\" sizes=\"auto, (max-width: 296px) 100vw, 296px\" \/><\/a>\n\t\t\t<\/div>\n\t\t\t\t<figcaption class='wp-caption-text gallery-caption' id='gallery-1-8274'>\n\t\t\t\tOlivier MARTI\n\t\t\t\t<\/figcaption><\/figure><figure class='gallery-item'>\n\t\t\t<div class='gallery-icon portrait'>\n\t\t\t\t<a href='https:\/\/vhrc.fr\/en\/historique\/vhrc-lhistorique\/2018-vhrc\/m02-beaumont-m\/vhrc2018m2-04\/'><img loading=\"lazy\" decoding=\"async\" width=\"296\" height=\"445\" src=\"https:\/\/vhrc.fr\/wp-content\/uploads\/2018\/04\/VHRC2018M2-04.jpg\" class=\"attachment-colormag-featured-image size-colormag-featured-image\" alt=\"\" aria-describedby=\"gallery-1-8275\" srcset=\"https:\/\/vhrc.fr\/wp-content\/uploads\/2018\/04\/VHRC2018M2-04.jpg 718w, https:\/\/vhrc.fr\/wp-content\/uploads\/2018\/04\/VHRC2018M2-04-332x500.jpg 332w, https:\/\/vhrc.fr\/wp-content\/uploads\/2018\/04\/VHRC2018M2-04-532x800.jpg 532w\" sizes=\"auto, (max-width: 296px) 100vw, 296px\" \/><\/a>\n\t\t\t<\/div>\n\t\t\t\t<figcaption class='wp-caption-text gallery-caption' id='gallery-1-8275'>\n\t\t\t\tMaxime IMBERT\n\t\t\t\t<\/figcaption><\/figure><figure class='gallery-item'>\n\t\t\t<div class='gallery-icon portrait'>\n\t\t\t\t<a href='https:\/\/vhrc.fr\/en\/historique\/vhrc-lhistorique\/2018-vhrc\/m02-beaumont-m\/vhrc2018m2-05\/'><img loading=\"lazy\" decoding=\"async\" width=\"296\" height=\"445\" src=\"https:\/\/vhrc.fr\/wp-content\/uploads\/2018\/04\/VHRC2018M2-05.jpg\" class=\"attachment-colormag-featured-image size-colormag-featured-image\" alt=\"\" aria-describedby=\"gallery-1-8276\" srcset=\"https:\/\/vhrc.fr\/wp-content\/uploads\/2018\/04\/VHRC2018M2-05.jpg 718w, https:\/\/vhrc.fr\/wp-content\/uploads\/2018\/04\/VHRC2018M2-05-332x500.jpg 332w, https:\/\/vhrc.fr\/wp-content\/uploads\/2018\/04\/VHRC2018M2-05-532x800.jpg 532w\" sizes=\"auto, (max-width: 296px) 100vw, 296px\" \/><\/a>\n\t\t\t<\/div>\n\t\t\t\t<figcaption class='wp-caption-text gallery-caption' id='gallery-1-8276'>\n\t\t\t\tLuc GiARDINI\n\t\t\t\t<\/figcaption><\/figure><figure class='gallery-item'>\n\t\t\t<div class='gallery-icon portrait'>\n\t\t\t\t<a href='https:\/\/vhrc.fr\/en\/historique\/vhrc-lhistorique\/2018-vhrc\/m02-beaumont-m\/vhrc2018m2-06\/'><img loading=\"lazy\" decoding=\"async\" width=\"296\" height=\"445\" src=\"https:\/\/vhrc.fr\/wp-content\/uploads\/2018\/04\/VHRC2018M2-06.jpg\" class=\"attachment-colormag-featured-image size-colormag-featured-image\" alt=\"\" aria-describedby=\"gallery-1-8277\" srcset=\"https:\/\/vhrc.fr\/wp-content\/uploads\/2018\/04\/VHRC2018M2-06.jpg 718w, https:\/\/vhrc.fr\/wp-content\/uploads\/2018\/04\/VHRC2018M2-06-332x500.jpg 332w, https:\/\/vhrc.fr\/wp-content\/uploads\/2018\/04\/VHRC2018M2-06-532x800.jpg 532w\" sizes=\"auto, (max-width: 296px) 100vw, 296px\" \/><\/a>\n\t\t\t<\/div>\n\t\t\t\t<figcaption class='wp-caption-text gallery-caption' id='gallery-1-8277'>\n\t\t\t\tJulien VALAT\n\t\t\t\t<\/figcaption><\/figure>\n\t\t<\/div>\n\n<p>&nbsp;<\/p>","protected":false},"excerpt":{"rendered":"<p>Calendrier challenge VHRC 2018 1 18 mars orange c92 2 08 avril beaumont monteux c92 3 20 mai le luc<\/p>","protected":false},"author":5,"featured_media":8230,"parent":686,"menu_order":0,"comment_status":"closed","ping_status":"closed","template":"","meta":{"colormag_page_container_layout":"default_layout","colormag_page_sidebar_layout":"default_layout","footnotes":""},"class_list":["post-8229","page","type-page","status-publish","has-post-thumbnail","hentry"],"_links":{"self":[{"href":"https:\/\/vhrc.fr\/en\/wp-json\/wp\/v2\/pages\/8229","targetHints":{"allow":["GET"]}}],"collection":[{"href":"https:\/\/vhrc.fr\/en\/wp-json\/wp\/v2\/pages"}],"about":[{"href":"https:\/\/vhrc.fr\/en\/wp-json\/wp\/v2\/types\/page"}],"author":[{"embeddable":true,"href":"https:\/\/vhrc.fr\/en\/wp-json\/wp\/v2\/users\/5"}],"replies":[{"embeddable":true,"href":"https:\/\/vhrc.fr\/en\/wp-json\/wp\/v2\/comments?post=8229"}],"version-history":[{"count":18,"href":"https:\/\/vhrc.fr\/en\/wp-json\/wp\/v2\/pages\/8229\/revisions"}],"predecessor-version":[{"id":9341,"href":"https:\/\/vhrc.fr\/en\/wp-json\/wp\/v2\/pages\/8229\/revisions\/9341"}],"up":[{"embeddable":true,"href":"https:\/\/vhrc.fr\/en\/wp-json\/wp\/v2\/pages\/686"}],"wp:featuredmedia":[{"embeddable":true,"href":"https:\/\/vhrc.fr\/en\/wp-json\/wp\/v2\/media\/8230"}],"wp:attachment":[{"href":"https:\/\/vhrc.fr\/en\/wp-json\/wp\/v2\/media?parent=8229"}],"curies":[{"name":"wp","href":"https:\/\/api.w.org\/{rel}","templated":true}]}}