{"id":839,"date":"2008-04-17T14:51:16","date_gmt":"2008-04-17T13:51:16","guid":{"rendered":"http:\/\/vhrc.fr\/?page_id=839"},"modified":"2019-11-11T15:13:50","modified_gmt":"2019-11-11T14:13:50","slug":"2008-vhr-orange","status":"publish","type":"page","link":"https:\/\/vhrc.fr\/en\/historique\/vhrc-lhistorique\/2008vhr\/2008-vhr-orange\/","title":{"rendered":"2008 VHR M1 Orange"},"content":{"rendered":"<p>le VHR vient rouler sur la plus grande piste de France pendant la premi\u00e8re course du club \u00ab\u00a0nouvelle version\u00a0\u00bb!<\/p>\n<h2>208 photos de la course<\/h2>\n<h2><a href=\"https:\/\/goo.gl\/photos\/iPLtJogQkj2eCQTd8\"><img loading=\"lazy\" decoding=\"async\" class=\"alignnone size-medium\" src=\"https:\/\/lh3.googleusercontent.com\/7c6zyU-miosu1G4I8XZmfhvsjxSzgBJTq-_pHX6APKgJYz1K2V3UgWCkHASs9F9VPaLnt2YERRKtlSQAvDMHm-4HgkHdLqeLvECVriMyNsWW58gJqV0kYKRx5PXf80u0a63NkD2IBQijm_7aRBmZDnLhZ4FfMVI6HcTl5Y0LRhoGv6HHIKufa3Lm3JvI5986Kt1CoSWikDVDB53c5f6xJGn92RzilYBx2F7d_SdatS-2uFcGyDgUf_jyrIcbH1Z8hC5h3Ooo82a25JFISEub0jWE3QnZwDyzeX5JEpBbVOfDWt8VwlrHRtTxUnbIl6167plrptWSlpg75r-VND-xTyw8XzeVNodjPwuqFzxZGOZVVzHFnZC9bJAHzAyjgpvG7d7R9E1ccAebf3HzP8zznihghXopu1KAPZicElp8vl5lh3llx5244UYugtT2oBUoVGipZR6LJ-AK1-K_oQn4nJ5gIHoVbzyjQtHOx2wbxrF8WUyx7HpOU3E3e1an0v2xC6Sn_7P3eBL_DJE81JfAUpNhCw-jAeo1ab6XFC_DeKH6COVqR-klgRo2S6TJ9ugPTj5a37vF0ZebYQZztKSCZEbwINDfNHdrJAb7UGKmRrpW0iqb=w462-h346-no\" alt=\"\" width=\"462\" height=\"346\" \/><\/a><\/h2>\n<p><a href=\"https:\/\/goo.gl\/photos\/iPLtJogQkj2eCQTd8\">https:\/\/goo.gl\/photos\/iPLtJogQkj2eCQTd8<\/a><\/p>\n<p>[picasaView album=&rsquo;AutoRC15eOrangeCoupeDeLaLigue10&prime;]<\/p>\n<p>https:\/\/photos.google.com\/album\/AF1QipPy8K7_Sw0PtBhFHyNRznrKvJu7VwQXPlSw32f5<\/p>\n<h2>R\u00e9sum\u00e9<\/h2>\n<p>Salut \u00e0 tous,<\/p>\n<p>En attendant le 2CM Yankee Challenge, Dimanche dernier s&rsquo;est d\u00e9roul\u00e9e sur la piste d&rsquo;Orange dans le Vaucluse, la premi\u00e8re manche du Challenge VHR \u00bc .<\/p>\n<figure id=\"attachment_9092\" aria-describedby=\"caption-attachment-9092\" style=\"width: 640px\" class=\"wp-caption alignnone\"><img loading=\"lazy\" decoding=\"async\" class=\"size-large wp-image-9092\" src=\"http:\/\/vhrc.fr\/wp-content\/uploads\/2019\/11\/2008-04-13_14-45-52__4472-800x600.jpg\" alt=\"\" width=\"640\" height=\"480\" srcset=\"https:\/\/vhrc.fr\/wp-content\/uploads\/2019\/11\/2008-04-13_14-45-52__4472-800x600.jpg 800w, https:\/\/vhrc.fr\/wp-content\/uploads\/2019\/11\/2008-04-13_14-45-52__4472-400x300.jpg 400w, https:\/\/vhrc.fr\/wp-content\/uploads\/2019\/11\/2008-04-13_14-45-52__4472-768x576.jpg 768w, https:\/\/vhrc.fr\/wp-content\/uploads\/2019\/11\/2008-04-13_14-45-52__4472.jpg 1600w\" sizes=\"auto, (max-width: 640px) 100vw, 640px\" \/><figcaption id=\"caption-attachment-9092\" class=\"wp-caption-text\">belle porsche 930 yankee 1:4 carrosserie<\/figcaption><\/figure>\n<p>VHR pour v\u00e9hicules historiques radiocommand\u00e9s, challenge ouvert \u00e0 tout passionn\u00e9 d&rsquo;\u00e9chelle \u00bc, organis\u00e9 par le club Villeneuv&rsquo; Models, en parall\u00e8le des courses r\u00e9gionales 1\/5\u00e8me des ligues 10 et 13.<br \/>\nSe sont donc 7 des 11 pilotes \u00bc que compte le club Villeneuv&rsquo; Models qui se sont retrouv\u00e9s en ce Dimanche matin ensoleill\u00e9.<br \/>\nDans les stands on pouvait rencontrer 3 Porsche, 2 versions racing avec moteurs F7 et une toute premi\u00e8re version, dont le ch\u00e2ssis impax a \u00e9t\u00e9 remplac\u00e9 par une plaque d&rsquo;alu, mais toujours motoris\u00e9e par la KT12 Kawa. Quand je vous disais v\u00e9hicules historiques&#8230;<br \/>\nOn trouvait \u00e9galement la BMW de notre sympathique concurrent Suisse, avec trains FVR et motoris\u00e9e par un Zenoah G2D. La particularit\u00e9 de cette voiture est de disposer d&rsquo;une carrosserie enti\u00e8rement r\u00e9alis\u00e9e \u00e0 la main en fibre de verre par son pilote, du bien beau travail.<br \/>\nMoins encombrante que ses cons\u0153urs, mais tout aussi performante, on pouvait voir une Mini. Petite entorse \u00e0 la version commerciale, celle-ci dispose d&rsquo;un train avant de 596 plus efficace, le reste de la m\u00e9canique est lui d&rsquo;origine.<br \/>\nUne Venturi ensuite, carross\u00e9e pour l&rsquo;occasion par une Bugatti, la Venturi \u00e9tant soigneusement remis\u00e9e dans l&rsquo;attente du 2CM Yankee Challenge. Particularit\u00e9s de cette auto, elle dispose d&rsquo;un train arri\u00e8re de 596 \u00e9largi et d&rsquo;un Z\u00e9noah RC230 particuli\u00e8rement v\u00e9loce.<br \/>\nEt pour terminer, une 5 turbo dans le plus pur style FVR, du ch\u00e2ssis Tecma aux trains \u00e0 basculeurs, motoris\u00e9e par un Solo.<\/p>\n<figure id=\"attachment_9087\" aria-describedby=\"caption-attachment-9087\" style=\"width: 640px\" class=\"wp-caption alignnone\"><img loading=\"lazy\" decoding=\"async\" class=\"size-large wp-image-9087\" src=\"http:\/\/vhrc.fr\/wp-content\/uploads\/2019\/11\/2008-04-13_14-39-37__4452-1-800x600.jpg\" alt=\"\" width=\"640\" height=\"480\" srcset=\"https:\/\/vhrc.fr\/wp-content\/uploads\/2019\/11\/2008-04-13_14-39-37__4452-1-800x600.jpg 800w, https:\/\/vhrc.fr\/wp-content\/uploads\/2019\/11\/2008-04-13_14-39-37__4452-1-400x300.jpg 400w, https:\/\/vhrc.fr\/wp-content\/uploads\/2019\/11\/2008-04-13_14-39-37__4452-1-768x576.jpg 768w, https:\/\/vhrc.fr\/wp-content\/uploads\/2019\/11\/2008-04-13_14-39-37__4452-1.jpg 1600w\" sizes=\"auto, (max-width: 640px) 100vw, 640px\" \/><figcaption id=\"caption-attachment-9087\" class=\"wp-caption-text\">bugatti laro 2008<\/figcaption><\/figure>\n<p>Si la piste d&rsquo;Orange a maintenant quelques ann\u00e9es, le club qui en assure aujourd&rsquo;hui l&rsquo;exploitation est tout nouveau, c&rsquo;\u00e9tait d&rsquo;ailleurs sa premi\u00e8re organisation. Ceci expliquant peut-\u00eatre cela, le taux de participation des pilotes 1\/5\u00e8me \u00e9tait plut\u00f4t faible, les \u00bc \u00e9taient plus nombreux que les 1\/5\u00e8me Open <img decoding=\"async\" src=\"http:\/\/www.yankee-rc.com\/e107_images\/emotes\/Yankee\/041.gif\" alt=\"\" \/><br \/>\nLa journ\u00e9e s&rsquo;est donc d\u00e9roul\u00e9e de la mani\u00e8re suivante : 4 manches de qualifications de 10mn le matin pour chacune des cat\u00e9gories et 3 manches de finale de 10 mn l&rsquo;apr\u00e8s-midi pour les \u00bc, intercal\u00e9es avant, entre et apr\u00e8s la finale Formule France 1\/5\u00e8me et la finale Open, de 35 et 30 min chacune.<br \/>\nQue dire du d\u00e9roulement global de cette premi\u00e8re manche, si ce n&rsquo;est que tout le monde s&rsquo;est bien amus\u00e9 !<br \/>\nUne organisation r\u00e9ussie, peu de casse, pas mal de m\u00e9canique, beaucoup de discussions, un r\u00e9el fairplay et des voitures qui roulent !<\/p>\n<p>Ce qui est le plus frappant, c&rsquo;est l&rsquo;engouement que suscite toujours l&rsquo;\u00e9chelle \u00bc chez les spectateurs et, contre toute attente, chez les pilotes 1\/5\u00e8me qui pour certains ne connaissent m\u00eame pas jusqu&rsquo;\u00e0 l&rsquo;existence de ces mod\u00e8les&#8230;<br \/>\nEt m\u00eame les plus r\u00e9calcitrants, finissent par admettre, \u00e0 contre c\u0153ur parfois, que 10ans apr\u00e8s le \u00bc \u00e7a roule quand m\u00eame encore fort ! Comme quoi&#8230;<\/p>\n<p>Dans les stands<\/p>\n<p><img loading=\"lazy\" decoding=\"async\" class=\"alignnone size-large wp-image-9086\" src=\"http:\/\/vhrc.fr\/wp-content\/uploads\/2019\/11\/2008-04-13_pmo2-800x600.jpg\" alt=\"voitures yankee dans les stands\" width=\"640\" height=\"480\" srcset=\"https:\/\/vhrc.fr\/wp-content\/uploads\/2019\/11\/2008-04-13_pmo2-800x600.jpg 800w, https:\/\/vhrc.fr\/wp-content\/uploads\/2019\/11\/2008-04-13_pmo2-400x300.jpg 400w, https:\/\/vhrc.fr\/wp-content\/uploads\/2019\/11\/2008-04-13_pmo2-768x576.jpg 768w, https:\/\/vhrc.fr\/wp-content\/uploads\/2019\/11\/2008-04-13_pmo2.jpg 1205w\" sizes=\"auto, (max-width: 640px) 100vw, 640px\" \/><\/p>\n<p>&nbsp;<\/p>\n<p>En Suisse le climat est rude ! M\u00eame pour faire du mod\u00e8le r\u00e9duit il est n\u00e9cessaire de monter des clous !<\/p>\n<p>\u00ab\u00a0Bon l\u00e0 c&rsquo;est s\u00fbr aujourd&rsquo;hui les clous j&rsquo;en aurai pas besoin&#8230;\u00a0\u00bb<\/p>\n<p><a href=\"http:\/\/vhrc.fr\/wp-content\/uploads\/2010\/05\/vhrc2008orange.jpg\"><img loading=\"lazy\" decoding=\"async\" class=\"alignnone size-full wp-image-1648\" title=\"vhrc2008orange\" src=\"http:\/\/vhrc.fr\/wp-content\/uploads\/2010\/05\/vhrc2008orange.jpg\" alt=\"\" width=\"646\" height=\"484\" srcset=\"https:\/\/vhrc.fr\/wp-content\/uploads\/2010\/05\/vhrc2008orange.jpg 800w, https:\/\/vhrc.fr\/wp-content\/uploads\/2010\/05\/vhrc2008orange-500x375.jpg 500w\" sizes=\"auto, (max-width: 646px) 100vw, 646px\" \/><\/a><\/p>\n<p><a href=\"http:\/\/vhrc.fr\/wp-content\/uploads\/2010\/05\/vhr2008Photo-de-famille-De-gauche-\u00e0-droite-Luc-Alessandro-Fr\u00e9d\u00e9ric-Bernard-Brice-G\u00e9rard-et-Patrick..jpg\"><img loading=\"lazy\" decoding=\"async\" class=\"alignnone size-full wp-image-1649\" title=\"vhr2008Photo de famille De gauche \u00e0 droite Luc, Alessandro, Fr\u00e9d\u00e9ric, Bernard, Brice, G\u00e9rard et Patrick.\" src=\"http:\/\/vhrc.fr\/wp-content\/uploads\/2010\/05\/vhr2008Photo-de-famille-De-gauche-\u00e0-droite-Luc-Alessandro-Fr\u00e9d\u00e9ric-Bernard-Brice-G\u00e9rard-et-Patrick..jpg\" alt=\"\" width=\"654\" height=\"490\" srcset=\"https:\/\/vhrc.fr\/wp-content\/uploads\/2010\/05\/vhr2008Photo-de-famille-De-gauche-\u00e0-droite-Luc-Alessandro-Fr\u00e9d\u00e9ric-Bernard-Brice-G\u00e9rard-et-Patrick..jpg 800w, https:\/\/vhrc.fr\/wp-content\/uploads\/2010\/05\/vhr2008Photo-de-famille-De-gauche-\u00e0-droite-Luc-Alessandro-Fr\u00e9d\u00e9ric-Bernard-Brice-G\u00e9rard-et-Patrick.-500x375.jpg 500w\" sizes=\"auto, (max-width: 654px) 100vw, 654px\" \/><\/a><\/p>\n<p>Photo de famille : De gauche \u00e0 droite Luc, Alessandro, Fr\u00e9d\u00e9ric, Bernard, Brice, G\u00e9rard et Patrick.<\/p>\n<address>Brice<\/address>\n<div id='gallery-1' class='gallery galleryid-839 gallery-columns-3 gallery-size-colormag-featured-image'><figure class='gallery-item'>\n\t\t\t<div class='gallery-icon landscape'>\n\t\t\t\t<a href='https:\/\/vhrc.fr\/wp-content\/uploads\/2019\/11\/2008-04-13_pmo2.jpg'><img loading=\"lazy\" decoding=\"async\" width=\"593\" height=\"445\" src=\"https:\/\/vhrc.fr\/wp-content\/uploads\/2019\/11\/2008-04-13_pmo2.jpg\" class=\"attachment-colormag-featured-image size-colormag-featured-image\" alt=\"voitures yankee dans les stands\" srcset=\"https:\/\/vhrc.fr\/wp-content\/uploads\/2019\/11\/2008-04-13_pmo2.jpg 1205w, https:\/\/vhrc.fr\/wp-content\/uploads\/2019\/11\/2008-04-13_pmo2-400x300.jpg 400w, https:\/\/vhrc.fr\/wp-content\/uploads\/2019\/11\/2008-04-13_pmo2-768x576.jpg 768w, https:\/\/vhrc.fr\/wp-content\/uploads\/2019\/11\/2008-04-13_pmo2-800x600.jpg 800w\" sizes=\"auto, (max-width: 593px) 100vw, 593px\" \/><\/a>\n\t\t\t<\/div><\/figure><figure class='gallery-item'>\n\t\t\t<div class='gallery-icon landscape'>\n\t\t\t\t<a href='https:\/\/vhrc.fr\/wp-content\/uploads\/2019\/11\/2008-04-13_14-39-37__4452-1.jpg'><img loading=\"lazy\" decoding=\"async\" width=\"593\" height=\"445\" src=\"https:\/\/vhrc.fr\/wp-content\/uploads\/2019\/11\/2008-04-13_14-39-37__4452-1.jpg\" class=\"attachment-colormag-featured-image size-colormag-featured-image\" alt=\"\" aria-describedby=\"gallery-1-9087\" srcset=\"https:\/\/vhrc.fr\/wp-content\/uploads\/2019\/11\/2008-04-13_14-39-37__4452-1.jpg 1600w, https:\/\/vhrc.fr\/wp-content\/uploads\/2019\/11\/2008-04-13_14-39-37__4452-1-400x300.jpg 400w, https:\/\/vhrc.fr\/wp-content\/uploads\/2019\/11\/2008-04-13_14-39-37__4452-1-768x576.jpg 768w, https:\/\/vhrc.fr\/wp-content\/uploads\/2019\/11\/2008-04-13_14-39-37__4452-1-800x600.jpg 800w\" sizes=\"auto, (max-width: 593px) 100vw, 593px\" \/><\/a>\n\t\t\t<\/div>\n\t\t\t\t<figcaption class='wp-caption-text gallery-caption' id='gallery-1-9087'>\n\t\t\t\tbugatti laro 2008\n\t\t\t\t<\/figcaption><\/figure><figure class='gallery-item'>\n\t\t\t<div class='gallery-icon landscape'>\n\t\t\t\t<a href='https:\/\/vhrc.fr\/wp-content\/uploads\/2019\/11\/2008-04-13_12-02-33__4375.jpg'><img loading=\"lazy\" decoding=\"async\" width=\"593\" height=\"445\" src=\"https:\/\/vhrc.fr\/wp-content\/uploads\/2019\/11\/2008-04-13_12-02-33__4375.jpg\" class=\"attachment-colormag-featured-image size-colormag-featured-image\" alt=\"\" aria-describedby=\"gallery-1-9088\" srcset=\"https:\/\/vhrc.fr\/wp-content\/uploads\/2019\/11\/2008-04-13_12-02-33__4375.jpg 1600w, https:\/\/vhrc.fr\/wp-content\/uploads\/2019\/11\/2008-04-13_12-02-33__4375-400x300.jpg 400w, https:\/\/vhrc.fr\/wp-content\/uploads\/2019\/11\/2008-04-13_12-02-33__4375-768x576.jpg 768w, https:\/\/vhrc.fr\/wp-content\/uploads\/2019\/11\/2008-04-13_12-02-33__4375-800x600.jpg 800w\" sizes=\"auto, (max-width: 593px) 100vw, 593px\" \/><\/a>\n\t\t\t<\/div>\n\t\t\t\t<figcaption class='wp-caption-text gallery-caption' id='gallery-1-9088'>\n\t\t\t\tbmw m3 e36 1:4 yankee\n\t\t\t\t<\/figcaption><\/figure><figure class='gallery-item'>\n\t\t\t<div class='gallery-icon landscape'>\n\t\t\t\t<a href='https:\/\/vhrc.fr\/wp-content\/uploads\/2019\/11\/2008-04-13_12-03-19__4381.jpg'><img loading=\"lazy\" decoding=\"async\" width=\"593\" height=\"445\" src=\"https:\/\/vhrc.fr\/wp-content\/uploads\/2019\/11\/2008-04-13_12-03-19__4381.jpg\" class=\"attachment-colormag-featured-image size-colormag-featured-image\" alt=\"\" aria-describedby=\"gallery-1-9089\" srcset=\"https:\/\/vhrc.fr\/wp-content\/uploads\/2019\/11\/2008-04-13_12-03-19__4381.jpg 1600w, https:\/\/vhrc.fr\/wp-content\/uploads\/2019\/11\/2008-04-13_12-03-19__4381-400x300.jpg 400w, https:\/\/vhrc.fr\/wp-content\/uploads\/2019\/11\/2008-04-13_12-03-19__4381-768x576.jpg 768w, https:\/\/vhrc.fr\/wp-content\/uploads\/2019\/11\/2008-04-13_12-03-19__4381-800x600.jpg 800w\" sizes=\"auto, (max-width: 593px) 100vw, 593px\" \/><\/a>\n\t\t\t<\/div>\n\t\t\t\t<figcaption class='wp-caption-text gallery-caption' id='gallery-1-9089'>\n\t\t\t\tmini yankee 1:4\n\t\t\t\t<\/figcaption><\/figure><figure class='gallery-item'>\n\t\t\t<div class='gallery-icon landscape'>\n\t\t\t\t<a href='https:\/\/vhrc.fr\/wp-content\/uploads\/2019\/11\/2008-04-13_12-04-13__4385.jpg'><img loading=\"lazy\" decoding=\"async\" width=\"593\" height=\"445\" src=\"https:\/\/vhrc.fr\/wp-content\/uploads\/2019\/11\/2008-04-13_12-04-13__4385.jpg\" class=\"attachment-colormag-featured-image size-colormag-featured-image\" alt=\"\" aria-describedby=\"gallery-1-9090\" srcset=\"https:\/\/vhrc.fr\/wp-content\/uploads\/2019\/11\/2008-04-13_12-04-13__4385.jpg 1600w, https:\/\/vhrc.fr\/wp-content\/uploads\/2019\/11\/2008-04-13_12-04-13__4385-400x300.jpg 400w, https:\/\/vhrc.fr\/wp-content\/uploads\/2019\/11\/2008-04-13_12-04-13__4385-768x576.jpg 768w, https:\/\/vhrc.fr\/wp-content\/uploads\/2019\/11\/2008-04-13_12-04-13__4385-800x600.jpg 800w\" sizes=\"auto, (max-width: 593px) 100vw, 593px\" \/><\/a>\n\t\t\t<\/div>\n\t\t\t\t<figcaption class='wp-caption-text gallery-caption' id='gallery-1-9090'>\n\t\t\t\tporsche 930 yankee 1:4\n\t\t\t\t<\/figcaption><\/figure><figure class='gallery-item'>\n\t\t\t<div class='gallery-icon landscape'>\n\t\t\t\t<a href='https:\/\/vhrc.fr\/wp-content\/uploads\/2019\/11\/2008-04-13_14-45-46__4471.jpg'><img loading=\"lazy\" decoding=\"async\" width=\"593\" height=\"445\" src=\"https:\/\/vhrc.fr\/wp-content\/uploads\/2019\/11\/2008-04-13_14-45-46__4471.jpg\" class=\"attachment-colormag-featured-image size-colormag-featured-image\" alt=\"\" aria-describedby=\"gallery-1-9091\" srcset=\"https:\/\/vhrc.fr\/wp-content\/uploads\/2019\/11\/2008-04-13_14-45-46__4471.jpg 1600w, https:\/\/vhrc.fr\/wp-content\/uploads\/2019\/11\/2008-04-13_14-45-46__4471-400x300.jpg 400w, https:\/\/vhrc.fr\/wp-content\/uploads\/2019\/11\/2008-04-13_14-45-46__4471-768x576.jpg 768w, https:\/\/vhrc.fr\/wp-content\/uploads\/2019\/11\/2008-04-13_14-45-46__4471-800x600.jpg 800w\" sizes=\"auto, (max-width: 593px) 100vw, 593px\" \/><\/a>\n\t\t\t<\/div>\n\t\t\t\t<figcaption class='wp-caption-text gallery-caption' id='gallery-1-9091'>\n\t\t\t\tporsche 930 yankee 1:4 vs bmw m3 gtr e36 yankee\n\t\t\t\t<\/figcaption><\/figure><figure class='gallery-item'>\n\t\t\t<div class='gallery-icon landscape'>\n\t\t\t\t<a href='https:\/\/vhrc.fr\/wp-content\/uploads\/2019\/11\/2008-04-13_14-45-52__4472.jpg'><img loading=\"lazy\" decoding=\"async\" width=\"593\" height=\"445\" src=\"https:\/\/vhrc.fr\/wp-content\/uploads\/2019\/11\/2008-04-13_14-45-52__4472.jpg\" class=\"attachment-colormag-featured-image size-colormag-featured-image\" alt=\"\" aria-describedby=\"gallery-1-9092\" srcset=\"https:\/\/vhrc.fr\/wp-content\/uploads\/2019\/11\/2008-04-13_14-45-52__4472.jpg 1600w, https:\/\/vhrc.fr\/wp-content\/uploads\/2019\/11\/2008-04-13_14-45-52__4472-400x300.jpg 400w, https:\/\/vhrc.fr\/wp-content\/uploads\/2019\/11\/2008-04-13_14-45-52__4472-768x576.jpg 768w, https:\/\/vhrc.fr\/wp-content\/uploads\/2019\/11\/2008-04-13_14-45-52__4472-800x600.jpg 800w\" sizes=\"auto, (max-width: 593px) 100vw, 593px\" \/><\/a>\n\t\t\t<\/div>\n\t\t\t\t<figcaption class='wp-caption-text gallery-caption' id='gallery-1-9092'>\n\t\t\t\tbelle porsche 930 yankee 1:4 carrosserie\n\t\t\t\t<\/figcaption><\/figure><figure class='gallery-item'>\n\t\t\t<div class='gallery-icon landscape'>\n\t\t\t\t<a href='https:\/\/vhrc.fr\/wp-content\/uploads\/2019\/11\/2008-04-13_07-00-00__panoramamatinweb.jpg'><img loading=\"lazy\" decoding=\"async\" width=\"800\" height=\"268\" src=\"https:\/\/vhrc.fr\/wp-content\/uploads\/2019\/11\/2008-04-13_07-00-00__panoramamatinweb.jpg\" class=\"attachment-colormag-featured-image size-colormag-featured-image\" alt=\"\" aria-describedby=\"gallery-1-9093\" srcset=\"https:\/\/vhrc.fr\/wp-content\/uploads\/2019\/11\/2008-04-13_07-00-00__panoramamatinweb.jpg 1600w, https:\/\/vhrc.fr\/wp-content\/uploads\/2019\/11\/2008-04-13_07-00-00__panoramamatinweb-400x134.jpg 400w, https:\/\/vhrc.fr\/wp-content\/uploads\/2019\/11\/2008-04-13_07-00-00__panoramamatinweb-768x257.jpg 768w, https:\/\/vhrc.fr\/wp-content\/uploads\/2019\/11\/2008-04-13_07-00-00__panoramamatinweb-800x268.jpg 800w\" sizes=\"auto, (max-width: 800px) 100vw, 800px\" \/><\/a>\n\t\t\t<\/div>\n\t\t\t\t<figcaption class='wp-caption-text gallery-caption' id='gallery-1-9093'>\n\t\t\t\tcircuit orange pmo 2008\n\t\t\t\t<\/figcaption><\/figure>\n\t\t<\/div>\n\n","protected":false},"excerpt":{"rendered":"<p>le VHR vient rouler sur la plus grande piste de France pendant la premi\u00e8re course du club \u00ab\u00a0nouvelle version\u00a0\u00bb! 208<\/p>","protected":false},"author":5,"featured_media":1649,"parent":841,"menu_order":0,"comment_status":"open","ping_status":"open","template":"","meta":{"colormag_page_container_layout":"default_layout","colormag_page_sidebar_layout":"default_layout","footnotes":""},"class_list":["post-839","page","type-page","status-publish","has-post-thumbnail","hentry"],"_links":{"self":[{"href":"https:\/\/vhrc.fr\/en\/wp-json\/wp\/v2\/pages\/839","targetHints":{"allow":["GET"]}}],"collection":[{"href":"https:\/\/vhrc.fr\/en\/wp-json\/wp\/v2\/pages"}],"about":[{"href":"https:\/\/vhrc.fr\/en\/wp-json\/wp\/v2\/types\/page"}],"author":[{"embeddable":true,"href":"https:\/\/vhrc.fr\/en\/wp-json\/wp\/v2\/users\/5"}],"replies":[{"embeddable":true,"href":"https:\/\/vhrc.fr\/en\/wp-json\/wp\/v2\/comments?post=839"}],"version-history":[{"count":15,"href":"https:\/\/vhrc.fr\/en\/wp-json\/wp\/v2\/pages\/839\/revisions"}],"predecessor-version":[{"id":9095,"href":"https:\/\/vhrc.fr\/en\/wp-json\/wp\/v2\/pages\/839\/revisions\/9095"}],"up":[{"embeddable":true,"href":"https:\/\/vhrc.fr\/en\/wp-json\/wp\/v2\/pages\/841"}],"wp:featuredmedia":[{"embeddable":true,"href":"https:\/\/vhrc.fr\/en\/wp-json\/wp\/v2\/media\/1649"}],"wp:attachment":[{"href":"https:\/\/vhrc.fr\/en\/wp-json\/wp\/v2\/media?parent=839"}],"curies":[{"name":"wp","href":"https:\/\/api.w.org\/{rel}","templated":true}]}}