{"id":841,"date":"2010-05-17T14:52:34","date_gmt":"2010-05-17T13:52:34","guid":{"rendered":"http:\/\/vhrc.fr\/?page_id=841"},"modified":"2019-11-11T14:32:49","modified_gmt":"2019-11-11T13:32:49","slug":"2008vhr","status":"publish","type":"page","link":"https:\/\/vhrc.fr\/en\/historique\/vhrc-lhistorique\/2008vhr\/","title":{"rendered":"2008 VHR"},"content":{"rendered":"<p>saison du challenge 1:4<\/p>\n<h1>Courses<\/h1>\n<div class=\"pt-cv-wrapper\"><div class=\"pt-cv-view pt-cv-grid pt-cv-colsys\" id=\"pt-cv-view-48ddbedmis\"><div data-id=\"pt-cv-page-1\" class=\"pt-cv-page\" data-cvc=\"2\"><div class=\"col-md-6 col-sm-6 col-xs-12 pt-cv-content-item pt-cv-1-col\" ><div class='pt-cv-ifield'><a href=\"https:\/\/vhrc.fr\/en\/historique\/vhrc-lhistorique\/2008vhr\/2008-vhr-orange\/\" class=\"_self pt-cv-href-thumbnail pt-cv-thumb-default\" target=\"_self\" ><img loading=\"lazy\" decoding=\"async\" width=\"400\" height=\"300\" src=\"https:\/\/vhrc.fr\/wp-content\/uploads\/2010\/05\/vhr2008Photo-de-famille-De-gauche-\u00e0-droite-Luc-Alessandro-Fr\u00e9d\u00e9ric-Bernard-Brice-G\u00e9rard-et-Patrick.-500x375.jpg\" class=\"pt-cv-thumbnail\" alt=\"\" srcset=\"https:\/\/vhrc.fr\/wp-content\/uploads\/2010\/05\/vhr2008Photo-de-famille-De-gauche-\u00e0-droite-Luc-Alessandro-Fr\u00e9d\u00e9ric-Bernard-Brice-G\u00e9rard-et-Patrick.-500x375.jpg 500w, https:\/\/vhrc.fr\/wp-content\/uploads\/2010\/05\/vhr2008Photo-de-famille-De-gauche-\u00e0-droite-Luc-Alessandro-Fr\u00e9d\u00e9ric-Bernard-Brice-G\u00e9rard-et-Patrick..jpg 800w\" sizes=\"auto, (max-width: 400px) 100vw, 400px\" \/><\/a>\n<h4 class=\"pt-cv-title\"><a href=\"https:\/\/vhrc.fr\/en\/historique\/vhrc-lhistorique\/2008vhr\/2008-vhr-orange\/\" class=\"_self\" target=\"_self\" >2008 VHR M1 Orange<\/a><\/h4>\n<div class=\"pt-cv-content\">le VHR vient rouler sur la plus grande piste de France pendant la premi\u00e8re course du club \"nouvelle version\"! 208 ...<br \/><div class=\"pt-cv-rmwrap\"><a href=\"https:\/\/vhrc.fr\/en\/historique\/vhrc-lhistorique\/2008vhr\/2008-vhr-orange\/\" class=\"_self pt-cv-readmore btn btn-success\" target=\"_self\">Lire La Suite\u2026<\/a><\/div><\/div><\/div><\/div>\n<div class=\"col-md-6 col-sm-6 col-xs-12 pt-cv-content-item pt-cv-1-col\" ><div class='pt-cv-ifield'><a href=\"https:\/\/vhrc.fr\/en\/historique\/vhrc-lhistorique\/2008vhr\/2008-beaumont-monteux\/\" class=\"_self pt-cv-href-thumbnail pt-cv-thumb-default\" target=\"_self\" ><img loading=\"lazy\" decoding=\"async\" width=\"400\" height=\"266\" src=\"https:\/\/vhrc.fr\/wp-content\/uploads\/2010\/07\/bm2008-04-500x332.jpg\" class=\"pt-cv-thumbnail\" alt=\"\" srcset=\"https:\/\/vhrc.fr\/wp-content\/uploads\/2010\/07\/bm2008-04-500x332.jpg 500w, https:\/\/vhrc.fr\/wp-content\/uploads\/2010\/07\/bm2008-04-800x531.jpg 800w, https:\/\/vhrc.fr\/wp-content\/uploads\/2010\/07\/bm2008-04.jpg 900w\" sizes=\"auto, (max-width: 400px) 100vw, 400px\" \/><\/a>\n<h4 class=\"pt-cv-title\"><a href=\"https:\/\/vhrc.fr\/en\/historique\/vhrc-lhistorique\/2008vhr\/2008-beaumont-monteux\/\" class=\"_self\" target=\"_self\" >2008 VHR M2 Beaumont Monteux<\/a><\/h4>\n<div class=\"pt-cv-content\">11 mai 2008 Yankee Shop Challenge article et photos de Patrick de Comptetours.com Arriv\u00e9e samedi apr\u00e8s midi, d\u00e9j\u00e0 pas mal ...<br \/><div class=\"pt-cv-rmwrap\"><a href=\"https:\/\/vhrc.fr\/en\/historique\/vhrc-lhistorique\/2008vhr\/2008-beaumont-monteux\/\" class=\"_self pt-cv-readmore btn btn-success\" target=\"_self\">Lire La Suite\u2026<\/a><\/div><\/div><\/div><\/div>\n<div class=\"col-md-6 col-sm-6 col-xs-12 pt-cv-content-item pt-cv-1-col\" ><div class='pt-cv-ifield'><a href=\"https:\/\/vhrc.fr\/en\/historique\/vhrc-lhistorique\/2008vhr\/2008-19e-grand-prix-de-villeneuve-les-avignon\/\" class=\"_self pt-cv-href-thumbnail pt-cv-thumb-default\" target=\"_self\" ><img loading=\"lazy\" decoding=\"async\" width=\"400\" height=\"266\" src=\"https:\/\/vhrc.fr\/wp-content\/uploads\/2010\/05\/gpvilleneuve2008intro800-500x333.jpg\" class=\"pt-cv-thumbnail\" alt=\"\" srcset=\"https:\/\/vhrc.fr\/wp-content\/uploads\/2010\/05\/gpvilleneuve2008intro800-500x333.jpg 500w, https:\/\/vhrc.fr\/wp-content\/uploads\/2010\/05\/gpvilleneuve2008intro800.jpg 800w\" sizes=\"auto, (max-width: 400px) 100vw, 400px\" \/><\/a>\n<h4 class=\"pt-cv-title\"><a href=\"https:\/\/vhrc.fr\/en\/historique\/vhrc-lhistorique\/2008vhr\/2008-19e-grand-prix-de-villeneuve-les-avignon\/\" class=\"_self\" target=\"_self\" >2008 VHR M3 Villeneuve GP<\/a><\/h4>\n<div class=\"pt-cv-content\">mod\u00e9lisme Grand Prix Villeneuve 2008 envoy\u00e9 par eightman Photos [foldergallery folder=\"wp-content\/gallery\/2008-gp-villeneuve\" title=\"galerie photo\"] [nggallery id=40] https:\/\/goo.gl\/photos\/TcagVpGEX9MsTAaKA ...<br \/><div class=\"pt-cv-rmwrap\"><a href=\"https:\/\/vhrc.fr\/en\/historique\/vhrc-lhistorique\/2008vhr\/2008-19e-grand-prix-de-villeneuve-les-avignon\/\" class=\"_self pt-cv-readmore btn btn-success\" target=\"_self\">Lire La Suite\u2026<\/a><\/div><\/div><\/div><\/div>\n<div class=\"col-md-6 col-sm-6 col-xs-12 pt-cv-content-item pt-cv-1-col\" ><div class='pt-cv-ifield'><a href=\"https:\/\/vhrc.fr\/en\/historique\/vhrc-lhistorique\/2008vhr\/2008-montpellier\/\" class=\"_self pt-cv-href-thumbnail pt-cv-thumb-default\" target=\"_self\" ><img loading=\"lazy\" decoding=\"async\" width=\"400\" height=\"300\" src=\"https:\/\/vhrc.fr\/wp-content\/uploads\/2010\/07\/2008-mpl.jpg\" class=\"pt-cv-thumbnail\" alt=\"\" \/><\/a>\n<h4 class=\"pt-cv-title\"><a href=\"https:\/\/vhrc.fr\/en\/historique\/vhrc-lhistorique\/2008vhr\/2008-montpellier\/\" class=\"_self\" target=\"_self\" >2008 VHR M4 Montpellier<\/a><\/h4>\n<div class=\"pt-cv-content\">Article et photos du site Comptetours.com de notre ami et pilote suisse Patrick Nous nous somme retrouv\u00e9 \u00e0 Montpellier, au ...<br \/><div class=\"pt-cv-rmwrap\"><a href=\"https:\/\/vhrc.fr\/en\/historique\/vhrc-lhistorique\/2008vhr\/2008-montpellier\/\" class=\"_self pt-cv-readmore btn btn-success\" target=\"_self\">Lire La Suite\u2026<\/a><\/div><\/div><\/div><\/div>\n<div class=\"col-md-6 col-sm-6 col-xs-12 pt-cv-content-item pt-cv-1-col\" ><div class='pt-cv-ifield'><a href=\"https:\/\/vhrc.fr\/en\/historique\/vhrc-lhistorique\/2008vhr\/2008-m5-besancon\/\" class=\"_self pt-cv-href-thumbnail pt-cv-thumb-default\" target=\"_self\" ><img loading=\"lazy\" decoding=\"async\" width=\"400\" height=\"268\" src=\"https:\/\/vhrc.fr\/wp-content\/uploads\/2011\/05\/2008-m5-besan\u00e7on-4-500x335.jpg\" class=\"pt-cv-thumbnail\" alt=\"\" srcset=\"https:\/\/vhrc.fr\/wp-content\/uploads\/2011\/05\/2008-m5-besan\u00e7on-4-500x335.jpg 500w, https:\/\/vhrc.fr\/wp-content\/uploads\/2011\/05\/2008-m5-besan\u00e7on-4.jpg 800w\" sizes=\"auto, (max-width: 400px) 100vw, 400px\" \/><\/a>\n<h4 class=\"pt-cv-title\"><a href=\"https:\/\/vhrc.fr\/en\/historique\/vhrc-lhistorique\/2008vhr\/2008-m5-besancon\/\" class=\"_self\" target=\"_self\" >2008 VHR M5 Besan\u00e7on<\/a><\/h4>\n<div class=\"pt-cv-content\">18 Octobre 2008 derni\u00e8re manche du 2CM-Y-C et de la saison 1:4 Le lieu qui nous accueille C.A.R Besan\u00e7on Club ...<br \/><div class=\"pt-cv-rmwrap\"><a href=\"https:\/\/vhrc.fr\/en\/historique\/vhrc-lhistorique\/2008vhr\/2008-m5-besancon\/\" class=\"_self pt-cv-readmore btn btn-success\" target=\"_self\">Lire La Suite\u2026<\/a><\/div><\/div><\/div><\/div><\/div><\/div><\/div>\n<h1>sauv<\/h1>\n<ul>\n<li>\n<h3><a title=\"2008 VHR Orange\" href=\"http:\/\/vhrc.fr\/historique\/vhrc-lhistorique\/2008-vhr-orange\/\">Orange 12 Avril 2008<\/a> 208 photos<\/h3>\n<h3><a title=\"2008 VHR Orange\" href=\"http:\/\/vhrc.fr\/historique\/vhrc-lhistorique\/2008-vhr\/2008-vhr-orange\/\"><img loading=\"lazy\" decoding=\"async\" class=\"alignnone\" title=\"vhr 2008 \u00e0 Orange\" src=\"http:\/\/lh5.ggpht.com\/__nHIrOhwuCw\/SAPE0OHdyCI\/AAAAAAAABjs\/9qf1fXkRZn0\/s800\/2008-04-13_12-19-05__4422.jpg\" alt=\"\" width=\"402\" height=\"301\" \/><\/a><\/h3>\n<\/li>\n<li>\n<h3>Villeneuve les Avignon 8 juin 2008 &#8211; <a title=\"2008 19e Grand Prix de Villeneuve les Avignon\" href=\"http:\/\/vhrc.fr\/historique\/vhrc-lhistorique\/2008-vhr\/2008-19e-grand-prix-de-villeneuve-les-avignon\/\">19e Grand Prix<br \/>\n<img loading=\"lazy\" decoding=\"async\" class=\"alignnone size-full wp-image-855\" title=\"gpvilleneuve2008intro800\" src=\"http:\/\/vhrc.fr\/wp-content\/uploads\/2010\/05\/gpvilleneuve2008intro800.jpg\" alt=\"gpvilleneuve2008intro800\" width=\"400\" height=\"267\" srcset=\"https:\/\/vhrc.fr\/wp-content\/uploads\/2010\/05\/gpvilleneuve2008intro800.jpg 800w, https:\/\/vhrc.fr\/wp-content\/uploads\/2010\/05\/gpvilleneuve2008intro800-500x333.jpg 500w\" sizes=\"auto, (max-width: 400px) 100vw, 400px\" \/><\/a><\/h3>\n<\/li>\n<li>\n<h3><a title=\"2008 Montpellier\" href=\"http:\/\/vhrc.fr\/historique\/vhrc-lhistorique\/2008-vhr\/2008-montpellier\/\">Montpellier 2008<\/a><\/h3>\n<h3><a title=\"2008 Montpellier\" href=\"http:\/\/vhrc.fr\/historique\/vhrc-lhistorique\/2008-vhr\/2008-montpellier\/\"><img loading=\"lazy\" decoding=\"async\" class=\"alignnone size-full wp-image-1077\" title=\"db_divers_0747\" src=\"http:\/\/vhrc.fr\/wp-content\/uploads\/2010\/05\/db_divers_0747.jpg\" alt=\"\" width=\"400\" height=\"301\" \/><\/a><\/h3>\n<\/li>\n<li>\n<h3><a title=\"2008 Beaumont Monteux\" href=\"http:\/\/vhrc.fr\/historique\/vhrc-lhistorique\/2008-vhr\/2008-beaumont-monteux\/\">Beaumont Monteux Yankee Shop Challenge<\/a><\/h3>\n<h3><a title=\"2008 Beaumont Monteux\" href=\"http:\/\/vhrc.fr\/historique\/vhrc-lhistorique\/2008-vhr\/2008-beaumont-monteux\/\"><img loading=\"lazy\" decoding=\"async\" class=\"alignnone size-full wp-image-1078\" title=\"db_divers_219\" src=\"http:\/\/vhrc.fr\/wp-content\/uploads\/2010\/05\/db_divers_219.jpg\" alt=\"\" width=\"396\" height=\"295\" \/><\/a><\/h3>\n<\/li>\n<\/ul>\n","protected":false},"excerpt":{"rendered":"<p>saison du challenge 1:4 Courses sauv Orange 12 Avril 2008 208 photos Villeneuve les Avignon 8 juin 2008 &#8211; 19e<\/p>","protected":false},"author":5,"featured_media":1077,"parent":686,"menu_order":0,"comment_status":"open","ping_status":"open","template":"","meta":{"colormag_page_container_layout":"default_layout","colormag_page_sidebar_layout":"default_layout","footnotes":""},"class_list":["post-841","page","type-page","status-publish","has-post-thumbnail","hentry"],"_links":{"self":[{"href":"https:\/\/vhrc.fr\/en\/wp-json\/wp\/v2\/pages\/841","targetHints":{"allow":["GET"]}}],"collection":[{"href":"https:\/\/vhrc.fr\/en\/wp-json\/wp\/v2\/pages"}],"about":[{"href":"https:\/\/vhrc.fr\/en\/wp-json\/wp\/v2\/types\/page"}],"author":[{"embeddable":true,"href":"https:\/\/vhrc.fr\/en\/wp-json\/wp\/v2\/users\/5"}],"replies":[{"embeddable":true,"href":"https:\/\/vhrc.fr\/en\/wp-json\/wp\/v2\/comments?post=841"}],"version-history":[{"count":10,"href":"https:\/\/vhrc.fr\/en\/wp-json\/wp\/v2\/pages\/841\/revisions"}],"predecessor-version":[{"id":9079,"href":"https:\/\/vhrc.fr\/en\/wp-json\/wp\/v2\/pages\/841\/revisions\/9079"}],"up":[{"embeddable":true,"href":"https:\/\/vhrc.fr\/en\/wp-json\/wp\/v2\/pages\/686"}],"wp:featuredmedia":[{"embeddable":true,"href":"https:\/\/vhrc.fr\/en\/wp-json\/wp\/v2\/media\/1077"}],"wp:attachment":[{"href":"https:\/\/vhrc.fr\/en\/wp-json\/wp\/v2\/media?parent=841"}],"curies":[{"name":"wp","href":"https:\/\/api.w.org\/{rel}","templated":true}]}}