{"id":8426,"date":"2018-04-12T13:14:54","date_gmt":"2018-04-12T12:14:54","guid":{"rendered":"http:\/\/vhrc.fr\/?page_id=8426"},"modified":"2025-07-08T09:23:36","modified_gmt":"2025-07-08T08:23:36","slug":"rasso-yankee-3","status":"publish","type":"page","link":"https:\/\/vhrc.fr\/en\/expos\/rasso-marmousets\/rasso-yankee-3\/","title":{"rendered":"Rasso Yankee #3 2017"},"content":{"rendered":"<h1>Rasso Yankee #3<\/h1>\n<p>Les pilotes se sont r\u00e9unis pour la cinqui\u00e8me manche du VHRC 2017 sur le complexe des Marmousets, club RC VCC Jean<br \/>\nMOY, proche de Paris. Un tr\u00e8s beau soleil, une temp\u00e9rature d\u00e9passant les 30 degr\u00e9s, et un magnifique complexe, parfait<br \/>\npour accueillir les pilotes.<\/p>\n<h1><a href=\"http:\/\/vhrc.fr\/wp-content\/uploads\/2017\/02\/3e-rasso-yankee.jpg\"><img loading=\"lazy\" decoding=\"async\" class=\"alignnone wp-image-7629\" src=\"http:\/\/vhrc.fr\/wp-content\/uploads\/2017\/02\/3e-rasso-yankee-568x800.jpg\" alt=\"\" width=\"195\" height=\"275\" srcset=\"https:\/\/vhrc.fr\/wp-content\/uploads\/2017\/02\/3e-rasso-yankee-568x800.jpg 568w, https:\/\/vhrc.fr\/wp-content\/uploads\/2017\/02\/3e-rasso-yankee-355x500.jpg 355w, https:\/\/vhrc.fr\/wp-content\/uploads\/2017\/02\/3e-rasso-yankee.jpg 616w\" sizes=\"auto, (max-width: 195px) 100vw, 195px\" \/><\/a><\/h1>\n<h1>R\u00e9sum\u00e9<\/h1>\n<p><!--more--><\/p>\n<p>&nbsp;<\/p>\n<figure id=\"attachment_7981\" aria-describedby=\"caption-attachment-7981\" style=\"width: 640px\" class=\"wp-caption alignnone\"><a href=\"http:\/\/vhrc.fr\/wp-content\/uploads\/2017\/05\/vhrc-20170528-01.jpg\"><img loading=\"lazy\" decoding=\"async\" class=\"size-large wp-image-7981\" src=\"http:\/\/vhrc.fr\/wp-content\/uploads\/2017\/05\/vhrc-20170528-01-800x450.jpg\" alt=\"\" width=\"640\" height=\"360\" srcset=\"https:\/\/vhrc.fr\/wp-content\/uploads\/2017\/05\/vhrc-20170528-01-800x450.jpg 800w, https:\/\/vhrc.fr\/wp-content\/uploads\/2017\/05\/vhrc-20170528-01-500x281.jpg 500w, https:\/\/vhrc.fr\/wp-content\/uploads\/2017\/05\/vhrc-20170528-01-768x432.jpg 768w, https:\/\/vhrc.fr\/wp-content\/uploads\/2017\/05\/vhrc-20170528-01.jpg 1280w\" sizes=\"auto, (max-width: 640px) 100vw, 640px\" \/><\/a><figcaption id=\"caption-attachment-7981\" class=\"wp-caption-text\">grille f1 1:4<\/figcaption><\/figure>\n<figure id=\"attachment_7982\" aria-describedby=\"caption-attachment-7982\" style=\"width: 640px\" class=\"wp-caption alignnone\"><a href=\"http:\/\/vhrc.fr\/wp-content\/uploads\/2017\/05\/vhrc-20170528-02.jpg\"><img loading=\"lazy\" decoding=\"async\" class=\"size-large wp-image-7982\" src=\"http:\/\/vhrc.fr\/wp-content\/uploads\/2017\/05\/vhrc-20170528-02-800x450.jpg\" alt=\"\" width=\"640\" height=\"360\" srcset=\"https:\/\/vhrc.fr\/wp-content\/uploads\/2017\/05\/vhrc-20170528-02-800x450.jpg 800w, https:\/\/vhrc.fr\/wp-content\/uploads\/2017\/05\/vhrc-20170528-02-500x281.jpg 500w, https:\/\/vhrc.fr\/wp-content\/uploads\/2017\/05\/vhrc-20170528-02-768x432.jpg 768w, https:\/\/vhrc.fr\/wp-content\/uploads\/2017\/05\/vhrc-20170528-02.jpg 1280w\" sizes=\"auto, (max-width: 640px) 100vw, 640px\" \/><\/a><figcaption id=\"caption-attachment-7982\" class=\"wp-caption-text\">complexe marmouset<\/figcaption><\/figure>\n<figure id=\"attachment_7983\" aria-describedby=\"caption-attachment-7983\" style=\"width: 640px\" class=\"wp-caption alignnone\"><a href=\"http:\/\/vhrc.fr\/wp-content\/uploads\/2017\/05\/vhrc-20170528-03.jpg\"><img loading=\"lazy\" decoding=\"async\" class=\"size-large wp-image-7983\" src=\"http:\/\/vhrc.fr\/wp-content\/uploads\/2017\/05\/vhrc-20170528-03-800x450.jpg\" alt=\"\" width=\"640\" height=\"360\" srcset=\"https:\/\/vhrc.fr\/wp-content\/uploads\/2017\/05\/vhrc-20170528-03-800x450.jpg 800w, https:\/\/vhrc.fr\/wp-content\/uploads\/2017\/05\/vhrc-20170528-03-500x281.jpg 500w, https:\/\/vhrc.fr\/wp-content\/uploads\/2017\/05\/vhrc-20170528-03-768x432.jpg 768w, https:\/\/vhrc.fr\/wp-content\/uploads\/2017\/05\/vhrc-20170528-03.jpg 1280w\" sizes=\"auto, (max-width: 640px) 100vw, 640px\" \/><\/a><figcaption id=\"caption-attachment-7983\" class=\"wp-caption-text\">yankee gamme USA<\/figcaption><\/figure>\n<p>Cette manche du VHRC se d\u00e9roule pendant le grand rassemblement annuel de la marque Yankee ! Un espace d\u00e9di\u00e9 \u00e0<br \/>\nl&rsquo;exposition a \u00e9t\u00e9 mis en place et plus de 40 mod\u00e8les y ont \u00e9t\u00e9 pr\u00e9sent\u00e9s durant le week-end ! On retrouve des mod\u00e8les<br \/>\nincontournables de la marque Yankee comme la Mercedes, la BMW, la Porsche, mais \u00e9galement les sports-proto comme<br \/>\nla 905 LM B30, la jaguar, la courage, puis une s\u00e9rie de formule 1 tr\u00e8s r\u00e9alistes. A noter la pr\u00e9sence de quatre mod\u00e8les<br \/>\nam\u00e9ricains de la marque !<\/p>\n<p><a href=\"http:\/\/vhrc.fr\/wp-content\/uploads\/2017\/02\/vhrc-20170601-01.jpg\"><img loading=\"lazy\" decoding=\"async\" class=\"alignnone size-large wp-image-7998\" src=\"http:\/\/vhrc.fr\/wp-content\/uploads\/2017\/02\/vhrc-20170601-01-450x800.jpg\" alt=\"\" width=\"450\" height=\"800\" srcset=\"https:\/\/vhrc.fr\/wp-content\/uploads\/2017\/02\/vhrc-20170601-01-450x800.jpg 450w, https:\/\/vhrc.fr\/wp-content\/uploads\/2017\/02\/vhrc-20170601-01-281x500.jpg 281w, https:\/\/vhrc.fr\/wp-content\/uploads\/2017\/02\/vhrc-20170601-01.jpg 540w\" sizes=\"auto, (max-width: 450px) 100vw, 450px\" \/><\/a><\/p>\n<p>R\u00e9mi C, Eric L, Christophe ME, Franck P, Julien V, J\u00e9r\u00f4me C, Olivier L, et Christophe MA<\/p>\n<p><a href=\"http:\/\/vhrc.fr\/wp-content\/uploads\/2017\/02\/vhrc-20170601-03.jpg\"><img loading=\"lazy\" decoding=\"async\" class=\"alignnone size-large wp-image-7996\" src=\"http:\/\/vhrc.fr\/wp-content\/uploads\/2017\/02\/vhrc-20170601-03-800x450.jpg\" alt=\"\" width=\"640\" height=\"360\" srcset=\"https:\/\/vhrc.fr\/wp-content\/uploads\/2017\/02\/vhrc-20170601-03-800x450.jpg 800w, https:\/\/vhrc.fr\/wp-content\/uploads\/2017\/02\/vhrc-20170601-03-500x281.jpg 500w, https:\/\/vhrc.fr\/wp-content\/uploads\/2017\/02\/vhrc-20170601-03-768x432.jpg 768w, https:\/\/vhrc.fr\/wp-content\/uploads\/2017\/02\/vhrc-20170601-03.jpg 1280w\" sizes=\"auto, (max-width: 640px) 100vw, 640px\" \/><\/a><\/p>\n<p>Laurent G, R\u00e9mi C, J\u00e9r\u00f4me C, Olivier M, et Caroline I.<\/p>\n<h1>photos expo<\/h1>\n<figure id=\"attachment_7984\" aria-describedby=\"caption-attachment-7984\" style=\"width: 640px\" class=\"wp-caption alignnone\"><a href=\"http:\/\/vhrc.fr\/wp-content\/uploads\/2017\/05\/vhrc-20170528-04.jpg\"><img loading=\"lazy\" decoding=\"async\" class=\"size-large wp-image-7984\" src=\"http:\/\/vhrc.fr\/wp-content\/uploads\/2017\/05\/vhrc-20170528-04-800x450.jpg\" alt=\"\" width=\"640\" height=\"360\" srcset=\"https:\/\/vhrc.fr\/wp-content\/uploads\/2017\/05\/vhrc-20170528-04-800x450.jpg 800w, https:\/\/vhrc.fr\/wp-content\/uploads\/2017\/05\/vhrc-20170528-04-500x281.jpg 500w, https:\/\/vhrc.fr\/wp-content\/uploads\/2017\/05\/vhrc-20170528-04-768x432.jpg 768w, https:\/\/vhrc.fr\/wp-content\/uploads\/2017\/05\/vhrc-20170528-04.jpg 1280w\" sizes=\"auto, (max-width: 640px) 100vw, 640px\" \/><\/a><figcaption id=\"caption-attachment-7984\" class=\"wp-caption-text\">grille d\u00e9part tourisme<\/figcaption><\/figure>\n<figure id=\"attachment_7985\" aria-describedby=\"caption-attachment-7985\" style=\"width: 640px\" class=\"wp-caption alignnone\"><a href=\"http:\/\/vhrc.fr\/wp-content\/uploads\/2017\/05\/vhrc-20170528-05.jpg\"><img loading=\"lazy\" decoding=\"async\" class=\"size-large wp-image-7985\" src=\"http:\/\/vhrc.fr\/wp-content\/uploads\/2017\/05\/vhrc-20170528-05-800x450.jpg\" alt=\"\" width=\"640\" height=\"360\" srcset=\"https:\/\/vhrc.fr\/wp-content\/uploads\/2017\/05\/vhrc-20170528-05-800x450.jpg 800w, https:\/\/vhrc.fr\/wp-content\/uploads\/2017\/05\/vhrc-20170528-05-500x281.jpg 500w, https:\/\/vhrc.fr\/wp-content\/uploads\/2017\/05\/vhrc-20170528-05-768x432.jpg 768w, https:\/\/vhrc.fr\/wp-content\/uploads\/2017\/05\/vhrc-20170528-05.jpg 1280w\" sizes=\"auto, (max-width: 640px) 100vw, 640px\" \/><\/a><figcaption id=\"caption-attachment-7985\" class=\"wp-caption-text\">expo yankee<\/figcaption><\/figure>\n<figure id=\"attachment_7986\" aria-describedby=\"caption-attachment-7986\" style=\"width: 640px\" class=\"wp-caption alignnone\"><a href=\"http:\/\/vhrc.fr\/wp-content\/uploads\/2017\/05\/vhrc-20170528-06.jpg\"><img loading=\"lazy\" decoding=\"async\" class=\"size-large wp-image-7986\" src=\"http:\/\/vhrc.fr\/wp-content\/uploads\/2017\/05\/vhrc-20170528-06-800x450.jpg\" alt=\"\" width=\"640\" height=\"360\" srcset=\"https:\/\/vhrc.fr\/wp-content\/uploads\/2017\/05\/vhrc-20170528-06-800x450.jpg 800w, https:\/\/vhrc.fr\/wp-content\/uploads\/2017\/05\/vhrc-20170528-06-500x281.jpg 500w, https:\/\/vhrc.fr\/wp-content\/uploads\/2017\/05\/vhrc-20170528-06-768x432.jpg 768w, https:\/\/vhrc.fr\/wp-content\/uploads\/2017\/05\/vhrc-20170528-06.jpg 1280w\" sizes=\"auto, (max-width: 640px) 100vw, 640px\" \/><\/a><figcaption id=\"caption-attachment-7986\" class=\"wp-caption-text\">sports proto<\/figcaption><\/figure>\n<figure id=\"attachment_7987\" aria-describedby=\"caption-attachment-7987\" style=\"width: 640px\" class=\"wp-caption alignnone\"><a href=\"http:\/\/vhrc.fr\/wp-content\/uploads\/2017\/05\/vhrc-20170528-07.jpg\"><img loading=\"lazy\" decoding=\"async\" class=\"size-large wp-image-7987\" src=\"http:\/\/vhrc.fr\/wp-content\/uploads\/2017\/05\/vhrc-20170528-07-800x450.jpg\" alt=\"\" width=\"640\" height=\"360\" srcset=\"https:\/\/vhrc.fr\/wp-content\/uploads\/2017\/05\/vhrc-20170528-07-800x450.jpg 800w, https:\/\/vhrc.fr\/wp-content\/uploads\/2017\/05\/vhrc-20170528-07-500x281.jpg 500w, https:\/\/vhrc.fr\/wp-content\/uploads\/2017\/05\/vhrc-20170528-07-768x432.jpg 768w, https:\/\/vhrc.fr\/wp-content\/uploads\/2017\/05\/vhrc-20170528-07.jpg 1280w\" sizes=\"auto, (max-width: 640px) 100vw, 640px\" \/><\/a><figcaption id=\"caption-attachment-7987\" class=\"wp-caption-text\">porsche 930 yankee<\/figcaption><\/figure>\n<figure id=\"attachment_7988\" aria-describedby=\"caption-attachment-7988\" style=\"width: 640px\" class=\"wp-caption alignnone\"><a href=\"http:\/\/vhrc.fr\/wp-content\/uploads\/2017\/05\/vhrc-20170528-08.jpg\"><img loading=\"lazy\" decoding=\"async\" class=\"size-large wp-image-7988\" src=\"http:\/\/vhrc.fr\/wp-content\/uploads\/2017\/05\/vhrc-20170528-08-800x450.jpg\" alt=\"\" width=\"640\" height=\"360\" srcset=\"https:\/\/vhrc.fr\/wp-content\/uploads\/2017\/05\/vhrc-20170528-08-800x450.jpg 800w, https:\/\/vhrc.fr\/wp-content\/uploads\/2017\/05\/vhrc-20170528-08-500x281.jpg 500w, https:\/\/vhrc.fr\/wp-content\/uploads\/2017\/05\/vhrc-20170528-08-768x432.jpg 768w, https:\/\/vhrc.fr\/wp-content\/uploads\/2017\/05\/vhrc-20170528-08.jpg 1280w\" sizes=\"auto, (max-width: 640px) 100vw, 640px\" \/><\/a><figcaption id=\"caption-attachment-7988\" class=\"wp-caption-text\">grille sport proto<\/figcaption><\/figure>\n<figure id=\"attachment_7989\" aria-describedby=\"caption-attachment-7989\" style=\"width: 640px\" class=\"wp-caption alignnone\"><a href=\"http:\/\/vhrc.fr\/wp-content\/uploads\/2017\/05\/vhrc-20170528-09.jpg\"><img loading=\"lazy\" decoding=\"async\" class=\"size-large wp-image-7989\" src=\"http:\/\/vhrc.fr\/wp-content\/uploads\/2017\/05\/vhrc-20170528-09-800x450.jpg\" alt=\"\" width=\"640\" height=\"360\" srcset=\"https:\/\/vhrc.fr\/wp-content\/uploads\/2017\/05\/vhrc-20170528-09-800x450.jpg 800w, https:\/\/vhrc.fr\/wp-content\/uploads\/2017\/05\/vhrc-20170528-09-500x281.jpg 500w, https:\/\/vhrc.fr\/wp-content\/uploads\/2017\/05\/vhrc-20170528-09-768x432.jpg 768w, https:\/\/vhrc.fr\/wp-content\/uploads\/2017\/05\/vhrc-20170528-09.jpg 1280w\" sizes=\"auto, (max-width: 640px) 100vw, 640px\" \/><\/a><figcaption id=\"caption-attachment-7989\" class=\"wp-caption-text\">sports proto<\/figcaption><\/figure>\n<figure id=\"attachment_7990\" aria-describedby=\"caption-attachment-7990\" style=\"width: 640px\" class=\"wp-caption alignnone\"><a href=\"http:\/\/vhrc.fr\/wp-content\/uploads\/2017\/05\/vhrc-20170528-10.jpg\"><img loading=\"lazy\" decoding=\"async\" class=\"size-large wp-image-7990\" src=\"http:\/\/vhrc.fr\/wp-content\/uploads\/2017\/05\/vhrc-20170528-10-800x450.jpg\" alt=\"\" width=\"640\" height=\"360\" srcset=\"https:\/\/vhrc.fr\/wp-content\/uploads\/2017\/05\/vhrc-20170528-10-800x450.jpg 800w, https:\/\/vhrc.fr\/wp-content\/uploads\/2017\/05\/vhrc-20170528-10-500x281.jpg 500w, https:\/\/vhrc.fr\/wp-content\/uploads\/2017\/05\/vhrc-20170528-10-768x432.jpg 768w, https:\/\/vhrc.fr\/wp-content\/uploads\/2017\/05\/vhrc-20170528-10.jpg 1280w\" sizes=\"auto, (max-width: 640px) 100vw, 640px\" \/><\/a><figcaption id=\"caption-attachment-7990\" class=\"wp-caption-text\">expo yankee<\/figcaption><\/figure>\n<figure id=\"attachment_7991\" aria-describedby=\"caption-attachment-7991\" style=\"width: 640px\" class=\"wp-caption alignnone\"><a href=\"http:\/\/vhrc.fr\/wp-content\/uploads\/2017\/05\/vhrc-20170528-11.jpg\"><img loading=\"lazy\" decoding=\"async\" class=\"size-large wp-image-7991\" src=\"http:\/\/vhrc.fr\/wp-content\/uploads\/2017\/05\/vhrc-20170528-11-800x450.jpg\" alt=\"\" width=\"640\" height=\"360\" srcset=\"https:\/\/vhrc.fr\/wp-content\/uploads\/2017\/05\/vhrc-20170528-11-800x450.jpg 800w, https:\/\/vhrc.fr\/wp-content\/uploads\/2017\/05\/vhrc-20170528-11-500x281.jpg 500w, https:\/\/vhrc.fr\/wp-content\/uploads\/2017\/05\/vhrc-20170528-11-768x432.jpg 768w, https:\/\/vhrc.fr\/wp-content\/uploads\/2017\/05\/vhrc-20170528-11.jpg 1280w\" sizes=\"auto, (max-width: 640px) 100vw, 640px\" \/><\/a><figcaption id=\"caption-attachment-7991\" class=\"wp-caption-text\">berlines Yankee expo<\/figcaption><\/figure>\n<p>les photos viennent de la <a href=\"https:\/\/www.facebook.com\/groups\/pilote.auto.RC.1.4\">page pilotes 1:4 FB<\/a><br \/>\nCompte rendu : M5 Marmousets &#8211; 28 et 29 Mai 2017<\/p>\n<p>d&rsquo;autres photos sur <a href=\"http:\/\/www.rcmagvintage.com\/viewtopic.php?t=27006\">http:\/\/www.rcmagvintage.com\/<\/a><\/p>\n<h1>Vid\u00e9o<\/h1>\n<p><iframe loading=\"lazy\" title=\"Expo marmousets 2017\" width=\"800\" height=\"450\" src=\"https:\/\/www.youtube.com\/embed\/QAfnrrO3KmI?feature=oembed\" frameborder=\"0\" allow=\"accelerometer; autoplay; encrypted-media; gyroscope; picture-in-picture\" allowfullscreen><\/iframe><\/p>","protected":false},"excerpt":{"rendered":"<p>Rasso Yankee #3 Les pilotes se sont r\u00e9unis pour la cinqui\u00e8me manche du VHRC 2017 sur le complexe des Marmousets,<\/p>","protected":false},"author":5,"featured_media":7629,"parent":9455,"menu_order":0,"comment_status":"closed","ping_status":"closed","template":"","meta":{"colormag_page_container_layout":"default_layout","colormag_page_sidebar_layout":"default_layout","footnotes":""},"class_list":["post-8426","page","type-page","status-publish","has-post-thumbnail","hentry"],"_links":{"self":[{"href":"https:\/\/vhrc.fr\/en\/wp-json\/wp\/v2\/pages\/8426","targetHints":{"allow":["GET"]}}],"collection":[{"href":"https:\/\/vhrc.fr\/en\/wp-json\/wp\/v2\/pages"}],"about":[{"href":"https:\/\/vhrc.fr\/en\/wp-json\/wp\/v2\/types\/page"}],"author":[{"embeddable":true,"href":"https:\/\/vhrc.fr\/en\/wp-json\/wp\/v2\/users\/5"}],"replies":[{"embeddable":true,"href":"https:\/\/vhrc.fr\/en\/wp-json\/wp\/v2\/comments?post=8426"}],"version-history":[{"count":5,"href":"https:\/\/vhrc.fr\/en\/wp-json\/wp\/v2\/pages\/8426\/revisions"}],"predecessor-version":[{"id":9464,"href":"https:\/\/vhrc.fr\/en\/wp-json\/wp\/v2\/pages\/8426\/revisions\/9464"}],"up":[{"embeddable":true,"href":"https:\/\/vhrc.fr\/en\/wp-json\/wp\/v2\/pages\/9455"}],"wp:featuredmedia":[{"embeddable":true,"href":"https:\/\/vhrc.fr\/en\/wp-json\/wp\/v2\/media\/7629"}],"wp:attachment":[{"href":"https:\/\/vhrc.fr\/en\/wp-json\/wp\/v2\/media?parent=8426"}],"curies":[{"name":"wp","href":"https:\/\/api.w.org\/{rel}","templated":true}]}}