{"id":8466,"date":"2018-04-18T12:30:12","date_gmt":"2018-04-18T11:30:12","guid":{"rendered":"http:\/\/vhrc.fr\/?page_id=8466"},"modified":"2025-07-08T09:22:05","modified_gmt":"2025-07-08T08:22:05","slug":"fitem","status":"publish","type":"page","link":"https:\/\/vhrc.fr\/en\/expos\/fitem\/","title":{"rendered":"Fitem"},"content":{"rendered":"<h1><a href=\"http:\/\/vhrc.fr\/wp-content\/uploads\/2018\/04\/fitem-1994_cr.jpg\"><img loading=\"lazy\" decoding=\"async\" class=\"alignnone size-medium wp-image-8472\" src=\"http:\/\/vhrc.fr\/wp-content\/uploads\/2018\/04\/fitem-1994_cr-416x500.jpg\" alt=\"\" width=\"416\" height=\"500\" srcset=\"https:\/\/vhrc.fr\/wp-content\/uploads\/2018\/04\/fitem-1994_cr-416x500.jpg 416w, https:\/\/vhrc.fr\/wp-content\/uploads\/2018\/04\/fitem-1994_cr.jpg 560w\" sizes=\"auto, (max-width: 416px) 100vw, 416px\" \/><\/a><\/h1>\n<h1>1992 fitem 7<\/h1>\n<p>du 18 au 26 Juillet 1992<\/p>\n<h1>1993 fitem 8<\/h1>\n<h1>1994 Fitem 9<\/h1>\n<p>Du 17 au 24 Juillet 1994,le 9\u00e8me Festival International de la T\u00e9l\u00e9commande faisait peau neuve puisque d\u00e9sormais la station du Corbier est seule en piste en mati\u00e8re d&rsquo;organisation.<br \/>\nNonobstant, l&rsquo;esprit de f\u00eate et de r\u00eave offert par le <a href=\"http:\/\/vhrc.fr\/en\/expos\/fitem\/\">Fitem<\/a> est rest\u00e9 intact,davantage conviviale m\u00eame gr\u00e2ce au rapprochement des divers sites. Au sein de ce cadre grandiose des Alpes, la ville du Corbier demeure donc pour les mod\u00e9listes que nous sommes le lieu de rencontre, de d\u00e9couverte et de loisirs incontournable, sans concurrence aucune. Stoppons ici nos superlatifs, voici, relat\u00e9s en quelques lignes, les points forts de ce festival Mill\u00e9sime 94.<\/p>\n<p><a href=\"http:\/\/vhrc.fr\/wp-content\/uploads\/2018\/04\/fitem-1994.jpg\"><img loading=\"lazy\" decoding=\"async\" class=\"alignnone size-medium wp-image-8471\" src=\"http:\/\/vhrc.fr\/wp-content\/uploads\/2018\/04\/fitem-1994-348x500.jpg\" alt=\"\" width=\"348\" height=\"500\" srcset=\"https:\/\/vhrc.fr\/wp-content\/uploads\/2018\/04\/fitem-1994-348x500.jpg 348w, https:\/\/vhrc.fr\/wp-content\/uploads\/2018\/04\/fitem-1994-768x1103.jpg 768w, https:\/\/vhrc.fr\/wp-content\/uploads\/2018\/04\/fitem-1994-557x800.jpg 557w, https:\/\/vhrc.fr\/wp-content\/uploads\/2018\/04\/fitem-1994.jpg 1282w\" sizes=\"auto, (max-width: 348px) 100vw, 348px\" \/><\/a><\/p>","protected":false},"excerpt":{"rendered":"<p>1992 fitem 7 du 18 au 26 Juillet 1992 1993 fitem 8 1994 Fitem 9 Du 17 au 24 Juillet<\/p>","protected":false},"author":5,"featured_media":8472,"parent":8423,"menu_order":0,"comment_status":"closed","ping_status":"closed","template":"","meta":{"colormag_page_container_layout":"default_layout","colormag_page_sidebar_layout":"default_layout","footnotes":""},"class_list":["post-8466","page","type-page","status-publish","has-post-thumbnail","hentry"],"_links":{"self":[{"href":"https:\/\/vhrc.fr\/en\/wp-json\/wp\/v2\/pages\/8466","targetHints":{"allow":["GET"]}}],"collection":[{"href":"https:\/\/vhrc.fr\/en\/wp-json\/wp\/v2\/pages"}],"about":[{"href":"https:\/\/vhrc.fr\/en\/wp-json\/wp\/v2\/types\/page"}],"author":[{"embeddable":true,"href":"https:\/\/vhrc.fr\/en\/wp-json\/wp\/v2\/users\/5"}],"replies":[{"embeddable":true,"href":"https:\/\/vhrc.fr\/en\/wp-json\/wp\/v2\/comments?post=8466"}],"version-history":[{"count":6,"href":"https:\/\/vhrc.fr\/en\/wp-json\/wp\/v2\/pages\/8466\/revisions"}],"predecessor-version":[{"id":8477,"href":"https:\/\/vhrc.fr\/en\/wp-json\/wp\/v2\/pages\/8466\/revisions\/8477"}],"up":[{"embeddable":true,"href":"https:\/\/vhrc.fr\/en\/wp-json\/wp\/v2\/pages\/8423"}],"wp:featuredmedia":[{"embeddable":true,"href":"https:\/\/vhrc.fr\/en\/wp-json\/wp\/v2\/media\/8472"}],"wp:attachment":[{"href":"https:\/\/vhrc.fr\/en\/wp-json\/wp\/v2\/media?parent=8466"}],"curies":[{"name":"wp","href":"https:\/\/api.w.org\/{rel}","templated":true}]}}