{"id":8475,"date":"2018-04-18T12:47:36","date_gmt":"2018-04-18T11:47:36","guid":{"rendered":"http:\/\/vhrc.fr\/?page_id=8475"},"modified":"2025-07-08T09:22:05","modified_gmt":"2025-07-08T08:22:05","slug":"mondial-modelisme-paris","status":"publish","type":"page","link":"https:\/\/vhrc.fr\/en\/expos\/mondial-modelisme-paris\/","title":{"rendered":"mondial mod\u00e9lisme Paris"},"content":{"rendered":"<p>liste des \u00e9ditions des mondial du mod\u00e9lisme Paris depuis<\/p>\n<table class=\"aligncenter\" style=\"border-style: solid;\">\n<caption>\u00a0\u00e9ditions<\/caption>\n<thead>\n<tr style=\"height: 24px; border-style: solid;\">\n<td style=\"width: 12.5%; border-color: #000000; border-style: double; height: 24px;\">\u00e9dition<\/td>\n<td style=\"width: 12.5%; border-color: #000000; border-style: double; height: 24px;\">ann\u00e9e<\/td>\n<td style=\"width: 12.1748%; border-color: #000000; border-style: double; height: 24px;\">dates<\/td>\n<td style=\"width: 32.5658%; border-color: #000000; border-style: double; height: 24px;\">nom<\/td>\n<td style=\"width: 15.1297%; border-color: #000000; border-style: double; height: 24px;\">lieu<\/td>\n<td style=\"width: 15.1297%; border-color: #000000; border-style: double; height: 24px;\">affiche<\/td>\n<\/tr>\n<\/thead>\n<tbody>\n<tr style=\"height: 24px;\">\n<td style=\"width: 12.5%; height: 24px; border-color: #000000; border-style: double;\">1<\/td>\n<td style=\"width: 12.5%; height: 24px; border-color: #000000; border-style: double;\"><\/td>\n<td style=\"width: 12.1748%; height: 24px; border-color: #000000; border-style: double;\"><\/td>\n<td style=\"width: 32.5658%; height: 24px; border-color: #000000; border-style: double;\"><\/td>\n<td style=\"width: 15.1297%; height: 24px; border-color: #000000; border-style: double;\"><\/td>\n<td style=\"width: 15.1297%; border-color: #000000; border-style: double; height: 24px;\"><\/td>\n<\/tr>\n<tr style=\"height: 24px;\">\n<td style=\"width: 12.5%; height: 24px; border-color: #000000; border-style: solid;\">2<\/td>\n<td style=\"width: 12.5%; height: 24px; border-color: #000000; border-style: solid;\"><\/td>\n<td style=\"width: 12.1748%; height: 24px; border-color: #000000; border-style: solid;\"><\/td>\n<td style=\"width: 32.5658%; height: 24px; border-color: #000000; border-style: solid;\"><\/td>\n<td style=\"width: 15.1297%; height: 24px; border-color: #000000; border-style: solid;\"><\/td>\n<td style=\"width: 15.1297%; border-color: #000000; border-style: solid; height: 24px;\"><\/td>\n<\/tr>\n<tr style=\"height: 24px;\">\n<td style=\"width: 12.5%; height: 24px; border-color: #000000; border-style: solid;\">3<\/td>\n<td style=\"width: 12.5%; height: 24px; border-color: #000000; border-style: solid;\"><\/td>\n<td style=\"width: 12.1748%; height: 24px; border-color: #000000; border-style: solid;\"><\/td>\n<td style=\"width: 32.5658%; height: 24px; border-color: #000000; border-style: solid;\"><\/td>\n<td style=\"width: 15.1297%; height: 24px; border-color: #000000; border-style: solid;\"><\/td>\n<td style=\"width: 15.1297%; border-color: #000000; border-style: solid; height: 24px;\"><\/td>\n<\/tr>\n<tr style=\"height: 24px;\">\n<td style=\"width: 12.5%; height: 24px; border-color: #000000; border-style: solid;\">4<\/td>\n<td style=\"width: 12.5%; height: 24px; border-color: #000000; border-style: solid;\"><\/td>\n<td style=\"width: 12.1748%; height: 24px; border-color: #000000; border-style: solid;\"><\/td>\n<td style=\"width: 32.5658%; height: 24px; border-color: #000000; border-style: solid;\"><\/td>\n<td style=\"width: 15.1297%; height: 24px; border-color: #000000; border-style: solid;\"><\/td>\n<td style=\"width: 15.1297%; border-color: #000000; border-style: solid; height: 24px;\"><\/td>\n<\/tr>\n<tr style=\"height: 24px;\">\n<td style=\"width: 12.5%; height: 24px; border-color: #000000; border-style: solid;\">5<\/td>\n<td style=\"width: 12.5%; height: 24px; border-color: #000000; border-style: solid;\"><\/td>\n<td style=\"width: 12.1748%; height: 24px; border-color: #000000; border-style: solid;\"><\/td>\n<td style=\"width: 32.5658%; height: 24px; border-color: #000000; border-style: solid;\"><\/td>\n<td style=\"width: 15.1297%; height: 24px; border-color: #000000; border-style: solid;\"><\/td>\n<td style=\"width: 15.1297%; border-color: #000000; border-style: solid; height: 24px;\"><\/td>\n<\/tr>\n<tr style=\"height: 24px;\">\n<td style=\"width: 12.5%; height: 24px; border-color: #000000; border-style: solid;\">6<\/td>\n<td style=\"width: 12.5%; height: 24px; border-color: #000000; border-style: solid;\"><\/td>\n<td style=\"width: 12.1748%; height: 24px; border-color: #000000; border-style: solid;\"><\/td>\n<td style=\"width: 32.5658%; height: 24px; border-color: #000000; border-style: solid;\"><\/td>\n<td style=\"width: 15.1297%; height: 24px; border-color: #000000; border-style: solid;\"><\/td>\n<td style=\"width: 15.1297%; border-color: #000000; border-style: solid; height: 24px;\"><\/td>\n<\/tr>\n<tr style=\"height: 24px;\">\n<td style=\"width: 12.5%; height: 24px; border-color: #000000; border-style: solid;\">7<\/td>\n<td style=\"width: 12.5%; height: 24px; border-color: #000000; border-style: solid;\"><\/td>\n<td style=\"width: 12.1748%; height: 24px; border-color: #000000; border-style: solid;\"><\/td>\n<td style=\"width: 32.5658%; height: 24px; border-color: #000000; border-style: solid;\"><\/td>\n<td style=\"width: 15.1297%; height: 24px; border-color: #000000; border-style: solid;\"><\/td>\n<td style=\"width: 15.1297%; border-color: #000000; border-style: solid; height: 24px;\"><\/td>\n<\/tr>\n<tr style=\"height: 24px;\">\n<td style=\"width: 12.5%; height: 24px; border-color: #000000; border-style: solid;\">8<\/td>\n<td style=\"width: 12.5%; height: 24px; border-color: #000000; border-style: solid;\"><\/td>\n<td style=\"width: 12.1748%; height: 24px; border-color: #000000; border-style: solid;\"><\/td>\n<td style=\"width: 32.5658%; height: 24px; border-color: #000000; border-style: solid;\"><\/td>\n<td style=\"width: 15.1297%; height: 24px; border-color: #000000; border-style: solid;\"><\/td>\n<td style=\"width: 15.1297%; border-color: #000000; border-style: solid; height: 24px;\"><\/td>\n<\/tr>\n<tr style=\"height: 24px;\">\n<td style=\"width: 12.5%; height: 24px; border-color: #000000; border-style: solid;\">9<\/td>\n<td style=\"width: 12.5%; height: 24px; border-color: #000000; border-style: solid;\">1988<\/td>\n<td style=\"width: 12.1748%; height: 24px; border-color: #000000; border-style: solid;\">26 Mars au Avril 1988<\/td>\n<td style=\"width: 32.5658%; height: 24px; border-color: #000000; border-style: solid;\">9e Salon International de la maquette et du mod\u00e8le r\u00e9duit<\/td>\n<td style=\"width: 15.1297%; height: 24px; border-color: #000000; border-style: solid;\">Paris Expo Porte de Versailles<\/td>\n<td style=\"width: 15.1297%; border-color: #000000; border-style: solid; height: 24px;\"><a href=\"http:\/\/vhrc.fr\/wp-content\/uploads\/2020\/01\/1988-9e-salon-maquette.jpg\"><img loading=\"lazy\" decoding=\"async\" class=\"alignnone size-thumbnail wp-image-9435\" src=\"http:\/\/vhrc.fr\/wp-content\/uploads\/2020\/01\/1988-9e-salon-maquette-150x150.jpg\" alt=\"\" width=\"150\" height=\"150\" \/><\/a><\/td>\n<\/tr>\n<tr style=\"height: 24px;\">\n<td style=\"width: 12.5%; height: 24px; border-color: #000000; border-style: solid;\">10<\/td>\n<td style=\"width: 12.5%; height: 24px; border-color: #000000; border-style: solid;\"><\/td>\n<td style=\"width: 12.1748%; height: 24px; border-color: #000000; border-style: solid;\"><\/td>\n<td style=\"width: 32.5658%; height: 24px; border-color: #000000; border-style: solid;\"><\/td>\n<td style=\"width: 15.1297%; height: 24px; border-color: #000000; border-style: solid;\">Paris Expo Porte de Versailles<\/td>\n<td style=\"width: 15.1297%; border-color: #000000; border-style: solid; height: 24px;\"><\/td>\n<\/tr>\n<tr style=\"height: 24px;\">\n<td style=\"width: 12.5%; height: 24px; border-color: #000000; border-style: solid;\">11<\/td>\n<td style=\"width: 12.5%; height: 24px; border-color: #000000; border-style: solid;\"><\/td>\n<td style=\"width: 12.1748%; height: 24px; border-color: #000000; border-style: solid;\"><\/td>\n<td style=\"width: 32.5658%; height: 24px; border-color: #000000; border-style: solid;\"><\/td>\n<td style=\"width: 15.1297%; height: 24px; border-color: #000000; border-style: solid;\"><\/td>\n<td style=\"width: 15.1297%; border-color: #000000; border-style: solid; height: 24px;\"><\/td>\n<\/tr>\n<tr style=\"height: 24px;\">\n<td style=\"width: 12.5%; height: 24px; border-color: #000000; border-style: solid;\">12<\/td>\n<td style=\"width: 12.5%; height: 24px; border-color: #000000; border-style: solid;\"><\/td>\n<td style=\"width: 12.1748%; height: 24px; border-color: #000000; border-style: solid;\"><\/td>\n<td style=\"width: 32.5658%; height: 24px; border-color: #000000; border-style: solid;\"><\/td>\n<td style=\"width: 15.1297%; height: 24px; border-color: #000000; border-style: solid;\"><\/td>\n<td style=\"width: 15.1297%; border-color: #000000; border-style: solid; height: 24px;\"><\/td>\n<\/tr>\n<tr style=\"height: 24px;\">\n<td style=\"width: 12.5%; height: 24px; border-color: #000000; border-style: solid;\">13<\/td>\n<td style=\"width: 12.5%; height: 24px; border-color: #000000; border-style: solid;\">1992<\/td>\n<td style=\"width: 12.1748%; height: 24px; border-color: #000000; border-style: solid;\"><\/td>\n<td style=\"width: 32.5658%; height: 24px; border-color: #000000; border-style: solid;\"><\/td>\n<td style=\"width: 15.1297%; height: 24px; border-color: #000000; border-style: solid;\"><\/td>\n<td style=\"width: 15.1297%; border-color: #000000; border-style: solid; height: 24px;\"><\/td>\n<\/tr>\n<tr style=\"height: 24px;\">\n<td style=\"width: 12.5%; height: 48px; border-color: #000000; border-style: solid;\">14<\/td>\n<td style=\"width: 12.5%; height: 48px; border-color: #000000; border-style: solid;\">1993<\/td>\n<td style=\"width: 12.1748%; height: 48px; border-color: #000000; border-style: solid;\"><\/td>\n<td style=\"width: 32.5658%; height: 48px; border-color: #000000; border-style: solid;\">14e Salon International de la maquette et du mod\u00e8le r\u00e9duit<\/td>\n<td style=\"width: 15.1297%; height: 48px; border-color: #000000; border-style: solid;\"><\/td>\n<td style=\"width: 15.1297%; border-color: #000000; border-style: solid; height: 48px;\"><\/td>\n<\/tr>\n<tr style=\"height: 24px;\">\n<td style=\"width: 12.5%; height: 24px; border-color: #000000; border-style: solid;\">15<\/td>\n<td style=\"width: 12.5%; height: 24px; border-color: #000000; border-style: solid;\">1994<\/td>\n<td style=\"width: 12.1748%; height: 24px; border-color: #000000; border-style: solid;\"><\/td>\n<td style=\"width: 32.5658%; height: 24px; border-color: #000000; border-style: solid;\"><\/td>\n<td style=\"width: 15.1297%; height: 24px; border-color: #000000; border-style: solid;\"><\/td>\n<td style=\"width: 15.1297%; border-color: #000000; border-style: solid; height: 24px;\"><\/td>\n<\/tr>\n<tr style=\"height: 24px;\">\n<td style=\"width: 12.5%; height: 24px; border-color: #000000; border-style: solid;\">16<\/td>\n<td style=\"width: 12.5%; height: 24px; border-color: #000000; border-style: solid;\">1995<\/td>\n<td style=\"width: 12.1748%; height: 24px; border-color: #000000; border-style: solid;\"><\/td>\n<td style=\"width: 32.5658%; height: 24px; border-color: #000000; border-style: solid;\"><\/td>\n<td style=\"width: 15.1297%; height: 24px; border-color: #000000; border-style: solid;\"><\/td>\n<td style=\"width: 15.1297%; border-color: #000000; border-style: solid; height: 24px;\"><\/td>\n<\/tr>\n<tr style=\"height: 24px;\">\n<td style=\"width: 12.5%; height: 24px; border-color: #000000; border-style: solid;\">17<\/td>\n<td style=\"width: 12.5%; height: 24px; border-color: #000000; border-style: solid;\">1996<\/td>\n<td style=\"width: 12.1748%; height: 24px; border-color: #000000; border-style: solid;\"><\/td>\n<td style=\"width: 32.5658%; height: 24px; border-color: #000000; border-style: solid;\"><\/td>\n<td style=\"width: 15.1297%; height: 24px; border-color: #000000; border-style: solid;\"><\/td>\n<td style=\"width: 15.1297%; border-color: #000000; border-style: solid; height: 24px;\"><\/td>\n<\/tr>\n<tr style=\"height: 24px;\">\n<td style=\"width: 12.5%; height: 24px; border-color: #000000; border-style: solid;\">18<\/td>\n<td style=\"width: 12.5%; height: 24px; border-color: #000000; border-style: solid;\">1997<\/td>\n<td style=\"width: 12.1748%; height: 24px; border-color: #000000; border-style: solid;\"><\/td>\n<td style=\"width: 32.5658%; height: 24px; border-color: #000000; border-style: solid;\"><\/td>\n<td style=\"width: 15.1297%; height: 24px; border-color: #000000; border-style: solid;\"><\/td>\n<td style=\"width: 15.1297%; border-color: #000000; border-style: solid; height: 24px;\"><\/td>\n<\/tr>\n<tr style=\"height: 24px;\">\n<td style=\"width: 12.5%; height: 48px; border-color: #000000; border-style: solid;\">19<\/td>\n<td style=\"width: 12.5%; height: 48px; border-color: #000000; border-style: solid;\">1998<\/td>\n<td style=\"width: 12.1748%; height: 48px; border-color: #000000; border-style: solid;\">4 au 13 Avril 1998<\/td>\n<td style=\"width: 32.5658%; height: 48px; border-color: #000000; border-style: solid;\">19e mondial maquette mod\u00e8le r\u00e9duit<\/td>\n<td style=\"width: 15.1297%; height: 48px; border-color: #000000; border-style: solid;\">Paris Expo Porte de Versailles<\/td>\n<td style=\"width: 15.1297%; border-color: #000000; border-style: solid; height: 48px;\"><\/td>\n<\/tr>\n<tr style=\"height: 24px;\">\n<td style=\"width: 12.5%; height: 24px; border-color: #000000; border-style: solid;\">20<\/td>\n<td style=\"width: 12.5%; height: 24px; border-color: #000000; border-style: solid;\">1999<\/td>\n<td style=\"width: 12.1748%; height: 24px; border-color: #000000; border-style: solid;\"><\/td>\n<td style=\"width: 32.5658%; height: 24px; border-color: #000000; border-style: solid;\">20e mondial maquette mod\u00e8le r\u00e9duit<\/td>\n<td style=\"width: 15.1297%; height: 24px; border-color: #000000; border-style: solid;\">Paris Expo Porte de Versailles<\/td>\n<td style=\"width: 15.1297%; border-color: #000000; border-style: solid; height: 24px;\">https:\/\/www.youtube.com\/watch?v=3V4bbvnkxG8<\/td>\n<\/tr>\n<tr style=\"height: 24px;\">\n<td style=\"width: 12.5%; height: 24px; border-color: #000000; border-style: solid;\">21<\/td>\n<td style=\"width: 12.5%; height: 24px; border-color: #000000; border-style: solid;\">2000<\/td>\n<td style=\"width: 12.1748%; height: 24px; border-color: #000000; border-style: solid;\"><\/td>\n<td style=\"width: 32.5658%; height: 24px; border-color: #000000; border-style: solid;\"><\/td>\n<td style=\"width: 15.1297%; height: 24px; border-color: #000000; border-style: solid;\"><\/td>\n<td style=\"width: 15.1297%; border-color: #000000; border-style: solid; height: 24px;\"><\/td>\n<\/tr>\n<tr style=\"height: 24px;\">\n<td style=\"width: 12.5%; height: 24px; border-color: #000000; border-style: solid;\">22<\/td>\n<td style=\"width: 12.5%; height: 24px; border-color: #000000; border-style: solid;\">2001<\/td>\n<td style=\"width: 12.1748%; height: 24px; border-color: #000000; border-style: solid;\"><\/td>\n<td style=\"width: 32.5658%; height: 24px; border-color: #000000; border-style: solid;\"><\/td>\n<td style=\"width: 15.1297%; height: 24px; border-color: #000000; border-style: solid;\"><\/td>\n<td style=\"width: 15.1297%; border-color: #000000; border-style: solid; height: 24px;\"><\/td>\n<\/tr>\n<tr style=\"height: 24px;\">\n<td style=\"width: 12.5%; height: 24px; border-color: #000000; border-style: solid;\">23<\/td>\n<td style=\"width: 12.5%; height: 24px; border-color: #000000; border-style: solid;\">2002<\/td>\n<td style=\"width: 12.1748%; height: 24px; border-color: #000000; border-style: solid;\">13\/21 avril<\/td>\n<td style=\"width: 32.5658%; height: 24px; border-color: #000000; border-style: solid;\">salon mondial maquette mod\u00e8le r\u00e9duit jeux<\/td>\n<td style=\"width: 15.1297%; height: 24px; border-color: #000000; border-style: solid;\"><\/td>\n<td style=\"width: 15.1297%; border-color: #000000; border-style: solid; height: 24px;\"><\/td>\n<\/tr>\n<tr style=\"height: 24px;\">\n<td style=\"width: 12.5%; height: 24px; border-color: #000000; border-style: solid;\">24<\/td>\n<td style=\"width: 12.5%; height: 24px; border-color: #000000; border-style: solid;\">2003<\/td>\n<td style=\"width: 12.1748%; height: 24px; border-color: #000000; border-style: solid;\">12\/21 avril<\/td>\n<td style=\"width: 32.5658%; height: 24px; border-color: #000000; border-style: solid;\">salon mondial maquette mod\u00e8le r\u00e9duit jeux<\/td>\n<td style=\"width: 15.1297%; height: 24px; border-color: #000000; border-style: solid;\"><\/td>\n<td style=\"width: 15.1297%; border-color: #000000; border-style: solid; height: 24px;\"><\/td>\n<\/tr>\n<tr style=\"height: 24px;\">\n<td style=\"width: 12.5%; height: 24px; border-color: #000000; border-style: solid;\">25<\/td>\n<td style=\"width: 12.5%; height: 24px; border-color: #000000; border-style: solid;\">2004<\/td>\n<td style=\"width: 12.1748%; height: 24px; border-color: #000000; border-style: solid;\">10\/18 avril<\/td>\n<td style=\"width: 32.5658%; height: 24px; border-color: #000000; border-style: solid;\">mondial maquette mod\u00e8le r\u00e9duit 19e salon des jeux<\/td>\n<td style=\"width: 15.1297%; height: 24px; border-color: #000000; border-style: solid;\">Porte de Versailles<\/td>\n<td style=\"width: 15.1297%; border-color: #000000; border-style: solid; height: 24px;\"><\/td>\n<\/tr>\n<tr style=\"height: 24px;\">\n<td style=\"width: 12.5%; height: 24px; border-color: #000000; border-style: solid;\">26<\/td>\n<td style=\"width: 12.5%; height: 24px; border-color: #000000; border-style: solid;\">2005<\/td>\n<td style=\"width: 12.1748%; height: 24px; border-color: #000000; border-style: solid;\"><\/td>\n<td style=\"width: 32.5658%; height: 24px; border-color: #000000; border-style: solid;\">salon mondial maquette mod\u00e8le r\u00e9duit<\/td>\n<td style=\"width: 15.1297%; height: 24px; border-color: #000000; border-style: solid;\"><\/td>\n<td style=\"width: 15.1297%; border-color: #000000; border-style: solid; height: 24px;\"><\/td>\n<\/tr>\n<tr style=\"height: 24px;\">\n<td style=\"width: 12.5%; height: 24px; border-color: #000000; border-style: solid;\">27<\/td>\n<td style=\"width: 12.5%; height: 24px; border-color: #000000; border-style: solid;\">2006<\/td>\n<td style=\"width: 12.1748%; height: 24px; border-color: #000000; border-style: solid;\"><\/td>\n<td style=\"width: 32.5658%; height: 24px; border-color: #000000; border-style: solid;\">Salon International de la maquette<\/td>\n<td style=\"width: 15.1297%; height: 24px; border-color: #000000; border-style: solid;\">comexpo<\/td>\n<td style=\"width: 15.1297%; border-color: #000000; border-style: solid; height: 24px;\"><\/td>\n<\/tr>\n<tr style=\"height: 24px;\">\n<td style=\"width: 12.5%; height: 24px; border-color: #000000; border-style: solid;\">28<\/td>\n<td style=\"width: 12.5%; height: 24px; border-color: #000000; border-style: solid;\">2007<\/td>\n<td style=\"width: 12.1748%; height: 24px; border-color: #000000; border-style: solid;\">31\/09 avril<\/td>\n<td style=\"width: 32.5658%; height: 24px; border-color: #000000; border-style: solid;\">Mondial du mod\u00e9lisme<\/td>\n<td style=\"width: 15.1297%; height: 24px; border-color: #000000; border-style: solid;\">Paris Le Bourget<\/td>\n<td style=\"width: 15.1297%; border-color: #000000; border-style: solid; height: 24px;\"><\/td>\n<\/tr>\n<tr style=\"height: 24px;\">\n<td style=\"width: 12.5%; height: 56px; border-color: #000000; border-style: solid;\">29<\/td>\n<td style=\"width: 12.5%; height: 56px; border-color: #000000; border-style: solid;\">2008<\/td>\n<td style=\"width: 12.1748%; height: 56px; border-color: #000000; border-style: solid;\">22\/30 Mars<\/td>\n<td style=\"width: 32.5658%; height: 56px; border-color: #000000; border-style: solid;\">Mondial du mod\u00e9lisme<\/td>\n<td style=\"width: 15.1297%; height: 56px; border-color: #000000; border-style: solid;\">Paris Le Bourget<\/td>\n<td style=\"width: 15.1297%; border-color: #000000; border-style: solid; height: 56px;\"><\/td>\n<\/tr>\n<tr style=\"height: 24px;\">\n<td style=\"width: 12.5%; height: 24px; border-color: #000000; border-style: solid;\"><\/td>\n<td style=\"width: 12.5%; height: 24px; border-color: #000000; border-style: solid;\">2009<\/td>\n<td style=\"width: 12.1748%; height: 24px; border-color: #000000; border-style: solid;\"><\/td>\n<td style=\"width: 32.5658%; height: 24px; border-color: #000000; border-style: solid;\"><strong>PAS DE MONDIAL<\/strong><\/td>\n<td style=\"width: 15.1297%; height: 24px; border-color: #000000; border-style: solid;\"><\/td>\n<td style=\"width: 15.1297%; border-color: #000000; border-style: solid; height: 24px;\"><\/td>\n<\/tr>\n<tr style=\"height: 24px;\">\n<td style=\"width: 12.5%; height: 24px; border-color: #000000; border-style: solid;\">30<\/td>\n<td style=\"width: 12.5%; height: 24px; border-color: #000000; border-style: solid;\">2010<\/td>\n<td style=\"width: 12.1748%; height: 24px; border-color: #000000; border-style: solid;\">17\/20 juin<\/td>\n<td style=\"width: 32.5658%; height: 24px; border-color: #000000; border-style: solid;\">Mondial du mod\u00e9lisme<\/td>\n<td style=\"width: 15.1297%; height: 24px; border-color: #000000; border-style: solid;\">Porte de Versailles Hall 3<\/td>\n<td style=\"width: 15.1297%; border-color: #000000; border-style: solid; height: 24px;\"><\/td>\n<\/tr>\n<tr style=\"height: 24px;\">\n<td style=\"width: 12.5%; height: 24px; border-color: #000000; border-style: solid;\">31<\/td>\n<td style=\"width: 12.5%; height: 24px; border-color: #000000; border-style: solid;\">2011<\/td>\n<td style=\"width: 12.1748%; height: 24px; border-color: #000000; border-style: solid;\">16\/19 Juin<\/td>\n<td style=\"width: 32.5658%; height: 24px; border-color: #000000; border-style: solid;\">Mondial du mod\u00e9lisme<\/td>\n<td style=\"width: 15.1297%; height: 24px; border-color: #000000; border-style: solid;\">Porte de Versailles Hall 3<\/td>\n<td style=\"width: 15.1297%; border-color: #000000; border-style: solid; height: 24px;\"><\/td>\n<\/tr>\n<tr style=\"height: 24px;\">\n<td style=\"width: 12.5%; height: 24px; border-color: #000000; border-style: solid;\">32<\/td>\n<td style=\"width: 12.5%; height: 24px; border-color: #000000; border-style: solid;\">2012<\/td>\n<td style=\"width: 12.1748%; height: 24px; border-color: #000000; border-style: solid;\">14\/17 Juin<\/td>\n<td style=\"width: 32.5658%; height: 24px; border-color: #000000; border-style: solid;\">Mondial du mod\u00e9lisme<\/td>\n<td style=\"width: 15.1297%; height: 24px; border-color: #000000; border-style: solid;\">Porte de Versailles Hall 3<\/td>\n<td style=\"width: 15.1297%; border-color: #000000; border-style: solid; height: 24px;\"><\/td>\n<\/tr>\n<tr style=\"height: 24px;\">\n<td style=\"width: 12.5%; height: 24px; border-color: #000000; border-style: solid;\">33<\/td>\n<td style=\"width: 12.5%; height: 24px; border-color: #000000; border-style: solid;\">2013<\/td>\n<td style=\"width: 12.1748%; height: 24px; border-color: #000000; border-style: solid;\">6\/9 Juin<\/td>\n<td style=\"width: 32.5658%; height: 24px; border-color: #000000; border-style: solid;\">Mondial du mod\u00e9lisme<\/td>\n<td style=\"width: 15.1297%; height: 24px; border-color: #000000; border-style: solid;\">Porte de Versailles Hall 1<\/td>\n<td style=\"width: 15.1297%; border-color: #000000; border-style: solid; height: 24px;\"><\/td>\n<\/tr>\n<tr style=\"height: 24px;\">\n<td style=\"width: 12.5%; height: 24px; border-color: #000000; border-style: solid;\">34<\/td>\n<td style=\"width: 12.5%; height: 24px; border-color: #000000; border-style: solid;\">2014<\/td>\n<td style=\"width: 12.1748%; height: 24px; border-color: #000000; border-style: solid;\">19\/22 Juin<\/td>\n<td style=\"width: 32.5658%; height: 24px; border-color: #000000; border-style: solid;\">Mondial du mod\u00e9lisme<\/td>\n<td style=\"width: 15.1297%; height: 24px; border-color: #000000; border-style: solid;\">Porte de Versailles Hall 1<\/td>\n<td style=\"width: 15.1297%; border-color: #000000; border-style: solid; height: 24px;\"><\/td>\n<\/tr>\n<tr style=\"background-color: #f50000;\">\n<td style=\"width: 12.5%; height: 24px; border-color: #000000; border-style: solid;\">35<\/td>\n<td style=\"width: 12.5%; height: 24px; border-color: #000000; border-style: solid;\">2015<\/td>\n<td style=\"width: 12.1748%; height: 24px; border-color: #000000; border-style: solid;\">19\/21 Juin<\/td>\n<td style=\"width: 32.5658%; height: 24px; border-color: #000000; border-style: solid;\">Paris Model Show &gt; FIN<\/td>\n<td style=\"width: 15.1297%; height: 24px; border-color: #000000; border-style: solid;\">Porte de Champerret<\/td>\n<td style=\"width: 15.1297%; border-color: #000000; border-style: solid; height: 24px;\"><\/td>\n<\/tr>\n<\/tbody>\n<\/table>\n<p>&nbsp;<\/p>\n<p>&nbsp;<\/p>\n<p>&nbsp;<\/p>\n<p>&nbsp;<\/p>\n<p>&nbsp;<\/p>\n<p>&nbsp;<\/p>\n<p>&nbsp;<\/p>","protected":false},"excerpt":{"rendered":"<p>liste des \u00e9ditions des mondial du mod\u00e9lisme Paris depuis \u00a0\u00e9ditions \u00e9dition ann\u00e9e dates nom lieu affiche 1 2 3 4<\/p>","protected":false},"author":5,"featured_media":9435,"parent":8423,"menu_order":0,"comment_status":"closed","ping_status":"closed","template":"","meta":{"colormag_page_container_layout":"default_layout","colormag_page_sidebar_layout":"default_layout","footnotes":""},"class_list":["post-8475","page","type-page","status-publish","has-post-thumbnail","hentry"],"_links":{"self":[{"href":"https:\/\/vhrc.fr\/en\/wp-json\/wp\/v2\/pages\/8475","targetHints":{"allow":["GET"]}}],"collection":[{"href":"https:\/\/vhrc.fr\/en\/wp-json\/wp\/v2\/pages"}],"about":[{"href":"https:\/\/vhrc.fr\/en\/wp-json\/wp\/v2\/types\/page"}],"author":[{"embeddable":true,"href":"https:\/\/vhrc.fr\/en\/wp-json\/wp\/v2\/users\/5"}],"replies":[{"embeddable":true,"href":"https:\/\/vhrc.fr\/en\/wp-json\/wp\/v2\/comments?post=8475"}],"version-history":[{"count":22,"href":"https:\/\/vhrc.fr\/en\/wp-json\/wp\/v2\/pages\/8475\/revisions"}],"predecessor-version":[{"id":9490,"href":"https:\/\/vhrc.fr\/en\/wp-json\/wp\/v2\/pages\/8475\/revisions\/9490"}],"up":[{"embeddable":true,"href":"https:\/\/vhrc.fr\/en\/wp-json\/wp\/v2\/pages\/8423"}],"wp:featuredmedia":[{"embeddable":true,"href":"https:\/\/vhrc.fr\/en\/wp-json\/wp\/v2\/media\/9435"}],"wp:attachment":[{"href":"https:\/\/vhrc.fr\/en\/wp-json\/wp\/v2\/media?parent=8475"}],"curies":[{"name":"wp","href":"https:\/\/api.w.org\/{rel}","templated":true}]}}