{"id":8694,"date":"2018-12-13T13:03:40","date_gmt":"2018-12-13T12:03:40","guid":{"rendered":"http:\/\/vhrc.fr\/?page_id=8694"},"modified":"2025-07-08T09:22:52","modified_gmt":"2025-07-08T08:22:52","slug":"2019-vhrc","status":"publish","type":"page","link":"https:\/\/vhrc.fr\/en\/historique\/vhrc-lhistorique\/2019-vhrc\/","title":{"rendered":"2019 VHRC"},"content":{"rendered":"<p>bient\u00f4t la 17e saison du challenge des voitures RC au 1:4<\/p>\r\n\r\n\r\n\r\n<figure class=\"wp-block-image is-resized\"><img loading=\"lazy\" decoding=\"async\" class=\"wp-image-8695\" src=\"http:\/\/vhrc.fr\/wp-content\/uploads\/2018\/12\/vhrc-logo-2019-01.-800x585.jpg\" alt=\"\" width=\"214\" height=\"157\" srcset=\"https:\/\/vhrc.fr\/wp-content\/uploads\/2018\/12\/vhrc-logo-2019-01.-800x585.jpg 800w, https:\/\/vhrc.fr\/wp-content\/uploads\/2018\/12\/vhrc-logo-2019-01.-400x292.jpg 400w, https:\/\/vhrc.fr\/wp-content\/uploads\/2018\/12\/vhrc-logo-2019-01.-768x561.jpg 768w, https:\/\/vhrc.fr\/wp-content\/uploads\/2018\/12\/vhrc-logo-2019-01..jpg 1000w\" sizes=\"auto, (max-width: 214px) 100vw, 214px\" \/><\/figure>\r\n\r\n\r\n\r\n<p><iframe loading=\"lazy\" style=\"border: 0;\" src=\"https:\/\/calendar.google.com\/calendar\/embed?src=985j7vk20o3h6up89hun17i2n8%40group.calendar.google.com&amp;ctz=Europe%2FParis\" width=\"800\" height=\"600\" frameborder=\"0\" scrolling=\"no\"><\/iframe><\/p>\r\n\r\n\r\n\r\n<p><em>MARS 31 Montpellier<\/em><\/p>\r\n\r\n\r\n\r\n<p><em>AVRIL 13\/14 Beaumont MONTEUX<\/em><\/p>\r\n\r\n\r\n\r\n<p><em>AVRIL 27\/28 GERGOVIE Clermont Ferrand<\/em><\/p>\r\n\r\n\r\n\r\n<p><em>JUIN 22\/23 GRENOBLE<\/em><\/p>\r\n\r\n\r\n\r\n<p><em>JUIN 29\/30 St Affrique<\/em><\/p>\r\n\r\n\r\n\r\n<p><em>JUILLET 27\/28 3e Grand prix Bruno Alliot Castelsarrasin *<\/em><\/p>\r\n\r\n\r\n\r\n<p><em>SEPTEMBRE 15 Montpellier<\/em><\/p>\r\n\r\n\r\n\r\n<p><em>OCTOBRE 27 Orange<\/em><em>.<\/em><\/p>\r\n\r\n\r\n\r\n<p><em>*La course du 27\/28 Juillet ne sera pas compt\u00e9e dans le classement du VHRC 2019. <\/em><\/p>\r\n<h1>Les manches en d\u00e9tail<\/h1>\r\n<div class=\"pt-cv-wrapper\"><div class=\"pt-cv-view pt-cv-grid pt-cv-colsys\" id=\"pt-cv-view-2f8e043u1r\"><div data-id=\"pt-cv-page-1\" class=\"pt-cv-page\" data-cvc=\"2\"><div class=\"col-md-6 col-sm-6 col-xs-12 pt-cv-content-item pt-cv-1-col\" ><div class='pt-cv-ifield'><a href=\"https:\/\/vhrc.fr\/en\/historique\/vhrc-lhistorique\/2019-vhrc\/2019-m1-montpellier\/\" class=\"_self pt-cv-href-thumbnail pt-cv-thumb-default\" target=\"_self\" ><img loading=\"lazy\" decoding=\"async\" width=\"400\" height=\"249\" src=\"https:\/\/vhrc.fr\/wp-content\/uploads\/2012\/01\/circuit-AMO-montpellier-satellite1-500x311.jpg\" class=\"pt-cv-thumbnail\" alt=\"\" srcset=\"https:\/\/vhrc.fr\/wp-content\/uploads\/2012\/01\/circuit-AMO-montpellier-satellite1-500x311.jpg 500w, https:\/\/vhrc.fr\/wp-content\/uploads\/2012\/01\/circuit-AMO-montpellier-satellite1-800x498.jpg 800w, https:\/\/vhrc.fr\/wp-content\/uploads\/2012\/01\/circuit-AMO-montpellier-satellite1.jpg 1000w\" sizes=\"auto, (max-width: 400px) 100vw, 400px\" \/><\/a>\n<h4 class=\"pt-cv-title\"><a href=\"https:\/\/vhrc.fr\/en\/historique\/vhrc-lhistorique\/2019-vhrc\/2019-m1-montpellier\/\" class=\"_self\" target=\"_self\" >2019 M1 Montpellier<\/a><\/h4>\n<div class=\"pt-cv-content\">Premi\u00e8re manche au circuit de Grammont \u00e0 Montpellier VHRC \u00bc, 31\/03\/2019, rapide compte rendu! La 1\u00e9re manche s'est d\u00e9roul\u00e9e \u00a0au ...<br \/><div class=\"pt-cv-rmwrap\"><a href=\"https:\/\/vhrc.fr\/en\/historique\/vhrc-lhistorique\/2019-vhrc\/2019-m1-montpellier\/\" class=\"_self pt-cv-readmore btn btn-success\" target=\"_self\">Lire La Suite\u2026<\/a><\/div><\/div><\/div><\/div>\n<div class=\"col-md-6 col-sm-6 col-xs-12 pt-cv-content-item pt-cv-1-col\" ><div class='pt-cv-ifield'><a href=\"https:\/\/vhrc.fr\/en\/historique\/vhrc-lhistorique\/2019-vhrc\/2019-m2-beaumont-monteux\/\" class=\"_self pt-cv-href-thumbnail pt-cv-thumb-default\" target=\"_self\" ><img loading=\"lazy\" decoding=\"async\" width=\"400\" height=\"302\" src=\"https:\/\/vhrc.fr\/wp-content\/uploads\/2017\/02\/beaumont-mx-500x378.jpg\" class=\"pt-cv-thumbnail\" alt=\"\" srcset=\"https:\/\/vhrc.fr\/wp-content\/uploads\/2017\/02\/beaumont-mx-500x378.jpg 500w, https:\/\/vhrc.fr\/wp-content\/uploads\/2017\/02\/beaumont-mx-768x580.jpg 768w, https:\/\/vhrc.fr\/wp-content\/uploads\/2017\/02\/beaumont-mx-800x604.jpg 800w, https:\/\/vhrc.fr\/wp-content\/uploads\/2017\/02\/beaumont-mx.jpg 817w\" sizes=\"auto, (max-width: 400px) 100vw, 400px\" \/><\/a>\n<h4 class=\"pt-cv-title\"><a href=\"https:\/\/vhrc.fr\/en\/historique\/vhrc-lhistorique\/2019-vhrc\/2019-m2-beaumont-monteux\/\" class=\"_self\" target=\"_self\" >2019 M2 Beaumont Monteux<\/a><\/h4>\n<div class=\"pt-cv-content\">2e manche du challenge Manche 2 : VHRC 2019 - Beaumont Monteux Pour cette seconde manche du VHRC 2019, nous ...<br \/><div class=\"pt-cv-rmwrap\"><a href=\"https:\/\/vhrc.fr\/en\/historique\/vhrc-lhistorique\/2019-vhrc\/2019-m2-beaumont-monteux\/\" class=\"_self pt-cv-readmore btn btn-success\" target=\"_self\">Lire La Suite\u2026<\/a><\/div><\/div><\/div><\/div>\n<div class=\"col-md-6 col-sm-6 col-xs-12 pt-cv-content-item pt-cv-1-col\" ><div class='pt-cv-ifield'><a href=\"https:\/\/vhrc.fr\/en\/historique\/vhrc-lhistorique\/2019-vhrc\/2019-m3-romagnat\/\" class=\"_self pt-cv-href-thumbnail pt-cv-thumb-default\" target=\"_self\" ><img loading=\"lazy\" decoding=\"async\" width=\"400\" height=\"400\" src=\"https:\/\/vhrc.fr\/wp-content\/uploads\/2019\/04\/CIRCUIT-MODELISME-CLERMONT-FERRAND-PISTE-ARMCA-GERGOVIE-400x400.jpg\" class=\"pt-cv-thumbnail\" alt=\"\" srcset=\"https:\/\/vhrc.fr\/wp-content\/uploads\/2019\/04\/CIRCUIT-MODELISME-CLERMONT-FERRAND-PISTE-ARMCA-GERGOVIE-400x400.jpg 400w, https:\/\/vhrc.fr\/wp-content\/uploads\/2019\/04\/CIRCUIT-MODELISME-CLERMONT-FERRAND-PISTE-ARMCA-GERGOVIE-150x150.jpg 150w, https:\/\/vhrc.fr\/wp-content\/uploads\/2019\/04\/CIRCUIT-MODELISME-CLERMONT-FERRAND-PISTE-ARMCA-GERGOVIE.jpg 626w\" sizes=\"auto, (max-width: 400px) 100vw, 400px\" \/><\/a>\n<h4 class=\"pt-cv-title\"><a href=\"https:\/\/vhrc.fr\/en\/historique\/vhrc-lhistorique\/2019-vhrc\/2019-m3-romagnat\/\" class=\"_self\" target=\"_self\" >2019 M3 Romagnat<\/a><\/h4>\n<div class=\"pt-cv-content\">Vid\u00e9os R\u00e9sum\u00e9 Le VHRC 1\/4 CHALLENGE. Compte rendu de la manche 3 du VHRC \u00bc \u00e0 GERGOVIE en date des ...<br \/><div class=\"pt-cv-rmwrap\"><a href=\"https:\/\/vhrc.fr\/en\/historique\/vhrc-lhistorique\/2019-vhrc\/2019-m3-romagnat\/\" class=\"_self pt-cv-readmore btn btn-success\" target=\"_self\">Lire La Suite\u2026<\/a><\/div><\/div><\/div><\/div>\n<div class=\"col-md-6 col-sm-6 col-xs-12 pt-cv-content-item pt-cv-1-col\" ><div class='pt-cv-ifield'><a href=\"https:\/\/vhrc.fr\/en\/historique\/vhrc-lhistorique\/2019-vhrc\/2019-m4-grenoble\/\" class=\"_self pt-cv-href-thumbnail pt-cv-thumb-default\" target=\"_self\" ><img loading=\"lazy\" decoding=\"async\" width=\"400\" height=\"341\" src=\"https:\/\/vhrc.fr\/wp-content\/uploads\/2017\/02\/racg-500x426.jpg\" class=\"pt-cv-thumbnail\" alt=\"\" srcset=\"https:\/\/vhrc.fr\/wp-content\/uploads\/2017\/02\/racg-500x426.jpg 500w, https:\/\/vhrc.fr\/wp-content\/uploads\/2017\/02\/racg.jpg 725w\" sizes=\"auto, (max-width: 400px) 100vw, 400px\" \/><\/a>\n<h4 class=\"pt-cv-title\"><a href=\"https:\/\/vhrc.fr\/en\/historique\/vhrc-lhistorique\/2019-vhrc\/2019-m4-grenoble\/\" class=\"_self\" target=\"_self\" >2019 M4 Grenoble<\/a><\/h4>\n<div class=\"pt-cv-content\">MANCHE 4 Les\u00a0 22\/23 JUIN 2019, Circuit Grenoble \/Club RACG Rte du bois Fran\u00e7ais\/ Montbonnot -St Martin38330 Compte rendu ,M4 ...<br \/><div class=\"pt-cv-rmwrap\"><a href=\"https:\/\/vhrc.fr\/en\/historique\/vhrc-lhistorique\/2019-vhrc\/2019-m4-grenoble\/\" class=\"_self pt-cv-readmore btn btn-success\" target=\"_self\">Lire La Suite\u2026<\/a><\/div><\/div><\/div><\/div>\n<div class=\"col-md-6 col-sm-6 col-xs-12 pt-cv-content-item pt-cv-1-col\" ><div class='pt-cv-ifield'><a href=\"https:\/\/vhrc.fr\/en\/historique\/vhrc-lhistorique\/2019-vhrc\/2019-m5-st-affrique\/\" class=\"_self pt-cv-href-thumbnail pt-cv-thumb-default\" target=\"_self\" ><img loading=\"lazy\" decoding=\"async\" width=\"400\" height=\"239\" src=\"https:\/\/vhrc.fr\/wp-content\/uploads\/2017\/02\/saint-affrique-500x299.jpg\" class=\"pt-cv-thumbnail\" alt=\"\" srcset=\"https:\/\/vhrc.fr\/wp-content\/uploads\/2017\/02\/saint-affrique-500x299.jpg 500w, https:\/\/vhrc.fr\/wp-content\/uploads\/2017\/02\/saint-affrique-768x459.jpg 768w, https:\/\/vhrc.fr\/wp-content\/uploads\/2017\/02\/saint-affrique-800x478.jpg 800w, https:\/\/vhrc.fr\/wp-content\/uploads\/2017\/02\/saint-affrique.jpg 1104w\" sizes=\"auto, (max-width: 400px) 100vw, 400px\" \/><\/a>\n<h4 class=\"pt-cv-title\"><a href=\"https:\/\/vhrc.fr\/en\/historique\/vhrc-lhistorique\/2019-vhrc\/2019-m5-st-affrique\/\" class=\"_self\" target=\"_self\" >2019 M5 St Affrique<\/a><\/h4>\n<div class=\"pt-cv-content\">Manche 5 : VHRC 2019 \u2013 St Affrique Pour cette cinqui\u00e8me manche du VHRC 2019, nous retrouvons 7 pilotes inscrits, ...<br \/><div class=\"pt-cv-rmwrap\"><a href=\"https:\/\/vhrc.fr\/en\/historique\/vhrc-lhistorique\/2019-vhrc\/2019-m5-st-affrique\/\" class=\"_self pt-cv-readmore btn btn-success\" target=\"_self\">Lire La Suite\u2026<\/a><\/div><\/div><\/div><\/div>\n<div class=\"col-md-6 col-sm-6 col-xs-12 pt-cv-content-item pt-cv-1-col\" ><div class='pt-cv-ifield'><a href=\"https:\/\/vhrc.fr\/en\/historique\/vhrc-lhistorique\/2019-vhrc\/2019-m6-montpellier\/\" class=\"_self pt-cv-href-thumbnail pt-cv-thumb-default\" target=\"_self\" ><img loading=\"lazy\" decoding=\"async\" width=\"400\" height=\"249\" src=\"https:\/\/vhrc.fr\/wp-content\/uploads\/2012\/01\/circuit-AMO-montpellier-satellite1-500x311.jpg\" class=\"pt-cv-thumbnail\" alt=\"\" srcset=\"https:\/\/vhrc.fr\/wp-content\/uploads\/2012\/01\/circuit-AMO-montpellier-satellite1-500x311.jpg 500w, https:\/\/vhrc.fr\/wp-content\/uploads\/2012\/01\/circuit-AMO-montpellier-satellite1-800x498.jpg 800w, https:\/\/vhrc.fr\/wp-content\/uploads\/2012\/01\/circuit-AMO-montpellier-satellite1.jpg 1000w\" sizes=\"auto, (max-width: 400px) 100vw, 400px\" \/><\/a>\n<h4 class=\"pt-cv-title\"><a href=\"https:\/\/vhrc.fr\/en\/historique\/vhrc-lhistorique\/2019-vhrc\/2019-m6-montpellier\/\" class=\"_self\" target=\"_self\" >2019 M6 Montpellier<\/a><\/h4>\n<div class=\"pt-cv-content\">Pour cette sixi\u00e8me manche du VHRC 2019, nous retrouvons 8 pilotes inscrits, historique et libre m\u00e9lang\u00e9s. Marc C, Jean-Claude L, ...<br \/><div class=\"pt-cv-rmwrap\"><a href=\"https:\/\/vhrc.fr\/en\/historique\/vhrc-lhistorique\/2019-vhrc\/2019-m6-montpellier\/\" class=\"_self pt-cv-readmore btn btn-success\" target=\"_self\">Lire La Suite\u2026<\/a><\/div><\/div><\/div><\/div>\n<div class=\"col-md-6 col-sm-6 col-xs-12 pt-cv-content-item pt-cv-1-col\" ><div class='pt-cv-ifield'><a href=\"https:\/\/vhrc.fr\/en\/historique\/vhrc-lhistorique\/2019-vhrc\/2019-m7-orange\/\" class=\"_self pt-cv-href-thumbnail pt-cv-thumb-default\" target=\"_self\" ><img loading=\"lazy\" decoding=\"async\" width=\"400\" height=\"210\" src=\"https:\/\/vhrc.fr\/wp-content\/uploads\/2017\/02\/piste-pmo-ciel-500x262.jpg\" class=\"pt-cv-thumbnail\" alt=\"\" srcset=\"https:\/\/vhrc.fr\/wp-content\/uploads\/2017\/02\/piste-pmo-ciel-500x262.jpg 500w, https:\/\/vhrc.fr\/wp-content\/uploads\/2017\/02\/piste-pmo-ciel-768x403.jpg 768w, https:\/\/vhrc.fr\/wp-content\/uploads\/2017\/02\/piste-pmo-ciel-800x420.jpg 800w, https:\/\/vhrc.fr\/wp-content\/uploads\/2017\/02\/piste-pmo-ciel.jpg 2048w\" sizes=\"auto, (max-width: 400px) 100vw, 400px\" \/><\/a>\n<h4 class=\"pt-cv-title\"><a href=\"https:\/\/vhrc.fr\/en\/historique\/vhrc-lhistorique\/2019-vhrc\/2019-m7-orange\/\" class=\"_self\" target=\"_self\" >2019 M7 Orange<\/a><\/h4>\n<div class=\"pt-cv-content\">circuit PMO parc expos d'Orange pour la course finale de la saison 2019 du VHRC vid\u00e9o R\u00e9sum\u00e9 Pour cette derni\u00e8re ...<br \/><div class=\"pt-cv-rmwrap\"><a href=\"https:\/\/vhrc.fr\/en\/historique\/vhrc-lhistorique\/2019-vhrc\/2019-m7-orange\/\" class=\"_self pt-cv-readmore btn btn-success\" target=\"_self\">Lire La Suite\u2026<\/a><\/div><\/div><\/div><\/div><\/div><\/div><\/div>\r\n<h1>Classement final 2019<\/h1>\r\n<p><a href=\"http:\/\/vhrc.fr\/wp-content\/uploads\/2019\/11\/Classement-VHRC-2019-s.pdf\">Classement VHRC 2019<\/a><\/p>\r\n<p><a href=\"http:\/\/vhrc.fr\/wp-content\/uploads\/2019\/11\/Classement-VHRC-2019-s.pdf\"><img loading=\"lazy\" decoding=\"async\" class=\"alignnone wp-image-9042 size-medium\" src=\"http:\/\/vhrc.fr\/wp-content\/uploads\/2019\/11\/Classement-VHRC-2019-s-400x98.jpg\" alt=\"vhrc 2019 classement\" width=\"400\" height=\"98\" srcset=\"https:\/\/vhrc.fr\/wp-content\/uploads\/2019\/11\/Classement-VHRC-2019-s-400x98.jpg 400w, https:\/\/vhrc.fr\/wp-content\/uploads\/2019\/11\/Classement-VHRC-2019-s-768x189.jpg 768w, https:\/\/vhrc.fr\/wp-content\/uploads\/2019\/11\/Classement-VHRC-2019-s-800x197.jpg 800w, https:\/\/vhrc.fr\/wp-content\/uploads\/2019\/11\/Classement-VHRC-2019-s.jpg 1814w\" sizes=\"auto, (max-width: 400px) 100vw, 400px\" \/><\/a><\/p>","protected":false},"excerpt":{"rendered":"<p>bient\u00f4t la 17e saison du challenge des voitures RC au 1:4 MARS 31 Montpellier AVRIL 13\/14 Beaumont MONTEUX AVRIL 27\/28<\/p>","protected":false},"author":5,"featured_media":8695,"parent":686,"menu_order":0,"comment_status":"closed","ping_status":"closed","template":"","meta":{"colormag_page_container_layout":"default_layout","colormag_page_sidebar_layout":"default_layout","footnotes":""},"class_list":["post-8694","page","type-page","status-publish","has-post-thumbnail","hentry"],"_links":{"self":[{"href":"https:\/\/vhrc.fr\/en\/wp-json\/wp\/v2\/pages\/8694","targetHints":{"allow":["GET"]}}],"collection":[{"href":"https:\/\/vhrc.fr\/en\/wp-json\/wp\/v2\/pages"}],"about":[{"href":"https:\/\/vhrc.fr\/en\/wp-json\/wp\/v2\/types\/page"}],"author":[{"embeddable":true,"href":"https:\/\/vhrc.fr\/en\/wp-json\/wp\/v2\/users\/5"}],"replies":[{"embeddable":true,"href":"https:\/\/vhrc.fr\/en\/wp-json\/wp\/v2\/comments?post=8694"}],"version-history":[{"count":9,"href":"https:\/\/vhrc.fr\/en\/wp-json\/wp\/v2\/pages\/8694\/revisions"}],"predecessor-version":[{"id":9043,"href":"https:\/\/vhrc.fr\/en\/wp-json\/wp\/v2\/pages\/8694\/revisions\/9043"}],"up":[{"embeddable":true,"href":"https:\/\/vhrc.fr\/en\/wp-json\/wp\/v2\/pages\/686"}],"wp:featuredmedia":[{"embeddable":true,"href":"https:\/\/vhrc.fr\/en\/wp-json\/wp\/v2\/media\/8695"}],"wp:attachment":[{"href":"https:\/\/vhrc.fr\/en\/wp-json\/wp\/v2\/media?parent=8694"}],"curies":[{"name":"wp","href":"https:\/\/api.w.org\/{rel}","templated":true}]}}