{"id":8722,"date":"2019-03-05T18:32:50","date_gmt":"2019-03-05T17:32:50","guid":{"rendered":"http:\/\/vhrc.fr\/?page_id=8722"},"modified":"2025-07-08T09:23:25","modified_gmt":"2025-07-08T08:23:25","slug":"2019-m1-montpellier","status":"publish","type":"page","link":"https:\/\/vhrc.fr\/en\/historique\/vhrc-lhistorique\/2019-vhrc\/2019-m1-montpellier\/","title":{"rendered":"2019 M1 Montpellier"},"content":{"rendered":"<p>Premi\u00e8re manche au circuit <i>de Grammont \u00e0 Montpellier<\/i><\/p>\n<h1>VHRC \u00bc, 31\/03\/2019, rapide compte rendu!<\/h1>\n<p>La 1\u00e9re manche s&rsquo;est d\u00e9roul\u00e9e \u00a0au circuit de Grammont \u00e0 Montpellier,<\/p>\n<p>Seulement 5 pilotes\u00a0! Sous un soleil \u00e9clatant,<\/p>\n<h2>Le matin au Menu ! ,3 qualifs de 10minutes,<\/h2>\n<p>Nous verrons\u00a0:<\/p>\n<p>Daniel B\u00e9gou\u00a0:<\/p>\n<p>Spider 905 : Grillera deux couronnes de transmission,finira par changer l&rsquo;axe us\u00e9,probl\u00e9me r\u00e9solu !\u00a0 3\u00e9 des qualifs,<\/p>\n<p>Maurice Blan\u00e9s:<\/p>\n<p>Nouveau venu au VHRC 2019 ,Fera beaucoup de m\u00e9ca\u00a0!<\/p>\n<p>Porsche 930,\u00a0 class\u00e9\u00a0 5\u00e9 des qualifs,<\/p>\n<p>Marc Coronas\u00a0:<\/p>\n<p>Le m\u00e9tronome ,intouchable\u00a0!<\/p>\n<p>Nissan ZX ,terminera 1\u00e9r des Qualifs,<\/p>\n<p>Jean Claude LEMOINE :<\/p>\n<p>Arborait sa nouvelle monture une superbe Alpine A110,<\/p>\n<p>Finira 4\u00e9 des qualifs,<\/p>\n<p>Luc Giardini\u00a0:<\/p>\n<p>Porsche 930,finira 2\u00e9 des QUALIFS,<\/p>\n<h2>L&rsquo;apr\u00e9s midi\u00a0:\u00a0 3 Finales de\u00a0 15minutes,<\/h2>\n<p>Marc Coronas,fera un festiva lde pilotage,roulera plein \u00ab pot \u00bb, Podium 1er,<\/p>\n<p>Daniel\u00a0 B\u00e9gou : Ne pourra suivre le train du 1er ,la m\u00e9ca, tiendra terminera 2\u00e9,<\/p>\n<p>J C Lemoine, Et oui sur le podium, l&rsquo;alpine lui r\u00e9ussit,malgr\u00e9 qq sorties\u00a0! Terminera 3\u00e9,<\/p>\n<p>Maurice Blan\u00e9s\u00a0: Voiture difficile a piloter car la mise au point n&rsquo;est pas termin\u00e9e ,4\u00e9,<\/p>\n<p>Luc Giardini:Fera une seule finale: Axe de fus\u00e9e arri\u00e8re tordu,ne r\u00e9parera pas !terminera 5\u00e9,<\/p>\n<p>-Belle journ\u00e9e de courses ou les retrouvailles font plaisir, le pilotage \u00e9tait au RDV des \u00bc \u00ab boys \u00bb<\/p>\n<p>Le plaisir de rouler bien pr\u00e9sent,la prochaine <a href=\"http:\/\/vhrc.fr\/en\/historique\/vhrc-lhistorique\/2019-vhrc\/2019-m2-beaumont-monteux\/\">manche Beaumont Monteux<\/a>,le 14\/04.<\/p>\n<figure id=\"attachment_8853\" aria-describedby=\"caption-attachment-8853\" style=\"width: 640px\" class=\"wp-caption alignnone\"><a href=\"http:\/\/vhrc.fr\/wp-content\/uploads\/2019\/04\/vhrc2019_m1_12.jpg\"><img loading=\"lazy\" decoding=\"async\" class=\"size-large wp-image-8853\" src=\"http:\/\/vhrc.fr\/wp-content\/uploads\/2019\/04\/vhrc2019_m1_12-800x800.jpg\" alt=\"\" width=\"640\" height=\"640\" srcset=\"https:\/\/vhrc.fr\/wp-content\/uploads\/2019\/04\/vhrc2019_m1_12-800x800.jpg 800w, https:\/\/vhrc.fr\/wp-content\/uploads\/2019\/04\/vhrc2019_m1_12-150x150.jpg 150w, https:\/\/vhrc.fr\/wp-content\/uploads\/2019\/04\/vhrc2019_m1_12-400x400.jpg 400w, https:\/\/vhrc.fr\/wp-content\/uploads\/2019\/04\/vhrc2019_m1_12-768x768.jpg 768w, https:\/\/vhrc.fr\/wp-content\/uploads\/2019\/04\/vhrc2019_m1_12.jpg 1200w\" sizes=\"auto, (max-width: 640px) 100vw, 640px\" \/><\/a><figcaption id=\"caption-attachment-8853\" class=\"wp-caption-text\">podium vhrc 2019 m1 montpellier<\/figcaption><\/figure>\n<h2>photos<\/h2>\n<p>&nbsp;<\/p>\n<div id='gallery-1' class='gallery galleryid-8722 gallery-columns-3 gallery-size-colormag-featured-image'><figure class='gallery-item'>\n\t\t\t<div class='gallery-icon landscape'>\n\t\t\t\t<a href='https:\/\/vhrc.fr\/wp-content\/uploads\/2019\/04\/vhrc2019_m101.jpg'><img loading=\"lazy\" decoding=\"async\" width=\"593\" height=\"445\" src=\"https:\/\/vhrc.fr\/wp-content\/uploads\/2019\/04\/vhrc2019_m101.jpg\" class=\"attachment-colormag-featured-image size-colormag-featured-image\" alt=\"\" aria-describedby=\"gallery-1-8839\" srcset=\"https:\/\/vhrc.fr\/wp-content\/uploads\/2019\/04\/vhrc2019_m101.jpg 1600w, https:\/\/vhrc.fr\/wp-content\/uploads\/2019\/04\/vhrc2019_m101-400x300.jpg 400w, https:\/\/vhrc.fr\/wp-content\/uploads\/2019\/04\/vhrc2019_m101-768x576.jpg 768w, https:\/\/vhrc.fr\/wp-content\/uploads\/2019\/04\/vhrc2019_m101-800x600.jpg 800w\" sizes=\"auto, (max-width: 593px) 100vw, 593px\" \/><\/a>\n\t\t\t<\/div>\n\t\t\t\t<figcaption class='wp-caption-text gallery-caption' id='gallery-1-8839'>\n\t\t\t\tmaurice\n\t\t\t\t<\/figcaption><\/figure><figure class='gallery-item'>\n\t\t\t<div class='gallery-icon landscape'>\n\t\t\t\t<a href='https:\/\/vhrc.fr\/wp-content\/uploads\/2019\/04\/vhrc2019_m102.jpg'><img loading=\"lazy\" decoding=\"async\" width=\"593\" height=\"445\" src=\"https:\/\/vhrc.fr\/wp-content\/uploads\/2019\/04\/vhrc2019_m102.jpg\" class=\"attachment-colormag-featured-image size-colormag-featured-image\" alt=\"\" aria-describedby=\"gallery-1-8840\" srcset=\"https:\/\/vhrc.fr\/wp-content\/uploads\/2019\/04\/vhrc2019_m102.jpg 1600w, https:\/\/vhrc.fr\/wp-content\/uploads\/2019\/04\/vhrc2019_m102-400x300.jpg 400w, https:\/\/vhrc.fr\/wp-content\/uploads\/2019\/04\/vhrc2019_m102-768x576.jpg 768w, https:\/\/vhrc.fr\/wp-content\/uploads\/2019\/04\/vhrc2019_m102-800x600.jpg 800w\" sizes=\"auto, (max-width: 593px) 100vw, 593px\" \/><\/a>\n\t\t\t<\/div>\n\t\t\t\t<figcaption class='wp-caption-text gallery-caption' id='gallery-1-8840'>\n\t\t\t\tdaniel\n\t\t\t\t<\/figcaption><\/figure><figure class='gallery-item'>\n\t\t\t<div class='gallery-icon landscape'>\n\t\t\t\t<a href='https:\/\/vhrc.fr\/wp-content\/uploads\/2019\/04\/vhrc2019_m103.jpg'><img loading=\"lazy\" decoding=\"async\" width=\"593\" height=\"445\" src=\"https:\/\/vhrc.fr\/wp-content\/uploads\/2019\/04\/vhrc2019_m103.jpg\" class=\"attachment-colormag-featured-image size-colormag-featured-image\" alt=\"\" aria-describedby=\"gallery-1-8841\" srcset=\"https:\/\/vhrc.fr\/wp-content\/uploads\/2019\/04\/vhrc2019_m103.jpg 1600w, https:\/\/vhrc.fr\/wp-content\/uploads\/2019\/04\/vhrc2019_m103-400x300.jpg 400w, https:\/\/vhrc.fr\/wp-content\/uploads\/2019\/04\/vhrc2019_m103-768x576.jpg 768w, https:\/\/vhrc.fr\/wp-content\/uploads\/2019\/04\/vhrc2019_m103-800x600.jpg 800w\" sizes=\"auto, (max-width: 593px) 100vw, 593px\" \/><\/a>\n\t\t\t<\/div>\n\t\t\t\t<figcaption class='wp-caption-text gallery-caption' id='gallery-1-8841'>\n\t\t\t\tjean luc\n\t\t\t\t<\/figcaption><\/figure><figure class='gallery-item'>\n\t\t\t<div class='gallery-icon landscape'>\n\t\t\t\t<a href='https:\/\/vhrc.fr\/wp-content\/uploads\/2019\/04\/vhrc2019_m104.jpg'><img loading=\"lazy\" decoding=\"async\" width=\"593\" height=\"445\" src=\"https:\/\/vhrc.fr\/wp-content\/uploads\/2019\/04\/vhrc2019_m104.jpg\" class=\"attachment-colormag-featured-image size-colormag-featured-image\" alt=\"\" aria-describedby=\"gallery-1-8842\" srcset=\"https:\/\/vhrc.fr\/wp-content\/uploads\/2019\/04\/vhrc2019_m104.jpg 1600w, https:\/\/vhrc.fr\/wp-content\/uploads\/2019\/04\/vhrc2019_m104-400x300.jpg 400w, https:\/\/vhrc.fr\/wp-content\/uploads\/2019\/04\/vhrc2019_m104-768x576.jpg 768w, https:\/\/vhrc.fr\/wp-content\/uploads\/2019\/04\/vhrc2019_m104-800x600.jpg 800w\" sizes=\"auto, (max-width: 593px) 100vw, 593px\" \/><\/a>\n\t\t\t<\/div>\n\t\t\t\t<figcaption class='wp-caption-text gallery-caption' id='gallery-1-8842'>\n\t\t\t\tmontpellier amo\n\t\t\t\t<\/figcaption><\/figure><figure class='gallery-item'>\n\t\t\t<div class='gallery-icon landscape'>\n\t\t\t\t<a href='https:\/\/vhrc.fr\/wp-content\/uploads\/2019\/04\/vhrc2019_m1_09.jpg'><img loading=\"lazy\" decoding=\"async\" width=\"791\" height=\"445\" src=\"https:\/\/vhrc.fr\/wp-content\/uploads\/2019\/04\/vhrc2019_m1_09.jpg\" class=\"attachment-colormag-featured-image size-colormag-featured-image\" alt=\"\" aria-describedby=\"gallery-1-8850\" srcset=\"https:\/\/vhrc.fr\/wp-content\/uploads\/2019\/04\/vhrc2019_m1_09.jpg 1600w, https:\/\/vhrc.fr\/wp-content\/uploads\/2019\/04\/vhrc2019_m1_09-400x225.jpg 400w, https:\/\/vhrc.fr\/wp-content\/uploads\/2019\/04\/vhrc2019_m1_09-768x432.jpg 768w, https:\/\/vhrc.fr\/wp-content\/uploads\/2019\/04\/vhrc2019_m1_09-800x450.jpg 800w\" sizes=\"auto, (max-width: 791px) 100vw, 791px\" \/><\/a>\n\t\t\t<\/div>\n\t\t\t\t<figcaption class='wp-caption-text gallery-caption' id='gallery-1-8850'>\n\t\t\t\tlaro nissan 300 zx\n\t\t\t\t<\/figcaption><\/figure><figure class='gallery-item'>\n\t\t\t<div class='gallery-icon landscape'>\n\t\t\t\t<a href='https:\/\/vhrc.fr\/wp-content\/uploads\/2019\/04\/vhrc2019_m1_10.jpg'><img loading=\"lazy\" decoding=\"async\" width=\"791\" height=\"445\" src=\"https:\/\/vhrc.fr\/wp-content\/uploads\/2019\/04\/vhrc2019_m1_10.jpg\" class=\"attachment-colormag-featured-image size-colormag-featured-image\" alt=\"\" aria-describedby=\"gallery-1-8851\" srcset=\"https:\/\/vhrc.fr\/wp-content\/uploads\/2019\/04\/vhrc2019_m1_10.jpg 1600w, https:\/\/vhrc.fr\/wp-content\/uploads\/2019\/04\/vhrc2019_m1_10-400x225.jpg 400w, https:\/\/vhrc.fr\/wp-content\/uploads\/2019\/04\/vhrc2019_m1_10-768x432.jpg 768w, https:\/\/vhrc.fr\/wp-content\/uploads\/2019\/04\/vhrc2019_m1_10-800x450.jpg 800w\" sizes=\"auto, (max-width: 791px) 100vw, 791px\" \/><\/a>\n\t\t\t<\/div>\n\t\t\t\t<figcaption class='wp-caption-text gallery-caption' id='gallery-1-8851'>\n\t\t\t\talpine a110 1:4\n\t\t\t\t<\/figcaption><\/figure><figure class='gallery-item'>\n\t\t\t<div class='gallery-icon landscape'>\n\t\t\t\t<a href='https:\/\/vhrc.fr\/wp-content\/uploads\/2019\/04\/vhrc2019_m1_11.jpg'><img loading=\"lazy\" decoding=\"async\" width=\"791\" height=\"445\" src=\"https:\/\/vhrc.fr\/wp-content\/uploads\/2019\/04\/vhrc2019_m1_11.jpg\" class=\"attachment-colormag-featured-image size-colormag-featured-image\" alt=\"\" aria-describedby=\"gallery-1-8852\" srcset=\"https:\/\/vhrc.fr\/wp-content\/uploads\/2019\/04\/vhrc2019_m1_11.jpg 1600w, https:\/\/vhrc.fr\/wp-content\/uploads\/2019\/04\/vhrc2019_m1_11-400x225.jpg 400w, https:\/\/vhrc.fr\/wp-content\/uploads\/2019\/04\/vhrc2019_m1_11-768x432.jpg 768w, https:\/\/vhrc.fr\/wp-content\/uploads\/2019\/04\/vhrc2019_m1_11-800x450.jpg 800w\" sizes=\"auto, (max-width: 791px) 100vw, 791px\" \/><\/a>\n\t\t\t<\/div>\n\t\t\t\t<figcaption class='wp-caption-text gallery-caption' id='gallery-1-8852'>\n\t\t\t\talpine a110 1:4\n\t\t\t\t<\/figcaption><\/figure><figure class='gallery-item'>\n\t\t\t<div class='gallery-icon landscape'>\n\t\t\t\t<a href='https:\/\/vhrc.fr\/wp-content\/uploads\/2019\/04\/vhrc2019_m1_12.jpg'><img loading=\"lazy\" decoding=\"async\" width=\"445\" height=\"445\" src=\"https:\/\/vhrc.fr\/wp-content\/uploads\/2019\/04\/vhrc2019_m1_12.jpg\" class=\"attachment-colormag-featured-image size-colormag-featured-image\" alt=\"\" aria-describedby=\"gallery-1-8853\" srcset=\"https:\/\/vhrc.fr\/wp-content\/uploads\/2019\/04\/vhrc2019_m1_12.jpg 1200w, https:\/\/vhrc.fr\/wp-content\/uploads\/2019\/04\/vhrc2019_m1_12-150x150.jpg 150w, https:\/\/vhrc.fr\/wp-content\/uploads\/2019\/04\/vhrc2019_m1_12-400x400.jpg 400w, https:\/\/vhrc.fr\/wp-content\/uploads\/2019\/04\/vhrc2019_m1_12-768x768.jpg 768w, https:\/\/vhrc.fr\/wp-content\/uploads\/2019\/04\/vhrc2019_m1_12-800x800.jpg 800w\" sizes=\"auto, (max-width: 445px) 100vw, 445px\" \/><\/a>\n\t\t\t<\/div>\n\t\t\t\t<figcaption class='wp-caption-text gallery-caption' id='gallery-1-8853'>\n\t\t\t\tpodium vhrc 2019 m1 montpellier\n\t\t\t\t<\/figcaption><\/figure>\n\t\t<\/div>\n\n<p>&nbsp;<\/p>","protected":false},"excerpt":{"rendered":"<p>Premi\u00e8re manche au circuit de Grammont \u00e0 Montpellier VHRC \u00bc, 31\/03\/2019, rapide compte rendu! La 1\u00e9re manche s&rsquo;est d\u00e9roul\u00e9e \u00a0au<\/p>","protected":false},"author":5,"featured_media":2135,"parent":8694,"menu_order":0,"comment_status":"closed","ping_status":"closed","template":"","meta":{"colormag_page_container_layout":"default_layout","colormag_page_sidebar_layout":"default_layout","footnotes":""},"class_list":["post-8722","page","type-page","status-publish","has-post-thumbnail","hentry"],"_links":{"self":[{"href":"https:\/\/vhrc.fr\/en\/wp-json\/wp\/v2\/pages\/8722","targetHints":{"allow":["GET"]}}],"collection":[{"href":"https:\/\/vhrc.fr\/en\/wp-json\/wp\/v2\/pages"}],"about":[{"href":"https:\/\/vhrc.fr\/en\/wp-json\/wp\/v2\/types\/page"}],"author":[{"embeddable":true,"href":"https:\/\/vhrc.fr\/en\/wp-json\/wp\/v2\/users\/5"}],"replies":[{"embeddable":true,"href":"https:\/\/vhrc.fr\/en\/wp-json\/wp\/v2\/comments?post=8722"}],"version-history":[{"count":6,"href":"https:\/\/vhrc.fr\/en\/wp-json\/wp\/v2\/pages\/8722\/revisions"}],"predecessor-version":[{"id":8856,"href":"https:\/\/vhrc.fr\/en\/wp-json\/wp\/v2\/pages\/8722\/revisions\/8856"}],"up":[{"embeddable":true,"href":"https:\/\/vhrc.fr\/en\/wp-json\/wp\/v2\/pages\/8694"}],"wp:featuredmedia":[{"embeddable":true,"href":"https:\/\/vhrc.fr\/en\/wp-json\/wp\/v2\/media\/2135"}],"wp:attachment":[{"href":"https:\/\/vhrc.fr\/en\/wp-json\/wp\/v2\/media?parent=8722"}],"curies":[{"name":"wp","href":"https:\/\/api.w.org\/{rel}","templated":true}]}}