{"id":8726,"date":"2019-03-05T18:36:15","date_gmt":"2019-03-05T17:36:15","guid":{"rendered":"http:\/\/vhrc.fr\/?page_id=8726"},"modified":"2025-07-08T09:23:25","modified_gmt":"2025-07-08T08:23:25","slug":"2019-m2-beaumont-monteux","status":"publish","type":"page","link":"https:\/\/vhrc.fr\/en\/historique\/vhrc-lhistorique\/2019-vhrc\/2019-m2-beaumont-monteux\/","title":{"rendered":"2019 M2 Beaumont Monteux"},"content":{"rendered":"<p>2e manche du challenge<\/p>\n<h1>Manche 2 : VHRC 2019 &#8211; Beaumont Monteux<\/h1>\n<p><a href=\"http:\/\/vhrc.fr\/wp-content\/uploads\/2019\/04\/vhrc2019m2-10.jpg\"><img loading=\"lazy\" decoding=\"async\" class=\"alignnone size-large wp-image-8873\" src=\"http:\/\/vhrc.fr\/wp-content\/uploads\/2019\/04\/vhrc2019m2-10-800x533.jpg\" alt=\"\" width=\"640\" height=\"426\" srcset=\"https:\/\/vhrc.fr\/wp-content\/uploads\/2019\/04\/vhrc2019m2-10-800x533.jpg 800w, https:\/\/vhrc.fr\/wp-content\/uploads\/2019\/04\/vhrc2019m2-10-400x267.jpg 400w, https:\/\/vhrc.fr\/wp-content\/uploads\/2019\/04\/vhrc2019m2-10-768x512.jpg 768w, https:\/\/vhrc.fr\/wp-content\/uploads\/2019\/04\/vhrc2019m2-10.jpg 1600w\" sizes=\"auto, (max-width: 640px) 100vw, 640px\" \/><\/a><\/p>\n<p>&nbsp;<\/p>\n<p>Pour cette seconde manche du VHRC 2019, nous retrouvons 8 pilotes inscrits en cat\u00e9gorie historique et 5 pilotes en cat\u00e9gorie Libre.<\/p>\n<p>Les pilotes Suisses ont fait le d\u00e9placement : Christophe M, Olivier M avec leur m\u00e9cano Marc Menoud. Un pilote Suisse invit\u00e9, Philippe P, se joindra en cat\u00e9gorie Libre avec un mod\u00e8le \u00e9lectrique de marque <a href=\"http:\/\/vhrc.fr\/en\/voitures\/menoud\/\">Menoud<\/a>.<\/p>\n<figure id=\"attachment_8876\" aria-describedby=\"caption-attachment-8876\" style=\"width: 640px\" class=\"wp-caption alignnone\"><a href=\"http:\/\/vhrc.fr\/wp-content\/uploads\/2019\/04\/vhrc2019m2-13.jpg\"><img loading=\"lazy\" decoding=\"async\" class=\"size-large wp-image-8876\" src=\"http:\/\/vhrc.fr\/wp-content\/uploads\/2019\/04\/vhrc2019m2-13-800x600.jpg\" alt=\"\" width=\"640\" height=\"480\" srcset=\"https:\/\/vhrc.fr\/wp-content\/uploads\/2019\/04\/vhrc2019m2-13-800x600.jpg 800w, https:\/\/vhrc.fr\/wp-content\/uploads\/2019\/04\/vhrc2019m2-13-400x300.jpg 400w, https:\/\/vhrc.fr\/wp-content\/uploads\/2019\/04\/vhrc2019m2-13-768x576.jpg 768w, https:\/\/vhrc.fr\/wp-content\/uploads\/2019\/04\/vhrc2019m2-13.jpg 1600w\" sizes=\"auto, (max-width: 640px) 100vw, 640px\" \/><\/a><figcaption id=\"caption-attachment-8876\" class=\"wp-caption-text\">team menoud<\/figcaption><\/figure>\n<p>Nicolas G, Julien V et R\u00e9mi C d\u00e9buteront la saison sur ce circuit car absents \u00e0 la premi\u00e8re manche.<\/p>\n<p>En cat\u00e9gorie Historique, un pilote invit\u00e9, Pascal B, du club de Beaumont Monteux pr\u00e9sentera une Porsche FVR.<\/p>\n<p>Jean-Claude L, Marc C, Laurent B, Daniel B, Luc G, et Maurice B seront \u00e9galement pr\u00e9sent.<\/p>\n<p>&nbsp;<\/p>\n<p>&nbsp;<\/p>\n<h1>Les Qualifications<\/h1>\n<p>&nbsp;<\/p>\n<p>Dans les deux cat\u00e9gories, les qualifications seront tr\u00e8s disput\u00e9es.<\/p>\n<p>En historique, R\u00e9mi C d\u00e9crochera la p\u00f4le d&rsquo;une seconde devant Christophe M &#8211; 22 tours en 8 min 18 vs 22 tours en 8 min 19.<\/p>\n<p>Pascal B se placera 3\u00e8me des qualifications avec un 21 tours en 8 min 22.<\/p>\n<p>Suivent Julien V en 20 tours en 8 min 04, Daniel B en 19 tours en 8 min 08, Nicolas G en 19 tours en 8 min 12 et Marc C en 19 tours en 8 min 21.<\/p>\n<p>Laurent B ferme la marche avec un 18 tours en 8 min 17.<\/p>\n<p>Maurice B fera quelques essais mais pr\u00e9f\u00e8rera laisser la voiture aux stands.<\/p>\n<p>&nbsp;<\/p>\n<p>En libre, Christophe M d\u00e9croche la p\u00f4le avec son auto \u00e9lectrique en 20 tours en 8 min 08, devant Luc G en 20 tours en 8 min 09, suivi d&rsquo;Olivier M en 20 tours en 8 min 25. Philippe P se placera 4\u00e8me avec un 19 tours en 8 min 02.<\/p>\n<p>Jean-Claude ferme la marche : il r\u00e9alisera seulement quelques tours de mise au point pour l&rsquo;apr\u00e8s midi.<\/p>\n<p><a href=\"http:\/\/vhrc.fr\/wp-content\/uploads\/2019\/04\/vhrc2019m2-02.jpg\"><img loading=\"lazy\" decoding=\"async\" class=\"alignnone size-large wp-image-8865\" src=\"http:\/\/vhrc.fr\/wp-content\/uploads\/2019\/04\/vhrc2019m2-02-800x534.jpg\" alt=\"\" width=\"640\" height=\"427\" srcset=\"https:\/\/vhrc.fr\/wp-content\/uploads\/2019\/04\/vhrc2019m2-02-800x534.jpg 800w, https:\/\/vhrc.fr\/wp-content\/uploads\/2019\/04\/vhrc2019m2-02-400x267.jpg 400w, https:\/\/vhrc.fr\/wp-content\/uploads\/2019\/04\/vhrc2019m2-02-768x513.jpg 768w, https:\/\/vhrc.fr\/wp-content\/uploads\/2019\/04\/vhrc2019m2-02.jpg 1600w\" sizes=\"auto, (max-width: 640px) 100vw, 640px\" \/><\/a><\/p>\n<p>&nbsp;<\/p>\n<h2>R\u00e9sultats des qualifications :<\/h2>\n<h2>Historique :<\/h2>\n<p>R\u00e9mi C, Christophe M, Pascal B, Julien V, Daniel B, Nicolas G, Marc C, et Laurent B.<\/p>\n<p>&nbsp;<\/p>\n<h2>Libre<\/h2>\n<p>Christophe M, Luc G, Olivier M, Philippe P, et Jean-Claude L.<\/p>\n<p>&nbsp;<\/p>\n<p>&nbsp;<\/p>\n<h1>Les finales<\/h1>\n<figure id=\"attachment_8864\" aria-describedby=\"caption-attachment-8864\" style=\"width: 640px\" class=\"wp-caption alignnone\"><a href=\"http:\/\/vhrc.fr\/wp-content\/uploads\/2019\/04\/vhrc2019m2-01.jpg\"><img loading=\"lazy\" decoding=\"async\" class=\"wp-image-8864 size-large\" src=\"http:\/\/vhrc.fr\/wp-content\/uploads\/2019\/04\/vhrc2019m2-01-800x533.jpg\" alt=\"\" width=\"640\" height=\"426\" srcset=\"https:\/\/vhrc.fr\/wp-content\/uploads\/2019\/04\/vhrc2019m2-01-800x533.jpg 800w, https:\/\/vhrc.fr\/wp-content\/uploads\/2019\/04\/vhrc2019m2-01-400x267.jpg 400w, https:\/\/vhrc.fr\/wp-content\/uploads\/2019\/04\/vhrc2019m2-01-768x512.jpg 768w, https:\/\/vhrc.fr\/wp-content\/uploads\/2019\/04\/vhrc2019m2-01.jpg 1600w\" sizes=\"auto, (max-width: 640px) 100vw, 640px\" \/><\/a><figcaption id=\"caption-attachment-8864\" class=\"wp-caption-text\">photo stephane pelletreau<\/figcaption><\/figure>\n<p>&nbsp;<\/p>\n<h2>Historique :<\/h2>\n<h2>Finale 1 :<\/h2>\n<p>R\u00e9mi C s&rsquo;\u00e9lance en t\u00eate suivi par Christophe M ; les deux pilotes feront le spectacle avec des changements de position durant 15 minutes. Christophe abandonnera dans le dernier tour : chaine saut\u00e9e.<\/p>\n<p>Pascal B s&rsquo;accrochera \u00e0 sa 3\u00e8me position en laissant ses concurrents \u00e0 bonne distance ; Nicolas G n&rsquo;arrivera pas \u00e0 rester au contact de Pascal B. Julien V, dans le rythme de ces deux pilotes, devra abandonner : support couronne fondu. Daniel B, Marc C et Laurent B s&rsquo;\u00e9changeront les positions et Daniel B sortira vainqueur de ce duel \u00e0 trois. Laurent B prot\u00e8gera sa position face \u00e0 Marc C.<\/p>\n<h2>Finale 2 :<\/h2>\n<p>R\u00e9mi C s&rsquo;\u00e9lance en t\u00eate et Christophe M prendra l&rsquo;int\u00e9rieur pour passer au second virage. R\u00e9mi C partira alors en chasse pour remonter ; le d\u00e9passement des retardataires lui fera perdre du temps. Christophe M, alors en t\u00eate, devra abandonner : support couronne fondu.<\/p>\n<p>Pascal B remontera alors en 2nd position et creusera l&rsquo;\u00e9cart sur ses poursuivants. Nicolas G se d\u00e9tachera de Julien V ; Laurent B remontera sur Julien V mais Julien V conservera sa position. Marc C restera proche de deux pilotes devant lui sans arriver \u00e0 passer devant eux. Daniel ferme la marche : une course avec quelques sorties de piste qui lui ont fait perdre du temps.<\/p>\n<p>&nbsp;<\/p>\n<h2>Libre :<\/h2>\n<h2>Finale 1 :<\/h2>\n<p>Les pilotes s&rsquo;\u00e9lancent et Christophe M conserve la t\u00eate. Il fera d&rsquo;ailleurs cavalier seul durant les 15 minutes de course.<\/p>\n<p>Suivent Luc G et Olivier M : ces deux pilotes resteront \u00e0 la m\u00eame distance durant toute la manche ; quelques accrochages feront perdre du temps aux deux pilotes.<\/p>\n<p>Philippe P devra abandonner apr\u00e8s 7 minutes de course \u00e0 cause d&rsquo;un accrochage. Jean-Claude L fermera la marche avec son Alpine.<\/p>\n<p>&nbsp;<\/p>\n<h2>Finale 2 :<\/h2>\n<p>Les pilotes s&rsquo;\u00e9lancent : Luc G s&rsquo;accrochera avec Christophe M au premier virage : abandon de Christophe M : fus\u00e9e arri\u00e8re HS.<\/p>\n<p>Luc G, Philippe P et Olivier M rouleront sur le m\u00eame rythme durant toute la course. Luc G conservera sa premi\u00e8re place. Olivier M n&rsquo;arrivera pas \u00e0 gagner des positions.<\/p>\n<p>Jean-Claude se fera plaisir et finira sa manche en 4\u00e8me position.<\/p>\n<p><a href=\"http:\/\/vhrc.fr\/wp-content\/uploads\/2019\/04\/vhrc2019m2-03.jpg\"><img loading=\"lazy\" decoding=\"async\" class=\"alignnone size-large wp-image-8866\" src=\"http:\/\/vhrc.fr\/wp-content\/uploads\/2019\/04\/vhrc2019m2-03-600x800.jpg\" alt=\"\" width=\"600\" height=\"800\" srcset=\"https:\/\/vhrc.fr\/wp-content\/uploads\/2019\/04\/vhrc2019m2-03-600x800.jpg 600w, https:\/\/vhrc.fr\/wp-content\/uploads\/2019\/04\/vhrc2019m2-03-300x400.jpg 300w, https:\/\/vhrc.fr\/wp-content\/uploads\/2019\/04\/vhrc2019m2-03-768x1024.jpg 768w, https:\/\/vhrc.fr\/wp-content\/uploads\/2019\/04\/vhrc2019m2-03.jpg 1200w\" sizes=\"auto, (max-width: 600px) 100vw, 600px\" \/><\/a><\/p>\n<h2>Meilleurs temps :<\/h2>\n<h2>Historique :<\/h2>\n<p>R\u00e9mi C :\u00a0\u00a0\u00a0\u00a0\u00a0\u00a0\u00a0\u00a0\u00a0\u00a0\u00a0\u00a0 21.200<\/p>\n<p>Christophe M :\u00a0\u00a0\u00a0\u00a0\u00a0\u00a0\u00a0\u00a0\u00a0\u00a0\u00a0\u00a0\u00a0\u00a0 21.229<\/p>\n<p>Pascal B :\u00a0\u00a0\u00a0\u00a0\u00a0\u00a0\u00a0\u00a0\u00a0\u00a0\u00a0\u00a0\u00a0\u00a0\u00a0\u00a0\u00a0\u00a0\u00a0\u00a0\u00a0\u00a0 22.628<\/p>\n<p>Julien V :\u00a0\u00a0\u00a0\u00a0\u00a0\u00a0\u00a0\u00a0\u00a0\u00a0\u00a0 22.776<\/p>\n<p>Nicolas G :\u00a0\u00a0\u00a0\u00a0\u00a0\u00a0\u00a0\u00a0\u00a0\u00a0\u00a0\u00a0\u00a0\u00a0\u00a0\u00a0\u00a0\u00a0\u00a0\u00a0 22.756<\/p>\n<p>Marc C :\u00a0\u00a0\u00a0\u00a0\u00a0\u00a0\u00a0\u00a0\u00a0\u00a0\u00a0 23.978<\/p>\n<p>Daniel B :\u00a0\u00a0\u00a0\u00a0\u00a0\u00a0\u00a0\u00a0\u00a0\u00a0\u00a0\u00a0\u00a0\u00a0\u00a0\u00a0\u00a0\u00a0\u00a0\u00a0\u00a0\u00a0 24.386<\/p>\n<p>Laurent B :\u00a0\u00a0\u00a0\u00a0\u00a0\u00a0\u00a0\u00a0\u00a0\u00a0\u00a0\u00a0\u00a0\u00a0\u00a0\u00a0\u00a0\u00a0\u00a0\u00a0 23.203<\/p>\n<p>&nbsp;<\/p>\n<h2>Libre :<\/h2>\n<p>Christophe M :\u00a0\u00a0\u00a0\u00a0\u00a0\u00a0\u00a0\u00a0\u00a0\u00a0\u00a0\u00a0\u00a0\u00a0 23.800<\/p>\n<p>Philippe P :\u00a0\u00a0\u00a0\u00a0\u00a0\u00a0\u00a0\u00a0\u00a0\u00a0\u00a0\u00a0\u00a0\u00a0\u00a0\u00a0\u00a0\u00a0\u00a0\u00a0 23.284<\/p>\n<p>Olivier M :\u00a0\u00a0\u00a0\u00a0\u00a0\u00a0\u00a0\u00a0\u00a0\u00a0\u00a0\u00a0\u00a0\u00a0\u00a0\u00a0\u00a0\u00a0\u00a0\u00a0\u00a0 22.839<\/p>\n<p>Luc G : \u00a0\u00a0\u00a0\u00a0\u00a0\u00a0\u00a0\u00a0\u00a0\u00a0\u00a0\u00a0\u00a0\u00a0\u00a0\u00a0\u00a0\u00a0\u00a0\u00a0\u00a0\u00a0\u00a0\u00a0\u00a0 23.147<\/p>\n<p>Jean-Claude L :\u00a0\u00a0\u00a0\u00a0\u00a0\u00a0\u00a0\u00a0\u00a0\u00a0\u00a0\u00a0\u00a0 36.587<\/p>\n<p><a href=\"http:\/\/vhrc.fr\/wp-content\/uploads\/2019\/04\/vhrc2019m2-11.jpg\"><img loading=\"lazy\" decoding=\"async\" class=\"alignnone size-large wp-image-8874\" src=\"http:\/\/vhrc.fr\/wp-content\/uploads\/2019\/04\/vhrc2019m2-11-597x800.jpg\" alt=\"\" width=\"597\" height=\"800\" srcset=\"https:\/\/vhrc.fr\/wp-content\/uploads\/2019\/04\/vhrc2019m2-11-597x800.jpg 597w, https:\/\/vhrc.fr\/wp-content\/uploads\/2019\/04\/vhrc2019m2-11-299x400.jpg 299w, https:\/\/vhrc.fr\/wp-content\/uploads\/2019\/04\/vhrc2019m2-11-768x1029.jpg 768w, https:\/\/vhrc.fr\/wp-content\/uploads\/2019\/04\/vhrc2019m2-11.jpg 1194w\" sizes=\"auto, (max-width: 597px) 100vw, 597px\" \/><\/a><\/p>\n<p>&nbsp;<\/p>\n<h2>R\u00e9sultats des qualifications :<\/h2>\n<h2>Historique :<\/h2>\n<p>R\u00e9mi C, Christophe M, Pascal B, Nicolas G, Julien V, Laurent B, Daniel B, et Marc C.<\/p>\n<p>&nbsp;<\/p>\n<h2>Libre<\/h2>\n<p>Luc G, Philippe P, Christophe M, Olivier M, et Jean-Claude L.<\/p>\n<div id='gallery-1' class='gallery galleryid-8726 gallery-columns-3 gallery-size-colormag-featured-image'><figure class='gallery-item'>\n\t\t\t<div class='gallery-icon landscape'>\n\t\t\t\t<a href='https:\/\/vhrc.fr\/wp-content\/uploads\/2019\/04\/vhrc2019m2-01.jpg'><img loading=\"lazy\" decoding=\"async\" width=\"668\" height=\"445\" src=\"https:\/\/vhrc.fr\/wp-content\/uploads\/2019\/04\/vhrc2019m2-01.jpg\" class=\"attachment-colormag-featured-image size-colormag-featured-image\" alt=\"\" srcset=\"https:\/\/vhrc.fr\/wp-content\/uploads\/2019\/04\/vhrc2019m2-01.jpg 1600w, https:\/\/vhrc.fr\/wp-content\/uploads\/2019\/04\/vhrc2019m2-01-400x267.jpg 400w, https:\/\/vhrc.fr\/wp-content\/uploads\/2019\/04\/vhrc2019m2-01-768x512.jpg 768w, https:\/\/vhrc.fr\/wp-content\/uploads\/2019\/04\/vhrc2019m2-01-800x533.jpg 800w\" sizes=\"auto, (max-width: 668px) 100vw, 668px\" \/><\/a>\n\t\t\t<\/div><\/figure><figure class='gallery-item'>\n\t\t\t<div class='gallery-icon landscape'>\n\t\t\t\t<a href='https:\/\/vhrc.fr\/wp-content\/uploads\/2019\/04\/vhrc2019m2-02.jpg'><img loading=\"lazy\" decoding=\"async\" width=\"667\" height=\"445\" src=\"https:\/\/vhrc.fr\/wp-content\/uploads\/2019\/04\/vhrc2019m2-02.jpg\" class=\"attachment-colormag-featured-image size-colormag-featured-image\" alt=\"\" srcset=\"https:\/\/vhrc.fr\/wp-content\/uploads\/2019\/04\/vhrc2019m2-02.jpg 1600w, https:\/\/vhrc.fr\/wp-content\/uploads\/2019\/04\/vhrc2019m2-02-400x267.jpg 400w, https:\/\/vhrc.fr\/wp-content\/uploads\/2019\/04\/vhrc2019m2-02-768x513.jpg 768w, https:\/\/vhrc.fr\/wp-content\/uploads\/2019\/04\/vhrc2019m2-02-800x534.jpg 800w\" sizes=\"auto, (max-width: 667px) 100vw, 667px\" \/><\/a>\n\t\t\t<\/div><\/figure><figure class='gallery-item'>\n\t\t\t<div class='gallery-icon portrait'>\n\t\t\t\t<a href='https:\/\/vhrc.fr\/wp-content\/uploads\/2019\/04\/vhrc2019m2-03.jpg'><img loading=\"lazy\" decoding=\"async\" width=\"334\" height=\"445\" src=\"https:\/\/vhrc.fr\/wp-content\/uploads\/2019\/04\/vhrc2019m2-03.jpg\" class=\"attachment-colormag-featured-image size-colormag-featured-image\" alt=\"\" srcset=\"https:\/\/vhrc.fr\/wp-content\/uploads\/2019\/04\/vhrc2019m2-03.jpg 1200w, https:\/\/vhrc.fr\/wp-content\/uploads\/2019\/04\/vhrc2019m2-03-300x400.jpg 300w, https:\/\/vhrc.fr\/wp-content\/uploads\/2019\/04\/vhrc2019m2-03-768x1024.jpg 768w, https:\/\/vhrc.fr\/wp-content\/uploads\/2019\/04\/vhrc2019m2-03-600x800.jpg 600w\" sizes=\"auto, (max-width: 334px) 100vw, 334px\" \/><\/a>\n\t\t\t<\/div><\/figure><figure class='gallery-item'>\n\t\t\t<div class='gallery-icon landscape'>\n\t\t\t\t<a href='https:\/\/vhrc.fr\/wp-content\/uploads\/2019\/04\/vhrc2019m2-04.jpg'><img loading=\"lazy\" decoding=\"async\" width=\"668\" height=\"445\" src=\"https:\/\/vhrc.fr\/wp-content\/uploads\/2019\/04\/vhrc2019m2-04.jpg\" class=\"attachment-colormag-featured-image size-colormag-featured-image\" alt=\"\" srcset=\"https:\/\/vhrc.fr\/wp-content\/uploads\/2019\/04\/vhrc2019m2-04.jpg 1600w, https:\/\/vhrc.fr\/wp-content\/uploads\/2019\/04\/vhrc2019m2-04-400x267.jpg 400w, https:\/\/vhrc.fr\/wp-content\/uploads\/2019\/04\/vhrc2019m2-04-768x512.jpg 768w, https:\/\/vhrc.fr\/wp-content\/uploads\/2019\/04\/vhrc2019m2-04-800x533.jpg 800w\" sizes=\"auto, (max-width: 668px) 100vw, 668px\" \/><\/a>\n\t\t\t<\/div><\/figure><figure class='gallery-item'>\n\t\t\t<div class='gallery-icon landscape'>\n\t\t\t\t<a href='https:\/\/vhrc.fr\/wp-content\/uploads\/2019\/04\/vhrc2019m2-05.jpg'><img loading=\"lazy\" decoding=\"async\" width=\"667\" height=\"445\" src=\"https:\/\/vhrc.fr\/wp-content\/uploads\/2019\/04\/vhrc2019m2-05.jpg\" class=\"attachment-colormag-featured-image size-colormag-featured-image\" alt=\"\" srcset=\"https:\/\/vhrc.fr\/wp-content\/uploads\/2019\/04\/vhrc2019m2-05.jpg 1600w, https:\/\/vhrc.fr\/wp-content\/uploads\/2019\/04\/vhrc2019m2-05-400x267.jpg 400w, https:\/\/vhrc.fr\/wp-content\/uploads\/2019\/04\/vhrc2019m2-05-768x512.jpg 768w, https:\/\/vhrc.fr\/wp-content\/uploads\/2019\/04\/vhrc2019m2-05-800x534.jpg 800w\" sizes=\"auto, (max-width: 667px) 100vw, 667px\" \/><\/a>\n\t\t\t<\/div><\/figure><figure class='gallery-item'>\n\t\t\t<div class='gallery-icon landscape'>\n\t\t\t\t<a href='https:\/\/vhrc.fr\/wp-content\/uploads\/2019\/04\/vhrc2019m2-06.jpg'><img loading=\"lazy\" decoding=\"async\" width=\"667\" height=\"445\" src=\"https:\/\/vhrc.fr\/wp-content\/uploads\/2019\/04\/vhrc2019m2-06.jpg\" class=\"attachment-colormag-featured-image size-colormag-featured-image\" alt=\"\" srcset=\"https:\/\/vhrc.fr\/wp-content\/uploads\/2019\/04\/vhrc2019m2-06.jpg 1600w, https:\/\/vhrc.fr\/wp-content\/uploads\/2019\/04\/vhrc2019m2-06-400x267.jpg 400w, https:\/\/vhrc.fr\/wp-content\/uploads\/2019\/04\/vhrc2019m2-06-768x512.jpg 768w, https:\/\/vhrc.fr\/wp-content\/uploads\/2019\/04\/vhrc2019m2-06-800x534.jpg 800w\" sizes=\"auto, (max-width: 667px) 100vw, 667px\" \/><\/a>\n\t\t\t<\/div><\/figure><figure class='gallery-item'>\n\t\t\t<div class='gallery-icon landscape'>\n\t\t\t\t<a href='https:\/\/vhrc.fr\/wp-content\/uploads\/2019\/04\/vhrc2019m2-07.jpg'><img loading=\"lazy\" decoding=\"async\" width=\"668\" height=\"445\" src=\"https:\/\/vhrc.fr\/wp-content\/uploads\/2019\/04\/vhrc2019m2-07.jpg\" class=\"attachment-colormag-featured-image size-colormag-featured-image\" alt=\"\" srcset=\"https:\/\/vhrc.fr\/wp-content\/uploads\/2019\/04\/vhrc2019m2-07.jpg 1600w, https:\/\/vhrc.fr\/wp-content\/uploads\/2019\/04\/vhrc2019m2-07-400x267.jpg 400w, https:\/\/vhrc.fr\/wp-content\/uploads\/2019\/04\/vhrc2019m2-07-768x512.jpg 768w, https:\/\/vhrc.fr\/wp-content\/uploads\/2019\/04\/vhrc2019m2-07-800x533.jpg 800w\" sizes=\"auto, (max-width: 668px) 100vw, 668px\" \/><\/a>\n\t\t\t<\/div><\/figure><figure class='gallery-item'>\n\t\t\t<div class='gallery-icon landscape'>\n\t\t\t\t<a href='https:\/\/vhrc.fr\/wp-content\/uploads\/2019\/04\/vhrc2019m2-08.jpg'><img loading=\"lazy\" decoding=\"async\" width=\"668\" height=\"445\" src=\"https:\/\/vhrc.fr\/wp-content\/uploads\/2019\/04\/vhrc2019m2-08.jpg\" class=\"attachment-colormag-featured-image size-colormag-featured-image\" alt=\"\" srcset=\"https:\/\/vhrc.fr\/wp-content\/uploads\/2019\/04\/vhrc2019m2-08.jpg 1600w, https:\/\/vhrc.fr\/wp-content\/uploads\/2019\/04\/vhrc2019m2-08-400x267.jpg 400w, https:\/\/vhrc.fr\/wp-content\/uploads\/2019\/04\/vhrc2019m2-08-768x512.jpg 768w, https:\/\/vhrc.fr\/wp-content\/uploads\/2019\/04\/vhrc2019m2-08-800x533.jpg 800w\" sizes=\"auto, (max-width: 668px) 100vw, 668px\" \/><\/a>\n\t\t\t<\/div><\/figure><figure class='gallery-item'>\n\t\t\t<div class='gallery-icon landscape'>\n\t\t\t\t<a href='https:\/\/vhrc.fr\/wp-content\/uploads\/2019\/04\/vhrc2019m2-09.jpg'><img loading=\"lazy\" decoding=\"async\" width=\"667\" height=\"445\" src=\"https:\/\/vhrc.fr\/wp-content\/uploads\/2019\/04\/vhrc2019m2-09.jpg\" class=\"attachment-colormag-featured-image size-colormag-featured-image\" alt=\"\" srcset=\"https:\/\/vhrc.fr\/wp-content\/uploads\/2019\/04\/vhrc2019m2-09.jpg 1600w, https:\/\/vhrc.fr\/wp-content\/uploads\/2019\/04\/vhrc2019m2-09-400x267.jpg 400w, https:\/\/vhrc.fr\/wp-content\/uploads\/2019\/04\/vhrc2019m2-09-768x512.jpg 768w, https:\/\/vhrc.fr\/wp-content\/uploads\/2019\/04\/vhrc2019m2-09-800x534.jpg 800w\" sizes=\"auto, (max-width: 667px) 100vw, 667px\" \/><\/a>\n\t\t\t<\/div><\/figure><figure class='gallery-item'>\n\t\t\t<div class='gallery-icon landscape'>\n\t\t\t\t<a href='https:\/\/vhrc.fr\/wp-content\/uploads\/2019\/04\/vhrc2019m2-10.jpg'><img loading=\"lazy\" decoding=\"async\" width=\"668\" height=\"445\" src=\"https:\/\/vhrc.fr\/wp-content\/uploads\/2019\/04\/vhrc2019m2-10.jpg\" class=\"attachment-colormag-featured-image size-colormag-featured-image\" alt=\"\" srcset=\"https:\/\/vhrc.fr\/wp-content\/uploads\/2019\/04\/vhrc2019m2-10.jpg 1600w, https:\/\/vhrc.fr\/wp-content\/uploads\/2019\/04\/vhrc2019m2-10-400x267.jpg 400w, https:\/\/vhrc.fr\/wp-content\/uploads\/2019\/04\/vhrc2019m2-10-768x512.jpg 768w, https:\/\/vhrc.fr\/wp-content\/uploads\/2019\/04\/vhrc2019m2-10-800x533.jpg 800w\" sizes=\"auto, (max-width: 668px) 100vw, 668px\" \/><\/a>\n\t\t\t<\/div><\/figure><figure class='gallery-item'>\n\t\t\t<div class='gallery-icon portrait'>\n\t\t\t\t<a href='https:\/\/vhrc.fr\/wp-content\/uploads\/2019\/04\/vhrc2019m2-11.jpg'><img loading=\"lazy\" decoding=\"async\" width=\"332\" height=\"445\" src=\"https:\/\/vhrc.fr\/wp-content\/uploads\/2019\/04\/vhrc2019m2-11.jpg\" class=\"attachment-colormag-featured-image size-colormag-featured-image\" alt=\"\" srcset=\"https:\/\/vhrc.fr\/wp-content\/uploads\/2019\/04\/vhrc2019m2-11.jpg 1194w, https:\/\/vhrc.fr\/wp-content\/uploads\/2019\/04\/vhrc2019m2-11-299x400.jpg 299w, https:\/\/vhrc.fr\/wp-content\/uploads\/2019\/04\/vhrc2019m2-11-768x1029.jpg 768w, https:\/\/vhrc.fr\/wp-content\/uploads\/2019\/04\/vhrc2019m2-11-597x800.jpg 597w\" sizes=\"auto, (max-width: 332px) 100vw, 332px\" \/><\/a>\n\t\t\t<\/div><\/figure>\n\t\t<\/div>","protected":false},"excerpt":{"rendered":"<p>2e manche du challenge Manche 2 : VHRC 2019 &#8211; Beaumont Monteux &nbsp; Pour cette seconde manche du VHRC 2019,<\/p>","protected":false},"author":5,"featured_media":7635,"parent":8694,"menu_order":0,"comment_status":"closed","ping_status":"closed","template":"","meta":{"colormag_page_container_layout":"default_layout","colormag_page_sidebar_layout":"default_layout","footnotes":""},"class_list":["post-8726","page","type-page","status-publish","has-post-thumbnail","hentry"],"_links":{"self":[{"href":"https:\/\/vhrc.fr\/en\/wp-json\/wp\/v2\/pages\/8726","targetHints":{"allow":["GET"]}}],"collection":[{"href":"https:\/\/vhrc.fr\/en\/wp-json\/wp\/v2\/pages"}],"about":[{"href":"https:\/\/vhrc.fr\/en\/wp-json\/wp\/v2\/types\/page"}],"author":[{"embeddable":true,"href":"https:\/\/vhrc.fr\/en\/wp-json\/wp\/v2\/users\/5"}],"replies":[{"embeddable":true,"href":"https:\/\/vhrc.fr\/en\/wp-json\/wp\/v2\/comments?post=8726"}],"version-history":[{"count":5,"href":"https:\/\/vhrc.fr\/en\/wp-json\/wp\/v2\/pages\/8726\/revisions"}],"predecessor-version":[{"id":8878,"href":"https:\/\/vhrc.fr\/en\/wp-json\/wp\/v2\/pages\/8726\/revisions\/8878"}],"up":[{"embeddable":true,"href":"https:\/\/vhrc.fr\/en\/wp-json\/wp\/v2\/pages\/8694"}],"wp:featuredmedia":[{"embeddable":true,"href":"https:\/\/vhrc.fr\/en\/wp-json\/wp\/v2\/media\/7635"}],"wp:attachment":[{"href":"https:\/\/vhrc.fr\/en\/wp-json\/wp\/v2\/media?parent=8726"}],"curies":[{"name":"wp","href":"https:\/\/api.w.org\/{rel}","templated":true}]}}