{"id":873,"date":"2010-06-13T20:34:33","date_gmt":"2010-06-13T19:34:33","guid":{"rendered":"http:\/\/vhrc.fr\/?page_id=873"},"modified":"2017-03-29T18:42:18","modified_gmt":"2017-03-29T17:42:18","slug":"v-w-flat-%e2%80%a6-yankee-%c2%bc-du-%c2%ab-tonnerre-%c2%bb","status":"publish","type":"page","link":"https:\/\/vhrc.fr\/en\/voitures\/yankee\/v-w-flat-%e2%80%a6-yankee-%c2%bc-du-%c2%ab-tonnerre-%c2%bb\/","title":{"rendered":"VW COX flat"},"content":{"rendered":"<h1>YANKEE \u00bc du \u00ab TONNERRE \u00bb !<\/h1>\n<h1><\/h1>\n<h1>Ouvrons une page d\u2019histoire automobile.<\/h1>\n<p>Un homme de g\u00e9nie, \u00ab FERDINAND PORSCHE \u00bb Inventa la<\/p>\n<p>Coccinelle en 1938 ,lorsqu\u2019il jeta sur sa table \u00e0 dessin les premiers traits de celle-ci qui devait devenir<\/p>\n<p>La voiture du peuple.<\/p>\n<p>Il n\u2019imaginait pas ,que la coccinelle baptis\u00e9e ainsi en France de par ses formes arrondies et<\/p>\n<p>Sa bouille si caract\u00e9ristique deviendrait une star mondiale. .<\/p>\n<p>[singlepic id=949 w=800 h=600 float=]<\/p>\n<h1>En 1991 YANKEE nous Offre le FLAT \u00bc\u2026<\/h1>\n<p>Sous un aspect trapu, se d\u00e9gage une allure de bombinette, rondouillarde attachante !<\/p>\n<p>Les volont\u00e9s techniques de l\u2019\u00e9poque faisaient ressortir,une auto \u00e0 caract\u00e8re de loisir :un acc\u00e8s m\u00e9canique rapide et facile,Un moteur M15 de conception et fabrication Yankee,le ch\u00e2ssis de 4mm alu fait son apparition ,peu d\u2019entretien, un prix raisonnable afin de d\u00e9buter dans l\u2019\u00e9chelle \u00bc sans soucis.<\/p>\n<p>[singlepic id=950 w=320 h=240 float=]<\/p>\n<p>Pour les plus exigeants la banque de pi\u00e8ces yankee d\u00e9j\u00e0 existantes, ou l\u2019on trouvait toutes sortes d\u2019options afin de faire de ce mod\u00e8le une auto de course .<\/p>\n<p>La monte pneumatique,donne des jantes larges \u00e0 d\u00e9port int\u00e9rieur \u00e0 l\u2019arri\u00e8re et \u00e9troit \u00e0 l\u2019avant en diam\u00e8tre \u2026 150. Des enjoliveurs BBS viennent embellir les jantes monobloc 5 branches.<\/p>\n<p>Le poids de l\u2019auto 10kg a sec\u2026\u2026\u2026Un point faible le freinage , les deux petits disques ont du mal a arr\u00eater l\u2019insecte !<\/p>\n<p>[singlepic id=953 w=320 h=240 float=]<\/p>\n<p>Un peu sou-vireuse,cela n\u2019emp\u00eache pas d\u2019attaquer ,de la faire glisser un r\u00e9gal dans le sinueux,le M15 a des acc\u00e9l\u00e9rations franches. R\u00e9gl\u00e9e dure en suspension,et surbaiss\u00e9e au maximum un r\u00e9gal dans un look d\u2019enfer\u2026\u2026.elle avale le bitume en faisant du spectacle. Que du plaisir !<\/p>\n<p>La D\u00e9co peinture est l\u2019\u0153uvre de \u00ab EIGHTMAN \u00bb (RCbodyShop.fr) le roi de l\u2019A\u00e9ro !<\/p>\n<p>[singlepic id=951 w=320 h=240 float=]<\/p>\n<p>LUGIA.<\/p>\n<h1>les \u00e9tapes de la restauration:<\/h1>\n<p>[foldergallery folder=\u00a0\u00bbwp-content\/gallery\/cox-flat\u00a0\u00bb title=\u00a0\u00bbgalerie photo\u00a0\u00bb]41<\/p>\n<h2>une autre gallerie<\/h2>\n<p>[foldergallery folder=\u00a0\u00bbwp-content\/gallery\/cox-2&Prime; title=\u00a0\u00bbgalerie photo\u00a0\u00bb]61<\/p>\n","protected":false},"excerpt":{"rendered":"<p>YANKEE \u00bc du \u00ab TONNERRE \u00bb ! Ouvrons une page d\u2019histoire automobile. Un homme de g\u00e9nie, \u00ab FERDINAND PORSCHE \u00bb<\/p>","protected":false},"author":5,"featured_media":980,"parent":183,"menu_order":0,"comment_status":"open","ping_status":"open","template":"","meta":{"colormag_page_container_layout":"default_layout","colormag_page_sidebar_layout":"default_layout","footnotes":""},"class_list":["post-873","page","type-page","status-publish","has-post-thumbnail","hentry"],"_links":{"self":[{"href":"https:\/\/vhrc.fr\/en\/wp-json\/wp\/v2\/pages\/873","targetHints":{"allow":["GET"]}}],"collection":[{"href":"https:\/\/vhrc.fr\/en\/wp-json\/wp\/v2\/pages"}],"about":[{"href":"https:\/\/vhrc.fr\/en\/wp-json\/wp\/v2\/types\/page"}],"author":[{"embeddable":true,"href":"https:\/\/vhrc.fr\/en\/wp-json\/wp\/v2\/users\/5"}],"replies":[{"embeddable":true,"href":"https:\/\/vhrc.fr\/en\/wp-json\/wp\/v2\/comments?post=873"}],"version-history":[{"count":9,"href":"https:\/\/vhrc.fr\/en\/wp-json\/wp\/v2\/pages\/873\/revisions"}],"predecessor-version":[{"id":7905,"href":"https:\/\/vhrc.fr\/en\/wp-json\/wp\/v2\/pages\/873\/revisions\/7905"}],"up":[{"embeddable":true,"href":"https:\/\/vhrc.fr\/en\/wp-json\/wp\/v2\/pages\/183"}],"wp:featuredmedia":[{"embeddable":true,"href":"https:\/\/vhrc.fr\/en\/wp-json\/wp\/v2\/media\/980"}],"wp:attachment":[{"href":"https:\/\/vhrc.fr\/en\/wp-json\/wp\/v2\/media?parent=873"}],"curies":[{"name":"wp","href":"https:\/\/api.w.org\/{rel}","templated":true}]}}